{"id":43052,"date":"2025-08-16T17:20:26","date_gmt":"2025-08-16T20:20:26","guid":{"rendered":"https:\/\/portifolioos-prontos.com\/?post_type=product&#038;p=43052"},"modified":"2025-10-11T14:18:26","modified_gmt":"2025-10-11T17:18:26","slug":"aula-pratica-fundamentos-de-fisica","status":"publish","type":"product","link":"https:\/\/portifolioos-prontos.com\/index.php\/product\/aula-pratica-fundamentos-de-fisica\/","title":{"rendered":"Aula Pr\u00e1tica Fundamentos de F\u00edsica"},"content":{"rendered":"<h4>Aula Pr\u00e1tica Fundamentos de F\u00edsica<\/h4>\n<p>ROTEIRO DE AULA PR\u00c1TICA<br \/>\nFUNDAMENTOS DE F\u00cdSICA<br \/>\nOBJETIVOS<br \/>\nDefini\u00e7\u00e3o dos objetivos da aula pr\u00e1tica:<br \/>\nNessa aula pr\u00e1tica abrangeremos os seguintes temas: conserva\u00e7\u00e3o de energia, energia cin\u00e9tica,<br \/>\nenergia potencial, energia t\u00e9rmica, fric\u00e7\u00e3o (atrito), entre outros.<br \/>\nNossos objetivos de aprendizagem s\u00e3o:<br \/>\n1. Explicar o conceito de Conserva\u00e7\u00e3o de Energia Mec\u00e2nica usando energia cin\u00e9tica, energia<br \/>\npotencial gravitacional e energia t\u00e9rmica.<br \/>\n2. Descrever como a altera\u00e7\u00e3o da massa, fric\u00e7\u00e3o ou gravidade afeta a energia do skatista.<br \/>\n3. Descrever o que ocorre com a energia no sistema quando a altura de refer\u00eancia muda.<br \/>\nRESULTADO DE APRENDIZAGEM:<br \/>\nUTILIZANDO O SIMULADOR PHET PARA O ESTUDO DA CONSERVA\u00c7\u00c3O DE ENERGIA<br \/>\nO PhET (Interactive Simulations) da Universidade do Colorado oferece simula\u00e7\u00f5es de ci\u00eancia e<br \/>\nmatem\u00e1tica divertidas, gratuitas, interativas e baseadas em pesquisa. Cada simula\u00e7\u00e3o \u00e9 testada<br \/>\ne avaliada extensivamente para garantir a efic\u00e1cia educacional. Esses testes incluem entrevistas<br \/>\ncom alunos e observa\u00e7\u00e3o do uso da simula\u00e7\u00e3o em salas de aula. As simula\u00e7\u00f5es s\u00e3o escritas em<br \/>\nHTML5 (com algumas simula\u00e7\u00f5es legadas em Java ou Flash) e podem ser executadas online ou<br \/>\nbaixadas para o seu computador. Todas as simula\u00e7\u00f5es s\u00e3o de c\u00f3digo aberto. As simula\u00e7\u00f5es<br \/>\nHTML5 podem ser executadas em sistemas iPads, Chromebooks, PC, Mac e Linux.<br \/>\nNessa etapa de nossa aula atividade, voc\u00ea ir\u00e1 trabalhar com o simulador \u201cEnergia na pista de<br \/>\nskate\u201d (figura abaixo) o qual aborda um tema muito importante na F\u00edsica: a lei de conserva\u00e7\u00e3o de<br \/>\nenergia mec\u00e2nica.<br \/>\nO ALUNO DEVER\u00c1 ENTREGAR UM TEXTO SOBRE OS RESULTADOS ENCONTRADOS<br \/>\nO Princ\u00edpio de Conserva\u00e7\u00e3o de Energia \u00e9 uma das leis fundamentais da f\u00edsica e afirma que:<br \/>\n&#8220;A energia n\u00e3o pode ser criada nem destru\u00edda, apenas transformada de uma forma em outra.&#8221;<br \/>\nExplicando: Em um sistema isolado (ou seja, sem trocas de energia com o ambiente), a quantidade<br \/>\ntotal de energia permanece constante ao longo do tempo. Isso significa que toda energia que entra ou<br \/>\nsai do sistema aparece em outra forma \u2014 nunca desaparece.<br \/>\nExemplos de Transforma\u00e7\u00f5es de Energia:<br \/>\n\u2022 Mec\u00e2nica em T\u00e9rmica: Quando voc\u00ea freia um carro, a energia cin\u00e9tica se transforma em<br \/>\ncalor nos freios.<br \/>\n\u2022 Qu\u00edmica em El\u00e9trica: Em uma bateria, rea\u00e7\u00f5es qu\u00edmicas geram corrente el\u00e9trica.<br \/>\n\u2022 El\u00e9trica em Luminosa: Em uma l\u00e2mpada, a eletricidade se transforma em luz (e tamb\u00e9m<br \/>\nem calor).<br \/>\nP\u00fablico3<br \/>\n\u2022 Potencial em Cin\u00e9tica: Ao soltar um objeto em queda, a energia potencial gravitacional<br \/>\nse transforma em energia cin\u00e9tica.<br \/>\nCOMO ACESSAR O SIMULADOR<br \/>\n1. Para acessar o simulador PhET \u201cEnergia na Pista de Skate\u201d \u00e9 necess\u00e1rio acessar o link<br \/>\nhttps:\/\/phet.colorado.edu\/pt_BR\/simulations\/energy-skate-park ou<br \/>\nhttps:\/\/phet.colorado.edu\/pt_BR\/.<br \/>\n2. Clique na seta mostrada para ter acesso ao simulador.<br \/>\n3. Clique duas vezes em \u201cMedi\u00e7\u00f5es\u201d.<br \/>\n4. A figura abaixo mostra o simulador.<br \/>\nMENUS DO SIMULADOR \u201cENERGIA NA PISTA DE SKATE<br \/>\nP\u00fablico4<br \/>\n1. No canto inferior esquerdo, selecione a op\u00e7\u00e3o \u201cGrade\u201d. A grade lhe auxiliar\u00e1 a encontrar o<br \/>\nvalor da altura em que o skatista estar\u00e1 durante seu movimento.<br \/>\n2. No quadro da direita, selecione \u201cGr\u00e1fico Setorial\u201d. Essa op\u00e7\u00e3o permite que um gr\u00e1fico (do<br \/>\ntipo pizza) apare\u00e7a, juntamente com o skatista em movimento, onde ser\u00e3o mostradas as<br \/>\nparcelas de energia cin\u00e9tica, energia potencial, energia t\u00e9rmica e energia total. Do lado<br \/>\nsuperior esquerdo est\u00e1 a legenda.<br \/>\n3. No quadro da direita, selecione \u201cRapidez\u201d. Ao selecionar essa op\u00e7\u00e3o, aparecer\u00e1 um tipo de<br \/>\nveloc\u00edmetro onde ser\u00e1 mostrada a velocidade do skatista durante seu movimento.<br \/>\nP\u00fablico5<br \/>\n4. No quadro da direita, clique com o mouse no cron\u00f4metro e, mantendo a tecla esquerda do<br \/>\nmouse apertada, posicione o cron\u00f4metro como na figura abaixo.<br \/>\n5. No quadro da direita, h\u00e1 uma op\u00e7\u00e3o que permite que voc\u00ea escolha o tipo de pista a ser<br \/>\nutilizada.<br \/>\nP\u00fablico6<br \/>\n6. No quadro da direita, na op\u00e7\u00e3o \u201cAtrito\u201d, voc\u00ea pode escolher se haver\u00e1 ou n\u00e3o atrito entre as<br \/>\nrodas do skate e a pista.<br \/>\n7. No quadro da direita, na op\u00e7\u00e3o \u201cGravidade\u201d, voc\u00ea pode escolher o valor da acelera\u00e7\u00e3o da<br \/>\ngravidade que estar\u00e1 agindo sobre o skatista.<br \/>\n8. No quadro da direita, na op\u00e7\u00e3o \u201cMassa\u201d, voc\u00ea pode escolher o valor da massa do skatista.<br \/>\nP\u00fablico7<br \/>\n9. No canto superior esquerdo (em roxo) h\u00e1 um medidor dos tipos de energia que est\u00e3o agindo<br \/>\nno sistema. O terminal deve ser posicionado na pista. Para tanto, clique no terminal com<br \/>\no bot\u00e3o esquerdo do mouse e, sem soltar o bot\u00e3o, posicione-o no local em que voc\u00ea quer<br \/>\nmedir as energias. Durante o movimento do skatista, quando ele passar pelo ponto marcado,<br \/>\nvoc\u00ea poder\u00e1 obter: o valor da velocidade, o valor da altura e os valores das energias.<br \/>\n7<br \/>\n10. Clicando no skatista com o bot\u00e3o esquerdo do mouse e, sem soltar o bot\u00e3o, voc\u00ea consegue<br \/>\nposicion\u00e1-lo na pista. Quando o skatista estiver na pista, aparecer\u00e1 o gr\u00e1fico setorial<br \/>\njuntamente com ele.<br \/>\n11. Para come\u00e7ar o movimento do skatista, basta acessar o menu inferior central . Nesse<br \/>\nmenu voc\u00ea poder\u00e1 escolher se quer que o movimento seja mostrado lentamente ou mais<br \/>\nrapidamente. O ideal para obter os dados \u00e9 a escolha do movimento lento. Voc\u00ea poder\u00e1<br \/>\npausar o movimento quando voc\u00ea quiser.<br \/>\nP\u00fablico8<br \/>\n12. Exemplo:<br \/>\n13. Para voltar \u00e0 configura\u00e7\u00e3o inicial, basta clicar em (canto inferior direito do simulador).<br \/>\nPROCEDIMENTOS PR\u00c1TICOS E APLICA\u00c7\u00d5ES<br \/>\nProcedimento\/Atividade n\u00b0 1: Conserva\u00e7\u00e3o de energia em um sistema.<br \/>\nAvaliado os resultado<br \/>\n(1) Posicione o terminal do menu energia em 5 pontos da pista e preencha a tabela abaixo.<br \/>\nConsidere \ud835\udc5a\ud835\udc60\ud835\udc58\ud835\udc4e\ud835\udc61\ud835\udc56\ud835\udc60\ud835\udc61\ud835\udc4e = 60 \ud835\udc58\ud835\udc54, \ud835\udc54 = 9,8 \ud835\udc5a\/\ud835\udc60<br \/>\n2 e atrito nulo.<br \/>\nTabela 1.1 \u2013 Dados obtidos pelo simulador (\ud835\udc5a\ud835\udc60\ud835\udc58\ud835\udc4e\ud835\udc61\ud835\udc56\ud835\udc60\ud835\udc61\ud835\udc4e = 60 \ud835\udc58\ud835\udc54)<br \/>\nP\u00fablico9<br \/>\n\ud835\udc89 (\ud835\udc8e) \ud835\udc97 (\ud835\udc8e\/\ud835\udc94) \ud835\udc72 (\ud835\udc71) \ud835\udc7c (\ud835\udc71) \ud835\udc6c (\ud835\udc71)<br \/>\nsendo: \u210e a altura em metros; \ud835\udc63 a velocidade (rapidez) em m\/s; \ud835\udc3e a energia cin\u00e9tica em Joule; \ud835\udc48 a<br \/>\nenergia potencial gravitacional em Joule e \ud835\udc38 a energia total (\ud835\udc38 = \ud835\udc3e + \ud835\udc48) em Joule.<br \/>\nAnalise a \u00faltima tabela, est\u00e1 reportando algum princ\u00edpio da f\u00edsica? Considerando os dados de altura<br \/>\ne de velocidade da tabela, fa\u00e7a uma tabela com dados calculados dos valores de \ud835\udc3e, \ud835\udc48 e \ud835\udc38 utilizando<br \/>\nas f\u00f3rmulas te\u00f3ricas.<br \/>\nPROCEDIMENTOS PR\u00c1TICOS E APLICA\u00c7\u00d5ES<br \/>\nProcedimento\/Atividade n\u00b0 2: Conserva\u00e7\u00e3o de energia em um sistema.<br \/>\nProposta: Analisar o movimento de um skatista numa pista com atrito<br \/>\n(2.1) Considerando os dados de altura e velocidade da Tabela 1, fa\u00e7a uma Tabela 2 com dados<br \/>\ncalculados dos valores de \ud835\udc3e, \ud835\udc48 e \ud835\udc38 utilizando as f\u00f3rmulas te\u00f3ricas. Verifique se h\u00e1 as discrep\u00e2ncias<br \/>\nentre dados obtidos (Tabela 1.1) e os dados calculados (Tabela 2.1). O aluno dever\u00e1 apresentar a<br \/>\nseguinte tabela. Justifique sua resposta.<br \/>\nFormul\u00e1rio:<br \/>\n\ud835\udc3e =<br \/>\n1<br \/>\n2<br \/>\n\ud835\udc5a\ud835\udc63<br \/>\n2<br \/>\n\ud835\udc48 = \ud835\udc5a\ud835\udc54\u210e<br \/>\n\ud835\udc38 = \ud835\udc3e + \ud835\udc48<br \/>\n\ud835\udf0e\ud835\udc5f = |<br \/>\n\ud835\udc49\ud835\udc5a\ud835\udc52\ud835\udc51\ud835\udc56\ud835\udc51\ud835\udc5c \u2212 \ud835\udc49\ud835\udc50\ud835\udc4e\ud835\udc59\ud835\udc50\ud835\udc62\ud835\udc59\ud835\udc4e\ud835\udc51\ud835\udc5c<br \/>\n\ud835\udc49\ud835\udc5a\ud835\udc52\ud835\udc51\ud835\udc56\ud835\udc51\ud835\udc5c<br \/>\n| \u2217 100 \uf0f0 <a href=\"http:\/\/portfolio-pronto.com\">(<\/a>\ud835\udc52\ud835\udc5f\ud835\udc5f\ud835\udc5c \ud835\udc5f\ud835\udc52\ud835\udc59\ud835\udc4e\ud835\udc61\ud835\udc56\ud835\udc63\ud835\udc5c)<br \/>\nTabela 2.1 \u2013 Dados coletados atrav\u00e9s do simulador (\ud835\udc5a\ud835\udc60\ud835\udc58\ud835\udc4e\ud835\udc61\ud835\udc56\ud835\udc60\ud835\udc61\ud835\udc4e = 60 \ud835\udc58\ud835\udc54)<br \/>\n\ud835\udc89 (\ud835\udc8e) \ud835\udc97 (\ud835\udc8e\/\ud835\udc94) \ud835\udc72 (\ud835\udc71) \ud835\udc7c (\ud835\udc71) \ud835\udc6c (\ud835\udc71) \ud835\udf48\ud835\udc72 (\ud835\udc71) \ud835\udf48\ud835\udc7c(\ud835\udc71)<br \/>\nsendo: \u210e a altura em metros; \ud835\udc63 a velocidade (rapidez) em m\/s; \ud835\udc3e a energia cin\u00e9tica em Joule; \ud835\udc48 a<br \/>\nenergia potencial gravitacional em Joule e \ud835\udc38 a energia total (\ud835\udc38 = \ud835\udc3e + \ud835\udc48 + \ud835\udc38\ud835\udc47) em Joule.<br \/>\nPara verificar as discrep\u00e2ncias entre dados obtidos (Tabela 1.1) e os dados calculados (Tabela<br \/>\nConsiderando os dados de altura (2.2) e velocidade da tabela (2.2), recalcule os valores de \ud835\udc3e e \ud835\udc48,<br \/>\nutilizando as f\u00f3rmulas te\u00f3ricas. Compare os valores das colunas duas \u00faltimas e calcule o erro<br \/>\nrelativo percentual para \ud835\udc3e e \ud835\udc48.<br \/>\nP\u00fablico10<br \/>\nPROCEDIMENTOS PR\u00c1TICOS E APLICA\u00c7\u00d5ES<br \/>\nProcedimento\/Atividade n\u00b0 3: Conserva\u00e7\u00e3o de energia em um sistema.<br \/>\nProposta: Analisar o movimento de um skatista numa pista com atrito<br \/>\n(3.1) Posicione o terminal do menu energia em 5 pontos da pista e preencha a tabela abaixo.<br \/>\nConsidere \ud835\udc5a = 60 \ud835\udc58\ud835\udc54, \ud835\udc54 = 9,8 \ud835\udc5a\/\ud835\udc60<br \/>\n2 e atrito n\u00e3o nulo.<br \/>\nTabela 3.1 \u2013 Dados coletados<br \/>\n\ud835\udc89 (\ud835\udc8e) \ud835\udc97 (\ud835\udc8e\/\ud835\udc94) \ud835\udc72 (\ud835\udc71) \ud835\udc7c (\ud835\udc71) \ud835\udc6c\ud835\udc7b<br \/>\n(\ud835\udc71) \ud835\udc6c (\ud835\udc71)<br \/>\nsendo: \u210e a altura em metros; \ud835\udc63 a velocidade (rapidez) em m\/s; \ud835\udc3e a energia cin\u00e9tica em Joule; \ud835\udc48 a<br \/>\nenergia potencial gravitacional em Joule; \ud835\udc38\ud835\udc47 a energia t\u00e9rmica em Joule e \ud835\udc38 a energia total (\ud835\udc38 =<br \/>\n\ud835\udc3e + \ud835\udc48 + \ud835\udc38\ud835\udc47) em Joule.<br \/>\nObserva\u00e7\u00e3o: os valores de \u210e e \ud835\udc63 devem ser iguais aos valores apresentados na Tabela 1.1.<br \/>\n(2.2) Considerando os dados de altura e velocidade da tabela 3,1, recalcule os valores de \ud835\udc3e e \ud835\udc48,<br \/>\nutilizando as f\u00f3rmulas te\u00f3ricas. Compare os valores das tabelas 4 e 5 e calcule o erro relativo percentual<br \/>\npara \ud835\udc3e e \ud835\udc48.<br \/>\nFormul\u00e1rio:<br \/>\n\ud835\udc3e =<br \/>\n1<br \/>\n2<br \/>\n\ud835\udc5a\ud835\udc63<br \/>\n2<br \/>\n\ud835\udc48 = \ud835\udc5a\ud835\udc54\u210e<br \/>\n\ud835\udf0e\ud835\udc5f = |<br \/>\n\ud835\udc49\ud835\udc5a\ud835\udc52\ud835\udc51\ud835\udc56\ud835\udc51\ud835\udc5c \u2212 \ud835\udc49\ud835\udc50\ud835\udc4e\ud835\udc59\ud835\udc50\ud835\udc62\ud835\udc59\ud835\udc4e\ud835\udc51\ud835\udc5c<br \/>\n\ud835\udc49\ud835\udc5a\ud835\udc52\ud835\udc51\ud835\udc56\ud835\udc51\ud835\udc5c<br \/>\n| \u2217 100<br \/>\nTabela 4.1 \u2013 Dados calculados (60 \ud835\udc3e\ud835\udc3a)<br \/>\n\ud835\udc89 (\ud835\udc8e) \ud835\udc97 (\ud835\udc8e\/\ud835\udc94) \ud835\udc72 (\ud835\udc71) \ud835\udc7c (\ud835\udc71)<br \/>\nTabela 6 \u2013 Erros relativos<br \/>\n\ud835\udf48\ud835\udc72 (\ud835\udc71) \ud835\udf48\ud835\udc7c (\ud835\udc71) \ud835\udf48\ud835\udc72 (\ud835\udc71) \ud835\udf48\ud835\udc7c (\ud835\udc71)<br \/>\nP\u00fablico11<br \/>\nAvaliando os resultados<br \/>\n(1) An\u00e1lise do comportamento do movimento do skatista numa pista sem atrito. Considere<br \/>\n\ud835\udc8e\ud835\udc94\ud835\udc8c\ud835\udc82\ud835\udc95\ud835\udc8a\ud835\udc94\ud835\udc95\ud835\udc82 = \ud835\udfd4\ud835\udfce \ud835\udc8c\ud835\udc88, \ud835\udc88 = \ud835\udfd7, \ud835\udfd6 \ud835\udc8e\/\ud835\udc94<br \/>\n\ud835\udfd0 e atrito n\u00e3o-nulo.<br \/>\nOs dados da Tabela 1.1 referente \u00e0 an\u00e1lise do comportamento do movimento do skatista numa pista<br \/>\nsem atrito, ilustra qual princ\u00edpio da F\u00edsica? Justifique sua resposta, enunciando-o.<br \/>\nUsando os dados da Tabela 1.1, fa\u00e7a os gr\u00e1ficos: \ud835\udc3e \u00d7 \ud835\udc63 e \ud835\udc48 \u00d7 \u210e.<br \/>\nO que significa cada gr\u00e1fico?<br \/>\nE os gr\u00e1ficos \ud835\udc3e \u00d7 <a href=\"http:\/\/portifolioos-prontos.com\">\ud835\udc63<\/a><br \/>\n2 e \ud835\udc48 \u00d7 \u210e.<br \/>\n(2) An\u00e1lise do comportamento do movimento do skatista numa pista sem atrito. Considere<br \/>\n\ud835\udc8e\ud835\udc94\ud835\udc8c\ud835\udc82\ud835\udc95\ud835\udc8a\ud835\udc94\ud835\udc95\ud835\udc82 = \ud835\udfd4\ud835\udfce \ud835\udc8c\ud835\udc88, \ud835\udc88 = \ud835\udfd7, \ud835\udfd6 \ud835\udc8e\/\ud835\udc94<br \/>\n\ud835\udfd0 e atrito n\u00e3o-nulo.<br \/>\nConsiderando os dados de altura e velocidade da Tabela 1.1, fa\u00e7a uma Tabela 2.1 com dados<br \/>\ncalculados dos valores de \ud835\udc3e, \ud835\udc48 e \ud835\udc38 utilizando as f\u00f3rmulas te\u00f3ricas. Compare os valores das tabelas<br \/>\n1 e 2 e calcule o erro relativo percentual para \ud835\udc3e e \ud835\udc48 mostrados.<br \/>\nTabela 3.1 \u2013 Erros relativos.<br \/>\n\ud835\udf48\ud835\udc72 (\ud835\udc71) \ud835\udf48\ud835\udc7c (\ud835\udc71)<br \/>\nQuais as conclus\u00f5es que podem ser tiradas da Tabela 3.<br \/>\n(3) An\u00e1lise do comportamento do movimento do skatista para diferentes massas.<br \/>\nAnalise o movimento de um skatista numa pista sem atrito, considerando a massa do skatista igual<br \/>\na 100 \ud835\udc58\ud835\udc54.<br \/>\nCompare os valores obtidos com os da Tabela 1 (\ud835\udc5a\ud835\udc60\ud835\udc58\ud835\udc4e\ud835\udc61\ud835\udc56\ud835\udc60\ud835\udc61\ud835\udc4e 60 \ud835\udc58\ud835\udc54).<br \/>\nTabela 4 1 \u2013 Dados calculados<br \/>\n\ud835\udc89 (\ud835\udc8e) \ud835\udc97 (\ud835\udc8e\/\ud835\udc94) \ud835\udc72 (\ud835\udc71) \ud835\udc7c (\ud835\udc71) \ud835\udc6c(\ud835\udc71)<br \/>\nP\u00fablico12<br \/>\n(4) An\u00e1lise do comportamento do movimento do skatista para diferentes acelera\u00e7\u00f5es da<br \/>\ngravidade.<br \/>\nRefa\u00e7a a etapa 1.1 (an\u00e1lise do movimento de um skatista numa pista sem atrito) considerando a<br \/>\nacelera\u00e7\u00e3o da gravidade na Lua.<br \/>\nCompare os valores obtidos com os da Tabela 1.<br \/>\nTabela 5 \u2013 Dados calculados<br \/>\n\ud835\udc89 (\ud835\udc8e) \ud835\udc97 (\ud835\udc8e\/\ud835\udc94) \ud835\udc72 (\ud835\udc71) \ud835\udc7c (\ud835\udc71) \ud835\udf48\ud835\udc72 (\ud835\udc71) \ud835\udf48\ud835\udc7c (\ud835\udc71)<br \/>\n(5) An\u00e1lise dos resultados dos passos (1) a (4)<br \/>\nFa\u00e7a uma an\u00e1lise dos dados obtidos tendo como base a teoria sobre Conserva\u00e7\u00e3o de Energia e os<br \/>\nexemplos de aprendizagem do simulador.<br \/>\nCHECKLIST<br \/>\n\u2713 Acessar o site https:\/\/phet.colorado.edu\/pt_BR\/;<br \/>\n\u2713 Clicar no link do experimento ENERGIA NA PISTA DE SKATE;<br \/>\n\u2713 Realizar com aten\u00e7\u00e3o os passos que devem ser seguidos para que o simulador tenha todos<br \/>\ninstrumentos de medida;<br \/>\n\u2713 Coletar os dados fornecidos pelo simulador considerando o movimento de um skatista numa<br \/>\npista sem atrito e comparar esses dados com os obtidos utilizando as f\u00f3rmulas aprendidas na<br \/>\ndisciplina. Comparar esses dados para verificar se h\u00e1 algum erro envolvido na atividade;<br \/>\n\u2713 Coletar os dados fornecidos pelo simulador considerando o movimento de um skatista numa<br \/>\npista com atrito e comparar esses dados com os obtidos utilizando as f\u00f3rmulas aprendidas na<br \/>\ndisciplina. Comparar esses dados para verificar se h\u00e1 algum erro envolvido na atividade;<br \/>\n\u2713 Analisar o comportamento do movimento do skatista para diferentes massas. Comparar os<br \/>\nvalores obtidos com os da Tabela 1;<br \/>\n\u2713 Analisar o comportamento do movimento do skatista considerando a acelera\u00e7\u00e3o da gravidade<br \/>\nna Lua. Comparar com os valores obtidos com os da Tabela 1;<br \/>\n\u2713 Avaliar os resultados.<br \/>\nRESULTADOS<br \/>\nResultados do experimento:<br \/>\nP\u00fablico13<br \/>\nEscreva um texto contendo as informa\u00e7\u00f5es obtidas nos experimentos, os c\u00e1lculos realizados, em<br \/>\nconjunto com um texto conclusivo a respeito das informa\u00e7\u00f5es obtidas. O arquivo n\u00e3o pode<br \/>\nexceder o tamanho de 2Mb e deve ser enviado.<br \/>\nInclua refer\u00eancias bibliogr\u00e1ficas ABNT (quando houver).<br \/>\nResultados de Aprendizagem:<br \/>\nInclua no seu texto os conceitos de transforma\u00e7\u00e3o de energia; enuncie o princ\u00edpio de conserva\u00e7\u00e3o<br \/>\nde energia e sua f\u00f3rmula geral. Tamb\u00e9m inclua algumas aplica\u00e7\u00f5es na engenharia, energia<br \/>\nsustent\u00e1vel, entre outras.<br \/>\nO Uso de simuladores para potencializar a aprendizagem no ensino de F\u00edsica.<br \/>\nFa\u00e7a um pequeno texto sobre ao estudo do uso de simuladores para potencializar a aprendizagem<br \/>\nno ensino de F\u00edsica. Para tanto, baixe o artigo \u201dSimuladores em aulas de F\u00edsica: quando utilizar?\u201d<br \/>\ne fa\u00e7a uma leitura cr\u00edtica do mesmo. )https:\/\/portal.amelica.org\/ameli\/journal\/509\/5092220023\/html\/)<br \/>\nTendo como base o artigo proposto, monte um mapa mental sobre o assunto abordado.<br \/>\nPara auxili\u00e1-lo na confec\u00e7\u00e3o do mapa, leia o artigo \u201cMapa mental: como fazer e para que serve\u201d<br \/>\ndispon\u00edvel em https:\/\/www.estudarfora.org.br\/mapa-mental\/. Acesso em julho 2022. Nesse link h\u00e1 um<br \/>\nv\u00eddeo explicando o mapa mental.<br \/>\nVoc\u00ea pode tamb\u00e9m assistir o v\u00eddeo \u201cCOMO FAZER MAPA MENTAL \/ t\u00e9cnica de estudo #mapamental |<br \/>\nStudy Bel\u201d. Dispon\u00edvel em https:\/\/www.youtube.com\/watch?v=yX9yiNsdf1s. Acesso em julho 2022.<br \/>\nSILVA, Girleide M. da. Simuladores em aulas de F\u00edsica: quando utilizar? Anais do CIET: EnPED<br \/>\n(Congresso Internacional de Educa\u00e7\u00e3o e Tecnologias &#8211; Encontro de Pesquisadores em Educa\u00e7\u00e3o<br \/>\na Dist\u00e2ncia). S\u00e3o Carlos: Grupo Horizonte \u2013 SEaD \u2013 UFSCar. 2020. ISSN: 2316-8722. ISSN: 2316-<br \/>\n8722. Dispon\u00edvel em<br \/>\nhttps:\/\/www.google.com\/url?sa=t&#038;rct=j&#038;q=&#038;esrc=s&#038;source=web&#038;cd=&#038;cad=rja&#038;uact=8&#038;ved=2a<br \/>\nhUKEwi3s5zxspL5AhUngpUCHeMwDZYQFnoECAYQAw&amp;url=https%3A%2F%2Fcietenped.ufsca<br \/>\nr.br%2Fsubmissao%2Findex.php%2F2020%2Farticle%2Fdownload%2F1405%2F1070%2F&amp;usg=<br \/>\nAOvVaw2cZa95q7wqeK0bMLXIpDZt. Acesso em julho 2022.<\/p>\n","protected":false},"excerpt":{"rendered":"<div class=\"product-short-description\">\n<p><strong>Pague pelo PIX ou cart\u00e3o e fa\u00e7a o download agora mesmo.<\/strong><\/p>\n<\/div>\n<div class=\"sticky-add-to-cart-wrapper\">\n<div class=\"sticky-add-to-cart\">\n<p class=\"quantity buttons_added form-flat\"><img decoding=\"async\" class=\"lazyloaded smush-image-5 smush-image-3 smush-image-4 smush-detected-img smush-image-bigger-3\" src=\"https:\/\/d26lpennugtm8s.cloudfront.net\/assets\/common\/img\/logos\/payment\/visa@2x.png\" width=\"46\" height=\"29\" data-src=\"https:\/\/d26lpennugtm8s.cloudfront.net\/assets\/common\/img\/logos\/payment\/visa@2x.png\" \/><img decoding=\"async\" class=\"lazyloaded smush-image-6 smush-image-4 smush-image-5 smush-detected-img smush-image-bigger-4\" src=\"https:\/\/d26lpennugtm8s.cloudfront.net\/assets\/common\/img\/logos\/payment\/boleto@2x.png\" width=\"43\" height=\"27\" data-src=\"https:\/\/d26lpennugtm8s.cloudfront.net\/assets\/common\/img\/logos\/payment\/boleto@2x.png\" \/><img decoding=\"async\" class=\"lazyloaded smush-image-7 smush-image-5 smush-image-6 smush-detected-img smush-image-bigger-5\" src=\"https:\/\/d26lpennugtm8s.cloudfront.net\/assets\/common\/img\/logos\/payment\/mastercard@2x.png\" width=\"43\" height=\"27\" data-src=\"https:\/\/d26lpennugtm8s.cloudfront.net\/assets\/common\/img\/logos\/payment\/mastercard@2x.png\" \/><img loading=\"lazy\" decoding=\"async\" class=\"lazyloaded smush-image-8 smush-image-6 smush-image-7 smush-detected-img smush-image-bigger-6\" src=\"https:\/\/d26lpennugtm8s.cloudfront.net\/assets\/common\/img\/logos\/payment\/amex@2x.png\" width=\"43\" height=\"27\" data-src=\"https:\/\/d26lpennugtm8s.cloudfront.net\/assets\/common\/img\/logos\/payment\/amex@2x.png\" \/><img loading=\"lazy\" decoding=\"async\" class=\"lazyloaded smush-image-9 smush-image-7 smush-image-8 smush-detected-img smush-image-bigger-7\" src=\"https:\/\/d26lpennugtm8s.cloudfront.net\/assets\/common\/img\/logos\/payment\/diners@2x.png\" width=\"46\" height=\"29\" data-src=\"https:\/\/d26lpennugtm8s.cloudfront.net\/assets\/common\/img\/logos\/payment\/diners@2x.png\" \/><img loading=\"lazy\" decoding=\"async\" class=\"lazyloaded smush-image-10 smush-image-8 smush-image-9 alignnone smush-detected-img smush-image-bigger-8\" src=\"https:\/\/d26lpennugtm8s.cloudfront.net\/assets\/common\/img\/logos\/payment\/br\/elo@2x.png\" alt=\"portf\u00f3lio unopar anhanguera\" width=\"45\" height=\"28\" data-src=\"https:\/\/d26lpennugtm8s.cloudfront.net\/assets\/common\/img\/logos\/payment\/br\/elo@2x.png\" \/><img loading=\"lazy\" decoding=\"async\" class=\"lazyloaded smush-image-11 smush-image-9 smush-image-10 alignnone smush-detected-img smush-image-bigger-9\" src=\"https:\/\/d26lpennugtm8s.cloudfront.net\/assets\/common\/img\/logos\/payment\/br\/hipercard@2x.png\" alt=\"portf\u00f3lio unopar anhanguera\" width=\"44\" height=\"28\" data-src=\"https:\/\/d26lpennugtm8s.cloudfront.net\/assets\/common\/img\/logos\/payment\/br\/hipercard@2x.png\" \/><img loading=\"lazy\" decoding=\"async\" class=\"lazyloaded smush-image-12 smush-image-10 smush-image-11 alignnone smush-detected-img smush-image-bigger-10\" src=\"https:\/\/d26lpennugtm8s.cloudfront.net\/assets\/common\/img\/logos\/payment\/mercadopago@2x.png\" alt=\"portf\u00f3lio unopar anhanguera\" width=\"45\" height=\"28\" data-src=\"https:\/\/d26lpennugtm8s.cloudfront.net\/assets\/common\/img\/logos\/payment\/mercadopago@2x.png\" \/><img loading=\"lazy\" decoding=\"async\" class=\"alignnone lazyloaded smush-detected-img smush-image-bigger-11\" src=\"https:\/\/futurium.com.br\/wp-content\/uploads\/2021\/06\/logo-pix-icone-512.png\" alt=\"portfolio pronto\" width=\"30\" height=\"30\" data-src=\"https:\/\/futurium.com.br\/wp-content\/uploads\/2021\/06\/logo-pix-icone-512.png\" \/><\/p>\n<\/div>\n<\/div>\n","protected":false},"featured_media":43053,"template":"","meta":{"_seopress_robots_primary_cat":"","_seopress_titles_title":"","_seopress_titles_desc":"","_seopress_robots_index":""},"product_cat":[15],"product_tag":[],"class_list":{"0":"post-43052","1":"product","2":"type-product","3":"status-publish","4":"has-post-thumbnail","6":"product_cat-uncategorized","8":"first","9":"instock","10":"downloadable","11":"virtual","12":"purchasable","13":"product-type-simple","14":"col-xs-6 col-sm-4","15":"col-mf-5","16":"un-5-cols"},"jetpack_sharing_enabled":true,"_links":{"self":[{"href":"https:\/\/portifolioos-prontos.com\/index.php\/wp-json\/wp\/v2\/product\/43052","targetHints":{"allow":["GET"]}}],"collection":[{"href":"https:\/\/portifolioos-prontos.com\/index.php\/wp-json\/wp\/v2\/product"}],"about":[{"href":"https:\/\/portifolioos-prontos.com\/index.php\/wp-json\/wp\/v2\/types\/product"}],"version-history":[{"count":1,"href":"https:\/\/portifolioos-prontos.com\/index.php\/wp-json\/wp\/v2\/product\/43052\/revisions"}],"predecessor-version":[{"id":45725,"href":"https:\/\/portifolioos-prontos.com\/index.php\/wp-json\/wp\/v2\/product\/43052\/revisions\/45725"}],"wp:featuredmedia":[{"embeddable":true,"href":"https:\/\/portifolioos-prontos.com\/index.php\/wp-json\/wp\/v2\/media\/43053"}],"wp:attachment":[{"href":"https:\/\/portifolioos-prontos.com\/index.php\/wp-json\/wp\/v2\/media?parent=43052"}],"wp:term":[{"taxonomy":"product_cat","embeddable":true,"href":"https:\/\/portifolioos-prontos.com\/index.php\/wp-json\/wp\/v2\/product_cat?post=43052"},{"taxonomy":"product_tag","embeddable":true,"href":"https:\/\/portifolioos-prontos.com\/index.php\/wp-json\/wp\/v2\/product_tag?post=43052"}],"curies":[{"name":"wp","href":"https:\/\/api.w.org\/{rel}","templated":true}]}}