{"id":43164,"date":"2025-08-18T11:24:08","date_gmt":"2025-08-18T14:24:08","guid":{"rendered":"https:\/\/portifolioos-prontos.com\/?post_type=product&#038;p=43164"},"modified":"2026-03-02T17:16:58","modified_gmt":"2026-03-02T20:16:58","slug":"aula-pratica-fundamentos-de-cartografia-e-topografia-2","status":"publish","type":"product","link":"https:\/\/portifolioos-prontos.com\/index.php\/product\/aula-pratica-fundamentos-de-cartografia-e-topografia-2\/","title":{"rendered":"Aula Pr\u00e1tica Fundamentos de cartografia e topografia"},"content":{"rendered":"<div class=\"flex flex-col text-sm pb-25\">\n<article class=\"text-token-text-primary w-full focus:outline-none [--shadow-height:45px] has-data-writing-block:pointer-events-none has-data-writing-block:-mt-(--shadow-height) has-data-writing-block:pt-(--shadow-height) [&amp;:has([data-writing-block])&gt;*]:pointer-events-auto scroll-mt-[calc(var(--header-height)+min(200px,max(70px,20svh)))]\" dir=\"auto\" tabindex=\"-1\" data-turn-id=\"request-WEB:06e2c764-9811-4811-a0f4-a3e15a89bd54-9\" data-testid=\"conversation-turn-20\" data-scroll-anchor=\"true\" data-turn=\"assistant\">\n<div class=\"text-base my-auto mx-auto pb-10 [--thread-content-margin:--spacing(4)] @w-sm\/main:[--thread-content-margin:--spacing(6)] @w-lg\/main:[--thread-content-margin:--spacing(16)] px-(--thread-content-margin)\">\n<div class=\"[--thread-content-max-width:40rem] @w-lg\/main:[--thread-content-max-width:48rem] mx-auto max-w-(--thread-content-max-width) flex-1 group\/turn-messages focus-visible:outline-hidden relative flex w-full min-w-0 flex-col agent-turn\" tabindex=\"-1\">\n<div class=\"flex max-w-full flex-col grow\">\n<div class=\"min-h-8 text-message relative flex w-full flex-col items-end gap-2 text-start break-words whitespace-normal [.text-message+&amp;]:mt-1\" dir=\"auto\" data-message-author-role=\"assistant\" data-message-id=\"62d977ad-e09b-488a-a588-4f98f073249a\" data-message-model-slug=\"gpt-5-2\">\n<div class=\"flex w-full flex-col gap-1 empty:hidden first:pt-[1px]\">\n<div class=\"markdown prose dark:prose-invert w-full wrap-break-word light markdown-new-styling\">\n<h5 data-start=\"0\" data-end=\"62\"><strong data-start=\"6\" data-end=\"62\">Aula Pr\u00e1tica Fundamentos de Cartografia e Topografia<\/strong><\/h5>\n<hr data-start=\"64\" data-end=\"67\" \/>\n<h5 data-start=\"69\" data-end=\"138\"><strong data-start=\"75\" data-end=\"138\">NOME DA DISCIPLINA: Fundamentos de Cartografia e Topografia<\/strong><\/h5>\n<p data-start=\"140\" data-end=\"231\">Unidade: U2_LEVANTAMENTOS_E_EQUIPAMENTOS_TOPOGR\u00c1FICOS<br data-start=\"193\" data-end=\"196\" \/>Aula: A4_LEVANTAMENTO_ALTIM\u00c9TRICO<\/p>\n<hr data-start=\"233\" data-end=\"236\" \/>\n<h5 data-start=\"238\" data-end=\"257\"><strong data-start=\"244\" data-end=\"257\">OBJETIVOS<\/strong><\/h5>\n<p data-start=\"259\" data-end=\"301\">Defini\u00e7\u00e3o dos objetivos da aula pr\u00e1tica:<\/p>\n<p data-start=\"303\" data-end=\"355\">\u2022 Fazer um levantamento altim\u00e9trico e planim\u00e9trico<\/p>\n<hr data-start=\"357\" data-end=\"360\" \/>\n<h5 data-start=\"362\" data-end=\"387\"><strong data-start=\"368\" data-end=\"387\">SOLU\u00c7\u00c3O DIGITAL<\/strong><\/h5>\n<p data-start=\"389\" data-end=\"491\">Laborat\u00f3rio Virtual Algetec<br data-start=\"416\" data-end=\"419\" \/>Laborat\u00f3rio Virtual Algetec \u2013 simulador: Topografia: Medi\u00e7\u00e3o com Trena<\/p>\n<p data-start=\"493\" data-end=\"632\">O laborat\u00f3rio virtual \u00e9 uma plataforma para simula\u00e7\u00e3o de procedimentos em laborat\u00f3rio e deve ser acessado preferencialmente por computador.<\/p>\n<hr data-start=\"634\" data-end=\"637\" \/>\n<h5 data-start=\"639\" data-end=\"684\"><strong data-start=\"645\" data-end=\"684\">PROCEDIMENTOS PR\u00c1TICOS E APLICA\u00c7\u00d5ES<\/strong><\/h5>\n<p data-start=\"686\" data-end=\"828\">Dever\u00e1 ser realizada a pr\u00e1tica virtual nos laborat\u00f3rios da algetech, que consiste em realizar o levantamento de um terreno com o uso de trena.<\/p>\n<hr data-start=\"830\" data-end=\"833\" \/>\n<h5 data-start=\"835\" data-end=\"872\"><strong data-start=\"841\" data-end=\"872\">PR\u00c1TICA \u201cMEDI\u00c7\u00c3O COM TRENA\u201d<\/strong><\/h5>\n<p data-start=\"874\" data-end=\"1285\">Nesta pr\u00e1tica o aluno dever\u00e1 acessar o site dos laborat\u00f3rios virtuais do parceiro algetech e de posse de seu login e senha, dever\u00e1 acessar \u201cLabs espec\u00edficos de Engenharia\u201d, acessar \u201cLaborat\u00f3rios Espec\u00edficos de Civil, Arquitetura e Geologia\u201d, acessar \u201cTopografia: Medi\u00e7\u00e3o com Trena\u201d. A ferramenta \u00e9 bastante autoexplicativa e seu uso \u00e9 intuitivo, embora possa ser complementado pelos pr\u00f3prios manuais da algetch.<\/p>\n<p data-start=\"1287\" data-end=\"1518\">O aluno dever\u00e1 seguir a pr\u00e1tica para entender como faria a medi\u00e7\u00e3o e marca\u00e7\u00e3o de uma malha quadrada homog\u00eanea em um terreno real. A seguir se apresenta algumas figuras ilustrativas da pr\u00e1tica e bem como uma sequ\u00eancia de atividades:<\/p>\n<p data-start=\"1520\" data-end=\"2378\">\u2022 Apoiar os piquetes e estacas de refer\u00eancia conforme uma malha inicial pr\u00e9via.<br data-start=\"1599\" data-end=\"1602\" \/>\u2022 Colocar as duas balizas nos pontos iniciais e finais do terreno, na dire\u00e7\u00e3o x e y.<br data-start=\"1686\" data-end=\"1689\" \/>\u2022 Com a trena medir dist\u00e2ncias que dividam o terreno em espa\u00e7os iguais para o levantamento, recomenda-se n\u00e3o ultrapassar 5 ou 10m de comprimento.<br data-start=\"1834\" data-end=\"1837\" \/>\u2022 Cravar o piquete no solo na posi\u00e7\u00e3o onde se mediu com a trena;<br data-start=\"1901\" data-end=\"1904\" \/>\u2022 Com a trena faz o ajuste fino da posi\u00e7\u00e3o e orienta\u00e7\u00e3o e crava-se o prego ou tachinha de cobre no piquete no ponto correspondente;<br data-start=\"2035\" data-end=\"2038\" \/>\u2022 O procedimento deve ser realizado de maneira e evitar erros de deforma\u00e7\u00e3o da trena, oriundos de medi\u00e7\u00f5es inclinadas ou de deslocamentos em fun\u00e7\u00e3o do vento ou gravidade. Para tanto, posiciona-se um operador no ponto inicial, outro no final, e um terceiro deve verificar se n\u00e3o h\u00e1 erros para ent\u00e3o, fazer a medi\u00e7\u00e3o e anotar os resultados.<\/p>\n<p data-start=\"2380\" data-end=\"2517\">Essa pr\u00e1tica pode ser substitu\u00edda ou complementada por um levantamento das medidas horizontais feitas com teodolito e mira estadim\u00e9trica.<\/p>\n<hr data-start=\"2519\" data-end=\"2522\" \/>\n<h5 data-start=\"2524\" data-end=\"2557\"><strong data-start=\"2530\" data-end=\"2557\">Avaliando os resultados<\/strong><\/h5>\n<ol data-start=\"2559\" data-end=\"2888\">\n<li data-start=\"2559\" data-end=\"2648\">\n<p data-start=\"2562\" data-end=\"2648\">Foi poss\u00edvel compreender a pr\u00e1tica e os m\u00e9todos para medi\u00e7\u00f5es horizontais com trena?<\/p>\n<\/li>\n<li data-start=\"2649\" data-end=\"2722\">\n<p data-start=\"2652\" data-end=\"2722\">Quais s\u00e3o as limita\u00e7\u00f5es existentes no levantamento com uso da trena?<\/p>\n<\/li>\n<li data-start=\"2723\" data-end=\"2787\">\n<p data-start=\"2726\" data-end=\"2787\">Em que condi\u00e7\u00f5es devemos utilizar a trena em levantamentos?<\/p>\n<\/li>\n<li data-start=\"2788\" data-end=\"2888\">\n<p data-start=\"2791\" data-end=\"2888\">Apesar de ser um instrumento simples, a trena deve ser utilizada em levantamentos topogr\u00e1ficos?<\/p>\n<\/li>\n<\/ol>\n<hr data-start=\"2890\" data-end=\"2893\" \/>\n<h5 data-start=\"2895\" data-end=\"2914\"><strong data-start=\"2901\" data-end=\"2914\">Checklist<\/strong><\/h5>\n<p data-start=\"2916\" data-end=\"3198\">\u2713 Acessar o Laborat\u00f3rio Virtual Algetec;<br data-start=\"2956\" data-end=\"2959\" \/>\u2713 No Laborat\u00f3rio Virtual Algetec acessar: Topografia \u2192 Medi\u00e7\u00e3o com trena;<br data-start=\"3032\" data-end=\"3035\" \/>\u2713 Seguir as instru\u00e7\u00f5es deste Roteiro e do Laborat\u00f3rio para realizar as medi\u00e7\u00f5es;<br data-start=\"3115\" data-end=\"3118\" \/>\u2713 Avaliar os resultados;<br data-start=\"3142\" data-end=\"3145\" \/>\u2713 Enviar o trabalho em Word com imagens e c\u00e1lculos.<\/p>\n<hr data-start=\"3200\" data-end=\"3203\" \/>\n<h5 data-start=\"3205\" data-end=\"3225\"><strong data-start=\"3211\" data-end=\"3225\">RESULTADOS<\/strong><\/h5>\n<p data-start=\"3227\" data-end=\"3255\">Resultados do experimento:<\/p>\n<p data-start=\"3257\" data-end=\"3514\">Ao final dessa aula pr\u00e1tica, voc\u00ea dever\u00e1 enviar um arquivo em word contendo as informa\u00e7\u00f5es obtidas no experimento, os c\u00e1lculos realizados, em conjunto com um texto conclusivo a respeito das informa\u00e7\u00f5es obtidas. O arquivo n\u00e3o pode exceder o tamanho de 2Mb.<\/p>\n<p data-start=\"3516\" data-end=\"3568\">\u2022 Refer\u00eancias bibliogr\u00e1ficas ABNT (quando houver).<\/p>\n<p data-start=\"3570\" data-end=\"3599\">Resultados de Aprendizagem:<\/p>\n<p data-start=\"3601\" data-end=\"3829\">Como resultado dessa pr\u00e1tica ser\u00e1 poss\u00edvel, ao aluno, simular um levantamento topogr\u00e1fico de campo com o uso de trena. Desta forma, o aluno compreender\u00e1 a import\u00e2ncia e o uso desta importante ferramenta utilizadas em topografia.<\/p>\n<hr data-start=\"3831\" data-end=\"3834\" \/>\n<h5 data-start=\"3836\" data-end=\"3905\"><strong data-start=\"3842\" data-end=\"3905\">NOME DA DISCIPLINA: FUNDAMENTOS DE CARTOGRAFIA E TOPOGRAFIA<\/strong><\/h5>\n<p data-start=\"3907\" data-end=\"4009\">Unidade: U4_REPRESENTACOES_CARTOGRAFICAS_E_APLICACOES<br data-start=\"3960\" data-end=\"3963\" \/>Aula: A4_TRABALHANDO_COM_CARTAS_TOPOGRAFICAS<\/p>\n<hr data-start=\"4011\" data-end=\"4014\" \/>\n<h5 data-start=\"4016\" data-end=\"4035\"><strong data-start=\"4022\" data-end=\"4035\">OBJETIVOS<\/strong><\/h5>\n<p data-start=\"4037\" data-end=\"4079\">Defini\u00e7\u00e3o dos objetivos da aula pr\u00e1tica:<\/p>\n<p data-start=\"4081\" data-end=\"4272\">\u2022 Conhecer o que s\u00e3o curvas de n\u00edvel e como elas s\u00e3o representadas;<br data-start=\"4148\" data-end=\"4151\" \/>\u2022 Tra\u00e7ar e interpretar um perfil topogr\u00e1fico;<br data-start=\"4196\" data-end=\"4199\" \/>\u2022 Acessar e interpretar cartas topogr\u00e1ficas do portal de mapas do IBGE;<\/p>\n<hr data-start=\"4274\" data-end=\"4277\" \/>\n<h5 data-start=\"4279\" data-end=\"4304\"><strong data-start=\"4285\" data-end=\"4304\">SOLU\u00c7\u00c3O DIGITAL<\/strong><\/h5>\n<p data-start=\"4306\" data-end=\"4359\">N\u00e3o ser\u00e1 utilizado software ou aplicativo espec\u00edfico.<\/p>\n<hr data-start=\"4361\" data-end=\"4364\" \/>\n<h5 data-start=\"4366\" data-end=\"4411\"><strong data-start=\"4372\" data-end=\"4411\">PROCEDIMENTOS PR\u00c1TICOS E APLICA\u00c7\u00d5ES<\/strong><\/h5>\n<hr data-start=\"4413\" data-end=\"4416\" \/>\n<h5 data-start=\"4418\" data-end=\"4518\"><strong data-start=\"4424\" data-end=\"4518\">Procedimento\/Atividade: Elabora\u00e7\u00e3o de perfil topogr\u00e1fico, mapa hipsom\u00e9trico e clinogr\u00e1fico<\/strong><\/h5>\n<p data-start=\"4520\" data-end=\"4634\">Atividade proposta: Elaborar perfil topogr\u00e1fico, mapa hipsom\u00e9trico e clinogr\u00e1fico a partir de cartas topogr\u00e1ficas.<\/p>\n<hr data-start=\"4636\" data-end=\"4639\" \/>\n<h5 data-start=\"4641\" data-end=\"4695\"><strong data-start=\"4647\" data-end=\"4695\">Procedimentos para a realiza\u00e7\u00e3o da atividade<\/strong><\/h5>\n<p data-start=\"4697\" data-end=\"4899\">Para realiza\u00e7\u00e3o das atividades, podem se organizar em grupos de at\u00e9 3 pessoas, ou podem optar por faz\u00ea-las individualmente, no caso, pode reduzir o volume da atividade pelo tamanho da carta topogr\u00e1fica.<\/p>\n<hr data-start=\"4901\" data-end=\"4904\" \/>\n<h5 data-start=\"4906\" data-end=\"4948\"><strong data-start=\"4912\" data-end=\"4948\">ELABORA\u00c7\u00c3O DE PERFIL TOPOGR\u00c1FICO<\/strong><\/h5>\n<p data-start=\"4950\" data-end=\"5041\">Acessar o portal de mapas do IBGE<br data-start=\"4983\" data-end=\"4986\" \/><a class=\"decorated-link\" href=\"https:\/\/portaldemapas.ibge.gov.br\/portal.php#homepage\" target=\"_new\" rel=\"noopener\" data-start=\"4986\" data-end=\"5039\">https:\/\/portaldemapas.ibge.gov.br\/portal.php#homepage<\/a><\/p>\n<p data-start=\"5043\" data-end=\"5137\">Explorar os diferentes recursos do site e fazer download de cartas topogr\u00e1ficas espec\u00edficas.<\/p>\n<p data-start=\"5139\" data-end=\"5204\">O aluno deve escolher uma carta topogr\u00e1fica de sua prefer\u00eancia.<\/p>\n<p data-start=\"5206\" data-end=\"5411\">Recomenda-se usar cartas na escala 1:250.000, por exemplo, a carta topogr\u00e1fica de Bras\u00edlia Folha SD23-Y-C-IV-3-NO:<br data-start=\"5320\" data-end=\"5323\" \/><a class=\"decorated-link cursor-pointer\" target=\"_new\" rel=\"noopener\" data-start=\"5323\" data-end=\"5409\">https:\/\/biblioteca.ibge.gov.br\/visualizacao\/mapas\/GEBIS%20-%20RJ\/SD-23-Y-C-IV-3-NO.jpg<\/a><\/p>\n<p data-start=\"5413\" data-end=\"5529\">A carta topogr\u00e1fica dever\u00e1 ser impressa ou trechos dela na escala correta e procurar entender o relevo representado.<\/p>\n<p data-start=\"5531\" data-end=\"5657\">A partir da carta topogr\u00e1fica, os alunos devem escolher um determinado alinhamento e tra\u00e7ar o perfil topogr\u00e1fico desta regi\u00e3o.<\/p>\n<p data-start=\"5659\" data-end=\"6095\">\u2022 Posicionar o papel vegetal ou sufuriz\u00ea sobre a carta com a linha representativa do perfil que se pretende tra\u00e7ar.<br data-start=\"5774\" data-end=\"5777\" \/>\u2022 Transcrever as informa\u00e7\u00f5es no sufurize referentes ao trecho que ser\u00e1 analisado.<br data-start=\"5858\" data-end=\"5861\" \/>\u2022 Usar cores diferentes para cada intervalo de curva de n\u00edvel.<br data-start=\"5923\" data-end=\"5926\" \/>\u2022 Fazer um transecto na carta topogr\u00e1fica atravessando diferentes cotas.<br data-start=\"5998\" data-end=\"6001\" \/>\u2022 Transferir os pontos de interse\u00e7\u00e3o para papel milimetrado e desenhar o perfil topogr\u00e1fico.<\/p>\n<p data-start=\"6097\" data-end=\"6163\">Ao final o aluno deve ser capaz de produzir um perfil topogr\u00e1fico.<\/p>\n<hr data-start=\"6165\" data-end=\"6168\" \/>\n<h5 data-start=\"6170\" data-end=\"6208\"><strong data-start=\"6176\" data-end=\"6208\">ELABORA\u00c7\u00c3O MAPA HIPSOM\u00c9TRICO<\/strong><\/h5>\n<p data-start=\"6210\" data-end=\"6444\">\u2022 Posicionar o papel sufurize sobre a carta topogr\u00e1fica;<br data-start=\"6266\" data-end=\"6269\" \/>\u2022 Transcrever as informa\u00e7\u00f5es do trecho analisado;<br data-start=\"6318\" data-end=\"6321\" \/>\u2022 Usar cores diferentes para cada intervalo de curva de n\u00edvel;<br data-start=\"6383\" data-end=\"6386\" \/>\u2022 Elaborar e interpretar o mapa hipsom\u00e9trico do terreno.<\/p>\n<p data-start=\"6446\" data-end=\"6523\">Ao final, deve-se ser capaz de produzir um mapa com a hipsometria do terreno.<\/p>\n<hr data-start=\"6525\" data-end=\"6528\" \/>\n<h5 data-start=\"6530\" data-end=\"6568\"><strong data-start=\"6536\" data-end=\"6568\">ELABORA\u00c7\u00c3O MAPA CLINOGR\u00c1FICO<\/strong><\/h5>\n<p data-start=\"6570\" data-end=\"6940\">\u2022 Escolher as inclina\u00e7\u00f5es e cores que ser\u00e3o representadas no mapa;<br data-start=\"6636\" data-end=\"6639\" \/>\u2022 Calcular para cada inclina\u00e7\u00e3o a dist\u00e2ncia horizontal correspondente;<br data-start=\"6709\" data-end=\"6712\" \/>\u2022 Transcrever as curvas de n\u00edvel;<br data-start=\"6745\" data-end=\"6748\" \/>\u2022 Medir a dist\u00e2ncia horizontal entre curvas de n\u00edvel;<br data-start=\"6801\" data-end=\"6804\" \/>\u2022 Classificar a inclina\u00e7\u00e3o de cada trecho;<br data-start=\"6846\" data-end=\"6849\" \/>\u2022 Colorir conforme a inclina\u00e7\u00e3o proposta;<br data-start=\"6890\" data-end=\"6893\" \/>\u2022 Elaborar e interpretar o mapa clinogr\u00e1fico.<\/p>\n<p data-start=\"6942\" data-end=\"7023\">Ao final o aluno deve ser capaz de produzir um mapa com a clinografia do terreno.<\/p>\n<hr data-start=\"7025\" data-end=\"7028\" \/>\n<h5 data-start=\"7030\" data-end=\"7063\"><strong data-start=\"7036\" data-end=\"7063\">Avaliando os resultados<\/strong><\/h5>\n<p data-start=\"7065\" data-end=\"7359\">\u2713 A confec\u00e7\u00e3o de perfil topogr\u00e1fico facilita a compreens\u00e3o do relevo?<br data-start=\"7134\" data-end=\"7137\" \/>\u2713 O mapa hipsom\u00e9trico possui quais diferen\u00e7as em rela\u00e7\u00e3o \u00e0s curvas de n\u00edvel?<br data-start=\"7213\" data-end=\"7216\" \/>\u2713 Qual a diferen\u00e7a entre a representa\u00e7\u00e3o hipsom\u00e9trica e a clinogr\u00e1fica?<br data-start=\"7287\" data-end=\"7290\" \/>\u2713 Esta atividade foi importante para a interpreta\u00e7\u00e3o da topografia?<\/p>\n<hr data-start=\"7361\" data-end=\"7364\" \/>\n<h5 data-start=\"7366\" data-end=\"7385\"><strong data-start=\"7372\" data-end=\"7385\">Checklist<\/strong><\/h5>\n<p data-start=\"7387\" data-end=\"7686\">\u2713 Acessar o site do IBGE;<br data-start=\"7412\" data-end=\"7415\" \/>\u2713 Realizar o download da carta topogr\u00e1fica;<br data-start=\"7458\" data-end=\"7461\" \/>\u2713 Imprimir trecho da carta em escala;<br data-start=\"7498\" data-end=\"7501\" \/>\u2713 Elaborar o perfil topogr\u00e1fico;<br data-start=\"7533\" data-end=\"7536\" \/>\u2713 Elaborar a carta hipsom\u00e9trica;<br data-start=\"7568\" data-end=\"7571\" \/>\u2713 Elaborar a carta clinogr\u00e1fica;<br data-start=\"7603\" data-end=\"7606\" \/>\u2713 Avaliar os resultados;<br data-start=\"7630\" data-end=\"7633\" \/>\u2713 Enviar o trabalho em Word com imagens e c\u00e1lculos.<\/p>\n<hr data-start=\"7688\" data-end=\"7691\" \/>\n<h5 data-start=\"7693\" data-end=\"7713\"><strong data-start=\"7699\" data-end=\"7713\">RESULTADOS<\/strong><\/h5>\n<p data-start=\"7715\" data-end=\"7743\">Resultados do experimento:<\/p>\n<p data-start=\"7745\" data-end=\"8002\">Ao final dessa aula pr\u00e1tica, voc\u00ea dever\u00e1 enviar um arquivo em word contendo as informa\u00e7\u00f5es obtidas no experimento, os c\u00e1lculos realizados, em conjunto com um texto conclusivo a respeito das informa\u00e7\u00f5es obtidas. O arquivo n\u00e3o pode exceder o tamanho de 2Mb.<\/p>\n<p data-start=\"8004\" data-end=\"8056\">\u2022 Refer\u00eancias bibliogr\u00e1ficas ABNT (quando houver).<\/p>\n<p data-start=\"8058\" data-end=\"8087\">Resultados de Aprendizagem:<\/p>\n<p data-start=\"8089\" data-end=\"8378\" data-is-last-node=\"\" data-is-only-node=\"\">Como resultado desta pr\u00e1tica ser\u00e1 poss\u00edvel realizar a leitura de carta topogr\u00e1fica e elaborar diferentes representa\u00e7\u00f5es do relevo, como perfil topogr\u00e1fico, carta hipsom\u00e9trica e clinogr\u00e1fica. Este trabalho permitir\u00e1 uma melhor compreens\u00e3o da representa\u00e7\u00e3o tridimensional do relevo no plano.<\/p>\n<\/div>\n<\/div>\n<\/div>\n<\/div>\n<div class=\"z-0 flex min-h-[46px] justify-start\"><\/div>\n<div class=\"mt-3 w-full empty:hidden\">\n<div class=\"text-center\"><\/div>\n<\/div>\n<\/div>\n<\/div>\n<\/article>\n<\/div>\n<div class=\"pointer-events-none h-px w-px absolute bottom-0\" aria-hidden=\"true\" data-edge=\"true\"><\/div>\n","protected":false},"excerpt":{"rendered":"<div class=\"product-short-description\">\n<p><strong>Pague pelo PIX ou cart\u00e3o e fa\u00e7a o download agora mesmo.<\/strong><\/p>\n<\/div>\n<div class=\"sticky-add-to-cart-wrapper\">\n<div class=\"sticky-add-to-cart\">\n<p class=\"quantity buttons_added form-flat\"><img decoding=\"async\" class=\"lazyloaded smush-image-5 smush-image-3 smush-image-4 smush-detected-img smush-image-bigger-3\" src=\"https:\/\/d26lpennugtm8s.cloudfront.net\/assets\/common\/img\/logos\/payment\/visa@2x.png\" width=\"46\" height=\"29\" data-src=\"https:\/\/d26lpennugtm8s.cloudfront.net\/assets\/common\/img\/logos\/payment\/visa@2x.png\" \/><img decoding=\"async\" class=\"lazyloaded smush-image-6 smush-image-4 smush-image-5 smush-detected-img smush-image-bigger-4\" src=\"https:\/\/d26lpennugtm8s.cloudfront.net\/assets\/common\/img\/logos\/payment\/boleto@2x.png\" width=\"43\" height=\"27\" data-src=\"https:\/\/d26lpennugtm8s.cloudfront.net\/assets\/common\/img\/logos\/payment\/boleto@2x.png\" \/><img decoding=\"async\" class=\"lazyloaded smush-image-7 smush-image-5 smush-image-6 smush-detected-img smush-image-bigger-5\" src=\"https:\/\/d26lpennugtm8s.cloudfront.net\/assets\/common\/img\/logos\/payment\/mastercard@2x.png\" width=\"43\" height=\"27\" data-src=\"https:\/\/d26lpennugtm8s.cloudfront.net\/assets\/common\/img\/logos\/payment\/mastercard@2x.png\" \/><img loading=\"lazy\" decoding=\"async\" class=\"lazyloaded smush-image-8 smush-image-6 smush-image-7 smush-detected-img smush-image-bigger-6\" src=\"https:\/\/d26lpennugtm8s.cloudfront.net\/assets\/common\/img\/logos\/payment\/amex@2x.png\" width=\"43\" height=\"27\" data-src=\"https:\/\/d26lpennugtm8s.cloudfront.net\/assets\/common\/img\/logos\/payment\/amex@2x.png\" \/><img loading=\"lazy\" decoding=\"async\" class=\"lazyloaded smush-image-9 smush-image-7 smush-image-8 smush-detected-img smush-image-bigger-7\" src=\"https:\/\/d26lpennugtm8s.cloudfront.net\/assets\/common\/img\/logos\/payment\/diners@2x.png\" width=\"46\" height=\"29\" data-src=\"https:\/\/d26lpennugtm8s.cloudfront.net\/assets\/common\/img\/logos\/payment\/diners@2x.png\" \/><img loading=\"lazy\" decoding=\"async\" class=\"lazyloaded smush-image-10 smush-image-8 smush-image-9 alignnone smush-detected-img smush-image-bigger-8\" src=\"https:\/\/d26lpennugtm8s.cloudfront.net\/assets\/common\/img\/logos\/payment\/br\/elo@2x.png\" alt=\"portf\u00f3lio unopar anhanguera\" width=\"45\" height=\"28\" data-src=\"https:\/\/d26lpennugtm8s.cloudfront.net\/assets\/common\/img\/logos\/payment\/br\/elo@2x.png\" \/><img loading=\"lazy\" decoding=\"async\" class=\"lazyloaded smush-image-11 smush-image-9 smush-image-10 alignnone smush-detected-img smush-image-bigger-9\" src=\"https:\/\/d26lpennugtm8s.cloudfront.net\/assets\/common\/img\/logos\/payment\/br\/hipercard@2x.png\" alt=\"portf\u00f3lio unopar anhanguera\" width=\"44\" height=\"28\" data-src=\"https:\/\/d26lpennugtm8s.cloudfront.net\/assets\/common\/img\/logos\/payment\/br\/hipercard@2x.png\" \/><img loading=\"lazy\" decoding=\"async\" class=\"lazyloaded smush-image-12 smush-image-10 smush-image-11 alignnone smush-detected-img smush-image-bigger-10\" src=\"https:\/\/d26lpennugtm8s.cloudfront.net\/assets\/common\/img\/logos\/payment\/mercadopago@2x.png\" alt=\"portf\u00f3lio unopar anhanguera\" width=\"45\" height=\"28\" data-src=\"https:\/\/d26lpennugtm8s.cloudfront.net\/assets\/common\/img\/logos\/payment\/mercadopago@2x.png\" \/><\/p>\n<\/div>\n<\/div>\n","protected":false},"featured_media":43165,"template":"","meta":{"_seopress_robots_primary_cat":"none","_seopress_titles_title":"","_seopress_titles_desc":"","_seopress_robots_index":""},"product_cat":[15],"product_tag":[],"class_list":{"0":"post-43164","1":"product","2":"type-product","3":"status-publish","4":"has-post-thumbnail","6":"product_cat-uncategorized","8":"first","9":"instock","10":"downloadable","11":"virtual","12":"purchasable","13":"product-type-simple","14":"col-xs-6 col-sm-4","15":"col-mf-5","16":"un-5-cols"},"jetpack_sharing_enabled":true,"_links":{"self":[{"href":"https:\/\/portifolioos-prontos.com\/index.php\/wp-json\/wp\/v2\/product\/43164","targetHints":{"allow":["GET"]}}],"collection":[{"href":"https:\/\/portifolioos-prontos.com\/index.php\/wp-json\/wp\/v2\/product"}],"about":[{"href":"https:\/\/portifolioos-prontos.com\/index.php\/wp-json\/wp\/v2\/types\/product"}],"version-history":[{"count":2,"href":"https:\/\/portifolioos-prontos.com\/index.php\/wp-json\/wp\/v2\/product\/43164\/revisions"}],"predecessor-version":[{"id":49823,"href":"https:\/\/portifolioos-prontos.com\/index.php\/wp-json\/wp\/v2\/product\/43164\/revisions\/49823"}],"wp:featuredmedia":[{"embeddable":true,"href":"https:\/\/portifolioos-prontos.com\/index.php\/wp-json\/wp\/v2\/media\/43165"}],"wp:attachment":[{"href":"https:\/\/portifolioos-prontos.com\/index.php\/wp-json\/wp\/v2\/media?parent=43164"}],"wp:term":[{"taxonomy":"product_cat","embeddable":true,"href":"https:\/\/portifolioos-prontos.com\/index.php\/wp-json\/wp\/v2\/product_cat?post=43164"},{"taxonomy":"product_tag","embeddable":true,"href":"https:\/\/portifolioos-prontos.com\/index.php\/wp-json\/wp\/v2\/product_tag?post=43164"}],"curies":[{"name":"wp","href":"https:\/\/api.w.org\/{rel}","templated":true}]}}