{"id":43178,"date":"2025-08-18T14:48:48","date_gmt":"2025-08-18T17:48:48","guid":{"rendered":"https:\/\/portifolioos-prontos.com\/?post_type=product&#038;p=43178"},"modified":"2025-10-28T20:11:57","modified_gmt":"2025-10-28T23:11:57","slug":"aula-pratica-producao-de-textos-aplicada-ao-ensino-2","status":"publish","type":"product","link":"https:\/\/portifolioos-prontos.com\/index.php\/product\/aula-pratica-producao-de-textos-aplicada-ao-ensino-2\/","title":{"rendered":"Aula Pr\u00e1tica Produ\u00e7\u00e3o de textos aplicada ao ensino"},"content":{"rendered":"<h4>Aula Pr\u00e1tica Produ\u00e7\u00e3o de textos aplicada ao ensino<\/h4>\n<p>ROTEIRO DE AULA PR\u00c1TICA<br \/>\nNOME DA DISCIPLINA: PRODU\u00c7\u00c3O DE TEXTOS APLICADA AO ENSINO<br \/>\nUnidade: U2_CONCEP\u00c7\u00d5ES_DE_LINGUAGEM_E_ENSINO<br \/>\nAula: A3_ G\u00caNEROS_DISCURSIVOS_E_TIPOS_TEXTUAIS<br \/>\nOBJETIVOS<br \/>\nDefini\u00e7\u00e3o dos objetivos da aula pr\u00e1tica:<br \/>\nProporcionar uma experi\u00eancia pr\u00e1tica de an\u00e1lise e cria\u00e7\u00e3o de uma propaganda autoral,<br \/>\ndesenvolvendo a habilidade de reconhecer e aplicar elementos do g\u00eanero (tema, linguagem<br \/>\npersuasiva, slogan e imagem), com foco na organiza\u00e7\u00e3o de atividades simples e significativas<br \/>\nque possam ser utilizadas no Ensino M\u00e9dio.<br \/>\nSOLU\u00c7\u00c3O DIGITAL:<br \/>\nComputador com acesso \u00e0 internet.<br \/>\nPROCEDIMENTOS PR\u00c1TICOS E APLICA\u00c7\u00d5ES<br \/>\nProcedimento\/Atividade n\u00ba 1<br \/>\nInserir o nome do experimento: AN\u00c1LISE DO G\u00caNERO PROPAGANDA<br \/>\nAtividade proposta: Analisar criticamente uma propaganda impressa ou digital, identificando<br \/>\nseus elementos composicionais, recursos lingu\u00edsticos e estrat\u00e9gias persuasivas, com foco na<br \/>\naplica\u00e7\u00e3o did\u00e1tica para o ensino de produ\u00e7\u00e3o textual no Ensino M\u00e9dio.<br \/>\nProcedimentos para a realiza\u00e7\u00e3o da atividade:<br \/>\n\u2022 Prepara\u00e7\u00e3o e Planejamento: Busque mais informa\u00e7\u00f5es sobre o tema acessando<br \/>\nos seguintes materiais:<br \/>\nALMEIDA, \u00c9dina de F\u00e1tima de; KAILER, Dircel Aparecida. An\u00e1lise da campanha publicit\u00e1ria<br \/>\n\u201cContos de Fadas\u201d do Botic\u00e1rio. In: CONGRESSO NACIONAL DE LINGU\u00cdSTICA E FILOLOGIA,<br \/>\n20., 2006, Rio de Janeiro. Anais [&#8230;]. Rio de Janeiro: CiFEFiL, 2006. Dispon\u00edvel em:<br \/>\nhttp:\/\/www.filologia.org.br\/xx_cnlf\/completo\/An%E1lise%20da%20campanha%20publicit%E1ria<br \/>\n%20-%20%C9DINA.pdf. Acesso em: 3 jul. 2025.<br \/>\nP\u00fablico3<br \/>\nCaso prefira, o conte\u00fado tamb\u00e9m pode ser acessado por meio do QR Code abaixo:<br \/>\nSOUSA,\u202fMaria\u202fMargarete\u202fFernandes de. A linguagem do an\u00fancio publicit\u00e1rio. Fortaleza:<br \/>\nImprensa Universit\u00e1ria, 2017. E-book. Dispon\u00edvel em:<br \/>\nhttps:\/\/repositorio.ufc.br\/bitstream\/riufc\/26623\/1\/2017_liv_mmfsousa.pdf Cap. X: p.\u202f43\u201362.<br \/>\nCaso prefira, o conte\u00fado tamb\u00e9m pode ser acessado por meio do QR Code abaixo:<br \/>\n2. Simula\u00e7\u00e3o de uma situa\u00e7\u00e3o de pr\u00e1tica docente:<br \/>\nConsidere o seguinte cen\u00e1rio fict\u00edcio:<br \/>\nVoc\u00ea \u00e9 professor(a) de L\u00edngua Portuguesa do 3\u00ba ano do Ensino M\u00e9dio em uma escola p\u00fablica.<br \/>\nEst\u00e1 planejando uma sequ\u00eancia did\u00e1tica sobre g\u00eaneros argumentativos e prop\u00f5e iniciar pelo<br \/>\ng\u00eanero propaganda. Sua tarefa \u00e9 propor uma atividade de produ\u00e7\u00e3o textual criativa e autoral,<br \/>\npartindo da an\u00e1lise de propagandas reais. Os alunos dever\u00e3o produzir uma propaganda com<br \/>\nbase em um tema social relevante.<br \/>\n1. Redija sua proposta de fala para apresentar o g\u00eanero aos alunos.<br \/>\n\u2022 Planeje uma explica\u00e7\u00e3o inicial de at\u00e9 2 minutos que introduza o g\u00eanero propaganda,<br \/>\ndestacando:<br \/>\no O que \u00e9 propaganda e onde circula?<br \/>\no Qual seu objetivo comunicativo?<br \/>\no Como ela \u00e9 composta (elementos verbais e n\u00e3o verbais)?<br \/>\no Por que \u00e9 importante saber ler e produzir esse g\u00eanero?<br \/>\nP\u00fablico4<br \/>\n2. Defina os passos (roteiro) que os alunos dever\u00e3o seguir para criar sua propaganda. O<br \/>\nroteiro deve conter:<br \/>\no Escolha de um tema relevante (ex: meio ambiente<a href=\"http:\/\/portifolioos-prontos.com\">,<\/a> bullying, combate \u00e0s fake news,<br \/>\nvaloriza\u00e7\u00e3o da leitura etc.)<br \/>\no Defini\u00e7\u00e3o do p\u00fablico-alvo<br \/>\no Elabora\u00e7\u00e3o de slogan<br \/>\no Cria\u00e7\u00e3o de t\u00edtulo e texto curto com linguagem persuasiva<br \/>\no Sugest\u00e3o de elementos visuais (imagem, cores, disposi\u00e7\u00e3o)<br \/>\n3. Agora, com base em sua proposta, elabore uma propaganda autoral que serviria de<br \/>\nexemplo para apresentar aos seus alunos.<br \/>\no Produza o esbo\u00e7o com todos os elementos propostos no roteiro.<br \/>\no Fa\u00e7a isso manualmente (de pr\u00f3prio punho) ou digitalmente.<br \/>\no Tire uma foto n\u00edtida do esbo\u00e7o ou salve como imagem e anexe ao documento<br \/>\nfinal a ser entregue.<br \/>\nAvaliando os resultados:<br \/>\nAp\u00f3s a realiza\u00e7\u00e3o da atividade, reflita e responda:<br \/>\n\u2022 A propaganda criada apresenta um objetivo comunicativo claro e condizente com<br \/>\no p\u00fablico-alvo?<br \/>\n\u2022 Os elementos do g\u00eanero (slogan, linguagem persuasiva, visualidade) est\u00e3o bem<br \/>\naplicados?<br \/>\n\u2022 A proposta \u00e9 aplic\u00e1vel e interessante para alunos do Ensino M\u00e9dio? Como voc\u00ea<br \/>\norganizaria essa atividade em sala de aula?<br \/>\n\u2022 Que adapta\u00e7\u00f5es seriam necess\u00e1rias para alunos com diferentes n\u00edveis de<br \/>\nletramento?<br \/>\nChecklist:<br \/>\n\u2022 Prepara\u00e7\u00e3o e Planejamento te\u00f3rico.<br \/>\n\u2022 Simula\u00e7\u00e3o de pr\u00e1tica docente com cen\u00e1rio fict\u00edcio.<br \/>\n\u2022 Reda\u00e7\u00e3o da proposta de fala para introdu\u00e7\u00e3o do g\u00eanero.<br \/>\n\u2022 Elabora\u00e7\u00e3o do roteiro de produ\u00e7\u00e3o textual.<br \/>\n\u2022 Produ\u00e7\u00e3o e registro da propaganda-modelo.<br \/>\nRESULTADOS<br \/>\nResultados do experimento:<br \/>\nAo final desta aula pr\u00e1tica, voc\u00ea dever\u00e1 enviar um arquivo em Word contendo:<br \/>\na) O texto escrito que voc\u00ea elaborou na atividade na 1<a href=\"http:\/\/portfolio-pronto.com\">.<\/a><br \/>\nP\u00fablico5<br \/>\nb) O roteiro criado na atividade 2.<br \/>\nc) A imagem (foto ou vers\u00e3o digital) da propaganda autoral que voc\u00ea criou na atividade 3,<br \/>\ncom base no roteiro proposto.<br \/>\nd) Um pequeno texto explicativo (de 5 a 20 linhas) sobre como pensou a propaganda: qual<br \/>\n\u00e9 o tema, o p\u00fablico-alvo, o objetivo e os principais elementos utilizados.<br \/>\ne) Se tiver usado algum material de apoio ou pesquisa, inclua as refer\u00eancias no final, afinal<br \/>\nforam indicadas leituras para voc\u00ea, al\u00e9m das que voc\u00ea deve ter pesquisado.<br \/>\nf) Refer\u00eancias bibliogr\u00e1ficas ABNT (quando houver).<br \/>\nO arquivo final n\u00e3o poder\u00e1 ultrapassar o tamanho de 2MB.<br \/>\nResultados de Aprendizagem:<br \/>\nAo final desta atividade, ser\u00e1 poss\u00edvel aplicar os conhecimentos sobre o g\u00eanero textual<br \/>\npropaganda de forma cr\u00edtica e contextualizada, identificando sua estrutura, finalidade<br \/>\ncomunicativa e estrat\u00e9gias discursivas. A atividade permitir\u00e1 o desenvolvimento de habilidades<br \/>\nde leitura cr\u00edtica, interpreta\u00e7\u00e3o discursiva e produ\u00e7\u00e3o de texto anal\u00edtico, fundamentais para a<br \/>\npr\u00e1tica docente. Al\u00e9m disso, a proposta fortalece a capacidade de selecionar e utilizar materiais<br \/>\naut\u00eanticos (visuais ou escritos), favorecendo o planejamento de atividades did\u00e1ticas significativas,<br \/>\nque valorizem a autoria e estimulem o protagonismo do aluno no processo de ensinoaprendizagem<\/p>\n","protected":false},"excerpt":{"rendered":"<div class=\"product-short-description\">\n<p><strong>Pague pelo PIX ou cart\u00e3o e fa\u00e7a o download agora mesmo.<\/strong><\/p>\n<\/div>\n<div class=\"sticky-add-to-cart-wrapper\">\n<div class=\"sticky-add-to-cart\">\n<p class=\"quantity buttons_added form-flat\"><img decoding=\"async\" class=\"lazyloaded smush-image-5 smush-image-3 smush-image-4 smush-detected-img smush-image-bigger-3\" src=\"https:\/\/d26lpennugtm8s.cloudfront.net\/assets\/common\/img\/logos\/payment\/visa@2x.png\" width=\"46\" height=\"29\" data-src=\"https:\/\/d26lpennugtm8s.cloudfront.net\/assets\/common\/img\/logos\/payment\/visa@2x.png\" \/><img decoding=\"async\" class=\"lazyloaded smush-image-6 smush-image-4 smush-image-5 smush-detected-img smush-image-bigger-4\" src=\"https:\/\/d26lpennugtm8s.cloudfront.net\/assets\/common\/img\/logos\/payment\/boleto@2x.png\" width=\"43\" height=\"27\" data-src=\"https:\/\/d26lpennugtm8s.cloudfront.net\/assets\/common\/img\/logos\/payment\/boleto@2x.png\" \/><img decoding=\"async\" class=\"lazyloaded smush-image-7 smush-image-5 smush-image-6 smush-detected-img smush-image-bigger-5\" src=\"https:\/\/d26lpennugtm8s.cloudfront.net\/assets\/common\/img\/logos\/payment\/mastercard@2x.png\" width=\"43\" height=\"27\" data-src=\"https:\/\/d26lpennugtm8s.cloudfront.net\/assets\/common\/img\/logos\/payment\/mastercard@2x.png\" \/><img loading=\"lazy\" decoding=\"async\" class=\"lazyloaded smush-image-8 smush-image-6 smush-image-7 smush-detected-img smush-image-bigger-6\" src=\"https:\/\/d26lpennugtm8s.cloudfront.net\/assets\/common\/img\/logos\/payment\/amex@2x.png\" width=\"43\" height=\"27\" data-src=\"https:\/\/d26lpennugtm8s.cloudfront.net\/assets\/common\/img\/logos\/payment\/amex@2x.png\" \/><img loading=\"lazy\" decoding=\"async\" class=\"lazyloaded smush-image-9 smush-image-7 smush-image-8 smush-detected-img smush-image-bigger-7\" src=\"https:\/\/d26lpennugtm8s.cloudfront.net\/assets\/common\/img\/logos\/payment\/diners@2x.png\" width=\"46\" height=\"29\" data-src=\"https:\/\/d26lpennugtm8s.cloudfront.net\/assets\/common\/img\/logos\/payment\/diners@2x.png\" \/><img loading=\"lazy\" decoding=\"async\" class=\"lazyloaded smush-image-10 smush-image-8 smush-image-9 alignnone smush-detected-img smush-image-bigger-8\" src=\"https:\/\/d26lpennugtm8s.cloudfront.net\/assets\/common\/img\/logos\/payment\/br\/elo@2x.png\" alt=\"portf\u00f3lio unopar anhanguera\" width=\"45\" height=\"28\" data-src=\"https:\/\/d26lpennugtm8s.cloudfront.net\/assets\/common\/img\/logos\/payment\/br\/elo@2x.png\" \/><img loading=\"lazy\" decoding=\"async\" class=\"lazyloaded smush-image-11 smush-image-9 smush-image-10 alignnone smush-detected-img smush-image-bigger-9\" src=\"https:\/\/d26lpennugtm8s.cloudfront.net\/assets\/common\/img\/logos\/payment\/br\/hipercard@2x.png\" alt=\"portf\u00f3lio unopar anhanguera\" width=\"44\" height=\"28\" data-src=\"https:\/\/d26lpennugtm8s.cloudfront.net\/assets\/common\/img\/logos\/payment\/br\/hipercard@2x.png\" \/><img loading=\"lazy\" decoding=\"async\" class=\"lazyloaded smush-image-12 smush-image-10 smush-image-11 alignnone smush-detected-img smush-image-bigger-10\" src=\"https:\/\/d26lpennugtm8s.cloudfront.net\/assets\/common\/img\/logos\/payment\/mercadopago@2x.png\" alt=\"portf\u00f3lio unopar anhanguera\" width=\"45\" height=\"28\" data-src=\"https:\/\/d26lpennugtm8s.cloudfront.net\/assets\/common\/img\/logos\/payment\/mercadopago@2x.png\" \/><img loading=\"lazy\" decoding=\"async\" class=\"alignnone ls-is-cached lazyloaded smush-detected-img smush-image-bigger-11\" src=\"https:\/\/futurium.com.br\/wp-content\/uploads\/2021\/06\/logo-pix-icone-512.png\" alt=\"portfolio pronto\" width=\"30\" height=\"30\" data-src=\"https:\/\/futurium.com.br\/wp-content\/uploads\/2021\/06\/logo-pix-icone-512.png\" \/><\/p>\n<\/div>\n<\/div>\n","protected":false},"featured_media":43180,"template":"","meta":{"_seopress_robots_primary_cat":"","_seopress_titles_title":"","_seopress_titles_desc":"","_seopress_robots_index":""},"product_cat":[114],"product_tag":[],"class_list":{"0":"post-43178","1":"product","2":"type-product","3":"status-publish","4":"has-post-thumbnail","6":"product_cat-letras","8":"first","9":"instock","10":"downloadable","11":"virtual","12":"purchasable","13":"product-type-simple","14":"col-xs-6 col-sm-4","15":"col-mf-5","16":"un-5-cols"},"jetpack_sharing_enabled":true,"_links":{"self":[{"href":"https:\/\/portifolioos-prontos.com\/index.php\/wp-json\/wp\/v2\/product\/43178","targetHints":{"allow":["GET"]}}],"collection":[{"href":"https:\/\/portifolioos-prontos.com\/index.php\/wp-json\/wp\/v2\/product"}],"about":[{"href":"https:\/\/portifolioos-prontos.com\/index.php\/wp-json\/wp\/v2\/types\/product"}],"version-history":[{"count":1,"href":"https:\/\/portifolioos-prontos.com\/index.php\/wp-json\/wp\/v2\/product\/43178\/revisions"}],"predecessor-version":[{"id":45721,"href":"https:\/\/portifolioos-prontos.com\/index.php\/wp-json\/wp\/v2\/product\/43178\/revisions\/45721"}],"wp:featuredmedia":[{"embeddable":true,"href":"https:\/\/portifolioos-prontos.com\/index.php\/wp-json\/wp\/v2\/media\/43180"}],"wp:attachment":[{"href":"https:\/\/portifolioos-prontos.com\/index.php\/wp-json\/wp\/v2\/media?parent=43178"}],"wp:term":[{"taxonomy":"product_cat","embeddable":true,"href":"https:\/\/portifolioos-prontos.com\/index.php\/wp-json\/wp\/v2\/product_cat?post=43178"},{"taxonomy":"product_tag","embeddable":true,"href":"https:\/\/portifolioos-prontos.com\/index.php\/wp-json\/wp\/v2\/product_tag?post=43178"}],"curies":[{"name":"wp","href":"https:\/\/api.w.org\/{rel}","templated":true}]}}