{"id":43195,"date":"2025-08-18T15:24:40","date_gmt":"2025-08-18T18:24:40","guid":{"rendered":"https:\/\/portifolioos-prontos.com\/?post_type=product&#038;p=43195"},"modified":"2025-08-18T15:52:21","modified_gmt":"2025-08-18T18:52:21","slug":"aula-pratica-arquitetura-de-computacao-em-nuvem","status":"publish","type":"product","link":"https:\/\/portifolioos-prontos.com\/index.php\/product\/aula-pratica-arquitetura-de-computacao-em-nuvem\/","title":{"rendered":"Aula Pr\u00e1tica Arquitetura de computa\u00e7\u00e3o em nuvem"},"content":{"rendered":"<div class=\"elementor-element elementor-element-2722ab7 elementor-widget elementor-widget-woocommerce-product-title elementor-page-title elementor-widget-heading\" data-id=\"2722ab7\" data-element_type=\"widget\" data-widget_type=\"woocommerce-product-title.default\">\n<div class=\"elementor-widget-container\">\n<h4 class=\"product_title entry-title elementor-heading-title elementor-size-default\">Aula Pr\u00e1tica Arquitetura de computa\u00e7\u00e3o em nuvem<\/h4>\n<p>Aula Pr\u00e1tica Arquitetura de computa\u00e7\u00e3o em nuvem<\/p>\n<p>ROTEIRO DE AULA PR\u00c1TICA<br \/>\nNOME DA DISCIPLINA: ARQUITETURA DE COMPUTA\u00c7\u00c3O EM NUVEM<br \/>\nUnidade: PRINC\u00cdPIOS, CAMADAS E ARQUITETURA DA NUVEM P\u00daBLICA<br \/>\nSe\u00e7\u00e3o: IaaS (Infrastructure as a Service), SaaS (Software as a Service) e PaaS (Platform as a<br \/>\nService)<br \/>\nOBJETIVOS<br \/>\nDefini\u00e7\u00e3o dos objetivos da aula pr\u00e1tica:<br \/>\n\u2013 Compreender os conceitos de IaaS, SaaS e PaaS na computa\u00e7\u00e3o em nuvem.<br \/>\n\u2013 Explorar as caracter\u00edsticas e usabilidades desses modelos de servi\u00e7o.<br \/>\n\u2013 Realizar atividades pr\u00e1ticas para experimentar IaaS, SaaS e PaaS.<br \/>\nSOLU\u00c7\u00c3O DIGITAL<br \/>\n\u2022 MICROSOFT AZURE DATA FACTORY (Ferramenta)<br \/>\nMicrosoft Azure Data Factory: \u00c9 um servi\u00e7o de integra\u00e7\u00e3o de dados que permite criar,<br \/>\nprogramar e orquestrar fluxos de trabalho de integra\u00e7\u00e3o de dados em larga escala. Ele \u00e9 usado<br \/>\nprincipalmente para mover e transformar dados em v\u00e1rios sistemas de armazenamento de<br \/>\ndados.<br \/>\n\u2022 PLATAFORMA HEROKU (Plataforma)<br \/>\nHeroku \u00e9 uma plataforma de computa\u00e7\u00e3o em nuvem que permite aos desenvolvedores<br \/>\nimplantar, gerenciar e escalar aplicativos da web com facilidade.<br \/>\n\u2022 VIRTUAL BOX (Software)<br \/>\nVirtualBox \u00e9 um software de virtualiza\u00e7\u00e3o desenvolvido pela empresa Innotek depois comprado<br \/>\npela Sun Microsystems que posteriormente foi comprada pela Oracle que, como o VMware<br \/>\nWorkstation, visa criar ambientes para instala\u00e7\u00e3o de sistemas distintos.<\/p>\n<p>PROCEDIMENTOS PR\u00c1TICOS<br \/>\nProcedimento\/Atividade n\u00ba 1 (Virtual)<br \/>\n3<br \/>\nAtividade proposta:<br \/>\nConfigurar uma m\u00e1quina virtual em um servi\u00e7o de IaaS.<br \/>\nUtilizar um servi\u00e7o SaaS para produtividade.<br \/>\nImplementar uma aplica\u00e7\u00e3o em uma plataforma PaaS.<br \/>\nProcedimentos para a realiza\u00e7\u00e3o da atividade:<br \/>\nPasso 1: Instala\u00e7\u00e3o do VirtualBox<br \/>\nAntes de criar uma m\u00e1quina virtual, voc\u00ea deve instalar o VirtualBox no seu sistema. Voc\u00ea pode<br \/>\nbaix\u00e1-lo no site oficial da Oracle VirtualBox (https:\/\/www.virtualbox.org\/).<br \/>\nPasso 2: plataforma IaaS<br \/>\n1. Escolha uma plataforma IaaS, ex. Microsoft Azure.<br \/>\n2. Crie uma conta (se ainda n\u00e3o tiver uma).<br \/>\n3. Acesse o painel de controle.<br \/>\n4. Crie uma inst\u00e2ncia de m\u00e1quina virtual.<br \/>\n5. Escolha um sistema operacional.<br \/>\n6. Configure a m\u00e1quina virtual com recursos desejados (CPU, RAM, armazenamento).<br \/>\n7. Inicialize a m\u00e1quina virtual.<br \/>\n8. Acesse a m\u00e1quina virtual por SSH ou RDP.<br \/>\n9. Tire um screenshot da m\u00e1quina virtual em execu\u00e7\u00e3o.<br \/>\nPasso 3: Servi\u00e7o SaaS<br \/>\n1. Escolha um servi\u00e7o SaaS, como Google Workspace (anteriormente G Suite) ou Microsoft<br \/>\n365.<br \/>\n2. Crie uma conta (se ainda n\u00e3o tiver uma).<br \/>\n3. Acesse o painel de controle.<br \/>\n4. Crie um novo documento <a href=\"http:\/\/portifolioos-prontos.com\">o<\/a>u planilha.<br \/>\n5. Edite o documento ou planilha online.<br \/>\n4<br \/>\n6. Compartilhe o documento com um colega.<br \/>\n7. Realize edi\u00e7\u00f5es simult\u00e2neas.<br \/>\nPasso 4: Plataforma PaaS<br \/>\n1. Escolha uma plataforma PaaS. Ex. plataforma Heroku.<br \/>\n2. Crie uma conta (se ainda n\u00e3o tiver uma).<br \/>\n1. Acesse o site da Heroku: Abra seu navegador da web e v\u00e1 para o site oficial da Heroku em<br \/>\nhttps:\/\/www.heroku.com<a href=\"http:\/\/portfolio-pronto.com\">.<\/a><br \/>\n2. No site da Heroku, voc\u00ea encontrar\u00e1 um bot\u00e3o \u201cSign up\u201d (Inscrever-se) no canto superior<br \/>\ndireito. Clique nele para iniciar o processo de cria\u00e7\u00e3o de uma conta.<br \/>\n3. Preencha os detalhes da conta<br \/>\n4. Crie uma senha:<br \/>\n5. Aceite os termos e pol\u00edticas de privacidade<br \/>\n6. Clique em \u201cCreate Free Account\u201d<br \/>\n7. Verifique seu e-mail:<br \/>\n3. Acesse o painel de controle.<br \/>\n4. Crie uma aplica\u00e7\u00e3o.<br \/>\n5. Implemente um aplicativo simples (por exemplo, uma p\u00e1gina da web) usando a linguagem<br \/>\nde programa\u00e7\u00e3o suportada.<br \/>\n6. Fa\u00e7a o deploy do aplicativo.<br \/>\n7. Acesse o aplicativo online.<br \/>\nChecklist:<br \/>\n\u2013 Criou as m\u00e1quinas virtuais no VirtualBox.<br \/>\n\u2013 Conta criada na plataforma escolhida.<br \/>\n\u2013 M\u00e1quina virtual criada com sucesso.<br \/>\n\u2013 Acesso \u00e0 m\u00e1quina virtual estabelecido.<br \/>\n\u2013 Conta criada no servi\u00e7o SaaS escolhido.<br \/>\n\u2013 Documento ou planilha criados e editados.<br \/>\n\u2013 Compartilhamento do documento realizado.<br \/>\n5<br \/>\n\u2013 Conta criada na plataforma PaaS escolhida.<br \/>\n\u2013 Aplica\u00e7\u00e3o criada e implementada com sucesso.<br \/>\n\u2013 Aplicativo online e acess\u00edvel.<br \/>\nRESULTADOS<br \/>\nResultados de Aprendizagem:<br \/>\nAo concluir esta aula pr\u00e1tica, os alunos devem ser capazes de diferenciar os modelos de servi\u00e7o<br \/>\nIaaS, SaaS e PaaS, compreendendo suas caracter\u00edsticas e usabilidades. Eles tamb\u00e9m devem<br \/>\nser capazes de realizar atividades pr\u00e1ticas em cada um desses modelos, demonstrando<br \/>\nconhecimento sobre como configurar m\u00e1quinas virtuais, utilizar servi\u00e7os SaaS para produtividade<br \/>\ne implementar aplicativos em uma plataforma Paa<\/p>\n<p>Aula Pr\u00e1tica Arquitetura de computa\u00e7\u00e3o em nuvem<\/p>\n<\/div>\n<\/div>\n<div class=\"elementor-element elementor-element-edbea74 elementor-widget elementor-widget-woocommerce-product-short-description\" data-id=\"edbea74\" data-element_type=\"widget\" data-widget_type=\"woocommerce-product-short-description.default\">\n<div class=\"elementor-widget-container\">\n<div class=\"woocommerce-product-details__short-description\">\n<div class=\"elementor-toggle-item\">\n<p id=\"elementor-tab-title-1941\" class=\"elementor-tab-title elementor-active\" tabindex=\"0\" role=\"tab\" data-tab=\"1\" aria-controls=\"elementor-tab-content-1941\" aria-expanded=\"true\" aria-selected=\"true\"><strong>Como funciona?<\/strong><\/p>\n<p>Elaboramos os portf\u00f3lios, j\u00e1 deixamos prontos, nas normas da ABNT e conforme os requisitos da universidade. F\u00e1cil assim! O MELHOR \u00c9 QUE VOC\u00ca COMPRA E J\u00c1 BAIXA NA HORA O SEU ARQUIVO EM WORD! Sabemos que conciliar trabalho, fam\u00edlia, vida profissional e estudos \u00e9 dif\u00edcil hoje em dia, por isso, estamos aqui para ajudar voc\u00ea. Conte com nossa qualidade, experi\u00eancia e profissionalismo adquirindo seu portf\u00f3lio conosco. GARANTIMOS SEU CONCEITO!<\/p>\n<p><strong>Como se realizam os envios?<\/strong><\/p>\n<\/div>\n<p id=\"elementor-tab-content-1942\" class=\"elementor-tab-content elementor-clearfix elementor-active\" role=\"tabpanel\" data-tab=\"2\" aria-labelledby=\"elementor-tab-title-1942\">O seu trabalho \u00e9 disponibilizado pronto, respondido e nas normas j\u00e1 na mesma hora aqui em nosso site na sua \u00e1rea de downloads e tamb\u00e9m no seu e-mail.<\/p>\n<p><strong>Em quanto tempo recebo o portf\u00f3lio?<\/strong><\/p>\n<p>Os envios s\u00e3o imediatos. Ap\u00f3s sua compra, o trabalho j\u00e1 \u00e9 disponibilizado instantaneamente aqui em nosso site e no seu e-mail.<\/p>\n<p><strong>E se o portf\u00f3lio que comprei precisar de corre\u00e7\u00e3o?<\/strong><\/p>\n<p>Caso haja alguma solicita\u00e7\u00e3o de corre\u00e7\u00e3o\/altera\u00e7\u00e3o por parte do tutor, basta entrar em contato conosco pelo\u00a0WhatsApp\u00a0que provid\u00eanciaremos sem custo algum.<\/p>\n<p><strong>Qual o formato do arquivo?<\/strong><\/p>\n<p>Os arquivos s\u00e3o enviados em formato Word e s\u00e3o edit\u00e1veis.<\/p>\n<p><strong>Caso eu tiver alguma d\u00favida, terei suporte no p\u00f3s venda?<\/strong><\/p>\n<p>Sim, com certeza. Basta clicar no \u00edcone do WhatsApp no cantinho da tela. Ser\u00e1 um prazer atend\u00ea-lo(a).<\/p>\n<div id=\"elementor-tab-content-1948\" class=\"elementor-tab-content elementor-clearfix elementor-active\" role=\"tabpanel\" data-tab=\"8\" aria-labelledby=\"elementor-tab-title-1948\">\n<p><strong>Quais os seus canais de contato?<\/strong><\/p>\n<\/div>\n<div id=\"elementor-tab-content-1949\" class=\"elementor-tab-content elementor-clearfix elementor-active\" role=\"tabpanel\" data-tab=\"9\" aria-labelledby=\"elementor-tab-title-1949\">\n<p>Whatsapp: 53 984751621 \u2013 Clicar no canto da tela ou ESCANEIE O QRCODE ABAIXO<\/p>\n<h4><img decoding=\"async\" class=\"alignnone wp-image-13699 jetpack-lazy-image jetpack-lazy-image--handled\" src=\"https:\/\/i0.wp.com\/portifolioos-prontos.com\/wp-content\/uploads\/2023\/02\/whatsapp-business-projeto-de-extensao-300x300.jpeg?resize=144%2C144\" sizes=\"(max-width: 144px) 100vw, 144px\" srcset=\"https:\/\/i0.wp.com\/portifolioos-prontos.com\/wp-content\/uploads\/2023\/02\/whatsapp-business-projeto-de-extensao.jpeg?resize=300%2C301&amp;ssl=1 300w, https:\/\/i0.wp.com\/portifolioos-prontos.com\/wp-content\/uploads\/2023\/02\/whatsapp-business-projeto-de-extensao.jpeg?resize=150%2C150&amp;ssl=1 150w, https:\/\/i0.wp.com\/portifolioos-prontos.com\/wp-content\/uploads\/2023\/02\/whatsapp-business-projeto-de-extensao.jpeg?resize=370%2C372&amp;ssl=1 370w, https:\/\/i0.wp.com\/portifolioos-prontos.com\/wp-content\/uploads\/2023\/02\/whatsapp-business-projeto-de-extensao.jpeg?resize=100%2C100&amp;ssl=1 100w, https:\/\/i0.wp.com\/portifolioos-prontos.com\/wp-content\/uploads\/2023\/02\/whatsapp-business-projeto-de-extensao.jpeg?w=470&amp;ssl=1 470w\" alt=\"projeto de extens\u00e3o unopar\" width=\"144\" height=\"144\" data-lazy-loaded=\"1\" \/><\/h4>\n<\/div>\n<div class=\"elementor-toggle-item\">\n<div id=\"elementor-tab-content-1949\" class=\"elementor-tab-content elementor-clearfix elementor-active\" role=\"tabpanel\" data-tab=\"9\" aria-labelledby=\"elementor-tab-title-1949\">\n<p>E-mail:portifoliosp@gmail.com<\/p>\n<div id=\"attachment_143\" class=\"wp-caption alignnone\">\n<div id=\"attachment_143\" class=\"wp-caption alignnone\">\n<p id=\"caption-attachment-143\" class=\"wp-caption-text\"><a href=\"http:\/\/portfolio-pronto.com\/\">Portf\u00f3lio<\/a>\u00a0em Word, respondido, completo e j\u00e1 nas normas<\/p>\n<\/div>\n<\/div>\n<\/div>\n<\/div>\n<\/div>\n<\/div>\n<\/div>\n","protected":false},"excerpt":{"rendered":"<div class=\"product-short-description\">\n<p><strong>Pague pelo PIX ou cart\u00e3o e fa\u00e7a o download agora mesmo.<\/strong><\/p>\n<\/div>\n<div class=\"sticky-add-to-cart-wrapper\">\n<div class=\"sticky-add-to-cart\">\n<p class=\"quantity buttons_added form-flat\"><img decoding=\"async\" class=\"lazyloaded smush-image-5 smush-image-3 smush-image-4 smush-detected-img smush-image-bigger-3\" src=\"https:\/\/d26lpennugtm8s.cloudfront.net\/assets\/common\/img\/logos\/payment\/visa@2x.png\" width=\"46\" height=\"29\" data-src=\"https:\/\/d26lpennugtm8s.cloudfront.net\/assets\/common\/img\/logos\/payment\/visa@2x.png\" \/><img decoding=\"async\" class=\"lazyloaded smush-image-6 smush-image-4 smush-image-5 smush-detected-img smush-image-bigger-4\" src=\"https:\/\/d26lpennugtm8s.cloudfront.net\/assets\/common\/img\/logos\/payment\/boleto@2x.png\" width=\"43\" height=\"27\" data-src=\"https:\/\/d26lpennugtm8s.cloudfront.net\/assets\/common\/img\/logos\/payment\/boleto@2x.png\" \/><img loading=\"lazy\" decoding=\"async\" class=\"lazyloaded smush-image-7 smush-image-5 smush-image-6 smush-detected-img smush-image-bigger-5\" src=\"https:\/\/d26lpennugtm8s.cloudfront.net\/assets\/common\/img\/logos\/payment\/mastercard@2x.png\" width=\"43\" height=\"27\" data-src=\"https:\/\/d26lpennugtm8s.cloudfront.net\/assets\/common\/img\/logos\/payment\/mastercard@2x.png\" \/><img loading=\"lazy\" decoding=\"async\" class=\"lazyloaded smush-image-8 smush-image-6 smush-image-7 smush-detected-img smush-image-bigger-6\" src=\"https:\/\/d26lpennugtm8s.cloudfront.net\/assets\/common\/img\/logos\/payment\/amex@2x.png\" width=\"43\" height=\"27\" data-src=\"https:\/\/d26lpennugtm8s.cloudfront.net\/assets\/common\/img\/logos\/payment\/amex@2x.png\" \/><img loading=\"lazy\" decoding=\"async\" class=\"lazyloaded smush-image-9 smush-image-7 smush-image-8 smush-detected-img smush-image-bigger-7\" src=\"https:\/\/d26lpennugtm8s.cloudfront.net\/assets\/common\/img\/logos\/payment\/diners@2x.png\" width=\"46\" height=\"29\" data-src=\"https:\/\/d26lpennugtm8s.cloudfront.net\/assets\/common\/img\/logos\/payment\/diners@2x.png\" \/><img loading=\"lazy\" decoding=\"async\" class=\"lazyloaded smush-image-10 smush-image-8 smush-image-9 alignnone smush-detected-img smush-image-bigger-8\" src=\"https:\/\/d26lpennugtm8s.cloudfront.net\/assets\/common\/img\/logos\/payment\/br\/elo@2x.png\" alt=\"portf\u00f3lio unopar anhanguera\" width=\"45\" height=\"28\" data-src=\"https:\/\/d26lpennugtm8s.cloudfront.net\/assets\/common\/img\/logos\/payment\/br\/elo@2x.png\" \/><img loading=\"lazy\" decoding=\"async\" class=\"lazyloaded smush-image-11 smush-image-9 smush-image-10 alignnone smush-detected-img smush-image-bigger-9\" src=\"https:\/\/d26lpennugtm8s.cloudfront.net\/assets\/common\/img\/logos\/payment\/br\/hipercard@2x.png\" alt=\"portf\u00f3lio unopar anhanguera\" width=\"44\" height=\"28\" data-src=\"https:\/\/d26lpennugtm8s.cloudfront.net\/assets\/common\/img\/logos\/payment\/br\/hipercard@2x.png\" \/><img loading=\"lazy\" decoding=\"async\" class=\"lazyloaded smush-image-12 smush-image-10 smush-image-11 alignnone smush-detected-img smush-image-bigger-10\" src=\"https:\/\/d26lpennugtm8s.cloudfront.net\/assets\/common\/img\/logos\/payment\/mercadopago@2x.png\" alt=\"portf\u00f3lio unopar anhanguera\" width=\"45\" height=\"28\" data-src=\"https:\/\/d26lpennugtm8s.cloudfront.net\/assets\/common\/img\/logos\/payment\/mercadopago@2x.png\" \/><img loading=\"lazy\" decoding=\"async\" class=\"alignnone ls-is-cached lazyloaded smush-detected-img smush-image-bigger-11\" src=\"https:\/\/futurium.com.br\/wp-content\/uploads\/2021\/06\/logo-pix-icone-512.png\" alt=\"portfolio pronto\" width=\"30\" height=\"30\" data-src=\"https:\/\/futurium.com.br\/wp-content\/uploads\/2021\/06\/logo-pix-icone-512.png\" \/><\/p>\n<\/div>\n<\/div>\n","protected":false},"featured_media":43196,"template":"","meta":{"_seopress_robots_primary_cat":"","_seopress_titles_title":"","_seopress_titles_desc":"","_seopress_robots_index":""},"product_cat":[15],"product_tag":[],"class_list":{"0":"post-43195","1":"product","2":"type-product","3":"status-publish","4":"has-post-thumbnail","6":"product_cat-uncategorized","8":"first","9":"instock","10":"shipping-taxable","11":"purchasable","12":"product-type-simple","13":"col-xs-6 col-sm-4","14":"col-mf-5","15":"un-5-cols"},"jetpack_sharing_enabled":true,"_links":{"self":[{"href":"https:\/\/portifolioos-prontos.com\/index.php\/wp-json\/wp\/v2\/product\/43195","targetHints":{"allow":["GET"]}}],"collection":[{"href":"https:\/\/portifolioos-prontos.com\/index.php\/wp-json\/wp\/v2\/product"}],"about":[{"href":"https:\/\/portifolioos-prontos.com\/index.php\/wp-json\/wp\/v2\/types\/product"}],"version-history":[{"count":0,"href":"https:\/\/portifolioos-prontos.com\/index.php\/wp-json\/wp\/v2\/product\/43195\/revisions"}],"wp:featuredmedia":[{"embeddable":true,"href":"https:\/\/portifolioos-prontos.com\/index.php\/wp-json\/wp\/v2\/media\/43196"}],"wp:attachment":[{"href":"https:\/\/portifolioos-prontos.com\/index.php\/wp-json\/wp\/v2\/media?parent=43195"}],"wp:term":[{"taxonomy":"product_cat","embeddable":true,"href":"https:\/\/portifolioos-prontos.com\/index.php\/wp-json\/wp\/v2\/product_cat?post=43195"},{"taxonomy":"product_tag","embeddable":true,"href":"https:\/\/portifolioos-prontos.com\/index.php\/wp-json\/wp\/v2\/product_tag?post=43195"}],"curies":[{"name":"wp","href":"https:\/\/api.w.org\/{rel}","templated":true}]}}