{"id":43201,"date":"2025-08-18T15:35:27","date_gmt":"2025-08-18T18:35:27","guid":{"rendered":"https:\/\/portifolioos-prontos.com\/?post_type=product&#038;p=43201"},"modified":"2025-08-18T15:52:21","modified_gmt":"2025-08-18T18:52:21","slug":"roteiro-aula-pratica-informatica-aplicada-a-moda-2","status":"publish","type":"product","link":"https:\/\/portifolioos-prontos.com\/index.php\/product\/roteiro-aula-pratica-informatica-aplicada-a-moda-2\/","title":{"rendered":"Roteiro Aula Pr\u00e1tica Inform\u00e1tica Aplicada \u00e0 Moda"},"content":{"rendered":"<h4>Roteiro Aula Pr\u00e1tica Inform\u00e1tica Aplicada \u00e0 Moda<\/h4>\n<p>OBJETIVOS<br \/>\nA elabora\u00e7\u00e3o do modelo de neg\u00f3cios baseado na metodologia Canvas utilizando-se da<br \/>\nplataforma de design gr\u00e1fico chamada Canva.<br \/>\nRECURSOS<br \/>\nComputador com acesso \u00e0 internet e ao ambiente virtual.<br \/>\nPROCEDIMENTOS PR\u00c1TICOS<br \/>\nAtividade proposta<br \/>\nELABORA\u00c7\u00c3O DO MODELO DE NEG\u00d3CIOS BASEADO NA METODOLOGIA CANVAS<br \/>\nE COM O AUX\u00cdILIO DO SOFTWARE CANVA<br \/>\nEsse modelo permite um olhar macro das estrat\u00e9gias para atingir a proposta de valor.<br \/>\nCANVAS = QUADRO<br \/>\nO quadro (Canvas) \u00e9 uma ferramenta para descrever, visualizar, avaliar e alterar um modelo<br \/>\nde neg\u00f3cios:<br \/>\n\u2022 Ao olhar para o Quadro, \u00e9 poss\u00edvel compreender rapidamente sobre que tipo de<br \/>\nneg\u00f3cio se trata;<br \/>\n\u2022 \u00c9 poss\u00edvel ter compreens\u00e3o do todo baseado em uma an\u00e1lise dos blocos e da<br \/>\nintera\u00e7\u00e3o entre eles;<br \/>\n\u2022 Ele tamb\u00e9m \u00e9 uma ferramenta para evidenciar e planejar a valida\u00e7\u00e3o das hip\u00f3teses<br \/>\nque sustentam a viabilidade do neg\u00f3cio.<br \/>\nJ\u00e1 o Canva \u00e9 uma plataforma de design gr\u00e1fico que permite aos usu\u00e1rios criar<br \/>\ngr\u00e1ficos de m\u00eddia social, apresenta\u00e7\u00f5es, infogr\u00e1ficos, p\u00f4steres e outros conte\u00fados<br \/>\nvisuais. Est\u00e1 dispon\u00edvel online de forma gratuita e em dispositivos m\u00f3veis e integra<br \/>\nmilh\u00f5es de imagens, fontes, modelos e ilustra\u00e7\u00f5es.<br \/>\nProcedimentos para a realiza\u00e7\u00e3o da atividade<br \/>\nAbaixo, temos uma vers\u00e3o adaptada do canvas\/quadro criado por Alexander Osterwalder. O<br \/>\nCanvas \u00e9 formato por 9 blocos que comp\u00f5em a l\u00f3gica para o desenvolvimento de um modelo<br \/>\nde neg\u00f3cios.<br \/>\nFonte:\u00a0. Acesso: 23 dejun. 2022<br \/>\nA partir desse modelo, voc\u00ea dever\u00e1 elaborar o seu pr\u00f3prio Canva contendo esses nove<br \/>\nblocos que contemplam os pontos principais do seu neg\u00f3cio utilizando-se da plataforma de<br \/>\ndesign gratuita chamada Canva (que pode ser acessada aqui:<br \/>\nhttps:\/\/www.canva.com\/pt_br\/).<br \/>\nParte 1<br \/>\nPartindo do pressuposto de que voc\u00ea vai abrir uma grife de moda, ser\u00e1 preciso preencher<br \/>\ncada um dos blocos com as informa\u00e7\u00f5es demandadas segundo o modelo. Por exemplo:<br \/>\nParceiros-chaves, que podem ser os lojistas que distribuem o seu produto, os influencers<br \/>\nque divulgam sua marca, etc.<br \/>\nNesse sentido, o canva funcionar\u00e1 como uma Mapa visual que lhe ajudar\u00e1 a visualizar o<br \/>\nseu neg\u00f3cio.<br \/>\nAlgumas dicas para cria\u00e7\u00e3o do seu quadro:<br \/>\n\u2022 Ferramenta Visual: \u00c9 poss\u00edvel determinar atrav\u00e9s das cores de cada bloco o significado<br \/>\nde cada uma delas, como por exemplo: Tudo que estiver em Cor de Rosa s\u00e3o quest\u00f5es que<br \/>\nprecisamos consultar terceiros; tudo que estiver em amarelo dever\u00e1 ser checado para<br \/>\ncompreender se o prazo de entrega dos produtos \u00e9 suficiente; j\u00e1 os verdes s\u00e3o a\u00e7\u00f5es ou<br \/>\nestrat\u00e9gias que j\u00e1 est\u00e3o validadas.<br \/>\n\u2022 Divis\u00e3o Sist\u00eamica: Para o lado esquerdo, temos tudo que est\u00e1 relacionado com p\u00fablicoalvo do business e ao lado direito, temos a proposta de valor o \u201ccomo\u201d quais cursos<br \/>\nutilizaremos para alcan\u00e7ar a proposta de valor, e por fim, na parte inferior do quadro, de onde<br \/>\nvir\u00e3o e quais ser\u00e3o os recursos financeiros investidos.<br \/>\nFonte: Adaptado pelo professor<br \/>\nParte 2<br \/>\n\u2022 Crie seu quadro a partir do modelo utilizando a plataforma Canva<br \/>\n(https:\/\/www.canva.com\/pt_br\/).<br \/>\n\u2022 A plataforma \u00e9 intuitiva e de f\u00e1cil acesso. Explore seus recursos com criatividade,<br \/>\nutilizando icones, emojis, cores, fontes e formas que auxiliem na melhor<br \/>\nvisualidade do seu quadro.<br \/>\n\u2022 Para encontrar modelos edit\u00e1veis dentro da plataforma pesquise por Business<br \/>\nModel Canvas, customize at\u00e9 ficar com a cara do seu neg\u00f3cio!<br \/>\n\u00c1rea de trabalho do Canvas. Fonte: Arquivo pessoal do professor.<br \/>\nChecklist<br \/>\n1. Conex\u00e3o \u00e0 internet.<br \/>\n2. Acesso \u00e0 Plataforma Canva (https:\/\/www.canva.com\/pt_br\/).<br \/>\n3. Elabora\u00e7\u00e3o de um plano de neg\u00f3cio para uma grife de Moda.<br \/>\n4. Cria\u00e7\u00e3o do quadro no Canva.<br \/>\nRESULTADO<br \/>\nAo final desta pr\u00e1tica, voc\u00ea estar\u00e1 apto a elaborar um Mapa visual do seu plano de neg\u00f3cio<br \/>\nutilizando ferramentas de inform\u00e1tica aplicada.<br \/>\nO trabalho dever\u00e1 ser entregue em arquivo Word atendendo as etapas de produ\u00e7\u00e3o e<br \/>\nutilizando os recursos solicitados no roteiro.<br \/>\nO arquivo dever\u00e1 conter:<br \/>\n\u2022 Capa;<br \/>\n\u2022 Folha de rosto com os dados da disciplina e do aluno;<br \/>\n\u2022 Os resultados das atividades pr\u00e1ticas exigidas pelo roteiro;<br \/>\n\u2022 Refer\u00eancias bibliogr\u00e1ficas (quando houver).<\/p>\n<div class=\"elementor-toggle-item\">\n<p id=\"elementor-tab-title-1941\" class=\"elementor-tab-title elementor-active\" tabindex=\"0\" role=\"tab\" data-tab=\"1\" aria-controls=\"elementor-tab-content-1941\" aria-expanded=\"true\" aria-selected=\"true\"><strong>Como funciona?<\/strong><\/p>\n<p>Elaboramos os portf\u00f3lios, j\u00e1 deixamos prontos, nas normas da ABNT e conforme os requisitos da universidade. F\u00e1cil assim! O MELHOR \u00c9 QUE VOC\u00ca COMPRA E J\u00c1 BAIXA NA HORA O SEU ARQUIVO EM WORD! Sabemos que conciliar trabalho, fam\u00edlia, vida profissional e estudos \u00e9 dif\u00edcil hoje em dia, por isso, estamos aqui para ajudar voc\u00ea. Conte com nossa qualidade, experi\u00eancia e profissionalismo adquirindo seu portf\u00f3lio conosco. GARANTIMOS SEU CONCEITO!<\/p>\n<p><strong>Como se realizam os envios?<\/strong><\/p>\n<\/div>\n<p id=\"elementor-tab-content-1942\" class=\"elementor-tab-content elementor-clearfix elementor-active\" role=\"tabpanel\" data-tab=\"2\" aria-labelledby=\"elementor-tab-title-1942\">O seu trabalho \u00e9 disponibilizado pronto, respondido e nas normas j\u00e1 na mesma hora aqui em nosso site na sua \u00e1rea de downloads e tamb\u00e9m no seu e-mail.<\/p>\n<p><strong>Em quanto tempo recebo o portf\u00f3lio?<\/strong><\/p>\n<p>Os envios s\u00e3o imediatos. Ap\u00f3s sua compra, o trabalho j\u00e1 \u00e9 disponibilizado instantaneamente aqui em nosso site e no seu e-mail.<\/p>\n<p><strong>E se o portf\u00f3lio que comprei precisar de corre\u00e7\u00e3o?<\/strong><\/p>\n<p>Caso haja alguma solicita\u00e7\u00e3o de corre\u00e7\u00e3o\/altera\u00e7\u00e3o por parte do tutor, basta entrar em contato conosco pelo\u00a0WhatsApp\u00a0que provid\u00eanciaremos sem custo algum.<\/p>\n<p><strong>Qual o formato do arquivo?<\/strong><\/p>\n<p>Os arquivos s\u00e3o enviados em formato Word e s\u00e3o edit\u00e1veis.<\/p>\n<p><strong>Caso eu tiver alguma d\u00favida, terei suporte no p\u00f3s venda?<\/strong><\/p>\n<p>Sim, com certeza. Basta clicar no \u00edcone do WhatsApp no cantinho da tela. Ser\u00e1 um prazer atend\u00ea-lo(a).<\/p>\n<div id=\"elementor-tab-content-1948\" class=\"elementor-tab-content elementor-clearfix elementor-active\" role=\"tabpanel\" data-tab=\"8\" aria-labelledby=\"elementor-tab-title-1948\">\n<p><strong>Quais os seus canais de contato?<\/strong><\/p>\n<\/div>\n<div id=\"elementor-tab-content-1949\" class=\"elementor-tab-content elementor-clearfix elementor-active\" role=\"tabpanel\" data-tab=\"9\" aria-labelledby=\"elementor-tab-title-1949\">\n<p>Whatsapp: 53 984751621 \u2013 Clicar no canto da tela ou ESCANEIE O QRCODE ABAIXO<\/p>\n<h4><img decoding=\"async\" class=\"alignnone wp-image-13699 jetpack-lazy-image jetpack-lazy-image--handled\" src=\"https:\/\/i0.wp.com\/portifolioos-prontos.com\/wp-content\/uploads\/2023\/02\/whatsapp-business-projeto-de-extensao-300x300.jpeg?resize=144%2C144\" sizes=\"(max-width: 144px) 100vw, 144px\" srcset=\"https:\/\/i0.wp.com\/portifolioos-prontos.com\/wp-content\/uploads\/2023\/02\/whatsapp-business-projeto-de-extensao.jpeg?resize=300%2C301&amp;ssl=1 300w, https:\/\/i0.wp.com\/portifolioos-prontos.com\/wp-content\/uploads\/2023\/02\/whatsapp-business-projeto-de-extensao.jpeg?resize=150%2C150&amp;ssl=1 150w, https:\/\/i0.wp.com\/portifolioos-prontos.com\/wp-content\/uploads\/2023\/02\/whatsapp-business-projeto-de-extensao.jpeg?resize=370%2C372&amp;ssl=1 370w, https:\/\/i0.wp.com\/portifolioos-prontos.com\/wp-content\/uploads\/2023\/02\/whatsapp-business-projeto-de-extensao.jpeg?resize=100%2C100&amp;ssl=1 100w, https:\/\/i0.wp.com\/portifolioos-prontos.com\/wp-content\/uploads\/2023\/02\/whatsapp-business-projeto-de-extensao.jpeg?w=470&amp;ssl=1 470w\" alt=\"projeto de extens\u00e3o unopar\" width=\"144\" height=\"144\" data-lazy-loaded=\"1\" \/><\/h4>\n<\/div>\n<div class=\"elementor-toggle-item\">\n<div id=\"elementor-tab-content-1949\" class=\"elementor-tab-content elementor-clearfix elementor-active\" role=\"tabpanel\" data-tab=\"9\" aria-labelledby=\"elementor-tab-title-1949\">\n<p>E-mail:portifoliosp@gmail.com<\/p>\n<div id=\"attachment_143\" class=\"wp-caption alignnone\">\n<div id=\"attachment_143\" class=\"wp-caption alignnone\">\n<p id=\"caption-attachment-143\" class=\"wp-caption-text\"><a href=\"http:\/\/portfolio-pronto.com\/\">Portf\u00f3lio<\/a>\u00a0em Word, respondido, completo e j\u00e1 nas normas<\/p>\n<\/div>\n<\/div>\n<\/div>\n<\/div>\n","protected":false},"excerpt":{"rendered":"<div class=\"product-short-description\">\n<p><strong>Pague pelo PIX ou cart\u00e3o e fa\u00e7a o download agora mesmo.<\/strong><\/p>\n<\/div>\n<div class=\"sticky-add-to-cart-wrapper\">\n<div class=\"sticky-add-to-cart\">\n<p class=\"quantity buttons_added form-flat\"><img decoding=\"async\" class=\"lazyloaded smush-image-5 smush-image-3 smush-image-4 smush-detected-img smush-image-bigger-3\" src=\"https:\/\/d26lpennugtm8s.cloudfront.net\/assets\/common\/img\/logos\/payment\/visa@2x.png\" width=\"46\" height=\"29\" data-src=\"https:\/\/d26lpennugtm8s.cloudfront.net\/assets\/common\/img\/logos\/payment\/visa@2x.png\" \/><img decoding=\"async\" class=\"lazyloaded smush-image-6 smush-image-4 smush-image-5 smush-detected-img smush-image-bigger-4\" src=\"https:\/\/d26lpennugtm8s.cloudfront.net\/assets\/common\/img\/logos\/payment\/boleto@2x.png\" width=\"43\" height=\"27\" data-src=\"https:\/\/d26lpennugtm8s.cloudfront.net\/assets\/common\/img\/logos\/payment\/boleto@2x.png\" \/><img loading=\"lazy\" decoding=\"async\" class=\"lazyloaded smush-image-7 smush-image-5 smush-image-6 smush-detected-img smush-image-bigger-5\" src=\"https:\/\/d26lpennugtm8s.cloudfront.net\/assets\/common\/img\/logos\/payment\/mastercard@2x.png\" width=\"43\" height=\"27\" data-src=\"https:\/\/d26lpennugtm8s.cloudfront.net\/assets\/common\/img\/logos\/payment\/mastercard@2x.png\" \/><img loading=\"lazy\" decoding=\"async\" class=\"lazyloaded smush-image-8 smush-image-6 smush-image-7 smush-detected-img smush-image-bigger-6\" src=\"https:\/\/d26lpennugtm8s.cloudfront.net\/assets\/common\/img\/logos\/payment\/amex@2x.png\" width=\"43\" height=\"27\" data-src=\"https:\/\/d26lpennugtm8s.cloudfront.net\/assets\/common\/img\/logos\/payment\/amex@2x.png\" \/><img loading=\"lazy\" decoding=\"async\" class=\"lazyloaded smush-image-9 smush-image-7 smush-image-8 smush-detected-img smush-image-bigger-7\" src=\"https:\/\/d26lpennugtm8s.cloudfront.net\/assets\/common\/img\/logos\/payment\/diners@2x.png\" width=\"46\" height=\"29\" data-src=\"https:\/\/d26lpennugtm8s.cloudfront.net\/assets\/common\/img\/logos\/payment\/diners@2x.png\" \/><img loading=\"lazy\" decoding=\"async\" class=\"lazyloaded smush-image-10 smush-image-8 smush-image-9 alignnone smush-detected-img smush-image-bigger-8\" src=\"https:\/\/d26lpennugtm8s.cloudfront.net\/assets\/common\/img\/logos\/payment\/br\/elo@2x.png\" alt=\"portf\u00f3lio unopar anhanguera\" width=\"45\" height=\"28\" data-src=\"https:\/\/d26lpennugtm8s.cloudfront.net\/assets\/common\/img\/logos\/payment\/br\/elo@2x.png\" \/><img loading=\"lazy\" decoding=\"async\" class=\"lazyloaded smush-image-11 smush-image-9 smush-image-10 alignnone smush-detected-img smush-image-bigger-9\" src=\"https:\/\/d26lpennugtm8s.cloudfront.net\/assets\/common\/img\/logos\/payment\/br\/hipercard@2x.png\" alt=\"portf\u00f3lio unopar anhanguera\" width=\"44\" height=\"28\" data-src=\"https:\/\/d26lpennugtm8s.cloudfront.net\/assets\/common\/img\/logos\/payment\/br\/hipercard@2x.png\" \/><img loading=\"lazy\" decoding=\"async\" class=\"lazyloaded smush-image-12 smush-image-10 smush-image-11 alignnone smush-detected-img smush-image-bigger-10\" src=\"https:\/\/d26lpennugtm8s.cloudfront.net\/assets\/common\/img\/logos\/payment\/mercadopago@2x.png\" alt=\"portf\u00f3lio unopar anhanguera\" width=\"45\" height=\"28\" data-src=\"https:\/\/d26lpennugtm8s.cloudfront.net\/assets\/common\/img\/logos\/payment\/mercadopago@2x.png\" \/><img loading=\"lazy\" decoding=\"async\" class=\"alignnone ls-is-cached lazyloaded smush-detected-img smush-image-bigger-11\" src=\"https:\/\/futurium.com.br\/wp-content\/uploads\/2021\/06\/logo-pix-icone-512.png\" alt=\"portfolio pronto\" width=\"30\" height=\"30\" data-src=\"https:\/\/futurium.com.br\/wp-content\/uploads\/2021\/06\/logo-pix-icone-512.png\" \/><\/p>\n<\/div>\n<\/div>\n","protected":false},"featured_media":43202,"template":"","meta":{"_seopress_robots_primary_cat":"","_seopress_titles_title":"","_seopress_titles_desc":"","_seopress_robots_index":""},"product_cat":[110],"product_tag":[],"class_list":{"0":"post-43201","1":"product","2":"type-product","3":"status-publish","4":"has-post-thumbnail","6":"product_cat-design-de-moda","8":"first","9":"instock","10":"shipping-taxable","11":"purchasable","12":"product-type-simple","13":"col-xs-6 col-sm-4","14":"col-mf-5","15":"un-5-cols"},"jetpack_sharing_enabled":true,"_links":{"self":[{"href":"https:\/\/portifolioos-prontos.com\/index.php\/wp-json\/wp\/v2\/product\/43201","targetHints":{"allow":["GET"]}}],"collection":[{"href":"https:\/\/portifolioos-prontos.com\/index.php\/wp-json\/wp\/v2\/product"}],"about":[{"href":"https:\/\/portifolioos-prontos.com\/index.php\/wp-json\/wp\/v2\/types\/product"}],"version-history":[{"count":0,"href":"https:\/\/portifolioos-prontos.com\/index.php\/wp-json\/wp\/v2\/product\/43201\/revisions"}],"wp:featuredmedia":[{"embeddable":true,"href":"https:\/\/portifolioos-prontos.com\/index.php\/wp-json\/wp\/v2\/media\/43202"}],"wp:attachment":[{"href":"https:\/\/portifolioos-prontos.com\/index.php\/wp-json\/wp\/v2\/media?parent=43201"}],"wp:term":[{"taxonomy":"product_cat","embeddable":true,"href":"https:\/\/portifolioos-prontos.com\/index.php\/wp-json\/wp\/v2\/product_cat?post=43201"},{"taxonomy":"product_tag","embeddable":true,"href":"https:\/\/portifolioos-prontos.com\/index.php\/wp-json\/wp\/v2\/product_tag?post=43201"}],"curies":[{"name":"wp","href":"https:\/\/api.w.org\/{rel}","templated":true}]}}