{"id":43204,"date":"2025-08-18T15:41:55","date_gmt":"2025-08-18T18:41:55","guid":{"rendered":"https:\/\/portifolioos-prontos.com\/?post_type=product&#038;p=43204"},"modified":"2025-08-18T15:52:21","modified_gmt":"2025-08-18T18:52:21","slug":"aula-pratica-praticas-integrativas-orientais-shantala","status":"publish","type":"product","link":"https:\/\/portifolioos-prontos.com\/index.php\/product\/aula-pratica-praticas-integrativas-orientais-shantala\/","title":{"rendered":"Aula pr\u00e1tica Pr\u00e1ticas Integrativas Orientais (Shantala)"},"content":{"rendered":"<h5>Aula pr\u00e1tica Pr\u00e1ticas Integrativas Orientais (Shantala)<\/h5>\n<p>ROTEIRO DE AULA PR\u00c1TICA<br \/>\nNOME DA DISCIPLINA: Terapias Integrativas Orientais<br \/>\nUnidade: U2_Massagem Ayurv\u00e9dica e Shantala<br \/>\nAula: A3_ Shantala<br \/>\nOBJETIVOS<br \/>\nDefini\u00e7\u00e3o dos objetivos da aula pr\u00e1tica:<br \/>\nConhecer e praticar t\u00e9cnicas relacionadas \u00e0s pr\u00e1ticas integrativas orientais;.<br \/>\n\u2013 Associar a teoria com a aplica\u00e7\u00e3o pr\u00e1tica das pr\u00e1ticas integrativas orientais, desenvolvendo<br \/>\nracioc\u00ednio cl\u00ednico para aplica\u00e7\u00e3o das t\u00e9cnicas de forma eficaz;<br \/>\n\u2013 Conhecer a aplica\u00e7\u00e3o cl\u00ednica das t\u00e9cnicas propostas para diferentes p\u00fablicos, com diferentes<br \/>\nnecessidades.<br \/>\nSOLU\u00c7\u00c3O DIGITAL:<br \/>\nNSA<br \/>\nPROCEDIMENTOS PR\u00c1TICOS E APLICA\u00c7\u00d5ES<br \/>\nProcedimento\/Atividade n\u00ba <a href=\"http:\/\/portifolioos-prontos.com\">1<\/a><br \/>\nInserir o nome do experimento: Massagem Shantala<br \/>\nAtividade proposta: Realizar o passo a passo da massagem shantala entendendo os<br \/>\nbenef\u00edcios proporcionados por ela.<br \/>\nProcedimentos para a realiza\u00e7\u00e3o da atividade:<br \/>\nPara essa atividade voc\u00ea precisar\u00e1 de uma boneca de brinquedo.<br \/>\nExplique os cuidados e preparo do beb\u00ea para a massagem e como dever\u00e1 ser seu<br \/>\nposicionamento e do beb\u00ea.<br \/>\nImagine que voc\u00ea \u00e9 o terapeuta que ir\u00e1 ensinar a um pequeno grupo de m\u00e3es a aplica\u00e7\u00e3o da<br \/>\nshantala. Para isso, voc\u00ea dever\u00e1 se sentar confortavelmente, com as pernas esticadas, e apoiar<br \/>\na boneca sobre suas pernas como recomendado. Voc\u00ea i<a href=\"http:\/\/portfolio-pronto.com\">r<\/a>\u00e1 realizar uma sequ\u00eancia da shantala.<br \/>\nTire fotos da atividade proposta e descreva o que deve ser realizado em cada etapa.<br \/>\nP\u00fablico3<br \/>\nAvaliando os resultados:<br \/>\nO primeiro passo \u00e9 realizar o passo do passo da massagem shantala de acordo com os<br \/>\nmateriais disponibilizados.<br \/>\nAp\u00f3s a atividade elaborar um relat\u00f3rio que integre e relacione as atividades propostas<br \/>\ndurante a aula. Seu relat\u00f3rio deve apresentar:<br \/>\nIntrodu\u00e7\u00e3o: apresenta\u00e7\u00e3o e contextualiza\u00e7\u00e3o dos objetivos da pr\u00e1tica ( com a ficha de<br \/>\navalia\u00e7\u00e3o elaborada por voc\u00ea).<br \/>\nRealizar uma sequ\u00eancia da massagem Shantala.<br \/>\nConclus\u00e3o: fa\u00e7a uma retomada do tema da aula com a s\u00edntese da discuss\u00e3o proposta.<br \/>\nChecklist:<br \/>\nEXEMPLO:<br \/>\n\u2713 Leitura de todo material disponibilizado.<br \/>\n\u2713 Realiza\u00e7\u00e3o das atividades propostas.<br \/>\n\u2713 Ap\u00f3s realizada a aula pr\u00e1tica, voc\u00ea dever\u00e1 elaborar um texto que integre e<br \/>\nrelacione as atividades propostas durante a aula.<br \/>\nRESULTADOS<br \/>\nResultados do experimento:<br \/>\nAo final dessa aula pr\u00e1tica, voc\u00ea dever\u00e1 enviar um arquivo em word contendo as informa\u00e7\u00f5es<br \/>\nobtidas no passo a passo da atividade.<br \/>\nO arquivo n\u00e3o pode exceder o tamanho de 2Mb.<br \/>\n\u2022 Refer\u00eancias bibliogr\u00e1ficas ABNT (quando houver).<br \/>\nResultados de Aprendizagem:<br \/>\nComo resultados dessa pr\u00e1tica ser\u00e1 poss\u00edvel realizar o passo a passo da massagem shantala<br \/>\nal\u00e9m de entender os benef\u00edcios proporcionados por ela e a integra\u00e7\u00e3o desta com as pr\u00e1ticas<br \/>\nintegrativas.<\/p>\n","protected":false},"excerpt":{"rendered":"<p>Aula pr\u00e1tica Pr\u00e1ticas Integrativas Orientais (Shantala) ROTEIRO DE AULA PR\u00c1TICA NOME DA DISCIPLINA: Terapias Integrativas Orientais Unidade: U2_Massagem Ayurv\u00e9dica e Shantala Aula: A3_ Shantala OBJETIVOS Defini\u00e7\u00e3o dos objetivos da aula pr\u00e1tica: Conhecer e praticar t\u00e9cnicas relacionadas \u00e0s pr\u00e1ticas integrativas orientais;. \u2013 Associar a teoria com a aplica\u00e7\u00e3o pr\u00e1tica das pr\u00e1ticas integrativas orientais, desenvolvendo racioc\u00ednio cl\u00ednico&hellip;<\/p>\n","protected":false},"featured_media":43205,"template":"","meta":{"_seopress_robots_primary_cat":"","_seopress_titles_title":"","_seopress_titles_desc":"","_seopress_robots_index":""},"product_cat":[121],"product_tag":[],"class_list":{"0":"post-43204","1":"product","2":"type-product","3":"status-publish","4":"has-post-thumbnail","6":"product_cat-terapias-integrativas-e-complementares","8":"first","9":"instock","10":"shipping-taxable","11":"purchasable","12":"product-type-simple","13":"col-xs-6 col-sm-4","14":"col-mf-5","15":"un-5-cols"},"jetpack_sharing_enabled":true,"_links":{"self":[{"href":"https:\/\/portifolioos-prontos.com\/index.php\/wp-json\/wp\/v2\/product\/43204","targetHints":{"allow":["GET"]}}],"collection":[{"href":"https:\/\/portifolioos-prontos.com\/index.php\/wp-json\/wp\/v2\/product"}],"about":[{"href":"https:\/\/portifolioos-prontos.com\/index.php\/wp-json\/wp\/v2\/types\/product"}],"version-history":[{"count":0,"href":"https:\/\/portifolioos-prontos.com\/index.php\/wp-json\/wp\/v2\/product\/43204\/revisions"}],"wp:featuredmedia":[{"embeddable":true,"href":"https:\/\/portifolioos-prontos.com\/index.php\/wp-json\/wp\/v2\/media\/43205"}],"wp:attachment":[{"href":"https:\/\/portifolioos-prontos.com\/index.php\/wp-json\/wp\/v2\/media?parent=43204"}],"wp:term":[{"taxonomy":"product_cat","embeddable":true,"href":"https:\/\/portifolioos-prontos.com\/index.php\/wp-json\/wp\/v2\/product_cat?post=43204"},{"taxonomy":"product_tag","embeddable":true,"href":"https:\/\/portifolioos-prontos.com\/index.php\/wp-json\/wp\/v2\/product_tag?post=43204"}],"curies":[{"name":"wp","href":"https:\/\/api.w.org\/{rel}","templated":true}]}}