{"id":43242,"date":"2025-08-18T20:06:45","date_gmt":"2025-08-18T23:06:45","guid":{"rendered":"https:\/\/portifolioos-prontos.com\/?post_type=product&#038;p=43242"},"modified":"2026-03-02T16:47:17","modified_gmt":"2026-03-02T19:47:17","slug":"aula-pratica-cadeias-produtivas-unidade-3-cadeias-produtivas-de-graos-e-cereais","status":"publish","type":"product","link":"https:\/\/portifolioos-prontos.com\/index.php\/product\/aula-pratica-cadeias-produtivas-unidade-3-cadeias-produtivas-de-graos-e-cereais\/","title":{"rendered":"Aula Pr\u00e1tica Cadeias Produtivas &#8211; Unidade 3 &#8211; Cadeias produtivas de Gr\u00e3os e Cereais"},"content":{"rendered":"<h4>Aula Pr\u00e1tica Cadeias Produtivas<\/h4>\n<p><strong>ROTEIRO DE AULA PR\u00c1TICA<\/strong><br \/>\n<strong>NOME DA DISCIPLINA: CADEIAS PRODUTIVAS<\/strong><br \/>\n<strong>Unidade: 3 &#8211; CADEIAS PRODUTIVAS DE GR\u00c3OS E CEREAIS<\/strong><br \/>\n<strong>Se\u00e7\u00e3o: 2 &#8211; CADEIAS PRODUTIVAS DO MILHO<\/strong><\/p>\n<hr \/>\n<p><strong>OBJETIVOS<\/strong><br \/>\nDefini\u00e7\u00e3o dos objetivos da aula pr\u00e1tica:<br \/>\n&#8211; Estimular o aluno a aprofundar seus conhecimentos sobre as cadeias produtivas de produ\u00e7\u00e3o<br \/>\nvegetal que tenham relev\u00e2ncia em seu munic\u00edpio ou regi\u00e3o.<br \/>\n&#8211; Conhecer os aspectos espec\u00edficos da cadeia produtiva escolhida para o desenvolvimento deste<br \/>\ntrabalho;<br \/>\n&#8211; Aprofundar seu conhecimento sobre as potencialidades e os fatores limitantes para o<br \/>\ndesenvolvimento da cadeia produtiva escolhida na regi\u00e3o<a href=\"http:\/\/portifolioos-prontos.com\">.<\/a><br \/>\n<strong>INFRAESTRUTURA<\/strong><br \/>\nInstala\u00e7\u00f5es \u2013 Materiais de consumo \u2013 Equipamentos:<br \/>\nLABORAT\u00d3RIO DE INFORM\u00c1TICA<br \/>\n<strong>EQUIPAMENTOS:<\/strong><br \/>\n\u2022 Desktop Lab Informatica &#8211; Positivo C6300<br \/>\n~ 1 aluno<br \/>\n<strong>SOLU\u00c7\u00c3O DIGITAL<\/strong><br \/>\n\u2022 MICROSOFT OFFICE (Software)<br \/>\nO Microsoft Office, ou simplesmente Office, \u00e9 um pacote de APP s para escrit\u00f3rio e servi\u00e7os,<br \/>\ndesenvolvido pela Microsoft. Cont\u00e9m programas como processador de texto, planilha de c\u00e1lculo,<br \/>\nbanco de dados, apresenta\u00e7\u00e3o gr\u00e1fica, cliente de e-mails, entre outros.<\/p>\n<p><strong>EQUIPAMENTO DE PROTE\u00c7\u00c3O INDIVIDUAL (EPI)<\/strong><br \/>\nN\u00e3o se aplica<br \/>\nPROCEDIMENTO\/ATIVIDADE n\u00ba 1 (Digital)<br \/>\nP\u00fablico3<\/p>\n<hr \/>\n<p><strong>ATIVIDADE PROPOSTA:<\/strong><br \/>\nPara essas atividades pr\u00e1ticas s\u00e3o propostas a pesquisa e levantamento de dados para a<br \/>\nelabora\u00e7\u00e3o de um plano de a\u00e7\u00e3o para a instala\u00e7\u00e3o de uma cultura de gr\u00e3os ou cereais,<br \/>\nestabelecendo as etapas e propondo solu\u00e7\u00f5es para os principais gargalos.<br \/>\n<strong>PROCEDIMENTOS PARA A REALIZA\u00c7\u00c3O DA ATIVIDADE:<\/strong><br \/>\nAtividade 1 \u2013 Levantamento dos dados<br \/>\nPara o desenvolvimento desta atividade primeiramente voc\u00ea dever\u00e1 definir um gr\u00e3o ou cereal.<br \/>\nDefinida a esp\u00e9cie, voc\u00ea ir\u00e1 realizar uma pesquisa sobre a situa\u00e7\u00e3o da sua produ\u00e7\u00e3o no cen\u00e1rio<br \/>\nnacional, buscando por dados e caracteriza\u00e7\u00e3o de cadeias produtivas em estados brasileiros.<br \/>\nConsiderando o produto escolhido fa\u00e7a um levantamento da produ\u00e7\u00e3o brasileira nos \u00faltimos 10<br \/>\nanos, fazendo uma correla\u00e7\u00e3o entre a \u00e1rea colhida e a produtividade.<br \/>\nA seguir sugerimos alguns estudos que podem ser acompanhados:<br \/>\nhttp:\/\/www.scielo.br\/scielo.php?script=sci_arttext&#038;pid=S0103-20032008000100007<br \/>\nhttp:\/\/esalqlog.esalq.usp.br\/upload\/kceditor\/files\/2016\/09\/TN-Lucas-.pdf<br \/>\nhttp:\/\/www.lume.ufrgs.br\/handle\/10183\/52339<br \/>\nDados sobre \u00e1rea colhida, produ\u00e7\u00e3o, produtividade e cota\u00e7\u00f5es podem ser encontrados em:<br \/>\nhttps:\/\/www.conab.gov.br\/info-agro\/safras\/serie-historica-das-safras<br \/>\nhttps:\/\/www.cepea.esalq.usp.br\/br<br \/>\nhttps:\/\/www.noticiasagricolas.com.br\/cotacoes<a href=\"http:\/\/portfolio-pronto.com\">\/<\/a><br \/>\nAtividade 2 \u2013 Miniprojeto: implanta\u00e7\u00e3o da cultura de gr\u00e3os ou cereais<br \/>\nDepois de levantados os dados e utilizando a mesma cultura voc\u00ea dever\u00e1 elaborar um miniprojeto,<br \/>\nsimulando o estudo para a implanta\u00e7\u00e3o dessa cultura. Para tanto dever\u00e1 escolher determinada<br \/>\nlocalidade.<br \/>\nO projeto deve conter a caracteriza\u00e7\u00e3o da cultura, sua import\u00e2ncia, poss\u00edveis rota\u00e7\u00f5es utiliz\u00e1veis,<br \/>\njustificativa para a implanta\u00e7\u00e3o dessa cultura na localidade escolhida, panorama do mercado<br \/>\nconsumidor, tipo de plantio, produtividade m\u00e9dia, cota\u00e7\u00e3o do mercado, tipo de beneficiamento<br \/>\nenvolvido, entraves da cadeia produtiva e poss\u00edveis solu\u00e7\u00f5es.<br \/>\nA escolha da cultura ser\u00e1 livre, contudo, devem ser levados em conta os aspectos edafoclim\u00e1ticos<br \/>\nda regi\u00e3o escolhida. Como sugest\u00e3o para a realiza\u00e7\u00e3o dessa atividade, propomos alguns<br \/>\nmunic\u00edpios inseridos em cadeias produtivas de gr\u00e3os e cereais.<br \/>\nP\u00fablico4<br \/>\nA regi\u00e3o do entorno tamb\u00e9m pode ser considerada:<br \/>\n\u2022 Patroc\u00ednio \u2013 MG (Mesorregi\u00e3o do Tri\u00e2ngulo Mineiro e Alto Parna\u00edba);<br \/>\n\u2022 Agron\u00f4mica \u2013 SC (Mesorregi\u00e3o do vale do Itaja\u00ed)<br \/>\n\u2022 Jaboticabal \u2013 SP (Regi\u00e3o da Alta Mogiana)<br \/>\n\u2022 Formoso do Araguaia \u2013 TO (Regi\u00e3o da Bacia do M\u00e9dio Araguaia)<br \/>\n\u2022 Tibagi \u2013 PR (Regi\u00e3o de Campos Gerais)<br \/>\n\u2022 Entre outras cidades que podem ser inclu\u00eddas, se devidamente justificada a escolha.<br \/>\nNa busca pela cultura mais adequada de gr\u00e3os e cereais em cada cidade ou regi\u00e3o, \u00e9 importante<br \/>\nobservar as portarias de Zoneamento Agr\u00edcola de Risco Clim\u00e1tico, divulgadas anualmente pelo<br \/>\nDi\u00e1rio Oficial da Uni\u00e3o ou em buscas no site do Minist\u00e9rio da Agricultura e Pecu\u00e1ria<br \/>\n(http:\/\/www.agricultura.gov.br).<br \/>\nDe acordo com a cultura escolhida, voc\u00ea dever\u00e1 analisar as op\u00e7\u00f5es por estado, e levantar dados<br \/>\ncomo per\u00edodo de cultivo, tipos de solo, etc.<br \/>\nO resultado dessa sua pesquisa dever\u00e1 ser apresentado na forma de um texto que dever\u00e1 conter<br \/>\nos seguintes elementos:<br \/>\nT\u00edtulo: Referente a produ\u00e7\u00e3o do gr\u00e3o ou cereal<br \/>\nIntrodu\u00e7\u00e3o: Caracteriza\u00e7\u00e3o da cultura, sua import\u00e2ncia, poss\u00edveis rota\u00e7\u00f5es utiliz\u00e1veis.<br \/>\nJustificativa: Apresentar de forma objetiva a raz\u00e3o pela qual voc\u00ea escolheu esta cadeia produtiva<br \/>\npara desenvolver sua pesquisa (justificativa para a implanta\u00e7\u00e3o dessa cultura na localidade<br \/>\nescolhida).<br \/>\nDesenvolvimento: Panorama do mercado consumidor, tipo de plantio, produtividade m\u00e9dia,<br \/>\ncota\u00e7\u00e3o do mercado, tipo de beneficiamento envolvido, entraves da cadeia produtiva.<br \/>\nConclus\u00e3o: Para concluir seu trabalho voc\u00ea dever\u00e1, resumidamente, apresentar os aspectos<br \/>\nestudados e as poss\u00edveis solu\u00e7\u00f5es para os entraves.<br \/>\nOBSERVA\u00c7\u00c2O: N\u00e3o se esque\u00e7a de apresentar a rela\u00e7\u00e3o de todas as bibliografias consultadas,<br \/>\nseguindo o padr\u00e3o da ABNT utilizado pela institui\u00e7\u00e3o. Esta pr\u00e1tica \u00e9 um trabalho original e,<br \/>\nportanto, n\u00e3o poder\u00e1 haver trabalhos id\u00eanticos aos de outros alunos ou com reprodu\u00e7\u00e3o de<br \/>\nmateriais extra\u00eddos da internet. Os trabalhos plagiados ser\u00e3o invalidados. Lembre-se de que a<br \/>\nP\u00fablico5<br \/>\npr\u00e1tica do pl\u00e1gio constitui crime, com pena prevista em lei (Lei n.\u00ba 9.610), e deve ser evitada no<br \/>\n\u00e2mbito acad\u00eamico.<br \/>\nIMPORTANTE: As etapas 1 e 2 propostas, dever\u00e3o estar em relat\u00f3rio das atividades realizadas,<br \/>\npor\u00e9m devem constar em um mesmo documento em word. Voc\u00ea deve postar em seu AVA um<br \/>\n\u00fanico documento contendo o relat\u00f3rio das duas etapas propostas.<\/p>\n<hr \/>\n<p><strong>CHECKLIST:<\/strong><br \/>\nPara o bom desenvolvimento oriente-se pelos itens descritos a seguir:<br \/>\n\u2022 Levantamento de dados sobre determinada cadeia produtiva de gr\u00e3os;<br \/>\n\u2022 Pesquisa por cadeias produtivas estabelecidos em munic\u00edpios\/regi\u00f5es estabelecidas;<br \/>\n\u2022 An\u00e1lise das portarias de Zoneamento Agr\u00edcola de Risco Clim\u00e1tico;<br \/>\n\u2022 Elabora\u00e7\u00e3o do miniprojeto;<br \/>\n\u2022 Relat\u00f3rio.<\/p>\n<hr \/>\n<p><strong>RESULTADOS<\/strong><br \/>\nResultados de Aprendizagem:<br \/>\nOs alunos devem apresentar como resultado da aula, um miniprojeto com dados a respeito de uma<br \/>\ncadeia produtiva de um gr\u00e3o\/cereal, incluindo o panorama, etapas, gargalos, solu\u00e7\u00f5es e<br \/>\ninforma\u00e7\u00f5es necess\u00e1rias para implementa\u00e7\u00e3o de um cultivo em um determinado munic\u00edpio ou<br \/>\nregi\u00e3o brasileira.<\/p>\n<div class=\"elementor-toggle-item\">\n<p id=\"elementor-tab-title-1941\" class=\"elementor-tab-title elementor-active\" tabindex=\"0\" role=\"tab\" data-tab=\"1\" aria-controls=\"elementor-tab-content-1941\" aria-expanded=\"true\" aria-selected=\"true\"><strong>Como funciona?<\/strong><\/p>\n<p>Elaboramos os portf\u00f3lios, j\u00e1 deixamos prontos, nas normas da ABNT e conforme os requisitos da universidade. F\u00e1cil assim! O MELHOR \u00c9 QUE VOC\u00ca COMPRA E J\u00c1 BAIXA NA HORA O SEU ARQUIVO EM WORD! Sabemos que conciliar trabalho, fam\u00edlia, vida profissional e estudos \u00e9 dif\u00edcil hoje em dia, por isso, estamos aqui para ajudar voc\u00ea. Conte com nossa qualidade, experi\u00eancia e profissionalismo adquirindo seu portf\u00f3lio conosco. GARANTIMOS SEU CONCEITO!<\/p>\n<p><strong>Como se realizam os envios?<\/strong><\/p>\n<\/div>\n<p id=\"elementor-tab-content-1942\" class=\"elementor-tab-content elementor-clearfix elementor-active\" role=\"tabpanel\" data-tab=\"2\" aria-labelledby=\"elementor-tab-title-1942\">O seu trabalho \u00e9 disponibilizado pronto, respondido e nas normas j\u00e1 na mesma hora aqui em nosso site na sua \u00e1rea de downloads e tamb\u00e9m no seu e-mail.<\/p>\n<p><strong>Em quanto tempo recebo o portf\u00f3lio?<\/strong><\/p>\n<p>Os envios s\u00e3o imediatos. Ap\u00f3s sua compra, o trabalho j\u00e1 \u00e9 disponibilizado instantaneamente aqui em nosso site e no seu e-mail.<\/p>\n<p><strong>E se o portf\u00f3lio que comprei precisar de corre\u00e7\u00e3o?<\/strong><\/p>\n<p>Caso haja alguma solicita\u00e7\u00e3o de corre\u00e7\u00e3o\/altera\u00e7\u00e3o por parte do tutor, basta entrar em contato conosco pelo\u00a0WhatsApp\u00a0que provid\u00eanciaremos sem custo algum.<\/p>\n<p><strong>Qual o formato do arquivo?<\/strong><\/p>\n<p>Os arquivos s\u00e3o enviados em formato Word e s\u00e3o edit\u00e1veis.<\/p>\n<p><strong>Caso eu tiver alguma d\u00favida, terei suporte no p\u00f3s venda?<\/strong><\/p>\n<p>Sim, com certeza. Basta clicar no \u00edcone do WhatsApp no cantinho da tela. Ser\u00e1 um prazer atend\u00ea-lo(a).<\/p>\n<div id=\"elementor-tab-content-1948\" class=\"elementor-tab-content elementor-clearfix elementor-active\" role=\"tabpanel\" data-tab=\"8\" aria-labelledby=\"elementor-tab-title-1948\">\n<p><strong>Quais os seus canais de contato?<\/strong><\/p>\n<\/div>\n<div id=\"elementor-tab-content-1949\" class=\"elementor-tab-content elementor-clearfix elementor-active\" role=\"tabpanel\" data-tab=\"9\" aria-labelledby=\"elementor-tab-title-1949\">\n<p>Whatsapp: 53 984751621 \u2013 Clicar no canto da tela ou ESCANEIE O QRCODE ABAIXO<\/p>\n<h4><img decoding=\"async\" class=\"alignnone wp-image-13699 jetpack-lazy-image jetpack-lazy-image--handled\" src=\"https:\/\/i0.wp.com\/portifolioos-prontos.com\/wp-content\/uploads\/2023\/02\/whatsapp-business-projeto-de-extensao-300x300.jpeg?resize=144%2C144\" sizes=\"(max-width: 144px) 100vw, 144px\" srcset=\"https:\/\/i0.wp.com\/portifolioos-prontos.com\/wp-content\/uploads\/2023\/02\/whatsapp-business-projeto-de-extensao.jpeg?resize=300%2C301&amp;ssl=1 300w, https:\/\/i0.wp.com\/portifolioos-prontos.com\/wp-content\/uploads\/2023\/02\/whatsapp-business-projeto-de-extensao.jpeg?resize=150%2C150&amp;ssl=1 150w, https:\/\/i0.wp.com\/portifolioos-prontos.com\/wp-content\/uploads\/2023\/02\/whatsapp-business-projeto-de-extensao.jpeg?resize=370%2C372&amp;ssl=1 370w, https:\/\/i0.wp.com\/portifolioos-prontos.com\/wp-content\/uploads\/2023\/02\/whatsapp-business-projeto-de-extensao.jpeg?resize=100%2C100&amp;ssl=1 100w, https:\/\/i0.wp.com\/portifolioos-prontos.com\/wp-content\/uploads\/2023\/02\/whatsapp-business-projeto-de-extensao.jpeg?w=470&amp;ssl=1 470w\" alt=\"projeto de extens\u00e3o unopar\" width=\"144\" height=\"144\" data-lazy-loaded=\"1\" \/><\/h4>\n<\/div>\n<div class=\"elementor-toggle-item\">\n<div id=\"elementor-tab-content-1949\" class=\"elementor-tab-content elementor-clearfix elementor-active\" role=\"tabpanel\" data-tab=\"9\" aria-labelledby=\"elementor-tab-title-1949\">\n<p>E-mail:portifoliosp@gmail.com<\/p>\n<div id=\"attachment_143\" class=\"wp-caption alignnone\">\n<div id=\"attachment_143\" class=\"wp-caption alignnone\">\n<p id=\"caption-attachment-143\" class=\"wp-caption-text\"><a href=\"http:\/\/portfolio-pronto.com\/\">Portf\u00f3lio<\/a>\u00a0em Word, respondido, completo e j\u00e1 nas normas<\/p>\n<\/div>\n<\/div>\n<\/div>\n<\/div>\n","protected":false},"excerpt":{"rendered":"<div class=\"product-short-description\">\n<p><strong>Pague pelo PIX ou cart\u00e3o e fa\u00e7a o download agora mesmo.<\/strong><\/p>\n<\/div>\n<div class=\"sticky-add-to-cart-wrapper\">\n<div class=\"sticky-add-to-cart\">\n<p class=\"quantity buttons_added form-flat\"><img decoding=\"async\" class=\"lazyloaded smush-image-5 smush-image-3 smush-image-4 smush-detected-img smush-image-bigger-3\" src=\"https:\/\/d26lpennugtm8s.cloudfront.net\/assets\/common\/img\/logos\/payment\/visa@2x.png\" width=\"46\" height=\"29\" data-src=\"https:\/\/d26lpennugtm8s.cloudfront.net\/assets\/common\/img\/logos\/payment\/visa@2x.png\" \/><img decoding=\"async\" class=\"lazyloaded smush-image-6 smush-image-4 smush-image-5 smush-detected-img smush-image-bigger-4\" src=\"https:\/\/d26lpennugtm8s.cloudfront.net\/assets\/common\/img\/logos\/payment\/boleto@2x.png\" width=\"43\" height=\"27\" data-src=\"https:\/\/d26lpennugtm8s.cloudfront.net\/assets\/common\/img\/logos\/payment\/boleto@2x.png\" \/><img loading=\"lazy\" decoding=\"async\" class=\"lazyloaded smush-image-7 smush-image-5 smush-image-6 smush-detected-img smush-image-bigger-5\" src=\"https:\/\/d26lpennugtm8s.cloudfront.net\/assets\/common\/img\/logos\/payment\/mastercard@2x.png\" width=\"43\" height=\"27\" data-src=\"https:\/\/d26lpennugtm8s.cloudfront.net\/assets\/common\/img\/logos\/payment\/mastercard@2x.png\" \/><img loading=\"lazy\" decoding=\"async\" class=\"lazyloaded smush-image-8 smush-image-6 smush-image-7 smush-detected-img smush-image-bigger-6\" src=\"https:\/\/d26lpennugtm8s.cloudfront.net\/assets\/common\/img\/logos\/payment\/amex@2x.png\" width=\"43\" height=\"27\" data-src=\"https:\/\/d26lpennugtm8s.cloudfront.net\/assets\/common\/img\/logos\/payment\/amex@2x.png\" \/><img loading=\"lazy\" decoding=\"async\" class=\"lazyloaded smush-image-9 smush-image-7 smush-image-8 smush-detected-img smush-image-bigger-7\" src=\"https:\/\/d26lpennugtm8s.cloudfront.net\/assets\/common\/img\/logos\/payment\/diners@2x.png\" width=\"46\" height=\"29\" data-src=\"https:\/\/d26lpennugtm8s.cloudfront.net\/assets\/common\/img\/logos\/payment\/diners@2x.png\" \/><img loading=\"lazy\" decoding=\"async\" class=\"lazyloaded smush-image-10 smush-image-8 smush-image-9 alignnone smush-detected-img smush-image-bigger-8\" src=\"https:\/\/d26lpennugtm8s.cloudfront.net\/assets\/common\/img\/logos\/payment\/br\/elo@2x.png\" alt=\"portf\u00f3lio unopar anhanguera\" width=\"45\" height=\"28\" data-src=\"https:\/\/d26lpennugtm8s.cloudfront.net\/assets\/common\/img\/logos\/payment\/br\/elo@2x.png\" \/><img loading=\"lazy\" decoding=\"async\" class=\"lazyloaded smush-image-11 smush-image-9 smush-image-10 alignnone smush-detected-img smush-image-bigger-9\" src=\"https:\/\/d26lpennugtm8s.cloudfront.net\/assets\/common\/img\/logos\/payment\/br\/hipercard@2x.png\" alt=\"portf\u00f3lio unopar anhanguera\" width=\"44\" height=\"28\" data-src=\"https:\/\/d26lpennugtm8s.cloudfront.net\/assets\/common\/img\/logos\/payment\/br\/hipercard@2x.png\" \/><img loading=\"lazy\" decoding=\"async\" class=\"lazyloaded smush-image-12 smush-image-10 smush-image-11 alignnone smush-detected-img smush-image-bigger-10\" src=\"https:\/\/d26lpennugtm8s.cloudfront.net\/assets\/common\/img\/logos\/payment\/mercadopago@2x.png\" alt=\"portf\u00f3lio unopar anhanguera\" width=\"45\" height=\"28\" data-src=\"https:\/\/d26lpennugtm8s.cloudfront.net\/assets\/common\/img\/logos\/payment\/mercadopago@2x.png\" \/><\/p>\n<\/div>\n<\/div>\n","protected":false},"featured_media":43243,"template":"","meta":{"_seopress_robots_primary_cat":"none","_seopress_titles_title":"","_seopress_titles_desc":"","_seopress_robots_index":""},"product_cat":[63,29],"product_tag":[],"class_list":{"0":"post-43242","1":"product","2":"type-product","3":"status-publish","4":"has-post-thumbnail","6":"product_cat-agronegocio","7":"product_cat-agronomia","9":"first","10":"instock","11":"downloadable","12":"virtual","13":"purchasable","14":"product-type-simple","15":"col-xs-6 col-sm-4","16":"col-mf-5","17":"un-5-cols"},"jetpack_sharing_enabled":true,"_links":{"self":[{"href":"https:\/\/portifolioos-prontos.com\/index.php\/wp-json\/wp\/v2\/product\/43242","targetHints":{"allow":["GET"]}}],"collection":[{"href":"https:\/\/portifolioos-prontos.com\/index.php\/wp-json\/wp\/v2\/product"}],"about":[{"href":"https:\/\/portifolioos-prontos.com\/index.php\/wp-json\/wp\/v2\/types\/product"}],"version-history":[{"count":3,"href":"https:\/\/portifolioos-prontos.com\/index.php\/wp-json\/wp\/v2\/product\/43242\/revisions"}],"predecessor-version":[{"id":49805,"href":"https:\/\/portifolioos-prontos.com\/index.php\/wp-json\/wp\/v2\/product\/43242\/revisions\/49805"}],"wp:featuredmedia":[{"embeddable":true,"href":"https:\/\/portifolioos-prontos.com\/index.php\/wp-json\/wp\/v2\/media\/43243"}],"wp:attachment":[{"href":"https:\/\/portifolioos-prontos.com\/index.php\/wp-json\/wp\/v2\/media?parent=43242"}],"wp:term":[{"taxonomy":"product_cat","embeddable":true,"href":"https:\/\/portifolioos-prontos.com\/index.php\/wp-json\/wp\/v2\/product_cat?post=43242"},{"taxonomy":"product_tag","embeddable":true,"href":"https:\/\/portifolioos-prontos.com\/index.php\/wp-json\/wp\/v2\/product_tag?post=43242"}],"curies":[{"name":"wp","href":"https:\/\/api.w.org\/{rel}","templated":true}]}}