{"id":43477,"date":"2025-08-21T09:43:43","date_gmt":"2025-08-21T12:43:43","guid":{"rendered":"https:\/\/portifolioos-prontos.com\/?post_type=product&#038;p=43477"},"modified":"2025-10-11T14:11:14","modified_gmt":"2025-10-11T17:11:14","slug":"aula-pratica-microbiologia-basica-2-2025","status":"publish","type":"product","link":"https:\/\/portifolioos-prontos.com\/index.php\/product\/aula-pratica-microbiologia-basica-2-2025\/","title":{"rendered":"Aula Pr\u00e1tica Microbiologia B\u00e1sica"},"content":{"rendered":"<h4>Aula Pr\u00e1tica Microbiologia B\u00e1sica<\/h4>\n<p>ROTEIRO DE ATIVIDADE PR\u00c1TICA<br \/>\nNOME DA DISCIPLINA: Microbiologia B\u00e1sica<br \/>\nUnidade: Unidades 1<br \/>\nAula: Unidade 1_Se\u00e7\u00e3o 2<br \/>\nOBJETIVOS<br \/>\nDefini\u00e7\u00e3o dos objetivos da aula pr\u00e1tica:<br \/>\nA proposta desta atividade pr\u00e1tica est\u00e1 amparada nos seguintes objetivos:<br \/>\n&#8211; Refletir sobre a t\u00e9cnica da lavagem das m\u00e3os e despertar o racioc\u00ednio cr\u00edtico sobre essa<br \/>\ntem\u00e1tica; &#8211; Compreender a import\u00e2ncia da antissepsia das m\u00e3os nos servi\u00e7os de sa\u00fade;<br \/>\n&#8211; Compreender a classifica\u00e7\u00e3o morfol\u00f3gica das bact\u00e9rias com base na colora\u00e7\u00e3o de<br \/>\nGram;<br \/>\n&#8211; Conhecer as caracter\u00edsticas e propriedades biol\u00f3gicas dos principais microrganismos<br \/>\ncausadores de infec\u00e7\u00f5es em seres humanos;<br \/>\n&#8211; Identificar macro e microscopicamente as estruturas de uma cultura de fungos; &#8211;<br \/>\nConhecer os procedimentos envolvidos na realiza\u00e7\u00e3o de um antibiograma pelo m\u00e9todo<br \/>\nde difus\u00e3o em disco (M\u00e9todo de Kirby-Bauer.<br \/>\nINFRAESTRUTURA E MATERIAIS<br \/>\nInstala\u00e7\u00f5es<br \/>\nComputador com acesso \u00e0 internet.<br \/>\nPROCEDIMENTOS PR\u00c1TICOS<br \/>\nATIVIDADE PROPOSTA 01<br \/>\nLavagem das m\u00e3os<br \/>\nProcedimentos para a realiza\u00e7\u00e3o da atividade<br \/>\n1) Antes da t\u00e9cnica da lavagem das m\u00e3os, voc\u00ea ir\u00e1 compreender o preparo do \u00e1lcool 70%, um<br \/>\nantiss\u00e9ptico muito utilizado na t\u00e9cnica de lavagem das m\u00e3os.<br \/>\n2) Voc\u00ea utilizar\u00e1 o laborat\u00f3rio virtual ALGETEC:<br \/>\nP\u00fablico3<br \/>\n3) Clique em: Microbiologia e Imunologia.<br \/>\n4) Clique em: Etanol 70% e lavagem das m\u00e3os;<br \/>\n5) Selecionando o experimento: Selecione entre as op\u00e7\u00f5es \u201cPreparo de etanol 70%\u201d (1),<br \/>\n\u201cLavagem de m\u00e3os: Modo instrucional\u201d (2) e \u201cLavagem de m\u00e3os: Modo experimental\u201d (3). &#8211;<br \/>\nEscolha a pr\u00e1tica selecionando a pr\u00e1tica \u201c1\u201d, \u201c2\u201d ou \u201c3\u201d. &#8211; Selecione a pr\u00e1tica \u201cPreparo de etanol<br \/>\n70%\u201d clicando como o bot\u00e3o esquerdo do mouse.<br \/>\nSEGURAN\u00c7A DO EXPERIMENTO:<br \/>\n&#8211; Lave as m\u00e3os. Coloque os equipamentos de prote\u00e7\u00e3o individual localizados no \u201cArm\u00e1rio de<br \/>\nEPIs\u201d. &#8211; Lave as m\u00e3os clicando na transmiss\u00e3o com o bot\u00e3o esquerdo do mouse. &#8211; Visualize o<br \/>\narm\u00e1rio de EPIs clicando com o bot\u00e3o esquerdo do mouse na c\u00e2mera com o nome \u201cArm\u00e1rio de<br \/>\nEPIs\u201d ou atrav\u00e9s do atalho do teclado \u201cAlt+2\u201d. &#8211; Abra o arm\u00e1rio de EPI clicando com o bot\u00e3o<br \/>\nesquerdo do mouse sobre as portas. &#8211; Selecione os EPIs necess\u00e1rios para a realiza\u00e7\u00e3o do ensaio<br \/>\nclicando com o bot\u00e3o esquerdo do mouse sobre eles. Nesse experimento, \u00e9 obrigat\u00f3rio o uso de<br \/>\njaleco, luvas, \u00f3culos prote\u00e7\u00e3o e m\u00e1scara. &#8211; Feche as portas do arm\u00e1rio de EPIs clicando com o<br \/>\nbot\u00e3o esquerdo do mouse sobre elas. &#8211; Visualize a bancada clicando com o bot\u00e3o esquerdo do<br \/>\nmouse na c\u00e2mera com o nome \u201cBancada\u201d ou atrav\u00e9s do atalho do teclado \u201cAlt+3\u201d.<br \/>\nPREPARANDO O ETANOL 70%<br \/>\nMova o \u00e1lcool 96% para a proveta e mensure 364,6 mL de \u00e1lcool, coloque o \u00e1lcool na bancada.<br \/>\nMova a pisseta com \u00e1gua destilada para a proveta e complete o volume de 500 mL da proveta.<br \/>\nHomogene\u00edze a solu\u00e7\u00e3o com o bast\u00e3o de vidro. &#8211; Mova o \u00e1lcool 96% para a proveta clicando no<br \/>\n\u00e1lcool com bot\u00e3o esquerdo do mouse. &#8211; Preencha 364,6 mL do \u00e1lcool na proveta com \u00e1lcool ao<br \/>\nclicar e pressionar no \u00e1lcool com o bot\u00e3o esquerdo do mouse. &#8211; Visualize a escala da proveta<br \/>\nclicando na proveta com o bot\u00e3o esquerdo do mouse. &#8211; Direcione o \u00e1lcool para a mesa clicando<br \/>\nno \u00e1lcool com o bot\u00e3o direito do mouse. &#8211; Direcione a pisseta com \u00e1gua destilada para a proveta<br \/>\nclicando na pisseta com o bot\u00e3o esquerdo do mouse. &#8211; Complete o volume da proveta at\u00e9 a<br \/>\nmarca\u00e7\u00e3o de 500 mL clicando e pressionando na pisseta com o bot\u00e3o esquerdo do mouse. &#8211;<br \/>\nHomogene\u00edze a solu\u00e7\u00e3o com o bot\u00e3o de vidro clicando no bast\u00e3o de vidro com o bot\u00e3o esquerdo<br \/>\ndo mouse. &#8211; Direcione o funil para a pisseta. Mova a proveta para a pisseta com o funil e preencha<br \/>\ncom a prepara\u00e7\u00e3o de \u00e1lcool 70%. Identifique a pisseta direcionando a caneta. Mova o bico da<br \/>\npisseta para tampar a pisseta.<br \/>\nColoque o funil na pisseta clicando no funil com o bot\u00e3o esquerdo do mouse. &#8211; Preencha a pisseta<br \/>\ncom o \u00e1lcool 70% clicando na proveta com o bot\u00e3o direito do mouse e selecione a op\u00e7\u00e3o \u201cDerrame<br \/>\nna pisseta\u201d. &#8211; Retire o funil da pisseta clicando no funil com o bot\u00e3o esquerdo do mouse. &#8211;<br \/>\nIdentifique a pisseta clicando na caneta com o bot\u00e3o esquerdo do mouse. &#8211; Tampe a pisseta<br \/>\nclicando no bico com o bot\u00e3o esquerdo do mouse.<br \/>\n\u2713 LAVANDO AS M\u00c3OS<br \/>\nP\u00fablico4<br \/>\n&#8211; Selecione a op\u00e7\u00e3o \u201cLavagem de m\u00e3os \u2013 Modo experimental\u201d (3). Lave as m\u00e3os e coloque os<br \/>\nequipamentos de prote\u00e7\u00e3o individual localizados no \u201cArm\u00e1rio de EPIs\u201d. Selecione as imagens da<br \/>\nlavagem de m\u00e3os em ordem correta. Clique no bot\u00e3o \u201c&gt;\u201d e observe a lavagem correta das m\u00e3os.<br \/>\n&#8211; Selecione a \u201cengrenagem\u201d clicando em \u201cOp\u00e7\u00f5es\u201d com o bot\u00e3o esquerdo do mouse. &#8211; Reinicie o<br \/>\nexperimento clicando em \u201cReiniciar experimento\u201d com o bot\u00e3o esquerdo do mouse. &#8211; Selecione a<br \/>\npr\u00e1tica \u201cLavagem das m\u00e3os: Modo experimental\u201d clicando como o bot\u00e3o esquerdo do mouse. &#8211;<br \/>\nVisualize o arm\u00e1rio de EPIs clicando com o bot\u00e3o esquerdo do mouse na c\u00e2mera com o nome<br \/>\n\u201cArm\u00e1rio de EPIs\u201d ou atrav\u00e9s do atalho do teclado \u201cAlt+2\u201d. &#8211; Abra o arm\u00e1rio de EPI clicando com<br \/>\no bot\u00e3o esquerdo do mouse sobre as portas. &#8211; Selecione o EPI necess\u00e1rio para a realiza\u00e7\u00e3o do<br \/>\nensaio clicando com o bot\u00e3o esquerdo do mouse sobre eles. Nesse experimento, \u00e9 obrigat\u00f3rio o<br \/>\nuso do jaleco. &#8211; Feche as portas do arm\u00e1rio de EPIs clicando com o bot\u00e3o esquerdo do mouse<br \/>\nsobre elas. &#8211; Visualize a pia clicando com o bot\u00e3o esquerdo do mouse na c\u00e2mera com o nome<br \/>\n\u201cPia\u201d ou atrav\u00e9s do atalho do teclado \u201cAlt+1\u201d. &#8211; Selecione as etapas de higieniza\u00e7\u00e3o das m\u00e3os<br \/>\nclicando nas imagens com o bot\u00e3o esquerdo do mouse. &#8211; Inicie a higieniza\u00e7\u00e3o das m\u00e3os clicando<br \/>\nno bot\u00e3o \u201c&gt;\u201d com o bot\u00e3o esquerdo do mouse. &#8211; Ao finalizar o experimento perceba as etapas<br \/>\nforam realizadas na ordem correta ficando na cor verde.<br \/>\nATIVIDADE PROPOSTA 02<br \/>\nPreparo da colora\u00e7\u00e3o de Gram<br \/>\nProcedimentos para a realiza\u00e7\u00e3o da atividade<br \/>\n1) Neste procedimento voc\u00ea ir\u00e1 preparar o esfrega\u00e7o de amostras bacterianas.<br \/>\n2) Voc\u00ea utilizar\u00e1 o laborat\u00f3rio virtual ALGETEC:<br \/>\n3) Clique em: Microbiologia e Imunologia. 4) Clique em: Preparo de Esfrega\u00e7o e<br \/>\nColora\u00e7\u00e3o de Gram;<br \/>\n4) Preparo do esfrega\u00e7o para a Colora\u00e7\u00e3o de Gram.<br \/>\n\u2713 Seguran\u00e7a do experiment<a href=\"http:\/\/portfolio-pronto.com\">o<\/a><br \/>\nColoque os equipamentos de prote\u00e7\u00e3o individual localizados no \u201cArm\u00e1rio de EPIs\u201d. &#8211;<br \/>\nSelecione a c\u00e2mera \u201cArm\u00e1rio de EPIs\u201d clicando com o bot\u00e3o esquerdo do mouse sobre<br \/>\no menu lateral esquerdo. &#8211; Abra as portas do arm\u00e1rio clicando com o bot\u00e3o esquerdo do<br \/>\nmouse sobre elas. &#8211; Selecione os EPIs necess\u00e1rios ao experimento clicando com o<br \/>\nbot\u00e3o esquerdo do mouse sobre eles. Nesse experimento ser\u00e3o necess\u00e1rios jaleco,<br \/>\nluvas de l\u00e1tex, \u00f3culos e m\u00e1scara.<br \/>\n\u2713 Confec\u00e7\u00e3o do esfrega\u00e7o bacteriano<br \/>\nAcesse a c\u00e2mera \u201cBico de Bunsen\u201d e abra a v\u00e1lvula de g\u00e1s clicando com o bot\u00e3o<br \/>\nesquerdo do mouse sobre ela. &#8211; Ajuste a chama do bico de Bunsen clicando com o bot\u00e3o<br \/>\nP\u00fablico5<br \/>\nesquerdo do mouse sobre o equipamento e regule a barra de controle. &#8211; Acenda a chama<br \/>\ndo bico de Bunsen clicando com o bot\u00e3o esquerdo do mouse no acendedor. &#8211; Acesse a<br \/>\nc\u00e2mera \u201cl\u00e2minas\u201d e coloque uma gota de soro fisiol\u00f3gico na l\u00e2mina do esfrega\u00e7o<br \/>\nclicando com o bot\u00e3o direito do mouse sobre o recipiente contendo a solu\u00e7\u00e3o. &#8211; Escolha<br \/>\na l\u00e2mina onde a gota ser\u00e1 depositada clicando com o bot\u00e3o esquerdo do mouse na<br \/>\nop\u00e7\u00e3o \u201cL\u00e2mina 1\u201d. &#8211; Esterilize a al\u00e7a bacteriol\u00f3gica clicando com o bot\u00e3o direito do<br \/>\nmouse sobre ela e selecionando a op\u00e7\u00e3o \u201cEsterilizar\u201d. &#8211; Coloque a amostra na l\u00e2mina e<br \/>\nrealize o esfrega\u00e7o clicando na al\u00e7a com o bot\u00e3o direito do mouse e selecionando a<br \/>\nop\u00e7\u00e3o \u201cColocar amostra na l\u00e2mina <a href=\"http:\/\/portifolioos-prontos.com\">1<\/a>\u201d &#8211; Esterilize a al\u00e7a ap\u00f3s o uso. &#8211; Realize a fixa\u00e7\u00e3o<br \/>\ndo esfrega\u00e7o na chama do bico de Bunsen clicando sobre a l\u00e2mina com o bot\u00e3o direito<br \/>\ndo mouse e selecione a op\u00e7\u00e3o \u201cColocar no bico de Bunsen\u201d.<br \/>\nColora\u00e7\u00e3o de Gram<br \/>\n1. Transfira a l\u00e2mina com o material fixado para o suporte de colora\u00e7\u00e3o clicando na<br \/>\nl\u00e2mina com o bot\u00e3o direito e selecionando a op\u00e7\u00e3o \u201cColocar no suporte\u201d.<br \/>\n2. Acesse a c\u00e2mera \u201cPia e solu\u00e7\u00f5es\u201d e coloque o corante violeta genciana sobre a l\u00e2mina<br \/>\nclicando com o bot\u00e3o esquerdo do mouse sobre a pisseta contendo o corante.<br \/>\n3. Aplique o corante clicando com o bot\u00e3o esquerdo do mouse sobre a pisseta<br \/>\nanteriormente posicionada sobre a l\u00e2mina.<br \/>\n4. Deixe o corante agir por 1 (um) minuto. O cron\u00f4metro pode ser acelerado clicando<br \/>\ncom o bot\u00e3o esquerdo do mouse na barra \u201cEscala de tempo\u201d e movimentando o<br \/>\nindicador de velocidade para direita.<br \/>\n5. Lave a l\u00e2mina com um fio de \u00e1gua clicando na l\u00e2mina com o bot\u00e3o direito do mouse<br \/>\ne selecionando a op\u00e7\u00e3o \u201clavar em \u00e1gua corrente.<br \/>\n6. Coloque o corante Lugol sobre a l\u00e2mina clicando com o bot\u00e3o esquerdo do mouse<br \/>\nsobre a pisseta contendo o corante.<br \/>\n7. Aplique o corante clicando com o bot\u00e3o esquerdo do mouse sobre a pisseta<br \/>\nanteriormente posicionada sobre a l\u00e2mina. Deixe agir por 1 minuto e lave a l\u00e2mina.<br \/>\n8. Coloque o \u00e1lcool acetona sobre a l\u00e2mina clicando com o bot\u00e3o esquerdo do mouse<br \/>\nsobre a pisseta contendo o corante.<br \/>\n9. Aplique o \u00e1lcool clicando com o bot\u00e3o esquerdo do mouse sobre a pisseta<br \/>\nanteriormente posicionada sobre a l\u00e2mina. Deixe agir por 20 segundos e lave a l\u00e2mina.<br \/>\n10. Coloque a fucsina sobre a l\u00e2mina clicando com o bot\u00e3o esquerdo do mouse sobre a<br \/>\npisseta contendo o corante.<br \/>\n11. Aplique a fucsina clicando com o bot\u00e3o esquerdo do mouse sobre a pisseta<br \/>\nanteriormente posicionada sobre a l\u00e2mina. Deixe agir por 20 segundos e lave a l\u00e2mina.<br \/>\nP\u00fablico6<br \/>\nVisualizando a l\u00e2mina<br \/>\n1. Retire a l\u00e2mina do suporte e coloque-a na bancada clicado com o bot\u00e3o direito do<br \/>\nmouse sobre ela e selecionando a op\u00e7\u00e3o \u201cColocar na mesa\u201d.<br \/>\n2. Acesse a c\u00e2mera \u201cl\u00e2minas\u201d e mova a l\u00e2mina para o microsc\u00f3pio clicando com o<br \/>\nbot\u00e3o direito do mouse e selecione a op\u00e7\u00e3o \u201ccolocar no microsc\u00f3pio\u201d.<br \/>\n3. Acesse a c\u00e2mera \u201cmicrosc\u00f3pio\u201d e ligue o equipamento clicando com o bot\u00e3o<br \/>\nesquerdo do mouse sobre o interruptor.<br \/>\n4. Coloque uma gota do \u00f3leo de imers\u00e3o sobre a l\u00e2mina clicando com o bot\u00e3o<br \/>\nesquerdo do mouse sobre o recipiente.<br \/>\n5. Movimente as lentes objetivas pressionando o bot\u00e3o esquerdo do mouse sobre o<br \/>\nrev\u00f3lver e arrastando-o para direita ou para esquerda. Utilize a objetiva de 100x para<br \/>\nvisualizar a amostra.<br \/>\nVisualize a l\u00e2mina clicando com o bot\u00e3o esquerdo do mouse em \u201cver ocular\u201d. Realize<br \/>\nos ajustes no charriot e nos bot\u00f5es macro\/microm\u00e9trico para focalizar a imagem.<\/p>\n<div class=\"elementor-toggle-item\">\n<p id=\"elementor-tab-title-1941\" class=\"elementor-tab-title elementor-active\" tabindex=\"0\" role=\"tab\" data-tab=\"1\" aria-controls=\"elementor-tab-content-1941\" aria-expanded=\"true\" aria-selected=\"true\"><strong>Como funciona?<\/strong><\/p>\n<p>Elaboramos os portf\u00f3lios, j\u00e1 deixamos prontos, nas normas da ABNT e conforme os requisitos da universidade. F\u00e1cil assim! O MELHOR \u00c9 QUE VOC\u00ca COMPRA E J\u00c1 BAIXA NA HORA O SEU ARQUIVO EM WORD! Sabemos que conciliar trabalho, fam\u00edlia, vida profissional e estudos \u00e9 dif\u00edcil hoje em dia, por isso, estamos aqui para ajudar voc\u00ea. Conte com nossa qualidade, experi\u00eancia e profissionalismo adquirindo seu portf\u00f3lio conosco. GARANTIMOS SEU CONCEITO!<\/p>\n<p><strong>Como se realizam os envios?<\/strong><\/p>\n<\/div>\n<p id=\"elementor-tab-content-1942\" class=\"elementor-tab-content elementor-clearfix elementor-active\" role=\"tabpanel\" data-tab=\"2\" aria-labelledby=\"elementor-tab-title-1942\">O seu trabalho \u00e9 disponibilizado pronto, respondido e nas normas j\u00e1 na mesma hora aqui em nosso site na sua \u00e1rea de downloads e tamb\u00e9m no seu e-mail.<\/p>\n<p><strong>Em quanto tempo recebo o portf\u00f3lio?<\/strong><\/p>\n<p>Os envios s\u00e3o imediatos. Ap\u00f3s sua compra, o trabalho j\u00e1 \u00e9 disponibilizado instantaneamente aqui em nosso site e no seu e-mail.<\/p>\n<p><strong>E se o portf\u00f3lio que comprei precisar de corre\u00e7\u00e3o?<\/strong><\/p>\n<p>Caso haja alguma solicita\u00e7\u00e3o de corre\u00e7\u00e3o\/altera\u00e7\u00e3o por parte do tutor, basta entrar em contato conosco pelo\u00a0WhatsApp\u00a0que provid\u00eanciaremos sem custo algum.<\/p>\n<p><strong>Qual o formato do arquivo?<\/strong><\/p>\n<p>Os arquivos s\u00e3o enviados em formato Word e s\u00e3o edit\u00e1veis.<\/p>\n<p><strong>Caso eu tiver alguma d\u00favida, terei suporte no p\u00f3s venda?<\/strong><\/p>\n<p>Sim, com certeza. Basta clicar no \u00edcone do WhatsApp no cantinho da tela. Ser\u00e1 um prazer atend\u00ea-lo(a).<\/p>\n<div id=\"elementor-tab-content-1948\" class=\"elementor-tab-content elementor-clearfix elementor-active\" role=\"tabpanel\" data-tab=\"8\" aria-labelledby=\"elementor-tab-title-1948\">\n<p><strong>Quais os seus canais de contato?<\/strong><\/p>\n<\/div>\n<div id=\"elementor-tab-content-1949\" class=\"elementor-tab-content elementor-clearfix elementor-active\" role=\"tabpanel\" data-tab=\"9\" aria-labelledby=\"elementor-tab-title-1949\">\n<p>Whatsapp: 53 984751621 \u2013 Clicar no canto da tela ou ESCANEIE O QRCODE ABAIXO<\/p>\n<h4><img decoding=\"async\" class=\"alignnone wp-image-13699 jetpack-lazy-image jetpack-lazy-image--handled\" src=\"https:\/\/i0.wp.com\/portifolioos-prontos.com\/wp-content\/uploads\/2023\/02\/whatsapp-business-projeto-de-extensao-300x300.jpeg?resize=144%2C144\" sizes=\"(max-width: 144px) 100vw, 144px\" srcset=\"https:\/\/i0.wp.com\/portifolioos-prontos.com\/wp-content\/uploads\/2023\/02\/whatsapp-business-projeto-de-extensao.jpeg?resize=300%2C301&amp;ssl=1 300w, https:\/\/i0.wp.com\/portifolioos-prontos.com\/wp-content\/uploads\/2023\/02\/whatsapp-business-projeto-de-extensao.jpeg?resize=150%2C150&amp;ssl=1 150w, https:\/\/i0.wp.com\/portifolioos-prontos.com\/wp-content\/uploads\/2023\/02\/whatsapp-business-projeto-de-extensao.jpeg?resize=370%2C372&amp;ssl=1 370w, https:\/\/i0.wp.com\/portifolioos-prontos.com\/wp-content\/uploads\/2023\/02\/whatsapp-business-projeto-de-extensao.jpeg?resize=100%2C100&amp;ssl=1 100w, https:\/\/i0.wp.com\/portifolioos-prontos.com\/wp-content\/uploads\/2023\/02\/whatsapp-business-projeto-de-extensao.jpeg?w=470&amp;ssl=1 470w\" alt=\"projeto de extens\u00e3o unopar\" width=\"144\" height=\"144\" data-lazy-loaded=\"1\" \/><\/h4>\n<\/div>\n<div class=\"elementor-toggle-item\">\n<div id=\"elementor-tab-content-1949\" class=\"elementor-tab-content elementor-clearfix elementor-active\" role=\"tabpanel\" data-tab=\"9\" aria-labelledby=\"elementor-tab-title-1949\">\n<p>E-mail:portifoliosp@gmail.com<\/p>\n<div id=\"attachment_143\" class=\"wp-caption alignnone\">\n<div id=\"attachment_143\" class=\"wp-caption alignnone\">\n<p id=\"caption-attachment-143\" class=\"wp-caption-text\"><a href=\"http:\/\/portfolio-pronto.com\/\">Portf\u00f3lio<\/a>\u00a0em Word, respondido, completo e j\u00e1 nas normas<\/p>\n<\/div>\n<\/div>\n<\/div>\n<\/div>\n","protected":false},"excerpt":{"rendered":"<div class=\"product-short-description\">\n<p><strong>Pague pelo PIX ou cart\u00e3o e fa\u00e7a o download agora mesmo.<\/strong><\/p>\n<\/div>\n<div class=\"sticky-add-to-cart-wrapper\">\n<div class=\"sticky-add-to-cart\">\n<p class=\"quantity buttons_added form-flat\"><img decoding=\"async\" class=\"lazyloaded smush-image-5 smush-image-3 smush-image-4 smush-detected-img smush-image-bigger-3\" src=\"https:\/\/d26lpennugtm8s.cloudfront.net\/assets\/common\/img\/logos\/payment\/visa@2x.png\" width=\"46\" height=\"29\" data-src=\"https:\/\/d26lpennugtm8s.cloudfront.net\/assets\/common\/img\/logos\/payment\/visa@2x.png\" \/><img decoding=\"async\" class=\"lazyloaded smush-image-6 smush-image-4 smush-image-5 smush-detected-img smush-image-bigger-4\" src=\"https:\/\/d26lpennugtm8s.cloudfront.net\/assets\/common\/img\/logos\/payment\/boleto@2x.png\" width=\"43\" height=\"27\" data-src=\"https:\/\/d26lpennugtm8s.cloudfront.net\/assets\/common\/img\/logos\/payment\/boleto@2x.png\" \/><img loading=\"lazy\" decoding=\"async\" class=\"lazyloaded smush-image-7 smush-image-5 smush-image-6 smush-detected-img smush-image-bigger-5\" src=\"https:\/\/d26lpennugtm8s.cloudfront.net\/assets\/common\/img\/logos\/payment\/mastercard@2x.png\" width=\"43\" height=\"27\" data-src=\"https:\/\/d26lpennugtm8s.cloudfront.net\/assets\/common\/img\/logos\/payment\/mastercard@2x.png\" \/><img loading=\"lazy\" decoding=\"async\" class=\"lazyloaded smush-image-8 smush-image-6 smush-image-7 smush-detected-img smush-image-bigger-6\" src=\"https:\/\/d26lpennugtm8s.cloudfront.net\/assets\/common\/img\/logos\/payment\/amex@2x.png\" width=\"43\" height=\"27\" data-src=\"https:\/\/d26lpennugtm8s.cloudfront.net\/assets\/common\/img\/logos\/payment\/amex@2x.png\" \/><img loading=\"lazy\" decoding=\"async\" class=\"lazyloaded smush-image-9 smush-image-7 smush-image-8 smush-detected-img smush-image-bigger-7\" src=\"https:\/\/d26lpennugtm8s.cloudfront.net\/assets\/common\/img\/logos\/payment\/diners@2x.png\" width=\"46\" height=\"29\" data-src=\"https:\/\/d26lpennugtm8s.cloudfront.net\/assets\/common\/img\/logos\/payment\/diners@2x.png\" \/><img loading=\"lazy\" decoding=\"async\" class=\"lazyloaded smush-image-10 smush-image-8 smush-image-9 alignnone smush-detected-img smush-image-bigger-8\" src=\"https:\/\/d26lpennugtm8s.cloudfront.net\/assets\/common\/img\/logos\/payment\/br\/elo@2x.png\" alt=\"portf\u00f3lio unopar anhanguera\" width=\"45\" height=\"28\" data-src=\"https:\/\/d26lpennugtm8s.cloudfront.net\/assets\/common\/img\/logos\/payment\/br\/elo@2x.png\" \/><img loading=\"lazy\" decoding=\"async\" class=\"lazyloaded smush-image-11 smush-image-9 smush-image-10 alignnone smush-detected-img smush-image-bigger-9\" src=\"https:\/\/d26lpennugtm8s.cloudfront.net\/assets\/common\/img\/logos\/payment\/br\/hipercard@2x.png\" alt=\"portf\u00f3lio unopar anhanguera\" width=\"44\" height=\"28\" data-src=\"https:\/\/d26lpennugtm8s.cloudfront.net\/assets\/common\/img\/logos\/payment\/br\/hipercard@2x.png\" \/><img loading=\"lazy\" decoding=\"async\" class=\"lazyloaded smush-image-12 smush-image-10 smush-image-11 alignnone smush-detected-img smush-image-bigger-10\" src=\"https:\/\/d26lpennugtm8s.cloudfront.net\/assets\/common\/img\/logos\/payment\/mercadopago@2x.png\" alt=\"portf\u00f3lio unopar anhanguera\" width=\"45\" height=\"28\" data-src=\"https:\/\/d26lpennugtm8s.cloudfront.net\/assets\/common\/img\/logos\/payment\/mercadopago@2x.png\" \/><img loading=\"lazy\" decoding=\"async\" class=\"alignnone lazyloaded smush-detected-img smush-image-bigger-11\" src=\"https:\/\/futurium.com.br\/wp-content\/uploads\/2021\/06\/logo-pix-icone-512.png\" alt=\"portfolio pronto\" width=\"30\" height=\"30\" data-src=\"https:\/\/futurium.com.br\/wp-content\/uploads\/2021\/06\/logo-pix-icone-512.png\" \/><\/p>\n<\/div>\n<\/div>\n","protected":false},"featured_media":43478,"template":"","meta":{"_seopress_robots_primary_cat":"","_seopress_titles_title":"","_seopress_titles_desc":"","_seopress_robots_index":""},"product_cat":[15],"product_tag":[],"class_list":{"0":"post-43477","1":"product","2":"type-product","3":"status-publish","4":"has-post-thumbnail","6":"product_cat-uncategorized","8":"first","9":"instock","10":"downloadable","11":"virtual","12":"purchasable","13":"product-type-simple","14":"col-xs-6 col-sm-4","15":"col-mf-5","16":"un-5-cols"},"jetpack_sharing_enabled":true,"_links":{"self":[{"href":"https:\/\/portifolioos-prontos.com\/index.php\/wp-json\/wp\/v2\/product\/43477","targetHints":{"allow":["GET"]}}],"collection":[{"href":"https:\/\/portifolioos-prontos.com\/index.php\/wp-json\/wp\/v2\/product"}],"about":[{"href":"https:\/\/portifolioos-prontos.com\/index.php\/wp-json\/wp\/v2\/types\/product"}],"version-history":[{"count":1,"href":"https:\/\/portifolioos-prontos.com\/index.php\/wp-json\/wp\/v2\/product\/43477\/revisions"}],"predecessor-version":[{"id":45698,"href":"https:\/\/portifolioos-prontos.com\/index.php\/wp-json\/wp\/v2\/product\/43477\/revisions\/45698"}],"wp:featuredmedia":[{"embeddable":true,"href":"https:\/\/portifolioos-prontos.com\/index.php\/wp-json\/wp\/v2\/media\/43478"}],"wp:attachment":[{"href":"https:\/\/portifolioos-prontos.com\/index.php\/wp-json\/wp\/v2\/media?parent=43477"}],"wp:term":[{"taxonomy":"product_cat","embeddable":true,"href":"https:\/\/portifolioos-prontos.com\/index.php\/wp-json\/wp\/v2\/product_cat?post=43477"},{"taxonomy":"product_tag","embeddable":true,"href":"https:\/\/portifolioos-prontos.com\/index.php\/wp-json\/wp\/v2\/product_tag?post=43477"}],"curies":[{"name":"wp","href":"https:\/\/api.w.org\/{rel}","templated":true}]}}