{"id":43483,"date":"2025-08-21T10:43:39","date_gmt":"2025-08-21T13:43:39","guid":{"rendered":"https:\/\/portifolioos-prontos.com\/?post_type=product&#038;p=43483"},"modified":"2026-03-02T16:39:18","modified_gmt":"2026-03-02T19:39:18","slug":"aula-pratica-analise-exploratoria-de-dados","status":"publish","type":"product","link":"https:\/\/portifolioos-prontos.com\/index.php\/product\/aula-pratica-analise-exploratoria-de-dados\/","title":{"rendered":"Aula Pr\u00e1tica An\u00e1lise Explorat\u00f3ria de Dados"},"content":{"rendered":"<h4>Aula Pr\u00e1tica An\u00e1lise Explorat\u00f3ria de Dados<\/h4>\n<hr \/>\n<p><strong>ROTEIRO DE AULA PR\u00c1TICA<\/strong><br \/>\n<strong>NOME DA DISCIPLINA: An\u00e1lise explorat\u00f3ria de dados<\/strong><br \/>\n<strong>OBJETIVOS<\/strong><br \/>\nDefini\u00e7\u00e3o dos objetivos da aula pr\u00e1tica:<br \/>\n&#8211; Compreender conceitos b\u00e1sicos para utiliza\u00e7\u00e3o de planilha eletr\u00f4nica.<br \/>\n&#8211; Organizar e sistematizar dados em formato de planilha.<br \/>\n&#8211; Utilizar recurso de tabela din\u00e2mica para tratamento de dados.<\/p>\n<hr \/>\n<p><strong>INFRAESTRUTURA<\/strong><br \/>\nInstala\u00e7\u00f5es:<br \/>\nMicrosoft Excel<br \/>\nMateriais de consumo:<br \/>\nDescri\u00e7\u00e3o<br \/>\nQuantidade de materiais<br \/>\npor<br \/>\nprocedimento\/atividade<br \/>\nComputador 1 por aluno<br \/>\nSoftware:<br \/>\nSim ( X ) N\u00e3o ( )<br \/>\nEm caso afirmativo, qual? Microsoft Excel<br \/>\nPago ( X ) N\u00e3o Pago ( )<br \/>\nTipo de Licen\u00e7a: Trial<br \/>\nDescri\u00e7\u00e3o do software:<br \/>\nO Microsoft Excel \u00e9 um programa de planilha eletr\u00f4nica muito utilizando no mundo<br \/>\ncorporativo, sobretudo nas \u00e1reas de finan\u00e7as, para tratamento e manipula\u00e7\u00e3o de dados<br \/>\nnum\u00e9ricos. Muito utilizando tamb\u00e9m na \u00e1rea cont\u00e1bil mas com recursos de sobra para<br \/>\nutiliza\u00e7\u00e3o no tratamento e manipula\u00e7\u00e3o de dados.<br \/>\nEquipamento de Prote\u00e7\u00e3o Individual (EPI):<br \/>\n&#8211; NSA<\/p>\n<hr \/>\n<p><strong>PROCEDIMENTOS PR\u00c1TICOS<\/strong><br \/>\nCria\u00e7\u00e3o de arquivo de planilha eletr\u00f4nica com conjunto de dados para tratamento e manipula\u00e7\u00e3o utilizando recurso<br \/>\nde tabela din\u00e2mica.<br \/>\nAtividade proposta:<br \/>\n&#8211; Cria\u00e7\u00e3o de arquivo no formato .xlsx com conjunto de dados.<br \/>\n&#8211; Utiliza\u00e7\u00e3o do recurso de tabela din\u00e2mica para manipula\u00e7\u00e3o de dados.<br \/>\n3<br \/>\nProcedimentos para a realiza\u00e7\u00e3o da atividade:<br \/>\nVoc\u00ea dever\u00e1:<br \/>\n\u2022 Voc\u00ea deve construir uma planilha com conjunto de dados qualquer para manipul\u00e1-los com recurso de tabela<br \/>\ndin\u00e2mica.<br \/>\n\u2022 Adicione tabela din\u00e2mica \u00e0 panilha a partir selecionando o conjunto de dados previamente preenchidos, (figura<br \/>\n1<a href=\"http:\/\/portifolioos-prontos.com\">)<\/a><br \/>\nFigura 1 | Conjunto de dados.<br \/>\n\u2022 Selecione todo o intervalo de dados, incluindo a linha onde consta o t\u00edtulo das colunas. Como pode notar, foi<br \/>\naplicado a essa linha, uma cor azul (escura) no topo, para facilitar sua identifica\u00e7\u00e3o. Veja na figura 2:<br \/>\nFigura 2 | Intervalo de dados selecionados.<br \/>\n\u2022 V\u00e1 para a guia Inserir e clique em Tabela Din\u00e2mica, como mostra a Figura 3:<br \/>\n4<br \/>\nFigura 3 | Criando Tabela Din\u00e2mica<br \/>\n\u2022 Na Figura 4 \u00e9 apresentada a caixa de di\u00e1logo que surge para defini\u00e7\u00e3o de par\u00e2metros para constru\u00e7\u00e3o da tabela<br \/>\ndin\u00e2mica. Note que, como o intervalo de dados j\u00e1 foi selecionado previamente, o tampo \u201cTabela\/Intervalo\u201d dessa<br \/>\njanela, j\u00e1 aparece preenchido. Por isso, n\u00e3o \u00e9 necess\u00e1rio fazer nenhuma altera\u00e7\u00e3o. Vamos carregar a nota tabela<br \/>\ndin\u00e2mica numa nova planilha. Basta clicar no bot\u00e3o OK:<br \/>\nFigura 4 | Configura\u00e7\u00e3o da nova tabela din\u00e2mica<br \/>\n\u2022 Ap\u00f3s clicar no bot\u00e3o OK, a nova planilha surgir\u00e1 e nela, haver\u00e1 uma janela do lado direito com todos os campos<br \/>\nda tabela que foi selecionada. Note que o nome desses campos ser\u00e1 examente igual ao nome das colunas da<br \/>\ntabela selecinada. Isso facilita sua manipula\u00e7\u00e3o. Veja a figura 5<a href=\"http:\/\/portfolio-pronto.com\">:<\/a><br \/>\n5<br \/>\nFigura 5 | Manipulando tabela din\u00e2mica<br \/>\n\u2022 Caso a pate de dentro de sua planilha n\u00e3o esteja igual \u00e0 da figura 5, basta voc\u00ea clicar na guia Tabela Din\u00e2mica<br \/>\nAnalyze e, em seguida, clicar em op\u00e7\u00f5es. Vai surgir uma janela \u201cOp\u00e7\u00f5es da tabela din\u00e2mica\u201d. Nela, voc\u00ea deve<br \/>\nclicar na aba \u201cExibi\u00e7\u00e3o\u201d e em seguir, marcar a op\u00e7\u00e3o \u201cLayout cl\u00e1ssico de tabela din\u00e2mica (habilita a op\u00e7\u00e3o de<br \/>\narrastar campos na grade)\u201d como mostra a figura 6:<br \/>\nFigura 6 | Op\u00e7\u00e3o configura\u00e7\u00f5es<br \/>\n\u2022 Agora, vamos criar nossa primeira tabela din\u00e2mica. Para facilitar esse trabalho, vamos responder a perguntas<br \/>\nsimples que podem ser respondidas com o conjunto de dados que est\u00e1 sendo utilizado para a constru\u00e7\u00e3o dessa<br \/>\natividade. Note que as perguntas s\u00e3o relacionadas \u00e0 esses dados, portanto, podem mudar de acordo com o<br \/>\nconjunto de dados que se tem dispon\u00edvel. Nesse caso, \u00e9 um conjunto de dados de fornecedores. Portanto, a<br \/>\nprimeira pergunta \u00e9: Quantos fornecedores n\u00f3s temos em nossa base de dados? E em quais estados eles est\u00e3o<br \/>\ninstalados? Para responder a essas perguntas, basta clicar (e segurar pressionado) no campo Nome Fantasia<br \/>\n(nome da empresa escolhido para essa atividade. Note que poderia ser tamb\u00e9m Raz\u00e3o Social) e arrast\u00e1-lo para<br \/>\n6<br \/>\na primeira coluna, onde consta \u201csolte campos de linha aqui\u201d. Essa coluna \u00e9 respons\u00e1vel por mostrar os nomes<br \/>\ndos fornecedores. Logo que voc\u00ea solta, aparecer\u00e1 os nomes como mostra a figura 7:<br \/>\nFigura 7 | Construindo tabela din\u00e2mica<br \/>\n\u2022 Note que a primeira coluna da tabela din\u00e2mica agora mostra o nome (Nome Fantasia) das empresas que temos<br \/>\nem base de dados. Perceba tamb\u00e9m que do lado direito da tela, o campo \u201cNome Fantasia\u201d da tabela foi marcado<br \/>\nautomaticamente. Agora vamos contar quantas vezes essas empresas aparecem em nossa base e em quais<br \/>\nestados elas est\u00e3o sediadas. Para a contagem, \u00e9 necess\u00e1rio arrastar o mesmo campo, s\u00f3 que agora, voc\u00ea dever\u00e1<br \/>\nsolt\u00e1-lo no espa\u00e7o onde consta \u201csolte campos de valor aqui\u201d. Automaticamente, ele ir\u00e1 contar quantas vezes o<br \/>\nraz\u00e3o social aparece no conjunto de dados. Veja na figura 8:<br \/>\n7<br \/>\nFigura 8 | Contagem de dados.<br \/>\n\u2022 Observe que do lado direito, h\u00e1 ainda as \u00e1reas que representam a tabela din\u00e2mica. Veja que as \u00e1reas LInhas e<br \/>\nValores foram preenchidas. Isso significa que essas \u00e1reas s\u00e3o representam a primeira e segunda colunas da<br \/>\ntabela. \u00c9 a mesma coisa. Agora, para finalizar, arraste o campo Estado para a primeira coluna. Para constatar que<br \/>\nvoc\u00ea entendeu o conceito apresentado nesse par\u00e1grafo, ao inv\u00e9s de arrastar o campo para a tabela din\u00e2mica,<br \/>\narraste-o para a \u00e1rea \u201cLinhas\u201d logo abaixo, sobre a qual acabamos de mencionar. Veja na Figura 9:<br \/>\n8<br \/>\nFigura 9 | Finalizando a tabela din\u00e2mica.<br \/>\n\u2022 Ap\u00f3s a conclus\u00e3o das etapas anteriores, voc\u00ea dever\u00e1 manipular a tabela din\u00e2mica para responder as seguintes<br \/>\nperguntas:<br \/>\n1 &#8211; Quantas empresas est\u00e3o em uma mesma cidade<br \/>\n2 &#8211; Quantos forncedores tem email para contato<br \/>\n3 &#8211; Em quais em quais cidades existem fornecedores<br \/>\n4 &#8211; Existem fornecedores com mais de uma filial em nosso banco de dados, se sim, quais.<br \/>\n<strong>Checklist:<\/strong><br \/>\n&#8211; Construir uma planilha simples, com no m\u00ednimo 10 registros com dados de fornecedores como: Raz\u00e3o Social, Nome<br \/>\nFantasia, Endere\u00e7o, Cidade, Bairro, Estado, CEP, CNPJ, Numero de contato e email de contato.<br \/>\n&#8211; Criar tabela din\u00e2mia de todo o intervalo de dados criado para essa atividade, inclu\u00edndo o nome das colunas dos<br \/>\ndados.<br \/>\n&#8211; Manipular os dados para responder \u00e0s perguntas apresentadas anteriormente.<\/p>\n<hr \/>\n<p><strong>RESULTADOS<\/strong><br \/>\nResultados da aula pr\u00e1tica:<br \/>\nElaborar um relat\u00f3rio que dever\u00e1 conter introdu\u00e7\u00e3o, m\u00e9todos, resultados e conclus\u00e3o sobre o assunto desenvolvido<br \/>\nem aula pr\u00e1tica.<\/p>\n<div class=\"elementor-toggle-item\">\n<p id=\"elementor-tab-title-1941\" class=\"elementor-tab-title elementor-active\" tabindex=\"0\" role=\"tab\" data-tab=\"1\" aria-controls=\"elementor-tab-content-1941\" aria-expanded=\"true\" aria-selected=\"true\"><strong>Como funciona?<\/strong><\/p>\n<p>Elaboramos os portf\u00f3lios, j\u00e1 deixamos prontos, nas normas da ABNT e conforme os requisitos da universidade. F\u00e1cil assim! O MELHOR \u00c9 QUE VOC\u00ca COMPRA E J\u00c1 BAIXA NA HORA O SEU ARQUIVO EM WORD! Sabemos que conciliar trabalho, fam\u00edlia, vida profissional e estudos \u00e9 dif\u00edcil hoje em dia, por isso, estamos aqui para ajudar voc\u00ea. Conte com nossa qualidade, experi\u00eancia e profissionalismo adquirindo seu portf\u00f3lio conosco. GARANTIMOS SEU CONCEITO!<\/p>\n<p><strong>Como se realizam os envios?<\/strong><\/p>\n<\/div>\n<p id=\"elementor-tab-content-1942\" class=\"elementor-tab-content elementor-clearfix elementor-active\" role=\"tabpanel\" data-tab=\"2\" aria-labelledby=\"elementor-tab-title-1942\">O seu trabalho \u00e9 disponibilizado pronto, respondido e nas normas j\u00e1 na mesma hora aqui em nosso site na sua \u00e1rea de downloads e tamb\u00e9m no seu e-mail.<\/p>\n<p><strong>Em quanto tempo recebo o portf\u00f3lio?<\/strong><\/p>\n<p>Os envios s\u00e3o imediatos. Ap\u00f3s sua compra, o trabalho j\u00e1 \u00e9 disponibilizado instantaneamente aqui em nosso site e no seu e-mail.<\/p>\n<p><strong>E se o portf\u00f3lio que comprei precisar de corre\u00e7\u00e3o?<\/strong><\/p>\n<p>Caso haja alguma solicita\u00e7\u00e3o de corre\u00e7\u00e3o\/altera\u00e7\u00e3o por parte do tutor, basta entrar em contato conosco pelo\u00a0WhatsApp\u00a0que provid\u00eanciaremos sem custo algum.<\/p>\n<p><strong>Qual o formato do arquivo?<\/strong><\/p>\n<p>Os arquivos s\u00e3o enviados em formato Word e s\u00e3o edit\u00e1veis.<\/p>\n<p><strong>Caso eu tiver alguma d\u00favida, terei suporte no p\u00f3s venda?<\/strong><\/p>\n<p>Sim, com certeza. Basta clicar no \u00edcone do WhatsApp no cantinho da tela. Ser\u00e1 um prazer atend\u00ea-lo(a).<\/p>\n<div id=\"elementor-tab-content-1948\" class=\"elementor-tab-content elementor-clearfix elementor-active\" role=\"tabpanel\" data-tab=\"8\" aria-labelledby=\"elementor-tab-title-1948\">\n<p><strong>Quais os seus canais de contato?<\/strong><\/p>\n<\/div>\n<div id=\"elementor-tab-content-1949\" class=\"elementor-tab-content elementor-clearfix elementor-active\" role=\"tabpanel\" data-tab=\"9\" aria-labelledby=\"elementor-tab-title-1949\">\n<p>Whatsapp: 53 984751621 \u2013 Clicar no canto da tela ou ESCANEIE O QRCODE ABAIXO<\/p>\n<h4><img decoding=\"async\" class=\"alignnone wp-image-13699 jetpack-lazy-image jetpack-lazy-image--handled\" src=\"https:\/\/i0.wp.com\/portifolioos-prontos.com\/wp-content\/uploads\/2023\/02\/whatsapp-business-projeto-de-extensao-300x300.jpeg?resize=144%2C144\" sizes=\"(max-width: 144px) 100vw, 144px\" srcset=\"https:\/\/i0.wp.com\/portifolioos-prontos.com\/wp-content\/uploads\/2023\/02\/whatsapp-business-projeto-de-extensao.jpeg?resize=300%2C301&amp;ssl=1 300w, https:\/\/i0.wp.com\/portifolioos-prontos.com\/wp-content\/uploads\/2023\/02\/whatsapp-business-projeto-de-extensao.jpeg?resize=150%2C150&amp;ssl=1 150w, https:\/\/i0.wp.com\/portifolioos-prontos.com\/wp-content\/uploads\/2023\/02\/whatsapp-business-projeto-de-extensao.jpeg?resize=370%2C372&amp;ssl=1 370w, https:\/\/i0.wp.com\/portifolioos-prontos.com\/wp-content\/uploads\/2023\/02\/whatsapp-business-projeto-de-extensao.jpeg?resize=100%2C100&amp;ssl=1 100w, https:\/\/i0.wp.com\/portifolioos-prontos.com\/wp-content\/uploads\/2023\/02\/whatsapp-business-projeto-de-extensao.jpeg?w=470&amp;ssl=1 470w\" alt=\"projeto de extens\u00e3o unopar\" width=\"144\" height=\"144\" data-lazy-loaded=\"1\" \/><\/h4>\n<\/div>\n<div class=\"elementor-toggle-item\">\n<div id=\"elementor-tab-content-1949\" class=\"elementor-tab-content elementor-clearfix elementor-active\" role=\"tabpanel\" data-tab=\"9\" aria-labelledby=\"elementor-tab-title-1949\">\n<p>E-mail:portifoliosp@gmail.com<\/p>\n<div id=\"attachment_143\" class=\"wp-caption alignnone\">\n<div id=\"attachment_143\" class=\"wp-caption alignnone\">\n<p id=\"caption-attachment-143\" class=\"wp-caption-text\"><a href=\"http:\/\/portfolio-pronto.com\/\">Portf\u00f3lio<\/a>\u00a0<a href=\"https:\/\/portifolioos-prontos.com\/\">pronto Unopar Anhanguera<\/a>\u00a0em Word, respondido, completo e j\u00e1 nas normas.<\/p>\n<\/div>\n<\/div>\n<\/div>\n<\/div>\n","protected":false},"excerpt":{"rendered":"<div class=\"product-short-description\">\n<p><strong>Pague pelo PIX ou cart\u00e3o e fa\u00e7a o download agora mesmo.<\/strong><\/p>\n<\/div>\n<div class=\"sticky-add-to-cart-wrapper\">\n<div class=\"sticky-add-to-cart\">\n<p class=\"quantity buttons_added form-flat\"><img decoding=\"async\" class=\"lazyloaded smush-image-5 smush-image-3 smush-image-4 smush-detected-img smush-image-bigger-3\" src=\"https:\/\/d26lpennugtm8s.cloudfront.net\/assets\/common\/img\/logos\/payment\/visa@2x.png\" width=\"46\" height=\"29\" data-src=\"https:\/\/d26lpennugtm8s.cloudfront.net\/assets\/common\/img\/logos\/payment\/visa@2x.png\" \/><img decoding=\"async\" class=\"lazyloaded smush-image-6 smush-image-4 smush-image-5 smush-detected-img smush-image-bigger-4\" src=\"https:\/\/d26lpennugtm8s.cloudfront.net\/assets\/common\/img\/logos\/payment\/boleto@2x.png\" width=\"43\" height=\"27\" data-src=\"https:\/\/d26lpennugtm8s.cloudfront.net\/assets\/common\/img\/logos\/payment\/boleto@2x.png\" \/><img loading=\"lazy\" decoding=\"async\" class=\"lazyloaded smush-image-7 smush-image-5 smush-image-6 smush-detected-img smush-image-bigger-5\" src=\"https:\/\/d26lpennugtm8s.cloudfront.net\/assets\/common\/img\/logos\/payment\/mastercard@2x.png\" width=\"43\" height=\"27\" data-src=\"https:\/\/d26lpennugtm8s.cloudfront.net\/assets\/common\/img\/logos\/payment\/mastercard@2x.png\" \/><img loading=\"lazy\" decoding=\"async\" class=\"lazyloaded smush-image-8 smush-image-6 smush-image-7 smush-detected-img smush-image-bigger-6\" src=\"https:\/\/d26lpennugtm8s.cloudfront.net\/assets\/common\/img\/logos\/payment\/amex@2x.png\" width=\"43\" height=\"27\" data-src=\"https:\/\/d26lpennugtm8s.cloudfront.net\/assets\/common\/img\/logos\/payment\/amex@2x.png\" \/><img loading=\"lazy\" decoding=\"async\" class=\"lazyloaded smush-image-9 smush-image-7 smush-image-8 smush-detected-img smush-image-bigger-7\" src=\"https:\/\/d26lpennugtm8s.cloudfront.net\/assets\/common\/img\/logos\/payment\/diners@2x.png\" width=\"46\" height=\"29\" data-src=\"https:\/\/d26lpennugtm8s.cloudfront.net\/assets\/common\/img\/logos\/payment\/diners@2x.png\" \/><img loading=\"lazy\" decoding=\"async\" class=\"lazyloaded smush-image-10 smush-image-8 smush-image-9 alignnone smush-detected-img smush-image-bigger-8\" src=\"https:\/\/d26lpennugtm8s.cloudfront.net\/assets\/common\/img\/logos\/payment\/br\/elo@2x.png\" alt=\"portf\u00f3lio unopar anhanguera\" width=\"45\" height=\"28\" data-src=\"https:\/\/d26lpennugtm8s.cloudfront.net\/assets\/common\/img\/logos\/payment\/br\/elo@2x.png\" \/><img loading=\"lazy\" decoding=\"async\" class=\"lazyloaded smush-image-11 smush-image-9 smush-image-10 alignnone smush-detected-img smush-image-bigger-9\" src=\"https:\/\/d26lpennugtm8s.cloudfront.net\/assets\/common\/img\/logos\/payment\/br\/hipercard@2x.png\" alt=\"portf\u00f3lio unopar anhanguera\" width=\"44\" height=\"28\" data-src=\"https:\/\/d26lpennugtm8s.cloudfront.net\/assets\/common\/img\/logos\/payment\/br\/hipercard@2x.png\" \/><img loading=\"lazy\" decoding=\"async\" class=\"lazyloaded smush-image-12 smush-image-10 smush-image-11 alignnone smush-detected-img smush-image-bigger-10\" src=\"https:\/\/d26lpennugtm8s.cloudfront.net\/assets\/common\/img\/logos\/payment\/mercadopago@2x.png\" alt=\"portf\u00f3lio unopar anhanguera\" width=\"45\" height=\"28\" data-src=\"https:\/\/d26lpennugtm8s.cloudfront.net\/assets\/common\/img\/logos\/payment\/mercadopago@2x.png\" \/><\/p>\n<\/div>\n<\/div>\n","protected":false},"featured_media":43484,"template":"","meta":{"_seopress_robots_primary_cat":"none","_seopress_titles_title":"","_seopress_titles_desc":"","_seopress_robots_index":""},"product_cat":[15],"product_tag":[],"class_list":{"0":"post-43483","1":"product","2":"type-product","3":"status-publish","4":"has-post-thumbnail","6":"product_cat-uncategorized","8":"first","9":"instock","10":"downloadable","11":"virtual","12":"purchasable","13":"product-type-simple","14":"col-xs-6 col-sm-4","15":"col-mf-5","16":"un-5-cols"},"jetpack_sharing_enabled":true,"_links":{"self":[{"href":"https:\/\/portifolioos-prontos.com\/index.php\/wp-json\/wp\/v2\/product\/43483","targetHints":{"allow":["GET"]}}],"collection":[{"href":"https:\/\/portifolioos-prontos.com\/index.php\/wp-json\/wp\/v2\/product"}],"about":[{"href":"https:\/\/portifolioos-prontos.com\/index.php\/wp-json\/wp\/v2\/types\/product"}],"version-history":[{"count":2,"href":"https:\/\/portifolioos-prontos.com\/index.php\/wp-json\/wp\/v2\/product\/43483\/revisions"}],"predecessor-version":[{"id":49800,"href":"https:\/\/portifolioos-prontos.com\/index.php\/wp-json\/wp\/v2\/product\/43483\/revisions\/49800"}],"wp:featuredmedia":[{"embeddable":true,"href":"https:\/\/portifolioos-prontos.com\/index.php\/wp-json\/wp\/v2\/media\/43484"}],"wp:attachment":[{"href":"https:\/\/portifolioos-prontos.com\/index.php\/wp-json\/wp\/v2\/media?parent=43483"}],"wp:term":[{"taxonomy":"product_cat","embeddable":true,"href":"https:\/\/portifolioos-prontos.com\/index.php\/wp-json\/wp\/v2\/product_cat?post=43483"},{"taxonomy":"product_tag","embeddable":true,"href":"https:\/\/portifolioos-prontos.com\/index.php\/wp-json\/wp\/v2\/product_tag?post=43483"}],"curies":[{"name":"wp","href":"https:\/\/api.w.org\/{rel}","templated":true}]}}