{"id":43487,"date":"2025-08-21T10:46:36","date_gmt":"2025-08-21T13:46:36","guid":{"rendered":"https:\/\/portifolioos-prontos.com\/?post_type=product&#038;p=43487"},"modified":"2026-03-02T17:05:39","modified_gmt":"2026-03-02T20:05:39","slug":"aula-pratica-engenharia-de-dados","status":"publish","type":"product","link":"https:\/\/portifolioos-prontos.com\/index.php\/product\/aula-pratica-engenharia-de-dados\/","title":{"rendered":"Aula Pr\u00e1tica Engenharia de Dados"},"content":{"rendered":"<h5><strong>Aula Pr\u00e1tica Engenharia de Dados<\/strong><\/h5>\n<hr \/>\n<h5><strong>ROTEIRO DE AULA PR\u00c1TICA<\/strong><\/h5>\n<hr \/>\n<h5><strong>NOME DA DISCIPLINA: Engenharia de Dados<\/strong><\/h5>\n<p>Unidade 2<br \/>\nSe\u00e7\u00e3o 2.3<\/p>\n<hr \/>\n<h5><strong>OBJETIVOS<\/strong><\/h5>\n<p>Defini\u00e7\u00e3o dos objetivos da aula pr\u00e1tica:<\/p>\n<p>O objetivo desta atividade \u00e9 analisar os dados de funcionamento do sistema de gerenciamento de estoque da empresa de varejo para identificar tend\u00eancias, padr\u00f5es e anomalias que possam indicar problemas de desempenho, seguran\u00e7a ou integridade nos dados. Com base nessa an\u00e1lise, o objetivo \u00e9 fornecer insights \u00e0 equipe respons\u00e1vel para que possam tomar medidas corretivas e preventivas para garantir a estabilidade, confiabilidade e efici\u00eancia do sistema de gerenciamento de estoque, evitando impactos negativos nas opera\u00e7\u00f5es da empresa.<\/p>\n<hr \/>\n<h5><strong>INFRAESTRUTURA<\/strong><\/h5>\n<p>Instala\u00e7\u00f5es:<br \/>\nLaborat\u00f3rio de Computa\u00e7\u00e3o<\/p>\n<p>Materiais de consumo:<\/p>\n<p>Descri\u00e7\u00e3o<br \/>\nQuantid. de materiais por procedimento\/atividade<br \/>\nComputador 01 por aluno.<\/p>\n<hr \/>\n<h5><strong>Software<\/strong><\/h5>\n<p>Sim ( X ) N\u00e3o ( )<\/p>\n<p>Em caso afirmativo, qual?<br \/>\nPago ( ) N\u00e3o Pago ( X ) Excel\/Google Sheets<\/p>\n<p>Tipo de Licen\u00e7a: NSA.<\/p>\n<p>Descri\u00e7\u00e3o do software:<\/p>\n<p>O Microsoft Excel \u00e9 um software utilizado para elabora\u00e7\u00e3o, edi\u00e7\u00e3o e gerenciamento de planilhas eletr\u00f4nicas. Este software permite a cria\u00e7\u00e3o e organiza\u00e7\u00e3o de dados a partir da cria\u00e7\u00e3o e edi\u00e7\u00e3o de planilhas onde os dados principais a serem trabalhados s\u00e3o n\u00fameros.<\/p>\n<hr \/>\n<h5><strong>Equipamento de Prote\u00e7\u00e3o Individual (EPI)<\/strong><\/h5>\n<p>NSA<\/p>\n<hr \/>\n<h5><strong>PROCEDIMENTOS PR\u00c1TICOS<\/strong><\/h5>\n<hr \/>\n<h5><strong>Procedimento\/Atividade N\u00ba 1<\/strong><\/h5>\n<hr \/>\n<h5><strong>Atividade proposta<\/strong><\/h5>\n<p>Voc\u00ea \u00e9 respons\u00e1vel pelo monitoramento de um sistema de gerenciamento de estoque em uma empresa de varejo. Nos \u00faltimos dias, o sistema come\u00e7ou a apresentar problemas de integridade nos dados. Para entender melhor o que est\u00e1 acontecendo, voc\u00ea e sua equipe decidem analisar os dados de funcionamento do sistema. Abaixo est\u00e1 uma tabela com informa\u00e7\u00f5es importantes sobre o funcionamento do sistema nos \u00faltimos dias:<\/p>\n<p>Dia | Total de Acessos | Total de Acesso Bem-Sucedidos | Propor\u00e7\u00e3o de Acessos Bem-Sucedidos (%) | Opera\u00e7\u00f5es de Atualiza\u00e7\u00e3o de Estoque | Propor\u00e7\u00e3o de Opera\u00e7\u00f5es com Erros | Produtos em Estoque (%)<\/p>\n<p>1 | 105780 | 102324 | 96,7% | 7800 | 0,1% | 63,2%<br \/>\n2 | 108346 | 102161 | 94,3% | 7645 | 0,2% | 63,0%<br \/>\n3 | 107476 | 101409 | 94,4% | 7550 | 0,1% | 52,8%<br \/>\n4 | 109179 | 101069 | 92,6% | 7700 | 0,3% | 62,5%<br \/>\n5 | 108721 | 100018 | 92,0% | 7550 | 0,4% | 62,3%<br \/>\n6 | 107744 | 99670 | 92,5% | 7800 | 0,5% | 62,1%<br \/>\n7 | 106732 | 99510 | 93,2% | 7850 | 0,6% | 61,8%<br \/>\n8 | 107476 | 98781 | 91,9% | 7600 | 0,7% | 61,6%<br \/>\n9 | 107458 | 97873 | 91,1% | 7650 | 0,8% | 61,4%<br \/>\n10 | 108346 | 97006 | 89,5% | 7800 | 0,9% | 61,2%<\/p>\n<hr \/>\n<h5><strong>Procedimentos para a realiza\u00e7\u00e3o da atividade<\/strong><\/h5>\n<p>Agora, com base na tabela acima, siga os passos abaixo para construir uma visualiza\u00e7\u00e3o de dados:<\/p>\n<ol>\n<li>Analise os dados e identifique as tend\u00eancias ou problemas recorrentes no funcionamento do sistema.<\/li>\n<li>Escolha uma ferramenta de visualiza\u00e7\u00e3o gr\u00e1fica, como o Microsoft Excel, Google Sheets, ou qualquer outra de sua prefer\u00eancia.<\/li>\n<li>Utilize os dados da tabela para criar gr\u00e1ficos ou outros elementos visuais que ajudem a representar as informa\u00e7\u00f5es de forma clara e compreens\u00edvel.<\/li>\n<li>Ap\u00f3s criar a visualiza\u00e7\u00e3o, identifique e destaque quaisquer padr\u00f5es, anomalias ou tend\u00eancias que possam ser relevantes para entender os problemas no sistema de gerenciamento de estoque.<\/li>\n<li>Prepare uma breve apresenta\u00e7\u00e3o ou relat\u00f3rio explicando as conclus\u00f5es obtidas a partir da an\u00e1lise dos dados e das visualiza\u00e7\u00f5es criadas.<\/li>\n<\/ol>\n<hr \/>\n<h5><strong>Checklist<\/strong><\/h5>\n<p>Ao final da atividade o aluno saber\u00e1 analisar graficamente as tend\u00eancias que a tabela exibe.<\/p>\n<hr \/>\n<h5><strong>RESULTADOS<\/strong><\/h5>\n<p>Resultados da aula pr\u00e1tica:<\/p>\n<p>Que o aluno seja capaz de analisar os dados de funcionamento do sistema de gerenciamento de estoque, identificar tend\u00eancias e padr\u00f5es relevantes, e criar visualiza\u00e7\u00f5es eficazes para representar as informa\u00e7\u00f5es. Al\u00e9m disso, espera-se que o aluno consiga interpretar os resultados da an\u00e1lise e fornecer conclus\u00f5es e recomenda\u00e7\u00f5es \u00fateis para resolver problemas ou melhorar o desempenho do sistema.<\/p>\n<div class=\"elementor-toggle-item\">\n<p id=\"elementor-tab-title-1941\" class=\"elementor-tab-title elementor-active\" tabindex=\"0\" role=\"tab\" data-tab=\"1\" aria-controls=\"elementor-tab-content-1941\" aria-expanded=\"true\" aria-selected=\"true\"><strong>Como funciona?<\/strong><\/p>\n<p>Elaboramos os portf\u00f3lios, j\u00e1 deixamos prontos, nas normas da ABNT e conforme os requisitos da universidade. F\u00e1cil assim! O MELHOR \u00c9 QUE VOC\u00ca COMPRA E J\u00c1 BAIXA NA HORA O SEU ARQUIVO EM WORD! Sabemos que conciliar trabalho, fam\u00edlia, vida profissional e estudos \u00e9 dif\u00edcil hoje em dia, por isso, estamos aqui para ajudar voc\u00ea. Conte com nossa qualidade, experi\u00eancia e profissionalismo adquirindo seu portf\u00f3lio conosco. GARANTIMOS SEU CONCEITO!<\/p>\n<p><strong>Como se realizam os envios?<\/strong><\/p>\n<\/div>\n<p id=\"elementor-tab-content-1942\" class=\"elementor-tab-content elementor-clearfix elementor-active\" role=\"tabpanel\" data-tab=\"2\" aria-labelledby=\"elementor-tab-title-1942\">O seu trabalho \u00e9 disponibilizado pronto, respondido e nas normas j\u00e1 na mesma hora aqui em nosso site na sua \u00e1rea de downloads e tamb\u00e9m no seu e-mail.<\/p>\n<p><strong>Em quanto tempo recebo o portf\u00f3lio?<\/strong><\/p>\n<p>Os envios s\u00e3o imediatos. Ap\u00f3s sua compra, o trabalho j\u00e1 \u00e9 disponibilizado instantaneamente aqui em nosso site e no seu e-mail.<\/p>\n<p><strong>E se o portf\u00f3lio que comprei precisar de corre\u00e7\u00e3o?<\/strong><\/p>\n<p>Caso haja alguma solicita\u00e7\u00e3o de corre\u00e7\u00e3o\/altera\u00e7\u00e3o por parte do tutor, basta entrar em contato conosco pelo\u00a0WhatsApp\u00a0que provid\u00eanciaremos sem custo algum.<\/p>\n<p><strong>Qual o formato do arquivo?<\/strong><\/p>\n<p>Os arquivos s\u00e3o enviados em formato Word e s\u00e3o edit\u00e1veis.<\/p>\n<p><strong>Caso eu tiver alguma d\u00favida, terei suporte no p\u00f3s venda?<\/strong><\/p>\n<p>Sim, com certeza. Basta clicar no \u00edcone do WhatsApp no cantinho da tela. Ser\u00e1 um prazer atend\u00ea-lo(a).<\/p>\n<div id=\"elementor-tab-content-1948\" class=\"elementor-tab-content elementor-clearfix elementor-active\" role=\"tabpanel\" data-tab=\"8\" aria-labelledby=\"elementor-tab-title-1948\">\n<p><strong>Quais os seus canais de contato?<\/strong><\/p>\n<\/div>\n<div id=\"elementor-tab-content-1949\" class=\"elementor-tab-content elementor-clearfix elementor-active\" role=\"tabpanel\" data-tab=\"9\" aria-labelledby=\"elementor-tab-title-1949\">\n<p>Whatsapp: 53 984751621 \u2013 Clicar no canto da tela ou ESCANEIE O QRCODE ABAIXO<\/p>\n<h4><img decoding=\"async\" class=\"alignnone wp-image-13699 jetpack-lazy-image jetpack-lazy-image--handled\" src=\"https:\/\/i0.wp.com\/portifolioos-prontos.com\/wp-content\/uploads\/2023\/02\/whatsapp-business-projeto-de-extensao-300x300.jpeg?resize=144%2C144\" sizes=\"(max-width: 144px) 100vw, 144px\" srcset=\"https:\/\/i0.wp.com\/portifolioos-prontos.com\/wp-content\/uploads\/2023\/02\/whatsapp-business-projeto-de-extensao.jpeg?resize=300%2C301&amp;ssl=1 300w, https:\/\/i0.wp.com\/portifolioos-prontos.com\/wp-content\/uploads\/2023\/02\/whatsapp-business-projeto-de-extensao.jpeg?resize=150%2C150&amp;ssl=1 150w, https:\/\/i0.wp.com\/portifolioos-prontos.com\/wp-content\/uploads\/2023\/02\/whatsapp-business-projeto-de-extensao.jpeg?resize=370%2C372&amp;ssl=1 370w, https:\/\/i0.wp.com\/portifolioos-prontos.com\/wp-content\/uploads\/2023\/02\/whatsapp-business-projeto-de-extensao.jpeg?resize=100%2C100&amp;ssl=1 100w, https:\/\/i0.wp.com\/portifolioos-prontos.com\/wp-content\/uploads\/2023\/02\/whatsapp-business-projeto-de-extensao.jpeg?w=470&amp;ssl=1 470w\" alt=\"projeto de extens\u00e3o unopar\" width=\"144\" height=\"144\" data-lazy-loaded=\"1\" \/><\/h4>\n<\/div>\n<div class=\"elementor-toggle-item\">\n<div id=\"elementor-tab-content-1949\" class=\"elementor-tab-content elementor-clearfix elementor-active\" role=\"tabpanel\" data-tab=\"9\" aria-labelledby=\"elementor-tab-title-1949\">\n<p>E-mail:portifoliosp@gmail.com<\/p>\n<div id=\"attachment_143\" class=\"wp-caption alignnone\">\n<div id=\"attachment_143\" class=\"wp-caption alignnone\">\n<p id=\"caption-attachment-143\" class=\"wp-caption-text\"><a href=\"http:\/\/portfolio-pronto.com\/\">Portf\u00f3lio<\/a>\u00a0<a href=\"https:\/\/portifolioos-prontos.com\/\">pronto Unopar Anhanguera<\/a>\u00a0em Word, respondido, completo e j\u00e1 nas normas.<\/p>\n<\/div>\n<\/div>\n<\/div>\n<\/div>\n","protected":false},"excerpt":{"rendered":"<div class=\"product-short-description\">\n<p><strong>Pague pelo PIX ou cart\u00e3o e fa\u00e7a o download agora mesmo.<\/strong><\/p>\n<\/div>\n<div class=\"sticky-add-to-cart-wrapper\">\n<div class=\"sticky-add-to-cart\">\n<p class=\"quantity buttons_added form-flat\"><img decoding=\"async\" class=\"lazyloaded smush-image-5 smush-image-3 smush-image-4 smush-detected-img smush-image-bigger-3\" src=\"https:\/\/d26lpennugtm8s.cloudfront.net\/assets\/common\/img\/logos\/payment\/visa@2x.png\" width=\"46\" height=\"29\" data-src=\"https:\/\/d26lpennugtm8s.cloudfront.net\/assets\/common\/img\/logos\/payment\/visa@2x.png\" \/><img decoding=\"async\" class=\"lazyloaded smush-image-6 smush-image-4 smush-image-5 smush-detected-img smush-image-bigger-4\" src=\"https:\/\/d26lpennugtm8s.cloudfront.net\/assets\/common\/img\/logos\/payment\/boleto@2x.png\" width=\"43\" height=\"27\" data-src=\"https:\/\/d26lpennugtm8s.cloudfront.net\/assets\/common\/img\/logos\/payment\/boleto@2x.png\" \/><img loading=\"lazy\" decoding=\"async\" class=\"lazyloaded smush-image-7 smush-image-5 smush-image-6 smush-detected-img smush-image-bigger-5\" src=\"https:\/\/d26lpennugtm8s.cloudfront.net\/assets\/common\/img\/logos\/payment\/mastercard@2x.png\" width=\"43\" height=\"27\" data-src=\"https:\/\/d26lpennugtm8s.cloudfront.net\/assets\/common\/img\/logos\/payment\/mastercard@2x.png\" \/><img loading=\"lazy\" decoding=\"async\" class=\"lazyloaded smush-image-8 smush-image-6 smush-image-7 smush-detected-img smush-image-bigger-6\" src=\"https:\/\/d26lpennugtm8s.cloudfront.net\/assets\/common\/img\/logos\/payment\/amex@2x.png\" width=\"43\" height=\"27\" data-src=\"https:\/\/d26lpennugtm8s.cloudfront.net\/assets\/common\/img\/logos\/payment\/amex@2x.png\" \/><img loading=\"lazy\" decoding=\"async\" class=\"lazyloaded smush-image-9 smush-image-7 smush-image-8 smush-detected-img smush-image-bigger-7\" src=\"https:\/\/d26lpennugtm8s.cloudfront.net\/assets\/common\/img\/logos\/payment\/diners@2x.png\" width=\"46\" height=\"29\" data-src=\"https:\/\/d26lpennugtm8s.cloudfront.net\/assets\/common\/img\/logos\/payment\/diners@2x.png\" \/><img loading=\"lazy\" decoding=\"async\" class=\"lazyloaded smush-image-10 smush-image-8 smush-image-9 alignnone smush-detected-img smush-image-bigger-8\" src=\"https:\/\/d26lpennugtm8s.cloudfront.net\/assets\/common\/img\/logos\/payment\/br\/elo@2x.png\" alt=\"portf\u00f3lio unopar anhanguera\" width=\"45\" height=\"28\" data-src=\"https:\/\/d26lpennugtm8s.cloudfront.net\/assets\/common\/img\/logos\/payment\/br\/elo@2x.png\" \/><img loading=\"lazy\" decoding=\"async\" class=\"lazyloaded smush-image-11 smush-image-9 smush-image-10 alignnone smush-detected-img smush-image-bigger-9\" src=\"https:\/\/d26lpennugtm8s.cloudfront.net\/assets\/common\/img\/logos\/payment\/br\/hipercard@2x.png\" alt=\"portf\u00f3lio unopar anhanguera\" width=\"44\" height=\"28\" data-src=\"https:\/\/d26lpennugtm8s.cloudfront.net\/assets\/common\/img\/logos\/payment\/br\/hipercard@2x.png\" \/><img loading=\"lazy\" decoding=\"async\" class=\"lazyloaded smush-image-12 smush-image-10 smush-image-11 alignnone smush-detected-img smush-image-bigger-10\" src=\"https:\/\/d26lpennugtm8s.cloudfront.net\/assets\/common\/img\/logos\/payment\/mercadopago@2x.png\" alt=\"portf\u00f3lio unopar anhanguera\" width=\"45\" height=\"28\" data-src=\"https:\/\/d26lpennugtm8s.cloudfront.net\/assets\/common\/img\/logos\/payment\/mercadopago@2x.png\" \/><\/p>\n<\/div>\n<\/div>\n","protected":false},"featured_media":43488,"template":"","meta":{"_seopress_robots_primary_cat":"none","_seopress_titles_title":"","_seopress_titles_desc":"","_seopress_robots_index":""},"product_cat":[15],"product_tag":[],"class_list":{"0":"post-43487","1":"product","2":"type-product","3":"status-publish","4":"has-post-thumbnail","6":"product_cat-uncategorized","8":"first","9":"instock","10":"shipping-taxable","11":"purchasable","12":"product-type-simple","13":"col-xs-6 col-sm-4","14":"col-mf-5","15":"un-5-cols"},"jetpack_sharing_enabled":true,"_links":{"self":[{"href":"https:\/\/portifolioos-prontos.com\/index.php\/wp-json\/wp\/v2\/product\/43487","targetHints":{"allow":["GET"]}}],"collection":[{"href":"https:\/\/portifolioos-prontos.com\/index.php\/wp-json\/wp\/v2\/product"}],"about":[{"href":"https:\/\/portifolioos-prontos.com\/index.php\/wp-json\/wp\/v2\/types\/product"}],"version-history":[{"count":3,"href":"https:\/\/portifolioos-prontos.com\/index.php\/wp-json\/wp\/v2\/product\/43487\/revisions"}],"predecessor-version":[{"id":49818,"href":"https:\/\/portifolioos-prontos.com\/index.php\/wp-json\/wp\/v2\/product\/43487\/revisions\/49818"}],"wp:featuredmedia":[{"embeddable":true,"href":"https:\/\/portifolioos-prontos.com\/index.php\/wp-json\/wp\/v2\/media\/43488"}],"wp:attachment":[{"href":"https:\/\/portifolioos-prontos.com\/index.php\/wp-json\/wp\/v2\/media?parent=43487"}],"wp:term":[{"taxonomy":"product_cat","embeddable":true,"href":"https:\/\/portifolioos-prontos.com\/index.php\/wp-json\/wp\/v2\/product_cat?post=43487"},{"taxonomy":"product_tag","embeddable":true,"href":"https:\/\/portifolioos-prontos.com\/index.php\/wp-json\/wp\/v2\/product_tag?post=43487"}],"curies":[{"name":"wp","href":"https:\/\/api.w.org\/{rel}","templated":true}]}}