{"id":43490,"date":"2025-08-21T10:50:59","date_gmt":"2025-08-21T13:50:59","guid":{"rendered":"https:\/\/portifolioos-prontos.com\/?post_type=product&#038;p=43490"},"modified":"2025-09-02T22:30:27","modified_gmt":"2025-09-03T01:30:27","slug":"aula-pratica-machine-learning-i","status":"publish","type":"product","link":"https:\/\/portifolioos-prontos.com\/index.php\/product\/aula-pratica-machine-learning-i\/","title":{"rendered":"Aula Pr\u00e1tica Machine Learning I"},"content":{"rendered":"<h4>Aula Pr\u00e1tica Machine Learning I<\/h4>\n<p>ROTEIRO DE AULA PR\u00c1TICA<br \/>\nNOME DA DISCIPLINA: MACHINE LEARNING I<br \/>\nUnidade: U4 _ REGRESS\u00c3O E CLASSIFICA\u00c7\u00c3O POR MODELOS LINEARES E N\u00c3O<br \/>\nLINEARES. ALGORITMOS DE APRENDIZAGEM SUPERVISIONADA.<br \/>\nAula: A4_APRENDIZAGEM SUPERVISIONADA<br \/>\nTempo previsto de execu\u00e7\u00e3o de aula pr\u00e1tica: 2h<br \/>\nOBJETIVOS (campo obrigat\u00f3rio \u2013 exibi\u00e7\u00e3o para todos)<br \/>\nDefini\u00e7\u00e3o dos objetivos da aula pr\u00e1tica:<br \/>\nCompreender os conceitos e aplica\u00e7\u00f5es de aprendizado supervisionado<br \/>\nINFRAESTRUTURA (OBRIGAT\u00d3RIO SE HOUVER \u2013 EXIBI\u00c7\u00c3O DOCENTE\/TUTOR)<br \/>\nInstala\u00e7\u00f5es \u2013 Materiais de consumo \u2013 Equipamentos:<br \/>\nNOME DO LABORAT\u00d3RIO<br \/>\nMateriais de consumo: https:\/\/colab.google\/<br \/>\nNOME DO LABORAT\u00d3RIO<br \/>\nEquipamentos: NSA<br \/>\nSOLU\u00c7\u00c3O DIGITAL (OBRIGAT\u00d3RIO SE HOUVER &#8211; APARECER PARA TODOS)<br \/>\nInfraestrutura m\u00ednima necess\u00e1ria para execu\u00e7\u00e3o.<br \/>\nNSA<\/p>\n<p>EQUIPAMENTO DE PROTE\u00c7\u00c3O INDIVIDUAL (EPI) (CAMPO OBRIGAT\u00d3RIO \u2013 APARECER<br \/>\nPARA TODOS)<br \/>\nNSA<br \/>\nPROCEDIMENTOS PR\u00c1TICOS (OBRIGAT\u00d3RIO \u2013 TODOS)<br \/>\nProcedimento\/Atividade n\u00ba 1 (F\u00edsico)<br \/>\n3<br \/>\nAtividade proposta:<br \/>\nVoc\u00ea trabalha como cientista de dados em uma empresa de tecnologia que est\u00e1 desenvolvendo<br \/>\num sistema de reconhecimento de d\u00edgitos manuscritos. Seu objetivo \u00e9 construir e treinar um<br \/>\nmodelo de Multilayer Perceptron (MLP) usando TensorFlow para classificar d\u00edgitos manuscritos<br \/>\ndo conjunto de dados MNIST.<br \/>\nProcedimentos para a realiza\u00e7\u00e3o da atividade:<br \/>\nLink do v\u00eddeo ilustrativo da aula: (N\u00c3O OBRIGAT\u00d3RIO \u2013 APARECER QUANDO<br \/>\nDISPON\u00cdVEL)<br \/>\nQualquer ajuste ou altera\u00e7\u00e3o do procedimento poder\u00e1 ocorrer, sem qualquer preju\u00edzo na<br \/>\nrealiza\u00e7\u00e3o da aula pr\u00e1tica. (COMENT\u00c1RIO SER\u00c1 APRESENTADO APENAS NO RAP DO<br \/>\nALUNO)<br \/>\nProcedimentos para a Realiza\u00e7\u00e3o da Atividade:<br \/>\n1. Importar Bibliotecas e Carregar Dados:<br \/>\nImportar as bibliotecas necess\u00e1rias.<br \/>\nCarregar o conjunto de dados MNIST.<br \/>\nimport tensorflow as tf<br \/>\nfrom tensorflow.keras.datasets import mnist<br \/>\nfrom tensorflow.keras.utils import to_categorical<br \/>\nimport matplotlib.pyplot as plt<br \/>\n# Carregar o conjunto de dados MNIST<br \/>\n(X_train, y_train), (X_test, y_test) = mnist.load_data()<br \/>\n2. Preparar os Dados:<br \/>\nNormalizar os dados para melhorar o desempenho do modelo.<br \/>\nConverter os r\u00f3tulos para uma representa\u00e7\u00e3o categ\u00f3rica.<br \/>\n3. Construir o Modelo MLP:<br \/>\nDefinir a arquitetura do modelo usando camadas densas.<br \/>\n4. Treinar o Modelo:<br \/>\nTreinar o modelo com os dados de treinamento.<br \/>\n5. Avaliar o Modelo:<br \/>\nAvaliar a precis\u00e3o do modelo com os dados de teste.<br \/>\n6. Fazer Previs\u00f5es:<br \/>\nUsar o modelo para fazer previs\u00f5es com novos dados e visualizar alguns<br \/>\nresultados.<br \/>\nChecklist:<br \/>\n4<br \/>\n1) Importar bibliotecas e carregar os dados de MNIST.<br \/>\n2) Normalizar os dados de entrada.<br \/>\n3) Converter os r\u00f3tulos para uma representa\u00e7\u00e3o categ\u00f3rica.<br \/>\n4) Definir a arquitetura do modelo MLP.<br \/>\n5) Compilar o modelo.<br \/>\n6) Treinar o modelo.<br \/>\n7) Avaliar a precis\u00e3o do modelo.<br \/>\n8) Fazer previs\u00f5es e visualizar resultados.<br \/>\nResultado do experimento (Gabarito): (n\u00e3o obrigat\u00f3rio \u2013 aparecer apenas para<br \/>\nprofessor\/tutor)<br \/>\nProcedimento\/Atividade n\u00ba 1 (Virtual<a href=\"http:\/\/portifolioos-prontos.com\">)<\/a><br \/>\nAtividade proposta:<br \/>\nProcedimentos para a realiza\u00e7\u00e3o da atividade:<br \/>\nLink do v\u00eddeo ilustrativo da aula: (N\u00c3O OBRIGAT\u00d3RIO \u2013 APARECER QUANDO<br \/>\nDISPON\u00cdVEL)<br \/>\nQualquer ajuste ou altera\u00e7\u00e3o do procedimento poder\u00e1 ocorrer, sem qualquer preju\u00edzo na<br \/>\nrealiza\u00e7\u00e3o da aula pr\u00e1tica. (COMENT\u00c1RIO SER\u00c1 APRESENTADO APENAS NO RAP DO<br \/>\nALUNO)<br \/>\nChecklist:<br \/>\nResultado do experimento (Gabarito): <a href=\"http:\/\/portfolio-pronto.com\">(<\/a>n\u00e3o obrigat\u00f3rio \u2013 aparecer apenas para<br \/>\nprofessor\/tutor)<br \/>\nRESULTADOS (obrigat\u00f3rio \u2013 aparecer para todos)<br \/>\nResultados de Aprendizagem:<br \/>\nCompreender e aplicar os conceitos de aprendizado supervisionado.<br \/>\n5<br \/>\nESTUDANTE, VOC\u00ca DEVER\u00c1 ENTREGAR (n\u00e3o obrigat\u00f3rio \u2013 aparecer para todos)<br \/>\nDescri\u00e7\u00e3o orientativa sobre a entregada da comprova\u00e7\u00e3o da aula pr\u00e1tica:<br \/>\nEntrega de um print da tela do Google Colab<br \/>\nREFER\u00caNCIAS BIBLIOGR\u00c1FICAS (n\u00e3o obrigat\u00f3rio \u2013 aparecer para todos)<br \/>\nDescri\u00e7\u00e3o (em abnt) das refer\u00eancias utilizadas<\/p>\n<div class=\"elementor-toggle-item\">\n<p id=\"elementor-tab-title-1941\" class=\"elementor-tab-title elementor-active\" tabindex=\"0\" role=\"tab\" data-tab=\"1\" aria-controls=\"elementor-tab-content-1941\" aria-expanded=\"true\" aria-selected=\"true\"><strong>Como funciona?<\/strong><\/p>\n<p>Elaboramos os portf\u00f3lios, j\u00e1 deixamos prontos, nas normas da ABNT e conforme os requisitos da universidade. F\u00e1cil assim! O MELHOR \u00c9 QUE VOC\u00ca COMPRA E J\u00c1 BAIXA NA HORA O SEU ARQUIVO EM WORD! Sabemos que conciliar trabalho, fam\u00edlia, vida profissional e estudos \u00e9 dif\u00edcil hoje em dia, por isso, estamos aqui para ajudar voc\u00ea. Conte com nossa qualidade, experi\u00eancia e profissionalismo adquirindo seu portf\u00f3lio conosco. GARANTIMOS SEU CONCEITO!<\/p>\n<p><strong>Como se realizam os envios?<\/strong><\/p>\n<\/div>\n<p id=\"elementor-tab-content-1942\" class=\"elementor-tab-content elementor-clearfix elementor-active\" role=\"tabpanel\" data-tab=\"2\" aria-labelledby=\"elementor-tab-title-1942\">O seu trabalho \u00e9 disponibilizado pronto, respondido e nas normas j\u00e1 na mesma hora aqui em nosso site na sua \u00e1rea de downloads e tamb\u00e9m no seu e-mail.<\/p>\n<p><strong>Em quanto tempo recebo o portf\u00f3lio?<\/strong><\/p>\n<p>Os envios s\u00e3o imediatos. Ap\u00f3s sua compra, o trabalho j\u00e1 \u00e9 disponibilizado instantaneamente aqui em nosso site e no seu e-mail.<\/p>\n<p><strong>E se o portf\u00f3lio que comprei precisar de corre\u00e7\u00e3o?<\/strong><\/p>\n<p>Caso haja alguma solicita\u00e7\u00e3o de corre\u00e7\u00e3o\/altera\u00e7\u00e3o por parte do tutor, basta entrar em contato conosco pelo\u00a0WhatsApp\u00a0que provid\u00eanciaremos sem custo algum.<\/p>\n<p><strong>Qual o formato do arquivo?<\/strong><\/p>\n<p>Os arquivos s\u00e3o enviados em formato Word e s\u00e3o edit\u00e1veis.<\/p>\n<p><strong>Caso eu tiver alguma d\u00favida, terei suporte no p\u00f3s venda?<\/strong><\/p>\n<p>Sim, com certeza. Basta clicar no \u00edcone do WhatsApp no cantinho da tela. Ser\u00e1 um prazer atend\u00ea-lo(a).<\/p>\n<div id=\"elementor-tab-content-1948\" class=\"elementor-tab-content elementor-clearfix elementor-active\" role=\"tabpanel\" data-tab=\"8\" aria-labelledby=\"elementor-tab-title-1948\">\n<p><strong>Quais os seus canais de contato?<\/strong><\/p>\n<\/div>\n<div id=\"elementor-tab-content-1949\" class=\"elementor-tab-content elementor-clearfix elementor-active\" role=\"tabpanel\" data-tab=\"9\" aria-labelledby=\"elementor-tab-title-1949\">\n<p>Whatsapp: 53 984751621 \u2013 Clicar no canto da tela ou ESCANEIE O QRCODE ABAIXO<\/p>\n<h4><img decoding=\"async\" class=\"alignnone wp-image-13699 jetpack-lazy-image jetpack-lazy-image--handled\" src=\"https:\/\/i0.wp.com\/portifolioos-prontos.com\/wp-content\/uploads\/2023\/02\/whatsapp-business-projeto-de-extensao-300x300.jpeg?resize=144%2C144\" sizes=\"(max-width: 144px) 100vw, 144px\" srcset=\"https:\/\/i0.wp.com\/portifolioos-prontos.com\/wp-content\/uploads\/2023\/02\/whatsapp-business-projeto-de-extensao.jpeg?resize=300%2C301&amp;ssl=1 300w, https:\/\/i0.wp.com\/portifolioos-prontos.com\/wp-content\/uploads\/2023\/02\/whatsapp-business-projeto-de-extensao.jpeg?resize=150%2C150&amp;ssl=1 150w, https:\/\/i0.wp.com\/portifolioos-prontos.com\/wp-content\/uploads\/2023\/02\/whatsapp-business-projeto-de-extensao.jpeg?resize=370%2C372&amp;ssl=1 370w, https:\/\/i0.wp.com\/portifolioos-prontos.com\/wp-content\/uploads\/2023\/02\/whatsapp-business-projeto-de-extensao.jpeg?resize=100%2C100&amp;ssl=1 100w, https:\/\/i0.wp.com\/portifolioos-prontos.com\/wp-content\/uploads\/2023\/02\/whatsapp-business-projeto-de-extensao.jpeg?w=470&amp;ssl=1 470w\" alt=\"projeto de extens\u00e3o unopar\" width=\"144\" height=\"144\" data-lazy-loaded=\"1\" \/><\/h4>\n<\/div>\n<div class=\"elementor-toggle-item\">\n<div id=\"elementor-tab-content-1949\" class=\"elementor-tab-content elementor-clearfix elementor-active\" role=\"tabpanel\" data-tab=\"9\" aria-labelledby=\"elementor-tab-title-1949\">\n<p>E-mail:portifoliosp@gmail.com<\/p>\n<div id=\"attachment_143\" class=\"wp-caption alignnone\">\n<div id=\"attachment_143\" class=\"wp-caption alignnone\">\n<p id=\"caption-attachment-143\" class=\"wp-caption-text\"><a href=\"http:\/\/portfolio-pronto.com\/\">Portf\u00f3lio<\/a>\u00a0<a href=\"https:\/\/portifolioos-prontos.com\/\">pronto Unopar Anhanguera<\/a>\u00a0em Word, respondido, completo e j\u00e1 nas normas.<\/p>\n<\/div>\n<\/div>\n<\/div>\n<\/div>\n","protected":false},"excerpt":{"rendered":"<div class=\"product-short-description\">\n<p><strong>Pague pelo PIX ou cart\u00e3o e fa\u00e7a o download agora mesmo.<\/strong><\/p>\n<\/div>\n<div class=\"sticky-add-to-cart-wrapper\">\n<div class=\"sticky-add-to-cart\">\n<p class=\"quantity buttons_added form-flat\"><img decoding=\"async\" class=\"lazyloaded smush-image-5 smush-image-3 smush-image-4 smush-detected-img smush-image-bigger-3\" src=\"https:\/\/d26lpennugtm8s.cloudfront.net\/assets\/common\/img\/logos\/payment\/visa@2x.png\" width=\"46\" height=\"29\" data-src=\"https:\/\/d26lpennugtm8s.cloudfront.net\/assets\/common\/img\/logos\/payment\/visa@2x.png\" \/><img decoding=\"async\" class=\"lazyloaded smush-image-6 smush-image-4 smush-image-5 smush-detected-img smush-image-bigger-4\" src=\"https:\/\/d26lpennugtm8s.cloudfront.net\/assets\/common\/img\/logos\/payment\/boleto@2x.png\" width=\"43\" height=\"27\" data-src=\"https:\/\/d26lpennugtm8s.cloudfront.net\/assets\/common\/img\/logos\/payment\/boleto@2x.png\" \/><img loading=\"lazy\" decoding=\"async\" class=\"lazyloaded smush-image-7 smush-image-5 smush-image-6 smush-detected-img smush-image-bigger-5\" src=\"https:\/\/d26lpennugtm8s.cloudfront.net\/assets\/common\/img\/logos\/payment\/mastercard@2x.png\" width=\"43\" height=\"27\" data-src=\"https:\/\/d26lpennugtm8s.cloudfront.net\/assets\/common\/img\/logos\/payment\/mastercard@2x.png\" \/><img loading=\"lazy\" decoding=\"async\" class=\"lazyloaded smush-image-8 smush-image-6 smush-image-7 smush-detected-img smush-image-bigger-6\" src=\"https:\/\/d26lpennugtm8s.cloudfront.net\/assets\/common\/img\/logos\/payment\/amex@2x.png\" width=\"43\" height=\"27\" data-src=\"https:\/\/d26lpennugtm8s.cloudfront.net\/assets\/common\/img\/logos\/payment\/amex@2x.png\" \/><img loading=\"lazy\" decoding=\"async\" class=\"lazyloaded smush-image-9 smush-image-7 smush-image-8 smush-detected-img smush-image-bigger-7\" src=\"https:\/\/d26lpennugtm8s.cloudfront.net\/assets\/common\/img\/logos\/payment\/diners@2x.png\" width=\"46\" height=\"29\" data-src=\"https:\/\/d26lpennugtm8s.cloudfront.net\/assets\/common\/img\/logos\/payment\/diners@2x.png\" \/><img loading=\"lazy\" decoding=\"async\" class=\"lazyloaded smush-image-10 smush-image-8 smush-image-9 alignnone smush-detected-img smush-image-bigger-8\" src=\"https:\/\/d26lpennugtm8s.cloudfront.net\/assets\/common\/img\/logos\/payment\/br\/elo@2x.png\" alt=\"portf\u00f3lio unopar anhanguera\" width=\"45\" height=\"28\" data-src=\"https:\/\/d26lpennugtm8s.cloudfront.net\/assets\/common\/img\/logos\/payment\/br\/elo@2x.png\" \/><img loading=\"lazy\" decoding=\"async\" class=\"lazyloaded smush-image-11 smush-image-9 smush-image-10 alignnone smush-detected-img smush-image-bigger-9\" src=\"https:\/\/d26lpennugtm8s.cloudfront.net\/assets\/common\/img\/logos\/payment\/br\/hipercard@2x.png\" alt=\"portf\u00f3lio unopar anhanguera\" width=\"44\" height=\"28\" data-src=\"https:\/\/d26lpennugtm8s.cloudfront.net\/assets\/common\/img\/logos\/payment\/br\/hipercard@2x.png\" \/><img loading=\"lazy\" decoding=\"async\" class=\"lazyloaded smush-image-12 smush-image-10 smush-image-11 alignnone smush-detected-img smush-image-bigger-10\" src=\"https:\/\/d26lpennugtm8s.cloudfront.net\/assets\/common\/img\/logos\/payment\/mercadopago@2x.png\" alt=\"portf\u00f3lio unopar anhanguera\" width=\"45\" height=\"28\" data-src=\"https:\/\/d26lpennugtm8s.cloudfront.net\/assets\/common\/img\/logos\/payment\/mercadopago@2x.png\" \/><img loading=\"lazy\" decoding=\"async\" class=\"alignnone lazyloaded smush-detected-img smush-image-bigger-11\" src=\"https:\/\/futurium.com.br\/wp-content\/uploads\/2021\/06\/logo-pix-icone-512.png\" alt=\"portfolio pronto\" width=\"30\" height=\"30\" data-src=\"https:\/\/futurium.com.br\/wp-content\/uploads\/2021\/06\/logo-pix-icone-512.png\" \/><\/p>\n<\/div>\n<\/div>\n","protected":false},"featured_media":43491,"template":"","meta":{"_seopress_robots_primary_cat":"","_seopress_titles_title":"","_seopress_titles_desc":"","_seopress_robots_index":""},"product_cat":[15],"product_tag":[],"class_list":{"0":"post-43490","1":"product","2":"type-product","3":"status-publish","4":"has-post-thumbnail","6":"product_cat-uncategorized","8":"first","9":"instock","10":"shipping-taxable","11":"purchasable","12":"product-type-simple","13":"col-xs-6 col-sm-4","14":"col-mf-5","15":"un-5-cols"},"jetpack_sharing_enabled":true,"_links":{"self":[{"href":"https:\/\/portifolioos-prontos.com\/index.php\/wp-json\/wp\/v2\/product\/43490","targetHints":{"allow":["GET"]}}],"collection":[{"href":"https:\/\/portifolioos-prontos.com\/index.php\/wp-json\/wp\/v2\/product"}],"about":[{"href":"https:\/\/portifolioos-prontos.com\/index.php\/wp-json\/wp\/v2\/types\/product"}],"version-history":[{"count":0,"href":"https:\/\/portifolioos-prontos.com\/index.php\/wp-json\/wp\/v2\/product\/43490\/revisions"}],"wp:featuredmedia":[{"embeddable":true,"href":"https:\/\/portifolioos-prontos.com\/index.php\/wp-json\/wp\/v2\/media\/43491"}],"wp:attachment":[{"href":"https:\/\/portifolioos-prontos.com\/index.php\/wp-json\/wp\/v2\/media?parent=43490"}],"wp:term":[{"taxonomy":"product_cat","embeddable":true,"href":"https:\/\/portifolioos-prontos.com\/index.php\/wp-json\/wp\/v2\/product_cat?post=43490"},{"taxonomy":"product_tag","embeddable":true,"href":"https:\/\/portifolioos-prontos.com\/index.php\/wp-json\/wp\/v2\/product_tag?post=43490"}],"curies":[{"name":"wp","href":"https:\/\/api.w.org\/{rel}","templated":true}]}}