{"id":43503,"date":"2025-08-21T15:22:41","date_gmt":"2025-08-21T18:22:41","guid":{"rendered":"https:\/\/portifolioos-prontos.com\/?post_type=product&#038;p=43503"},"modified":"2025-10-11T14:00:09","modified_gmt":"2025-10-11T17:00:09","slug":"aula-pratica-algoritmos-e-logica-de-programacao-aula-3","status":"publish","type":"product","link":"https:\/\/portifolioos-prontos.com\/index.php\/product\/aula-pratica-algoritmos-e-logica-de-programacao-aula-3\/","title":{"rendered":"Aula Pr\u00e1tica algoritmos e l\u00f3gica de programa\u00e7\u00e3o &#8211; Aula 3"},"content":{"rendered":"<h5>Aula Pr\u00e1tica algoritmos e l\u00f3gica de programa\u00e7\u00e3o &#8211; Aula 3<\/h5>\n<p>ROTEIRO DE AULA PR\u00c1TICA<br \/>\nNOME DA DISCIPLINA: ALGORITMOS E L\u00d3GICA DE PROGRAMA\u00c7\u00c3O<br \/>\nUnidade: 3 \u2013 CONCEITOS DE PROGRAMA\u00c7\u00c3O<br \/>\nAula: 3 \u2013 Estruturas condicionais em linguagem C<br \/>\nOBJETIVOS<br \/>\n\u2713 Interpreta\u00e7\u00e3o dos requisitos e desenvolvimento correto do algoritmo abrangendo todas as<br \/>\npossibilidades distintas na execu\u00e7\u00e3o do programa;<br \/>\n\u2713 Aplicar na pr\u00e1tica a estrutura condicional: (\u201cIF\u201d) no desenvolvimento de algoritmos<br \/>\ncomputacionais na Linguagem de Programa\u00e7\u00e3o \u201cC\u201d.<br \/>\nSOLU\u00c7\u00c3O DIGITAL<br \/>\n\u2022 Visual Studio Code (VS Code)<br \/>\nLINK SOLU\u00c7\u00c3O DIGITAL: https:\/\/code.visualstudio.com\/download<br \/>\nO VS Code \u00e9 um editor de c\u00f3digo-fonte desenvolvido pela Microsoft para Windows, Linux e macOS.<br \/>\nConta com a instala\u00e7\u00e3o de extens\u00f5es para programa\u00e7\u00e3o em diversas linguagens de programa\u00e7\u00e3o.<br \/>\n\u2022 Tipo de licen\u00e7a: C\u00f3digo-fonte: Licen\u00e7a MIT; Bin\u00e1rios: Freeware<br \/>\nComputador com acesso \u00e0 internet, e com o m\u00ednimo de 4 GB de Mem\u00f3ria RAM.<br \/>\n\u2022 Instala\u00e7\u00e3o do Visual Studio Code + extens\u00f5es:<br \/>\no C\/C++ for Visual Studio Code;<br \/>\no C\/C++ Compile Run extension.<br \/>\nPROCEDIMENTO\/ATIVIDADE<br \/>\nATIVIDADE PROPOSTA:<br \/>\nVoc\u00ea \u00e9 um desenvolvedor de software em uma institui\u00e7\u00e3o financeira respons\u00e1vel por criar um sistema de<br \/>\naprova\u00e7\u00e3o de empr\u00e9stimos. O seu objetivo \u00e9 desenvolver um programa que analise as informa\u00e7\u00f5es<br \/>\nfinanceiras fornecidas pelos clientes e determine se o empr\u00e9stimo pode ser aprovado com base em crit\u00e9rios<br \/>\npr\u00e9-estabelecidos.<br \/>\nDescri\u00e7\u00e3o do Problema:<br \/>\nO sistema de aprova\u00e7\u00e3o de empr\u00e9stimos precisa considerar diversos crit\u00e9rios para determinar se um cliente<br \/>\n\u00e9 eleg\u00edvel para receber um empr\u00e9stimo. Os crit\u00e9rios s\u00e3o:<br \/>\n3<br \/>\n\u2022 Rela\u00e7\u00e3o entre renda e valor do empr\u00e9stimo: O valor do empr\u00e9stimo n\u00e3o pode exceder 30% da renda<br \/>\nmensal do cliente.<br \/>\n\u2022 Hist\u00f3rico de cr\u00e9dito: Clientes com um hist\u00f3rico de cr\u00e9dito ruim podem ter sua solicita\u00e7\u00e3o de<br \/>\nempr\u00e9stimo rejeitada.<br \/>\n\u2022 Outros fatores: Outros fatores, como a estabilidade no emprego do cliente e o valor da entrada,<br \/>\ntamb\u00e9m podem influenciar na decis\u00e3o de aprova\u00e7\u00e3o do empr\u00e9stimo.<br \/>\nPROCEDIMENTOS PARA A REALIZA\u00c7\u00c3O DA ATIVIDADE:<br \/>\nFa\u00e7a uma an\u00e1lise detalhada de todas as a\u00e7\u00f5es que o programa deve executar, bem como, as estruturas<br \/>\nalgor\u00edtmicas necess\u00e1rias para o desenvolvimento do c\u00f3digo. Aplique os fundamentos da l\u00f3gica de<br \/>\nprograma\u00e7\u00e3o e algoritmos na cria\u00e7\u00e3o de uma solu\u00e7\u00e3o para o cen\u00e1rio apresentado utilizando a Linguagem de<br \/>\nPrograma\u00e7\u00e3o \u201cC\u201d tendo como apoio o editor de c\u00f3digo \u201cVS Code\u201d.<br \/>\nA seguir, os procedimentos que devem ser realizados:<br \/>\n\u2022 Desenvolver o programa: Utilizando a linguagem de Programa\u00e7\u00e3o C no VS Code, voc\u00ea precisa criar<br \/>\num programa que solicite as informa\u00e7\u00f5es financeiras do cliente, como renda mensal e valor do<br \/>\nempr\u00e9stimo desejado e outras informa\u00e7\u00f5es que julgue necess\u00e1rio dependendo do racioc\u00ednio l\u00f3gico.<br \/>\nSolicite do usu\u00e1rio os dados da renda mensal, valor do empr\u00e9stimo, hist\u00f3rico de cr\u00e9dito, estabilidade<br \/>\nno emprego e o valor da entrada. Lembre-se que todas essas informa\u00e7\u00f5es fazem parte dos crit\u00e9rios<br \/>\npara libera\u00e7\u00e3o do cr\u00e9dito.<br \/>\nAbaixo uma sugest\u00e3o, note que algumas vari\u00e1veis s\u00e3o de tipos diferentes. Isso tamb\u00e9m deve ser<br \/>\ntratado na constru\u00e7\u00e3o do algoritmo.<br \/>\n\u2022 Implementar a l\u00f3gica de aprova\u00e7\u00e3o<a href=\"http:\/\/portifolioos-prontos.com\">:<\/a> Voc\u00ea deve implementar a l\u00f3gica necess\u00e1ria para analisar as<br \/>\ninforma\u00e7\u00f5es fornecidas pelo cliente e determinar se o empr\u00e9stimo pode ser aprovado com base nos<br \/>\ncrit\u00e9rios estabelecidos. Crit\u00e9rios 1, 2 e 3 no item: Atividade Proposta.<br \/>\n4<br \/>\nUtilize uma estrutura de sele\u00e7\u00e3o para construir essa parte do programa. Voc\u00ea pode utilizar os<br \/>\ncomandos \u201cIF\u201d e ou o comando \u201cswitch case\u201d, dependendo da elabora\u00e7\u00e3o do algoritmo.<br \/>\nExemplo de um dos crit\u00e9rios:<br \/>\nIf (Valor do Emprestimo &lt;= 30% da renda mensal) \u2013 crit\u00e9rio para conceder o empr\u00e9stimo.<br \/>\n\u2022 Exibir o resultado: Ap\u00f3s a an\u00e1lise, o programa deve informar ao cliente se o empr\u00e9stimo foi aprovado<br \/>\nou rejeitado, juntamente com detalhes adicionais, se necess\u00e1rio.<br \/>\nNeste ponto voc\u00ea pode exibir uma mensagem quando todos os crit\u00e9rios s\u00e3o cumpridos:<br \/>\nE uma outra mensagem explicando o porque do cr\u00e9dito ter sido negado<a href=\"http:\/\/portfolio-pronto.com\">.<\/a><br \/>\n\u2022 Testar e depurar: Teste o programa com diferentes conjuntos de dados para garantir que a an\u00e1lise<br \/>\nde aprova\u00e7\u00e3o de empr\u00e9stimos esteja correta. Corrija eventuais falhas ou erros de l\u00f3gica que possam<br \/>\nsurgir durante os testes. A seguir um exemplo de teste quando todos os crit\u00e9rios s\u00e3o cumpridos e o<br \/>\ncr\u00e9dito ser\u00e1 liberado ao cliente.<br \/>\n\u2022 Documentar o c\u00f3digo: Documente o c\u00f3digo fonte do programa, explicando a l\u00f3gica por tr\u00e1s da<br \/>\nan\u00e1lise de aprova\u00e7\u00e3o de empr\u00e9stimos. Inclua coment\u00e1rios explicativos para facilitar a compreens\u00e3o<br \/>\ne manuten\u00e7\u00e3o do c\u00f3digo. Pense sempre que em uma empresa, outros profissionais poder\u00e3o dar<br \/>\nmanuten\u00e7\u00e3o na codifica\u00e7\u00e3o realizada anteriormente por voc\u00ea.<br \/>\nAs linhas 11 e 15 possuem coment\u00e1rios do c\u00f3digo-fonte<br \/>\n\u2022 Execu\u00e7\u00e3o do Programa: Apresentar o programa, demonstrando como funciona a log\u00edstica de an\u00e1lise<br \/>\nde cr\u00e9dito.<br \/>\n5<br \/>\nExemplo do programa sendo executado:<br \/>\nMunido de todas essas informa\u00e7\u00f5es, coloque suas habilidades de programa\u00e7\u00e3o em pr\u00e1tica e crie um<br \/>\nprograma que ajude a institui\u00e7\u00e3o financeira a tomar decis\u00f5es assertivas na concess\u00e3o de cr\u00e9dito.<br \/>\nCHECKLIST:<br \/>\n\u2022 Analisar o cen\u00e1rio para cria\u00e7\u00e3o do c\u00f3digo-fonte do programa;<br \/>\n\u2022 Instalar o VS Code em seu dispositivo. Baixe a IDE escolhendo o sistema operacional por meio do link:<br \/>\nhttps:\/\/code.visualstudio.com\/download<br \/>\n\u2022 Desenvolver o algoritmo na Linguagem de Programa\u00e7\u00e3o C;<br \/>\n\u2022 Considerar todos os crit\u00e9rios solicitados para constru\u00e7\u00e3o do algoritmo.<br \/>\n\u2022 Executar testes e poss\u00edveis corre\u00e7\u00f5es;<br \/>\n\u2022 Apresentar o programa e verificar seu correto funcionamento.<br \/>\nRESULTADOS<br \/>\nO estudante deve entregar um arquivo em PDF contendo toda a codifica\u00e7\u00e3o do exerc\u00edcio<br \/>\ndocumentada, ou seja, para cada trecho do c\u00f3digo-fonte, o estudante deve anexar um texto<br \/>\nexplicando o que acontece quando o trecho do c\u00f3digo \u00e9 executado.<br \/>\nO arquivo dever\u00e1 conter:<br \/>\n\u2022 Capa;<br \/>\n\u2022 Folha de rosto com os dados da disciplina e do aluno;<br \/>\n\u2022 Codifica\u00e7\u00e3o completa dos exerc\u00edcios;<br \/>\n\u2022 Refer\u00eancias bibliogr\u00e1ficas (quando houver).<br \/>\nRESULTADOS DE APRENDIZAGEM:<br \/>\nO objetivo da atividade \u00e9 aplicar os conceitos de comandos de sele\u00e7\u00e3o \u201cIF\u201d, podendo se necess\u00e1rio,<br \/>\naplicar comandos de \u201cla\u00e7o de repeti\u00e7\u00f5es\u201d para analisar as informa\u00e7\u00f5es financeiras fornecidas pelo<br \/>\nusu\u00e1rio, al\u00e9m de determinar se o empr\u00e9stimo pode ou n\u00e3o ser aprovado. Diante do contexto, ser<br \/>\ncapaz de aplicar os conceitos de l\u00f3gica de programa\u00e7\u00e3o e racioc\u00ednio l\u00f3gico de forma pr\u00e1tica em um<br \/>\ncontexto do mundo real.<\/p>\n<div class=\"elementor-toggle-item\">\n<p id=\"elementor-tab-title-1941\" class=\"elementor-tab-title elementor-active\" tabindex=\"0\" role=\"tab\" data-tab=\"1\" aria-controls=\"elementor-tab-content-1941\" aria-expanded=\"true\" aria-selected=\"true\"><strong>Como funciona?<\/strong><\/p>\n<p>Elaboramos os portf\u00f3lios, j\u00e1 deixamos prontos, nas normas da ABNT e conforme os requisitos da universidade. F\u00e1cil assim! O MELHOR \u00c9 QUE VOC\u00ca COMPRA E J\u00c1 BAIXA NA HORA O SEU ARQUIVO EM WORD! Sabemos que conciliar trabalho, fam\u00edlia, vida profissional e estudos \u00e9 dif\u00edcil hoje em dia, por isso, estamos aqui para ajudar voc\u00ea. Conte com nossa qualidade, experi\u00eancia e profissionalismo adquirindo seu portf\u00f3lio conosco. GARANTIMOS SEU CONCEITO!<\/p>\n<p><strong>Como se realizam os envios?<\/strong><\/p>\n<\/div>\n<p id=\"elementor-tab-content-1942\" class=\"elementor-tab-content elementor-clearfix elementor-active\" role=\"tabpanel\" data-tab=\"2\" aria-labelledby=\"elementor-tab-title-1942\">O seu trabalho \u00e9 disponibilizado pronto, respondido e nas normas j\u00e1 na mesma hora aqui em nosso site na sua \u00e1rea de downloads e tamb\u00e9m no seu e-mail.<\/p>\n<p><strong>Em quanto tempo recebo o portf\u00f3lio?<\/strong><\/p>\n<p>Os envios s\u00e3o imediatos. Ap\u00f3s sua compra, o trabalho j\u00e1 \u00e9 disponibilizado instantaneamente aqui em nosso site e no seu e-mail.<\/p>\n<p><strong>E se o portf\u00f3lio que comprei precisar de corre\u00e7\u00e3o?<\/strong><\/p>\n<p>Caso haja alguma solicita\u00e7\u00e3o de corre\u00e7\u00e3o\/altera\u00e7\u00e3o por parte do tutor, basta entrar em contato conosco pelo\u00a0WhatsApp\u00a0que provid\u00eanciaremos sem custo algum.<\/p>\n<p><strong>Qual o formato do arquivo?<\/strong><\/p>\n<p>Os arquivos s\u00e3o enviados em formato Word e s\u00e3o edit\u00e1veis.<\/p>\n<p><strong>Caso eu tiver alguma d\u00favida, terei suporte no p\u00f3s venda?<\/strong><\/p>\n<p>Sim, com certeza. Basta clicar no \u00edcone do WhatsApp no cantinho da tela. Ser\u00e1 um prazer atend\u00ea-lo(a).<\/p>\n<div id=\"elementor-tab-content-1948\" class=\"elementor-tab-content elementor-clearfix elementor-active\" role=\"tabpanel\" data-tab=\"8\" aria-labelledby=\"elementor-tab-title-1948\">\n<p><strong>Quais os seus canais de contato?<\/strong><\/p>\n<\/div>\n<div id=\"elementor-tab-content-1949\" class=\"elementor-tab-content elementor-clearfix elementor-active\" role=\"tabpanel\" data-tab=\"9\" aria-labelledby=\"elementor-tab-title-1949\">\n<p>Whatsapp: 53 984751621 \u2013 Clicar no canto da tela ou ESCANEIE O QRCODE ABAIXO<\/p>\n<h4><img decoding=\"async\" class=\"alignnone wp-image-13699 jetpack-lazy-image jetpack-lazy-image--handled\" src=\"https:\/\/i0.wp.com\/portifolioos-prontos.com\/wp-content\/uploads\/2023\/02\/whatsapp-business-projeto-de-extensao-300x300.jpeg?resize=144%2C144\" sizes=\"(max-width: 144px) 100vw, 144px\" srcset=\"https:\/\/i0.wp.com\/portifolioos-prontos.com\/wp-content\/uploads\/2023\/02\/whatsapp-business-projeto-de-extensao.jpeg?resize=300%2C301&amp;ssl=1 300w, https:\/\/i0.wp.com\/portifolioos-prontos.com\/wp-content\/uploads\/2023\/02\/whatsapp-business-projeto-de-extensao.jpeg?resize=150%2C150&amp;ssl=1 150w, https:\/\/i0.wp.com\/portifolioos-prontos.com\/wp-content\/uploads\/2023\/02\/whatsapp-business-projeto-de-extensao.jpeg?resize=370%2C372&amp;ssl=1 370w, https:\/\/i0.wp.com\/portifolioos-prontos.com\/wp-content\/uploads\/2023\/02\/whatsapp-business-projeto-de-extensao.jpeg?resize=100%2C100&amp;ssl=1 100w, https:\/\/i0.wp.com\/portifolioos-prontos.com\/wp-content\/uploads\/2023\/02\/whatsapp-business-projeto-de-extensao.jpeg?w=470&amp;ssl=1 470w\" alt=\"projeto de extens\u00e3o unopar\" width=\"144\" height=\"144\" data-lazy-loaded=\"1\" \/><\/h4>\n<\/div>\n<div class=\"elementor-toggle-item\">\n<div id=\"elementor-tab-content-1949\" class=\"elementor-tab-content elementor-clearfix elementor-active\" role=\"tabpanel\" data-tab=\"9\" aria-labelledby=\"elementor-tab-title-1949\">\n<p>E-mail:portifoliosp@gmail.com<\/p>\n<div id=\"attachment_143\" class=\"wp-caption alignnone\">\n<div id=\"attachment_143\" class=\"wp-caption alignnone\">\n<p id=\"caption-attachment-143\" class=\"wp-caption-text\"><a href=\"http:\/\/portfolio-pronto.com\/\">Portf\u00f3lio<\/a>\u00a0<a href=\"https:\/\/portifolioos-prontos.com\/\">pronto Unopar Anhanguera<\/a>\u00a0em Word, respondido, completo e j\u00e1 nas normas.<\/p>\n<\/div>\n<\/div>\n<\/div>\n<\/div>\n","protected":false},"excerpt":{"rendered":"<div class=\"product-short-description\">\n<p><strong>Pague pelo PIX ou cart\u00e3o e fa\u00e7a o download agora mesmo.<\/strong><\/p>\n<\/div>\n<div class=\"sticky-add-to-cart-wrapper\">\n<div class=\"sticky-add-to-cart\">\n<p class=\"quantity buttons_added form-flat\"><img decoding=\"async\" class=\"lazyloaded smush-image-5 smush-image-3 smush-image-4 smush-detected-img smush-image-bigger-3\" src=\"https:\/\/d26lpennugtm8s.cloudfront.net\/assets\/common\/img\/logos\/payment\/visa@2x.png\" width=\"46\" height=\"29\" data-src=\"https:\/\/d26lpennugtm8s.cloudfront.net\/assets\/common\/img\/logos\/payment\/visa@2x.png\" \/><img decoding=\"async\" class=\"lazyloaded smush-image-6 smush-image-4 smush-image-5 smush-detected-img smush-image-bigger-4\" src=\"https:\/\/d26lpennugtm8s.cloudfront.net\/assets\/common\/img\/logos\/payment\/boleto@2x.png\" width=\"43\" height=\"27\" data-src=\"https:\/\/d26lpennugtm8s.cloudfront.net\/assets\/common\/img\/logos\/payment\/boleto@2x.png\" \/><img loading=\"lazy\" decoding=\"async\" class=\"lazyloaded smush-image-7 smush-image-5 smush-image-6 smush-detected-img smush-image-bigger-5\" src=\"https:\/\/d26lpennugtm8s.cloudfront.net\/assets\/common\/img\/logos\/payment\/mastercard@2x.png\" width=\"43\" height=\"27\" data-src=\"https:\/\/d26lpennugtm8s.cloudfront.net\/assets\/common\/img\/logos\/payment\/mastercard@2x.png\" \/><img loading=\"lazy\" decoding=\"async\" class=\"lazyloaded smush-image-8 smush-image-6 smush-image-7 smush-detected-img smush-image-bigger-6\" src=\"https:\/\/d26lpennugtm8s.cloudfront.net\/assets\/common\/img\/logos\/payment\/amex@2x.png\" width=\"43\" height=\"27\" data-src=\"https:\/\/d26lpennugtm8s.cloudfront.net\/assets\/common\/img\/logos\/payment\/amex@2x.png\" \/><img loading=\"lazy\" decoding=\"async\" class=\"lazyloaded smush-image-9 smush-image-7 smush-image-8 smush-detected-img smush-image-bigger-7\" src=\"https:\/\/d26lpennugtm8s.cloudfront.net\/assets\/common\/img\/logos\/payment\/diners@2x.png\" width=\"46\" height=\"29\" data-src=\"https:\/\/d26lpennugtm8s.cloudfront.net\/assets\/common\/img\/logos\/payment\/diners@2x.png\" \/><img loading=\"lazy\" decoding=\"async\" class=\"lazyloaded smush-image-10 smush-image-8 smush-image-9 alignnone smush-detected-img smush-image-bigger-8\" src=\"https:\/\/d26lpennugtm8s.cloudfront.net\/assets\/common\/img\/logos\/payment\/br\/elo@2x.png\" alt=\"portf\u00f3lio unopar anhanguera\" width=\"45\" height=\"28\" data-src=\"https:\/\/d26lpennugtm8s.cloudfront.net\/assets\/common\/img\/logos\/payment\/br\/elo@2x.png\" \/><img loading=\"lazy\" decoding=\"async\" class=\"lazyloaded smush-image-11 smush-image-9 smush-image-10 alignnone smush-detected-img smush-image-bigger-9\" src=\"https:\/\/d26lpennugtm8s.cloudfront.net\/assets\/common\/img\/logos\/payment\/br\/hipercard@2x.png\" alt=\"portf\u00f3lio unopar anhanguera\" width=\"44\" height=\"28\" data-src=\"https:\/\/d26lpennugtm8s.cloudfront.net\/assets\/common\/img\/logos\/payment\/br\/hipercard@2x.png\" \/><img loading=\"lazy\" decoding=\"async\" class=\"lazyloaded smush-image-12 smush-image-10 smush-image-11 alignnone smush-detected-img smush-image-bigger-10\" src=\"https:\/\/d26lpennugtm8s.cloudfront.net\/assets\/common\/img\/logos\/payment\/mercadopago@2x.png\" alt=\"portf\u00f3lio unopar anhanguera\" width=\"45\" height=\"28\" data-src=\"https:\/\/d26lpennugtm8s.cloudfront.net\/assets\/common\/img\/logos\/payment\/mercadopago@2x.png\" \/><img loading=\"lazy\" decoding=\"async\" class=\"alignnone ls-is-cached lazyloaded smush-detected-img smush-image-bigger-11\" src=\"https:\/\/futurium.com.br\/wp-content\/uploads\/2021\/06\/logo-pix-icone-512.png\" alt=\"portfolio pronto\" width=\"30\" height=\"30\" data-src=\"https:\/\/futurium.com.br\/wp-content\/uploads\/2021\/06\/logo-pix-icone-512.png\" \/><\/p>\n<\/div>\n<\/div>\n","protected":false},"featured_media":43505,"template":"","meta":{"_seopress_robots_primary_cat":"","_seopress_titles_title":"","_seopress_titles_desc":"","_seopress_robots_index":""},"product_cat":[15],"product_tag":[],"class_list":{"0":"post-43503","1":"product","2":"type-product","3":"status-publish","4":"has-post-thumbnail","6":"product_cat-uncategorized","8":"first","9":"instock","10":"downloadable","11":"virtual","12":"purchasable","13":"product-type-simple","14":"col-xs-6 col-sm-4","15":"col-mf-5","16":"un-5-cols"},"jetpack_sharing_enabled":true,"_links":{"self":[{"href":"https:\/\/portifolioos-prontos.com\/index.php\/wp-json\/wp\/v2\/product\/43503","targetHints":{"allow":["GET"]}}],"collection":[{"href":"https:\/\/portifolioos-prontos.com\/index.php\/wp-json\/wp\/v2\/product"}],"about":[{"href":"https:\/\/portifolioos-prontos.com\/index.php\/wp-json\/wp\/v2\/types\/product"}],"version-history":[{"count":1,"href":"https:\/\/portifolioos-prontos.com\/index.php\/wp-json\/wp\/v2\/product\/43503\/revisions"}],"predecessor-version":[{"id":45696,"href":"https:\/\/portifolioos-prontos.com\/index.php\/wp-json\/wp\/v2\/product\/43503\/revisions\/45696"}],"wp:featuredmedia":[{"embeddable":true,"href":"https:\/\/portifolioos-prontos.com\/index.php\/wp-json\/wp\/v2\/media\/43505"}],"wp:attachment":[{"href":"https:\/\/portifolioos-prontos.com\/index.php\/wp-json\/wp\/v2\/media?parent=43503"}],"wp:term":[{"taxonomy":"product_cat","embeddable":true,"href":"https:\/\/portifolioos-prontos.com\/index.php\/wp-json\/wp\/v2\/product_cat?post=43503"},{"taxonomy":"product_tag","embeddable":true,"href":"https:\/\/portifolioos-prontos.com\/index.php\/wp-json\/wp\/v2\/product_tag?post=43503"}],"curies":[{"name":"wp","href":"https:\/\/api.w.org\/{rel}","templated":true}]}}