{"id":43866,"date":"2025-08-24T13:21:24","date_gmt":"2025-08-24T16:21:24","guid":{"rendered":"https:\/\/portifolioos-prontos.com\/?post_type=product&#038;p=43866"},"modified":"2026-03-02T16:36:29","modified_gmt":"2026-03-02T19:36:29","slug":"aula-pratica-algoritmos-e-logica-de-programacao-aula-2","status":"publish","type":"product","link":"https:\/\/portifolioos-prontos.com\/index.php\/product\/aula-pratica-algoritmos-e-logica-de-programacao-aula-2\/","title":{"rendered":"Aula Pr\u00e1tica Algoritmos e l\u00f3gica de programa\u00e7\u00e3o &#8211; Aula 2"},"content":{"rendered":"<h5>Aula Pr\u00e1tica Algoritmos e l\u00f3gica de programa\u00e7\u00e3o<\/h5>\n<p><strong>NOME DA DISCIPLINA: ALGORITMOS E L\u00d3GICA DE PROGRAMA\u00c7\u00c3O<\/strong><br \/>\n<strong>Unidade: 2 \u2013 ELEMENTOS DE ALGORITMOS<\/strong><br \/>\n<strong>Aula: 2 \u2013 Execu\u00e7\u00e3o sequencial e estruturas de decis\u00e3o<\/strong><\/p>\n<hr \/>\n<p><strong>OBJETIVOS<\/strong><br \/>\n\u2713 Interpreta\u00e7\u00e3o dos requisitos e desenvolvimento correto do algoritmo abrangendo todas as<br \/>\npossibilidades distintas na execu\u00e7\u00e3o do programa;<br \/>\n\u2713 Aplicar uma estrutura de decis\u00e3o: (\u201cSE\u201d ou \u201c\u201dESCOLHA CASO\u201d) no desenvolvimento de<br \/>\nalgoritmos computacionais com a pseudolinguagem Portugol.<\/p>\n<hr \/>\n<p><strong>SOLU\u00c7\u00c3O DIGITAL<\/strong><br \/>\n\u2022 Portugol WebStudio<br \/>\nLINK SOLU\u00c7\u00c3O DIGITAL: https:\/\/portugol.dev\/<br \/>\nO Portugol WebStudio \u00e9 uma ferramenta online de ensino e de aprendizagem de algoritmos<br \/>\nbaseada no Portugol (Portugu\u00eas Estruturado), que \u00e9 uma pseudolinguagem de programa\u00e7\u00e3o para<br \/>\nfins acad\u00eamicos.<br \/>\nA ferramenta Portugol Web Studio n\u00e3o necessita de instala\u00e7\u00e3o, basta somente acessar por meio<br \/>\nde uma conex\u00e3o web o endere\u00e7o (URL).<\/p>\n<hr \/>\n<p><strong>PROCEDIMENTO\/ATIVIDADE<\/strong><br \/>\n<strong>ATIVIDADE PROPOSTA:<\/strong><br \/>\nVoc\u00ea \u00e9 um explorador corajoso que se aventura em uma misteriosa Floresta Sussurrante em busca de<br \/>\ntesouros lend\u00e1rios e segredos perdidos. Ao adentrar na floresta, voc\u00ea se depara com tr\u00eas caminhos<br \/>\ndiferentes, cada um levando a uma parte desconhecida e perigosa da floresta. Sua miss\u00e3o \u00e9 escolher<br \/>\nsabiamente o caminho a seguir, enfrentando desafios e tomando decis\u00f5es que impactar\u00e3o sua jornada e sua<br \/>\npontua\u00e7\u00e3o final.<br \/>\nPrepare-se para esta aventura cheia de mist\u00e9rios!<br \/>\nCaminho 1: O Caminho das Sombras<br \/>\nDescri\u00e7\u00e3o: Este caminho \u00e9 cercado por \u00e1rvores antigas e sombrias, com raios de lua penetrando entre os<br \/>\ngalhos. Parece ser o caminho mais misterioso e perigoso da floresta.<br \/>\n3<br \/>\nObst\u00e1culo: O jogador encontra uma criatura m\u00e1gica guardi\u00e3 do caminho, que exige um enigma para deix\u00e1-lo<br \/>\npassar. O enigma \u00e9: &#8220;Quem sou eu? Tenho olhos, mas n\u00e3o vejo. Tenho boca, mas n\u00e3o falo. O que sou?&#8221;<br \/>\n(Resposta: uma caveira).<br \/>\nPremia\u00e7\u00e3o: Se o jogador responder corretamente ao enigma, ele encontra um ba\u00fa escondido contendo uma<br \/>\ngema preciosa que vale 100 pontos.<br \/>\nCaminho 2: O Caminho da Luz<br \/>\nDescri\u00e7\u00e3o: Este caminho \u00e9 iluminado por raios de sol que filtram entre as copas das \u00e1rvores. Parece ser o<br \/>\ncaminho mais seguro e reconfortante da floresta.<br \/>\nObst\u00e1culo: O jogador encontra uma ponte quebrada sobre um rio turbulento. Ele deve decidir se tentar\u00e1<br \/>\natravessar a ponte quebrada ou procurar\u00e1 um desvio seguro.<br \/>\nPremia\u00e7\u00e3o: Se o jogador decidir atravessar a ponte quebrada com sucesso, ele encontra uma fonte m\u00e1gica<br \/>\nque restaura sua sa\u00fade e adiciona 50 pontos \u00e0 sua pontua\u00e7\u00e3o.<br \/>\nCaminho 3: O Caminho das Criaturas<br \/>\nDescri\u00e7\u00e3o: Este caminho \u00e9 repleto de sons estranhos e pegadas misteriosas no ch\u00e3o. Parece ser o caminho<br \/>\nmais imprevis\u00edvel e enigm\u00e1tico da floresta.<br \/>\nObst\u00e1culo: O jogador se depara com uma criatura m\u00e1gica adormecida bloqueando o caminho. Ele deve<br \/>\ndecidir se tentar\u00e1 contornar a criatura com cuidado ou acord\u00e1-la para passar.<br \/>\nPremia\u00e7\u00e3o: Se o jogador decidir contornar a criatura com sucesso, ele encontra uma \u00e1rvore encantada que<br \/>\nconcede a ele uma habilidade especial de camuflagem, adicionando 75 pontos \u00e0 sua pontua\u00e7\u00e3o.<br \/>\nCom esses tr\u00eas caminhos, o jogador ter\u00e1 que tomar decis\u00f5es estrat\u00e9gicas para superar os obst\u00e1culos e<br \/>\nacumular o m\u00e1ximo de pontos poss\u00edvel em sua aventura pela Floresta Sussurrante.<\/p>\n<hr \/>\n<p><strong>PROCEDIMENTOS PARA A REALIZA\u00c7\u00c3O DA ATIVIDADE:<\/strong><br \/>\n1. Desenvolvimento do Programa:<br \/>\n\u2022 Utilizar a linguagem Portugol no Portugol Web Studio.<br \/>\nO estudante dever\u00e1 utilizar a linguagem de programa\u00e7\u00e3o \u201cPortugol\u201d por meio da ferramenta<br \/>\nPortugol WebStudio acessando-o na url: https:\/\/portugol.dev\/ . Na ferramenta o estudante chegar\u00e1<br \/>\nnesta tela e dever\u00e1 clicar no bot\u00e3o \u201cNovo Arquivo\u201d:<br \/>\n4<br \/>\n\u2022 Implementar os tr\u00eas desvios condicionais: simples, composto e ou encadeado, criando um menu de<br \/>\nop\u00e7\u00f5es para o jogador, por exemplo:<br \/>\nObserve que dever\u00e1 ser criado um menu que apare\u00e7a no momento da execu\u00e7\u00e3o do programa para<br \/>\ncapturar a op\u00e7\u00e3o escolhida pelo usu\u00e1rio: 1, 2 ou 3.<br \/>\n\u2022 De acordo com a op\u00e7\u00e3o escolhida, o programa deve desviar a execu\u00e7\u00e3o do c\u00f3digo para o trecho que<br \/>\nir\u00e1 realizar as instru\u00e7\u00f5es de acordo com os caminhos do cen\u00e1rio: \u201cfloresta sussurrante\u201d. Observe a<br \/>\nseguir:<br \/>\nO estudante pode utilizar a estrutura de sele\u00e7\u00e3o \u201cESCOLHA CASO\u201d e executar as instru\u00e7\u00f5es para o<br \/>\n\u201ccaminho das sombras\u201d caso o usu\u00e1rio escolha a op\u00e7\u00e3o 1. Dessa forma, o algoritmo tem que executar<br \/>\ntodas as instru\u00e7\u00f5es que est\u00e3o no \u201cCaminho 1: O Caminho das Sombras\u201d. Isso inclui: a apresenta\u00e7\u00e3o<br \/>\nda descri\u00e7\u00e3o, obst\u00e1culo e premia\u00e7\u00e3o, sendo esta de acordo com a resposta do usu\u00e1rio.<br \/>\nO mesmo princ\u00edpio deve ser seguido quando o usu\u00e1rio escolher as op\u00e7\u00f5es \u201c2\u201d ou \u201c3\u201d. Ainda se o<br \/>\nusu\u00e1rio escolher uma op\u00e7\u00e3o diferente, o algoritmo deve exibir uma mensagem:<br \/>\n\u2022 Criar uma narrativa envolvente que guie o usu\u00e1rio ao longo da aventura.<br \/>\n5<br \/>\nUtilizar o pr\u00f3prio texto fornecido na \u201catividade proposta\u201d ficando a crit\u00e9rio do estudante a<br \/>\ncustomiza\u00e7\u00e3o e a implementa\u00e7\u00e3o de melhorias no texto, pensando em envolver o usu\u00e1rio nesta<br \/>\naventura. Observar que poder\u00e3o ser utilizadas as duas estruturas de sele\u00e7\u00e3o durante o<br \/>\ndesenvolvimento. Nesta imagem tem um exemplo da estrutura \u201cSE\u201d sendo implementada e para<br \/>\nexecu\u00e7\u00e3o do menu de op\u00e7\u00f5es est\u00e1 send<a href=\"http:\/\/portifolioos-prontos.com\">o<\/a> utilizado a estrutura \u201cESCOLHA CASO\u201d.<br \/>\n2. Testes e Corre\u00e7\u00f5es:<br \/>\n\u2022 Ap\u00f3s toda a constru\u00e7\u00e3o do programa, \u00e9 hora de executar os testes.<br \/>\n\u2022 Testar o programa para garantir que todas as op\u00e7\u00f5es de escolha funcionem corretamente.<br \/>\n\u2022 Executando o c\u00f3digo, de in\u00edcio dever\u00e1 aparecer um texto explicando o programa e em seguida o<br \/>\nmenu de op\u00e7\u00f5es.<br \/>\nNeste ponto o usu\u00e1rio vai entrar com a op\u00e7\u00e3o escolhida e em seguida o algoritmo deve executar as<br \/>\ninstru\u00e7\u00f5es de acordo com a op\u00e7\u00e3o escolhida.<br \/>\nVerificar se o mesmo est\u00e1 acontecendo para as tr\u00eas op\u00e7\u00f5es do programa, inclusive quando o usu\u00e1rio<br \/>\nescolhe incorretamente, ou seja, um n\u00famero diferente de: 1, 2 ou 3.<br \/>\n3. Documenta\u00e7\u00e3o e Coment\u00e1rios:<br \/>\n\u2022 Documentar o c\u00f3digo fonte, explicando a l\u00f3gica por tr\u00e1s de cada parte do programa.<br \/>\nOptar sempre por documentar o c\u00f3digo fonte, principalmente quando n\u00e3o se est\u00e1 habituado com o<br \/>\ncomando, exemplo:<br \/>\nColocando \u201c\/\/\u201d antes da linha o programa ignora a execu\u00e7\u00e3o da linha. Portanto, as anota\u00e7\u00f5es<br \/>\npoder\u00e3o ser realizadas em todo o c\u00f3digo-fonte.<br \/>\n4. Apresenta\u00e7\u00e3o e Avalia\u00e7\u00e3o:<br \/>\n\u2022 Apresentar o programa em sala de aula, demonstrando como funciona a aventura na Floresta<br \/>\nEncantada.<br \/>\n6<br \/>\n\u2022 Ap\u00f3s a constru\u00e7\u00e3o do programa, testes e corre\u00e7\u00f5es, o programa dever\u00e1 ser executado passando por<br \/>\ntodas as op\u00e7\u00f5es sem que apresente erros ou falhas.<br \/>\n\u2022 Avaliar a pontua\u00e7\u00e3o dos estudantes com base nas escolhas que fizeram durante a constru\u00e7\u00e3o do<br \/>\nalgoritmo, discutindo estrat\u00e9gias para maximizar a performance no desenvolvimento de solu\u00e7\u00f5es<br \/>\ncomo a proposta por esta atividade.<\/p>\n<hr \/>\n<p><strong>CHECKLIST:<\/strong><br \/>\n\u2022 Analisar o cen\u00e1rio para cria\u00e7\u00e3o do c\u00f3digo-fonte do programa;<br \/>\n\u2022 Fazer a estrutura\u00e7\u00e3o dos 3 caminhos, seus obst\u00e1culos e premia\u00e7\u00f5es previstas no percurso;<br \/>\n\u2022 Desenvolver o algoritmo em \u201cPortugol<a href=\"http:\/\/portfolio-pronto.com\">\u201d<\/a> na ferramenta \u201cPortugol WebStudio\u201d;<br \/>\n\u2022 Executar testes e poss\u00edveis corre\u00e7\u00f5es;<br \/>\n\u2022 Apresentar o programa e verificar seu correto funcionamento.<\/p>\n<hr \/>\n<p><strong>RESULTADOS<\/strong><br \/>\nO estudante deve entregar um arquivo em PDF contendo toda a codifica\u00e7\u00e3o do exerc\u00edcio<br \/>\ndocumentada, ou seja, para cada trecho do c\u00f3digo-fonte, o estudante deve anexar um texto<br \/>\nexplicando o que acontece quando o trecho do c\u00f3digo \u00e9 executado.<br \/>\nO arquivo dever\u00e1 conter:<br \/>\n\u2022 Capa;<br \/>\n\u2022 Folha de rosto com os dados da disciplina e do aluno;<br \/>\n\u2022 Codifica\u00e7\u00e3o completa dos exerc\u00edcios;<br \/>\n\u2022 Refer\u00eancias bibliogr\u00e1ficas (quando houver).<\/p>\n<hr \/>\n<p><strong>RESULTADOS DE APRENDIZAGEM:<\/strong><br \/>\nO objetivo da atividade \u00e9 a correta compreens\u00e3o e desenvolvimento do programa com os requisitos<br \/>\nexigidos contendo a codifica\u00e7\u00e3o completa para o Portugol WebStudio.<\/p>\n<div class=\"elementor-toggle-item\">\n<p id=\"elementor-tab-title-1941\" class=\"elementor-tab-title elementor-active\" tabindex=\"0\" role=\"tab\" data-tab=\"1\" aria-controls=\"elementor-tab-content-1941\" aria-expanded=\"true\" aria-selected=\"true\"><strong>Como funciona?<\/strong><\/p>\n<p>Elaboramos os portf\u00f3lios, j\u00e1 deixamos prontos, nas normas da ABNT e conforme os requisitos da universidade. F\u00e1cil assim! O MELHOR \u00c9 QUE VOC\u00ca COMPRA E J\u00c1 BAIXA NA HORA O SEU ARQUIVO EM WORD! Sabemos que conciliar trabalho, fam\u00edlia, vida profissional e estudos \u00e9 dif\u00edcil hoje em dia, por isso, estamos aqui para ajudar voc\u00ea. Conte com nossa qualidade, experi\u00eancia e profissionalismo adquirindo seu portf\u00f3lio conosco. GARANTIMOS SEU CONCEITO!<\/p>\n<p><strong>Como se realizam os envios?<\/strong><\/p>\n<\/div>\n<p id=\"elementor-tab-content-1942\" class=\"elementor-tab-content elementor-clearfix elementor-active\" role=\"tabpanel\" data-tab=\"2\" aria-labelledby=\"elementor-tab-title-1942\">O seu trabalho \u00e9 disponibilizado pronto, respondido e nas normas j\u00e1 na mesma hora aqui em nosso site na sua \u00e1rea de downloads e tamb\u00e9m no seu e-mail.<\/p>\n<p><strong>Em quanto tempo recebo o portf\u00f3lio?<\/strong><\/p>\n<p>Os envios s\u00e3o imediatos. Ap\u00f3s sua compra, o trabalho j\u00e1 \u00e9 disponibilizado instantaneamente aqui em nosso site e no seu e-mail.<\/p>\n<p><strong>E se o portf\u00f3lio que comprei precisar de corre\u00e7\u00e3o?<\/strong><\/p>\n<p>Caso haja alguma solicita\u00e7\u00e3o de corre\u00e7\u00e3o\/altera\u00e7\u00e3o por parte do tutor, basta entrar em contato conosco pelo\u00a0WhatsApp\u00a0que provid\u00eanciaremos sem custo algum.<\/p>\n<p><strong>Qual o formato do arquivo?<\/strong><\/p>\n<p>Os arquivos s\u00e3o enviados em formato Word e s\u00e3o edit\u00e1veis.<\/p>\n<p><strong>Caso eu tiver alguma d\u00favida, terei suporte no p\u00f3s venda?<\/strong><\/p>\n<p>Sim, com certeza. Basta clicar no \u00edcone do WhatsApp no cantinho da tela. Ser\u00e1 um prazer atend\u00ea-lo(a).<\/p>\n<div id=\"elementor-tab-content-1948\" class=\"elementor-tab-content elementor-clearfix elementor-active\" role=\"tabpanel\" data-tab=\"8\" aria-labelledby=\"elementor-tab-title-1948\">\n<p><strong>Quais os seus canais de contato?<\/strong><\/p>\n<\/div>\n<div id=\"elementor-tab-content-1949\" class=\"elementor-tab-content elementor-clearfix elementor-active\" role=\"tabpanel\" data-tab=\"9\" aria-labelledby=\"elementor-tab-title-1949\">\n<p>Whatsapp: 53 984751621 \u2013 Clicar no canto da tela ou ESCANEIE O QRCODE ABAIXO<\/p>\n<h4><img decoding=\"async\" class=\"alignnone wp-image-13699 jetpack-lazy-image jetpack-lazy-image--handled\" src=\"https:\/\/i0.wp.com\/portifolioos-prontos.com\/wp-content\/uploads\/2023\/02\/whatsapp-business-projeto-de-extensao-300x300.jpeg?resize=144%2C144\" sizes=\"(max-width: 144px) 100vw, 144px\" srcset=\"https:\/\/i0.wp.com\/portifolioos-prontos.com\/wp-content\/uploads\/2023\/02\/whatsapp-business-projeto-de-extensao.jpeg?resize=300%2C301&amp;ssl=1 300w, https:\/\/i0.wp.com\/portifolioos-prontos.com\/wp-content\/uploads\/2023\/02\/whatsapp-business-projeto-de-extensao.jpeg?resize=150%2C150&amp;ssl=1 150w, https:\/\/i0.wp.com\/portifolioos-prontos.com\/wp-content\/uploads\/2023\/02\/whatsapp-business-projeto-de-extensao.jpeg?resize=370%2C372&amp;ssl=1 370w, https:\/\/i0.wp.com\/portifolioos-prontos.com\/wp-content\/uploads\/2023\/02\/whatsapp-business-projeto-de-extensao.jpeg?resize=100%2C100&amp;ssl=1 100w, https:\/\/i0.wp.com\/portifolioos-prontos.com\/wp-content\/uploads\/2023\/02\/whatsapp-business-projeto-de-extensao.jpeg?w=470&amp;ssl=1 470w\" alt=\"projeto de extens\u00e3o unopar\" width=\"144\" height=\"144\" data-lazy-loaded=\"1\" \/><\/h4>\n<\/div>\n<div class=\"elementor-toggle-item\">\n<div id=\"elementor-tab-content-1949\" class=\"elementor-tab-content elementor-clearfix elementor-active\" role=\"tabpanel\" data-tab=\"9\" aria-labelledby=\"elementor-tab-title-1949\">\n<p>E-mail:portifoliosp@gmail.com<\/p>\n<div id=\"attachment_143\" class=\"wp-caption alignnone\">\n<div id=\"attachment_143\" class=\"wp-caption alignnone\">\n<p id=\"caption-attachment-143\" class=\"wp-caption-text\"><a href=\"http:\/\/portfolio-pronto.com\/\">Portf\u00f3lio<\/a>\u00a0<a href=\"https:\/\/portifolioos-prontos.com\/\">pronto Unopar Anhanguera<\/a>\u00a0em Word, respondido, completo e j\u00e1 nas normas.<\/p>\n<\/div>\n<\/div>\n<\/div>\n<\/div>\n","protected":false},"excerpt":{"rendered":"<div class=\"product-short-description\">\n<p><strong>Pague pelo PIX ou cart\u00e3o e fa\u00e7a o download agora mesmo.<\/strong><\/p>\n<\/div>\n<div class=\"sticky-add-to-cart-wrapper\">\n<div class=\"sticky-add-to-cart\">\n<p class=\"quantity buttons_added form-flat\"><img decoding=\"async\" class=\"lazyloaded smush-image-5 smush-image-3 smush-image-4 smush-detected-img smush-image-bigger-3\" src=\"https:\/\/d26lpennugtm8s.cloudfront.net\/assets\/common\/img\/logos\/payment\/visa@2x.png\" width=\"46\" height=\"29\" data-src=\"https:\/\/d26lpennugtm8s.cloudfront.net\/assets\/common\/img\/logos\/payment\/visa@2x.png\" \/><img decoding=\"async\" class=\"lazyloaded smush-image-6 smush-image-4 smush-image-5 smush-detected-img smush-image-bigger-4\" src=\"https:\/\/d26lpennugtm8s.cloudfront.net\/assets\/common\/img\/logos\/payment\/boleto@2x.png\" width=\"43\" height=\"27\" data-src=\"https:\/\/d26lpennugtm8s.cloudfront.net\/assets\/common\/img\/logos\/payment\/boleto@2x.png\" \/><img loading=\"lazy\" decoding=\"async\" class=\"lazyloaded smush-image-7 smush-image-5 smush-image-6 smush-detected-img smush-image-bigger-5\" src=\"https:\/\/d26lpennugtm8s.cloudfront.net\/assets\/common\/img\/logos\/payment\/mastercard@2x.png\" width=\"43\" height=\"27\" data-src=\"https:\/\/d26lpennugtm8s.cloudfront.net\/assets\/common\/img\/logos\/payment\/mastercard@2x.png\" \/><img loading=\"lazy\" decoding=\"async\" class=\"lazyloaded smush-image-8 smush-image-6 smush-image-7 smush-detected-img smush-image-bigger-6\" src=\"https:\/\/d26lpennugtm8s.cloudfront.net\/assets\/common\/img\/logos\/payment\/amex@2x.png\" width=\"43\" height=\"27\" data-src=\"https:\/\/d26lpennugtm8s.cloudfront.net\/assets\/common\/img\/logos\/payment\/amex@2x.png\" \/><img loading=\"lazy\" decoding=\"async\" class=\"lazyloaded smush-image-9 smush-image-7 smush-image-8 smush-detected-img smush-image-bigger-7\" src=\"https:\/\/d26lpennugtm8s.cloudfront.net\/assets\/common\/img\/logos\/payment\/diners@2x.png\" width=\"46\" height=\"29\" data-src=\"https:\/\/d26lpennugtm8s.cloudfront.net\/assets\/common\/img\/logos\/payment\/diners@2x.png\" \/><img loading=\"lazy\" decoding=\"async\" class=\"lazyloaded smush-image-10 smush-image-8 smush-image-9 alignnone smush-detected-img smush-image-bigger-8\" src=\"https:\/\/d26lpennugtm8s.cloudfront.net\/assets\/common\/img\/logos\/payment\/br\/elo@2x.png\" alt=\"portf\u00f3lio unopar anhanguera\" width=\"45\" height=\"28\" data-src=\"https:\/\/d26lpennugtm8s.cloudfront.net\/assets\/common\/img\/logos\/payment\/br\/elo@2x.png\" \/><img loading=\"lazy\" decoding=\"async\" class=\"lazyloaded smush-image-11 smush-image-9 smush-image-10 alignnone smush-detected-img smush-image-bigger-9\" src=\"https:\/\/d26lpennugtm8s.cloudfront.net\/assets\/common\/img\/logos\/payment\/br\/hipercard@2x.png\" alt=\"portf\u00f3lio unopar anhanguera\" width=\"44\" height=\"28\" data-src=\"https:\/\/d26lpennugtm8s.cloudfront.net\/assets\/common\/img\/logos\/payment\/br\/hipercard@2x.png\" \/><img loading=\"lazy\" decoding=\"async\" class=\"lazyloaded smush-image-12 smush-image-10 smush-image-11 alignnone smush-detected-img smush-image-bigger-10\" src=\"https:\/\/d26lpennugtm8s.cloudfront.net\/assets\/common\/img\/logos\/payment\/mercadopago@2x.png\" alt=\"portf\u00f3lio unopar anhanguera\" width=\"45\" height=\"28\" data-src=\"https:\/\/d26lpennugtm8s.cloudfront.net\/assets\/common\/img\/logos\/payment\/mercadopago@2x.png\" \/><\/p>\n<\/div>\n<\/div>\n","protected":false},"featured_media":43867,"template":"","meta":{"_seopress_robots_primary_cat":"none","_seopress_titles_title":"","_seopress_titles_desc":"","_seopress_robots_index":""},"product_cat":[15],"product_tag":[],"class_list":{"0":"post-43866","1":"product","2":"type-product","3":"status-publish","4":"has-post-thumbnail","6":"product_cat-uncategorized","8":"first","9":"instock","10":"downloadable","11":"virtual","12":"purchasable","13":"product-type-simple","14":"col-xs-6 col-sm-4","15":"col-mf-5","16":"un-5-cols"},"jetpack_sharing_enabled":true,"_links":{"self":[{"href":"https:\/\/portifolioos-prontos.com\/index.php\/wp-json\/wp\/v2\/product\/43866","targetHints":{"allow":["GET"]}}],"collection":[{"href":"https:\/\/portifolioos-prontos.com\/index.php\/wp-json\/wp\/v2\/product"}],"about":[{"href":"https:\/\/portifolioos-prontos.com\/index.php\/wp-json\/wp\/v2\/types\/product"}],"version-history":[{"count":2,"href":"https:\/\/portifolioos-prontos.com\/index.php\/wp-json\/wp\/v2\/product\/43866\/revisions"}],"predecessor-version":[{"id":49798,"href":"https:\/\/portifolioos-prontos.com\/index.php\/wp-json\/wp\/v2\/product\/43866\/revisions\/49798"}],"wp:featuredmedia":[{"embeddable":true,"href":"https:\/\/portifolioos-prontos.com\/index.php\/wp-json\/wp\/v2\/media\/43867"}],"wp:attachment":[{"href":"https:\/\/portifolioos-prontos.com\/index.php\/wp-json\/wp\/v2\/media?parent=43866"}],"wp:term":[{"taxonomy":"product_cat","embeddable":true,"href":"https:\/\/portifolioos-prontos.com\/index.php\/wp-json\/wp\/v2\/product_cat?post=43866"},{"taxonomy":"product_tag","embeddable":true,"href":"https:\/\/portifolioos-prontos.com\/index.php\/wp-json\/wp\/v2\/product_tag?post=43866"}],"curies":[{"name":"wp","href":"https:\/\/api.w.org\/{rel}","templated":true}]}}