{"id":43883,"date":"2025-08-24T19:22:32","date_gmt":"2025-08-24T22:22:32","guid":{"rendered":"https:\/\/portifolioos-prontos.com\/?post_type=product&#038;p=43883"},"modified":"2025-10-26T16:07:52","modified_gmt":"2025-10-26T19:07:52","slug":"aula-pratica-seguranca-ofensiva-ethical-hacking-red-team","status":"publish","type":"product","link":"https:\/\/portifolioos-prontos.com\/index.php\/product\/aula-pratica-seguranca-ofensiva-ethical-hacking-red-team\/","title":{"rendered":"Aula Pr\u00e1tica Seguran\u00e7a Ofensiva Ethical Hacking Red Team"},"content":{"rendered":"<h4>Aula Pr\u00e1tica Seguran\u00e7a Ofensiva Ethical Hacking Red Team<\/h4>\n<p>ROTEIRO DE AULA PR\u00c1TICA<br \/>\nNOME DA DISCIPLINA: SEGURAN\u00c7A OFENSIVA-ETHICAL HACKING-RED TEAM<br \/>\nOBJETIVOS<br \/>\nDefini\u00e7\u00e3o dos objetivos da aula pr\u00e1tica:<br \/>\nO Red Team \u00e9 formado com o objetivo de realizar testes de ciber ataque na empresa. Estamos<br \/>\nfalando de profissionais com alto conhecimento sobre as principais amea\u00e7as e ataques<br \/>\nexistentes, sendo capazes de simular tentativas de penetrar na rede e ou sistemas. Com isso,<br \/>\neles se tornam capazes de identificar vulnerabilidades e, consequentemente, elimin\u00e1-las.<br \/>\nResumidamente, eles assumem o papel de algu\u00e9m que tentaria atacar a empresa \u2014 o que<br \/>\ngeralmente pode envolver a contrata\u00e7\u00e3o de algu\u00e9m de fora, sem o olhar acostumado \u00e0quele<br \/>\nambiente. Os ataques podem envolver engenharia social para enviar phishing aos funcion\u00e1rios,<br \/>\npor exemplo.<br \/>\nToda organiza\u00e7\u00e3o utiliza diferentes tipos de avalia\u00e7\u00f5es de seguran\u00e7a para avaliar o n\u00edvel de<br \/>\nseguran\u00e7a de seus sistemas. As categorias de avalia\u00e7\u00f5es s\u00e3o: an\u00e1lise de vulnerabilidades,<br \/>\nauditoria de seguran\u00e7a e teste de invas\u00e3o. Cada tipo de avalia\u00e7\u00e3o requer habilidades<br \/>\nprofissionais diferentes. Vamos trabalhar nessa atividade um pentest.<br \/>\nNessa atividade vamos utilizar um scanner de rede, fazer a varredura e observar as<br \/>\nvulnerabilidades \u00e0s quais estamos expostos.<br \/>\nINFRAESTRUTURA<br \/>\nInstala\u00e7\u00f5es:<br \/>\nLaborat\u00f3rio de inform\u00e1tica<br \/>\nMateriais de consumo:<br \/>\nDescri\u00e7\u00e3o<br \/>\nQuantidade de materiais<br \/>\npor<br \/>\nprocedimento\/atividade<br \/>\nSoftware:<br \/>\nSim ( x ) N\u00e3o ( )<br \/>\nEm caso afirmativo, qual? Nmap<br \/>\nPago ( ) N\u00e3o Pago ( x )<br \/>\nTipo de Licen\u00e7a: Open Source<br \/>\nDescri\u00e7\u00e3o do software:<br \/>\nFerramentas usada por administradores de rede para mapear suas redes.<br \/>\nEquipamento de Prote\u00e7\u00e3o Individual (EPI):<br \/>\n&#8211; NSA<br \/>\nPROCEDIMENTOS PR\u00c1TICOS<br \/>\nNessa atividade vamos fazer o download de uma ferramenta chamada Nmap, que \u00e9 utilizada para administradores<br \/>\nde rede mapearem suas redes e tamb\u00e9m para hackers descobrirem portas abertas em quaisquer redes. Ap\u00f3s a<br \/>\ninstala\u00e7\u00e3o da ferramenta, iremos analisar a nossa m\u00e1quina e alguns sites conhecidos para vermos com clareza as<br \/>\nportas abertas, que infelizmente a varredura que os hackers fazem e pelas portas abertas que eles entrar\u00e3o. N\u00f3s<br \/>\npoderemos fazer essa varredura, para analisarmos as portas abertas, vou fazer o download aqui no Sistema<br \/>\n3<br \/>\nOperacional Windows (por\u00e9m a ferramenta pode ser instalada em qualquer Sistema Operacional) e para<br \/>\naprendermos didaticamente essa aula pr\u00e1tica vamos usar a vers\u00e3o gr\u00e1fica do Nmap que \u00e9 o ZenMap onde o usu\u00e1rio<br \/>\nescreve os sites por exemplo.<br \/>\nAtividade proposta:<br \/>\n1. Acesse o site atrav\u00e9s do endere\u00e7o web: https:\/\/ nmap.org\/<br \/>\n2. V\u00e1 at\u00e9 a aba download<br \/>\nFigura 01 \u2013 Aba Download ( no meu computador fiz no S.O. Windows)<\/p>\n<p>3. Ap\u00f3s clicar no Windows inicia-se o download, apenas apertando o Next nas figuras 02 at\u00e9 08.<br \/>\nFigura 02 \u2013 Aba Inicializa\u00e7\u00e3o<br \/>\n4<br \/>\nFigura 03 \u2013 Aceite do Nmap \u2013 I agree (Eu Concordo)<br \/>\nFigura 04 \u2013 Continua\u00e7\u00e3o do Download<br \/>\n5<br \/>\nFigura 05 \u2013 Continua\u00e7\u00e3o do Download \u2013 Mostrando os detalhes<br \/>\nFigura 06 \u2013 Continua\u00e7\u00e3o do Download at\u00e9 completar, apertar o bot\u00e3o Next para finalizar<br \/>\n6<br \/>\nFigura 07 \u2013 Finaliza\u00e7\u00e3o do Download &#8211; A apertar o bot\u00e3o Next.<br \/>\nFigura 08 \u2013 Questionamento da cria\u00e7\u00e3o de um \u00edcone do programa Nmap no Desktop e acionar o bot\u00e3o Next.<br \/>\n7<br \/>\nFigura 09 \u2013 Finaliza\u00e7\u00e3o da Instala\u00e7\u00e3o do Nmap <a href=\"http:\/\/portifolioos-prontos.com\">&#8211;<\/a> A apertar o bot\u00e3o Finish.<br \/>\nAp\u00f3s instalado, vamos \u00e0 vers\u00e3o gr\u00e1fica :<br \/>\nFigura 10 \u2013 Zenmap.<br \/>\nProcedimentos para a realiza\u00e7\u00e3o da atividade:<br \/>\n8<br \/>\n1. Baixamos o Nmap para o S.O da m\u00e1quina;<br \/>\n2. Entramos no Zenmap;<br \/>\n3. Come\u00e7amos a montar nosso mapa de varredura de sites e endere\u00e7os e ver o que acontece;<br \/>\n4. Vamos dar uma olhada nos alvos: a) google.com.br<br \/>\nb) -v scanme.nmap.org<br \/>\nc) 127.0.0.1<br \/>\nNo alvo digitamos google.com<a href=\"http:\/\/portfolio-pronto.com\">.<\/a>br e<br \/>\nNo comando aparecer\u00e1 nmap google.com.br e apenas acionamos o bot\u00e3o SCAN&#8230;.pronto teremos todo o<br \/>\nMAPEAMENTO&#8230;.vou mostrar 1 tela para voc\u00eas&#8230;..voc\u00eas ter\u00e3o que acrescentar v\u00e1rias das outras<br \/>\ntelas&#8230;.principalmente a que aparecer dos DETALHES DA M\u00c1QUINA&#8230;.que \u00e9 um show&#8230;.e v\u00e3o pesquisar e me<br \/>\nescrever o que est\u00e3o entendendo desse mundo da seguran\u00e7a.<br \/>\nVou mostrar a rede mapeada na TOPOLOGIA:<br \/>\n9<br \/>\nFigura 11 \u2013 Topologia do Google<br \/>\nEu quero que voc\u00eas percorram a ferramenta, copiem aqui as telas que encontrarem e mostrem algumas<br \/>\nexplica\u00e7\u00f5es do que se aprofundaram na ferramenta.<br \/>\nChecklist:<br \/>\n\u2022 Instala\u00e7\u00e3o da ferramenta;<br \/>\n\u2022 Teste com no m\u00ednimo os 3 alvos definidos : google.com.br ; -v scanme.nmap.org e<br \/>\n127.0.0.1<br \/>\n\u2022 Descri\u00e7\u00e3o de possibilidades da ferramenta.<br \/>\nRESULTADOS<br \/>\nResultados da aula pr\u00e1tica:<br \/>\n1. Conhecimento da ferramenta;<br \/>\n2. Testes da ferramenta com o google. com.br; incluindo prints de tela e explica\u00e7\u00f5es do que a ferramenta<br \/>\nmostrou.<br \/>\n3. Testes da ferramenta com o scanme.nmap.org; incluindo prints de tela e explica\u00e7\u00f5es do que a ferramenta<br \/>\nmostrou.<br \/>\n4. Testes da ferramenta com o ip 127.0.0.1; incluindo prints de tela e explica\u00e7\u00f5es do que a ferramenta<br \/>\nmostrou.<br \/>\n5. Conclus\u00f5es.<\/p>\n<div class=\"elementor-toggle-item\">\n<p id=\"elementor-tab-title-1941\" class=\"elementor-tab-title elementor-active\" tabindex=\"0\" role=\"tab\" data-tab=\"1\" aria-controls=\"elementor-tab-content-1941\" aria-expanded=\"true\" aria-selected=\"true\"><strong>Como funciona?<\/strong><\/p>\n<p>Elaboramos os portf\u00f3lios, j\u00e1 deixamos prontos, nas normas da ABNT e conforme os requisitos da universidade. F\u00e1cil assim! O MELHOR \u00c9 QUE VOC\u00ca COMPRA E J\u00c1 BAIXA NA HORA O SEU ARQUIVO EM WORD! Sabemos que conciliar trabalho, fam\u00edlia, vida profissional e estudos \u00e9 dif\u00edcil hoje em dia, por isso, estamos aqui para ajudar voc\u00ea. Conte com nossa qualidade, experi\u00eancia e profissionalismo adquirindo seu portf\u00f3lio conosco. GARANTIMOS SEU CONCEITO!<\/p>\n<p><strong>Como se realizam os envios?<\/strong><\/p>\n<\/div>\n<p id=\"elementor-tab-content-1942\" class=\"elementor-tab-content elementor-clearfix elementor-active\" role=\"tabpanel\" data-tab=\"2\" aria-labelledby=\"elementor-tab-title-1942\">O seu trabalho \u00e9 disponibilizado pronto, respondido e nas normas j\u00e1 na mesma hora aqui em nosso site na sua \u00e1rea de downloads e tamb\u00e9m no seu e-mail.<\/p>\n<p><strong>Em quanto tempo recebo o portf\u00f3lio?<\/strong><\/p>\n<p>Os envios s\u00e3o imediatos. Ap\u00f3s sua compra, o trabalho j\u00e1 \u00e9 disponibilizado instantaneamente aqui em nosso site e no seu e-mail.<\/p>\n<p><strong>E se o portf\u00f3lio que comprei precisar de corre\u00e7\u00e3o?<\/strong><\/p>\n<p>Caso haja alguma solicita\u00e7\u00e3o de corre\u00e7\u00e3o\/altera\u00e7\u00e3o por parte do tutor, basta entrar em contato conosco pelo\u00a0WhatsApp\u00a0que provid\u00eanciaremos sem custo algum.<\/p>\n<p><strong>Qual o formato do arquivo?<\/strong><\/p>\n<p>Os arquivos s\u00e3o enviados em formato Word e s\u00e3o edit\u00e1veis.<\/p>\n<p><strong>Caso eu tiver alguma d\u00favida, terei suporte no p\u00f3s venda?<\/strong><\/p>\n<p>Sim, com certeza. Basta clicar no \u00edcone do WhatsApp no cantinho da tela. Ser\u00e1 um prazer atend\u00ea-lo(a).<\/p>\n<div id=\"elementor-tab-content-1948\" class=\"elementor-tab-content elementor-clearfix elementor-active\" role=\"tabpanel\" data-tab=\"8\" aria-labelledby=\"elementor-tab-title-1948\">\n<p><strong>Quais os seus canais de contato?<\/strong><\/p>\n<\/div>\n<div id=\"elementor-tab-content-1949\" class=\"elementor-tab-content elementor-clearfix elementor-active\" role=\"tabpanel\" data-tab=\"9\" aria-labelledby=\"elementor-tab-title-1949\">\n<p>Whatsapp: 53 984751621 \u2013 Clicar no canto da tela ou ESCANEIE O QRCODE ABAIXO<\/p>\n<h4><img decoding=\"async\" class=\"alignnone wp-image-13699 jetpack-lazy-image jetpack-lazy-image--handled\" src=\"https:\/\/i0.wp.com\/portifolioos-prontos.com\/wp-content\/uploads\/2023\/02\/whatsapp-business-projeto-de-extensao-300x300.jpeg?resize=144%2C144\" sizes=\"(max-width: 144px) 100vw, 144px\" srcset=\"https:\/\/i0.wp.com\/portifolioos-prontos.com\/wp-content\/uploads\/2023\/02\/whatsapp-business-projeto-de-extensao.jpeg?resize=300%2C301&amp;ssl=1 300w, https:\/\/i0.wp.com\/portifolioos-prontos.com\/wp-content\/uploads\/2023\/02\/whatsapp-business-projeto-de-extensao.jpeg?resize=150%2C150&amp;ssl=1 150w, https:\/\/i0.wp.com\/portifolioos-prontos.com\/wp-content\/uploads\/2023\/02\/whatsapp-business-projeto-de-extensao.jpeg?resize=370%2C372&amp;ssl=1 370w, https:\/\/i0.wp.com\/portifolioos-prontos.com\/wp-content\/uploads\/2023\/02\/whatsapp-business-projeto-de-extensao.jpeg?resize=100%2C100&amp;ssl=1 100w, https:\/\/i0.wp.com\/portifolioos-prontos.com\/wp-content\/uploads\/2023\/02\/whatsapp-business-projeto-de-extensao.jpeg?w=470&amp;ssl=1 470w\" alt=\"projeto de extens\u00e3o unopar\" width=\"144\" height=\"144\" data-lazy-loaded=\"1\" \/><\/h4>\n<\/div>\n<div class=\"elementor-toggle-item\">\n<div id=\"elementor-tab-content-1949\" class=\"elementor-tab-content elementor-clearfix elementor-active\" role=\"tabpanel\" data-tab=\"9\" aria-labelledby=\"elementor-tab-title-1949\">\n<p>E-mail:portifoliosp@gmail.com<\/p>\n<div id=\"attachment_143\" class=\"wp-caption alignnone\">\n<div id=\"attachment_143\" class=\"wp-caption alignnone\">\n<p id=\"caption-attachment-143\" class=\"wp-caption-text\"><a href=\"http:\/\/portfolio-pronto.com\/\">Portf\u00f3lio<\/a>\u00a0<a href=\"https:\/\/portifolioos-prontos.com\/\">pronto Unopar Anhanguera<\/a>\u00a0em Word, respondido, completo e j\u00e1 nas normas.<\/p>\n<\/div>\n<\/div>\n<\/div>\n<\/div>\n","protected":false},"excerpt":{"rendered":"<div class=\"product-short-description\">\n<p><strong>Pague pelo PIX ou cart\u00e3o e fa\u00e7a o download agora mesmo.<\/strong><\/p>\n<\/div>\n<div class=\"sticky-add-to-cart-wrapper\">\n<div class=\"sticky-add-to-cart\">\n<p class=\"quantity buttons_added form-flat\"><img decoding=\"async\" class=\"lazyloaded smush-image-5 smush-image-3 smush-image-4 smush-detected-img smush-image-bigger-3\" src=\"https:\/\/d26lpennugtm8s.cloudfront.net\/assets\/common\/img\/logos\/payment\/visa@2x.png\" width=\"46\" height=\"29\" data-src=\"https:\/\/d26lpennugtm8s.cloudfront.net\/assets\/common\/img\/logos\/payment\/visa@2x.png\" \/><img decoding=\"async\" class=\"lazyloaded smush-image-6 smush-image-4 smush-image-5 smush-detected-img smush-image-bigger-4\" src=\"https:\/\/d26lpennugtm8s.cloudfront.net\/assets\/common\/img\/logos\/payment\/boleto@2x.png\" width=\"43\" height=\"27\" data-src=\"https:\/\/d26lpennugtm8s.cloudfront.net\/assets\/common\/img\/logos\/payment\/boleto@2x.png\" \/><img loading=\"lazy\" decoding=\"async\" class=\"lazyloaded smush-image-7 smush-image-5 smush-image-6 smush-detected-img smush-image-bigger-5\" src=\"https:\/\/d26lpennugtm8s.cloudfront.net\/assets\/common\/img\/logos\/payment\/mastercard@2x.png\" width=\"43\" height=\"27\" data-src=\"https:\/\/d26lpennugtm8s.cloudfront.net\/assets\/common\/img\/logos\/payment\/mastercard@2x.png\" \/><img loading=\"lazy\" decoding=\"async\" class=\"lazyloaded smush-image-8 smush-image-6 smush-image-7 smush-detected-img smush-image-bigger-6\" src=\"https:\/\/d26lpennugtm8s.cloudfront.net\/assets\/common\/img\/logos\/payment\/amex@2x.png\" width=\"43\" height=\"27\" data-src=\"https:\/\/d26lpennugtm8s.cloudfront.net\/assets\/common\/img\/logos\/payment\/amex@2x.png\" \/><img loading=\"lazy\" decoding=\"async\" class=\"lazyloaded smush-image-9 smush-image-7 smush-image-8 smush-detected-img smush-image-bigger-7\" src=\"https:\/\/d26lpennugtm8s.cloudfront.net\/assets\/common\/img\/logos\/payment\/diners@2x.png\" width=\"46\" height=\"29\" data-src=\"https:\/\/d26lpennugtm8s.cloudfront.net\/assets\/common\/img\/logos\/payment\/diners@2x.png\" \/><img loading=\"lazy\" decoding=\"async\" class=\"lazyloaded smush-image-10 smush-image-8 smush-image-9 alignnone smush-detected-img smush-image-bigger-8\" src=\"https:\/\/d26lpennugtm8s.cloudfront.net\/assets\/common\/img\/logos\/payment\/br\/elo@2x.png\" alt=\"portf\u00f3lio unopar anhanguera\" width=\"45\" height=\"28\" data-src=\"https:\/\/d26lpennugtm8s.cloudfront.net\/assets\/common\/img\/logos\/payment\/br\/elo@2x.png\" \/><img loading=\"lazy\" decoding=\"async\" class=\"lazyloaded smush-image-11 smush-image-9 smush-image-10 alignnone smush-detected-img smush-image-bigger-9\" src=\"https:\/\/d26lpennugtm8s.cloudfront.net\/assets\/common\/img\/logos\/payment\/br\/hipercard@2x.png\" alt=\"portf\u00f3lio unopar anhanguera\" width=\"44\" height=\"28\" data-src=\"https:\/\/d26lpennugtm8s.cloudfront.net\/assets\/common\/img\/logos\/payment\/br\/hipercard@2x.png\" \/><img loading=\"lazy\" decoding=\"async\" class=\"lazyloaded smush-image-12 smush-image-10 smush-image-11 alignnone smush-detected-img smush-image-bigger-10\" src=\"https:\/\/d26lpennugtm8s.cloudfront.net\/assets\/common\/img\/logos\/payment\/mercadopago@2x.png\" alt=\"portf\u00f3lio unopar anhanguera\" width=\"45\" height=\"28\" data-src=\"https:\/\/d26lpennugtm8s.cloudfront.net\/assets\/common\/img\/logos\/payment\/mercadopago@2x.png\" \/><img loading=\"lazy\" decoding=\"async\" class=\"alignnone lazyloaded smush-detected-img smush-image-bigger-11\" src=\"https:\/\/futurium.com.br\/wp-content\/uploads\/2021\/06\/logo-pix-icone-512.png\" alt=\"portfolio pronto\" width=\"30\" height=\"30\" data-src=\"https:\/\/futurium.com.br\/wp-content\/uploads\/2021\/06\/logo-pix-icone-512.png\" \/><\/p>\n<\/div>\n<\/div>\n","protected":false},"featured_media":43884,"template":"","meta":{"_seopress_robots_primary_cat":"","_seopress_titles_title":"","_seopress_titles_desc":"","_seopress_robots_index":""},"product_cat":[283],"product_tag":[],"class_list":{"0":"post-43883","1":"product","2":"type-product","3":"status-publish","4":"has-post-thumbnail","6":"product_cat-ciberseguranca","8":"first","9":"instock","10":"downloadable","11":"virtual","12":"purchasable","13":"product-type-simple","14":"col-xs-6 col-sm-4","15":"col-mf-5","16":"un-5-cols"},"jetpack_sharing_enabled":true,"_links":{"self":[{"href":"https:\/\/portifolioos-prontos.com\/index.php\/wp-json\/wp\/v2\/product\/43883","targetHints":{"allow":["GET"]}}],"collection":[{"href":"https:\/\/portifolioos-prontos.com\/index.php\/wp-json\/wp\/v2\/product"}],"about":[{"href":"https:\/\/portifolioos-prontos.com\/index.php\/wp-json\/wp\/v2\/types\/product"}],"version-history":[{"count":1,"href":"https:\/\/portifolioos-prontos.com\/index.php\/wp-json\/wp\/v2\/product\/43883\/revisions"}],"predecessor-version":[{"id":43885,"href":"https:\/\/portifolioos-prontos.com\/index.php\/wp-json\/wp\/v2\/product\/43883\/revisions\/43885"}],"wp:featuredmedia":[{"embeddable":true,"href":"https:\/\/portifolioos-prontos.com\/index.php\/wp-json\/wp\/v2\/media\/43884"}],"wp:attachment":[{"href":"https:\/\/portifolioos-prontos.com\/index.php\/wp-json\/wp\/v2\/media?parent=43883"}],"wp:term":[{"taxonomy":"product_cat","embeddable":true,"href":"https:\/\/portifolioos-prontos.com\/index.php\/wp-json\/wp\/v2\/product_cat?post=43883"},{"taxonomy":"product_tag","embeddable":true,"href":"https:\/\/portifolioos-prontos.com\/index.php\/wp-json\/wp\/v2\/product_tag?post=43883"}],"curies":[{"name":"wp","href":"https:\/\/api.w.org\/{rel}","templated":true}]}}