{"id":43892,"date":"2025-08-24T20:04:48","date_gmt":"2025-08-24T23:04:48","guid":{"rendered":"https:\/\/portifolioos-prontos.com\/?post_type=product&#038;p=43892"},"modified":"2026-03-02T17:06:35","modified_gmt":"2026-03-02T20:06:35","slug":"aula-pratica-estrutura-de-dados","status":"publish","type":"product","link":"https:\/\/portifolioos-prontos.com\/index.php\/product\/aula-pratica-estrutura-de-dados\/","title":{"rendered":"Aula pr\u00e1tica Estrutura de Dados"},"content":{"rendered":"<h5><strong>Aula pr\u00e1tica Estrutura de Dados<\/strong><\/h5>\n<hr \/>\n<h5><strong>ROTEIRO DE AULA PR\u00c1TICA<\/strong><\/h5>\n<hr \/>\n<h5><strong>NOME DA DISCIPLINA: ESTRUTURA DE DADOS<\/strong><\/h5>\n<hr \/>\n<h5><strong>Unidade: 1 \u2013 FUNDAMENTOS DE ESTRUTURAS DE DADOS<\/strong><\/h5>\n<h5><strong>Aula: 2 &#8211; Listas encadeadas<\/strong><\/h5>\n<hr \/>\n<h5><strong>OBJETIVOS<\/strong><\/h5>\n<p>\u00fc Analisar os conceitos vistos em aula;<br \/>\n\u00fc Avaliar as teorias por tr\u00e1s da pr\u00e1tica;<br \/>\n\u00fc Aprender e realizar a implementa\u00e7\u00e3o de uma lista encadeada utilizando a linguagem de programa\u00e7\u00e3o Python.<\/p>\n<hr \/>\n<h5><strong>SOLU\u00c7\u00c3O DIGITAL<\/strong><\/h5>\n<p><a href=\"https:\/\/www.jetbrains.com\/pt-br\/pycharm\/download\/\">https:\/\/www.jetbrains.com\/pt-br\/pycharm\/download\/<\/a><\/p>\n<p>LINK SOLU\u00c7\u00c3O DIGITAL: <a href=\"https:\/\/www.jetbrains.com\/pt-br\/pycharm\/download\/\">https:\/\/www.jetbrains.com\/pt-br\/pycharm\/download\/<\/a><\/p>\n<p>O PyCharm Community Edition \u00e9 um ambiente de desenvolvimento integrado (IDE) gratuito e de c\u00f3digo aberto desenvolvido pela JetBrains. Projetado especialmente para programadores Python, o PyCharm Community oferece uma gama de recursos essenciais para desenvolvimento \u00e1gil e eficiente, incluindo edi\u00e7\u00e3o de c\u00f3digo inteligente, depura\u00e7\u00e3o avan\u00e7ada, suporte a controle de vers\u00e3o, e integra\u00e7\u00e3o com frameworks populares como Django e Flask. \u00c9 uma escolha popular entre desenvolvedores iniciantes e experientes que buscam uma ferramenta robusta e acess\u00edvel para projetos Python.<\/p>\n<hr \/>\n<h5><strong>PROCEDIMENTO\/ATIVIDADE<\/strong><\/h5>\n<h5><strong>ATIVIDADE PROPOSTA:<\/strong><\/h5>\n<p>Implementar uma lista encadeada utilizando a linguagem Python.<\/p>\n<p>A atividade consiste em implementar uma fun\u00e7\u00e3o chamada count_nodes, que recebe uma lista encadeada como par\u00e2metro e retorna o n\u00famero de n\u00f3s presentes na lista. A fun\u00e7\u00e3o percorre a lista encadeada usando um loop enquanto incrementa um contador. Ao final do percurso, o valor do contador \u00e9 retornado.<\/p>\n<p>Nesta atividade, uma lista encadeada dever\u00e1 ser criada e alguns elementos s\u00e3o adicionados usando o m\u00e9todo append. Em seguida, a lista \u00e9 impressa e a fun\u00e7\u00e3o count_nodes \u00e9 chamada passando a lista encadeada como argumento. O resultado \u00e9 ent\u00e3o impresso na tela, exibindo o n\u00famero de n\u00f3s presentes na lista.<\/p>\n<p>Abaixo segue um espelho da atividade (algoritmo) a ser realizada (c\u00f3digo fonte):<\/p>\n<p>class Node:<br \/>\ndef <strong>init<\/strong>(self, data):<\/p>\n<h1>Insira aqui seu codigo&#8230;&#8230;.<\/h1>\n<p>Class LinkedList:<br \/>\ndef <strong>init<\/strong>(self):<\/p>\n<h1>Insira aqui seu codigo&#8230;.<\/h1>\n<p>def append(self, data):<\/p>\n<h1>Insira aqui seu codigo&#8230;.<\/h1>\n<p>def print_list(self):<\/p>\n<h1>Insira aqui seu codigo&#8230;..<\/h1>\n<h1>Implementar uma fun\u00e7\u00e3o para contar o n\u00famero de n\u00f3s em uma lista encadeada.<\/h1>\n<p>def count_nodes(linked_list):<\/p>\n<h1>Insira aqui seu codigo<\/h1>\n<hr \/>\n<h5><strong>PROCEDIMENTOS PARA A REALIZA\u00c7\u00c3O DA ATIVIDADE:<\/strong><\/h5>\n<ol>\n<li>Acesse o link: <a href=\"https:\/\/www.jetbrains.com\/pt-br\/pycharm\/download\/\">https:\/\/www.jetbrains.com\/pt-br\/pycharm\/download\/<\/a> e escolha a vers\u00e3o \u201cCommunity\u201d e clique em Baixar.<\/li>\n<li>Ao executar o instalador do PyCharm, selecione a op\u00e7\u00e3o \u201cNext\u201d.<\/li>\n<li>Escolha a pasta de instala\u00e7\u00e3o e clique em \u201cNext\u201d.<\/li>\n<li>Escolha entre instalar o software 32 ou 64 bits, de acordo com seu sistema operacional. Marque tamb\u00e9m a op\u00e7\u00e3o . py.<\/li>\n<li>Clique em Install para finalizar a instala\u00e7\u00e3o.<\/li>\n<\/ol>\n<p>Pronto! A sua IDE est\u00e1 instalada e pronta para uso!<\/p>\n<hr \/>\n<h5><strong>CHECKLIST<\/strong><\/h5>\n<ul>\n<li>Saber os conceitos de uma lista ligada.<\/li>\n<li>Utilizar a linguagem Python, para implementar uma lista ligada.<\/li>\n<li>Realizar a impress\u00e3o do n\u00famero de n\u00f3s.<\/li>\n<\/ul>\n<hr \/>\n<h5><strong>RESULTADOS<\/strong><\/h5>\n<p>O trabalho dever\u00e1 ser entregue em arquivo Word atendendo as etapas de produ\u00e7\u00e3o e utilizando os recursos solicitados no roteiro.<\/p>\n<p>\u2022 O arquivo dever\u00e1 conter:<br \/>\n\u2022 Capa;<br \/>\n\u2022 Folha de rosto com os dados da disciplina e do aluno;<br \/>\n\u2022 O c\u00f3digo do problema proposto.<\/p>\n<hr \/>\n<h5><strong>RESULTADOS DE APRENDIZAGEM<\/strong><\/h5>\n<p>Espera-se que o aluno seja capaz de desenvolver uma solu\u00e7\u00e3o em Python para o problema proposto.<\/p>\n<hr \/>\n<hr \/>\n<h5><strong>Unidade: 2 \u2013 ESTRUTURA DE DADOS \u00c1RVORES<\/strong><\/h5>\n<h5><strong>Aula: 4 &#8211; \u00c1rvores AVL<\/strong><\/h5>\n<hr \/>\n<h5><strong>OBJETIVOS<\/strong><\/h5>\n<p>\u00fc Analisar os conceitos vistos em aula;<br \/>\n\u00fc Avaliar as teorias pro tr\u00e1s da pr\u00e1tica;<br \/>\n\u00fc Aprender e realizar uma implementa\u00e7\u00e3o de uma \u00e1rvore AVL utilizando a linguagem de programa\u00e7\u00e3o Python.<\/p>\n<hr \/>\n<h5><strong>SOLU\u00c7\u00c3O DIGITAL<\/strong><\/h5>\n<p><a href=\"https:\/\/www.jetbrains.com\/pt-br\/pycharm\/download\/\">https:\/\/www.jetbrains.com\/pt-br\/pycharm\/download\/<\/a><\/p>\n<p>LINK SOLU\u00c7\u00c3O DIGITAL: <a href=\"https:\/\/www.jetbrains.com\/pt-br\/pycharm\/download\/\">https:\/\/www.jetbrains.com\/pt-br\/pycharm\/download\/<\/a><\/p>\n<p>O PyCharm Community Edition \u00e9 um ambiente de desenvolvimento integrado (IDE) gratuito e de c\u00f3digo aberto desenvolvido pela JetBrains. Projetado especialmente para programadores Python, o PyCharm Community oferece recursos essenciais para desenvolvimento \u00e1gil e eficiente.<\/p>\n<hr \/>\n<h5><strong>PROCEDIMENTO\/ATIVIDADE<\/strong><\/h5>\n<h5><strong>ATIVIDADE PROPOSTA:<\/strong><\/h5>\n<p>Implementar o seguinte problema utilizando a linguagem Python.<\/p>\n<p>Voc\u00ea foi contratado como um desenvolvedor de software para um novo jogo de Pok\u00e9mon e recebeu a tarefa de implementar um sistema eficiente de gerenciamento de Pok\u00e9mon utilizando uma \u00c1rvore AVL. Cada Pok\u00e9mon no jogo \u00e9 caracterizado por um nome e um valor de for\u00e7a, que \u00e9 um n\u00famero inteiro.<\/p>\n<p>Objetivos do Exerc\u00edcio:<\/p>\n<ol>\n<li>Implementa\u00e7\u00e3o da \u00c1rvore AVL:<br \/>\nImplemente uma \u00c1rvore AVL que armazene informa\u00e7\u00f5es sobre cada Pok\u00e9mon.<\/li>\n<li>Funcionalidade de Busca:<br \/>\nDesenvolva uma fun\u00e7\u00e3o para buscar Pok\u00e9mon na \u00e1rvore pelo nome.<\/li>\n<li>Funcionalidade de Listagem:<br \/>\nCrie uma fun\u00e7\u00e3o para listar todos os Pok\u00e9mon da \u00e1rvore em ordem decrescente de for\u00e7a.<\/li>\n<li>Busca e Remo\u00e7\u00e3o:<br \/>\nImplemente fun\u00e7\u00f5es para remover Pok\u00e9mon da \u00e1rvore por nome, mantendo as propriedades da \u00c1rvore AVL.<\/li>\n<\/ol>\n<p>Detalhes Adicionais:<br \/>\nA \u00c1rvore AVL deve ajustar-se automaticamente para manter o equil\u00edbrio ap\u00f3s inser\u00e7\u00f5es e remo\u00e7\u00f5es.<br \/>\nAs opera\u00e7\u00f5es devem manter complexidade logar\u00edtmica.<\/p>\n<p>Testes:<br \/>\nBuscar Pok\u00e9mon por nome.<br \/>\nListar Pok\u00e9mon em ordem decrescente.<br \/>\nTestar remo\u00e7\u00f5es mantendo balanceamento.<\/p>\n<hr \/>\n<h5><strong>CHECKLIST<\/strong><\/h5>\n<ul>\n<li>Saber os conceitos de uma AVL.<\/li>\n<li>Utilizar a linguagem Python para implementar o problema proposto.<\/li>\n<li>Realizar as rota\u00e7\u00f5es corretamente.<\/li>\n<li>Contemplar tudo que \u00e9 exigido no exerc\u00edcio.<\/li>\n<\/ul>\n<hr \/>\n<h5><strong>RESULTADOS<\/strong><\/h5>\n<p>O trabalho dever\u00e1 ser entregue em arquivo Word contendo:<\/p>\n<p>\u2022 Capa;<br \/>\n\u2022 Folha de rosto;<br \/>\n\u2022 C\u00f3digo com a solu\u00e7\u00e3o do problema.<\/p>\n<hr \/>\n<h5><strong>RESULTADOS DE APRENDIZAGEM<\/strong><\/h5>\n<p>Espera-se que o aluno seja capaz de desenvolver uma solu\u00e7\u00e3o em Python para o problema proposto.<\/p>\n<hr \/>\n<hr \/>\n<h5><strong>Unidade: 3 \u2013 GRAFOS E SUAS OPERA\u00c7\u00d5ES<\/strong><\/h5>\n<h5><strong>Aula: 4 &#8211; Algoritmos para grafos em Python<\/strong><\/h5>\n<hr \/>\n<h5><strong>OBJETIVOS<\/strong><\/h5>\n<p>\u00fc Analisar os conceitos vistos em aula;<br \/>\n\u00fc Avaliar as teorias pro tr\u00e1s da pr\u00e1tica;<br \/>\n\u00fc Aprender e realizar uma implementa\u00e7\u00e3o de um algoritmo de caminho m\u00ednimo para grafos utilizando Python.<\/p>\n<hr \/>\n<h5><strong>ATIVIDADE PROPOSTA<\/strong><\/h5>\n<p>Implementar o problema proposto utilizando a linguagem Python.<\/p>\n<p>Desenvolver uma aplica\u00e7\u00e3o para calcular a rota mais r\u00e1pida entre dois pontos utilizando o algoritmo de Dijkstra.<\/p>\n<p>Requisitos:<\/p>\n<ul>\n<li>Implementar a classe Grafo com listas de adjac\u00eancia.<\/li>\n<li>Criar m\u00e9todo para encontrar o caminho mais curto.<\/li>\n<li>Criar fun\u00e7\u00e3o main para instanciar o grafo e executar o algoritmo.<\/li>\n<\/ul>\n<p>Exemplo:<br \/>\nV\u00e9rtices: A, B, C, D, E<br \/>\nArestas: A -&gt; B (4), A -&gt; C (2), B -&gt; C (5), B -&gt; D (10), C -&gt; E (3), D -&gt; E (4), E -&gt; A (7)<\/p>\n<p>Resultado esperado:<br \/>\n&#8220;A -&gt; C -&gt; E&#8221; com custo total de 5.<\/p>\n<hr \/>\n<h5><strong>CHECKLIST<\/strong><\/h5>\n<ul>\n<li>Saber os conceitos do algoritmo de Dijkstra.<\/li>\n<li>Utilizar Python para implementar grafos.<\/li>\n<li>Apresentar o menor caminho corretamente.<\/li>\n<\/ul>\n<hr \/>\n<h5><strong>RESULTADOS<\/strong><\/h5>\n<p>Entrega em arquivo Word contendo:<\/p>\n<p>\u2022 Capa;<br \/>\n\u2022 Folha de rosto;<br \/>\n\u2022 C\u00f3digo com a solu\u00e7\u00e3o do problema.<\/p>\n<hr \/>\n<h5><strong>RESULTADOS DE APRENDIZAGEM<\/strong><\/h5>\n<p>Espera-se que o aluno seja capaz de desenvolver uma solu\u00e7\u00e3o em Python para o problema proposto.<\/p>\n<hr \/>\n<hr \/>\n<h5><strong>Unidade: 4 \u2013 ESTRUTURAS DE DADOS AVAN\u00c7ADAS E AN\u00c1LISE DE DADOS<\/strong><\/h5>\n<h5><strong>Aula: 2 &#8211; An\u00e1lise de dados estruturados<\/strong><\/h5>\n<hr \/>\n<h5><strong>OBJETIVOS<\/strong><\/h5>\n<p>\u00fc Analisar os conceitos vistos em aula;<br \/>\n\u00fc Avaliar as teorias pro tr\u00e1s da pr\u00e1tica;<br \/>\n\u00fc Aprender e realizar uma implementa\u00e7\u00e3o an\u00e1lise de dados estruturados utilizando Python.<\/p>\n<hr \/>\n<h5><strong>ATIVIDADE PROPOSTA<\/strong><\/h5>\n<p>Implementar uma an\u00e1lise de rede social utilizando grafos e a biblioteca NetworkX.<\/p>\n<p>Objetivos:<\/p>\n<p>\u2022 Modelar a rede social como um grafo.<br \/>\n\u2022 Implementar classe SocialNetwork.<br \/>\n\u2022 Implementar classe User.<br \/>\n\u2022 Detectar comunidades.<br \/>\n\u2022 Calcular m\u00e9tricas de centralidade.<br \/>\n\u2022 Analisar subgrafos.<\/p>\n<p>Parte 1: Cria\u00e7\u00e3o das Classes<\/p>\n<p>Classe SocialNetwork:<br \/>\nAtributo graph (NetworkX).<br \/>\nM\u00e9todos: add_user, remove_user, connect_users, disconnect_users, find_communities, user_centralities, analyze_subgraph.<\/p>\n<p>Classe User:<br \/>\nAtributos user_id e data.<br \/>\nM\u00e9todos getter\/setter.<\/p>\n<p>Parte 2: Script de Teste<\/p>\n<p>\u2022 Instanciar SocialNetwork.<br \/>\n\u2022 Adicionar\/remover usu\u00e1rios.<br \/>\n\u2022 Identificar comunidades.<br \/>\n\u2022 Calcular centralidades.<br \/>\n\u2022 Analisar subgrafos.<\/p>\n<hr \/>\n<h5><strong>CHECKLIST<\/strong><\/h5>\n<ul>\n<li>Saber utilizar a biblioteca NetworkX.<\/li>\n<li>Utilizar Python para implementar o problema proposto.<\/li>\n<li>Utilizar as classes e m\u00e9todos propostos.<\/li>\n<\/ul>\n<hr \/>\n<h5><strong>RESULTADOS<\/strong><\/h5>\n<p>Entrega em arquivo Word contendo:<\/p>\n<p>\u2022 Capa;<br \/>\n\u2022 Folha de rosto;<br \/>\n\u2022 C\u00f3digo com a solu\u00e7\u00e3o para o problema.<\/p>\n<hr \/>\n<h5><strong>RESULTADOS DE APRENDIZAGEM<\/strong><\/h5>\n<p>Espera-se que o aluno seja capaz de desenvolver uma solu\u00e7\u00e3o em Python para o problema proposto.<\/p>\n<div class=\"elementor-toggle-item\">\n<p id=\"elementor-tab-title-1941\" class=\"elementor-tab-title elementor-active\" tabindex=\"0\" role=\"tab\" data-tab=\"1\" aria-controls=\"elementor-tab-content-1941\" aria-expanded=\"true\" aria-selected=\"true\"><strong>Como funciona?<\/strong><\/p>\n<p>Elaboramos os portf\u00f3lios, j\u00e1 deixamos prontos, nas normas da ABNT e conforme os requisitos da universidade. F\u00e1cil assim! O MELHOR \u00c9 QUE VOC\u00ca COMPRA E J\u00c1 BAIXA NA HORA O SEU ARQUIVO EM WORD! Sabemos que conciliar trabalho, fam\u00edlia, vida profissional e estudos \u00e9 dif\u00edcil hoje em dia, por isso, estamos aqui para ajudar voc\u00ea. Conte com nossa qualidade, experi\u00eancia e profissionalismo adquirindo seu portf\u00f3lio conosco. GARANTIMOS SEU CONCEITO!<\/p>\n<p><strong>Como se realizam os envios?<\/strong><\/p>\n<\/div>\n<p id=\"elementor-tab-content-1942\" class=\"elementor-tab-content elementor-clearfix elementor-active\" role=\"tabpanel\" data-tab=\"2\" aria-labelledby=\"elementor-tab-title-1942\">O seu trabalho \u00e9 disponibilizado pronto, respondido e nas normas j\u00e1 na mesma hora aqui em nosso site na sua \u00e1rea de downloads e tamb\u00e9m no seu e-mail.<\/p>\n<p><strong>Em quanto tempo recebo o portf\u00f3lio?<\/strong><\/p>\n<p>Os envios s\u00e3o imediatos. Ap\u00f3s sua compra, o trabalho j\u00e1 \u00e9 disponibilizado instantaneamente aqui em nosso site e no seu e-mail.<\/p>\n<p><strong>E se o portf\u00f3lio que comprei precisar de corre\u00e7\u00e3o?<\/strong><\/p>\n<p>Caso haja alguma solicita\u00e7\u00e3o de corre\u00e7\u00e3o\/altera\u00e7\u00e3o por parte do tutor, basta entrar em contato conosco pelo\u00a0WhatsApp\u00a0que provid\u00eanciaremos sem custo algum.<\/p>\n<p><strong>Qual o formato do arquivo?<\/strong><\/p>\n<p>Os arquivos s\u00e3o enviados em formato Word e s\u00e3o edit\u00e1veis.<\/p>\n<p><strong>Caso eu tiver alguma d\u00favida, terei suporte no p\u00f3s venda?<\/strong><\/p>\n<p>Sim, com certeza. Basta clicar no \u00edcone do WhatsApp no cantinho da tela. Ser\u00e1 um prazer atend\u00ea-lo(a).<\/p>\n<div id=\"elementor-tab-content-1948\" class=\"elementor-tab-content elementor-clearfix elementor-active\" role=\"tabpanel\" data-tab=\"8\" aria-labelledby=\"elementor-tab-title-1948\">\n<p><strong>Quais os seus canais de contato?<\/strong><\/p>\n<\/div>\n<div id=\"elementor-tab-content-1949\" class=\"elementor-tab-content elementor-clearfix elementor-active\" role=\"tabpanel\" data-tab=\"9\" aria-labelledby=\"elementor-tab-title-1949\">\n<p>Whatsapp: 53 984751621 \u2013 Clicar no canto da tela ou ESCANEIE O QRCODE ABAIXO<\/p>\n<h4><img decoding=\"async\" class=\"alignnone wp-image-13699 jetpack-lazy-image jetpack-lazy-image--handled\" src=\"https:\/\/i0.wp.com\/portifolioos-prontos.com\/wp-content\/uploads\/2023\/02\/whatsapp-business-projeto-de-extensao-300x300.jpeg?resize=144%2C144\" sizes=\"(max-width: 144px) 100vw, 144px\" srcset=\"https:\/\/i0.wp.com\/portifolioos-prontos.com\/wp-content\/uploads\/2023\/02\/whatsapp-business-projeto-de-extensao.jpeg?resize=300%2C301&amp;ssl=1 300w, https:\/\/i0.wp.com\/portifolioos-prontos.com\/wp-content\/uploads\/2023\/02\/whatsapp-business-projeto-de-extensao.jpeg?resize=150%2C150&amp;ssl=1 150w, https:\/\/i0.wp.com\/portifolioos-prontos.com\/wp-content\/uploads\/2023\/02\/whatsapp-business-projeto-de-extensao.jpeg?resize=370%2C372&amp;ssl=1 370w, https:\/\/i0.wp.com\/portifolioos-prontos.com\/wp-content\/uploads\/2023\/02\/whatsapp-business-projeto-de-extensao.jpeg?resize=100%2C100&amp;ssl=1 100w, https:\/\/i0.wp.com\/portifolioos-prontos.com\/wp-content\/uploads\/2023\/02\/whatsapp-business-projeto-de-extensao.jpeg?w=470&amp;ssl=1 470w\" alt=\"projeto de extens\u00e3o unopar\" width=\"144\" height=\"144\" data-lazy-loaded=\"1\" \/><\/h4>\n<\/div>\n<div class=\"elementor-toggle-item\">\n<div id=\"elementor-tab-content-1949\" class=\"elementor-tab-content elementor-clearfix elementor-active\" role=\"tabpanel\" data-tab=\"9\" aria-labelledby=\"elementor-tab-title-1949\">\n<p>E-mail:portifoliosp@gmail.com<\/p>\n<div id=\"attachment_143\" class=\"wp-caption alignnone\">\n<div id=\"attachment_143\" class=\"wp-caption alignnone\">\n<p id=\"caption-attachment-143\" class=\"wp-caption-text\"><a href=\"http:\/\/portfolio-pronto.com\/\">Portf\u00f3lio<\/a>\u00a0<a href=\"https:\/\/portifolioos-prontos.com\/\">pronto Unopar Anhanguera<\/a>\u00a0em Word, respondido, completo e j\u00e1 nas normas.<\/p>\n<\/div>\n<\/div>\n<\/div>\n<\/div>\n","protected":false},"excerpt":{"rendered":"<div class=\"product-short-description\">\n<p><strong>Pague pelo PIX ou cart\u00e3o e fa\u00e7a o download agora mesmo.<\/strong><\/p>\n<\/div>\n<div class=\"sticky-add-to-cart-wrapper\">\n<div class=\"sticky-add-to-cart\">\n<p class=\"quantity buttons_added form-flat\"><img decoding=\"async\" class=\"lazyloaded smush-image-5 smush-image-3 smush-image-4 smush-detected-img smush-image-bigger-3\" src=\"https:\/\/d26lpennugtm8s.cloudfront.net\/assets\/common\/img\/logos\/payment\/visa@2x.png\" width=\"46\" height=\"29\" data-src=\"https:\/\/d26lpennugtm8s.cloudfront.net\/assets\/common\/img\/logos\/payment\/visa@2x.png\" \/><img decoding=\"async\" class=\"lazyloaded smush-image-6 smush-image-4 smush-image-5 smush-detected-img smush-image-bigger-4\" src=\"https:\/\/d26lpennugtm8s.cloudfront.net\/assets\/common\/img\/logos\/payment\/boleto@2x.png\" width=\"43\" height=\"27\" data-src=\"https:\/\/d26lpennugtm8s.cloudfront.net\/assets\/common\/img\/logos\/payment\/boleto@2x.png\" \/><img loading=\"lazy\" decoding=\"async\" class=\"lazyloaded smush-image-7 smush-image-5 smush-image-6 smush-detected-img smush-image-bigger-5\" src=\"https:\/\/d26lpennugtm8s.cloudfront.net\/assets\/common\/img\/logos\/payment\/mastercard@2x.png\" width=\"43\" height=\"27\" data-src=\"https:\/\/d26lpennugtm8s.cloudfront.net\/assets\/common\/img\/logos\/payment\/mastercard@2x.png\" \/><img loading=\"lazy\" decoding=\"async\" class=\"lazyloaded smush-image-8 smush-image-6 smush-image-7 smush-detected-img smush-image-bigger-6\" src=\"https:\/\/d26lpennugtm8s.cloudfront.net\/assets\/common\/img\/logos\/payment\/amex@2x.png\" width=\"43\" height=\"27\" data-src=\"https:\/\/d26lpennugtm8s.cloudfront.net\/assets\/common\/img\/logos\/payment\/amex@2x.png\" \/><img loading=\"lazy\" decoding=\"async\" class=\"lazyloaded smush-image-9 smush-image-7 smush-image-8 smush-detected-img smush-image-bigger-7\" src=\"https:\/\/d26lpennugtm8s.cloudfront.net\/assets\/common\/img\/logos\/payment\/diners@2x.png\" width=\"46\" height=\"29\" data-src=\"https:\/\/d26lpennugtm8s.cloudfront.net\/assets\/common\/img\/logos\/payment\/diners@2x.png\" \/><img loading=\"lazy\" decoding=\"async\" class=\"lazyloaded smush-image-10 smush-image-8 smush-image-9 alignnone smush-detected-img smush-image-bigger-8\" src=\"https:\/\/d26lpennugtm8s.cloudfront.net\/assets\/common\/img\/logos\/payment\/br\/elo@2x.png\" alt=\"portf\u00f3lio unopar anhanguera\" width=\"45\" height=\"28\" data-src=\"https:\/\/d26lpennugtm8s.cloudfront.net\/assets\/common\/img\/logos\/payment\/br\/elo@2x.png\" \/><img loading=\"lazy\" decoding=\"async\" class=\"lazyloaded smush-image-11 smush-image-9 smush-image-10 alignnone smush-detected-img smush-image-bigger-9\" src=\"https:\/\/d26lpennugtm8s.cloudfront.net\/assets\/common\/img\/logos\/payment\/br\/hipercard@2x.png\" alt=\"portf\u00f3lio unopar anhanguera\" width=\"44\" height=\"28\" data-src=\"https:\/\/d26lpennugtm8s.cloudfront.net\/assets\/common\/img\/logos\/payment\/br\/hipercard@2x.png\" \/><img loading=\"lazy\" decoding=\"async\" class=\"lazyloaded smush-image-12 smush-image-10 smush-image-11 alignnone smush-detected-img smush-image-bigger-10\" src=\"https:\/\/d26lpennugtm8s.cloudfront.net\/assets\/common\/img\/logos\/payment\/mercadopago@2x.png\" alt=\"portf\u00f3lio unopar anhanguera\" width=\"45\" height=\"28\" data-src=\"https:\/\/d26lpennugtm8s.cloudfront.net\/assets\/common\/img\/logos\/payment\/mercadopago@2x.png\" \/><\/p>\n<\/div>\n<\/div>\n","protected":false},"featured_media":43893,"template":"","meta":{"_seopress_robots_primary_cat":"none","_seopress_titles_title":"","_seopress_titles_desc":"","_seopress_robots_index":""},"product_cat":[15],"product_tag":[],"class_list":{"0":"post-43892","1":"product","2":"type-product","3":"status-publish","4":"has-post-thumbnail","6":"product_cat-uncategorized","8":"first","9":"instock","10":"downloadable","11":"virtual","12":"purchasable","13":"product-type-simple","14":"col-xs-6 col-sm-4","15":"col-mf-5","16":"un-5-cols"},"jetpack_sharing_enabled":true,"_links":{"self":[{"href":"https:\/\/portifolioos-prontos.com\/index.php\/wp-json\/wp\/v2\/product\/43892","targetHints":{"allow":["GET"]}}],"collection":[{"href":"https:\/\/portifolioos-prontos.com\/index.php\/wp-json\/wp\/v2\/product"}],"about":[{"href":"https:\/\/portifolioos-prontos.com\/index.php\/wp-json\/wp\/v2\/types\/product"}],"version-history":[{"count":3,"href":"https:\/\/portifolioos-prontos.com\/index.php\/wp-json\/wp\/v2\/product\/43892\/revisions"}],"predecessor-version":[{"id":49820,"href":"https:\/\/portifolioos-prontos.com\/index.php\/wp-json\/wp\/v2\/product\/43892\/revisions\/49820"}],"wp:featuredmedia":[{"embeddable":true,"href":"https:\/\/portifolioos-prontos.com\/index.php\/wp-json\/wp\/v2\/media\/43893"}],"wp:attachment":[{"href":"https:\/\/portifolioos-prontos.com\/index.php\/wp-json\/wp\/v2\/media?parent=43892"}],"wp:term":[{"taxonomy":"product_cat","embeddable":true,"href":"https:\/\/portifolioos-prontos.com\/index.php\/wp-json\/wp\/v2\/product_cat?post=43892"},{"taxonomy":"product_tag","embeddable":true,"href":"https:\/\/portifolioos-prontos.com\/index.php\/wp-json\/wp\/v2\/product_tag?post=43892"}],"curies":[{"name":"wp","href":"https:\/\/api.w.org\/{rel}","templated":true}]}}