{"id":43898,"date":"2025-08-24T20:12:41","date_gmt":"2025-08-24T23:12:41","guid":{"rendered":"https:\/\/portifolioos-prontos.com\/?post_type=product&#038;p=43898"},"modified":"2025-10-17T16:14:46","modified_gmt":"2025-10-17T19:14:46","slug":"atividade-pratica-farmacologia-2","status":"publish","type":"product","link":"https:\/\/portifolioos-prontos.com\/index.php\/product\/atividade-pratica-farmacologia-2\/","title":{"rendered":"Atividade Pr\u00e1tica Farmacologia"},"content":{"rendered":"<h4>Atividade Pr\u00e1tica Farmacologia<\/h4>\n<p>ROTEIRO DE ATIVIDADE PR\u00c1TICA<br \/>\nNOME DA DISCIPLINA: Farmacologia<br \/>\nUnidade: Unidade_1_ Introdu\u00e7\u00e3o \u00e0 Farmacologia<br \/>\nAula: U1_Se\u00e7\u00e3o 1<br \/>\nOBJETIVOS<br \/>\nDefini\u00e7\u00e3o dos objetivos da aula pr\u00e1tica:<br \/>\nA proposta desta atividade pr\u00e1tica est\u00e1 amparada nos seguintes objetivos:<br \/>\n&#8211; Compreender os princ\u00edpios que regem o mecanismo de a\u00e7\u00e3o dos f\u00e1rmacos no<br \/>\norganismo humano;<br \/>\n&#8211; Diferenciar os tipos de a\u00e7\u00e3o farmacol\u00f3gica, com \u00eanfase nas propriedades agonistas e<br \/>\nantagonistas dos medicamentos;<br \/>\n&#8211; Reconhecer rea\u00e7\u00f5es adversas comuns associadas ao uso de f\u00e1rmacos alop\u00e1ticos,<br \/>\nconsiderando suas implica\u00e7\u00f5es cl\u00ednicas e terap\u00eauticas no contexto das terapias<br \/>\nintegrativas e complementares.rea\u00e7\u00f5es adversas de medica\u00e7\u00f5es alop\u00e1ticas.<br \/>\nINFRAESTRUTURA E MATERIAIS<br \/>\nInstala\u00e7\u00f5es<br \/>\nComputador com acesso \u00e0 internet.<br \/>\nPROCEDIMENTOS PR\u00c1TICOS<br \/>\nATIVIDADE PROPOSTA 01<br \/>\nIdentifica\u00e7\u00e3o das grandes \u00e1reas de estudo da Farmacologia, considerando os<br \/>\nprincipais aspectos da rela\u00e7\u00e3o do f\u00e1rmaco com o organismo.<br \/>\nProcedimentos para a realiza\u00e7\u00e3o da atividade<br \/>\n1) \u00c9 amplamente reconhecido que a otimiza\u00e7\u00e3o farmacocin\u00e9tica precisa ser abordada no<br \/>\nin\u00edcio da descoberta de medicamentos para reduzir a alta taxa de falha em trazer<br \/>\nmedicamentos ao mercado. M\u00e1 absor\u00e7\u00e3o, dura\u00e7\u00e3o de a\u00e7\u00e3o muito curta devido \u00e0 alta taxa<br \/>\nde elimina\u00e7\u00e3o ou a presen\u00e7a de metab\u00f3litos ativos s\u00e3o exemplos de propriedades que<br \/>\nP\u00fablico3<br \/>\npodem levar a programas cl\u00ednicos malsucedidos. Voc\u00ea dever\u00e1 pesquisar sobre a<br \/>\nimport\u00e2ncia do metabolismo no planejamento de f\u00e1rmacos. Para isso, poder\u00e1 utilizar o<br \/>\nartigo \u201cImport\u00e2ncia do metabolismo no planejamento de f\u00e1rmacos.\u201d, atrav\u00e9s do link:<br \/>\nhttps:\/\/www.scielo.br\/j\/qn\/a\/jtQ9p49zfMLfDRHYkYRMn4f\/?lang=pt. Acesso 23 mai. 2025.<br \/>\nDurante a pesquisa \u00e9 importante que voc\u00ea anote sobre o que \u00e9 o metabolismo dos<br \/>\nf\u00e1rmacos, sobre as tr\u00eas fases de a\u00e7\u00e3o de um f\u00e1rmaco e qual \u00e9 a import\u00e2ncia da fase<br \/>\nfarmacodin\u00e2mica e farmacocin\u00e9tica nos processos de descoberta dos novos f\u00e1rmacos.<br \/>\n2) Na sequ\u00eancia, voc\u00ea dever\u00e1 pesquisar sobre as formas farmac\u00eauticas de uso oral<br \/>\n(l\u00edquidas e s\u00f3lidas), as quais podem ser:<br \/>\n&#8211; S\u00f3lidas: c\u00e1psulas, comprimidos, comprimido revestido, gr\u00e2nulos, p\u00f3, comprimido<br \/>\nefervescente, comprimidos de a\u00e7\u00e3o prolongada, de a\u00e7\u00e3o lenta;<br \/>\n&#8211; L\u00edquidas: xarope, suspens\u00e3o, solu\u00e7\u00e3o gotas, emuls\u00f5es.<br \/>\nVoc\u00ea escolher\u00e1 uma forma farmac\u00eautica de uso oral l\u00edquida ou s\u00f3lida e ir\u00e1 observar a<br \/>\nrela\u00e7\u00e3o entre composi\u00e7\u00e3o, forma farmac\u00eautica, indica\u00e7\u00f5es e contraindica\u00e7\u00f5es conforme<br \/>\naditivos, conservantes, corantes e outras subst\u00e2ncias usadas na formula\u00e7\u00e3o destes<br \/>\nmedicamentos.<br \/>\nObservar os cuidados na administra\u00e7\u00e3o e conserva\u00e7\u00e3o dos medicamentos conforme sua<br \/>\ncomposi\u00e7\u00e3o e forma farmac\u00eautica e nas diversas formas farmac\u00eauticas: observar as<br \/>\ncaracter\u00edsticas relevantes quanto ao tempo de absor\u00e7\u00e3o, distribui\u00e7\u00e3o, pico de a\u00e7\u00e3o,<br \/>\ndura\u00e7\u00e3o de a\u00e7\u00e3o, intera\u00e7\u00f5es e rea\u00e7\u00f5es adversas, al\u00e9m de coletar exemplos de<br \/>\nmedicamentos que apresentem tais formas.<br \/>\n3) Ap\u00f3s o levantamento dessas informa\u00e7\u00f5es, voc\u00ea refletir\u00e1 sobre as rea\u00e7\u00f5es adversas<br \/>\naos f\u00e1rmacos. Possivelmente, voc\u00ea j\u00e1 tomou algum medicamento e de repente come\u00e7ou<br \/>\na sentir n\u00e1useas ou tontura? Isso pode ser uma rea\u00e7\u00e3o adversa aos medicamentos. Voc\u00ea<br \/>\ndever\u00e1 pesquisar sobre o conceito das rea\u00e7\u00f5es adversas a medicamentos, qual \u00e9 a<br \/>\nci\u00eancia respons\u00e1vel por identificar, avaliar, compreender e prevenir os efeitos adversos<br \/>\nou quaisquer problemas relacionados aos medicamentos e qual \u00e9 o principal instrumento<br \/>\nutilizado para poder relatar um evento adverso a medicamento \u00e0 ANVISA. Para isso,<br \/>\npoder\u00e1 acessar a Biblioteca Virtual e buscar pelo livro: MASTROIANNI, P. VARALLO,<br \/>\nF.R. Farmacovigil\u00e2ncia para promo\u00e7\u00e3o do uso correto do medicamento. Porto<br \/>\nAlegre: Artmed, 2013<a href=\"http:\/\/portifolioos-prontos.com\">.<\/a><br \/>\nATIVIDADE PROPOSTA 02<br \/>\nP\u00fablico4<br \/>\nCompreendendo as bases da farmacologia para a atua\u00e7\u00e3o com as pr\u00e1ticas integrativas e<br \/>\ncomplementares<br \/>\nProcedimentos para a realiza\u00e7\u00e3o da atividade<br \/>\n1) Entre os conhecimentos e pr\u00e1ticas necess\u00e1rias para a atua\u00e7\u00e3o com as terapias<br \/>\nintegrativas e complementares, est\u00e1 a farmacologia. Apesar de as pr\u00e1ticas integrativas<br \/>\ntrabalharem de forma hol\u00edstica e com ativos naturais, como \u00e9 o caso da fitoterapia e<br \/>\nhomeopatia, estas e outras t\u00e9cnicas utilizadas, muitas vezes n\u00e3o s\u00e3o usadas de forma<br \/>\nisolada, mas complementando tratamentos da Medicina Convencional. Sabendo que a<br \/>\nMedicina Convencional lan\u00e7a m\u00e3o de medica\u00e7\u00f5es alop\u00e1ticas, devemos entender ent\u00e3o,<br \/>\nseu funcionamneto, incluindo modo de a\u00e7\u00e3o e efeitos adversos.<br \/>\n\u201cOs efeitos farmacol\u00f3gicos da maioria dos f\u00e1rmacos s\u00e3o atribu\u00eddos \u00e0 sua in-tera\u00e7\u00e3o<br \/>\ncom os componentes macromoleculares (receptores) do organismo. As intera\u00e7\u00f5es<br \/>\nf\u00e1rmaco-receptoras alteram a fun\u00e7\u00e3o do componente biol\u00f3gico envolvido e iniciam as<br \/>\naltera\u00e7\u00f5es bioqu\u00edmicas e fisiol\u00f3gicas que caracterizam a resposta ao f\u00e1rmaco\u201d (SILVA,<br \/>\nLF. Farmacologia b\u00e1sica. Porto Alegre: SAGAH, 2018).<br \/>\nPensando nisso, explique os seguintes conceitos:<br \/>\na) Receptores<br \/>\nb) Pot\u00eancia<br \/>\nc) Efic\u00e1cia<br \/>\nd) \u00cdndice terap\u00eautico<br \/>\ne) Mecanismo de seletividade<br \/>\n2) \u201cMuitos receptores farmacol\u00f3gicos s\u00e3o as prote\u00ednas, que tamb\u00e9m atuam como<br \/>\nreceptores de ligandos reguladores end\u00f3genos. Esses alvos farmacol\u00f3gicos s\u00e3o<br \/>\nconhecidos como receptores fisiol\u00f3gicos e muitos f\u00e1rmacos atuam nesses receptores<br \/>\nfisiol\u00f3gicos e s\u00e3o particularmente seletivos porque os receptores fisiol\u00f3gicos<br \/>\nreconhecem e respondem com grande seletividade \u00e0s mol\u00e9culas sinalizadoras<br \/>\nespec\u00edficas\u201d (BRUNTON, L. L.; CHABNER, B. A.; KNOLLMANN, B. C. As bases<br \/>\nfarmacol\u00f3gicas da terap\u00eautica de Goodman &amp; Gilman. 12\u00aa ed. Porto Alegre: AMGH,<br \/>\n2016).<br \/>\nExplique a diferen\u00e7a entre o f\u00e1rmaco de a\u00e7\u00e3o agonista e o f\u00e1rmaco de a\u00e7\u00e3o<br \/>\nantagonista.<br \/>\n3) Uma jovem de 20 anos, com hist\u00f3ria m\u00e9dica pregressa (HMP) comum, apresenta<br \/>\nfebre e dor de garganta. Ela \u00e9 diagnosticada com faringite estreptoc\u00f3cica do grupo A e<br \/>\nP\u00fablico5<br \/>\n\u00e9 tratada com penicilina IM. Alguns minutos ap\u00f3s a injec\u0327\u00e3o, a paciente apresenta<br \/>\ndispneia, taquicardia e hipotens\u00e3o, e percebe-se que apresenta sibilo ao exame.<br \/>\nTamb\u00e9m queixa-se de disfagia<a href=\"http:\/\/portfolio-pronto.com\">.<\/a><br \/>\n&#8211; O que est\u00e1 acontecendo com a paciente?<br \/>\n&#8211; Qual conduta deve ser tomada?<br \/>\nNormas para elabora\u00e7\u00e3o e entrega da atividade pr\u00e1tica<br \/>\nOl\u00e1, estudante. Tudo bem?<br \/>\nAs atividades pr\u00e1ticas visam desenvolver compet\u00eancias para a atua\u00e7\u00e3o profissional. Elas s\u00e3o<br \/>\nimportantes para que voc\u00ea vivencie situa\u00e7\u00f5es que te preparar\u00e3o para o mercado de trabalho. Por<br \/>\nisso, trazemos informa\u00e7\u00f5es para que voc\u00ea possa realizar as atividades propostas com \u00eaxito.<br \/>\n1. A(s) atividades a ser(em) realizada(s) est\u00e3o descritas nesse Roteiro de Atividade<br \/>\nPr\u00e1tica.<br \/>\n2. Ap\u00f3s a leitura do Roteiro, voc\u00ea dever\u00e1 realizar a(s) atividade(s) pr\u00e1tica(s) solicitadas e<br \/>\nelaborar um documento \u00daNICO contendo todas as resolu\u00e7\u00f5es de acordo com a<br \/>\nproposta estabelecida.<br \/>\n3. O trabalho deve ser aut\u00eantico e contemplar todas as resolu\u00e7\u00f5es das atividades<br \/>\npropostas. N\u00e3o ser\u00e3o aceitos trabalhos com reprodu\u00e7\u00e3o de materiais extra\u00eddos da<br \/>\ninternet.<br \/>\n4. Voc\u00ea dever\u00e1 postar seu trabalho final no AVA, na pasta espec\u00edfica relacionada \u00e0<br \/>\natividade pr\u00e1tica, obedecendo o prazo limite de postagem, conforme disposto no AVA.<br \/>\n5. Todas as resolu\u00e7\u00f5es das atividades pr\u00e1ticas devem ser entregues em um ARQUIVO<br \/>\n\u00daNICO.<br \/>\n6. O trabalho deve ser enviado em formato Word, exceto nos casos em que h\u00e1 formato<br \/>\nespecificado no Roteiro.<br \/>\n7. O sistema permite anexar apenas um arquivo.<br \/>\nIMPORTANTE:<br \/>\nA entrega da atividade, de acordo com a proposta solicitada, \u00e9 um crit\u00e9rio de aprova\u00e7\u00e3o na<br \/>\ndisciplina.<br \/>\nAproveite essa oportunidade para aprofundar ainda mais seus conhecimentos.<br \/>\nBons estudos!<\/p>\n<div class=\"elementor-toggle-item\">\n<p id=\"elementor-tab-title-1941\" class=\"elementor-tab-title elementor-active\" tabindex=\"0\" role=\"tab\" data-tab=\"1\" aria-controls=\"elementor-tab-content-1941\" aria-expanded=\"true\" aria-selected=\"true\"><strong>Como funciona?<\/strong><\/p>\n<p>Elaboramos os portf\u00f3lios, j\u00e1 deixamos prontos, nas normas da ABNT e conforme os requisitos da universidade. F\u00e1cil assim! O MELHOR \u00c9 QUE VOC\u00ca COMPRA E J\u00c1 BAIXA NA HORA O SEU ARQUIVO EM WORD! Sabemos que conciliar trabalho, fam\u00edlia, vida profissional e estudos \u00e9 dif\u00edcil hoje em dia, por isso, estamos aqui para ajudar voc\u00ea. Conte com nossa qualidade, experi\u00eancia e profissionalismo adquirindo seu portf\u00f3lio conosco. GARANTIMOS SEU CONCEITO!<\/p>\n<p><strong>Como se realizam os envios?<\/strong><\/p>\n<\/div>\n<p id=\"elementor-tab-content-1942\" class=\"elementor-tab-content elementor-clearfix elementor-active\" role=\"tabpanel\" data-tab=\"2\" aria-labelledby=\"elementor-tab-title-1942\">O seu trabalho \u00e9 disponibilizado pronto, respondido e nas normas j\u00e1 na mesma hora aqui em nosso site na sua \u00e1rea de downloads e tamb\u00e9m no seu e-mail.<\/p>\n<p><strong>Em quanto tempo recebo o portf\u00f3lio?<\/strong><\/p>\n<p>Os envios s\u00e3o imediatos. Ap\u00f3s sua compra, o trabalho j\u00e1 \u00e9 disponibilizado instantaneamente aqui em nosso site e no seu e-mail.<\/p>\n<p><strong>E se o portf\u00f3lio que comprei precisar de corre\u00e7\u00e3o?<\/strong><\/p>\n<p>Caso haja alguma solicita\u00e7\u00e3o de corre\u00e7\u00e3o\/altera\u00e7\u00e3o por parte do tutor, basta entrar em contato conosco pelo\u00a0WhatsApp\u00a0que provid\u00eanciaremos sem custo algum.<\/p>\n<p><strong>Qual o formato do arquivo?<\/strong><\/p>\n<p>Os arquivos s\u00e3o enviados em formato Word e s\u00e3o edit\u00e1veis.<\/p>\n<p><strong>Caso eu tiver alguma d\u00favida, terei suporte no p\u00f3s venda?<\/strong><\/p>\n<p>Sim, com certeza. Basta clicar no \u00edcone do WhatsApp no cantinho da tela. Ser\u00e1 um prazer atend\u00ea-lo(a).<\/p>\n<div id=\"elementor-tab-content-1948\" class=\"elementor-tab-content elementor-clearfix elementor-active\" role=\"tabpanel\" data-tab=\"8\" aria-labelledby=\"elementor-tab-title-1948\">\n<p><strong>Quais os seus canais de contato?<\/strong><\/p>\n<\/div>\n<div id=\"elementor-tab-content-1949\" class=\"elementor-tab-content elementor-clearfix elementor-active\" role=\"tabpanel\" data-tab=\"9\" aria-labelledby=\"elementor-tab-title-1949\">\n<p>Whatsapp: 53 984751621 \u2013 Clicar no canto da tela ou ESCANEIE O QRCODE ABAIXO<\/p>\n<h4><img decoding=\"async\" class=\"alignnone wp-image-13699 jetpack-lazy-image jetpack-lazy-image--handled\" src=\"https:\/\/i0.wp.com\/portifolioos-prontos.com\/wp-content\/uploads\/2023\/02\/whatsapp-business-projeto-de-extensao-300x300.jpeg?resize=144%2C144\" sizes=\"(max-width: 144px) 100vw, 144px\" srcset=\"https:\/\/i0.wp.com\/portifolioos-prontos.com\/wp-content\/uploads\/2023\/02\/whatsapp-business-projeto-de-extensao.jpeg?resize=300%2C301&amp;ssl=1 300w, https:\/\/i0.wp.com\/portifolioos-prontos.com\/wp-content\/uploads\/2023\/02\/whatsapp-business-projeto-de-extensao.jpeg?resize=150%2C150&amp;ssl=1 150w, https:\/\/i0.wp.com\/portifolioos-prontos.com\/wp-content\/uploads\/2023\/02\/whatsapp-business-projeto-de-extensao.jpeg?resize=370%2C372&amp;ssl=1 370w, https:\/\/i0.wp.com\/portifolioos-prontos.com\/wp-content\/uploads\/2023\/02\/whatsapp-business-projeto-de-extensao.jpeg?resize=100%2C100&amp;ssl=1 100w, https:\/\/i0.wp.com\/portifolioos-prontos.com\/wp-content\/uploads\/2023\/02\/whatsapp-business-projeto-de-extensao.jpeg?w=470&amp;ssl=1 470w\" alt=\"projeto de extens\u00e3o unopar\" width=\"144\" height=\"144\" data-lazy-loaded=\"1\" \/><\/h4>\n<\/div>\n<div class=\"elementor-toggle-item\">\n<div id=\"elementor-tab-content-1949\" class=\"elementor-tab-content elementor-clearfix elementor-active\" role=\"tabpanel\" data-tab=\"9\" aria-labelledby=\"elementor-tab-title-1949\">\n<p>E-mail:portifoliosp@gmail.com<\/p>\n<div id=\"attachment_143\" class=\"wp-caption alignnone\">\n<div id=\"attachment_143\" class=\"wp-caption alignnone\">\n<p id=\"caption-attachment-143\" class=\"wp-caption-text\"><a href=\"http:\/\/portfolio-pronto.com\/\">Portf\u00f3lio<\/a>\u00a0<a href=\"https:\/\/portifolioos-prontos.com\/\">pronto Unopar Anhanguera<\/a>\u00a0em Word, respondido, completo e j\u00e1 nas normas.<\/p>\n<\/div>\n<\/div>\n<\/div>\n<\/div>\n","protected":false},"excerpt":{"rendered":"<div class=\"product-short-description\">\n<p><strong>Pague pelo PIX ou cart\u00e3o e fa\u00e7a o download agora mesmo.<\/strong><\/p>\n<\/div>\n<div class=\"sticky-add-to-cart-wrapper\">\n<div class=\"sticky-add-to-cart\">\n<p class=\"quantity buttons_added form-flat\"><img decoding=\"async\" class=\"lazyloaded smush-image-5 smush-image-3 smush-image-4 smush-detected-img smush-image-bigger-3\" src=\"https:\/\/d26lpennugtm8s.cloudfront.net\/assets\/common\/img\/logos\/payment\/visa@2x.png\" width=\"46\" height=\"29\" data-src=\"https:\/\/d26lpennugtm8s.cloudfront.net\/assets\/common\/img\/logos\/payment\/visa@2x.png\" \/><img decoding=\"async\" class=\"lazyloaded smush-image-6 smush-image-4 smush-image-5 smush-detected-img smush-image-bigger-4\" src=\"https:\/\/d26lpennugtm8s.cloudfront.net\/assets\/common\/img\/logos\/payment\/boleto@2x.png\" width=\"43\" height=\"27\" data-src=\"https:\/\/d26lpennugtm8s.cloudfront.net\/assets\/common\/img\/logos\/payment\/boleto@2x.png\" \/><img loading=\"lazy\" decoding=\"async\" class=\"lazyloaded smush-image-7 smush-image-5 smush-image-6 smush-detected-img smush-image-bigger-5\" src=\"https:\/\/d26lpennugtm8s.cloudfront.net\/assets\/common\/img\/logos\/payment\/mastercard@2x.png\" width=\"43\" height=\"27\" data-src=\"https:\/\/d26lpennugtm8s.cloudfront.net\/assets\/common\/img\/logos\/payment\/mastercard@2x.png\" \/><img loading=\"lazy\" decoding=\"async\" class=\"lazyloaded smush-image-8 smush-image-6 smush-image-7 smush-detected-img smush-image-bigger-6\" src=\"https:\/\/d26lpennugtm8s.cloudfront.net\/assets\/common\/img\/logos\/payment\/amex@2x.png\" width=\"43\" height=\"27\" data-src=\"https:\/\/d26lpennugtm8s.cloudfront.net\/assets\/common\/img\/logos\/payment\/amex@2x.png\" \/><img loading=\"lazy\" decoding=\"async\" class=\"lazyloaded smush-image-9 smush-image-7 smush-image-8 smush-detected-img smush-image-bigger-7\" src=\"https:\/\/d26lpennugtm8s.cloudfront.net\/assets\/common\/img\/logos\/payment\/diners@2x.png\" width=\"46\" height=\"29\" data-src=\"https:\/\/d26lpennugtm8s.cloudfront.net\/assets\/common\/img\/logos\/payment\/diners@2x.png\" \/><img loading=\"lazy\" decoding=\"async\" class=\"lazyloaded smush-image-10 smush-image-8 smush-image-9 alignnone smush-detected-img smush-image-bigger-8\" src=\"https:\/\/d26lpennugtm8s.cloudfront.net\/assets\/common\/img\/logos\/payment\/br\/elo@2x.png\" alt=\"portf\u00f3lio unopar anhanguera\" width=\"45\" height=\"28\" data-src=\"https:\/\/d26lpennugtm8s.cloudfront.net\/assets\/common\/img\/logos\/payment\/br\/elo@2x.png\" \/><img loading=\"lazy\" decoding=\"async\" class=\"lazyloaded smush-image-11 smush-image-9 smush-image-10 alignnone smush-detected-img smush-image-bigger-9\" src=\"https:\/\/d26lpennugtm8s.cloudfront.net\/assets\/common\/img\/logos\/payment\/br\/hipercard@2x.png\" alt=\"portf\u00f3lio unopar anhanguera\" width=\"44\" height=\"28\" data-src=\"https:\/\/d26lpennugtm8s.cloudfront.net\/assets\/common\/img\/logos\/payment\/br\/hipercard@2x.png\" \/><img loading=\"lazy\" decoding=\"async\" class=\"lazyloaded smush-image-12 smush-image-10 smush-image-11 alignnone smush-detected-img smush-image-bigger-10\" src=\"https:\/\/d26lpennugtm8s.cloudfront.net\/assets\/common\/img\/logos\/payment\/mercadopago@2x.png\" alt=\"portf\u00f3lio unopar anhanguera\" width=\"45\" height=\"28\" data-src=\"https:\/\/d26lpennugtm8s.cloudfront.net\/assets\/common\/img\/logos\/payment\/mercadopago@2x.png\" \/><img loading=\"lazy\" decoding=\"async\" class=\"alignnone lazyloaded smush-detected-img smush-image-bigger-11\" src=\"https:\/\/futurium.com.br\/wp-content\/uploads\/2021\/06\/logo-pix-icone-512.png\" alt=\"portfolio pronto\" width=\"30\" height=\"30\" data-src=\"https:\/\/futurium.com.br\/wp-content\/uploads\/2021\/06\/logo-pix-icone-512.png\" \/><\/p>\n<\/div>\n<\/div>\n","protected":false},"featured_media":43899,"template":"","meta":{"_seopress_robots_primary_cat":"","_seopress_titles_title":"","_seopress_titles_desc":"","_seopress_robots_index":""},"product_cat":[15],"product_tag":[],"class_list":{"0":"post-43898","1":"product","2":"type-product","3":"status-publish","4":"has-post-thumbnail","6":"product_cat-uncategorized","8":"first","9":"instock","10":"downloadable","11":"virtual","12":"purchasable","13":"product-type-simple","14":"col-xs-6 col-sm-4","15":"col-mf-5","16":"un-5-cols"},"jetpack_sharing_enabled":true,"_links":{"self":[{"href":"https:\/\/portifolioos-prontos.com\/index.php\/wp-json\/wp\/v2\/product\/43898","targetHints":{"allow":["GET"]}}],"collection":[{"href":"https:\/\/portifolioos-prontos.com\/index.php\/wp-json\/wp\/v2\/product"}],"about":[{"href":"https:\/\/portifolioos-prontos.com\/index.php\/wp-json\/wp\/v2\/types\/product"}],"version-history":[{"count":2,"href":"https:\/\/portifolioos-prontos.com\/index.php\/wp-json\/wp\/v2\/product\/43898\/revisions"}],"predecessor-version":[{"id":48189,"href":"https:\/\/portifolioos-prontos.com\/index.php\/wp-json\/wp\/v2\/product\/43898\/revisions\/48189"}],"wp:featuredmedia":[{"embeddable":true,"href":"https:\/\/portifolioos-prontos.com\/index.php\/wp-json\/wp\/v2\/media\/43899"}],"wp:attachment":[{"href":"https:\/\/portifolioos-prontos.com\/index.php\/wp-json\/wp\/v2\/media?parent=43898"}],"wp:term":[{"taxonomy":"product_cat","embeddable":true,"href":"https:\/\/portifolioos-prontos.com\/index.php\/wp-json\/wp\/v2\/product_cat?post=43898"},{"taxonomy":"product_tag","embeddable":true,"href":"https:\/\/portifolioos-prontos.com\/index.php\/wp-json\/wp\/v2\/product_tag?post=43898"}],"curies":[{"name":"wp","href":"https:\/\/api.w.org\/{rel}","templated":true}]}}