{"id":44017,"date":"2025-08-27T23:20:04","date_gmt":"2025-08-28T02:20:04","guid":{"rendered":"https:\/\/portifolioos-prontos.com\/?post_type=product&#038;p=44017"},"modified":"2026-03-02T16:27:32","modified_gmt":"2026-03-02T19:27:32","slug":"atividade-pratica-conexao-sem-barreiras-em-saude","status":"publish","type":"product","link":"https:\/\/portifolioos-prontos.com\/index.php\/product\/atividade-pratica-conexao-sem-barreiras-em-saude\/","title":{"rendered":"Atividade Pr\u00e1tica Conex\u00e3o sem barreiras em sa\u00fade"},"content":{"rendered":"<h4>Atividade Pr\u00e1tica Conex\u00e3o sem barreiras em sa\u00fade<\/h4>\n<hr \/>\n<p><strong>ROTEIRO DE AULA PR\u00c1TICA<\/strong><br \/>\n<strong>NOME DA DISCIPLINA: Conex\u00e3o sem barreiras em sa\u00fade<\/strong><br \/>\n<strong>OBJETIVOS<\/strong><br \/>\nDefini\u00e7\u00e3o dos objetivos da aula pr\u00e1tica:<br \/>\nA proposta desta atividade pr\u00e1tica est\u00e1 amparada nos seguintes objetivos:<br \/>\n&#8211; Refletir sobre o que \u00e9 empatia e sua import\u00e2ncia na rela\u00e7\u00e3o entre profissionais de sa\u00fade e<br \/>\npacientes, destacando como a escuta ativa e o entendimento das emo\u00e7\u00f5es do outro podem<br \/>\nmelhorar a qualidade do atendimento.<br \/>\n&#8211; Analisar os impactos da empatia e da humaniza\u00e7\u00e3o no desfecho cl\u00ednico.<br \/>\n&#8211; Desenvolver argumentos s\u00f3lidos e coerentes sobre a relev\u00e2ncia da empatia e humaniza\u00e7\u00e3o no<br \/>\nambiente de sa\u00fade.<br \/>\n&#8211; Refletir sobre o papel \u00e9tico dos profissionais de sa\u00fade na promo\u00e7\u00e3o de um cuidado mais<br \/>\nhumanizado, considerando os princ\u00edpios de respeito, compaix\u00e3o e responsabilidade social.<br \/>\n<strong>INFRAESTRUTURA E MATERIAIS<\/strong><br \/>\nInstala\u00e7\u00f5es<br \/>\nComputador com acesso \u00e0 internet<a href=\"http:\/\/portfolio-pronto.com\">.<\/a><br \/>\n<strong>PROCEDIMENTOS PR\u00c1TICOS<\/strong><br \/>\nAtividade proposta<br \/>\nComo aplica a Intelig\u00eancia Emocional, Humaniza\u00e7\u00e3o e Estrat\u00e9gias de Marketing em sa\u00fade.<br \/>\nProcedimentos para a realiza\u00e7\u00e3o da atividade<br \/>\nNo contexto da sa\u00fade, a rela\u00e7\u00e3o entre profissional e paciente vai al\u00e9m da simples aplica\u00e7\u00e3o de<br \/>\nt\u00e9cnicas e tratamentos. Hoje, h\u00e1 um crescente reconhecimento da import\u00e2ncia de elementos<br \/>\nemocionais e humanos na pr\u00e1tica cl\u00ednica, que se refletem em tr\u00eas pilares fundamentais:<br \/>\nintelig\u00eancia emocional, humaniza\u00e7\u00e3o em sa\u00fade e marketing emocional. Esses conceitos n\u00e3o s\u00f3<br \/>\naprimoram o atendimento, como tamb\u00e9m promovem maior confian\u00e7a, ades\u00e3o e bem-estar para<br \/>\no paciente.<br \/>\nPara realizar a atividade reflita o caso apresentado a seguir:<br \/>\n&#8220;Joana, 40 anos, chega \u00e0 cl\u00ednica com queixas de dores cr\u00f4nicas nas costas. Ela j\u00e1 passou<br \/>\nP\u00fablico3<br \/>\npor v\u00e1rios tratamentos m\u00e9dicos, mas sem sucesso. A frustra\u00e7\u00e3o de Joana \u00e9 evidente, e<br \/>\nela est\u00e1 emocionalmente desgastada.&#8221;<br \/>\nCom base no caso acima, responda as quest\u00f5es a seguir:<br \/>\n1. Como aplicar a intelig\u00eancia emocional no atendimento, reconhecendo as frustra\u00e7\u00f5es de<br \/>\nJoana e abordando-a com empatia e paci\u00eancia?<br \/>\n2. Como integrar princ\u00edpios de humaniza\u00e7\u00e3o no atendimento, garantindo que ela se sinta<br \/>\nouvida, acolhida e respeitada?<br \/>\n3. Quais estrat\u00e9gias de marketing emocional podem ser usadas para estabelecer uma<br \/>\nconex\u00e3o genu\u00edna e de confian\u00e7a com Joana, como comunica\u00e7\u00e3o transparente e<br \/>\nconte\u00fado educativo que promova bem-estar?<br \/>\n4. Como as habilidades interpessoais podem impactar na rela\u00e7\u00e3o terapeuta-cliente e quais<br \/>\ns\u00e3o as habilidades principais necess\u00e1rias.<br \/>\nPara responder a estas quest\u00f5es, fa\u00e7a buscas em Minha Biblioteca!<br \/>\nRefer\u00eancias recomendadas para o desenvolvimento da atividade:<br \/>\nROTHMANN, I. Fundamentos de Psicologia Organizacional e do Trabalho. Rio de Janeiro:<br \/>\nGrupo GEN, 2017. Dispon\u00edvel em:<br \/>\nhttps:\/\/integrada.minhabiblioteca.com.br\/#\/books\/9788595152700\/. Acesso em: 24 set. 2024.<br \/>\nCAVEI\u00c3O, C.; GARCIA, I. de F.; RODRIGUES, I. C. G. Humaniza\u00e7\u00e3o em servi\u00e7os de sa\u00fade.<br \/>\nCuritiba: InterSaberes, 2021. Dispon\u00edvel em: Login (bvirtual.com.br)<br \/>\nMENESES, R. D. G. Humaniza\u00e7\u00e3o da Sa\u00fade: da Inten\u00e7\u00e3o \u00e0 Intelig\u00eancia Emotiva. RevSALUSRevista Cient\u00edfica Internacional da Rede Acad\u00e9mica das Ci\u00eancias da Sa\u00fade da Lusofonia, v.1,<br \/>\nn. 2, p. 11-15, 2019. https:\/\/revsalus.com\/index.php\/RevSALUS\/article\/view\/114<br \/>\nSILVA, J. A. C. S. et al. Ensino da empatia em sa\u00fade: revis\u00e3o integrativa. Rev. Bio\u00e9t. v.30 n.4,<br \/>\n2023 https:\/\/www.scielo.br\/j\/bioet\/a\/4XzYSF6YcvNCzYM7nk3HTnQ\/?lan .<br \/>\nP\u00fablico4<br \/>\n<strong>ORIENTA\u00c7\u00d5ES PARA ATIVIDADE:<\/strong><br \/>\nA atividade ser\u00e1 entregue seguindo as normas da ABNT, com uma estrutura que inclui capa e<br \/>\no texto argumentativo com pelo menos 500 palavras. Abaixo est\u00e3o as instru\u00e7\u00f5es detalhadas<br \/>\npara cada parte do trabalho:<br \/>\n<strong>1. Capa (Modelo ABNT)<\/strong><br \/>\nA capa deve conter as seguintes informa\u00e7\u00f5es, alinhadas ao centro da p\u00e1gina, em fonte Times<br \/>\nNew Roman ou Arial, tamanho 12:<br \/>\n\u2022 Nome da institui\u00e7\u00e3o (Ex.: Universidade <a href=\"http:\/\/portifolioos-prontos.com\">X<\/a>YZ)<br \/>\n\u2022 Nome do curso (Ex.: Curso de Enfermagem)<br \/>\n\u2022 Nome do aluno (Ex.: Jo\u00e3o da Silva)<br \/>\n\u2022 T\u00edtulo da atividade: (Ex.: A Import\u00e2ncia da Empatia e Humaniza\u00e7\u00e3o no Atendimento de<br \/>\nSa\u00fade)<br \/>\n\u2022 Nome do professor (Ex.: Prof. Dr. Jos\u00e9 Pereira)<br \/>\n\u2022 Local e data (Ex.: Cidade, M\u00eas e Ano)<br \/>\n<strong>2. Texto Argumentativo<\/strong><br \/>\nO texto deve seguir as seguintes diretrizes:<br \/>\na) Formata\u00e7\u00e3o do Texto<br \/>\n\u2022 Fonte: Times New Roman ou Arial, tamanho 12.<br \/>\n\u2022 Espa\u00e7amento: 1,5 entre linhas.<br \/>\n\u2022 Margens: 3 cm na margem superior e esquerda; 2 cm na margem inferior e direita.<br \/>\n\u2022 Alinhamento: Justificado.<br \/>\n\u2022 Par\u00e1grafos: Recuo de 1,25 cm no in\u00edcio de cada par\u00e1grafo.<br \/>\nb) Estrutura do Texto Argumentativo<br \/>\n<strong>1. Introdu\u00e7\u00e3o:<\/strong><br \/>\no Apresentar o tema \u201cEmpatia no Ensino de Sa\u00fade e Humaniza\u00e7\u00e3o no<br \/>\nAtendimento\u201d de maneira clara e objetiva.<br \/>\no Expor a import\u00e2ncia da empatia e da humaniza\u00e7\u00e3o como um princ\u00edpio essencial<br \/>\nna pr\u00e1tica de sa\u00fade.<br \/>\n<strong>2. Desenvolvimento:<\/strong><br \/>\no Argumento 1: Explique como o ensino da empatia nos cursos da \u00e1rea da sa\u00fade<br \/>\npode contribuir para um atendimento mais humanizado e eficiente.<br \/>\no Argumento 2: Aborde os benef\u00edcios para os pacientes, como maior ades\u00e3o ao<br \/>\ntratamento, conforto emocional e confian\u00e7a no profissional.<br \/>\no Argumento 3: Discuta os desafios da implementa\u00e7\u00e3o de pr\u00e1ticas humanizadas no<br \/>\natendimento, como a sobrecarga de trabalho, a falta de capacita\u00e7\u00e3o e de tempo<br \/>\ndos profissionais de sa\u00fade.<br \/>\n<strong>3. Conclus\u00e3o:<\/strong><br \/>\no Retome os principais pontos discutidos e reforce a import\u00e2ncia da empatia e da<br \/>\nP\u00fablico5<br \/>\nhumaniza\u00e7\u00e3o como parte fundamental da forma\u00e7\u00e3o e atua\u00e7\u00e3o dos profissionais<br \/>\nde sa\u00fade.<br \/>\no Finalize com uma reflex\u00e3o sobre o impacto que a empatia e a humaniza\u00e7\u00e3o t\u00eam<br \/>\nna qualidade do atendimento e nos resultados cl\u00ednicos.<br \/>\nc) Refer\u00eancias<br \/>\n\u2022 Seguir o padr\u00e3o ABNT NBR 6023 para refer\u00eancias bibliogr\u00e1ficas, se houver cita\u00e7\u00e3o de<br \/>\nfontes no texto.<br \/>\nExemplo de formato de refer\u00eancia:<br \/>\nSOBRENOME, Nome. T\u00edtulo do Livro. Edi\u00e7\u00e3o. Local: Editora, ano.<br \/>\nCom essas orienta\u00e7\u00f5es, o texto deve ser entregue de forma organizada, clara e dentro das<br \/>\nnormas exigidas pela ABNT.<\/p>\n<hr \/>\n<p><strong>Normas para elabora\u00e7\u00e3o e entrega da atividade pr\u00e1tica<\/strong><br \/>\nOl\u00e1, estudante. Tudo bem?<br \/>\nAs atividades pr\u00e1ticas visam desenvolver compet\u00eancias para a atua\u00e7\u00e3o profissional. Elas s\u00e3o<br \/>\nimportantes para que voc\u00ea vivencie situa\u00e7\u00f5es que te preparar\u00e3o para o mercado de trabalho. Por<br \/>\nisso, trazemos informa\u00e7\u00f5es para que voc\u00ea possa realizar as atividades propostas com \u00eaxito.<br \/>\n1. A(s) atividades a ser(em) realizada(s) est\u00e3o descritas nesse Roteiro de Atividade<br \/>\nPr\u00e1tica.<br \/>\n2. Ap\u00f3s a leitura do Roteiro, voc\u00ea dever\u00e1 realizar a(s) atividade(s) pr\u00e1tica(s) solicitadas e<br \/>\nelaborar um documento \u00daNICO contendo todas as resolu\u00e7\u00f5es de acordo com a<br \/>\nproposta estabelecida.<br \/>\n3. O trabalho deve ser aut\u00eantico e contemplar todas as resolu\u00e7\u00f5es das atividades<br \/>\npropostas. N\u00e3o ser\u00e3o aceitos trabalhos com reprodu\u00e7\u00e3o de materiais extra\u00eddos da<br \/>\ninternet.<br \/>\n4. Voc\u00ea dever\u00e1 postar seu trabalho final no AVA, na pasta espec\u00edfica relacionada \u00e0<br \/>\natividade pr\u00e1tica, obedecendo o prazo limite de postagem, conforme disposto no AVA.<br \/>\n5. Todas as resolu\u00e7\u00f5es das atividades pr\u00e1ticas devem ser entregues em um ARQUIVO<br \/>\n\u00daNICO.<br \/>\n6. O trabalho deve ser enviado em formato Word , exceto nos casos em que h\u00e1 formato<br \/>\nespecificado no Roteiro.<br \/>\n7. O sistema permite anexar apenas um arquivo.<br \/>\nP\u00fablico6<br \/>\n<strong>IMPORTANTE:<\/strong><br \/>\nA entrega da atividade, de acordo com a proposta solicitada, \u00e9 um crit\u00e9rio de aprova\u00e7\u00e3o na<br \/>\ndisciplina.<br \/>\nAproveite essa oportunidade para aprofundar ainda mais seus conhecimentos.<br \/>\nBons estudos!<\/p>\n<div class=\"elementor-toggle-item\">\n<p id=\"elementor-tab-title-1941\" class=\"elementor-tab-title elementor-active\" tabindex=\"0\" role=\"tab\" data-tab=\"1\" aria-controls=\"elementor-tab-content-1941\" aria-expanded=\"true\" aria-selected=\"true\"><strong>Como funciona?<\/strong><\/p>\n<p>Elaboramos os portf\u00f3lios, j\u00e1 deixamos prontos, nas normas da ABNT e conforme os requisitos da universidade. F\u00e1cil assim! O MELHOR \u00c9 QUE VOC\u00ca COMPRA E J\u00c1 BAIXA NA HORA O SEU ARQUIVO EM WORD! Sabemos que conciliar trabalho, fam\u00edlia, vida profissional e estudos \u00e9 dif\u00edcil hoje em dia, por isso, estamos aqui para ajudar voc\u00ea. Conte com nossa qualidade, experi\u00eancia e profissionalismo adquirindo seu portf\u00f3lio conosco. GARANTIMOS SEU CONCEITO!<\/p>\n<p><strong>Como se realizam os envios?<\/strong><\/p>\n<\/div>\n<p id=\"elementor-tab-content-1942\" class=\"elementor-tab-content elementor-clearfix elementor-active\" role=\"tabpanel\" data-tab=\"2\" aria-labelledby=\"elementor-tab-title-1942\">O seu trabalho \u00e9 disponibilizado pronto, respondido e nas normas j\u00e1 na mesma hora aqui em nosso site na sua \u00e1rea de downloads e tamb\u00e9m no seu e-mail.<\/p>\n<p><strong>Em quanto tempo recebo o portf\u00f3lio?<\/strong><\/p>\n<p>Os envios s\u00e3o imediatos. Ap\u00f3s sua compra, o trabalho j\u00e1 \u00e9 disponibilizado instantaneamente aqui em nosso site e no seu e-mail.<\/p>\n<p><strong>E se o portf\u00f3lio que comprei precisar de corre\u00e7\u00e3o?<\/strong><\/p>\n<p>Caso haja alguma solicita\u00e7\u00e3o de corre\u00e7\u00e3o\/altera\u00e7\u00e3o por parte do tutor, basta entrar em contato conosco pelo\u00a0WhatsApp\u00a0que provid\u00eanciaremos sem custo algum.<\/p>\n<p><strong>Qual o formato do arquivo?<\/strong><\/p>\n<p>Os arquivos s\u00e3o enviados em formato Word e s\u00e3o edit\u00e1veis.<\/p>\n<p><strong>Caso eu tiver alguma d\u00favida, terei suporte no p\u00f3s venda?<\/strong><\/p>\n<p>Sim, com certeza. Basta clicar no \u00edcone do WhatsApp no cantinho da tela. Ser\u00e1 um prazer atend\u00ea-lo(a).<\/p>\n<div id=\"elementor-tab-content-1948\" class=\"elementor-tab-content elementor-clearfix elementor-active\" role=\"tabpanel\" data-tab=\"8\" aria-labelledby=\"elementor-tab-title-1948\">\n<p><strong>Quais os seus canais de contato?<\/strong><\/p>\n<\/div>\n<div id=\"elementor-tab-content-1949\" class=\"elementor-tab-content elementor-clearfix elementor-active\" role=\"tabpanel\" data-tab=\"9\" aria-labelledby=\"elementor-tab-title-1949\">\n<p>Whatsapp: 53 984751621 \u2013 Clicar no canto da tela ou ESCANEIE O QRCODE ABAIXO<\/p>\n<h4><img decoding=\"async\" class=\"alignnone wp-image-13699 jetpack-lazy-image jetpack-lazy-image--handled\" src=\"https:\/\/i0.wp.com\/portifolioos-prontos.com\/wp-content\/uploads\/2023\/02\/whatsapp-business-projeto-de-extensao-300x300.jpeg?resize=144%2C144\" sizes=\"(max-width: 144px) 100vw, 144px\" srcset=\"https:\/\/i0.wp.com\/portifolioos-prontos.com\/wp-content\/uploads\/2023\/02\/whatsapp-business-projeto-de-extensao.jpeg?resize=300%2C301&amp;ssl=1 300w, https:\/\/i0.wp.com\/portifolioos-prontos.com\/wp-content\/uploads\/2023\/02\/whatsapp-business-projeto-de-extensao.jpeg?resize=150%2C150&amp;ssl=1 150w, https:\/\/i0.wp.com\/portifolioos-prontos.com\/wp-content\/uploads\/2023\/02\/whatsapp-business-projeto-de-extensao.jpeg?resize=370%2C372&amp;ssl=1 370w, https:\/\/i0.wp.com\/portifolioos-prontos.com\/wp-content\/uploads\/2023\/02\/whatsapp-business-projeto-de-extensao.jpeg?resize=100%2C100&amp;ssl=1 100w, https:\/\/i0.wp.com\/portifolioos-prontos.com\/wp-content\/uploads\/2023\/02\/whatsapp-business-projeto-de-extensao.jpeg?w=470&amp;ssl=1 470w\" alt=\"projeto de extens\u00e3o unopar\" width=\"144\" height=\"144\" data-lazy-loaded=\"1\" \/><\/h4>\n<\/div>\n<div class=\"elementor-toggle-item\">\n<div id=\"elementor-tab-content-1949\" class=\"elementor-tab-content elementor-clearfix elementor-active\" role=\"tabpanel\" data-tab=\"9\" aria-labelledby=\"elementor-tab-title-1949\">\n<p>E-mail:portifoliosp@gmail.com<\/p>\n<div id=\"attachment_143\" class=\"wp-caption alignnone\">\n<div id=\"attachment_143\" class=\"wp-caption alignnone\">\n<p id=\"caption-attachment-143\" class=\"wp-caption-text\"><a href=\"http:\/\/portfolio-pronto.com\/\">Portf\u00f3lio<\/a>\u00a0em Word, respondido, completo e j\u00e1 nas normas<\/p>\n<\/div>\n<\/div>\n<\/div>\n<\/div>\n","protected":false},"excerpt":{"rendered":"<div class=\"product-short-description\">\n<p><strong>Pague pelo PIX ou cart\u00e3o e fa\u00e7a o download agora mesmo.<\/strong><\/p>\n<\/div>\n<div class=\"sticky-add-to-cart-wrapper\">\n<div class=\"sticky-add-to-cart\">\n<p class=\"quantity buttons_added form-flat\"><img decoding=\"async\" class=\"lazyloaded smush-image-5 smush-image-3 smush-image-4 smush-detected-img smush-image-bigger-3\" src=\"https:\/\/d26lpennugtm8s.cloudfront.net\/assets\/common\/img\/logos\/payment\/visa@2x.png\" width=\"46\" height=\"29\" data-src=\"https:\/\/d26lpennugtm8s.cloudfront.net\/assets\/common\/img\/logos\/payment\/visa@2x.png\" \/><img decoding=\"async\" class=\"lazyloaded smush-image-6 smush-image-4 smush-image-5 smush-detected-img smush-image-bigger-4\" src=\"https:\/\/d26lpennugtm8s.cloudfront.net\/assets\/common\/img\/logos\/payment\/boleto@2x.png\" width=\"43\" height=\"27\" data-src=\"https:\/\/d26lpennugtm8s.cloudfront.net\/assets\/common\/img\/logos\/payment\/boleto@2x.png\" \/><img loading=\"lazy\" decoding=\"async\" class=\"lazyloaded smush-image-7 smush-image-5 smush-image-6 smush-detected-img smush-image-bigger-5\" src=\"https:\/\/d26lpennugtm8s.cloudfront.net\/assets\/common\/img\/logos\/payment\/mastercard@2x.png\" width=\"43\" height=\"27\" data-src=\"https:\/\/d26lpennugtm8s.cloudfront.net\/assets\/common\/img\/logos\/payment\/mastercard@2x.png\" \/><img loading=\"lazy\" decoding=\"async\" class=\"lazyloaded smush-image-8 smush-image-6 smush-image-7 smush-detected-img smush-image-bigger-6\" src=\"https:\/\/d26lpennugtm8s.cloudfront.net\/assets\/common\/img\/logos\/payment\/amex@2x.png\" width=\"43\" height=\"27\" data-src=\"https:\/\/d26lpennugtm8s.cloudfront.net\/assets\/common\/img\/logos\/payment\/amex@2x.png\" \/><img loading=\"lazy\" decoding=\"async\" class=\"lazyloaded smush-image-9 smush-image-7 smush-image-8 smush-detected-img smush-image-bigger-7\" src=\"https:\/\/d26lpennugtm8s.cloudfront.net\/assets\/common\/img\/logos\/payment\/diners@2x.png\" width=\"46\" height=\"29\" data-src=\"https:\/\/d26lpennugtm8s.cloudfront.net\/assets\/common\/img\/logos\/payment\/diners@2x.png\" \/><img loading=\"lazy\" decoding=\"async\" class=\"lazyloaded smush-image-10 smush-image-8 smush-image-9 alignnone smush-detected-img smush-image-bigger-8\" src=\"https:\/\/d26lpennugtm8s.cloudfront.net\/assets\/common\/img\/logos\/payment\/br\/elo@2x.png\" alt=\"portf\u00f3lio unopar anhanguera\" width=\"45\" height=\"28\" data-src=\"https:\/\/d26lpennugtm8s.cloudfront.net\/assets\/common\/img\/logos\/payment\/br\/elo@2x.png\" \/><img loading=\"lazy\" decoding=\"async\" class=\"lazyloaded smush-image-11 smush-image-9 smush-image-10 alignnone smush-detected-img smush-image-bigger-9\" src=\"https:\/\/d26lpennugtm8s.cloudfront.net\/assets\/common\/img\/logos\/payment\/br\/hipercard@2x.png\" alt=\"portf\u00f3lio unopar anhanguera\" width=\"44\" height=\"28\" data-src=\"https:\/\/d26lpennugtm8s.cloudfront.net\/assets\/common\/img\/logos\/payment\/br\/hipercard@2x.png\" \/><img loading=\"lazy\" decoding=\"async\" class=\"lazyloaded smush-image-12 smush-image-10 smush-image-11 alignnone smush-detected-img smush-image-bigger-10\" src=\"https:\/\/d26lpennugtm8s.cloudfront.net\/assets\/common\/img\/logos\/payment\/mercadopago@2x.png\" alt=\"portf\u00f3lio unopar anhanguera\" width=\"45\" height=\"28\" data-src=\"https:\/\/d26lpennugtm8s.cloudfront.net\/assets\/common\/img\/logos\/payment\/mercadopago@2x.png\" \/><\/p>\n<\/div>\n<\/div>\n","protected":false},"featured_media":44019,"template":"","meta":{"_seopress_robots_primary_cat":"none","_seopress_titles_title":"","_seopress_titles_desc":"","_seopress_robots_index":""},"product_cat":[37,68,67,121],"product_tag":[],"class_list":{"0":"post-44017","1":"product","2":"type-product","3":"status-publish","4":"has-post-thumbnail","6":"product_cat-enfermagem","7":"product_cat-podologia","8":"product_cat-radiologia","9":"product_cat-terapias-integrativas-e-complementares","11":"first","12":"instock","13":"downloadable","14":"virtual","15":"purchasable","16":"product-type-simple","17":"col-xs-6 col-sm-4","18":"col-mf-5","19":"un-5-cols"},"jetpack_sharing_enabled":true,"_links":{"self":[{"href":"https:\/\/portifolioos-prontos.com\/index.php\/wp-json\/wp\/v2\/product\/44017","targetHints":{"allow":["GET"]}}],"collection":[{"href":"https:\/\/portifolioos-prontos.com\/index.php\/wp-json\/wp\/v2\/product"}],"about":[{"href":"https:\/\/portifolioos-prontos.com\/index.php\/wp-json\/wp\/v2\/types\/product"}],"version-history":[{"count":3,"href":"https:\/\/portifolioos-prontos.com\/index.php\/wp-json\/wp\/v2\/product\/44017\/revisions"}],"predecessor-version":[{"id":49791,"href":"https:\/\/portifolioos-prontos.com\/index.php\/wp-json\/wp\/v2\/product\/44017\/revisions\/49791"}],"wp:featuredmedia":[{"embeddable":true,"href":"https:\/\/portifolioos-prontos.com\/index.php\/wp-json\/wp\/v2\/media\/44019"}],"wp:attachment":[{"href":"https:\/\/portifolioos-prontos.com\/index.php\/wp-json\/wp\/v2\/media?parent=44017"}],"wp:term":[{"taxonomy":"product_cat","embeddable":true,"href":"https:\/\/portifolioos-prontos.com\/index.php\/wp-json\/wp\/v2\/product_cat?post=44017"},{"taxonomy":"product_tag","embeddable":true,"href":"https:\/\/portifolioos-prontos.com\/index.php\/wp-json\/wp\/v2\/product_tag?post=44017"}],"curies":[{"name":"wp","href":"https:\/\/api.w.org\/{rel}","templated":true}]}}