{"id":44687,"date":"2025-09-01T18:24:14","date_gmt":"2025-09-01T21:24:14","guid":{"rendered":"https:\/\/portifolioos-prontos.com\/?post_type=product&#038;p=44687"},"modified":"2025-09-11T09:08:43","modified_gmt":"2025-09-11T12:08:43","slug":"relatorio-final-de-atividades-extensionista-projeto-de-extensao-iii","status":"publish","type":"product","link":"https:\/\/portifolioos-prontos.com\/index.php\/product\/relatorio-final-de-atividades-extensionista-projeto-de-extensao-iii\/","title":{"rendered":"Relat\u00f3rio Final de Atividades Extensionista &#8211; Projeto de Extens\u00e3o III"},"content":{"rendered":"<p data-start=\"150\" data-end=\"313\">Precisa entregar o <strong data-start=\"169\" data-end=\"217\">Relat\u00f3rio Final de Atividades Extensionistas<\/strong> do Projeto de Extens\u00e3o III da Unopar \/ Anhanguera, mas n\u00e3o sabe por onde come\u00e7ar? N\u00f3s temos a solu\u00e7\u00e3o ideal para voc\u00ea! N\u00e3o se preocupe em como elaborar o projeto de extens\u00e3o, n\u00f3s fazemos isso para voc\u00ea.<\/p>\n<p data-start=\"150\" data-end=\"313\"><span style=\"color: #ff0000;\"><strong>Selecione o seu\u00a0 curso, efetue a compra e receba o relat\u00f3rio final pronto de acordo com o seu curso e o programa proposto.<\/strong><\/span><\/p>\n<p data-start=\"315\" data-end=\"603\">Fornecemos relat\u00f3rios <strong data-start=\"337\" data-end=\"381\">100% prontos, completos e j\u00e1 preenchidos<\/strong>, seguindo as <strong data-start=\"409\" data-end=\"427\">normas da ABNT<\/strong> e atendendo aos requisitos acad\u00eamicos. \u00c9 praticidade, agilidade e qualidade em um s\u00f3 lugar, para que voc\u00ea n\u00e3o perca tempo e entregue um material bem estruturado e impec\u00e1vel.<\/p>\n<p data-start=\"605\" data-end=\"631\"><strong>O que voc\u00ea encontra:<\/strong><\/p>\n<ul data-start=\"632\" data-end=\"826\">\n<li data-start=\"632\" data-end=\"698\">\n<p data-start=\"634\" data-end=\"698\">\u2705 Relat\u00f3rio final de atividades extensionistas pronto para uso<\/p>\n<\/li>\n<li data-start=\"699\" data-end=\"745\">\n<p data-start=\"701\" data-end=\"745\">\u2705 Estrutura conforme exig\u00eancias acad\u00eamicas<\/p>\n<\/li>\n<li data-start=\"746\" data-end=\"789\">\n<p data-start=\"748\" data-end=\"789\">\u2705 Normas da ABNT aplicadas corretamente<\/p>\n<\/li>\n<li data-start=\"790\" data-end=\"826\">\n<p data-start=\"792\" data-end=\"826\">\u2705 Conte\u00fado completo e organizado<\/p>\n<\/li>\n<li>\u2705 Programa de Inova\u00e7\u00e3o e empreendedorismo<\/li>\n<li>\u2705 Programa de A\u00e7\u00e3o e Difus\u00e3o Cultural<\/li>\n<li>\u2705 Programa de Contexto \u00e0 Comunidade<\/li>\n<li>\u2705 Programa de Sustentabilidade<\/li>\n<\/ul>\n<p data-start=\"828\" data-end=\"882\">Garanta j\u00e1 o seu relat\u00f3rio e entregue com confian\u00e7a!<\/p>\n","protected":false},"excerpt":{"rendered":"<div><span style=\"color: #ff0000;\"><strong>Receba um Relat\u00f3rio Final de Atividades Extensionistas pronto, com um projeto totalmente desenvolvido para entrega.<\/strong><\/span><\/div>\n<div><\/div>\n<div><img decoding=\"async\" class=\"emoji\" role=\"img\" draggable=\"false\" src=\"https:\/\/s.w.org\/images\/core\/emoji\/16.0.1\/svg\/2705.svg\" alt=\"\u2705\" \/>Selecione o seu curso abaixo<\/div>\n<div><img decoding=\"async\" class=\"emoji\" role=\"img\" draggable=\"false\" src=\"https:\/\/s.w.org\/images\/core\/emoji\/16.0.1\/svg\/2705.svg\" alt=\"\u2705\" \/>Efetue a compra<\/div>\n<div><img decoding=\"async\" class=\"emoji\" role=\"img\" draggable=\"false\" src=\"https:\/\/s.w.org\/images\/core\/emoji\/16.0.1\/svg\/2705.svg\" alt=\"\u2705\" \/>Ap\u00f3s confirma\u00e7\u00e3o de pagamento, receba o relat\u00f3rio final pronto.<\/div>\n<div><\/div>\n<div class=\"product-short-description\"><strong>Pague pelo PIX ou cart\u00e3o e fa\u00e7a o download agora mesmo.<\/strong><\/div>\n<div class=\"sticky-add-to-cart-wrapper\">\n<div class=\"sticky-add-to-cart\">\n<p class=\"quantity buttons_added form-flat\"><img decoding=\"async\" class=\"lazyloaded smush-image-5 smush-image-3 smush-image-4 smush-detected-img smush-image-bigger-3\" src=\"https:\/\/d26lpennugtm8s.cloudfront.net\/assets\/common\/img\/logos\/payment\/visa@2x.png\" width=\"46\" height=\"29\" data-src=\"https:\/\/d26lpennugtm8s.cloudfront.net\/assets\/common\/img\/logos\/payment\/visa@2x.png\" \/><img decoding=\"async\" class=\"lazyloaded smush-image-6 smush-image-4 smush-image-5 smush-detected-img smush-image-bigger-4\" src=\"https:\/\/d26lpennugtm8s.cloudfront.net\/assets\/common\/img\/logos\/payment\/boleto@2x.png\" width=\"43\" height=\"27\" data-src=\"https:\/\/d26lpennugtm8s.cloudfront.net\/assets\/common\/img\/logos\/payment\/boleto@2x.png\" \/><img decoding=\"async\" class=\"lazyloaded smush-image-7 smush-image-5 smush-image-6 smush-detected-img smush-image-bigger-5\" src=\"https:\/\/d26lpennugtm8s.cloudfront.net\/assets\/common\/img\/logos\/payment\/mastercard@2x.png\" width=\"43\" height=\"27\" data-src=\"https:\/\/d26lpennugtm8s.cloudfront.net\/assets\/common\/img\/logos\/payment\/mastercard@2x.png\" \/><img loading=\"lazy\" decoding=\"async\" class=\"lazyloaded smush-image-8 smush-image-6 smush-image-7 smush-detected-img smush-image-bigger-6\" src=\"https:\/\/d26lpennugtm8s.cloudfront.net\/assets\/common\/img\/logos\/payment\/amex@2x.png\" width=\"43\" height=\"27\" data-src=\"https:\/\/d26lpennugtm8s.cloudfront.net\/assets\/common\/img\/logos\/payment\/amex@2x.png\" \/><img loading=\"lazy\" decoding=\"async\" class=\"lazyloaded smush-image-9 smush-image-7 smush-image-8 smush-detected-img smush-image-bigger-7\" src=\"https:\/\/d26lpennugtm8s.cloudfront.net\/assets\/common\/img\/logos\/payment\/diners@2x.png\" width=\"46\" height=\"29\" data-src=\"https:\/\/d26lpennugtm8s.cloudfront.net\/assets\/common\/img\/logos\/payment\/diners@2x.png\" \/><img loading=\"lazy\" decoding=\"async\" class=\"lazyloaded smush-image-10 smush-image-8 smush-image-9 alignnone smush-detected-img smush-image-bigger-8\" src=\"https:\/\/d26lpennugtm8s.cloudfront.net\/assets\/common\/img\/logos\/payment\/br\/elo@2x.png\" alt=\"portf\u00f3lio unopar anhanguera\" width=\"45\" height=\"28\" data-src=\"https:\/\/d26lpennugtm8s.cloudfront.net\/assets\/common\/img\/logos\/payment\/br\/elo@2x.png\" \/><img loading=\"lazy\" decoding=\"async\" class=\"lazyloaded smush-image-11 smush-image-9 smush-image-10 alignnone smush-detected-img smush-image-bigger-9\" src=\"https:\/\/d26lpennugtm8s.cloudfront.net\/assets\/common\/img\/logos\/payment\/br\/hipercard@2x.png\" alt=\"portf\u00f3lio unopar anhanguera\" width=\"44\" height=\"28\" data-src=\"https:\/\/d26lpennugtm8s.cloudfront.net\/assets\/common\/img\/logos\/payment\/br\/hipercard@2x.png\" \/><img loading=\"lazy\" decoding=\"async\" class=\"lazyloaded smush-image-12 smush-image-10 smush-image-11 alignnone smush-detected-img smush-image-bigger-10\" src=\"https:\/\/d26lpennugtm8s.cloudfront.net\/assets\/common\/img\/logos\/payment\/mercadopago@2x.png\" alt=\"portf\u00f3lio unopar anhanguera\" width=\"45\" height=\"28\" data-src=\"https:\/\/d26lpennugtm8s.cloudfront.net\/assets\/common\/img\/logos\/payment\/mercadopago@2x.png\" \/><img loading=\"lazy\" decoding=\"async\" class=\"alignnone ls-is-cached lazyloaded smush-detected-img smush-image-bigger-11\" src=\"https:\/\/futurium.com.br\/wp-content\/uploads\/2021\/06\/logo-pix-icone-512.png\" alt=\"portfolio pronto\" width=\"30\" height=\"30\" data-src=\"https:\/\/futurium.com.br\/wp-content\/uploads\/2021\/06\/logo-pix-icone-512.png\" \/><\/p>\n<\/div>\n<\/div>\n","protected":false},"featured_media":44406,"template":"","meta":{"_seopress_robots_primary_cat":"","_seopress_titles_title":"%%title%% Pronto Unopar Anhanguera","_seopress_titles_desc":"%%title%% Pronto Unopar e Anhanguera.","_seopress_robots_index":""},"product_cat":[15],"product_tag":[798,788,790,792,794,729,728],"class_list":{"0":"post-44687","1":"product","2":"type-product","3":"status-publish","4":"has-post-thumbnail","6":"product_cat-uncategorized","7":"product_tag-como-fazer-projeto-de-extensao","8":"product_tag-portfolio-projeto-de-extensao-i","9":"product_tag-portfolio-projeto-de-extensao-ii","10":"product_tag-portfolio-projeto-de-extensao-iii","11":"product_tag-portfolio-projeto-de-extensao-iv","12":"product_tag-projeto-de-extensao-anhanguera","13":"product_tag-projeto-de-extensao-unopar","15":"first","16":"instock","17":"shipping-taxable","18":"purchasable","19":"product-type-variable","20":"col-xs-6 col-sm-4","21":"col-mf-5","22":"un-5-cols"},"jetpack_sharing_enabled":true,"_links":{"self":[{"href":"https:\/\/portifolioos-prontos.com\/index.php\/wp-json\/wp\/v2\/product\/44687","targetHints":{"allow":["GET"]}}],"collection":[{"href":"https:\/\/portifolioos-prontos.com\/index.php\/wp-json\/wp\/v2\/product"}],"about":[{"href":"https:\/\/portifolioos-prontos.com\/index.php\/wp-json\/wp\/v2\/types\/product"}],"version-history":[{"count":1,"href":"https:\/\/portifolioos-prontos.com\/index.php\/wp-json\/wp\/v2\/product\/44687\/revisions"}],"predecessor-version":[{"id":44773,"href":"https:\/\/portifolioos-prontos.com\/index.php\/wp-json\/wp\/v2\/product\/44687\/revisions\/44773"}],"wp:featuredmedia":[{"embeddable":true,"href":"https:\/\/portifolioos-prontos.com\/index.php\/wp-json\/wp\/v2\/media\/44406"}],"wp:attachment":[{"href":"https:\/\/portifolioos-prontos.com\/index.php\/wp-json\/wp\/v2\/media?parent=44687"}],"wp:term":[{"taxonomy":"product_cat","embeddable":true,"href":"https:\/\/portifolioos-prontos.com\/index.php\/wp-json\/wp\/v2\/product_cat?post=44687"},{"taxonomy":"product_tag","embeddable":true,"href":"https:\/\/portifolioos-prontos.com\/index.php\/wp-json\/wp\/v2\/product_tag?post=44687"}],"curies":[{"name":"wp","href":"https:\/\/api.w.org\/{rel}","templated":true}]}}