{"id":45021,"date":"2025-09-08T11:39:05","date_gmt":"2025-09-08T14:39:05","guid":{"rendered":"https:\/\/portifolioos-prontos.com\/?post_type=product&#038;p=45021"},"modified":"2025-10-11T13:48:07","modified_gmt":"2025-10-11T16:48:07","slug":"aula-pratica-tecnicas-basicas-de-cozinha","status":"publish","type":"product","link":"https:\/\/portifolioos-prontos.com\/index.php\/product\/aula-pratica-tecnicas-basicas-de-cozinha\/","title":{"rendered":"Aula Pr\u00e1tica T\u00e9cnicas B\u00e1sicas de Cozinha"},"content":{"rendered":"<p><strong>Aula Pr\u00e1tica T\u00e9cnicas B\u00e1sicas de Cozinha<\/strong><\/p>\n<p><strong><span style=\"color: #ff0000;\">Voc\u00ea recebera a resolu\u00e7\u00e3o dos tr\u00eas roteiros abaixo:<\/span><\/strong><\/p>\n<p><strong>ROTEIRO DE AULA PR\u00c1TICA<\/strong><br \/>\n<strong>NOME DA DISCIPLINA: T\u00c9CNICAS B\u00c1SICAS DE COZINHA<\/strong><br \/>\n<strong>Unidade: 1 \u2013 PREPARO DE PROTE\u00cdNAS NA COZINHA PROFISSIONAL<\/strong><br \/>\nAula: 2 \u2013 T\u00e9cnica de preparo de carnes vermelhas e ovos<br \/>\nOBJETIVOS<br \/>\n\u2713 Aprender a t\u00e9cnica de grelhar;<br \/>\nSOLU\u00c7\u00c3O DIGITAL<br \/>\n\u2022 N\u00e3o se aplica<br \/>\nLINK SOLU\u00c7\u00c3O DIGITAL (EXCETO ALGETEC): N\u00e3o se aplica.<br \/>\nPROCEDIMENTO\/ATIVIDADE<br \/>\nATIVIDADE PROPOSTA:<br \/>\nPara a realiza\u00e7\u00e3o da aula pr\u00e1tica ser\u00e3o necess\u00e1rios os materiais abaixo:<br \/>\nPara a t\u00e9cnica de grelhar<br \/>\nCarne boniva para cortar e grelhar (fil\u00e9 mignon\/alcatra) 500 gramas<br \/>\nAzeite 50 ml<br \/>\nMolho de cogumelos Paris<br \/>\nCogumelos paris 100 gramas<br \/>\n\u00d3leo 15 ml<br \/>\nVinho branco seco 30 ml<br \/>\nAquecer uma frigideira e colocar \u00f3leo, acrescentar o cogumelos paris fresco, refogar<br \/>\nat\u00e9 dourar. Acrescentar o vinho branco seco e deixar reduzir. Acrescentar molho<br \/>\nbechamel, deixar ferver e acertar o sal. Servir imediatamente.<br \/>\nEquipamento de Prote\u00e7\u00e3o Individual: Jaleco branco ou D\u00f3lm\u00e3 branco. Touca descart\u00e1vel ou toque<br \/>\nblanche.<br \/>\n3<br \/>\nPROCEDIMENTOS PARA A REALIZA\u00c7\u00c3O DA ATIVIDADE:<br \/>\nReproduza a aula apresentada no v\u00eddeo acessando o link abaixo:<br \/>\nhttps:\/\/mdstrm.com\/embed\/642c8241a7ff6f08c67057d<a href=\"http:\/\/portfolio-pronto.com\">0<\/a><br \/>\nCHECKLIST:<br \/>\nApresente por meio de fotos de sua autoria:<br \/>\n&#8211; O preparo da carne grelhada;<br \/>\n&#8211; A montagem do prato de forma profissional;<br \/>\n&#8211; Descreva brevemente quais foram os pontos positivos e as dificuldades encontradas na realiza\u00e7\u00e3o<br \/>\ndessa atividade pr\u00e1tica.<br \/>\nRESULTADOS<br \/>\nO trabalho dever\u00e1 ser entregue em arquivo Word atendendo as etapas de produ\u00e7\u00e3o e utilizando os<br \/>\nrecursos solicitados no roteiro.<br \/>\n\u2022 O arquivo dever\u00e1 conter:<br \/>\n\u2022 Capa;<br \/>\n\u2022 Folha de rosto com os dados da disciplina e do aluno;<br \/>\n\u2022 Os resultados das atividades pr\u00e1ticas exigidas pelo roteiro;<br \/>\n\u2022 Refer\u00eancias bibliogr\u00e1ficas (quando houver).<br \/>\nRESULTADOS DE APRENDIZAGEM:<br \/>\nAplicar a t\u00e9cnica de grelhar e a montagem do prato de forma profissional<\/p>\n<p><strong>ROTEIRO DE AULA PR\u00c1TICA<\/strong><br \/>\n<strong>NOME DA DISCIPLINA: T\u00c9CNICAS B\u00c1SICAS DE COZINHA<\/strong><br \/>\n<strong>Unidade: 1 \u2013 PR\u00cdNCIPIOS B\u00c1SICOS DA COZINHA PROFISSIONAL<\/strong><br \/>\n<strong>Aula: 4 \u2013 Molhos e emuls\u00f5es<\/strong><br \/>\nOBJETIVOS<br \/>\n\u2713 Aprender a fazer um caldo de frango;<br \/>\n\u2713 Aprender a t\u00e9cnica de roux;<br \/>\n\u2713 Aprender a fazer o molho bechamel.<br \/>\nSOLU\u00c7\u00c3O DIGITAL<br \/>\n\u2022 N\u00e3o se aplica<br \/>\nLINK SOLU\u00c7\u00c3O DIGITAL (EXCETO ALGETEC): N\u00e3o se aplica.<br \/>\nPROCEDIMENTO\/ATIVIDADE<br \/>\nATIVIDADE PROPOSTA:<br \/>\nPara a realiza\u00e7\u00e3o da aula pr\u00e1tica ser\u00e3o necess\u00e1rios os materiais abaixo:<br \/>\nPara o Caldo de Frango<br \/>\nCoxinha da asa 500 gramas<br \/>\nMirepoix 400 gramas<br \/>\n\u00c1gua 1 litro<br \/>\nVelout\u00e9 de frango<br \/>\nPara o roux<br \/>\nFarinha de trigo 30 gramas<br \/>\nManteiga 30 gramas<br \/>\nCaldo de frango morno 500 ml<br \/>\nNuma panela, em fogo baixo, misturar a manteiga e a farinha de trigo. Colocar o caldo<br \/>\naos poucos para n\u00e3o empelotar. Cozinha por no m\u00ednimo 30 minutos.<br \/>\nBerre muniere<br \/>\nManteiga sem sal amolecida 30 gramas<br \/>\n3<br \/>\nFarinha de trigo 30 gramas<br \/>\nMisturar os ingredientes formando uma pasta. Ao utilizar coloque um pouco da pasta<br \/>\npara engrossar rapidamente molhos.<br \/>\nPara o Molho Bechamel<br \/>\nLeite 500ml<br \/>\nRoux (manteiga 30 gr com farinha 30 gramas) 60 gramas<br \/>\nSal q.b.<br \/>\nAquecer o leite. Pode-se temperar com cebola e louro. Numa panela, em fogo baixo,<br \/>\ncolocar a manteiga e a farinha e misturar. Colocar o leite aos poucos para n\u00e3o<br \/>\nempelotar. Cozinhar por no m\u00ednimo 30 minutos.<br \/>\nEquipamento de Prote\u00e7\u00e3o Individual: Jaleco branco ou D\u00f3lm\u00e3 branco. Touca descart\u00e1vel ou toque<br \/>\nblanche.<br \/>\nPROCEDIMENTOS PARA A REALIZA\u00c7\u00c3O DA ATIVIDADE:<br \/>\nReproduza a aula apresentada no v\u00eddeo acessando o link abaixo:<br \/>\nhttps:\/\/mdstrm.com\/embed\/642c8241a7ff6f08c67057d0<br \/>\nCHECKLIST:<br \/>\nApresente por meio de fotos de sua autoria:<br \/>\n&#8211; O preparo do roux;<br \/>\n&#8211; O preparo do caldo de frango;<br \/>\n&#8211; O preparo do molho bechamel;<br \/>\nRESULTADOS<br \/>\nO trabalho dever\u00e1 ser entregue em arquivo Word atendendo as etapas de produ\u00e7\u00e3o e utilizando os<br \/>\nrecursos solicitados no roteiro.<br \/>\n\u2022 O arquivo dever\u00e1 conter:<br \/>\n\u2022 Capa;<br \/>\n\u2022 Folha de rosto com os dados da disciplina e do aluno;<br \/>\n\u2022 Os resultados das atividades pr\u00e1ticas exigidas pelo roteiro;<br \/>\n\u2022 Refer\u00eancias bibliogr\u00e1ficas (quando houver).<br \/>\nRESULTADOS DE APRENDIZAGEM:<br \/>\nAplicar os conceitos de preparo do roux, do molho bechamel e do caldo de frango.<\/p>\n<p><strong>ROTEIRO DE AULA PR\u00c1TICA<\/strong><br \/>\n<strong>NOME DA DISCIPLINA: T\u00c9CNICAS B\u00c1SICAS DE COZINHA<\/strong><br \/>\n<strong>Unidade: 1 \u2013 PR\u00cdNCIPIOS B\u00c1SICOS DA COZINHA PROFISSIONAL<\/strong><br \/>\n<strong>Aula: 2 \u2013 Arom\u00e1ticos e legumes<\/strong><br \/>\nOBJETIVOS<br \/>\n\u2713 Aprender as t\u00e9cnicas de corte: julienne; brunoise e mirepoix;<br \/>\nSOLU\u00c7\u00c3O DIGITAL<br \/>\n\u2022 N\u00e3o se aplica<br \/>\nLINK SOLU\u00c7\u00c3O DIGITAL (EXCETO ALGETEC): N\u00e3o se aplica.<br \/>\nPROCEDIMENTO\/ATIVIDADE<br \/>\nATIVIDADE PROPOSTA:<br \/>\nRealize os cortes julienne; brunoise e mirepoix;<br \/>\nPara as t\u00e9cnicas de corte<br \/>\nCenoura 1 unidades<br \/>\nCebola 1 unidade<br \/>\nAlho por\u00f3 1 unidade<br \/>\nPara o Mirepoix<br \/>\nCenoura 100 gramas<br \/>\nSals\u00e3o 100 gramas<br \/>\nAlho por\u00f3 100 gramas<br \/>\nCebola 100 gramas<br \/>\nBouquet garni<br \/>\nAlecrim 1 ramo<br \/>\nLouro 1 folha<br \/>\nSalsinha 1 ramo<br \/>\nAlho por\u00f3 1 peda\u00e7o m\u00e9dio<br \/>\nBarbante q.b.<br \/>\n3<br \/>\nPROCEDIMENTOS PARA A REALIZA\u00c7\u00c3O DA ATIVIDADE:<br \/>\nReproduza a aula apresentada no v\u00eddeo acessando o link abaixo:<br \/>\nhttps:\/\/mdstrm.com\/embed\/642c8241a7ff6f08c67057d0<br \/>\nCHECKLIST:<br \/>\nApresente por meio de fotos de sua autoria:<br \/>\n&#8211; O preparo dos cortes dos vegetais;<br \/>\nRESULTADOS<br \/>\nO trabalho dever\u00e1 ser entregue em arquivo Word atendendo as etapas de produ\u00e7\u00e3o e utilizando os<br \/>\nrecursos solicitados no roteiro.<br \/>\n\u2022 O arquivo dever\u00e1 conter:<br \/>\n\u2022 Capa;<br \/>\n\u2022 Folha de rosto com os dados da disciplina e do aluno;<br \/>\n\u2022 Os resultados das atividades pr\u00e1ticas exigidas pelo roteiro;<br \/>\n\u2022 Refer\u00eancias bibliogr\u00e1ficas (quando houver).<br \/>\nRESULTADOS DE APRENDIZAGEM:<br \/>\nAplicar os conceitos de preparo dos cortes de vegtais.<\/p>\n<div class=\"elementor-toggle-item\">\n<p id=\"elementor-tab-title-1941\" class=\"elementor-tab-title elementor-active\" tabindex=\"0\" role=\"tab\" data-tab=\"1\" aria-controls=\"elementor-tab-content-1941\" aria-expanded=\"true\" aria-selected=\"true\"><strong>Como funciona?<\/strong><\/p>\n<p>Elaboramos os portf\u00f3lios, j\u00e1 deixamos prontos, nas normas da ABNT e conforme os requisitos da universidade. F\u00e1cil assim! O MELHOR \u00c9 QUE VOC\u00ca COMPRA E J\u00c1 BAIXA NA HORA O SEU ARQUIVO EM WORD! Sabemos que conciliar trabalho, fam\u00edlia, vida profissional e estudos \u00e9 dif\u00edcil hoje em dia, por isso, estamos aqui para ajudar voc\u00ea. Conte com nossa qualidade, experi\u00eancia e profissionalismo adquirindo seu portf\u00f3lio conosco. GARANTIMOS SEU CONCEITO!<\/p>\n<p><strong>Como se realizam os envios?<\/strong><\/p>\n<\/div>\n<p id=\"elementor-tab-content-1942\" class=\"elementor-tab-content elementor-clearfix elementor-active\" role=\"tabpanel\" data-tab=\"2\" aria-labelledby=\"elementor-tab-title-1942\">O seu trabalho \u00e9 disponibilizado pronto, respondido e nas normas j\u00e1 na mesma hora aqui em nosso site na sua \u00e1rea de downloads e tamb\u00e9m no seu e-mail.<\/p>\n<p><strong>Em quanto tempo recebo o portf\u00f3lio?<\/strong><\/p>\n<p>Os envios s\u00e3o imediatos. Ap\u00f3s sua compra, o trabalho j\u00e1 \u00e9 disponibilizado instantaneamente aqui em nosso site e no seu e-mail.<\/p>\n<p><strong>E se o portf\u00f3lio que comprei precisar de corre\u00e7\u00e3o?<\/strong><\/p>\n<p>Caso haja alguma solicita\u00e7\u00e3o de corre\u00e7\u00e3o\/altera\u00e7\u00e3o por parte do tutor, basta entrar em contato conosco pelo\u00a0WhatsApp\u00a0que provid\u00eanciaremos sem custo algum.<\/p>\n<p><strong>Qual o formato do arquivo?<\/strong><\/p>\n<p>Os arquivos s\u00e3o enviados em formato Word e s\u00e3o edit\u00e1veis.<\/p>\n<p><strong>Caso eu tiver alguma d\u00favida, terei suporte no p\u00f3s venda?<\/strong><\/p>\n<p>Sim, com certeza. Basta clicar no \u00edcone do WhatsApp no cantinho da tela. Ser\u00e1 um prazer atend\u00ea-lo(a).<\/p>\n<div id=\"elementor-tab-content-1948\" class=\"elementor-tab-content elementor-clearfix elementor-active\" role=\"tabpanel\" data-tab=\"8\" aria-labelledby=\"elementor-tab-title-1948\">\n<p><strong>Quais os seus canais de contato?<\/strong><\/p>\n<\/div>\n<div id=\"elementor-tab-content-1949\" class=\"elementor-tab-content elementor-clearfix elementor-active\" role=\"tabpanel\" data-tab=\"9\" aria-labelledby=\"elementor-tab-title-1949\">\n<p>Whatsapp: 53 984751621 \u2013 Clicar no canto da tela ou ESCANEIE O QRCODE ABAIXO<\/p>\n<h4><img decoding=\"async\" class=\"alignnone wp-image-13699 jetpack-lazy-image jetpack-lazy-image--handled\" src=\"https:\/\/i0.wp.com\/portifolioos-prontos.com\/wp-content\/uploads\/2023\/02\/whatsapp-business-projeto-de-extensao-300x300.jpeg?resize=144%2C144\" sizes=\"(max-width: 144px) 100vw, 144px\" srcset=\"https:\/\/i0.wp.com\/portifolioos-prontos.com\/wp-content\/uploads\/2023\/02\/whatsapp-business-projeto-de-extensao.jpeg?resize=300%2C301&amp;ssl=1 300w, https:\/\/i0.wp.com\/portifolioos-prontos.com\/wp-content\/uploads\/2023\/02\/whatsapp-business-projeto-de-extensao.jpeg?resize=150%2C150&amp;ssl=1 150w, https:\/\/i0.wp.com\/portifolioos-prontos.com\/wp-content\/uploads\/2023\/02\/whatsapp-business-projeto-de-extensao.jpeg?resize=370%2C372&amp;ssl=1 370w, https:\/\/i0.wp.com\/portifolioos-prontos.com\/wp-content\/uploads\/2023\/02\/whatsapp-business-projeto-de-extensao.jpeg?resize=100%2C100&amp;ssl=1 100w, https:\/\/i0.wp.com\/portifolioos-prontos.com\/wp-content\/uploads\/2023\/02\/whatsapp-business-projeto-de-extensao.jpeg?w=470&amp;ssl=1 470w\" alt=\"projeto de extens\u00e3o unopar\" width=\"144\" height=\"144\" data-lazy-loaded=\"1\" \/><\/h4>\n<\/div>\n<div class=\"elementor-toggle-item\">\n<div id=\"elementor-tab-content-1949\" class=\"elementor-tab-content elementor-clearfix elementor-active\" role=\"tabpanel\" data-tab=\"9\" aria-labelledby=\"elementor-tab-title-1949\">\n<p>E-mail:portifoliosp@gmail.com<\/p>\n<div id=\"attachment_143\" class=\"wp-caption alignnone\">\n<div id=\"attachment_143\" class=\"wp-caption alignnone\">\n<p id=\"caption-attachment-143\" class=\"wp-caption-text\"><a href=\"http:\/\/portfolio-pronto.com\/\">Portf\u00f3lio<\/a>\u00a0em Word, respondido, completo e j\u00e1 nas normas<\/p>\n<\/div>\n<\/div>\n<\/div>\n<\/div>\n","protected":false},"excerpt":{"rendered":"<div class=\"product-short-description\"><strong>Pague pelo PIX ou cart\u00e3o e fa\u00e7a o download agora mesmo.<\/strong><\/div>\n<div class=\"sticky-add-to-cart-wrapper\">\n<div class=\"sticky-add-to-cart\">\n<p class=\"quantity buttons_added form-flat\"><img decoding=\"async\" class=\"lazyloaded smush-image-5 smush-image-3 smush-image-4 smush-detected-img smush-image-bigger-3\" src=\"https:\/\/d26lpennugtm8s.cloudfront.net\/assets\/common\/img\/logos\/payment\/visa@2x.png\" width=\"46\" height=\"29\" data-src=\"https:\/\/d26lpennugtm8s.cloudfront.net\/assets\/common\/img\/logos\/payment\/visa@2x.png\" \/><img decoding=\"async\" class=\"lazyloaded smush-image-6 smush-image-4 smush-image-5 smush-detected-img smush-image-bigger-4\" src=\"https:\/\/d26lpennugtm8s.cloudfront.net\/assets\/common\/img\/logos\/payment\/boleto@2x.png\" width=\"43\" height=\"27\" data-src=\"https:\/\/d26lpennugtm8s.cloudfront.net\/assets\/common\/img\/logos\/payment\/boleto@2x.png\" \/><img loading=\"lazy\" decoding=\"async\" class=\"lazyloaded smush-image-7 smush-image-5 smush-image-6 smush-detected-img smush-image-bigger-5\" src=\"https:\/\/d26lpennugtm8s.cloudfront.net\/assets\/common\/img\/logos\/payment\/mastercard@2x.png\" width=\"43\" height=\"27\" data-src=\"https:\/\/d26lpennugtm8s.cloudfront.net\/assets\/common\/img\/logos\/payment\/mastercard@2x.png\" \/><img loading=\"lazy\" decoding=\"async\" class=\"lazyloaded smush-image-8 smush-image-6 smush-image-7 smush-detected-img smush-image-bigger-6\" src=\"https:\/\/d26lpennugtm8s.cloudfront.net\/assets\/common\/img\/logos\/payment\/amex@2x.png\" width=\"43\" height=\"27\" data-src=\"https:\/\/d26lpennugtm8s.cloudfront.net\/assets\/common\/img\/logos\/payment\/amex@2x.png\" \/><img loading=\"lazy\" decoding=\"async\" class=\"lazyloaded smush-image-9 smush-image-7 smush-image-8 smush-detected-img smush-image-bigger-7\" src=\"https:\/\/d26lpennugtm8s.cloudfront.net\/assets\/common\/img\/logos\/payment\/diners@2x.png\" width=\"46\" height=\"29\" data-src=\"https:\/\/d26lpennugtm8s.cloudfront.net\/assets\/common\/img\/logos\/payment\/diners@2x.png\" \/><img loading=\"lazy\" decoding=\"async\" class=\"lazyloaded smush-image-10 smush-image-8 smush-image-9 alignnone smush-detected-img smush-image-bigger-8\" src=\"https:\/\/d26lpennugtm8s.cloudfront.net\/assets\/common\/img\/logos\/payment\/br\/elo@2x.png\" alt=\"portf\u00f3lio unopar anhanguera\" width=\"45\" height=\"28\" data-src=\"https:\/\/d26lpennugtm8s.cloudfront.net\/assets\/common\/img\/logos\/payment\/br\/elo@2x.png\" \/><img loading=\"lazy\" decoding=\"async\" class=\"lazyloaded smush-image-11 smush-image-9 smush-image-10 alignnone smush-detected-img smush-image-bigger-9\" src=\"https:\/\/d26lpennugtm8s.cloudfront.net\/assets\/common\/img\/logos\/payment\/br\/hipercard@2x.png\" alt=\"portf\u00f3lio unopar anhanguera\" width=\"44\" height=\"28\" data-src=\"https:\/\/d26lpennugtm8s.cloudfront.net\/assets\/common\/img\/logos\/payment\/br\/hipercard@2x.png\" \/><img loading=\"lazy\" decoding=\"async\" class=\"lazyloaded smush-image-12 smush-image-10 smush-image-11 alignnone smush-detected-img smush-image-bigger-10\" src=\"https:\/\/d26lpennugtm8s.cloudfront.net\/assets\/common\/img\/logos\/payment\/mercadopago@2x.png\" alt=\"portf\u00f3lio unopar anhanguera\" width=\"45\" height=\"28\" data-src=\"https:\/\/d26lpennugtm8s.cloudfront.net\/assets\/common\/img\/logos\/payment\/mercadopago@2x.png\" \/><img loading=\"lazy\" decoding=\"async\" class=\"alignnone ls-is-cached lazyloaded smush-detected-img smush-image-bigger-11\" src=\"https:\/\/futurium.com.br\/wp-content\/uploads\/2021\/06\/logo-pix-icone-512.png\" alt=\"portfolio pronto\" width=\"30\" height=\"30\" data-src=\"https:\/\/futurium.com.br\/wp-content\/uploads\/2021\/06\/logo-pix-icone-512.png\" \/><\/p>\n<\/div>\n<\/div>\n","protected":false},"featured_media":45024,"template":"","meta":{"_seopress_robots_primary_cat":"","_seopress_titles_title":"","_seopress_titles_desc":"","_seopress_robots_index":""},"product_cat":[65],"product_tag":[],"class_list":{"0":"post-45021","1":"product","2":"type-product","3":"status-publish","4":"has-post-thumbnail","6":"product_cat-gastronomia","8":"first","9":"instock","10":"downloadable","11":"virtual","12":"purchasable","13":"product-type-simple","14":"col-xs-6 col-sm-4","15":"col-mf-5","16":"un-5-cols"},"jetpack_sharing_enabled":true,"_links":{"self":[{"href":"https:\/\/portifolioos-prontos.com\/index.php\/wp-json\/wp\/v2\/product\/45021","targetHints":{"allow":["GET"]}}],"collection":[{"href":"https:\/\/portifolioos-prontos.com\/index.php\/wp-json\/wp\/v2\/product"}],"about":[{"href":"https:\/\/portifolioos-prontos.com\/index.php\/wp-json\/wp\/v2\/types\/product"}],"version-history":[{"count":3,"href":"https:\/\/portifolioos-prontos.com\/index.php\/wp-json\/wp\/v2\/product\/45021\/revisions"}],"predecessor-version":[{"id":45029,"href":"https:\/\/portifolioos-prontos.com\/index.php\/wp-json\/wp\/v2\/product\/45021\/revisions\/45029"}],"wp:featuredmedia":[{"embeddable":true,"href":"https:\/\/portifolioos-prontos.com\/index.php\/wp-json\/wp\/v2\/media\/45024"}],"wp:attachment":[{"href":"https:\/\/portifolioos-prontos.com\/index.php\/wp-json\/wp\/v2\/media?parent=45021"}],"wp:term":[{"taxonomy":"product_cat","embeddable":true,"href":"https:\/\/portifolioos-prontos.com\/index.php\/wp-json\/wp\/v2\/product_cat?post=45021"},{"taxonomy":"product_tag","embeddable":true,"href":"https:\/\/portifolioos-prontos.com\/index.php\/wp-json\/wp\/v2\/product_tag?post=45021"}],"curies":[{"name":"wp","href":"https:\/\/api.w.org\/{rel}","templated":true}]}}