{"id":45118,"date":"2025-09-09T19:37:26","date_gmt":"2025-09-09T22:37:26","guid":{"rendered":"https:\/\/portifolioos-prontos.com\/?post_type=product&#038;p=45118"},"modified":"2025-09-09T19:37:26","modified_gmt":"2025-09-09T22:37:26","slug":"aula-pratica-linguagem-de-programacao-visualizacao-de-dados-em-phyton","status":"publish","type":"product","link":"https:\/\/portifolioos-prontos.com\/index.php\/product\/aula-pratica-linguagem-de-programacao-visualizacao-de-dados-em-phyton\/","title":{"rendered":"Aula Pr\u00e1tica Linguagem de programa\u00e7\u00e3o &#8211; Visualiza\u00e7\u00e3o de dados em phyton"},"content":{"rendered":"<p><strong>Aula Pr\u00e1tica Linguagem de programa\u00e7\u00e3o<\/strong><\/p>\n<hr \/>\n<p><strong>ROTEIRO DE AULA PR\u00c1TICA<\/strong><br \/>\n<strong>NOME DA DISCIPLINA: LINGUAGEM DE PROGRAMA\u00c7\u00c3O<\/strong><br \/>\n<strong>Unidade: 3 \u2013 INTRODU\u00c7\u00c3O \u00c0 AN\u00c1LISE DE DADOS COM PYTHON<\/strong><br \/>\n<strong>Aula: 4 \u2013 VISUALIZA\u00c7\u00c3O DE DADOS EM PYTHON<\/strong><\/p>\n<hr \/>\n<p>OBJETIVOS<br \/>\n\u2713 Compreender como utilizar Python para analisar dados;<br \/>\n\u2713 Utilizar t\u00e9cnicas de tratamento de dados e extra\u00e7\u00e3o de informa\u00e7\u00f5es;<br \/>\nSOLU\u00c7\u00c3O DIGITAL<br \/>\n\u2022 Google Colab<br \/>\nLINK SOLU\u00c7\u00c3O DIGITAL (EXCETO ALGETEC): https:\/\/colab.google\/<br \/>\nO Google Colab, ou Colaboratory, \u00e9 uma plataforma gratuita baseada na nuvem oferecida pelo<br \/>\nGoogle. Ela fornece um ambiente de notebook interativo e colaborativo que permite a cria\u00e7\u00e3o e<br \/>\nexecu\u00e7\u00e3o de c\u00f3digo diretamente no navegador, sem a necessidade de configurar ou instalar<br \/>\nqualquer software no seu computador.<br \/>\nPROCEDIMENTO\/ATIVIDADE<br \/>\nATIVIDADE PROPOSTA:<br \/>\nVoc\u00ea trabalha em uma empresa de varejo e precisa analisar os dados de vendas do \u00faltimo ano<br \/>\npara identificar padr\u00f5es e insights para melhorar o desempenho. Os dados est\u00e3o armazenados<br \/>\nem um banco de dados SQLite, e voc\u00ea utilizar\u00e1 a biblioteca Pandas para manipular e analisar<br \/>\nesses dados, al\u00e9m de gerar visualiza\u00e7\u00f5es utilizando Matplotlib e Seaborn.<br \/>\nPasso 1: Conectar ao banco de dados SQLite e criar uma tabela<br \/>\n\u2022 Primeiro, voc\u00ea precisa estabelecer uma conex\u00e3o com o banco de dados SQLite e carregar<br \/>\nos dados relevantes para an\u00e1lise.<br \/>\nimport sqlite3<br \/>\n# Passo 1.1: Conectar ao banco de dados (ou criar, se n\u00e3o existir)<br \/>\nconexao = sqlite3.connect(&#8216;dados_vendas.db&#8217;)<br \/>\n# Passo 1.2: Criar um cursor<br \/>\n3<br \/>\ncursor = conexao.cursor()<br \/>\n# Passo 1.3: Criar uma tabela (se n\u00e3o existir)<br \/>\ncursor.execute(&#8221;&#8217;<br \/>\nCREATE TABLE vendas1 (<br \/>\nid_venda INTEGER PRIMARY KEY AUTOINCREMENT,<br \/>\ndata_venda DATE,<br \/>\nproduto TEXT,<br \/>\ncategoria TEXT,<br \/>\nvalor_venda REAL<br \/>\n)<br \/>\n&#8221;&#8217;)<br \/>\n# Passo 1.4: Inserir alguns dados<br \/>\ncursor.execute(&#8221;&#8217;<br \/>\nINSERT INTO vendas1 (data_venda, produto, categoria, valor_venda) VALUES<br \/>\n(&#8216;2023-01-01&#8217;, &#8216;Produto A&#8217;, &#8216;Eletr\u00f4nicos&#8217;, 1500.00),<br \/>\n(&#8216;2023-01-05&#8217;, &#8216;Produto B&#8217;, &#8216;Roupas&#8217;, 350.00),<br \/>\n(&#8216;2023-02-10&#8217;, &#8216;Produto C&#8217;, &#8216;Eletr\u00f4nicos&#8217;, 1200.00),<br \/>\n(&#8216;2023-03-15&#8217;, &#8216;Produto D&#8217;, &#8216;Livros&#8217;, 200.00),<br \/>\n(&#8216;2023-03-20&#8217;, &#8216;Produto E&#8217;, &#8216;Eletr\u00f4nicos&#8217;, 800.00),<br \/>\n(&#8216;2023-04-02&#8217;, &#8216;Produto F&#8217;, &#8216;Roupas&#8217;, 400.00),<br \/>\n(&#8216;2023-05-05&#8217;, &#8216;Produto G&#8217;, &#8216;Livros&#8217;, 150.00),<br \/>\n(&#8216;2023-06-10&#8217;, &#8216;Produto H&#8217;, &#8216;Eletr\u00f4nicos&#8217;, 1000.00),<br \/>\n(&#8216;2023-07-20&#8217;, &#8216;Produto I&#8217;, &#8216;Roupas&#8217;, 600.00),<br \/>\n(&#8216;2023-08-25&#8217;, &#8216;Produto J&#8217;, &#8216;Eletr\u00f4nicos&#8217;, 700.00),<br \/>\n(&#8216;2023-09-30&#8217;, &#8216;Produto K&#8217;, &#8216;Livros&#8217;, 300.00),<br \/>\n(&#8216;2023-10-05&#8217;, &#8216;Produto L&#8217;, &#8216;Roupas&#8217;, 450.00),<br \/>\n(&#8216;2023-11-15&#8217;, &#8216;Produto M&#8217;, &#8216;Eletr\u00f4nicos&#8217;, 900.00),<br \/>\n(&#8216;2023-12-20&#8217;, &#8216;Produto N&#8217;, &#8216;Livros&#8217;, 250.00);<br \/>\n&#8221;&#8217;)<br \/>\n# Passo 1.5: Confirmar as mudan\u00e7as<br \/>\nconexao.commit()<br \/>\nPasso 2: Explorar e preparar os dados<br \/>\n\u2022 Agora que os dados est\u00e3o carregados em um DataFrame do Pandas (df_vendas), voc\u00ea<br \/>\npode explor\u00e1-los e prepar\u00e1-los para an\u00e1lise.<br \/>\n4<br \/>\nPasso 3: An\u00e1lise dos dados<br \/>\n\u2022 Realize an\u00e1lises espec\u00edficas para extrair insights sobre as vendas.<br \/>\nPasso 4: Visualiza\u00e7\u00e3o dos dados<br \/>\n\u2022 Utilize Matplotlib e Seaborn para criar visualiza\u00e7\u00f5es que ajudem na interpreta\u00e7\u00e3o dos<br \/>\nresultados.<br \/>\nPasso 5: Conclus\u00e3o e an\u00e1lise de insights<br \/>\n\u2022 Finalize o exerc\u00edcio com uma breve an\u00e1lise dos insights obtidos e sugest\u00f5es para a<br \/>\nempresa com base nos dados analisados.<br \/>\nPROCEDIMENTOS PARA A REALIZA\u00c7\u00c3O DA ATIVIDADE:<br \/>\n\u2022 Acesse o Google Colab e crie um novo notebook.<br \/>\n\u2022 Implemente as funcionalidades solicitadas usando as instru\u00e7\u00f5es e dicas fornecidas.<br \/>\n\u2022 Teste o c\u00f3digo com diferentes entradas para garantir que ele est\u00e1 funcionando<br \/>\ncorretamente.<br \/>\n\u2022 Comente o c\u00f3digo para explicar cada parte da l\u00f3gica implementada.<br \/>\nCHECKLIST:<br \/>\n\u2022 Acessar o Google Colab e criar um novo notebook.<br \/>\n\u2022 Copiar e colar o c\u00f3digo inicial no notebook.<br \/>\n\u2022 Implementar as funcionalidades de adicionar notas, calcular m\u00e9dia, determinar situa\u00e7\u00e3o e<br \/>\nexibir relat\u00f3rio final.<br \/>\n\u2022 Testar o c\u00f3digo com diferentes entradas.<br \/>\n\u2022 Comentar o c\u00f3digo para explicar a l\u00f3gica implementada.<br \/>\n\u2022 Tire um print do c\u00f3digo executado pelo menos uma vez.<br \/>\nRESULTADOS<br \/>\nPara comprovar a realiza\u00e7\u00e3o da atividade, \u00e9 necessario entregar um relat\u00f3rio no formato .docx ou<br \/>\n.pdf, contendo:<br \/>\n\u2022 Tire um print do c\u00f3digo executado pelo menos uma vez.<br \/>\n\u2022 Escreva brevemente a l\u00f3gica utilizada para realizar a atividade<br \/>\nRESULTADOS DE APRENDIZAGEM:<br \/>\n5<br \/>\nEspera-se que o aluno seja capaz de produzir o c\u00f3digo em Python de forma que contemple as<br \/>\nl\u00f3gicas e conteudos abordados na unidade.<\/p>\n<div class=\"elementor-toggle-item\">\n<p><strong>Como se realizam os envios?<\/strong><\/p>\n<\/div>\n<p id=\"elementor-tab-content-1942\" class=\"elementor-tab-content elementor-clearfix elementor-active\" role=\"tabpanel\" data-tab=\"2\" aria-labelledby=\"elementor-tab-title-1942\">O seu trabalho \u00e9 disponibilizado pronto, respondido e nas normas j\u00e1 na mesma hora aqui em nosso site na sua \u00e1rea de downloads e tamb\u00e9m no seu e-mail.<\/p>\n<p><strong>Em quanto tempo recebo o portf\u00f3lio?<\/strong><\/p>\n<p>Os envios s\u00e3o imediatos. Ap\u00f3s sua compra, o trabalho j\u00e1 \u00e9 disponibilizado instantaneamente aqui em nosso site e no seu e-mail.<\/p>\n<p><strong>E se o portf\u00f3lio que comprei precisar de corre\u00e7\u00e3o?<\/strong><\/p>\n<p>Caso haja alguma solicita\u00e7\u00e3o de corre\u00e7\u00e3o\/altera\u00e7\u00e3o por parte do tutor, basta entrar em contato conosco pelo\u00a0WhatsApp\u00a0que provid\u00eanciaremos sem custo algum.<\/p>\n<p><strong>Qual o formato do arquivo?<\/strong><\/p>\n<p>Os arquivos s\u00e3o enviados em formato Word e s\u00e3o edit\u00e1veis.<\/p>\n<p><strong>Caso eu tiver alguma d\u00favida, terei suporte no p\u00f3s venda?<\/strong><\/p>\n<p>Sim, com certeza. Basta clicar no \u00edcone do WhatsApp no cantinho da tela. Ser\u00e1 um prazer atend\u00ea-lo(a).<\/p>\n<div id=\"elementor-tab-content-1948\" class=\"elementor-tab-content elementor-clearfix elementor-active\" role=\"tabpanel\" data-tab=\"8\" aria-labelledby=\"elementor-tab-title-1948\">\n<p><strong>Quais os seus canais de contato?<\/strong><\/p>\n<\/div>\n<div id=\"elementor-tab-content-1949\" class=\"elementor-tab-content elementor-clearfix elementor-active\" role=\"tabpanel\" data-tab=\"9\" aria-labelledby=\"elementor-tab-title-1949\">\n<p>Whatsapp: 53 984751621 \u2013 Clicar no canto da tela ou ESCANEIE O QRCODE ABAIXO<\/p>\n<h4><img decoding=\"async\" class=\"alignnone wp-image-13699 jetpack-lazy-image jetpack-lazy-image--handled\" src=\"https:\/\/i0.wp.com\/portifolioos-prontos.com\/wp-content\/uploads\/2023\/02\/whatsapp-business-projeto-de-extensao-300x300.jpeg?resize=144%2C144\" sizes=\"(max-width: 144px) 100vw, 144px\" srcset=\"https:\/\/i0.wp.com\/portifolioos-prontos.com\/wp-content\/uploads\/2023\/02\/whatsapp-business-projeto-de-extensao.jpeg?resize=300%2C301&amp;ssl=1 300w, https:\/\/i0.wp.com\/portifolioos-prontos.com\/wp-content\/uploads\/2023\/02\/whatsapp-business-projeto-de-extensao.jpeg?resize=150%2C150&amp;ssl=1 150w, https:\/\/i0.wp.com\/portifolioos-prontos.com\/wp-content\/uploads\/2023\/02\/whatsapp-business-projeto-de-extensao.jpeg?resize=370%2C372&amp;ssl=1 370w, https:\/\/i0.wp.com\/portifolioos-prontos.com\/wp-content\/uploads\/2023\/02\/whatsapp-business-projeto-de-extensao.jpeg?resize=100%2C100&amp;ssl=1 100w, https:\/\/i0.wp.com\/portifolioos-prontos.com\/wp-content\/uploads\/2023\/02\/whatsapp-business-projeto-de-extensao.jpeg?w=470&amp;ssl=1 470w\" alt=\"projeto de extens\u00e3o unopar\" width=\"144\" height=\"144\" data-lazy-loaded=\"1\" \/><\/h4>\n<\/div>\n<div class=\"elementor-toggle-item\">\n<div id=\"elementor-tab-content-1949\" class=\"elementor-tab-content elementor-clearfix elementor-active\" role=\"tabpanel\" data-tab=\"9\" aria-labelledby=\"elementor-tab-title-1949\">\n<p>E-mail:portifoliosp@gmail.com<\/p>\n<div id=\"attachment_143\" class=\"wp-caption alignnone\">\n<div id=\"attachment_143\" class=\"wp-caption alignnone\">\n<p id=\"caption-attachment-143\" class=\"wp-caption-text\"><a href=\"http:\/\/portfolio-pronto.com\/\">Portf\u00f3lio<\/a>\u00a0em Word, respondido, completo e j\u00e1 nas normas<\/p>\n<\/div>\n<\/div>\n<\/div>\n<\/div>\n","protected":false},"excerpt":{"rendered":"<div class=\"product-short-description\">\n<p><strong>Pague pelo PIX ou cart\u00e3o e fa\u00e7a o download agora mesmo.<\/strong><\/p>\n<\/div>\n<div class=\"sticky-add-to-cart-wrapper\">\n<div class=\"sticky-add-to-cart\">\n<p class=\"quantity buttons_added form-flat\"><img decoding=\"async\" class=\"lazyloaded smush-image-5 smush-image-3 smush-image-4 smush-detected-img smush-image-bigger-3\" src=\"https:\/\/d26lpennugtm8s.cloudfront.net\/assets\/common\/img\/logos\/payment\/visa@2x.png\" width=\"46\" height=\"29\" data-src=\"https:\/\/d26lpennugtm8s.cloudfront.net\/assets\/common\/img\/logos\/payment\/visa@2x.png\" \/><img decoding=\"async\" class=\"lazyloaded smush-image-6 smush-image-4 smush-image-5 smush-detected-img smush-image-bigger-4\" src=\"https:\/\/d26lpennugtm8s.cloudfront.net\/assets\/common\/img\/logos\/payment\/boleto@2x.png\" width=\"43\" height=\"27\" data-src=\"https:\/\/d26lpennugtm8s.cloudfront.net\/assets\/common\/img\/logos\/payment\/boleto@2x.png\" \/><img loading=\"lazy\" decoding=\"async\" class=\"lazyloaded smush-image-7 smush-image-5 smush-image-6 smush-detected-img smush-image-bigger-5\" src=\"https:\/\/d26lpennugtm8s.cloudfront.net\/assets\/common\/img\/logos\/payment\/mastercard@2x.png\" width=\"43\" height=\"27\" data-src=\"https:\/\/d26lpennugtm8s.cloudfront.net\/assets\/common\/img\/logos\/payment\/mastercard@2x.png\" \/><img loading=\"lazy\" decoding=\"async\" class=\"lazyloaded smush-image-8 smush-image-6 smush-image-7 smush-detected-img smush-image-bigger-6\" src=\"https:\/\/d26lpennugtm8s.cloudfront.net\/assets\/common\/img\/logos\/payment\/amex@2x.png\" width=\"43\" height=\"27\" data-src=\"https:\/\/d26lpennugtm8s.cloudfront.net\/assets\/common\/img\/logos\/payment\/amex@2x.png\" \/><img loading=\"lazy\" decoding=\"async\" class=\"lazyloaded smush-image-9 smush-image-7 smush-image-8 smush-detected-img smush-image-bigger-7\" src=\"https:\/\/d26lpennugtm8s.cloudfront.net\/assets\/common\/img\/logos\/payment\/diners@2x.png\" width=\"46\" height=\"29\" data-src=\"https:\/\/d26lpennugtm8s.cloudfront.net\/assets\/common\/img\/logos\/payment\/diners@2x.png\" \/><img loading=\"lazy\" decoding=\"async\" class=\"lazyloaded smush-image-10 smush-image-8 smush-image-9 alignnone smush-detected-img smush-image-bigger-8\" src=\"https:\/\/d26lpennugtm8s.cloudfront.net\/assets\/common\/img\/logos\/payment\/br\/elo@2x.png\" alt=\"portf\u00f3lio unopar anhanguera\" width=\"45\" height=\"28\" data-src=\"https:\/\/d26lpennugtm8s.cloudfront.net\/assets\/common\/img\/logos\/payment\/br\/elo@2x.png\" \/><img loading=\"lazy\" decoding=\"async\" class=\"lazyloaded smush-image-11 smush-image-9 smush-image-10 alignnone smush-detected-img smush-image-bigger-9\" src=\"https:\/\/d26lpennugtm8s.cloudfront.net\/assets\/common\/img\/logos\/payment\/br\/hipercard@2x.png\" alt=\"portf\u00f3lio unopar anhanguera\" width=\"44\" height=\"28\" data-src=\"https:\/\/d26lpennugtm8s.cloudfront.net\/assets\/common\/img\/logos\/payment\/br\/hipercard@2x.png\" \/><img loading=\"lazy\" decoding=\"async\" class=\"lazyloaded smush-image-12 smush-image-10 smush-image-11 alignnone smush-detected-img smush-image-bigger-10\" src=\"https:\/\/d26lpennugtm8s.cloudfront.net\/assets\/common\/img\/logos\/payment\/mercadopago@2x.png\" alt=\"portf\u00f3lio unopar anhanguera\" width=\"45\" height=\"28\" data-src=\"https:\/\/d26lpennugtm8s.cloudfront.net\/assets\/common\/img\/logos\/payment\/mercadopago@2x.png\" \/><img loading=\"lazy\" decoding=\"async\" class=\"alignnone ls-is-cached lazyloaded smush-detected-img smush-image-bigger-11\" src=\"https:\/\/futurium.com.br\/wp-content\/uploads\/2021\/06\/logo-pix-icone-512.png\" alt=\"portfolio pronto\" width=\"30\" height=\"30\" data-src=\"https:\/\/futurium.com.br\/wp-content\/uploads\/2021\/06\/logo-pix-icone-512.png\" \/><\/p>\n<\/div>\n<\/div>\n","protected":false},"featured_media":45111,"template":"","meta":{"_seopress_robots_primary_cat":"","_seopress_titles_title":"","_seopress_titles_desc":"","_seopress_robots_index":""},"product_cat":[15],"product_tag":[752,750,767],"class_list":{"0":"post-45118","1":"product","2":"type-product","3":"status-publish","4":"has-post-thumbnail","6":"product_cat-uncategorized","7":"product_tag-portfolio-de-aula-pratica-anhanguera","8":"product_tag-portfolio-de-aula-pratica-unopar","9":"product_tag-portfolio-de-aula-pratica-unopar-e-anhanguera","11":"first","12":"instock","13":"shipping-taxable","14":"purchasable","15":"product-type-simple","16":"col-xs-6 col-sm-4","17":"col-mf-5","18":"un-5-cols"},"jetpack_sharing_enabled":true,"_links":{"self":[{"href":"https:\/\/portifolioos-prontos.com\/index.php\/wp-json\/wp\/v2\/product\/45118","targetHints":{"allow":["GET"]}}],"collection":[{"href":"https:\/\/portifolioos-prontos.com\/index.php\/wp-json\/wp\/v2\/product"}],"about":[{"href":"https:\/\/portifolioos-prontos.com\/index.php\/wp-json\/wp\/v2\/types\/product"}],"version-history":[{"count":1,"href":"https:\/\/portifolioos-prontos.com\/index.php\/wp-json\/wp\/v2\/product\/45118\/revisions"}],"predecessor-version":[{"id":45119,"href":"https:\/\/portifolioos-prontos.com\/index.php\/wp-json\/wp\/v2\/product\/45118\/revisions\/45119"}],"wp:featuredmedia":[{"embeddable":true,"href":"https:\/\/portifolioos-prontos.com\/index.php\/wp-json\/wp\/v2\/media\/45111"}],"wp:attachment":[{"href":"https:\/\/portifolioos-prontos.com\/index.php\/wp-json\/wp\/v2\/media?parent=45118"}],"wp:term":[{"taxonomy":"product_cat","embeddable":true,"href":"https:\/\/portifolioos-prontos.com\/index.php\/wp-json\/wp\/v2\/product_cat?post=45118"},{"taxonomy":"product_tag","embeddable":true,"href":"https:\/\/portifolioos-prontos.com\/index.php\/wp-json\/wp\/v2\/product_tag?post=45118"}],"curies":[{"name":"wp","href":"https:\/\/api.w.org\/{rel}","templated":true}]}}