{"id":45148,"date":"2025-09-11T11:27:19","date_gmt":"2025-09-11T14:27:19","guid":{"rendered":"https:\/\/portifolioos-prontos.com\/?post_type=product&#038;p=45148"},"modified":"2026-03-04T09:22:02","modified_gmt":"2026-03-04T12:22:02","slug":"projeto-de-extensao-anhanguera-unopar-ampli","status":"publish","type":"product","link":"https:\/\/portifolioos-prontos.com\/index.php\/product\/projeto-de-extensao-anhanguera-unopar-ampli\/","title":{"rendered":"Projeto de Extens\u00e3o Anhanguera \/ Unopar \/ Ampli"},"content":{"rendered":"<p><span style=\"color: #000000;\"><strong>Portf\u00f3lio Projeto de Extens\u00e3o para Unopar \/ Anhanguera \/ Ampli<\/strong><\/span><\/p>\n<p data-start=\"150\" data-end=\"313\">Precisa entregar o <strong data-start=\"169\" data-end=\"217\">Relat\u00f3rio Final de Atividades Extensionistas<\/strong> do Projeto de Extens\u00e3o, mas n\u00e3o sabe por onde come\u00e7ar? N\u00f3s temos a solu\u00e7\u00e3o ideal para voc\u00ea!<\/p>\n<p data-start=\"150\" data-end=\"313\"><span style=\"color: #ff0000;\"><strong>Selecione o seu\u00a0 curso, efetue a compra e receba o relat\u00f3rio final pronto de acordo com o seu curso e o programa proposto.<\/strong><\/span><\/p>\n<p data-start=\"315\" data-end=\"603\">Fornecemos relat\u00f3rios <strong data-start=\"337\" data-end=\"381\">100% prontos, completos e j\u00e1 preenchidos<\/strong>, seguindo as <strong data-start=\"409\" data-end=\"427\">normas da ABNT<\/strong> e atendendo aos requisitos acad\u00eamicos. \u00c9 praticidade, agilidade e qualidade em um s\u00f3 lugar, para que voc\u00ea n\u00e3o perca tempo e entregue um material bem estruturado e impec\u00e1vel.<\/p>\n<p data-start=\"605\" data-end=\"631\"><strong>O que voc\u00ea encontra:<\/strong><\/p>\n<ul data-start=\"632\" data-end=\"826\">\n<li data-start=\"632\" data-end=\"698\">\n<p data-start=\"634\" data-end=\"698\">\u2705 Relat\u00f3rio final de atividades extensionistas pronto para uso<\/p>\n<\/li>\n<li data-start=\"699\" data-end=\"745\">\n<p data-start=\"701\" data-end=\"745\">\u2705 Estrutura conforme exig\u00eancias acad\u00eamicas<\/p>\n<\/li>\n<li data-start=\"746\" data-end=\"789\">\n<p data-start=\"748\" data-end=\"789\">\u2705 Normas da ABNT aplicadas corretamente<\/p>\n<\/li>\n<li data-start=\"790\" data-end=\"826\">\n<p data-start=\"792\" data-end=\"826\">\u2705 Conte\u00fado completo e organizado<\/p>\n<\/li>\n<li>\u2705 Programa de Inova\u00e7\u00e3o e empreendedorismo<\/li>\n<li>\u2705 Programa de A\u00e7\u00e3o e Difus\u00e3o Cultural<\/li>\n<li>\u2705 Programa de Contexto \u00e0 Comunidade<\/li>\n<li>\u2705 Programa de Sustentabilidade<\/li>\n<\/ul>\n<p data-start=\"828\" data-end=\"882\">Garanta j\u00e1 o seu relat\u00f3rio e entregue com confian\u00e7a!<\/p>\n","protected":false},"excerpt":{"rendered":"<div><span style=\"color: #ff0000;\"><strong>Receba o Relat\u00f3rio Final de Atividades Extensionistas j\u00e1 preenchido, com um projeto totalmente desenvolvido para entrega.<\/strong><\/span><\/div>\n<div>\n<ul>\n<li>Selecione o seu curso abaixo<\/li>\n<li>Efetue a compra<\/li>\n<li>Ap\u00f3s confirma\u00e7\u00e3o de pagamento, receba o relat\u00f3rio final pronto.<\/li>\n<\/ul>\n<\/div>\n<div class=\"product-short-description\"><strong>Pague pelo PIX ou cart\u00e3o e fa\u00e7a o download agora mesmo.<\/strong><\/div>\n<div class=\"sticky-add-to-cart-wrapper\">\n<div class=\"sticky-add-to-cart\">\n<p class=\"quantity buttons_added form-flat\"><img decoding=\"async\" class=\"lazyloaded smush-image-5 smush-image-3 smush-image-4 smush-detected-img smush-image-bigger-3\" src=\"https:\/\/d26lpennugtm8s.cloudfront.net\/assets\/common\/img\/logos\/payment\/visa@2x.png\" width=\"46\" height=\"29\" data-src=\"https:\/\/d26lpennugtm8s.cloudfront.net\/assets\/common\/img\/logos\/payment\/visa@2x.png\" \/><img decoding=\"async\" class=\"lazyloaded smush-image-6 smush-image-4 smush-image-5 smush-detected-img smush-image-bigger-4\" src=\"https:\/\/d26lpennugtm8s.cloudfront.net\/assets\/common\/img\/logos\/payment\/boleto@2x.png\" width=\"43\" height=\"27\" data-src=\"https:\/\/d26lpennugtm8s.cloudfront.net\/assets\/common\/img\/logos\/payment\/boleto@2x.png\" \/><img decoding=\"async\" class=\"lazyloaded smush-image-7 smush-image-5 smush-image-6 smush-detected-img smush-image-bigger-5\" src=\"https:\/\/d26lpennugtm8s.cloudfront.net\/assets\/common\/img\/logos\/payment\/mastercard@2x.png\" width=\"43\" height=\"27\" data-src=\"https:\/\/d26lpennugtm8s.cloudfront.net\/assets\/common\/img\/logos\/payment\/mastercard@2x.png\" \/><img loading=\"lazy\" decoding=\"async\" class=\"lazyloaded smush-image-8 smush-image-6 smush-image-7 smush-detected-img smush-image-bigger-6\" src=\"https:\/\/d26lpennugtm8s.cloudfront.net\/assets\/common\/img\/logos\/payment\/amex@2x.png\" width=\"43\" height=\"27\" data-src=\"https:\/\/d26lpennugtm8s.cloudfront.net\/assets\/common\/img\/logos\/payment\/amex@2x.png\" \/><img loading=\"lazy\" decoding=\"async\" class=\"lazyloaded smush-image-9 smush-image-7 smush-image-8 smush-detected-img smush-image-bigger-7\" src=\"https:\/\/d26lpennugtm8s.cloudfront.net\/assets\/common\/img\/logos\/payment\/diners@2x.png\" width=\"46\" height=\"29\" data-src=\"https:\/\/d26lpennugtm8s.cloudfront.net\/assets\/common\/img\/logos\/payment\/diners@2x.png\" \/><img loading=\"lazy\" decoding=\"async\" class=\"lazyloaded smush-image-10 smush-image-8 smush-image-9 alignnone smush-detected-img smush-image-bigger-8\" src=\"https:\/\/d26lpennugtm8s.cloudfront.net\/assets\/common\/img\/logos\/payment\/br\/elo@2x.png\" alt=\"portf\u00f3lio unopar anhanguera\" width=\"45\" height=\"28\" data-src=\"https:\/\/d26lpennugtm8s.cloudfront.net\/assets\/common\/img\/logos\/payment\/br\/elo@2x.png\" \/><img loading=\"lazy\" decoding=\"async\" class=\"lazyloaded smush-image-11 smush-image-9 smush-image-10 alignnone smush-detected-img smush-image-bigger-9\" src=\"https:\/\/d26lpennugtm8s.cloudfront.net\/assets\/common\/img\/logos\/payment\/br\/hipercard@2x.png\" alt=\"portf\u00f3lio unopar anhanguera\" width=\"44\" height=\"28\" data-src=\"https:\/\/d26lpennugtm8s.cloudfront.net\/assets\/common\/img\/logos\/payment\/br\/hipercard@2x.png\" \/><img loading=\"lazy\" decoding=\"async\" class=\"lazyloaded smush-image-12 smush-image-10 smush-image-11 alignnone smush-detected-img smush-image-bigger-10\" src=\"https:\/\/d26lpennugtm8s.cloudfront.net\/assets\/common\/img\/logos\/payment\/mercadopago@2x.png\" alt=\"portf\u00f3lio unopar anhanguera\" width=\"45\" height=\"28\" data-src=\"https:\/\/d26lpennugtm8s.cloudfront.net\/assets\/common\/img\/logos\/payment\/mercadopago@2x.png\" \/><\/p>\n<\/div>\n<\/div>\n","protected":false},"featured_media":45150,"template":"","meta":{"_seopress_robots_primary_cat":"none","_seopress_titles_title":"","_seopress_titles_desc":"","_seopress_robots_index":""},"product_cat":[802,766,803],"product_tag":[788,789],"class_list":{"0":"post-45148","1":"product","2":"type-product","3":"status-publish","4":"has-post-thumbnail","6":"product_cat-projeto-de-extensao-anhanguera","7":"product_cat-projeto-de-extensao-i-ii-iii-iv","8":"product_cat-projeto-de-extensao-unopar","9":"product_tag-portfolio-projeto-de-extensao-i","10":"product_tag-projeto-de-extensao-1","12":"first","13":"instock","14":"shipping-taxable","15":"purchasable","16":"product-type-variable","17":"col-xs-6 col-sm-4","18":"col-mf-5","19":"un-5-cols"},"jetpack_sharing_enabled":true,"_links":{"self":[{"href":"https:\/\/portifolioos-prontos.com\/index.php\/wp-json\/wp\/v2\/product\/45148","targetHints":{"allow":["GET"]}}],"collection":[{"href":"https:\/\/portifolioos-prontos.com\/index.php\/wp-json\/wp\/v2\/product"}],"about":[{"href":"https:\/\/portifolioos-prontos.com\/index.php\/wp-json\/wp\/v2\/types\/product"}],"version-history":[{"count":3,"href":"https:\/\/portifolioos-prontos.com\/index.php\/wp-json\/wp\/v2\/product\/45148\/revisions"}],"predecessor-version":[{"id":49993,"href":"https:\/\/portifolioos-prontos.com\/index.php\/wp-json\/wp\/v2\/product\/45148\/revisions\/49993"}],"wp:featuredmedia":[{"embeddable":true,"href":"https:\/\/portifolioos-prontos.com\/index.php\/wp-json\/wp\/v2\/media\/45150"}],"wp:attachment":[{"href":"https:\/\/portifolioos-prontos.com\/index.php\/wp-json\/wp\/v2\/media?parent=45148"}],"wp:term":[{"taxonomy":"product_cat","embeddable":true,"href":"https:\/\/portifolioos-prontos.com\/index.php\/wp-json\/wp\/v2\/product_cat?post=45148"},{"taxonomy":"product_tag","embeddable":true,"href":"https:\/\/portifolioos-prontos.com\/index.php\/wp-json\/wp\/v2\/product_tag?post=45148"}],"curies":[{"name":"wp","href":"https:\/\/api.w.org\/{rel}","templated":true}]}}