{"id":45289,"date":"2025-09-17T20:18:29","date_gmt":"2025-09-17T23:18:29","guid":{"rendered":"https:\/\/portifolioos-prontos.com\/?post_type=product&#038;p=45289"},"modified":"2025-10-10T22:43:16","modified_gmt":"2025-10-11T01:43:16","slug":"estagio-ii-geografia-anos-finais-do-ensino-fundamental","status":"publish","type":"product","link":"https:\/\/portifolioos-prontos.com\/index.php\/product\/estagio-ii-geografia-anos-finais-do-ensino-fundamental\/","title":{"rendered":"Est\u00e1gio II Geografia anos finais do ensino fundamental"},"content":{"rendered":"<div>EST\u00c1GIO CURRICULAR OBRIGAT\u00d3RIO II<\/div>\n<div>REG\u00caNCIA Anos Finais do Ensino Fundamental<\/div>\n<div><\/div>\n<div>Licenciatura em Geografia 150 horas<\/div>\n<div>\n<p>5\u00ba e 6\u00ba semestre<\/p>\n<hr \/>\n<div>PLANO DE TRABALHO DE EST\u00c1GIO LICENCIATURA EM GEOGRAFIA<\/div>\n<div><\/div>\n<\/div>\n<div>\n<div>CAMPOS DE EST\u00c1GIOS \/ INSTITUI\u00c7\u00d5ES AUTORIZADAS \u2013 VIG\u00caNCIA 2025\/2<\/div>\n<div><\/div>\n<div>CAMPO INSTITUI\u00c7\u00d5ES AUTORIZADAS<\/div>\n<div><\/div>\n<div>ANOS FINAIS DO<\/div>\n<div>ENSINO<\/div>\n<div>FUNDAMENTAL<\/div>\n<div><\/div>\n<div>Institui\u00e7\u00f5es que ofertem Ensino Fundamental (6o ao 9o ano): escola<\/div>\n<div>p\u00fablica ou privada; Col\u00e9gio SESI (Servi\u00e7o Social da Ind\u00fastria); SESC (Servi\u00e7o<\/div>\n<div>Social do Com\u00e9rcio); SENAC (Servi\u00e7o Nacional de Aprendizagem<\/div>\n<div>Comercial); SENAI (Servi\u00e7o Nacional de Aprendizagem Industrial); EJA<\/div>\n<div>(Educa\u00e7\u00e3o de Jovens e Adultos). A APAE n\u00e3o est\u00e1 autorizada.<\/div>\n<\/div>\n<div><\/div>\n<div>\n<div>PLANO DE TRABALHO: ENSINO FUNDAMENTAL (ANOS FINAIS)<\/div>\n<div>No quadro a seguir, h\u00e1 a descri\u00e7\u00e3o do Plano de Trabalho a ser realizado pelo estudante,<\/div>\n<div>conforme carga hor\u00e1ria total do respectivo est\u00e1gio especificado no quadro da p\u00e1gina 3.<\/div>\n<div><\/div>\n<div>\n<table>\n<thead>\n<tr>\n<th>N\u00ba<\/th>\n<th>Atividade<\/th>\n<th>Carga Hor\u00e1ria<\/th>\n<\/tr>\n<\/thead>\n<tbody>\n<tr>\n<td>\u2013<\/td>\n<td>Intera\u00e7\u00e3o com orientador do est\u00e1gio para informa\u00e7\u00f5es iniciais<\/td>\n<td>2h<\/td>\n<\/tr>\n<tr>\n<td>*1<\/td>\n<td>Visita \u00e0 escola com a carta de apresenta\u00e7\u00e3o<\/td>\n<td>2h<\/td>\n<\/tr>\n<tr>\n<td>2<\/td>\n<td>Leitura obrigat\u00f3ria e produ\u00e7\u00e3o de texto<\/td>\n<td>14h<\/td>\n<\/tr>\n<tr>\n<td>*3<\/td>\n<td>An\u00e1lise do Projeto Pol\u00edtico Pedag\u00f3gico (PPP) da escola e produ\u00e7\u00e3o de relato<\/td>\n<td>8h<\/td>\n<\/tr>\n<tr>\n<td>*4<\/td>\n<td>An\u00e1lise de materiais did\u00e1ticos da escola e produ\u00e7\u00e3o de relato<\/td>\n<td>8h<\/td>\n<\/tr>\n<tr>\n<td>*5<\/td>\n<td>Entrevista com o professor regente e produ\u00e7\u00e3o de relato<\/td>\n<td>4h<\/td>\n<\/tr>\n<tr>\n<td>*6<\/td>\n<td>Levantamento de materiais de apoio para os temas contempor\u00e2neos da BNCC (meio ambiente, economia, sa\u00fade, cidadania e civismo, multiculturalismo e ci\u00eancia e tecnologia) e elabora\u00e7\u00e3o de relato<\/td>\n<td>10h<\/td>\n<\/tr>\n<tr>\n<td>*7<\/td>\n<td>An\u00e1lise do processo de implementa\u00e7\u00e3o da BNCC e elabora\u00e7\u00e3o de relato<\/td>\n<td>10h<\/td>\n<\/tr>\n<tr>\n<td>*8<\/td>\n<td>An\u00e1lise dos instrumentos avaliativos utilizados pelo professor e elabora\u00e7\u00e3o de texto<\/td>\n<td>10h<\/td>\n<\/tr>\n<tr>\n<td>*9<\/td>\n<td>An\u00e1lise da atua\u00e7\u00e3o da equipe pedag\u00f3gica no acompanhamento da disciplina e elabora\u00e7\u00e3o de texto<\/td>\n<td>14h<\/td>\n<\/tr>\n<tr>\n<td>*10<\/td>\n<td>Observa\u00e7\u00e3o e participa\u00e7\u00e3o em aulas<\/td>\n<td>12h<\/td>\n<\/tr>\n<tr>\n<td>11<\/td>\n<td>Elabora\u00e7\u00e3o do relato das observa\u00e7\u00f5es<\/td>\n<td>8h<\/td>\n<\/tr>\n<tr>\n<td>12<\/td>\n<td>Elabora\u00e7\u00e3o de planos de aula (3 aulas \u2013 mesma s\u00e9rie\/turma)<\/td>\n<td>15h<\/td>\n<\/tr>\n<tr>\n<td>*13<\/td>\n<td>Apresenta\u00e7\u00e3o dos planos de aula para o professor regente e elabora\u00e7\u00e3o do relato<\/td>\n<td>6h<\/td>\n<\/tr>\n<tr>\n<td>*14<\/td>\n<td>Reg\u00eancia em turma observada<\/td>\n<td>3h<\/td>\n<\/tr>\n<tr>\n<td>15<\/td>\n<td>Relato da reg\u00eancia<\/td>\n<td>12h<\/td>\n<\/tr>\n<tr>\n<td>16<\/td>\n<td>Produ\u00e7\u00e3o do Relat\u00f3rio de Est\u00e1gio<\/td>\n<td>10h<\/td>\n<\/tr>\n<tr>\n<td>*17<\/td>\n<td>Valida\u00e7\u00e3o do Relat\u00f3rio de Est\u00e1gio<\/td>\n<td>2h<\/td>\n<\/tr>\n<\/tbody>\n<\/table>\n<\/div>\n<p>Est\u00e1gio II Geografia anos finais do ensino fundamental<\/p>\n<div class=\"elementor-toggle-item\">\n<p id=\"elementor-tab-title-1941\" class=\"elementor-tab-title elementor-active\" tabindex=\"0\" role=\"tab\" data-tab=\"1\" aria-controls=\"elementor-tab-content-1941\" aria-expanded=\"true\" aria-selected=\"true\"><strong>Como funciona?<\/strong><\/p>\n<p>Elaboramos os portf\u00f3lios, j\u00e1 deixamos prontos, nas normas da ABNT e conforme os requisitos da universidade. F\u00e1cil assim! O MELHOR \u00c9 QUE VOC\u00ca COMPRA E J\u00c1 BAIXA NA HORA O SEU ARQUIVO EM WORD! Sabemos que conciliar trabalho, fam\u00edlia, vida profissional e estudos \u00e9 dif\u00edcil hoje em dia, por isso, estamos aqui para ajudar voc\u00ea. Conte com nossa qualidade, experi\u00eancia e profissionalismo adquirindo seu portf\u00f3lio conosco. GARANTIMOS SEU CONCEITO!<\/p>\n<p><strong>Como se realizam os envios?<\/strong><\/p>\n<\/div>\n<p id=\"elementor-tab-content-1942\" class=\"elementor-tab-content elementor-clearfix elementor-active\" role=\"tabpanel\" data-tab=\"2\" aria-labelledby=\"elementor-tab-title-1942\">O seu trabalho \u00e9 disponibilizado pronto, respondido e nas normas j\u00e1 na mesma hora aqui em nosso site na sua \u00e1rea de downloads e tamb\u00e9m no seu e-mail.<\/p>\n<p><strong>Em quanto tempo recebo o portf\u00f3lio?<\/strong><\/p>\n<p>Os envios s\u00e3o imediatos. Ap\u00f3s sua compra, o trabalho j\u00e1 \u00e9 disponibilizado instantaneamente aqui em nosso site e no seu e-mail.<\/p>\n<p><strong>E se o portf\u00f3lio que comprei precisar de corre\u00e7\u00e3o?<\/strong><\/p>\n<p>Caso haja alguma solicita\u00e7\u00e3o de corre\u00e7\u00e3o\/altera\u00e7\u00e3o por parte do tutor, basta entrar em contato conosco pelo\u00a0WhatsApp\u00a0que provid\u00eanciaremos sem custo algum.<\/p>\n<p><strong>Qual o formato do arquivo?<\/strong><\/p>\n<p>Os arquivos s\u00e3o enviados em formato Word e s\u00e3o edit\u00e1veis.<\/p>\n<p><strong>Caso eu tiver alguma d\u00favida, terei suporte no p\u00f3s venda?<\/strong><\/p>\n<p>Sim, com certeza. Basta clicar no \u00edcone do WhatsApp no cantinho da tela. Ser\u00e1 um prazer atend\u00ea-lo(a).<\/p>\n<div id=\"elementor-tab-content-1948\" class=\"elementor-tab-content elementor-clearfix elementor-active\" role=\"tabpanel\" data-tab=\"8\" aria-labelledby=\"elementor-tab-title-1948\">\n<p><strong>Quais os seus canais de contato?<\/strong><\/p>\n<\/div>\n<div id=\"elementor-tab-content-1949\" class=\"elementor-tab-content elementor-clearfix elementor-active\" role=\"tabpanel\" data-tab=\"9\" aria-labelledby=\"elementor-tab-title-1949\">\n<p>Whatsapp: 53 984751621 \u2013 Clicar no canto da tela ou ESCANEIE O QRCODE ABAIXO<\/p>\n<h4><img decoding=\"async\" class=\"alignnone wp-image-13699 jetpack-lazy-image jetpack-lazy-image--handled\" src=\"https:\/\/i0.wp.com\/portifolioos-prontos.com\/wp-content\/uploads\/2023\/02\/whatsapp-business-projeto-de-extensao-300x300.jpeg?resize=144%2C144\" sizes=\"(max-width: 144px) 100vw, 144px\" srcset=\"https:\/\/i0.wp.com\/portifolioos-prontos.com\/wp-content\/uploads\/2023\/02\/whatsapp-business-projeto-de-extensao.jpeg?resize=300%2C301&amp;ssl=1 300w, https:\/\/i0.wp.com\/portifolioos-prontos.com\/wp-content\/uploads\/2023\/02\/whatsapp-business-projeto-de-extensao.jpeg?resize=150%2C150&amp;ssl=1 150w, https:\/\/i0.wp.com\/portifolioos-prontos.com\/wp-content\/uploads\/2023\/02\/whatsapp-business-projeto-de-extensao.jpeg?resize=370%2C372&amp;ssl=1 370w, https:\/\/i0.wp.com\/portifolioos-prontos.com\/wp-content\/uploads\/2023\/02\/whatsapp-business-projeto-de-extensao.jpeg?resize=100%2C100&amp;ssl=1 100w, https:\/\/i0.wp.com\/portifolioos-prontos.com\/wp-content\/uploads\/2023\/02\/whatsapp-business-projeto-de-extensao.jpeg?w=470&amp;ssl=1 470w\" alt=\"projeto de extens\u00e3o unopar\" width=\"144\" height=\"144\" data-lazy-loaded=\"1\" \/><\/h4>\n<\/div>\n<div class=\"elementor-toggle-item\">\n<div id=\"elementor-tab-content-1949\" class=\"elementor-tab-content elementor-clearfix elementor-active\" role=\"tabpanel\" data-tab=\"9\" aria-labelledby=\"elementor-tab-title-1949\">\n<p>E-mail:portifoliosp@gmail.com<\/p>\n<div id=\"attachment_143\" class=\"wp-caption alignnone\">\n<div id=\"attachment_143\" class=\"wp-caption alignnone\">\n<p id=\"caption-attachment-143\" class=\"wp-caption-text\"><a href=\"http:\/\/portfolio-pronto.com\/\">Portf\u00f3lio<\/a>\u00a0em Word, respondido, completo e j\u00e1 nas normas<\/p>\n<\/div>\n<\/div>\n<\/div>\n<\/div>\n<\/div>\n","protected":false},"excerpt":{"rendered":"<div class=\"product-short-description\"><strong>Pague pelo PIX ou cart\u00e3o e fa\u00e7a o download agora mesmo.<\/strong><\/div>\n<div class=\"sticky-add-to-cart-wrapper\">\n<div class=\"sticky-add-to-cart\">\n<p class=\"quantity buttons_added form-flat\"><img decoding=\"async\" class=\"lazyloaded smush-image-5 smush-image-3 smush-image-4 smush-detected-img smush-image-bigger-3\" src=\"https:\/\/d26lpennugtm8s.cloudfront.net\/assets\/common\/img\/logos\/payment\/visa@2x.png\" width=\"46\" height=\"29\" data-src=\"https:\/\/d26lpennugtm8s.cloudfront.net\/assets\/common\/img\/logos\/payment\/visa@2x.png\" \/><img decoding=\"async\" class=\"lazyloaded smush-image-6 smush-image-4 smush-image-5 smush-detected-img smush-image-bigger-4\" src=\"https:\/\/d26lpennugtm8s.cloudfront.net\/assets\/common\/img\/logos\/payment\/boleto@2x.png\" width=\"43\" height=\"27\" data-src=\"https:\/\/d26lpennugtm8s.cloudfront.net\/assets\/common\/img\/logos\/payment\/boleto@2x.png\" \/><img loading=\"lazy\" decoding=\"async\" class=\"lazyloaded smush-image-7 smush-image-5 smush-image-6 smush-detected-img smush-image-bigger-5\" src=\"https:\/\/d26lpennugtm8s.cloudfront.net\/assets\/common\/img\/logos\/payment\/mastercard@2x.png\" width=\"43\" height=\"27\" data-src=\"https:\/\/d26lpennugtm8s.cloudfront.net\/assets\/common\/img\/logos\/payment\/mastercard@2x.png\" \/><img loading=\"lazy\" decoding=\"async\" class=\"lazyloaded smush-image-8 smush-image-6 smush-image-7 smush-detected-img smush-image-bigger-6\" src=\"https:\/\/d26lpennugtm8s.cloudfront.net\/assets\/common\/img\/logos\/payment\/amex@2x.png\" width=\"43\" height=\"27\" data-src=\"https:\/\/d26lpennugtm8s.cloudfront.net\/assets\/common\/img\/logos\/payment\/amex@2x.png\" \/><img loading=\"lazy\" decoding=\"async\" class=\"lazyloaded smush-image-9 smush-image-7 smush-image-8 smush-detected-img smush-image-bigger-7\" src=\"https:\/\/d26lpennugtm8s.cloudfront.net\/assets\/common\/img\/logos\/payment\/diners@2x.png\" width=\"46\" height=\"29\" data-src=\"https:\/\/d26lpennugtm8s.cloudfront.net\/assets\/common\/img\/logos\/payment\/diners@2x.png\" \/><img loading=\"lazy\" decoding=\"async\" class=\"lazyloaded smush-image-10 smush-image-8 smush-image-9 alignnone smush-detected-img smush-image-bigger-8\" src=\"https:\/\/d26lpennugtm8s.cloudfront.net\/assets\/common\/img\/logos\/payment\/br\/elo@2x.png\" alt=\"portf\u00f3lio unopar anhanguera\" width=\"45\" height=\"28\" data-src=\"https:\/\/d26lpennugtm8s.cloudfront.net\/assets\/common\/img\/logos\/payment\/br\/elo@2x.png\" \/><img loading=\"lazy\" decoding=\"async\" class=\"lazyloaded smush-image-11 smush-image-9 smush-image-10 alignnone smush-detected-img smush-image-bigger-9\" src=\"https:\/\/d26lpennugtm8s.cloudfront.net\/assets\/common\/img\/logos\/payment\/br\/hipercard@2x.png\" alt=\"portf\u00f3lio unopar anhanguera\" width=\"44\" height=\"28\" data-src=\"https:\/\/d26lpennugtm8s.cloudfront.net\/assets\/common\/img\/logos\/payment\/br\/hipercard@2x.png\" \/><img loading=\"lazy\" decoding=\"async\" class=\"lazyloaded smush-image-12 smush-image-10 smush-image-11 alignnone smush-detected-img smush-image-bigger-10\" src=\"https:\/\/d26lpennugtm8s.cloudfront.net\/assets\/common\/img\/logos\/payment\/mercadopago@2x.png\" alt=\"portf\u00f3lio unopar anhanguera\" width=\"45\" height=\"28\" data-src=\"https:\/\/d26lpennugtm8s.cloudfront.net\/assets\/common\/img\/logos\/payment\/mercadopago@2x.png\" \/><img loading=\"lazy\" decoding=\"async\" class=\"alignnone ls-is-cached lazyloaded smush-detected-img smush-image-bigger-11\" src=\"https:\/\/futurium.com.br\/wp-content\/uploads\/2021\/06\/logo-pix-icone-512.png\" alt=\"portfolio pronto\" width=\"30\" height=\"30\" data-src=\"https:\/\/futurium.com.br\/wp-content\/uploads\/2021\/06\/logo-pix-icone-512.png\" \/><\/p>\n<\/div>\n<\/div>\n","protected":false},"featured_media":46050,"template":"","meta":{"_seopress_robots_primary_cat":"","_seopress_titles_title":"","_seopress_titles_desc":"","_seopress_robots_index":""},"product_cat":[61],"product_tag":[],"class_list":{"0":"post-45289","1":"product","2":"type-product","3":"status-publish","4":"has-post-thumbnail","6":"product_cat-geografia","8":"first","9":"instock","10":"shipping-taxable","11":"purchasable","12":"product-type-simple","13":"col-xs-6 col-sm-4","14":"col-mf-5","15":"un-5-cols"},"jetpack_sharing_enabled":true,"_links":{"self":[{"href":"https:\/\/portifolioos-prontos.com\/index.php\/wp-json\/wp\/v2\/product\/45289","targetHints":{"allow":["GET"]}}],"collection":[{"href":"https:\/\/portifolioos-prontos.com\/index.php\/wp-json\/wp\/v2\/product"}],"about":[{"href":"https:\/\/portifolioos-prontos.com\/index.php\/wp-json\/wp\/v2\/types\/product"}],"version-history":[{"count":1,"href":"https:\/\/portifolioos-prontos.com\/index.php\/wp-json\/wp\/v2\/product\/45289\/revisions"}],"predecessor-version":[{"id":45291,"href":"https:\/\/portifolioos-prontos.com\/index.php\/wp-json\/wp\/v2\/product\/45289\/revisions\/45291"}],"wp:featuredmedia":[{"embeddable":true,"href":"https:\/\/portifolioos-prontos.com\/index.php\/wp-json\/wp\/v2\/media\/46050"}],"wp:attachment":[{"href":"https:\/\/portifolioos-prontos.com\/index.php\/wp-json\/wp\/v2\/media?parent=45289"}],"wp:term":[{"taxonomy":"product_cat","embeddable":true,"href":"https:\/\/portifolioos-prontos.com\/index.php\/wp-json\/wp\/v2\/product_cat?post=45289"},{"taxonomy":"product_tag","embeddable":true,"href":"https:\/\/portifolioos-prontos.com\/index.php\/wp-json\/wp\/v2\/product_tag?post=45289"}],"curies":[{"name":"wp","href":"https:\/\/api.w.org\/{rel}","templated":true}]}}