{"id":45297,"date":"2025-09-17T20:41:37","date_gmt":"2025-09-17T23:41:37","guid":{"rendered":"https:\/\/portifolioos-prontos.com\/?post_type=product&#038;p=45297"},"modified":"2025-10-11T13:47:12","modified_gmt":"2025-10-11T16:47:12","slug":"estagio-iii-ingles-anos-finais-do-ensino-fundamental","status":"publish","type":"product","link":"https:\/\/portifolioos-prontos.com\/index.php\/product\/estagio-iii-ingles-anos-finais-do-ensino-fundamental\/","title":{"rendered":"Est\u00e1gio III Ingl\u00eas Anos finais do ensino fundamental"},"content":{"rendered":"<p>Est\u00e1gio III Ingl\u00eas Anos finais do ensino fundamental<\/p>\n<p>Licenciado em Letras \u2013 Ingl\u00eas 175 horas<\/p>\n<p>4\u00ba e 5\u00ba semestre<\/p>\n<hr \/>\n<p>CAMPO DE EST\u00c1GIO: CONTEXTUALIZA\u00c7\u00c3O DO AMBIENTE ESCOLAR<br \/>\nNo quadro a seguir, h\u00e1 a descri\u00e7\u00e3o do Plano de Trabalho a ser realizado pelo estudante,<br \/>\nconforme carga hor\u00e1ria total do respectivo est\u00e1gio especificado nos quadros das p\u00e1ginas 3 a 5.<br \/>\nPlano de Trabalho<br \/>\nAtividade 1: Intera\u00e7\u00e3o com orientador do est\u00e1gio. 100 h<br \/>\n*Atividade 2: Visita \u00e0 escola, com a carta de apresenta\u00e7\u00e3o. 4 h 2 h<br \/>\nAtividade 3: Leitura obrigat\u00f3ria e produ\u00e7\u00e3o\u00a0de\u00a0texto.<br \/>\n*Atividade 4: An\u00e1lise do Regimento Escolar com destaque para as atribui\u00e7\u00f5es do<br \/>\nCorpo Diretivo e elabora\u00e7\u00e3o de texto referente \u00e0 an\u00e1lise. 8 h 12\u00a0h<br \/>\n*Atividade 5: Entrevistas com a Equipe diretiva e Equipe Pedag\u00f3gica e elabora\u00e7\u00e3o de<br \/>\ntexto referente \u00e0s entrevistas. 12 h<br \/>\n*Atividade 6: Observa\u00e7\u00e3o da organiza\u00e7\u00e3o e supervis\u00e3o da escola e elabora\u00e7\u00e3o de<br \/>\ntexto 12 h<br \/>\n*Atividade 7: Observa\u00e7\u00e3o da estrutura escolar e elabora\u00e7\u00e3o de texto.<br \/>\nAtividade 8: Observa\u00e7\u00e3o em sala de aula e elabora\u00e7\u00e3o de texto. 12 h 10 h<br \/>\n*Atividade 9: Observa\u00e7\u00e3o da rotina da Equipe Pedag\u00f3gica e elabora\u00e7\u00e3o de texto.<br \/>\nAtividade 10: Produ\u00e7\u00e3o do Relat\u00f3rio do Est\u00e1gio. 12 h 14\u00a0h<br \/>\n*Atividade 11: Valida\u00e7\u00e3o do Relat\u00f3rio do Est\u00e1gio. 2 h<\/p>\n<p>Est\u00e1gio III Ingl\u00eas Anos finais do ensino fundamental<\/p>\n<p>ORIENTA\u00c7\u00d5ES PARA AS ATIVIDADES<br \/>\nA seguir, s\u00e3o apresentadas as orienta\u00e7\u00f5es das atividades previstas para os est\u00e1gios de<br \/>\nContextualiza\u00e7\u00e3o do Ambiente Escolar.<br \/>\nConfirme seu campo de est\u00e1gio nas p\u00e1ginas 3-5, de acordo com seu curso e semestre.<br \/>\nAtente-se \u00e0 carga hor\u00e1ria total do seu est\u00e1gio, conforme Plano de Trabalho apresentado na<br \/>\np\u00e1gina 6, para identificar as atividades e sua respectiva carga hor\u00e1ria.<br \/>\nTodas as atividades previstas no plano de est\u00e1gio devem ser descritas na ficha de<br \/>\nacompanhamento, com a respectiva carga hor\u00e1ria e o dia de realiza\u00e7\u00e3o.<br \/>\nAten\u00e7\u00e3o: o est\u00e1gio de Contextualiza\u00e7\u00e3o doe Ambiente Escolar n\u00e3o requer ficha de avalia\u00e7\u00e3o<br \/>\npor se tratar de um campo em que n\u00e3o ocorre a reg\u00eancia.<\/p>\n<p>Est\u00e1gio III Ingl\u00eas Anos finais do ensino fundamental<\/p>\n<div class=\"elementor-toggle-item\">\n<p id=\"elementor-tab-title-1941\" class=\"elementor-tab-title elementor-active\" tabindex=\"0\" role=\"tab\" data-tab=\"1\" aria-controls=\"elementor-tab-content-1941\" aria-expanded=\"true\" aria-selected=\"true\"><strong>Como funciona?<\/strong><\/p>\n<p>Elaboramos os portf\u00f3lios, j\u00e1 deixamos prontos, nas normas da ABNT e conforme os requisitos da universidade. F\u00e1cil assim! O MELHOR \u00c9 QUE VOC\u00ca COMPRA E J\u00c1 BAIXA NA HORA O SEU ARQUIVO EM WORD! Sabemos que conciliar trabalho, fam\u00edlia, vida profissional e estudos \u00e9 dif\u00edcil hoje em dia, por isso, estamos aqui para ajudar voc\u00ea. Conte com nossa qualidade, experi\u00eancia e profissionalismo adquirindo seu portf\u00f3lio conosco. GARANTIMOS SEU CONCEITO!<\/p>\n<p><strong>Como se realizam os envios?<\/strong><\/p>\n<\/div>\n<p id=\"elementor-tab-content-1942\" class=\"elementor-tab-content elementor-clearfix elementor-active\" role=\"tabpanel\" data-tab=\"2\" aria-labelledby=\"elementor-tab-title-1942\">O seu trabalho \u00e9 disponibilizado pronto, respondido e nas normas j\u00e1 na mesma hora aqui em nosso site na sua \u00e1rea de downloads e tamb\u00e9m no seu e-mail.<\/p>\n<p><strong>Em quanto tempo recebo o portf\u00f3lio?<\/strong><\/p>\n<p>Os envios s\u00e3o imediatos. Ap\u00f3s sua compra, o trabalho j\u00e1 \u00e9 disponibilizado instantaneamente aqui em nosso site e no seu e-mail.<\/p>\n<p><strong>E se o portf\u00f3lio que comprei precisar de corre\u00e7\u00e3o?<\/strong><\/p>\n<p>Caso haja alguma solicita\u00e7\u00e3o de corre\u00e7\u00e3o\/altera\u00e7\u00e3o por parte do tutor, basta entrar em contato conosco pelo\u00a0WhatsApp\u00a0que provid\u00eanciaremos sem custo algum.<\/p>\n<p><strong>Qual o formato do arquivo?<\/strong><\/p>\n<p>Os arquivos s\u00e3o enviados em formato Word e s\u00e3o edit\u00e1veis.<\/p>\n<p><strong>Caso eu tiver alguma d\u00favida, terei suporte no p\u00f3s venda?<\/strong><\/p>\n<p>Sim, com certeza. Basta clicar no \u00edcone do WhatsApp no cantinho da tela. Ser\u00e1 um prazer atend\u00ea-lo(a).<\/p>\n<div id=\"elementor-tab-content-1948\" class=\"elementor-tab-content elementor-clearfix elementor-active\" role=\"tabpanel\" data-tab=\"8\" aria-labelledby=\"elementor-tab-title-1948\">\n<p><strong>Quais os seus canais de contato?<\/strong><\/p>\n<\/div>\n<div id=\"elementor-tab-content-1949\" class=\"elementor-tab-content elementor-clearfix elementor-active\" role=\"tabpanel\" data-tab=\"9\" aria-labelledby=\"elementor-tab-title-1949\">\n<p>Whatsapp: 53 984751621 \u2013 Clicar no canto da tela ou ESCANEIE O QRCODE ABAIXO<\/p>\n<h4><img decoding=\"async\" class=\"alignnone wp-image-13699 jetpack-lazy-image jetpack-lazy-image--handled\" src=\"https:\/\/i0.wp.com\/portifolioos-prontos.com\/wp-content\/uploads\/2023\/02\/whatsapp-business-projeto-de-extensao-300x300.jpeg?resize=144%2C144\" sizes=\"(max-width: 144px) 100vw, 144px\" srcset=\"https:\/\/i0.wp.com\/portifolioos-prontos.com\/wp-content\/uploads\/2023\/02\/whatsapp-business-projeto-de-extensao.jpeg?resize=300%2C301&amp;ssl=1 300w, https:\/\/i0.wp.com\/portifolioos-prontos.com\/wp-content\/uploads\/2023\/02\/whatsapp-business-projeto-de-extensao.jpeg?resize=150%2C150&amp;ssl=1 150w, https:\/\/i0.wp.com\/portifolioos-prontos.com\/wp-content\/uploads\/2023\/02\/whatsapp-business-projeto-de-extensao.jpeg?resize=370%2C372&amp;ssl=1 370w, https:\/\/i0.wp.com\/portifolioos-prontos.com\/wp-content\/uploads\/2023\/02\/whatsapp-business-projeto-de-extensao.jpeg?resize=100%2C100&amp;ssl=1 100w, https:\/\/i0.wp.com\/portifolioos-prontos.com\/wp-content\/uploads\/2023\/02\/whatsapp-business-projeto-de-extensao.jpeg?w=470&amp;ssl=1 470w\" alt=\"projeto de extens\u00e3o unopar\" width=\"144\" height=\"144\" data-lazy-loaded=\"1\" \/><\/h4>\n<\/div>\n<div class=\"elementor-toggle-item\">\n<div id=\"elementor-tab-content-1949\" class=\"elementor-tab-content elementor-clearfix elementor-active\" role=\"tabpanel\" data-tab=\"9\" aria-labelledby=\"elementor-tab-title-1949\">\n<p>E-mail:portifoliosp@gmail.com<\/p>\n<div id=\"attachment_143\" class=\"wp-caption alignnone\">\n<div id=\"attachment_143\" class=\"wp-caption alignnone\">\n<p id=\"caption-attachment-143\" class=\"wp-caption-text\"><a href=\"http:\/\/portfolio-pronto.com\/\">Portf\u00f3lio<\/a>\u00a0em Word, respondido, completo e j\u00e1 nas normas<\/p>\n<\/div>\n<\/div>\n<\/div>\n<\/div>\n<div class=\"sharedaddy sd-sharing-enabled\"><\/div>\n","protected":false},"excerpt":{"rendered":"<div class=\"woocommerce-product-details__short-description\">\n<div class=\"product-short-description\">\n<p><strong>Pague pelo PIX ou cart\u00e3o e fa\u00e7a o download agora mesmo.<\/strong><\/p>\n<\/div>\n<div class=\"sticky-add-to-cart-wrapper\">\n<div class=\"sticky-add-to-cart\">\n<p class=\"quantity buttons_added form-flat\"><img decoding=\"async\" class=\"lazyloaded smush-image-5 smush-image-3 smush-image-4 smush-image-bigger-3 smush-detected-img smush-image-bigger-2\" src=\"https:\/\/d26lpennugtm8s.cloudfront.net\/assets\/common\/img\/logos\/payment\/visa@2x.png\" width=\"46\" height=\"29\" data-src=\"https:\/\/d26lpennugtm8s.cloudfront.net\/assets\/common\/img\/logos\/payment\/visa@2x.png\" \/><img decoding=\"async\" class=\"lazyloaded smush-image-6 smush-image-4 smush-image-5 smush-image-bigger-4 smush-detected-img smush-image-bigger-3\" src=\"https:\/\/d26lpennugtm8s.cloudfront.net\/assets\/common\/img\/logos\/payment\/boleto@2x.png\" width=\"43\" height=\"27\" data-src=\"https:\/\/d26lpennugtm8s.cloudfront.net\/assets\/common\/img\/logos\/payment\/boleto@2x.png\" \/><img loading=\"lazy\" decoding=\"async\" class=\"lazyloaded smush-image-7 smush-image-5 smush-image-6 smush-image-bigger-5 smush-detected-img smush-image-bigger-4\" src=\"https:\/\/d26lpennugtm8s.cloudfront.net\/assets\/common\/img\/logos\/payment\/mastercard@2x.png\" width=\"43\" height=\"27\" data-src=\"https:\/\/d26lpennugtm8s.cloudfront.net\/assets\/common\/img\/logos\/payment\/mastercard@2x.png\" \/><img loading=\"lazy\" decoding=\"async\" class=\"lazyloaded smush-image-8 smush-image-6 smush-image-7 smush-image-bigger-6 smush-detected-img smush-image-bigger-5\" src=\"https:\/\/d26lpennugtm8s.cloudfront.net\/assets\/common\/img\/logos\/payment\/amex@2x.png\" width=\"43\" height=\"27\" data-src=\"https:\/\/d26lpennugtm8s.cloudfront.net\/assets\/common\/img\/logos\/payment\/amex@2x.png\" \/><img loading=\"lazy\" decoding=\"async\" class=\"lazyloaded smush-image-9 smush-image-7 smush-image-8 smush-image-bigger-7 smush-detected-img smush-image-bigger-6\" src=\"https:\/\/d26lpennugtm8s.cloudfront.net\/assets\/common\/img\/logos\/payment\/diners@2x.png\" width=\"46\" height=\"29\" data-src=\"https:\/\/d26lpennugtm8s.cloudfront.net\/assets\/common\/img\/logos\/payment\/diners@2x.png\" \/><img loading=\"lazy\" decoding=\"async\" class=\"lazyloaded smush-image-10 smush-image-8 smush-image-9 alignnone smush-image-bigger-8 smush-detected-img smush-image-bigger-7\" src=\"https:\/\/d26lpennugtm8s.cloudfront.net\/assets\/common\/img\/logos\/payment\/br\/elo@2x.png\" alt=\"portf\u00f3lio unopar anhanguera\" width=\"45\" height=\"28\" data-src=\"https:\/\/d26lpennugtm8s.cloudfront.net\/assets\/common\/img\/logos\/payment\/br\/elo@2x.png\" \/><img loading=\"lazy\" decoding=\"async\" class=\"lazyloaded smush-image-11 smush-image-9 smush-image-10 alignnone smush-image-bigger-9 smush-detected-img smush-image-bigger-8\" src=\"https:\/\/d26lpennugtm8s.cloudfront.net\/assets\/common\/img\/logos\/payment\/br\/hipercard@2x.png\" alt=\"portf\u00f3lio unopar anhanguera\" width=\"44\" height=\"28\" data-src=\"https:\/\/d26lpennugtm8s.cloudfront.net\/assets\/common\/img\/logos\/payment\/br\/hipercard@2x.png\" \/><img loading=\"lazy\" decoding=\"async\" class=\"lazyloaded smush-image-12 smush-image-10 smush-image-11 alignnone smush-image-bigger-10 smush-detected-img smush-image-bigger-9\" src=\"https:\/\/d26lpennugtm8s.cloudfront.net\/assets\/common\/img\/logos\/payment\/mercadopago@2x.png\" alt=\"portf\u00f3lio unopar anhanguera\" width=\"45\" height=\"28\" data-src=\"https:\/\/d26lpennugtm8s.cloudfront.net\/assets\/common\/img\/logos\/payment\/mercadopago@2x.png\" \/><img loading=\"lazy\" decoding=\"async\" class=\"alignnone lazyloaded smush-image-bigger-11 smush-detected-img smush-image-bigger-10\" src=\"https:\/\/futurium.com.br\/wp-content\/uploads\/2021\/06\/logo-pix-icone-512.png\" alt=\"portfolio pronto\" width=\"30\" height=\"30\" data-src=\"https:\/\/futurium.com.br\/wp-content\/uploads\/2021\/06\/logo-pix-icone-512.png\" \/><\/p>\n<\/div>\n<\/div>\n<\/div>\n<form class=\"cart\" action=\"https:\/\/portifolioos-prontos.com\/index.php\/product\/aula-pratica-praticas-contabeis-aplicadas\/\" enctype=\"multipart\/form-data\" method=\"post\">\n<div class=\"quantity\"><\/div>\n<\/form>\n","protected":false},"featured_media":46052,"template":"","meta":{"_seopress_robots_primary_cat":"","_seopress_titles_title":"","_seopress_titles_desc":"","_seopress_robots_index":""},"product_cat":[219],"product_tag":[],"class_list":{"0":"post-45297","1":"product","2":"type-product","3":"status-publish","4":"has-post-thumbnail","6":"product_cat-ingles","8":"first","9":"instock","10":"downloadable","11":"virtual","12":"purchasable","13":"product-type-simple","14":"col-xs-6 col-sm-4","15":"col-mf-5","16":"un-5-cols"},"jetpack_sharing_enabled":true,"_links":{"self":[{"href":"https:\/\/portifolioos-prontos.com\/index.php\/wp-json\/wp\/v2\/product\/45297","targetHints":{"allow":["GET"]}}],"collection":[{"href":"https:\/\/portifolioos-prontos.com\/index.php\/wp-json\/wp\/v2\/product"}],"about":[{"href":"https:\/\/portifolioos-prontos.com\/index.php\/wp-json\/wp\/v2\/types\/product"}],"version-history":[{"count":1,"href":"https:\/\/portifolioos-prontos.com\/index.php\/wp-json\/wp\/v2\/product\/45297\/revisions"}],"predecessor-version":[{"id":45301,"href":"https:\/\/portifolioos-prontos.com\/index.php\/wp-json\/wp\/v2\/product\/45297\/revisions\/45301"}],"wp:featuredmedia":[{"embeddable":true,"href":"https:\/\/portifolioos-prontos.com\/index.php\/wp-json\/wp\/v2\/media\/46052"}],"wp:attachment":[{"href":"https:\/\/portifolioos-prontos.com\/index.php\/wp-json\/wp\/v2\/media?parent=45297"}],"wp:term":[{"taxonomy":"product_cat","embeddable":true,"href":"https:\/\/portifolioos-prontos.com\/index.php\/wp-json\/wp\/v2\/product_cat?post=45297"},{"taxonomy":"product_tag","embeddable":true,"href":"https:\/\/portifolioos-prontos.com\/index.php\/wp-json\/wp\/v2\/product_tag?post=45297"}],"curies":[{"name":"wp","href":"https:\/\/api.w.org\/{rel}","templated":true}]}}