{"id":45373,"date":"2025-09-22T14:55:18","date_gmt":"2025-09-22T17:55:18","guid":{"rendered":"https:\/\/portifolioos-prontos.com\/?post_type=product&#038;p=45373"},"modified":"2025-10-10T22:47:24","modified_gmt":"2025-10-11T01:47:24","slug":"aula-pratica-eletrotermofototerapia","status":"publish","type":"product","link":"https:\/\/portifolioos-prontos.com\/index.php\/product\/aula-pratica-eletrotermofototerapia\/","title":{"rendered":"Aula Pr\u00e1tica Eletrotermofototerapia"},"content":{"rendered":"<p><strong>Aula Pr\u00e1tica Eletrotermofototerapia<\/strong><\/p>\n<p>Roteiro<br \/>\nAula Pr\u00e1tica<br \/>\nROTEIRO DE AULA PR\u00c1TICA<br \/>\nELETROTERMOFOTOTERAPIA<br \/>\nUnidade: U4_Recursos Tecnol\u00f3gicos II<br \/>\nAula: A2_Fototerapia<br \/>\nOBJETIVOS<br \/>\nDefini\u00e7\u00e3o dos objetivos da aula pr\u00e1tica:<br \/>\nA proposta desta atividade pr\u00e1tica est\u00e1 amparada nos seguintes objetivos:<br \/>\n&#8211; Conhecer e praticar t\u00e9cnicas relacionadas \u00e0 eletrotermofototerapia.<br \/>\n&#8211; Associar a teoria com a aplica\u00e7\u00e3o na pr\u00e1tica cl\u00ednica.<br \/>\n&#8211; Conhecer a aplica\u00e7\u00e3o cl\u00ednica das t\u00e9cnicas propostas.<br \/>\nSOLU\u00c7\u00c3O DIGITAL:<br \/>\nLaborat\u00f3rio Virtual Algetec &#8211; simulador: \u201cFototerapia: LASER E LED\u201d.<br \/>\nO laborat\u00f3rio virtual \u00e9 uma plataforma para simula\u00e7\u00e3o de procedimentos em laborat\u00f3rio e deve<br \/>\nser acessado preferencialmente por computador.<br \/>\nPROCEDIMENTOS PR\u00c1TICOS E APLICA\u00c7\u00d5ES<br \/>\nProcedimento\/Atividade n\u00ba 1<br \/>\nFOTOTERAPIA: LASER E LED<br \/>\nAtividade proposta: Conhecer o funcionamento do aparelho de LASER\/LED , realizar a<br \/>\nsimula\u00e7\u00e3o da aplica\u00e7\u00e3o.<br \/>\nOl\u00e1, querido estudante! Seja bem-vindo \u00e0 nossa atividade pr\u00e1tica da disciplina<br \/>\nEletrotermofototerapia.<br \/>\nProcedimentos para a realiza\u00e7\u00e3o da atividade:<br \/>\nA aplica\u00e7\u00e3o de Laser e LED \u00e9 uma tecnologia avan\u00e7ada que vem se destacando por oferecer<br \/>\nbenef\u00edcios significativos em diversos tratamentos, como cicatriza\u00e7\u00e3o de fissuras, controle de<br \/>\nprocessos inflamat\u00f3rios, al\u00edvio de dores, tratamento de micose de unha (onicomicose) e<br \/>\nmelhora na circula\u00e7\u00e3o local. A alta precis\u00e3o dessa t\u00e9cnica permite atingir camadas espec\u00edficas<br \/>\nP\u00fablico3<br \/>\nda pele ou da l\u00e2mina ungueal, promovendo resultados eficazes e com menor risco de danos<br \/>\naos tecidos adjacentes.<br \/>\nPor serem procedimentos n\u00e3o invasivos, a recupera\u00e7\u00e3o \u00e9 mais r\u00e1pida e confort\u00e1vel para o<br \/>\npaciente, o que torna a fototerapia uma excelente aliada nos cuidados podol\u00f3gicos. Quando<br \/>\nusada com finalidade terap\u00eautica, deve ser considerada uma pr\u00e1tica complementar segura e<br \/>\neficaz.<br \/>\nCada tipo de luz possui propriedades espec\u00edficas:<br \/>\n\u2022 Luz azul: tem a\u00e7\u00e3o bactericida, antif\u00fangica e ajuda no controle da oleosidade, sendo<br \/>\neficaz no tratamento de infec\u00e7\u00f5es f\u00fangicas e bacterianas nos p\u00e9s.<br \/>\n\u2022 Luz \u00e2mbar: contribui para a redu\u00e7\u00e3o de edemas, melhora a circula\u00e7\u00e3o local e estimula a<br \/>\nprodu\u00e7\u00e3o de col\u00e1geno, o que favorece a regenera\u00e7\u00e3o tecidual.<br \/>\n\u2022 Luz vermelha: promove bioestimula\u00e7\u00e3o celular, reduz a inflama\u00e7\u00e3o e melhora o aspecto<br \/>\nda pele, auxiliando em processos de cicatriza\u00e7\u00e3o e al\u00edvio de dor.<br \/>\n\u2022 Luz infravermelha: possui forte a\u00e7\u00e3o analg\u00e9sica, anti-inflamat\u00f3ria e tamb\u00e9m estimula a<br \/>\nprodu\u00e7\u00e3o de col\u00e1geno e elastina, sendo \u00fatil em casos de dor cr\u00f4nica ou inflama\u00e7\u00e3o<br \/>\nintensa.<br \/>\nAgora que voc\u00ea j\u00e1 conhece os benef\u00edcios da fototerapia aplicada \u00e0 podologia, \u00e9 hora de coloc\u00e1la em pr\u00e1tica e proporcionar ainda mais qualidade nos atendimentos. Vamos nessa?<br \/>\n1) Neste procedimento voc\u00ea ir\u00e1 aplicar recursos como Laser e LED que promovem repara\u00e7\u00e3o<br \/>\nde tecidos, redu\u00e7\u00e3o da dor e inflama\u00e7\u00e3o local, entre outros.<br \/>\n2) Voc\u00ea utilizar\u00e1 o laborat\u00f3rio virtual ALGETEC:<br \/>\n3) Clique em: Eletrotermofototerapia<br \/>\n4) Cliqie em: Laser e LED<br \/>\n5) Materiais Necess\u00e1rios:<br \/>\n\u2022 Maca<br \/>\n\u2022 Carrinho auxiliar<br \/>\n\u2022 Aparelho Laser Pulse com Caneta<br \/>\n6) Clique em: Apresenta\u00e7\u00e3o. Neste momento voc\u00ea encontrar\u00e1 os objetivos desta atividade,<br \/>\ncapacidades atingidas, aplica\u00e7\u00e3o dos conceitos estudados, equipamentos de seguran\u00e7a<br \/>\nindividual a serem utilizados e caracter\u00edsticas do ambiente da pr\u00e1tica.<br \/>\n7) Clique em: Sum\u00e1rio Te\u00f3rico. Aqui encontrar\u00e1 toda a fundamenta\u00e7\u00e3o te\u00f3rica dessa pr\u00e1tica.<br \/>\n8) Procedimentos a serem realizados:<br \/>\n&#8211; Colocar os EPI\u2019s localizados no Arm\u00e1rio de EPIS: Acesse a c\u00e2mera \u201cArm\u00e1rio de EPIs\u201d e<br \/>\npara este procedimento ser\u00e1 necess\u00e1rio apenas a utiliza\u00e7\u00e3o do jaleco.<br \/>\n&#8211; Aplica\u00e7\u00e3o do Laser: Ligue o aparelho LaserPulse clicando no bot\u00e3o START, selecione o<br \/>\nmodo pulsado e ajuste a densidade energetica para 4J\/cm2 na configura\u00e7\u00e3o do aparelho.<br \/>\nInicie o procedimento pressionadno a caneta, mantenha por 4 minutos. Ap\u00f3s a aplica\u00e7\u00e3o do<br \/>\nlaser, desligue o equipamento apertando o bot\u00e3o STOP.<br \/>\nEsse passo a passo voc\u00ea tamb\u00e9m encontra clicando no Roteiro no laborat\u00f3rio ALGETEC e<br \/>\npara fixa\u00e7\u00e3o dos seus conhecimentos, realize tamb\u00e9m as atividades de pr\u00e9 e p\u00f3s teste.<br \/>\nAvaliando os resultados:<br \/>\nA paciente Francisca, 58 anos, sexo feminino, procurou atendimento podol\u00f3gico relatando<br \/>\ndor intensa nos calcanhares devido \u00e0 presen\u00e7a de fissuras profundas. Durante a anamnese,<br \/>\ninformou ser portadora de diabetes tipo 2, controlada com medica\u00e7\u00e3o, e com hist\u00f3rico de<br \/>\ncicatriza\u00e7\u00e3o lenta em les\u00f5es cut\u00e2neas. Relatou que os sintomas pioram nos per\u00edodos mais<br \/>\nfrios, quando os p\u00e9s ficam mais ressecados e sens\u00edveis, com epis\u00f3dios de sangramento ao<br \/>\ncaminhar.<br \/>\nNa avalia\u00e7\u00e3o cl\u00ednica, observou-se a presen\u00e7a de hiperqueratose acentuada nas regi\u00f5es<br \/>\ncalc\u00e2neas, fissuras com abertura significativa, pele ressecada e sens\u00edvel ao toque, al\u00e9m de<br \/>\ndor referida como grau 6 na escala EVA (Escala Visual Anal\u00f3gica). N\u00e3o foram identificados<br \/>\nsinais de infec\u00e7\u00e3o ativa, e a sensibilidade t\u00e1til estava preservada.<br \/>\nResponda \u00e0s seguintes quest\u00f5es:<br \/>\n1. Quais condi\u00e7\u00f5es cl\u00ednicas a paciente apresentava que poderiam influenciar na<br \/>\ncicatriza\u00e7\u00e3o das fissuras nos calcanhares?<br \/>\n2. Quais s\u00e3o os objetivos do tratamento proposto no caso e como o uso da fototerapia<br \/>\ncom LED pode contribuir para alcan\u00e7\u00e1-los?<br \/>\n3. Quais cuidados adicionais seriam importantes para a manuten\u00e7\u00e3o dos resultados no<br \/>\ntratamento de fissuras em pacientes diab\u00e9ticos?<br \/>\n4. Qual a import\u00e2ncia de associar o uso de fototerapia com LED a outras terapias, como<br \/>\no desbaste e a hidrata\u00e7\u00e3o, no tratamento de problemas podol\u00f3gicos?<br \/>\nChecklist:<br \/>\n\u2713 Acessar o Laborat\u00f3rio Virtual Algetec<br \/>\n\u2713 Fazer todos os passos indicados<br \/>\n\u2713 Ler o estudo de caso<br \/>\n\u2713 Responder \u00e0s quest\u00f5es do estudo de caso<\/p>\n<p>RESULTADOS<br \/>\nResultados do experimento:<br \/>\nAo final dessa aula pr\u00e1tica, voc\u00ea dever\u00e1 enviar um arquivo em word contendo as informa\u00e7\u00f5es<br \/>\nobtidas no experimento, os c\u00e1lculos realizados, em conjunto com um texto conclusivo a respeito<br \/>\ndas informa\u00e7\u00f5es obtidas. O arquivo n\u00e3o pode exceder o tamanho de 2Mb.<br \/>\n\u2022 Refer\u00eancias bibliogr\u00e1ficas ABNT (quando houver).<br \/>\nResultados de Aprendizagem:<br \/>\nAo final desta pr\u00e1tica, o aluno ser\u00e1 capaz de compreender o funcionamento e o manuseio correto<br \/>\ndo aparelho de LASER\/LED, incluindo a escolha dos diferentes tipos de luzes e suas respectivas<br \/>\nindica\u00e7\u00f5es. O aluno tamb\u00e9m entender\u00e1 como aplicar essas tecnologias nos atendimentos<br \/>\npodol\u00f3gicos, reconhecendo suas indica\u00e7\u00f5es, benef\u00edcios e limita\u00e7\u00f5es, al\u00e9m de aprender a ajustar<br \/>\nos par\u00e2metros adequados para cada situa\u00e7\u00e3o cl\u00ednica, garantindo a seguran\u00e7a e efic\u00e1cia dos<br \/>\nprocedimentos.<\/p>\n<div class=\"elementor-toggle-item\">\n<p><strong>Como se realizam os envios?<\/strong><\/p>\n<\/div>\n<p id=\"elementor-tab-content-1942\" class=\"elementor-tab-content elementor-clearfix elementor-active\" role=\"tabpanel\" data-tab=\"2\" aria-labelledby=\"elementor-tab-title-1942\">O seu trabalho \u00e9 disponibilizado pronto, respondido e nas normas j\u00e1 na mesma hora aqui em nosso site na sua \u00e1rea de downloads e tamb\u00e9m no seu e-mail.<\/p>\n<p><strong>Em quanto tempo recebo o portf\u00f3lio?<\/strong><\/p>\n<p>Os envios s\u00e3o imediatos. Ap\u00f3s sua compra, o trabalho j\u00e1 \u00e9 disponibilizado instantaneamente aqui em nosso site e no seu e-mail.<\/p>\n<p><strong>E se o portf\u00f3lio que comprei precisar de corre\u00e7\u00e3o?<\/strong><\/p>\n<p>Caso haja alguma solicita\u00e7\u00e3o de corre\u00e7\u00e3o\/altera\u00e7\u00e3o por parte do tutor, basta entrar em contato conosco pelo\u00a0WhatsApp\u00a0que provid\u00eanciaremos sem custo algum.<\/p>\n<p><strong>Qual o formato do arquivo?<\/strong><\/p>\n<p>Os arquivos s\u00e3o enviados em formato Word e s\u00e3o edit\u00e1veis.<\/p>\n<p><strong>Caso eu tiver alguma d\u00favida, terei suporte no p\u00f3s venda?<\/strong><\/p>\n<p>Sim, com certeza. Basta clicar no \u00edcone do WhatsApp no cantinho da tela. Ser\u00e1 um prazer atend\u00ea-lo(a).<\/p>\n<div id=\"elementor-tab-content-1948\" class=\"elementor-tab-content elementor-clearfix elementor-active\" role=\"tabpanel\" data-tab=\"8\" aria-labelledby=\"elementor-tab-title-1948\">\n<p><strong>Quais os seus canais de contato?<\/strong><\/p>\n<\/div>\n<div id=\"elementor-tab-content-1949\" class=\"elementor-tab-content elementor-clearfix elementor-active\" role=\"tabpanel\" data-tab=\"9\" aria-labelledby=\"elementor-tab-title-1949\">\n<p>Whatsapp: 53 984751621 \u2013 Clicar no canto da tela ou ESCANEIE O QRCODE ABAIXO<\/p>\n<h4><img decoding=\"async\" class=\"alignnone wp-image-13699 jetpack-lazy-image jetpack-lazy-image--handled\" src=\"https:\/\/i0.wp.com\/portifolioos-prontos.com\/wp-content\/uploads\/2023\/02\/whatsapp-business-projeto-de-extensao-300x300.jpeg?resize=144%2C144\" sizes=\"(max-width: 144px) 100vw, 144px\" srcset=\"https:\/\/i0.wp.com\/portifolioos-prontos.com\/wp-content\/uploads\/2023\/02\/whatsapp-business-projeto-de-extensao.jpeg?resize=300%2C301&amp;ssl=1 300w, https:\/\/i0.wp.com\/portifolioos-prontos.com\/wp-content\/uploads\/2023\/02\/whatsapp-business-projeto-de-extensao.jpeg?resize=150%2C150&amp;ssl=1 150w, https:\/\/i0.wp.com\/portifolioos-prontos.com\/wp-content\/uploads\/2023\/02\/whatsapp-business-projeto-de-extensao.jpeg?resize=370%2C372&amp;ssl=1 370w, https:\/\/i0.wp.com\/portifolioos-prontos.com\/wp-content\/uploads\/2023\/02\/whatsapp-business-projeto-de-extensao.jpeg?resize=100%2C100&amp;ssl=1 100w, https:\/\/i0.wp.com\/portifolioos-prontos.com\/wp-content\/uploads\/2023\/02\/whatsapp-business-projeto-de-extensao.jpeg?w=470&amp;ssl=1 470w\" alt=\"projeto de extens\u00e3o unopar\" width=\"144\" height=\"144\" data-lazy-loaded=\"1\" \/><\/h4>\n<\/div>\n<div class=\"elementor-toggle-item\">\n<div id=\"elementor-tab-content-1949\" class=\"elementor-tab-content elementor-clearfix elementor-active\" role=\"tabpanel\" data-tab=\"9\" aria-labelledby=\"elementor-tab-title-1949\">\n<p>E-mail:portifoliosp@gmail.com<\/p>\n<div id=\"attachment_143\" class=\"wp-caption alignnone\">\n<div id=\"attachment_143\" class=\"wp-caption alignnone\">\n<p id=\"caption-attachment-143\" class=\"wp-caption-text\"><a href=\"http:\/\/portfolio-pronto.com\/\">Portf\u00f3lio<\/a>\u00a0em Word, respondido, completo e j\u00e1 nas normas<\/p>\n<\/div>\n<\/div>\n<\/div>\n<\/div>\n","protected":false},"excerpt":{"rendered":"<div class=\"product-short-description\"><strong>Pague pelo PIX ou cart\u00e3o e fa\u00e7a o download agora mesmo.<\/strong><\/div>\n<div class=\"sticky-add-to-cart-wrapper\">\n<div class=\"sticky-add-to-cart\">\n<p class=\"quantity buttons_added form-flat\"><img decoding=\"async\" class=\"lazyloaded smush-image-5 smush-image-3 smush-image-4 smush-detected-img smush-image-bigger-3\" src=\"https:\/\/d26lpennugtm8s.cloudfront.net\/assets\/common\/img\/logos\/payment\/visa@2x.png\" width=\"46\" height=\"29\" data-src=\"https:\/\/d26lpennugtm8s.cloudfront.net\/assets\/common\/img\/logos\/payment\/visa@2x.png\" \/><img decoding=\"async\" class=\"lazyloaded smush-image-6 smush-image-4 smush-image-5 smush-detected-img smush-image-bigger-4\" src=\"https:\/\/d26lpennugtm8s.cloudfront.net\/assets\/common\/img\/logos\/payment\/boleto@2x.png\" width=\"43\" height=\"27\" data-src=\"https:\/\/d26lpennugtm8s.cloudfront.net\/assets\/common\/img\/logos\/payment\/boleto@2x.png\" \/><img loading=\"lazy\" decoding=\"async\" class=\"lazyloaded smush-image-7 smush-image-5 smush-image-6 smush-detected-img smush-image-bigger-5\" src=\"https:\/\/d26lpennugtm8s.cloudfront.net\/assets\/common\/img\/logos\/payment\/mastercard@2x.png\" width=\"43\" height=\"27\" data-src=\"https:\/\/d26lpennugtm8s.cloudfront.net\/assets\/common\/img\/logos\/payment\/mastercard@2x.png\" \/><img loading=\"lazy\" decoding=\"async\" class=\"lazyloaded smush-image-8 smush-image-6 smush-image-7 smush-detected-img smush-image-bigger-6\" src=\"https:\/\/d26lpennugtm8s.cloudfront.net\/assets\/common\/img\/logos\/payment\/amex@2x.png\" width=\"43\" height=\"27\" data-src=\"https:\/\/d26lpennugtm8s.cloudfront.net\/assets\/common\/img\/logos\/payment\/amex@2x.png\" \/><img loading=\"lazy\" decoding=\"async\" class=\"lazyloaded smush-image-9 smush-image-7 smush-image-8 smush-detected-img smush-image-bigger-7\" src=\"https:\/\/d26lpennugtm8s.cloudfront.net\/assets\/common\/img\/logos\/payment\/diners@2x.png\" width=\"46\" height=\"29\" data-src=\"https:\/\/d26lpennugtm8s.cloudfront.net\/assets\/common\/img\/logos\/payment\/diners@2x.png\" \/><img loading=\"lazy\" decoding=\"async\" class=\"lazyloaded smush-image-10 smush-image-8 smush-image-9 alignnone smush-detected-img smush-image-bigger-8\" src=\"https:\/\/d26lpennugtm8s.cloudfront.net\/assets\/common\/img\/logos\/payment\/br\/elo@2x.png\" alt=\"portf\u00f3lio unopar anhanguera\" width=\"45\" height=\"28\" data-src=\"https:\/\/d26lpennugtm8s.cloudfront.net\/assets\/common\/img\/logos\/payment\/br\/elo@2x.png\" \/><img loading=\"lazy\" decoding=\"async\" class=\"lazyloaded smush-image-11 smush-image-9 smush-image-10 alignnone smush-detected-img smush-image-bigger-9\" src=\"https:\/\/d26lpennugtm8s.cloudfront.net\/assets\/common\/img\/logos\/payment\/br\/hipercard@2x.png\" alt=\"portf\u00f3lio unopar anhanguera\" width=\"44\" height=\"28\" data-src=\"https:\/\/d26lpennugtm8s.cloudfront.net\/assets\/common\/img\/logos\/payment\/br\/hipercard@2x.png\" \/><img loading=\"lazy\" decoding=\"async\" class=\"lazyloaded smush-image-12 smush-image-10 smush-image-11 alignnone smush-detected-img smush-image-bigger-10\" src=\"https:\/\/d26lpennugtm8s.cloudfront.net\/assets\/common\/img\/logos\/payment\/mercadopago@2x.png\" alt=\"portf\u00f3lio unopar anhanguera\" width=\"45\" height=\"28\" data-src=\"https:\/\/d26lpennugtm8s.cloudfront.net\/assets\/common\/img\/logos\/payment\/mercadopago@2x.png\" \/><img loading=\"lazy\" decoding=\"async\" class=\"alignnone ls-is-cached lazyloaded smush-detected-img smush-image-bigger-11\" src=\"https:\/\/futurium.com.br\/wp-content\/uploads\/2021\/06\/logo-pix-icone-512.png\" alt=\"portfolio pronto\" width=\"30\" height=\"30\" data-src=\"https:\/\/futurium.com.br\/wp-content\/uploads\/2021\/06\/logo-pix-icone-512.png\" \/><\/p>\n<\/div>\n<\/div>\n","protected":false},"featured_media":46055,"template":"","meta":{"_seopress_robots_primary_cat":"","_seopress_titles_title":"","_seopress_titles_desc":"","_seopress_robots_index":""},"product_cat":[15],"product_tag":[],"class_list":{"0":"post-45373","1":"product","2":"type-product","3":"status-publish","4":"has-post-thumbnail","6":"product_cat-uncategorized","8":"first","9":"instock","10":"shipping-taxable","11":"purchasable","12":"product-type-simple","13":"col-xs-6 col-sm-4","14":"col-mf-5","15":"un-5-cols"},"jetpack_sharing_enabled":true,"_links":{"self":[{"href":"https:\/\/portifolioos-prontos.com\/index.php\/wp-json\/wp\/v2\/product\/45373","targetHints":{"allow":["GET"]}}],"collection":[{"href":"https:\/\/portifolioos-prontos.com\/index.php\/wp-json\/wp\/v2\/product"}],"about":[{"href":"https:\/\/portifolioos-prontos.com\/index.php\/wp-json\/wp\/v2\/types\/product"}],"version-history":[{"count":2,"href":"https:\/\/portifolioos-prontos.com\/index.php\/wp-json\/wp\/v2\/product\/45373\/revisions"}],"predecessor-version":[{"id":45376,"href":"https:\/\/portifolioos-prontos.com\/index.php\/wp-json\/wp\/v2\/product\/45373\/revisions\/45376"}],"wp:featuredmedia":[{"embeddable":true,"href":"https:\/\/portifolioos-prontos.com\/index.php\/wp-json\/wp\/v2\/media\/46055"}],"wp:attachment":[{"href":"https:\/\/portifolioos-prontos.com\/index.php\/wp-json\/wp\/v2\/media?parent=45373"}],"wp:term":[{"taxonomy":"product_cat","embeddable":true,"href":"https:\/\/portifolioos-prontos.com\/index.php\/wp-json\/wp\/v2\/product_cat?post=45373"},{"taxonomy":"product_tag","embeddable":true,"href":"https:\/\/portifolioos-prontos.com\/index.php\/wp-json\/wp\/v2\/product_tag?post=45373"}],"curies":[{"name":"wp","href":"https:\/\/api.w.org\/{rel}","templated":true}]}}