{"id":45498,"date":"2025-09-29T22:50:47","date_gmt":"2025-09-30T01:50:47","guid":{"rendered":"https:\/\/portifolioos-prontos.com\/?post_type=product&#038;p=45498"},"modified":"2025-10-10T23:32:19","modified_gmt":"2025-10-11T02:32:19","slug":"praticas-pedagogicas-em-matematica-itinerarios-formativos","status":"publish","type":"product","link":"https:\/\/portifolioos-prontos.com\/index.php\/product\/praticas-pedagogicas-em-matematica-itinerarios-formativos\/","title":{"rendered":"Pr\u00e1ticas pedag\u00f3gicas em Matem\u00e1tica: itiner\u00e1rios formativos"},"content":{"rendered":"<p><strong>Pr\u00e1ticas pedag\u00f3gicas em Matem\u00e1tica: itiner\u00e1rios formativos<\/strong><\/p>\n<hr \/>\n<p>PR\u00c1TICAS PEDAG\u00d3GICAS EM MATEM\u00c1TICA: ITINER\u00c1RIOS FORMATIVOS<br \/>\nOl\u00e1, estudante!<br \/>\nNessa atividade pr\u00e1tica, voc\u00ea poder\u00e1 aprofundar seus conhecimentos acerca da organiza\u00e7\u00e3o do<br \/>\nNovo Ensino M\u00e9dio no Brasil e articular os conhecimentos de Matem\u00e1tica, abordados no Ensino<br \/>\nM\u00e9dio, para propor uma atividade aliada ao itiner\u00e1rio formativo da \u00e1rea citada.<br \/>\nObjetivo<br \/>\n\u2022 Refletir sobre a estrutura do Ensino M\u00e9dio no Brasil.<br \/>\n\u2022 Refletir a respeito dos itiner\u00e1rios formativos, com destaque para a \u00e1rea de Matem\u00e1tica e<br \/>\nsuas Tecnologias.<br \/>\n\u2022 Assumir posicionamento cr\u00edtico frente \u00e0 estrutura do Ensino M\u00e9dio brasileiro.<br \/>\n\u2022 Elaborar proposta de atividade alinhada \u00e0 proposta do Ensino M\u00e9dio e dos itiner\u00e1rios<br \/>\nformativos.<br \/>\nProposta<br \/>\nNo ano de 2017, foi sancionada a Lei n\u00ba 13415, de 16 de fevereiro de 2017, que altera a Lei de<br \/>\nDiretrizes e Bases da Educa\u00e7\u00e3o n\u00ba 9394, de 20 de dezembro de 1996, com altera\u00e7\u00f5es na estrutura<br \/>\ndo Ensino M\u00e9dio brasileiro, al\u00e9m de outras modifica\u00e7\u00f5es.<br \/>\nConforme o Artigo 36, o Ensino M\u00e9dio passa a ser composto pela Base Nacional Comum<br \/>\nCurricular e por itiner\u00e1rios formativos, ampliando a carga hor\u00e1ria total do Ensino M\u00e9dio e trazendo<br \/>\nmodifica\u00e7\u00f5es no sentido de trazer um direcionamento \u00e0s \u00e1reas de interesse dos estudantes, al\u00e9m<br \/>\nde fornecer uma forma\u00e7\u00e3o b\u00e1sica comum a todos. Cada estado, a partir das disposi\u00e7\u00f5es presentes<br \/>\nna Lei n\u00ba 13415\/2017, pode organizar sua proposta, especialmente com rela\u00e7\u00e3o aos itiner\u00e1rios<br \/>\nformativos, mas respeitando as cargas hor\u00e1rias e as forma\u00e7\u00f5es b\u00e1sicas essenciais.<br \/>\nO objetivo, nesse trabalho, \u00e9 aprofundar os estudos acerca dos itiner\u00e1rios formativos de<br \/>\nMatem\u00e1tica e suas tecnologias e propor uma atividade associada a uma das disciplinas ou trilhas<br \/>\nque comp\u00f5em esse itiner\u00e1rio.<br \/>\nATV<br \/>\nATIVIDADE PR\u00c1TICA<br \/>\nP\u00fablico<br \/>\nPasso 1: Estudo sobre os Itiner\u00e1rios Formativos.<br \/>\nFa\u00e7a uma pesquisa a respeito do Novo Ensino M\u00e9dio no site da secretaria de educa\u00e7\u00e3o do estado<br \/>\nonde voc\u00ea reside. Fa\u00e7a a leitura dos materiais dispon\u00edveis.<br \/>\nCaso voc\u00ea n\u00e3o encontre os documentos no seu estado de origem, a sugest\u00e3o \u00e9 que voc\u00ea fa\u00e7a<br \/>\num estudo a partir da proposta do Novo Ensino M\u00e9dio do estado do Paran\u00e1, dispon\u00edvel no<br \/>\nendere\u00e7o: &lt;https:\/\/professor.escoladigital.pr.gov.br\/nem&gt; (acesso em 10 dez. 2024).<br \/>\nPesquise a respeito das particularidades do itiner\u00e1rio formativo para a \u00e1rea de Matem\u00e1tica e suas<br \/>\nTecnologias e explore as diferentes propostas e trilhas de aprendizagem para essa \u00e1rea de<br \/>\nconhecimento. \u00c9 importante que voc\u00ea explore o site da secretaria de educa\u00e7\u00e3o do seu estado<br \/>\npara localizar os materiais disponibilizados por ela.<br \/>\nEscreva uma resenha, contendo de 20 a 30 linhas, apresentando a organiza\u00e7\u00e3o dos itiner\u00e1rios<br \/>\nformativos em seu estado, com destaque ao itiner\u00e1rio de Matem\u00e1tica e suas tecnologias.<br \/>\nIdentifique as potencialidades dessa estrutura para a forma\u00e7\u00e3o dos estudantes, destacando<br \/>\ntamb\u00e9m poss\u00edveis fragilidades ou aspectos que poderiam ser melhorados para a melhor<br \/>\nimplementa\u00e7\u00e3o dessa proposta. Assuma uma postura cr\u00edtica no seu texto, mas utilizando de<br \/>\nargumentos para justificar sua posi\u00e7\u00e3o.<br \/>\nPasso 2: Elabora\u00e7\u00e3o de atividade<br \/>\nAp\u00f3s a consulta sobre a estrutura do itiner\u00e1rio formativo de Matem\u00e1tica e suas tecnologias,<br \/>\nselecione uma das disciplinas ou trilhas propostas pelo seu estado, ou pelo estado do Paran\u00e1, e<br \/>\nconstrua uma proposta de atividade vinculada a esse itiner\u00e1rio.<br \/>\nA sua proposta deve conter os elementos a seguir.<br \/>\nT\u00cdTULO DA ATIVIDADE<br \/>\nITINER\u00c1RIO FORMATIVO: Matem\u00e1tica e suas tecnologias<br \/>\nOBJETO DO CONHECIMENTO: Indique o objeto do conhecimento conforme a BNCC.<br \/>\nHABILIDADE(S):<br \/>\nIndique a(s) habilidade(s) conforme a BNCC,<br \/>\napresentando a numera\u00e7\u00e3o e a descri\u00e7\u00e3o conforme o<br \/>\ndocumento de origem.<br \/>\nTURMA: Identifique a qual ano a atividade se destina.<br \/>\nDURA\u00c7\u00c3O: Indique o n\u00famero de aulas para aplica\u00e7\u00e3o da atividade.<br \/>\nOBJETIVO(S): Indique o(s) objetivo(s) que voc\u00ea pretende que os<br \/>\nalunos alcancem a partir dessa atividade.<br \/>\nCOMPET\u00caNCIAS: Indique as compet\u00eancias conforme a BNCC.<br \/>\nATV<br \/>\nATIVIDADE PR\u00c1TICA<br \/>\nP\u00fablico<br \/>\nCONTE\u00daDO PROGRAM\u00c1TICO: Liste os conte\u00fados que ser\u00e3o abordados nessa<br \/>\natividade.<br \/>\nPROPOSTA:<br \/>\nApresente o enunciado da atividade, indicando os<br \/>\nrecursos que ser\u00e3o utilizados (exemplo: computador,<br \/>\ncalculadora, r\u00e9gua etc.), de tal forma que esse texto seja<br \/>\ndirecionado ao estudante.<br \/>\nGABARITO:<br \/>\nDirecione esse texto ao professor, explicando como<br \/>\ndeve ser conduzida essa atividade, qual a estrat\u00e9gia<br \/>\nmetodol\u00f3gica a qual ela est\u00e1 vinculada, qual deve ser a<br \/>\npostura durante a aplica\u00e7\u00e3o da atividade, quais as<br \/>\nposs\u00edveis resolu\u00e7\u00f5es ou, caso n\u00e3o haja uma resposta<br \/>\n\u00fanica, quais os caminhos que os estudantes podem<br \/>\nseguir, como orientar os estudantes durante a<br \/>\nrealiza\u00e7\u00e3o da atividade, como a turma deve ser<br \/>\norganizada, qual o tempo previsto para cada etapa da<br \/>\natividade, entre outras quest\u00f5es que julgar pertinentes.<br \/>\nRESULTADOS DE APRENDIZAGEM: Indique os resultados de aprendizagem esperados para<br \/>\nessa atividade.<br \/>\nCRIT\u00c9RIOS DE AVALIA\u00c7\u00c3O: Descreva os m\u00e9todos avaliativos utilizados para essa<br \/>\natividade.<br \/>\nA atividade elaborada por voc\u00ea deve ser original, ou seja, n\u00e3o deve ser uma simples c\u00f3pia de<br \/>\natividades dispon\u00edveis em livros, Internet etc. Voc\u00ea pode consultar materiais distintos para a<br \/>\nelabora\u00e7\u00e3o da sua atividade, mas deve indicar as refer\u00eancias, conforme as normas da ABNT, em<br \/>\nseu trabalho.<br \/>\nProcure organizar uma atividade diferenciada, que n\u00e3o seja baseada na simples resolu\u00e7\u00e3o de<br \/>\nexerc\u00edcios e aulas expositivas. Essa atividade deve estar alinhada \u00e0 proposta dos itiner\u00e1rios<br \/>\nformativos, que visam trazer uma forma\u00e7\u00e3o significativa aos estudantes, mais pr\u00f3ximas de sua<br \/>\nrealidade e que sejam mais ligadas a atividades como projetos e oficinas, por exemplo. Seja<br \/>\ncriativo(a)!<br \/>\nPasso 3: Organiza\u00e7\u00e3o do trabalho escrito<br \/>\nElabora\u00e7\u00e3o do trabalho para postagem no AVA, contendo:<br \/>\n1) Capa: Elaborar a capa seguindo as diretrizes dispon\u00edveis na biblioteca virtual.<br \/>\n2) Resenha cr\u00edtica: Inclua a resenha elaborada no passo 1 a partir dos estudos feitos sobre<br \/>\na estrutura dos itiner\u00e1rios formativos do Novo Ensino M\u00e9dio de seu estado.<br \/>\nATV<br \/>\nATIVIDADE PR\u00c1TICA<br \/>\nP\u00fablico<br \/>\n3) Atividade: Inclua a atividade elaborada no passo 2, com todos os detalhes solicitados.<br \/>\n4) Considera\u00e7\u00f5es Finais: Fa\u00e7a uma discuss\u00e3o acerca das vantagens e desvantagens da<br \/>\nestrutura do Ensino M\u00e9dio a partir de forma\u00e7\u00e3o comum e itiner\u00e1rios formativos,<br \/>\nreconhecendo as potencialidades e fragilidades dessa proposta para a aprendizagem e<br \/>\nforma\u00e7\u00e3o dos estudantes, bem como discuta acerca das contribui\u00e7\u00f5es da atividade<br \/>\nproposta por voc\u00ea para a aprendizagem de conceitos matem\u00e1ticos.<br \/>\n5) Refer\u00eancias: Incluir as refer\u00eancias dos documentos e materiais acessados para a<br \/>\norganiza\u00e7\u00e3o do trabalho, inclusive as utilizadas na constru\u00e7\u00e3o da resenha do passo 1 e<br \/>\nda atividade do passo 2.<br \/>\nNORMAS PARA ENTREGA DA ATIVIDADE PR\u00c1TICA<br \/>\n\u2022 Voc\u00ea dever\u00e1 postar seu trabalho final no AVA, na pasta espec\u00edfica relacionada \u00e0 atividade<br \/>\npr\u00e1tica, obedecendo o prazo limite de postagem, conforme disposto no AVA.<br \/>\n\u2022 O trabalho deve ser enviado em formato Word ou PDF, em um ARQUIVO \u00daNICO de at\u00e9 10<br \/>\nMB.<br \/>\n\u2022 O sistema permite anexar apenas um arquivo. Caso haja mais de uma postagem, ser\u00e1<br \/>\nconsiderada a \u00faltima vers\u00e3o.<br \/>\nIMPORTANTE:<br \/>\n\u2022 A entrega da atividade, de acordo com a proposta solicitada, \u00e9 um crit\u00e9rio de aprova\u00e7\u00e3o na<br \/>\ndisciplina.<br \/>\n\u2022 N\u00e3o h\u00e1 prorroga\u00e7\u00e3o para a postagem da atividade.<br \/>\nAproveite essa oportunidade para aprofundar ainda mais seus conhecimentos.<br \/>\nBons estudos!<br \/>\nATV<br \/>\nATIVIDADE PR\u00c1TICA<br \/>\nP\u00fablico<br \/>\nRefer\u00eancias<br \/>\nBRASIL. Minist\u00e9rio da Educa\u00e7\u00e3o. Base Nacional Comum Curricular. Bras\u00edlia, 2018. Dispon\u00edvel<br \/>\nem: &lt;http:\/\/basenacionalcomum.mec.gov.br\/images\/BNCC_EI_EF_110518_versaofinal_site.pdf&gt;.<br \/>\nAcesso em: 10 dez. 2024.<br \/>\nBRASIL. Minist\u00e9rio de Educa\u00e7\u00e3o e Cultura. Lei n\u00ba 9394, de 20 de dezembro de 1996. Dispon\u00edvel<br \/>\nem: &lt;https:\/\/www.planalto.gov.br\/ccivil_03\/LEIS\/L9394.htm&gt;. Acesso em: 10 dez. 2024.<br \/>\nBRASIL. Minist\u00e9rio de Educa\u00e7\u00e3o e Cultura. Lei n\u00ba 13.415, de 16 de fevereiro de 2017. Dispon\u00edvel<br \/>\nem: &lt; https:\/\/www.planalto.gov.br\/ccivil_03\/_Ato2015-2018\/2017\/Lei\/L13415.htm&gt;. Acesso em: 10<br \/>\ndez. 2024.<br \/>\nPARAN\u00c1. Secretaria de Educa\u00e7\u00e3o. Caderno de Itiner\u00e1rios Formativos Volume 2: Matem\u00e1tica e<br \/>\nsuas tecnologias e ci\u00eancias da natureza e suas tecnologias. Curitiba, 2024. Dispon\u00edvel em:<br \/>\n&lt;https:\/\/acervodigital.educacao.pr.gov.br\/pages\/download.php?direct=1&amp;noattach=true&amp;ref=55642<br \/>\n&amp;ext=pdf&amp;k=0e26b39e7d&gt;. Acesso em: 10 dez. 2024.<\/p>\n<div class=\"elementor-toggle-item\">\n<p id=\"elementor-tab-title-1941\" class=\"elementor-tab-title elementor-active\" tabindex=\"0\" role=\"tab\" data-tab=\"1\" aria-controls=\"elementor-tab-content-1941\" aria-expanded=\"true\" aria-selected=\"true\"><strong>Como funciona?<\/strong><\/p>\n<p>Elaboramos os portf\u00f3lios, j\u00e1 deixamos prontos, nas normas da ABNT e conforme os requisitos da universidade. F\u00e1cil assim! O MELHOR \u00c9 QUE VOC\u00ca COMPRA E J\u00c1 BAIXA NA HORA O SEU ARQUIVO EM WORD! Sabemos que conciliar trabalho, fam\u00edlia, vida profissional e estudos \u00e9 dif\u00edcil hoje em dia, por isso, estamos aqui para ajudar voc\u00ea. Conte com nossa qualidade, experi\u00eancia e profissionalismo adquirindo seu portf\u00f3lio conosco. GARANTIMOS SEU CONCEITO!<\/p>\n<p><strong>Como se realizam os envios?<\/strong><\/p>\n<\/div>\n<p id=\"elementor-tab-content-1942\" class=\"elementor-tab-content elementor-clearfix elementor-active\" role=\"tabpanel\" data-tab=\"2\" aria-labelledby=\"elementor-tab-title-1942\">O seu trabalho \u00e9 disponibilizado pronto, respondido e nas normas j\u00e1 na mesma hora aqui em nosso site na sua \u00e1rea de downloads e tamb\u00e9m no seu e-mail.<\/p>\n<p><strong>Em quanto tempo recebo o portf\u00f3lio?<\/strong><\/p>\n<p>Os envios s\u00e3o imediatos. Ap\u00f3s sua compra, o trabalho j\u00e1 \u00e9 disponibilizado instantaneamente aqui em nosso site e no seu e-mail.<\/p>\n<p><strong>E se o portf\u00f3lio que comprei precisar de corre\u00e7\u00e3o?<\/strong><\/p>\n<p>Caso haja alguma solicita\u00e7\u00e3o de corre\u00e7\u00e3o\/altera\u00e7\u00e3o por parte do tutor, basta entrar em contato conosco pelo\u00a0WhatsApp\u00a0que provid\u00eanciaremos sem custo algum.<\/p>\n<p><strong>Qual o formato do arquivo?<\/strong><\/p>\n<p>Os arquivos s\u00e3o enviados em formato Word e s\u00e3o edit\u00e1veis.<\/p>\n<p><strong>Caso eu tiver alguma d\u00favida, terei suporte no p\u00f3s venda?<\/strong><\/p>\n<p>Sim, com certeza. Basta clicar no \u00edcone do WhatsApp no cantinho da tela. Ser\u00e1 um prazer atend\u00ea-lo(a).<\/p>\n<div id=\"elementor-tab-content-1948\" class=\"elementor-tab-content elementor-clearfix elementor-active\" role=\"tabpanel\" data-tab=\"8\" aria-labelledby=\"elementor-tab-title-1948\">\n<p><strong>Quais os seus canais de contato?<\/strong><\/p>\n<\/div>\n<div id=\"elementor-tab-content-1949\" class=\"elementor-tab-content elementor-clearfix elementor-active\" role=\"tabpanel\" data-tab=\"9\" aria-labelledby=\"elementor-tab-title-1949\">\n<p>Whatsapp: 53 984751621 \u2013 Clicar no canto da tela ou ESCANEIE O QRCODE ABAIXO<\/p>\n<h4><img decoding=\"async\" class=\"alignnone wp-image-13699 jetpack-lazy-image jetpack-lazy-image--handled\" src=\"https:\/\/i0.wp.com\/portifolioos-prontos.com\/wp-content\/uploads\/2023\/02\/whatsapp-business-projeto-de-extensao-300x300.jpeg?resize=144%2C144\" sizes=\"(max-width: 144px) 100vw, 144px\" srcset=\"https:\/\/i0.wp.com\/portifolioos-prontos.com\/wp-content\/uploads\/2023\/02\/whatsapp-business-projeto-de-extensao.jpeg?resize=300%2C301&amp;ssl=1 300w, https:\/\/i0.wp.com\/portifolioos-prontos.com\/wp-content\/uploads\/2023\/02\/whatsapp-business-projeto-de-extensao.jpeg?resize=150%2C150&amp;ssl=1 150w, https:\/\/i0.wp.com\/portifolioos-prontos.com\/wp-content\/uploads\/2023\/02\/whatsapp-business-projeto-de-extensao.jpeg?resize=370%2C372&amp;ssl=1 370w, https:\/\/i0.wp.com\/portifolioos-prontos.com\/wp-content\/uploads\/2023\/02\/whatsapp-business-projeto-de-extensao.jpeg?resize=100%2C100&amp;ssl=1 100w, https:\/\/i0.wp.com\/portifolioos-prontos.com\/wp-content\/uploads\/2023\/02\/whatsapp-business-projeto-de-extensao.jpeg?w=470&amp;ssl=1 470w\" alt=\"projeto de extens\u00e3o unopar\" width=\"144\" height=\"144\" data-lazy-loaded=\"1\" \/><\/h4>\n<\/div>\n<div class=\"elementor-toggle-item\">\n<div id=\"elementor-tab-content-1949\" class=\"elementor-tab-content elementor-clearfix elementor-active\" role=\"tabpanel\" data-tab=\"9\" aria-labelledby=\"elementor-tab-title-1949\">\n<p>E-mail:portifoliosp@gmail.com<\/p>\n<div id=\"attachment_143\" class=\"wp-caption alignnone\">\n<div id=\"attachment_143\" class=\"wp-caption alignnone\">\n<p id=\"caption-attachment-143\" class=\"wp-caption-text\"><a href=\"http:\/\/portfolio-pronto.com\/\">Portf\u00f3lio<\/a>\u00a0em Word, respondido, completo e j\u00e1 nas normas<\/p>\n<\/div>\n<\/div>\n<\/div>\n<\/div>\n","protected":false},"excerpt":{"rendered":"<div class=\"product-short-description\"><strong>Pague pelo PIX ou cart\u00e3o e fa\u00e7a o download agora mesmo.<\/strong><\/div>\n<div class=\"sticky-add-to-cart-wrapper\">\n<div class=\"sticky-add-to-cart\">\n<p class=\"quantity buttons_added form-flat\"><img decoding=\"async\" class=\"lazyloaded smush-image-5 smush-image-3 smush-image-4 smush-detected-img smush-image-bigger-3\" src=\"https:\/\/d26lpennugtm8s.cloudfront.net\/assets\/common\/img\/logos\/payment\/visa@2x.png\" width=\"46\" height=\"29\" data-src=\"https:\/\/d26lpennugtm8s.cloudfront.net\/assets\/common\/img\/logos\/payment\/visa@2x.png\" \/><img decoding=\"async\" class=\"lazyloaded smush-image-6 smush-image-4 smush-image-5 smush-detected-img smush-image-bigger-4\" src=\"https:\/\/d26lpennugtm8s.cloudfront.net\/assets\/common\/img\/logos\/payment\/boleto@2x.png\" width=\"43\" height=\"27\" data-src=\"https:\/\/d26lpennugtm8s.cloudfront.net\/assets\/common\/img\/logos\/payment\/boleto@2x.png\" \/><img loading=\"lazy\" decoding=\"async\" class=\"lazyloaded smush-image-7 smush-image-5 smush-image-6 smush-detected-img smush-image-bigger-5\" src=\"https:\/\/d26lpennugtm8s.cloudfront.net\/assets\/common\/img\/logos\/payment\/mastercard@2x.png\" width=\"43\" height=\"27\" data-src=\"https:\/\/d26lpennugtm8s.cloudfront.net\/assets\/common\/img\/logos\/payment\/mastercard@2x.png\" \/><img loading=\"lazy\" decoding=\"async\" class=\"lazyloaded smush-image-8 smush-image-6 smush-image-7 smush-detected-img smush-image-bigger-6\" src=\"https:\/\/d26lpennugtm8s.cloudfront.net\/assets\/common\/img\/logos\/payment\/amex@2x.png\" width=\"43\" height=\"27\" data-src=\"https:\/\/d26lpennugtm8s.cloudfront.net\/assets\/common\/img\/logos\/payment\/amex@2x.png\" \/><img loading=\"lazy\" decoding=\"async\" class=\"lazyloaded smush-image-9 smush-image-7 smush-image-8 smush-detected-img smush-image-bigger-7\" src=\"https:\/\/d26lpennugtm8s.cloudfront.net\/assets\/common\/img\/logos\/payment\/diners@2x.png\" width=\"46\" height=\"29\" data-src=\"https:\/\/d26lpennugtm8s.cloudfront.net\/assets\/common\/img\/logos\/payment\/diners@2x.png\" \/><img loading=\"lazy\" decoding=\"async\" class=\"lazyloaded smush-image-10 smush-image-8 smush-image-9 alignnone smush-detected-img smush-image-bigger-8\" src=\"https:\/\/d26lpennugtm8s.cloudfront.net\/assets\/common\/img\/logos\/payment\/br\/elo@2x.png\" alt=\"portf\u00f3lio unopar anhanguera\" width=\"45\" height=\"28\" data-src=\"https:\/\/d26lpennugtm8s.cloudfront.net\/assets\/common\/img\/logos\/payment\/br\/elo@2x.png\" \/><img loading=\"lazy\" decoding=\"async\" class=\"lazyloaded smush-image-11 smush-image-9 smush-image-10 alignnone smush-detected-img smush-image-bigger-9\" src=\"https:\/\/d26lpennugtm8s.cloudfront.net\/assets\/common\/img\/logos\/payment\/br\/hipercard@2x.png\" alt=\"portf\u00f3lio unopar anhanguera\" width=\"44\" height=\"28\" data-src=\"https:\/\/d26lpennugtm8s.cloudfront.net\/assets\/common\/img\/logos\/payment\/br\/hipercard@2x.png\" \/><img loading=\"lazy\" decoding=\"async\" class=\"lazyloaded smush-image-12 smush-image-10 smush-image-11 alignnone smush-detected-img smush-image-bigger-10\" src=\"https:\/\/d26lpennugtm8s.cloudfront.net\/assets\/common\/img\/logos\/payment\/mercadopago@2x.png\" alt=\"portf\u00f3lio unopar anhanguera\" width=\"45\" height=\"28\" data-src=\"https:\/\/d26lpennugtm8s.cloudfront.net\/assets\/common\/img\/logos\/payment\/mercadopago@2x.png\" \/><img loading=\"lazy\" decoding=\"async\" class=\"alignnone ls-is-cached lazyloaded smush-detected-img smush-image-bigger-11\" src=\"https:\/\/futurium.com.br\/wp-content\/uploads\/2021\/06\/logo-pix-icone-512.png\" alt=\"portfolio pronto\" width=\"30\" height=\"30\" data-src=\"https:\/\/futurium.com.br\/wp-content\/uploads\/2021\/06\/logo-pix-icone-512.png\" \/><\/p>\n<\/div>\n<\/div>\n","protected":false},"featured_media":46068,"template":"","meta":{"_seopress_robots_primary_cat":"","_seopress_titles_title":"","_seopress_titles_desc":"","_seopress_robots_index":""},"product_cat":[62],"product_tag":[],"class_list":{"0":"post-45498","1":"product","2":"type-product","3":"status-publish","4":"has-post-thumbnail","6":"product_cat-matematica","8":"first","9":"instock","10":"shipping-taxable","11":"purchasable","12":"product-type-simple","13":"col-xs-6 col-sm-4","14":"col-mf-5","15":"un-5-cols"},"jetpack_sharing_enabled":true,"_links":{"self":[{"href":"https:\/\/portifolioos-prontos.com\/index.php\/wp-json\/wp\/v2\/product\/45498","targetHints":{"allow":["GET"]}}],"collection":[{"href":"https:\/\/portifolioos-prontos.com\/index.php\/wp-json\/wp\/v2\/product"}],"about":[{"href":"https:\/\/portifolioos-prontos.com\/index.php\/wp-json\/wp\/v2\/types\/product"}],"version-history":[{"count":1,"href":"https:\/\/portifolioos-prontos.com\/index.php\/wp-json\/wp\/v2\/product\/45498\/revisions"}],"predecessor-version":[{"id":45500,"href":"https:\/\/portifolioos-prontos.com\/index.php\/wp-json\/wp\/v2\/product\/45498\/revisions\/45500"}],"wp:featuredmedia":[{"embeddable":true,"href":"https:\/\/portifolioos-prontos.com\/index.php\/wp-json\/wp\/v2\/media\/46068"}],"wp:attachment":[{"href":"https:\/\/portifolioos-prontos.com\/index.php\/wp-json\/wp\/v2\/media?parent=45498"}],"wp:term":[{"taxonomy":"product_cat","embeddable":true,"href":"https:\/\/portifolioos-prontos.com\/index.php\/wp-json\/wp\/v2\/product_cat?post=45498"},{"taxonomy":"product_tag","embeddable":true,"href":"https:\/\/portifolioos-prontos.com\/index.php\/wp-json\/wp\/v2\/product_tag?post=45498"}],"curies":[{"name":"wp","href":"https:\/\/api.w.org\/{rel}","templated":true}]}}