{"id":45561,"date":"2025-10-01T16:25:04","date_gmt":"2025-10-01T19:25:04","guid":{"rendered":"https:\/\/portifolioos-prontos.com\/?post_type=product&#038;p=45561"},"modified":"2025-10-10T23:31:53","modified_gmt":"2025-10-11T02:31:53","slug":"aula-pratica-lingua-inglesa-ii","status":"publish","type":"product","link":"https:\/\/portifolioos-prontos.com\/index.php\/product\/aula-pratica-lingua-inglesa-ii\/","title":{"rendered":"Aula Pr\u00e1tica L\u00edngua Inglesa II"},"content":{"rendered":"<p><strong>Aula Pr\u00e1tica L\u00edngua Inglesa II<\/strong><\/p>\n<p>P\u00fablico<br \/>\nL\u00cdNGUA INGLESA II<br \/>\nRoteiro<br \/>\nAula Pr\u00e1tica<br \/>\nP\u00fablico2<br \/>\nROTEIRO DE AULA PR\u00c1TICA<br \/>\nNOME DA DISCIPLINA: L\u00cdNGUA INGLESA II<br \/>\nUnidade: U4_COMUNICA\u00c7\u00c3O_ESTRAT\u00c9GICA_EM_CONTEXTOS_INTERNACIONAIS<br \/>\nAula: A3_USO_DE_FIRST_E_SECOND_CONDITIONAL_EM_SITUA\u00c7\u00d5ES_PROFISSIONAIS<br \/>\nOBJETIVO<a href=\"http:\/\/atividadesextensionistas.com\">S<\/a><br \/>\nDefini\u00e7\u00e3o dos objetivos da aula pr\u00e1tica:<br \/>\n\u2022 Desenvolver a habilidade de construir enunciados com first e second conditional em<br \/>\ningl\u00eas, articulando hip\u00f3teses e consequ\u00eancias aplicadas ao contexto da profiss\u00e3o de<br \/>\nRela\u00e7\u00f5es Internacionais.<br \/>\n\u2022 Estimular o uso criativo da L\u00edngua Inglesa por meio da elabora\u00e7\u00e3o de um Google Forms<br \/>\nprofissional, com perguntas que simulem uma situa\u00e7\u00e3o diplom\u00e1tica, comercial ou de<br \/>\ncoopera\u00e7\u00e3o internacional.<br \/>\nSOLU\u00c7\u00c3O DIGITAL<a href=\"http:\/\/portfolio-pronto.com\">:<\/a><br \/>\nGoogle Forms ou Microsoft Forms.<br \/>\nPROCEDIMENTOS PR\u00c1TICOS E APLICA\u00c7\u00d5ES<br \/>\nAtividade:<br \/>\nInternational scenarios and conditionals: produzindo um Forms profissional<br \/>\nAtividade proposta: Criar um formul\u00e1rio online que envolva o uso de first e second conditional,<br \/>\nsimulando uma organiza\u00e7\u00e3o internacional ou miss\u00e3o diplom\u00e1tica.<br \/>\nProcedimentos para a realiza\u00e7\u00e3o da atividade:<br \/>\n\u2022 Considere o contexto:<br \/>\nVoc\u00ea atua como analista j\u00fanior em uma organiza\u00e7\u00e3o internacional ou miss\u00e3o diplom\u00e1tica (fict\u00edcia),<br \/>\ne precisa construir um formul\u00e1rio em ingl\u00eas para verificar o posicionamento de outros analistas<br \/>\nou parceiros estrangeiros frente a poss\u00edveis a\u00e7\u00f5es e consequ\u00eancias futuras.<br \/>\n\u2022 Elabore um Google Forms ou Microsoft Forms em ingl\u00eas, observando:<br \/>\nP\u00fablico3<br \/>\n\u2022 T\u00edtulo e Introdu\u00e7\u00e3o (em ingl\u00eas) contextualizando brevemente a \u00e1rea de atua\u00e7\u00e3o:<br \/>\nEx: uma confer\u00eancia ambiental, uma negocia\u00e7\u00e3o comercial entre pa\u00edses, ou um tratado<br \/>\nde paz.<br \/>\n\u2022 M\u00ednimo de 6 quest\u00f5es: 3 perguntas que usem first conditional (ex: &#8220;If Country A closes<br \/>\nits borders, what will happen to exports?&#8221;). 3 perguntas que usem second conditional<br \/>\n(ex: &#8220;What would Country B do if it lost its trade partner?&#8221;)<br \/>\nOs tipos de pergunta podem ser variados: m\u00faltipla escolha; preenchimento de lacunas;<br \/>\nverdadeiro\/Falso; resposta curta.<br \/>\n\u2022 Design e clareza visual do formul\u00e1rio: organize as perguntas com clareza, adicione uma<br \/>\nse\u00e7\u00e3o inicial de boas-vindas e inclua tradu\u00e7\u00f5es em portugu\u00eas entre par\u00eanteses quando<br \/>\njulgar necess\u00e1rio.<br \/>\n\u2022 Se houver dificuldade com a L\u00edngua Inglesa utilize tradutores e corretores como DeepL<br \/>\n(dispon\u00edvel em: https:\/\/www.deepl.com\/en\/translator), Reverso Context (dispon\u00edvel em:<br \/>\nhttps:\/\/context.reverso.net\/traducao\/), ou Grammarly (dispon\u00edvel em:<br \/>\nhttps:\/\/www.grammarly.com\/), mas atente-se que todas essas ferramentas possuem as<br \/>\nsuas limita\u00e7\u00f5es!<br \/>\nExemplo:<br \/>\nIntrodu\u00e7\u00e3o:<br \/>\nWelcome to the Simulation Exercise: International Crisis and Cooperation<br \/>\nThis form is designed to help understand how diplomats and analysts would act in hypothetical<br \/>\nand real situations involving international agreements.<br \/>\nPlease answer all the questions using your knowledge and English language skills.<br \/>\nExemplos de perguntas com first conditional:<br \/>\nIf the negotiations fail, what will the countries do next?<br \/>\nIf the international community reacts, will the conflict stop?<br \/>\nIf both sides agree, will the treaty be signed this week?<br \/>\nExemplos de perguntas com second conditional:<br \/>\nWhat would you do if you were in charge of the peace mission?<br \/>\nIf Country A had more resources, would it support Country B?<br \/>\nWould the situation be different if the pact had been respected?<br \/>\nP\u00fablico4<br \/>\n3. Elabora\u00e7\u00e3o e entrega do arquivo, para a avalia\u00e7\u00e3o do resultado, contendo:<br \/>\n\u2022 Introdu\u00e7\u00e3o escrita em ingl\u00eas, contextualizando a tem\u00e1tica do formul\u00e1rio.<br \/>\n\u2022 M\u00ednimo de 3 perguntas com first conditional.<br \/>\n\u2022 M\u00ednimo de 3 perguntas com second conditional.<br \/>\n\u2022 Link do forms. Envie junto \u00e0 esse documento print (c\u00f3pia de tela) do forms elaborado.<br \/>\nAvaliando os resultados:<br \/>\nConsiderando a atividade realizada e seus conhecimentos, avalie:<br \/>\n\u2022 Seu formul\u00e1rio cont\u00e9m perguntas claras, relevantes e com uso correto das estruturas first<br \/>\ne second conditional? Quais estrat\u00e9gias voc\u00ea usou para garantir isso?<br \/>\n\u2022 As perguntas formuladas no seu Google Forms ou Microsoft Forms refletem situa\u00e7\u00f5es<br \/>\nrealistas e poss\u00edveis no contexto da profiss\u00e3o de Rela\u00e7\u00f5es Internacionais? Explique por<br \/>\nqu\u00ea.<br \/>\n\u2022 Se um colega ou diplomata estrangeiro fosse responder ao seu formul\u00e1rio, ele conseguiria<br \/>\nentender a situa\u00e7\u00e3o proposta e responder com facilidade? Que elementos voc\u00ea incluiu<br \/>\npara facilitar essa compreens\u00e3o?<br \/>\nChecklist:<br \/>\n\u2022 Criar um Google Form ou Microsoft Forms com pelo menos 6 perguntas em ingl\u00eas (3 com<br \/>\nfirst conditional e 3 com second conditional) relacionadas a um contexto profissional da<br \/>\n\u00e1rea de Rela\u00e7\u00f5es Internacionais.<br \/>\n\u2022 Elabora\u00e7\u00e3o e revis\u00e3o do arquivo a ser entregue.<br \/>\n\u2022 Avaliar os resultados. Verificar clareza lingu\u00edstica, criatividade e adequa\u00e7\u00e3o ao curso.<br \/>\n\u2022 Enviar o arquivo pelo AVA<a href=\"http:\/\/portifolioos-prontos.com\">.<\/a><br \/>\nRESULTADOS<br \/>\nResultado da atividade:<br \/>\nAo final desta atividade, voc\u00ea dever\u00e1 conter:<br \/>\n\u2022 Introdu\u00e7\u00e3o escrita em ingl\u00eas, contextualizando a tem\u00e1tica do formul\u00e1rio.<br \/>\n\u2022 M\u00ednimo de 3 perguntas com first conditional.<br \/>\n\u2022 M\u00ednimo de 3 perguntas com second conditional.<br \/>\n\u2022 Link do forms. Envie junto \u00e0 esse documento print (c\u00f3pia de tela) do forms elaborado.<br \/>\nO arquivo n\u00e3o pode exceder o tamanho de 2Mb.<br \/>\nResultados de Aprendizagem:<br \/>\nP\u00fablico5<br \/>\nAo final da atividade, o estudante ser\u00e1 capaz de:<br \/>\n\u2022 Identificar e usar corretamente first e second conditional em contextos internacionais.<br \/>\n\u2022 Produzir materiais aut\u00eanticos em ingl\u00eas aplic\u00e1veis \u00e0 sua futura profiss\u00e3o.<br \/>\n\u2022 Demonstrar autonomia lingu\u00edstica, criatividade e pensamento estrat\u00e9gico por meio da<br \/>\ncria\u00e7\u00e3o de um recurso digital simples, funcional e realista.<br \/>\nRefer\u00eancias bibliogr\u00e1ficas:<br \/>\nDeepL. Dispon\u00edvel em: https:\/\/www.deepl.com\/en\/translator. Acesso em: 23 de jun. de 2025.<br \/>\nGOODREADS. Dispon\u00edvel em: https:\/\/www.goodreads.com. Acesso em: 23 de jun. de 2025.<br \/>\nGRAMMARLY. Dispon\u00edvel em: https:\/\/www.grammarly.com\/. Acesso em: 23 de jun. de 2025.<\/p>\n<div class=\"elementor-toggle-item\">\n<p id=\"elementor-tab-title-1941\" class=\"elementor-tab-title elementor-active\" tabindex=\"0\" role=\"tab\" data-tab=\"1\" aria-controls=\"elementor-tab-content-1941\" aria-expanded=\"true\" aria-selected=\"true\"><strong>Como funciona?<\/strong><\/p>\n<p>Elaboramos os portf\u00f3lios, j\u00e1 deixamos prontos, nas normas da ABNT e conforme os requisitos da universidade. F\u00e1cil assim! O MELHOR \u00c9 QUE VOC\u00ca COMPRA E J\u00c1 BAIXA NA HORA O SEU ARQUIVO EM WORD! Sabemos que conciliar trabalho, fam\u00edlia, vida profissional e estudos \u00e9 dif\u00edcil hoje em dia, por isso, estamos aqui para ajudar voc\u00ea. Conte com nossa qualidade, experi\u00eancia e profissionalismo adquirindo seu portf\u00f3lio conosco. GARANTIMOS SEU CONCEITO!<\/p>\n<p><strong>Como se realizam os envios?<\/strong><\/p>\n<\/div>\n<p id=\"elementor-tab-content-1942\" class=\"elementor-tab-content elementor-clearfix elementor-active\" role=\"tabpanel\" data-tab=\"2\" aria-labelledby=\"elementor-tab-title-1942\">O seu trabalho \u00e9 disponibilizado pronto, respondido e nas normas j\u00e1 na mesma hora aqui em nosso site na sua \u00e1rea de downloads e tamb\u00e9m no seu e-mail.<\/p>\n<p><strong>Em quanto tempo recebo o portf\u00f3lio?<\/strong><\/p>\n<p>Os envios s\u00e3o imediatos. Ap\u00f3s sua compra, o trabalho j\u00e1 \u00e9 disponibilizado instantaneamente aqui em nosso site e no seu e-mail.<\/p>\n<p><strong>E se o portf\u00f3lio que comprei precisar de corre\u00e7\u00e3o?<\/strong><\/p>\n<p>Caso haja alguma solicita\u00e7\u00e3o de corre\u00e7\u00e3o\/altera\u00e7\u00e3o por parte do tutor, basta entrar em contato conosco pelo\u00a0WhatsApp\u00a0que provid\u00eanciaremos sem custo algum.<\/p>\n<p><strong>Qual o formato do arquivo?<\/strong><\/p>\n<p>Os arquivos s\u00e3o enviados em formato Word e s\u00e3o edit\u00e1veis.<\/p>\n<p><strong>Caso eu tiver alguma d\u00favida, terei suporte no p\u00f3s venda?<\/strong><\/p>\n<p>Sim, com certeza. Basta clicar no \u00edcone do WhatsApp no cantinho da tela. Ser\u00e1 um prazer atend\u00ea-lo(a).<\/p>\n<div id=\"elementor-tab-content-1948\" class=\"elementor-tab-content elementor-clearfix elementor-active\" role=\"tabpanel\" data-tab=\"8\" aria-labelledby=\"elementor-tab-title-1948\">\n<p><strong>Quais os seus canais de contato?<\/strong><\/p>\n<\/div>\n<div id=\"elementor-tab-content-1949\" class=\"elementor-tab-content elementor-clearfix elementor-active\" role=\"tabpanel\" data-tab=\"9\" aria-labelledby=\"elementor-tab-title-1949\">\n<p>Whatsapp: 53 984751621 \u2013 Clicar no canto da tela ou ESCANEIE O QRCODE ABAIXO<\/p>\n<h4><img decoding=\"async\" class=\"alignnone wp-image-13699 jetpack-lazy-image jetpack-lazy-image--handled\" src=\"https:\/\/i0.wp.com\/portifolioos-prontos.com\/wp-content\/uploads\/2023\/02\/whatsapp-business-projeto-de-extensao-300x300.jpeg?resize=144%2C144\" sizes=\"(max-width: 144px) 100vw, 144px\" srcset=\"https:\/\/i0.wp.com\/portifolioos-prontos.com\/wp-content\/uploads\/2023\/02\/whatsapp-business-projeto-de-extensao.jpeg?resize=300%2C301&amp;ssl=1 300w, https:\/\/i0.wp.com\/portifolioos-prontos.com\/wp-content\/uploads\/2023\/02\/whatsapp-business-projeto-de-extensao.jpeg?resize=150%2C150&amp;ssl=1 150w, https:\/\/i0.wp.com\/portifolioos-prontos.com\/wp-content\/uploads\/2023\/02\/whatsapp-business-projeto-de-extensao.jpeg?resize=370%2C372&amp;ssl=1 370w, https:\/\/i0.wp.com\/portifolioos-prontos.com\/wp-content\/uploads\/2023\/02\/whatsapp-business-projeto-de-extensao.jpeg?resize=100%2C100&amp;ssl=1 100w, https:\/\/i0.wp.com\/portifolioos-prontos.com\/wp-content\/uploads\/2023\/02\/whatsapp-business-projeto-de-extensao.jpeg?w=470&amp;ssl=1 470w\" alt=\"projeto de extens\u00e3o unopar\" width=\"144\" height=\"144\" data-lazy-loaded=\"1\" \/><\/h4>\n<\/div>\n<div class=\"elementor-toggle-item\">\n<div id=\"elementor-tab-content-1949\" class=\"elementor-tab-content elementor-clearfix elementor-active\" role=\"tabpanel\" data-tab=\"9\" aria-labelledby=\"elementor-tab-title-1949\">\n<p>E-mail:portifoliosp@gmail.com<\/p>\n<div id=\"attachment_143\" class=\"wp-caption alignnone\">\n<div id=\"attachment_143\" class=\"wp-caption alignnone\">\n<p id=\"caption-attachment-143\" class=\"wp-caption-text\"><a href=\"http:\/\/portfolio-pronto.com\/\">Portf\u00f3lio<\/a>\u00a0em Word, respondido, completo e j\u00e1 nas normas<\/p>\n<\/div>\n<\/div>\n<\/div>\n<\/div>\n","protected":false},"excerpt":{"rendered":"<div class=\"product-short-description\"><strong>Pague pelo PIX ou cart\u00e3o e fa\u00e7a o download agora mesmo.<\/strong><\/div>\n<div class=\"sticky-add-to-cart-wrapper\">\n<div class=\"sticky-add-to-cart\">\n<p class=\"quantity buttons_added form-flat\"><img decoding=\"async\" class=\"lazyloaded smush-image-5 smush-image-3 smush-image-4 smush-detected-img smush-image-bigger-3\" src=\"https:\/\/d26lpennugtm8s.cloudfront.net\/assets\/common\/img\/logos\/payment\/visa@2x.png\" width=\"46\" height=\"29\" data-src=\"https:\/\/d26lpennugtm8s.cloudfront.net\/assets\/common\/img\/logos\/payment\/visa@2x.png\" \/><img decoding=\"async\" class=\"lazyloaded smush-image-6 smush-image-4 smush-image-5 smush-detected-img smush-image-bigger-4\" src=\"https:\/\/d26lpennugtm8s.cloudfront.net\/assets\/common\/img\/logos\/payment\/boleto@2x.png\" width=\"43\" height=\"27\" data-src=\"https:\/\/d26lpennugtm8s.cloudfront.net\/assets\/common\/img\/logos\/payment\/boleto@2x.png\" \/><img loading=\"lazy\" decoding=\"async\" class=\"lazyloaded smush-image-7 smush-image-5 smush-image-6 smush-detected-img smush-image-bigger-5\" src=\"https:\/\/d26lpennugtm8s.cloudfront.net\/assets\/common\/img\/logos\/payment\/mastercard@2x.png\" width=\"43\" height=\"27\" data-src=\"https:\/\/d26lpennugtm8s.cloudfront.net\/assets\/common\/img\/logos\/payment\/mastercard@2x.png\" \/><img loading=\"lazy\" decoding=\"async\" class=\"lazyloaded smush-image-8 smush-image-6 smush-image-7 smush-detected-img smush-image-bigger-6\" src=\"https:\/\/d26lpennugtm8s.cloudfront.net\/assets\/common\/img\/logos\/payment\/amex@2x.png\" width=\"43\" height=\"27\" data-src=\"https:\/\/d26lpennugtm8s.cloudfront.net\/assets\/common\/img\/logos\/payment\/amex@2x.png\" \/><img loading=\"lazy\" decoding=\"async\" class=\"lazyloaded smush-image-9 smush-image-7 smush-image-8 smush-detected-img smush-image-bigger-7\" src=\"https:\/\/d26lpennugtm8s.cloudfront.net\/assets\/common\/img\/logos\/payment\/diners@2x.png\" width=\"46\" height=\"29\" data-src=\"https:\/\/d26lpennugtm8s.cloudfront.net\/assets\/common\/img\/logos\/payment\/diners@2x.png\" \/><img loading=\"lazy\" decoding=\"async\" class=\"lazyloaded smush-image-10 smush-image-8 smush-image-9 alignnone smush-detected-img smush-image-bigger-8\" src=\"https:\/\/d26lpennugtm8s.cloudfront.net\/assets\/common\/img\/logos\/payment\/br\/elo@2x.png\" alt=\"portf\u00f3lio unopar anhanguera\" width=\"45\" height=\"28\" data-src=\"https:\/\/d26lpennugtm8s.cloudfront.net\/assets\/common\/img\/logos\/payment\/br\/elo@2x.png\" \/><img loading=\"lazy\" decoding=\"async\" class=\"lazyloaded smush-image-11 smush-image-9 smush-image-10 alignnone smush-detected-img smush-image-bigger-9\" src=\"https:\/\/d26lpennugtm8s.cloudfront.net\/assets\/common\/img\/logos\/payment\/br\/hipercard@2x.png\" alt=\"portf\u00f3lio unopar anhanguera\" width=\"44\" height=\"28\" data-src=\"https:\/\/d26lpennugtm8s.cloudfront.net\/assets\/common\/img\/logos\/payment\/br\/hipercard@2x.png\" \/><img loading=\"lazy\" decoding=\"async\" class=\"lazyloaded smush-image-12 smush-image-10 smush-image-11 alignnone smush-detected-img smush-image-bigger-10\" src=\"https:\/\/d26lpennugtm8s.cloudfront.net\/assets\/common\/img\/logos\/payment\/mercadopago@2x.png\" alt=\"portf\u00f3lio unopar anhanguera\" width=\"45\" height=\"28\" data-src=\"https:\/\/d26lpennugtm8s.cloudfront.net\/assets\/common\/img\/logos\/payment\/mercadopago@2x.png\" \/><img loading=\"lazy\" decoding=\"async\" class=\"alignnone ls-is-cached lazyloaded smush-detected-img smush-image-bigger-11\" src=\"https:\/\/futurium.com.br\/wp-content\/uploads\/2021\/06\/logo-pix-icone-512.png\" alt=\"portfolio pronto\" width=\"30\" height=\"30\" data-src=\"https:\/\/futurium.com.br\/wp-content\/uploads\/2021\/06\/logo-pix-icone-512.png\" \/><\/p>\n<\/div>\n<\/div>\n","protected":false},"featured_media":46067,"template":"","meta":{"_seopress_robots_primary_cat":"","_seopress_titles_title":"","_seopress_titles_desc":"","_seopress_robots_index":""},"product_cat":[219],"product_tag":[],"class_list":{"0":"post-45561","1":"product","2":"type-product","3":"status-publish","4":"has-post-thumbnail","6":"product_cat-ingles","8":"first","9":"instock","10":"shipping-taxable","11":"purchasable","12":"product-type-simple","13":"col-xs-6 col-sm-4","14":"col-mf-5","15":"un-5-cols"},"jetpack_sharing_enabled":true,"_links":{"self":[{"href":"https:\/\/portifolioos-prontos.com\/index.php\/wp-json\/wp\/v2\/product\/45561","targetHints":{"allow":["GET"]}}],"collection":[{"href":"https:\/\/portifolioos-prontos.com\/index.php\/wp-json\/wp\/v2\/product"}],"about":[{"href":"https:\/\/portifolioos-prontos.com\/index.php\/wp-json\/wp\/v2\/types\/product"}],"version-history":[{"count":1,"href":"https:\/\/portifolioos-prontos.com\/index.php\/wp-json\/wp\/v2\/product\/45561\/revisions"}],"predecessor-version":[{"id":45563,"href":"https:\/\/portifolioos-prontos.com\/index.php\/wp-json\/wp\/v2\/product\/45561\/revisions\/45563"}],"wp:featuredmedia":[{"embeddable":true,"href":"https:\/\/portifolioos-prontos.com\/index.php\/wp-json\/wp\/v2\/media\/46067"}],"wp:attachment":[{"href":"https:\/\/portifolioos-prontos.com\/index.php\/wp-json\/wp\/v2\/media?parent=45561"}],"wp:term":[{"taxonomy":"product_cat","embeddable":true,"href":"https:\/\/portifolioos-prontos.com\/index.php\/wp-json\/wp\/v2\/product_cat?post=45561"},{"taxonomy":"product_tag","embeddable":true,"href":"https:\/\/portifolioos-prontos.com\/index.php\/wp-json\/wp\/v2\/product_tag?post=45561"}],"curies":[{"name":"wp","href":"https:\/\/api.w.org\/{rel}","templated":true}]}}