{"id":45596,"date":"2025-10-02T22:19:15","date_gmt":"2025-10-03T01:19:15","guid":{"rendered":"https:\/\/portifolioos-prontos.com\/?post_type=product&#038;p=45596"},"modified":"2025-10-11T13:40:44","modified_gmt":"2025-10-11T16:40:44","slug":"estagio-supervisionado-ii-filosofia","status":"publish","type":"product","link":"https:\/\/portifolioos-prontos.com\/index.php\/product\/estagio-supervisionado-ii-filosofia\/","title":{"rendered":"Est\u00e1gio Supervisionado II Filosofia"},"content":{"rendered":"<p><strong>Est\u00e1gio Supervisionado II Filosofia<\/strong><\/p>\n<p>Plano de trabalho de est\u00e1gio cursos de licenciatura:\u00a0Est\u00e1gio\u00a0II ensino m\u00e9dio (Filosofia)<\/p>\n<p>Curso: Filosofia<\/p>\n<p>5\u00b0 e 6\u00b0 semestre<\/p>\n<p>150 horas<\/p>\n<hr \/>\n<p>CAMPO\u00a0DE EST\u00c1GIO: ENSINO M\u00c9DIO (exceto Pedagogia)<br \/>\nNo quadro a seguir, h\u00e1 a descri\u00e7\u00e3o do Plano de Trabalho a ser realizado pelo estudante,<br \/>\nem uma turma do ensino m\u00e9dio no componente curricular da \u00e1rea do respectivo curso,<br \/>\nconforme carga hor\u00e1ria total do respectivo est\u00e1gio especificado no quadro das p\u00e1ginas 3-4.<br \/>\nEsse Plano n\u00e3o pode ser realizado nas trilhas do itiner\u00e1rio formativo.<br \/>\nEsse\u00a0Plano de Trabalho n\u00e3o se aplica ao curso de Pedagogia<br \/>\nPlano de Trabalho Est\u00e1gio<br \/>\n150 h<br \/>\n160 h<br \/>\n175 h<br \/>\n*Atividade 1: Visita \u00e0 escola com a carta de apresenta\u00e7\u00e3o. 4h 4h 4h<br \/>\nAtividade 2: Leitura obrigat\u00f3ria e produ\u00e7\u00e3o de texto. 14h 16h 22h<br \/>\n*Atividade 3: An\u00e1lise do plano de trabalho docente e produ\u00e7\u00e3o de relato<br \/>\nbaseado na an\u00e1lise. 8h 8h 8h<br \/>\n*Atividade 4: An\u00e1lise de materiais did\u00e1ticos da escola e produ\u00e7\u00e3o de relato<br \/>\nbaseado na an\u00e1lise. 8h 8h 8h<br \/>\n*Atividade 5: Elabora\u00e7\u00e3o de atividade utilizando recurso did\u00e1tico de apoio<br \/>\nespec\u00edfico para a abordagem de temas contempor\u00e2neos transversais da BNCC<br \/>\n(meio ambiente, economia, sa\u00fade, cidadania e civismo, multiculturalismo e<br \/>\nci\u00eancia e tecnologia).<br \/>\n16h 16h 16h<br \/>\n*Atividade 6: An\u00e1lise do processo de implanta\u00e7\u00e3o da BNCC, conforme campo<br \/>\nde est\u00e1gio e elabora\u00e7\u00e3o do relato. 10h 10h 10h<br \/>\n*Atividade 7: An\u00e1lise dos instrumentos avaliativos utilizados pelo professor da<br \/>\ndisciplina conforme respectivo est\u00e1gio e elabora\u00e7\u00e3o de texto referente \u00e0<br \/>\nan\u00e1lise.<br \/>\n10h 10h 10h<br \/>\n*Atividade 8: An\u00e1lise da atua\u00e7\u00e3o da equipe pedag\u00f3gica no acompanhamento<br \/>\ndo desenvolvimento da disciplina, conforme respectivo est\u00e1gio, e elabora\u00e7\u00e3o de<br \/>\ntexto referente \u00e0 an\u00e1lise<br \/>\n14h 14h 14h<br \/>\n*Atividade 9: Observa\u00e7\u00e3o e participa\u00e7\u00e3o em aulas, conforme respectivo est\u00e1gio.<br \/>\nEst\u00e1gio de 150 horas: 12 horas.<br \/>\nEst\u00e1gio de 160 horas: 12 horas.<br \/>\nEst\u00e1gio de 175 horas: 12 horas.<br \/>\n12h 12h 12h<br \/>\nAtividade 10: Elabora\u00e7\u00e3o do relato da observa\u00e7\u00e3o. 10h 10h 10h<br \/>\nAtividade 11: Elabora\u00e7\u00e3o de um plano de aula para cada aula para uma mesma<br \/>\nturma, conforme campo de est\u00e1gio.<br \/>\nEst\u00e1gio de 150 horas: 3 horas \u2013 3 planos.<br \/>\nEst\u00e1gio de 160 horas: 4 horas \u2013 4 planos<br \/>\nEst\u00e1gio de 175 horas: 5 horas \u2013 5 planos<br \/>\n15h 20h 25h<br \/>\n*Atividade 12: Apresenta\u00e7\u00e3o dos planos de aula para o professor regente e<br \/>\nelabora\u00e7\u00e3o do relato. 6h 6h 6h<br \/>\n*Atividade 13: Reg\u00eancia (em uma das turmas em que realizou as observa\u00e7\u00f5es e<br \/>\nparticipa\u00e7\u00f5es), conforme respectivo est\u00e1gio. 3h 4h 5h<br \/>\nAtividade 14: Relato da reg\u00eancia. 8h 10h 13h<br \/>\nAtividade 15: Produ\u00e7\u00e3o do Relat\u00f3rio de Est\u00e1gio. 10h 10h 10h<br \/>\n*Atividade 16: Valida\u00e7\u00e3o do Relat\u00f3rio do Est\u00e1gio. 2h 2h 2h<\/p>\n<p>Plano de trabalho de est\u00e1gio cursos de licenciatura: Est\u00e1gio II ensino m\u00e9dio (Filosofia)<\/p>\n<div class=\"elementor-toggle-item\">\n<p id=\"elementor-tab-title-1941\" class=\"elementor-tab-title elementor-active\" tabindex=\"0\" role=\"tab\" data-tab=\"1\" aria-controls=\"elementor-tab-content-1941\" aria-expanded=\"true\" aria-selected=\"true\"><strong>Como funciona?<\/strong><\/p>\n<p>Elaboramos os portf\u00f3lios, j\u00e1 deixamos prontos, nas normas da ABNT e conforme os requisitos da universidade. F\u00e1cil assim! O MELHOR \u00c9 QUE VOC\u00ca COMPRA E J\u00c1 BAIXA NA HORA O SEU ARQUIVO EM WORD! Sabemos que conciliar trabalho, fam\u00edlia, vida profissional e estudos \u00e9 dif\u00edcil hoje em dia, por isso, estamos aqui para ajudar voc\u00ea. Conte com nossa qualidade, experi\u00eancia e profissionalismo adquirindo seu portf\u00f3lio conosco. GARANTIMOS SEU CONCEITO!<\/p>\n<p><strong>Como se realizam os envios?<\/strong><\/p>\n<\/div>\n<p id=\"elementor-tab-content-1942\" class=\"elementor-tab-content elementor-clearfix elementor-active\" role=\"tabpanel\" data-tab=\"2\" aria-labelledby=\"elementor-tab-title-1942\">O seu trabalho \u00e9 disponibilizado pronto, respondido e nas normas j\u00e1 na mesma hora aqui em nosso site na sua \u00e1rea de downloads e tamb\u00e9m no seu e-mail.<\/p>\n<p><strong>Em quanto tempo recebo o portf\u00f3lio?<\/strong><\/p>\n<p>Os envios s\u00e3o imediatos. Ap\u00f3s sua compra, o trabalho j\u00e1 \u00e9 disponibilizado instantaneamente aqui em nosso site e no seu e-mail.<\/p>\n<p><strong>E se o portf\u00f3lio que comprei precisar de corre\u00e7\u00e3o?<\/strong><\/p>\n<p>Caso haja alguma solicita\u00e7\u00e3o de corre\u00e7\u00e3o\/altera\u00e7\u00e3o por parte do tutor, basta entrar em contato conosco pelo\u00a0WhatsApp\u00a0que provid\u00eanciaremos sem custo algum.<\/p>\n<p><strong>Qual o formato do arquivo?<\/strong><\/p>\n<p>Os arquivos s\u00e3o enviados em formato Word e s\u00e3o edit\u00e1veis.<\/p>\n<p><strong>Caso eu tiver alguma d\u00favida, terei suporte no p\u00f3s venda?<\/strong><\/p>\n<p>Sim, com certeza. Basta clicar no \u00edcone do WhatsApp no cantinho da tela. Ser\u00e1 um prazer atend\u00ea-lo(a).<\/p>\n<div id=\"elementor-tab-content-1948\" class=\"elementor-tab-content elementor-clearfix elementor-active\" role=\"tabpanel\" data-tab=\"8\" aria-labelledby=\"elementor-tab-title-1948\">\n<p><strong>Quais os seus canais de contato?<\/strong><\/p>\n<\/div>\n<div id=\"elementor-tab-content-1949\" class=\"elementor-tab-content elementor-clearfix elementor-active\" role=\"tabpanel\" data-tab=\"9\" aria-labelledby=\"elementor-tab-title-1949\">\n<p>Whatsapp: 53 984751621 \u2013 Clicar no canto da tela ou ESCANEIE O QRCODE ABAIXO<\/p>\n<h4><img decoding=\"async\" class=\"alignnone wp-image-13699 jetpack-lazy-image jetpack-lazy-image--handled\" src=\"https:\/\/i0.wp.com\/portifolioos-prontos.com\/wp-content\/uploads\/2023\/02\/whatsapp-business-projeto-de-extensao-300x300.jpeg?resize=144%2C144\" sizes=\"(max-width: 144px) 100vw, 144px\" srcset=\"https:\/\/i0.wp.com\/portifolioos-prontos.com\/wp-content\/uploads\/2023\/02\/whatsapp-business-projeto-de-extensao.jpeg?resize=300%2C301&amp;ssl=1 300w, https:\/\/i0.wp.com\/portifolioos-prontos.com\/wp-content\/uploads\/2023\/02\/whatsapp-business-projeto-de-extensao.jpeg?resize=150%2C150&amp;ssl=1 150w, https:\/\/i0.wp.com\/portifolioos-prontos.com\/wp-content\/uploads\/2023\/02\/whatsapp-business-projeto-de-extensao.jpeg?resize=370%2C372&amp;ssl=1 370w, https:\/\/i0.wp.com\/portifolioos-prontos.com\/wp-content\/uploads\/2023\/02\/whatsapp-business-projeto-de-extensao.jpeg?resize=100%2C100&amp;ssl=1 100w, https:\/\/i0.wp.com\/portifolioos-prontos.com\/wp-content\/uploads\/2023\/02\/whatsapp-business-projeto-de-extensao.jpeg?w=470&amp;ssl=1 470w\" alt=\"projeto de extens\u00e3o unopar\" width=\"144\" height=\"144\" data-lazy-loaded=\"1\" \/><\/h4>\n<\/div>\n<div class=\"elementor-toggle-item\">\n<div id=\"elementor-tab-content-1949\" class=\"elementor-tab-content elementor-clearfix elementor-active\" role=\"tabpanel\" data-tab=\"9\" aria-labelledby=\"elementor-tab-title-1949\">\n<p>E-mail:portifoliosp@gmail.com<\/p>\n<div id=\"attachment_143\" class=\"wp-caption alignnone\">\n<div id=\"attachment_143\" class=\"wp-caption alignnone\">\n<p id=\"caption-attachment-143\" class=\"wp-caption-text\"><a href=\"http:\/\/portfolio-pronto.com\/\">Portf\u00f3lio<\/a>\u00a0em Word, respondido, completo e j\u00e1 nas normas<\/p>\n<\/div>\n<\/div>\n<\/div>\n<\/div>\n","protected":false},"excerpt":{"rendered":"<div class=\"product-short-description\"><strong>Pague pelo PIX ou cart\u00e3o e fa\u00e7a o download agora mesmo.<\/strong><\/div>\n<div class=\"sticky-add-to-cart-wrapper\">\n<div class=\"sticky-add-to-cart\">\n<p class=\"quantity buttons_added form-flat\"><img decoding=\"async\" class=\"lazyloaded smush-image-5 smush-image-3 smush-image-4 smush-detected-img smush-image-bigger-3\" src=\"https:\/\/d26lpennugtm8s.cloudfront.net\/assets\/common\/img\/logos\/payment\/visa@2x.png\" width=\"46\" height=\"29\" data-src=\"https:\/\/d26lpennugtm8s.cloudfront.net\/assets\/common\/img\/logos\/payment\/visa@2x.png\" \/><img decoding=\"async\" class=\"lazyloaded smush-image-6 smush-image-4 smush-image-5 smush-detected-img smush-image-bigger-4\" src=\"https:\/\/d26lpennugtm8s.cloudfront.net\/assets\/common\/img\/logos\/payment\/boleto@2x.png\" width=\"43\" height=\"27\" data-src=\"https:\/\/d26lpennugtm8s.cloudfront.net\/assets\/common\/img\/logos\/payment\/boleto@2x.png\" \/><img loading=\"lazy\" decoding=\"async\" class=\"lazyloaded smush-image-7 smush-image-5 smush-image-6 smush-detected-img smush-image-bigger-5\" src=\"https:\/\/d26lpennugtm8s.cloudfront.net\/assets\/common\/img\/logos\/payment\/mastercard@2x.png\" width=\"43\" height=\"27\" data-src=\"https:\/\/d26lpennugtm8s.cloudfront.net\/assets\/common\/img\/logos\/payment\/mastercard@2x.png\" \/><img loading=\"lazy\" decoding=\"async\" class=\"lazyloaded smush-image-8 smush-image-6 smush-image-7 smush-detected-img smush-image-bigger-6\" src=\"https:\/\/d26lpennugtm8s.cloudfront.net\/assets\/common\/img\/logos\/payment\/amex@2x.png\" width=\"43\" height=\"27\" data-src=\"https:\/\/d26lpennugtm8s.cloudfront.net\/assets\/common\/img\/logos\/payment\/amex@2x.png\" \/><img loading=\"lazy\" decoding=\"async\" class=\"lazyloaded smush-image-9 smush-image-7 smush-image-8 smush-detected-img smush-image-bigger-7\" src=\"https:\/\/d26lpennugtm8s.cloudfront.net\/assets\/common\/img\/logos\/payment\/diners@2x.png\" width=\"46\" height=\"29\" data-src=\"https:\/\/d26lpennugtm8s.cloudfront.net\/assets\/common\/img\/logos\/payment\/diners@2x.png\" \/><img loading=\"lazy\" decoding=\"async\" class=\"lazyloaded smush-image-10 smush-image-8 smush-image-9 alignnone smush-detected-img smush-image-bigger-8\" src=\"https:\/\/d26lpennugtm8s.cloudfront.net\/assets\/common\/img\/logos\/payment\/br\/elo@2x.png\" alt=\"portf\u00f3lio unopar anhanguera\" width=\"45\" height=\"28\" data-src=\"https:\/\/d26lpennugtm8s.cloudfront.net\/assets\/common\/img\/logos\/payment\/br\/elo@2x.png\" \/><img loading=\"lazy\" decoding=\"async\" class=\"lazyloaded smush-image-11 smush-image-9 smush-image-10 alignnone smush-detected-img smush-image-bigger-9\" src=\"https:\/\/d26lpennugtm8s.cloudfront.net\/assets\/common\/img\/logos\/payment\/br\/hipercard@2x.png\" alt=\"portf\u00f3lio unopar anhanguera\" width=\"44\" height=\"28\" data-src=\"https:\/\/d26lpennugtm8s.cloudfront.net\/assets\/common\/img\/logos\/payment\/br\/hipercard@2x.png\" \/><img loading=\"lazy\" decoding=\"async\" class=\"lazyloaded smush-image-12 smush-image-10 smush-image-11 alignnone smush-detected-img smush-image-bigger-10\" src=\"https:\/\/d26lpennugtm8s.cloudfront.net\/assets\/common\/img\/logos\/payment\/mercadopago@2x.png\" alt=\"portf\u00f3lio unopar anhanguera\" width=\"45\" height=\"28\" data-src=\"https:\/\/d26lpennugtm8s.cloudfront.net\/assets\/common\/img\/logos\/payment\/mercadopago@2x.png\" \/><img loading=\"lazy\" decoding=\"async\" class=\"alignnone ls-is-cached lazyloaded smush-detected-img smush-image-bigger-11\" src=\"https:\/\/futurium.com.br\/wp-content\/uploads\/2021\/06\/logo-pix-icone-512.png\" alt=\"portfolio pronto\" width=\"30\" height=\"30\" data-src=\"https:\/\/futurium.com.br\/wp-content\/uploads\/2021\/06\/logo-pix-icone-512.png\" \/><\/p>\n<\/div>\n<\/div>\n","protected":false},"featured_media":46066,"template":"","meta":{"_seopress_robots_primary_cat":"","_seopress_titles_title":"","_seopress_titles_desc":"","_seopress_robots_index":""},"product_cat":[116],"product_tag":[],"class_list":{"0":"post-45596","1":"product","2":"type-product","3":"status-publish","4":"has-post-thumbnail","6":"product_cat-filosofia","8":"first","9":"instock","10":"downloadable","11":"virtual","12":"purchasable","13":"product-type-simple","14":"col-xs-6 col-sm-4","15":"col-mf-5","16":"un-5-cols"},"jetpack_sharing_enabled":true,"_links":{"self":[{"href":"https:\/\/portifolioos-prontos.com\/index.php\/wp-json\/wp\/v2\/product\/45596","targetHints":{"allow":["GET"]}}],"collection":[{"href":"https:\/\/portifolioos-prontos.com\/index.php\/wp-json\/wp\/v2\/product"}],"about":[{"href":"https:\/\/portifolioos-prontos.com\/index.php\/wp-json\/wp\/v2\/types\/product"}],"version-history":[{"count":1,"href":"https:\/\/portifolioos-prontos.com\/index.php\/wp-json\/wp\/v2\/product\/45596\/revisions"}],"predecessor-version":[{"id":45597,"href":"https:\/\/portifolioos-prontos.com\/index.php\/wp-json\/wp\/v2\/product\/45596\/revisions\/45597"}],"wp:featuredmedia":[{"embeddable":true,"href":"https:\/\/portifolioos-prontos.com\/index.php\/wp-json\/wp\/v2\/media\/46066"}],"wp:attachment":[{"href":"https:\/\/portifolioos-prontos.com\/index.php\/wp-json\/wp\/v2\/media?parent=45596"}],"wp:term":[{"taxonomy":"product_cat","embeddable":true,"href":"https:\/\/portifolioos-prontos.com\/index.php\/wp-json\/wp\/v2\/product_cat?post=45596"},{"taxonomy":"product_tag","embeddable":true,"href":"https:\/\/portifolioos-prontos.com\/index.php\/wp-json\/wp\/v2\/product_tag?post=45596"}],"curies":[{"name":"wp","href":"https:\/\/api.w.org\/{rel}","templated":true}]}}