{"id":45607,"date":"2025-10-03T12:36:25","date_gmt":"2025-10-03T15:36:25","guid":{"rendered":"https:\/\/portifolioos-prontos.com\/?post_type=product&#038;p=45607"},"modified":"2025-10-10T23:29:55","modified_gmt":"2025-10-11T02:29:55","slug":"aula-pratica-morfossintaxe-da-lingua-espanhola","status":"publish","type":"product","link":"https:\/\/portifolioos-prontos.com\/index.php\/product\/aula-pratica-morfossintaxe-da-lingua-espanhola\/","title":{"rendered":"Aula Pr\u00e1tica Morfossintaxe da Lingua Espanhola"},"content":{"rendered":"<p><strong>Aula Pr\u00e1tica Morfossintaxe da Lingua Espanhola<\/strong><\/p>\n<p>ROTEIRO DE AULA PR\u00c1TICA<br \/>\nNOME DA DISCIPLINA: MORFOSSINTAXE DA L\u00cdNGUA ESPANHOLA<br \/>\nUnidade: U1_INTRODU\u00c7\u00c3O_\u00c0_L\u00cdNGUA_ESPANHOLA<br \/>\nAula: A3_OS_PRONOMES &#8211; I<br \/>\nOBJETIVOS<br \/>\nDefini\u00e7\u00e3o dos objetivos da aula pr\u00e1tica:<br \/>\nOrganizar e sintetizar informa\u00e7\u00f5es morfossint\u00e1ticas, aprimorando a compreens\u00e3o da estrutura<br \/>\nlingu\u00edstica e o uso adequado dos pronomes por meio da an\u00e1lise e aplica\u00e7\u00e3o pr\u00e1tica em atividades<br \/>\ncomunicativas.<br \/>\nEstimular o pensamento cr\u00edtico e a capacidade de relacionar conceitos lingu\u00edsticos, valorizando o<br \/>\npapel dos pronomes na constru\u00e7\u00e3o do discurso e na produ\u00e7\u00e3o oral e escrita em espanhol.<br \/>\nSOLU\u00c7\u00c3O DIGITAL:<br \/>\nNo computador: Utiliza\u00e7\u00e3o de ferramentas como a plataforma Canva ou outras ferramentas<br \/>\ndigitais similares.<br \/>\nPROCEDIMENTOS PR\u00c1TICOS E APLICA\u00c7\u00d5ES<br \/>\nProcedimento\/Atividade n\u00ba 1<br \/>\nMAPA MENTAL (LOS PRONOMBRES EN ESPA\u00d1OL)<br \/>\nAtividade proposta: Criar um mapa mental que sintetize os principais conhecimentos, t\u00e9cnicas<br \/>\ne experi\u00eancias adquiridas durante o estudo dos pronomes pessoais, demonstrativos e<br \/>\npossessivos da L\u00edngua Espanhola.<br \/>\nProcedimentos para a realiza\u00e7\u00e3o da atividade:<br \/>\n1. Revise os conte\u00fados apresentados na Unidade 1 \u2013 Aula 3 da disciplina, especialmente<br \/>\nos conceitos de:<br \/>\na) Los pronombres personales;<br \/>\nb) Voseo y tuteo;<br \/>\nc) Los pronombres personales reflexivos y rec\u00edprocos;<br \/>\nd) Los pronombres demonstrativos;<br \/>\nP\u00fablico3<br \/>\ne) Los pronombres posesivos.<br \/>\n2. Pesquisa complementar:<br \/>\nBusque mais informa\u00e7\u00f5es sobre o tema acessando os seguintes materiais:<br \/>\n\u2022 EBANKS, Noem\u00ed Frida Ebanks; AGUILA, Arianne Boucourt. El pronombre.<br \/>\nClasificaci\u00f3n. Funciones. REMIJ [Internet], 2019. Disponible en:<br \/>\nhttps:\/\/remij.sld.cu\/index.php\/remij\/article\/view\/218. Acesso em: 26 jun. 2025.<br \/>\n\u2022 PALACIOS, Sandra P. El uso de t\u00fa, vos, usted en el espa\u00f1ol de las Am\u00e9ricas.<br \/>\nUniversidad Nacional Costa Rica, 2018. Disponible en:<br \/>\nhttps:\/\/repositorio.una.ac.cr\/items\/06cd5bca-314b-4816-9043-560b3d6b518d.<br \/>\nAcesso em: 26 jun. 2025.<br \/>\nAp\u00f3s revisar os conte\u00fados da Unidade 1 \u2013 Aula 3, bem como os materiais complementares<br \/>\nindicados, elabore uma introdu\u00e7\u00e3o com, no m\u00ednimo, 10 linhas. Nesta introdu\u00e7\u00e3o, voc\u00ea deve<br \/>\napresentar os principais conceitos estudados sobre os pronomes em espanhol.<br \/>\n3. Constru\u00e7\u00e3o do mapa mental:<br \/>\nOrganize suas ideias em um mapa mental visualmente atrativo e bem estruturado, com<br \/>\nramifica\u00e7\u00f5es que representem os principais t\u00f3picos e subtemas.<br \/>\nMapa mental: ferramenta que conta com v\u00e1rios elementos, como cores, s\u00edmbolos e,<br \/>\nprincipalmente, uma estrutura baseada em ramifica\u00e7\u00f5es. Desse modo, possibilita a associa\u00e7\u00e3o<br \/>\nde uma informa\u00e7\u00e3o a outras por meio de esquemas, de ramifica\u00e7\u00f5es e de uso de palavras-chave.<br \/>\nP\u00fablico4<br \/>\n(Dispon\u00edvel em: https:\/\/www.tecnologiaeinovacao.com\/2022\/11\/mapa-mental.html. Acesso em:<br \/>\n30 jun. 2025.)<br \/>\nUtilize ferramentas digitais (como Canva, MindMeister, PowerPoint) para elaborar um<br \/>\nmapa mental visual, incluindo:<br \/>\na) T\u00edtulo central: Los Pronombres en Espa\u00f1ol<br \/>\nb) Ramos principais: los pronombres personales; los pronombres demonstrativos; los<br \/>\npronombres posesivos.<br \/>\nc) Use cores, setas, \u00edcones ou s\u00edmbolos para destacar categorias e facilitar a<br \/>\nmemoriza\u00e7\u00e3o.<br \/>\n4. Ap\u00f3s a constru\u00e7\u00e3o do mapa mental, elabore um texto reflexivo (m\u00ednimo 10 linhas)<br \/>\nrelatando:<br \/>\na) O que voc\u00ea aprendeu;<br \/>\nb) O que mais chamou sua aten\u00e7\u00e3o nos usos dos pronomes;<br \/>\nc) Como esses conhecimentos podem ser \u00fateis na leitura, escrita e fala em espanhol.<br \/>\n5. O arquivo dever\u00e1 ser postado no AVA, para a avalia\u00e7\u00e3o do resultado, contendo:<br \/>\na) O mapa mental elaborado, conforme etapa 3.<br \/>\nb) O texto reflexivo, conforme etapa 4.<br \/>\n6. 6. Avaliando os resultados:<br \/>\na) O mapa mental contempla os tr\u00eas tipos de pronomes estudados?<br \/>\nb) Voc\u00ea conseguiu apresentar visualmente os principais conceitos e exemplos?<br \/>\nc) O texto reflexivo demonstra entendimento dos temas e uso correto do vocabul\u00e1rio?<br \/>\n7. Checklist:<br \/>\n\u2022 Leitura e revis\u00e3o dos materiais<br \/>\n\u2022 Organiza\u00e7\u00e3o e estrutura do mapa mental<br \/>\n\u2022 Inclus\u00e3o de exemplos contextualizados<br \/>\n\u2022 Registro e envio do material completo<br \/>\n\u2022 Texto reflexivo com linguagem clara e coerente<br \/>\nRESULTADOS<br \/>\nResultado da atividade:<br \/>\nAo final dessa atividade, voc\u00ea dever\u00e1 enviar um arquivo em word contendo:<br \/>\na) O mapa mental elaborado, conforme etapa 3.<br \/>\nP\u00fablico5<br \/>\nb) O texto reflexivo, conforme etapa 4.<br \/>\nO arquivo n\u00e3o pode exceder o tamanho de 2Mb.<br \/>\n\u2022 Refer\u00eancias bibliogr\u00e1ficas ABNT (quando houver).<br \/>\nResultados de Aprendizagem:<br \/>\nCom esta atividade, espera-se que o(a) estudante:<br \/>\n\u2022 Organize visualmente os principais conhecimentos sobre os pronomes da L\u00edngua<br \/>\nEspanhola;<br \/>\n\u2022 Desenvolva a capacidade de identificar, diferenciar e empregar corretamente pronomes<br \/>\npessoais, demonstrativos e possessivos;<br \/>\n\u2022 Aplique t\u00e9cnicas de estudo como o mapa mental para melhorar a compreens\u00e3o<br \/>\nmorfossint\u00e1tica.<\/p>\n<div class=\"elementor-toggle-item\">\n<p id=\"elementor-tab-title-1941\" class=\"elementor-tab-title elementor-active\" tabindex=\"0\" role=\"tab\" data-tab=\"1\" aria-controls=\"elementor-tab-content-1941\" aria-expanded=\"true\" aria-selected=\"true\"><strong>Como funciona?<\/strong><\/p>\n<p>Elaboramos os portf\u00f3lios, j\u00e1 deixamos prontos, nas normas da ABNT e conforme os requisitos da universidade. F\u00e1cil assim! O MELHOR \u00c9 QUE VOC\u00ca COMPRA E J\u00c1 BAIXA NA HORA O SEU ARQUIVO EM WORD! Sabemos que conciliar trabalho, fam\u00edlia, vida profissional e estudos \u00e9 dif\u00edcil hoje em dia, por isso, estamos aqui para ajudar voc\u00ea. Conte com nossa qualidade, experi\u00eancia e profissionalismo adquirindo seu portf\u00f3lio conosco. GARANTIMOS SEU CONCEITO!<\/p>\n<p><strong>Como se realizam os envios?<\/strong><\/p>\n<\/div>\n<p id=\"elementor-tab-content-1942\" class=\"elementor-tab-content elementor-clearfix elementor-active\" role=\"tabpanel\" data-tab=\"2\" aria-labelledby=\"elementor-tab-title-1942\">O seu trabalho \u00e9 disponibilizado pronto, respondido e nas normas j\u00e1 na mesma hora aqui em nosso site na sua \u00e1rea de downloads e tamb\u00e9m no seu e-mail.<\/p>\n<p><strong>Em quanto tempo recebo o portf\u00f3lio?<\/strong><\/p>\n<p>Os envios s\u00e3o imediatos. Ap\u00f3s sua compra, o trabalho j\u00e1 \u00e9 disponibilizado instantaneamente aqui em nosso site e no seu e-mail.<\/p>\n<p><strong>E se o portf\u00f3lio que comprei precisar de corre\u00e7\u00e3o?<\/strong><\/p>\n<p>Caso haja alguma solicita\u00e7\u00e3o de corre\u00e7\u00e3o\/altera\u00e7\u00e3o por parte do tutor, basta entrar em contato conosco pelo\u00a0WhatsApp\u00a0que provid\u00eanciaremos sem custo algum.<\/p>\n<p><strong>Qual o formato do arquivo?<\/strong><\/p>\n<p>Os arquivos s\u00e3o enviados em formato Word e s\u00e3o edit\u00e1veis.<\/p>\n<p><strong>Caso eu tiver alguma d\u00favida, terei suporte no p\u00f3s venda?<\/strong><\/p>\n<p>Sim, com certeza. Basta clicar no \u00edcone do WhatsApp no cantinho da tela. Ser\u00e1 um prazer atend\u00ea-lo(a).<\/p>\n<div id=\"elementor-tab-content-1948\" class=\"elementor-tab-content elementor-clearfix elementor-active\" role=\"tabpanel\" data-tab=\"8\" aria-labelledby=\"elementor-tab-title-1948\">\n<p><strong>Quais os seus canais de contato?<\/strong><\/p>\n<\/div>\n<div id=\"elementor-tab-content-1949\" class=\"elementor-tab-content elementor-clearfix elementor-active\" role=\"tabpanel\" data-tab=\"9\" aria-labelledby=\"elementor-tab-title-1949\">\n<p>Whatsapp: 53 984751621 \u2013 Clicar no canto da tela ou ESCANEIE O QRCODE ABAIXO<\/p>\n<h4><img decoding=\"async\" class=\"alignnone wp-image-13699 jetpack-lazy-image jetpack-lazy-image--handled\" src=\"https:\/\/i0.wp.com\/portifolioos-prontos.com\/wp-content\/uploads\/2023\/02\/whatsapp-business-projeto-de-extensao-300x300.jpeg?resize=144%2C144\" sizes=\"(max-width: 144px) 100vw, 144px\" srcset=\"https:\/\/i0.wp.com\/portifolioos-prontos.com\/wp-content\/uploads\/2023\/02\/whatsapp-business-projeto-de-extensao.jpeg?resize=300%2C301&amp;ssl=1 300w, https:\/\/i0.wp.com\/portifolioos-prontos.com\/wp-content\/uploads\/2023\/02\/whatsapp-business-projeto-de-extensao.jpeg?resize=150%2C150&amp;ssl=1 150w, https:\/\/i0.wp.com\/portifolioos-prontos.com\/wp-content\/uploads\/2023\/02\/whatsapp-business-projeto-de-extensao.jpeg?resize=370%2C372&amp;ssl=1 370w, https:\/\/i0.wp.com\/portifolioos-prontos.com\/wp-content\/uploads\/2023\/02\/whatsapp-business-projeto-de-extensao.jpeg?resize=100%2C100&amp;ssl=1 100w, https:\/\/i0.wp.com\/portifolioos-prontos.com\/wp-content\/uploads\/2023\/02\/whatsapp-business-projeto-de-extensao.jpeg?w=470&amp;ssl=1 470w\" alt=\"projeto de extens\u00e3o unopar\" width=\"144\" height=\"144\" data-lazy-loaded=\"1\" \/><\/h4>\n<\/div>\n<div class=\"elementor-toggle-item\">\n<div id=\"elementor-tab-content-1949\" class=\"elementor-tab-content elementor-clearfix elementor-active\" role=\"tabpanel\" data-tab=\"9\" aria-labelledby=\"elementor-tab-title-1949\">\n<p>E-mail:portifoliosp@gmail.com<\/p>\n<div id=\"attachment_143\" class=\"wp-caption alignnone\">\n<div id=\"attachment_143\" class=\"wp-caption alignnone\">\n<p id=\"caption-attachment-143\" class=\"wp-caption-text\"><a href=\"http:\/\/portfolio-pronto.com\/\">Portf\u00f3lio<\/a>\u00a0em Word, respondido, completo e j\u00e1 nas normas<\/p>\n<\/div>\n<\/div>\n<\/div>\n<\/div>\n","protected":false},"excerpt":{"rendered":"<div class=\"product-short-description\">\n<p><strong>Pague pelo PIX ou cart\u00e3o e fa\u00e7a o download agora mesmo.<\/strong><\/p>\n<\/div>\n<div class=\"sticky-add-to-cart-wrapper\">\n<div class=\"sticky-add-to-cart\">\n<p class=\"quantity buttons_added form-flat\"><a href=\"https:\/\/portifolioos-prontos.com\/index.php\/product\/projeto-de-extensao-ii-engenharia-de-producao\/\"><img decoding=\"async\" class=\"lazyloaded smush-image-5 smush-image-3 smush-image-4 smush-detected-img smush-image-bigger-3\" src=\"https:\/\/d26lpennugtm8s.cloudfront.net\/assets\/common\/img\/logos\/payment\/visa@2x.png\" width=\"46\" height=\"29\" data-src=\"https:\/\/d26lpennugtm8s.cloudfront.net\/assets\/common\/img\/logos\/payment\/visa@2x.png\" \/><img decoding=\"async\" class=\"lazyloaded smush-image-6 smush-image-4 smush-image-5 smush-detected-img smush-image-bigger-4\" src=\"https:\/\/d26lpennugtm8s.cloudfront.net\/assets\/common\/img\/logos\/payment\/boleto@2x.png\" width=\"43\" height=\"27\" data-src=\"https:\/\/d26lpennugtm8s.cloudfront.net\/assets\/common\/img\/logos\/payment\/boleto@2x.png\" \/><img loading=\"lazy\" decoding=\"async\" class=\"lazyloaded smush-image-7 smush-image-5 smush-image-6 smush-detected-img smush-image-bigger-5\" src=\"https:\/\/d26lpennugtm8s.cloudfront.net\/assets\/common\/img\/logos\/payment\/mastercard@2x.png\" width=\"43\" height=\"27\" data-src=\"https:\/\/d26lpennugtm8s.cloudfront.net\/assets\/common\/img\/logos\/payment\/mastercard@2x.png\" \/><img loading=\"lazy\" decoding=\"async\" class=\"lazyloaded smush-image-8 smush-image-6 smush-image-7 smush-detected-img smush-image-bigger-6\" src=\"https:\/\/d26lpennugtm8s.cloudfront.net\/assets\/common\/img\/logos\/payment\/amex@2x.png\" width=\"43\" height=\"27\" data-src=\"https:\/\/d26lpennugtm8s.cloudfront.net\/assets\/common\/img\/logos\/payment\/amex@2x.png\" \/><img loading=\"lazy\" decoding=\"async\" class=\"lazyloaded smush-image-9 smush-image-7 smush-image-8 smush-detected-img smush-image-bigger-7\" src=\"https:\/\/d26lpennugtm8s.cloudfront.net\/assets\/common\/img\/logos\/payment\/diners@2x.png\" width=\"46\" height=\"29\" data-src=\"https:\/\/d26lpennugtm8s.cloudfront.net\/assets\/common\/img\/logos\/payment\/diners@2x.png\" \/><img loading=\"lazy\" decoding=\"async\" class=\"lazyloaded smush-image-10 smush-image-8 smush-image-9 alignnone smush-detected-img smush-image-bigger-8\" src=\"https:\/\/d26lpennugtm8s.cloudfront.net\/assets\/common\/img\/logos\/payment\/br\/elo@2x.png\" alt=\"portf\u00f3lio unopar anhanguera\" width=\"45\" height=\"28\" data-src=\"https:\/\/d26lpennugtm8s.cloudfront.net\/assets\/common\/img\/logos\/payment\/br\/elo@2x.png\" \/><img loading=\"lazy\" decoding=\"async\" class=\"lazyloaded smush-image-11 smush-image-9 smush-image-10 alignnone smush-detected-img smush-image-bigger-9\" src=\"https:\/\/d26lpennugtm8s.cloudfront.net\/assets\/common\/img\/logos\/payment\/br\/hipercard@2x.png\" alt=\"portf\u00f3lio unopar anhanguera\" width=\"44\" height=\"28\" data-src=\"https:\/\/d26lpennugtm8s.cloudfront.net\/assets\/common\/img\/logos\/payment\/br\/hipercard@2x.png\" \/><img loading=\"lazy\" decoding=\"async\" class=\"lazyloaded smush-image-12 smush-image-10 smush-image-11 alignnone smush-detected-img smush-image-bigger-10\" src=\"https:\/\/d26lpennugtm8s.cloudfront.net\/assets\/common\/img\/logos\/payment\/mercadopago@2x.png\" alt=\"portf\u00f3lio unopar anhanguera\" width=\"45\" height=\"28\" data-src=\"https:\/\/d26lpennugtm8s.cloudfront.net\/assets\/common\/img\/logos\/payment\/mercadopago@2x.png\" \/><img loading=\"lazy\" decoding=\"async\" class=\"alignnone lazyloaded smush-detected-img smush-image-bigger-11\" src=\"https:\/\/futurium.com.br\/wp-content\/uploads\/2021\/06\/logo-pix-icone-512.png\" alt=\"portfolio pronto\" width=\"30\" height=\"30\" data-src=\"https:\/\/futurium.com.br\/wp-content\/uploads\/2021\/06\/logo-pix-icone-512.png\" \/><\/a><\/p>\n<\/div>\n<\/div>\n","protected":false},"featured_media":46065,"template":"","meta":{"_seopress_robots_primary_cat":"","_seopress_titles_title":"","_seopress_titles_desc":"","_seopress_robots_index":""},"product_cat":[228],"product_tag":[],"class_list":{"0":"post-45607","1":"product","2":"type-product","3":"status-publish","4":"has-post-thumbnail","6":"product_cat-letras-portugues-e-espanhol","8":"first","9":"instock","10":"shipping-taxable","11":"purchasable","12":"product-type-simple","13":"col-xs-6 col-sm-4","14":"col-mf-5","15":"un-5-cols"},"jetpack_sharing_enabled":true,"_links":{"self":[{"href":"https:\/\/portifolioos-prontos.com\/index.php\/wp-json\/wp\/v2\/product\/45607","targetHints":{"allow":["GET"]}}],"collection":[{"href":"https:\/\/portifolioos-prontos.com\/index.php\/wp-json\/wp\/v2\/product"}],"about":[{"href":"https:\/\/portifolioos-prontos.com\/index.php\/wp-json\/wp\/v2\/types\/product"}],"version-history":[{"count":1,"href":"https:\/\/portifolioos-prontos.com\/index.php\/wp-json\/wp\/v2\/product\/45607\/revisions"}],"predecessor-version":[{"id":45609,"href":"https:\/\/portifolioos-prontos.com\/index.php\/wp-json\/wp\/v2\/product\/45607\/revisions\/45609"}],"wp:featuredmedia":[{"embeddable":true,"href":"https:\/\/portifolioos-prontos.com\/index.php\/wp-json\/wp\/v2\/media\/46065"}],"wp:attachment":[{"href":"https:\/\/portifolioos-prontos.com\/index.php\/wp-json\/wp\/v2\/media?parent=45607"}],"wp:term":[{"taxonomy":"product_cat","embeddable":true,"href":"https:\/\/portifolioos-prontos.com\/index.php\/wp-json\/wp\/v2\/product_cat?post=45607"},{"taxonomy":"product_tag","embeddable":true,"href":"https:\/\/portifolioos-prontos.com\/index.php\/wp-json\/wp\/v2\/product_tag?post=45607"}],"curies":[{"name":"wp","href":"https:\/\/api.w.org\/{rel}","templated":true}]}}