{"id":45887,"date":"2025-10-07T18:36:58","date_gmt":"2025-10-07T21:36:58","guid":{"rendered":"https:\/\/portifolioos-prontos.com\/?post_type=product&#038;p=45887"},"modified":"2025-10-26T18:30:53","modified_gmt":"2025-10-26T21:30:53","slug":"aula-pratica-redacao-publicitaria-geral","status":"publish","type":"product","link":"https:\/\/portifolioos-prontos.com\/index.php\/product\/aula-pratica-redacao-publicitaria-geral\/","title":{"rendered":"Aula pr\u00e1tica Reda\u00e7\u00e3o publicit\u00e1ria geral"},"content":{"rendered":"<p><strong>Aula pr\u00e1tica Reda\u00e7\u00e3o publicit\u00e1ria geral<\/strong><\/p>\n<p>OBJETIVOS<\/p>\n<p>A proposta desta atividade pr\u00e1tica est\u00e1 amparada nos seguintes objetivos: \u2013 compreender a ret\u00f3rica da reda\u00e7\u00e3o publicit\u00e1ria; \u2013 articular narrativa e persuas\u00e3o no texto publicit\u00e1rio; e \u2013 criar roteiro para filme publicit\u00e1rio.<\/p>\n<p>RECURSOS<br \/>\nComputador com acesso \u00e0 internet e ao ambiente virtual.<\/p>\n<p>PROCEDIMENTOS PR\u00c1TICOS<br \/>\nAtividade proposta<br \/>\nCria\u00e7\u00e3o de um roteiro para filme publicit\u00e1rio de 30\u201d (trinta segundos).<br \/>\nProcedimentos para a realiza\u00e7\u00e3o da atividade<br \/>\n1) Leia os seguintes exemplos de roteiros para filmes publicit\u00e1rios e assista \u00e0s vers\u00f5es<br \/>\nfinalizadas dos comerciais:<br \/>\n\u2022 \u201cHitler\u201d 60\u201d (sessenta segundos)<br \/>\nAg\u00eancia: W\/GGK<br \/>\nCliente: Folha de S. Paulo<br \/>\nProduto: Institucional<br \/>\nFilme come\u00e7a com alguns pontos pretos, ret\u00edculas de jornal, na tela.<br \/>\nC\u00e2mera vai se afastando lentamente, outras ret\u00edculas de diversos<br \/>\ntamanhos vao surgindo em cena. Uma locu\u00e7\u00e3o em off acompanha o recuo<br \/>\nda c\u00e2mera. No fundo, ru\u00eddos espor\u00e1dicos de tambores.<br \/>\nLOC. OFF: Este homem pegou uma na\u00e7\u00e3o destru\u00edda. Recuperou sua<br \/>\neconomia e devolveu o orgulho ao seu povo. Em seus quatro primeiros<br \/>\nanos de governo, o n\u00famero de desempregados caiu de 6 milh\u00f5es para 900<br \/>\nmil pessoas. Este homem fez o produto interno bruto crescer 102% e a<br \/>\nrenda per capita dobrar. Aumentou o lucro das empresas de 175 milh\u00f5es<br \/>\npara 5 bilh\u00f5es de marcos, e reduziu a hiperinfla\u00e7\u00e3o a no m\u00e1ximo 25% ao<br \/>\nano. Este homem adorava m\u00fasica e pintura, e quando jovem imaginava<br \/>\nseguir a carreira art\u00edstica.<br \/>\nC\u00e2mera se afasta (zoom out) agora mais rapidamente. O som de tambores<br \/>\nse acentua e acelera. Vemos o que h\u00e1 na imagem: uma fotografia de<br \/>\njornal, em branco e preto, do rosto de Hitler (ponto de virada).<\/p>\n<p>LOC. OFF: \u00c9 poss\u00edvel contar um monte de mentiras, dizendo s\u00f3 a verdade.<br \/>\nPor isso \u00e9 preciso tomar muito cuidado com a informa\u00e7\u00e3o e o jornal que<br \/>\nvoc\u00ea recebe.<br \/>\nFade out. Entra logo da Folha de S. Paulo.<br \/>\nLOC. OFF: Folha de S\u00e3o Paulo. O jornal que mais se compra, e que nunca<br \/>\nse vende.<br \/>\n(BARRETO, 2010, p. 59)<br \/>\nVers\u00e3o finalizada: https:\/\/www.youtube.com\/watch?v=nd9R7ZxhjJ8<br \/>\nAcesso em 29 jun. 2022.<br \/>\n\u2022 \u201cCachorro\u201d 30\u201d (trinta segundos)<br \/>\nAg\u00eancia: Almap\/BBDO<br \/>\nCliente: Mizuno<br \/>\nProduto: T\u00eanis<br \/>\nCena de um rapaz cal\u00e7ando seys t\u00eanis, preparando-se para o cooper. Ele<br \/>\nchama seu cachorro para ir junto.<br \/>\nO cachorro come\u00e7a a lembrar da outra vez em que foram correr<br \/>\njuntos: o dono sempre disposto, correndo cada vez mais r\u00e1pido, e o<br \/>\npobre do cachorro ficando cada vez mais cansado (flashback).<br \/>\nO cachorro para de lembrar e foge para se esconder em cima de uma<br \/>\n\u00e1rvore, chegando at\u00e9 a imitar um gato, para n\u00e3o ser descoberto pelo dono.<br \/>\nLETTERING: Mizuno. Serious Performance.<br \/>\n(BARRETO, 2010, p. 103)<br \/>\nVers\u00e3o Finalizada: https:\/\/www.youtube.com\/watch?v=V0x_8sOdiG4<br \/>\nAcesso em 29 jun. 2022.<br \/>\n2) Compare roteiro e comercial. H\u00e1 diferen\u00e7as? Modifica\u00e7\u00f5es ocorreram do roteiro<br \/>\npara o comercial? Se sim, por qu\u00ea e com que resultado? Reflita.<br \/>\n3) Pense nas estrat\u00e9gias que os redatores publicit\u00e1rios utilizaram em cada roteiro. Por<br \/>\nqu\u00ea elas foram escolhidas para cada caso e qual o efeito visado por essas escolhas?<br \/>\n(considere, aqui, as emo\u00e7\u00f5es suscitadas, efeitos de imagem e som, constru\u00e7\u00e3o<br \/>\nnarrativa, t\u00e9cnicas de persuas\u00e3o etc.)<br \/>\n4) Ambos os roteiros apresentam uma estrutura narrativa cl\u00e1ssica: iniciam-se com um<br \/>\nproblema\/conflito, que logo escala para o cl\u00edmax (um pico de emo\u00e7\u00e3o que \u00e9 tamb\u00e9m<br \/>\num ponto de virada para a hist\u00f3ria) e se encerram com a resolu\u00e7\u00e3o (a emo\u00e7\u00e3o<br \/>\ndiminui e a mensagem \u00e9 arrematada). Busque identificar esses elementos em cada<br \/>\nroteiro.<br \/>\n5) Agora, voc\u00ea dever\u00e1 elaborar seu pr\u00f3prio roteiro para um filme publicit\u00e1rio de 30<br \/>\nsegundos. Seu cliente \u00e9 uma empresa que, em pouco tempo, se tornou uma das<br \/>\nmaiores empresas de bijuterias do pa\u00eds: a ByJu Bijuterias. Voc\u00ea tem total liberdade<br \/>\ncriativa, mas atente-se \u00e0s seguintes especifica\u00e7\u00f5es:<br \/>\n\u2022 O roteiro \u00e9 para um comercial de 30\u201d;<\/p>\n<p>\u2022 A narrativa deve ser constru\u00edda segundo o modelo cl\u00e1ssico e apresentar<br \/>\num problema, um cl\u00edmax e uma resolu\u00e7\u00e3o;<br \/>\n\u2022 Deve-se incluir a assinatura (slogan) \u201cBiju s\u00f3 se for ByJu\u201d<br \/>\n\u2022 Pesquise sobre o segmento para identificar informa\u00e7\u00f5es necess\u00e1rias,<br \/>\ncomo p\u00fablico-alvo, tipo de produtos, precifica\u00e7\u00e3o etc.<br \/>\n\u2022 Utilize o Gloss\u00e1rio Para Roteiro Publicit\u00e1rio (ANEXO I) para jarg\u00f5es a ser<br \/>\nempregados no roteiro.<br \/>\n6) Com seu roteiro pronto, escreva um pequeno texto (de 150 a 250 palavras),<br \/>\nexplicando seu processo criativo e justificando suas escolhas narrativas de acordo<br \/>\ncom o modelo cl\u00e1ssico (O que \u00e9 o problema\/conflito no seu roteiro? O que \u00e9 o<br \/>\ncl\u00edmax? E a resolu\u00e7\u00e3o?) e tamb\u00e9m de acordo com o segmento de atua\u00e7\u00e3o da<br \/>\nempresa (p\u00fablico e produtos destacados no roteiro).<br \/>\n7) Ap\u00f3s o processo, voc\u00ea dever\u00e1 postar o material, contendo:<br \/>\na) Especifica\u00e7\u00f5es t\u00e9cnicas: t\u00edtulo do comercial, cliente, produto e dura\u00e7\u00e3o;<br \/>\nb) Seu roteiro completo.<br \/>\nc) Seu texto explicando e justificando o processo.<br \/>\nChecklist<br \/>\nPrincipais etapas para a completude da atividade pr\u00e1tica:<br \/>\nETAPA 01- Compara\u00e7\u00e3o entre roteiro para filme publicit\u00e1rio e produto final;<br \/>\nETAPA 02 \u2013 Pondera\u00e7\u00e3o sobre as estrat\u00e9gias narrativas empregadas em roteiros<br \/>\npublicit\u00e1rios;<br \/>\nETAPA 03 \u2013 An\u00e1lise da estrutura narrativa apresentada nos roteiros;<br \/>\nETAPA 04 \u2013 Elabora\u00e7\u00e3o de um roteiro de comercial de 30 segundos para o cliente Byju<br \/>\nBijuterias.<br \/>\nETAPA 05 \u2013 Explica\u00e7\u00e3o, com no m\u00ednimo 150 e no m\u00e1ximo 250 palavras, justificando as<br \/>\nescolhas criativas.<br \/>\nETAPA 06 \u2013 Envio do arquivo contendo as especifica\u00e7\u00f5es t\u00e9cnicas, o roteiro e o texto<br \/>\nexplicativo.<\/p>\n<p>RESULTADO<br \/>\nEntrega de um arquivo word que contemple todas as etapas da atividade pr\u00e1tica,<br \/>\nconforme apresentado no checklist.<\/p>\n<p>Aula pr\u00e1tica Reda\u00e7\u00e3o publicit\u00e1ria geral<\/p>\n<div class=\"elementor-toggle-item\">\n<p><strong>Como se realizam os envios?<\/strong><\/p>\n<\/div>\n<p id=\"elementor-tab-content-1942\" class=\"elementor-tab-content elementor-clearfix elementor-active\" role=\"tabpanel\" data-tab=\"2\" aria-labelledby=\"elementor-tab-title-1942\">O seu trabalho \u00e9 disponibilizado pronto, respondido e nas normas j\u00e1 na mesma hora aqui em nosso site na sua \u00e1rea de downloads e tamb\u00e9m no seu e-mail.<\/p>\n<p><strong>Em quanto tempo recebo o portf\u00f3lio?<\/strong><\/p>\n<p>Os envios s\u00e3o imediatos. Ap\u00f3s sua compra, o trabalho j\u00e1 \u00e9 disponibilizado instantaneamente aqui em nosso site e no seu e-mail.<\/p>\n<p><strong>E se o portf\u00f3lio que comprei precisar de corre\u00e7\u00e3o?<\/strong><\/p>\n<p>Caso haja alguma solicita\u00e7\u00e3o de corre\u00e7\u00e3o\/altera\u00e7\u00e3o por parte do tutor, basta entrar em contato conosco pelo\u00a0WhatsApp\u00a0que provid\u00eanciaremos sem custo algum.<\/p>\n<p><strong>Qual o formato do arquivo?<\/strong><\/p>\n<p>Os arquivos s\u00e3o enviados em formato Word e s\u00e3o edit\u00e1veis.<\/p>\n<p><strong>Caso eu tiver alguma d\u00favida, terei suporte no p\u00f3s venda?<\/strong><\/p>\n<p>Sim, com certeza. Basta clicar no \u00edcone do WhatsApp no cantinho da tela. Ser\u00e1 um prazer atend\u00ea-lo(a).<\/p>\n<div id=\"elementor-tab-content-1948\" class=\"elementor-tab-content elementor-clearfix elementor-active\" role=\"tabpanel\" data-tab=\"8\" aria-labelledby=\"elementor-tab-title-1948\">\n<p><strong>Quais os seus canais de contato?<\/strong><\/p>\n<\/div>\n<div id=\"elementor-tab-content-1949\" class=\"elementor-tab-content elementor-clearfix elementor-active\" role=\"tabpanel\" data-tab=\"9\" aria-labelledby=\"elementor-tab-title-1949\">\n<p>Whatsapp: 53 984751621 \u2013 Clicar no canto da tela ou ESCANEIE O QRCODE ABAIXO<\/p>\n<h4><img decoding=\"async\" class=\"alignnone wp-image-13699 jetpack-lazy-image jetpack-lazy-image--handled\" src=\"https:\/\/i0.wp.com\/portifolioos-prontos.com\/wp-content\/uploads\/2023\/02\/whatsapp-business-projeto-de-extensao-300x300.jpeg?resize=144%2C144\" sizes=\"(max-width: 144px) 100vw, 144px\" srcset=\"https:\/\/i0.wp.com\/portifolioos-prontos.com\/wp-content\/uploads\/2023\/02\/whatsapp-business-projeto-de-extensao.jpeg?resize=300%2C301&amp;ssl=1 300w, https:\/\/i0.wp.com\/portifolioos-prontos.com\/wp-content\/uploads\/2023\/02\/whatsapp-business-projeto-de-extensao.jpeg?resize=150%2C150&amp;ssl=1 150w, https:\/\/i0.wp.com\/portifolioos-prontos.com\/wp-content\/uploads\/2023\/02\/whatsapp-business-projeto-de-extensao.jpeg?resize=370%2C372&amp;ssl=1 370w, https:\/\/i0.wp.com\/portifolioos-prontos.com\/wp-content\/uploads\/2023\/02\/whatsapp-business-projeto-de-extensao.jpeg?resize=100%2C100&amp;ssl=1 100w, https:\/\/i0.wp.com\/portifolioos-prontos.com\/wp-content\/uploads\/2023\/02\/whatsapp-business-projeto-de-extensao.jpeg?w=470&amp;ssl=1 470w\" alt=\"projeto de extens\u00e3o unopar\" width=\"144\" height=\"144\" data-lazy-loaded=\"1\" \/><\/h4>\n<\/div>\n<div class=\"elementor-toggle-item\">\n<div id=\"elementor-tab-content-1949\" class=\"elementor-tab-content elementor-clearfix elementor-active\" role=\"tabpanel\" data-tab=\"9\" aria-labelledby=\"elementor-tab-title-1949\">\n<p>E-mail:portifoliosp@gmail.com<\/p>\n<div id=\"attachment_143\" class=\"wp-caption alignnone\">\n<div id=\"attachment_143\" class=\"wp-caption alignnone\">\n<p id=\"caption-attachment-143\" class=\"wp-caption-text\"><a href=\"http:\/\/portfolio-pronto.com\/\">Portf\u00f3lio<\/a>\u00a0em Word, respondido, completo e j\u00e1 nas normas<\/p>\n<\/div>\n<\/div>\n<\/div>\n<\/div>\n","protected":false},"excerpt":{"rendered":"<div class=\"product-short-description\">\n<p><strong>Pague pelo PIX ou cart\u00e3o e fa\u00e7a o download agora mesmo.<\/strong><\/p>\n<\/div>\n<div class=\"sticky-add-to-cart-wrapper\">\n<div class=\"sticky-add-to-cart\">\n<p class=\"quantity buttons_added form-flat\"><img decoding=\"async\" class=\"lazyloaded smush-image-5 smush-image-3 smush-image-4 smush-detected-img smush-image-bigger-3\" src=\"https:\/\/d26lpennugtm8s.cloudfront.net\/assets\/common\/img\/logos\/payment\/visa@2x.png\" width=\"46\" height=\"29\" data-src=\"https:\/\/d26lpennugtm8s.cloudfront.net\/assets\/common\/img\/logos\/payment\/visa@2x.png\" \/><img decoding=\"async\" class=\"lazyloaded smush-image-6 smush-image-4 smush-image-5 smush-detected-img smush-image-bigger-4\" src=\"https:\/\/d26lpennugtm8s.cloudfront.net\/assets\/common\/img\/logos\/payment\/boleto@2x.png\" width=\"43\" height=\"27\" data-src=\"https:\/\/d26lpennugtm8s.cloudfront.net\/assets\/common\/img\/logos\/payment\/boleto@2x.png\" \/><img loading=\"lazy\" decoding=\"async\" class=\"lazyloaded smush-image-7 smush-image-5 smush-image-6 smush-detected-img smush-image-bigger-5\" src=\"https:\/\/d26lpennugtm8s.cloudfront.net\/assets\/common\/img\/logos\/payment\/mastercard@2x.png\" width=\"43\" height=\"27\" data-src=\"https:\/\/d26lpennugtm8s.cloudfront.net\/assets\/common\/img\/logos\/payment\/mastercard@2x.png\" \/><img loading=\"lazy\" decoding=\"async\" class=\"lazyloaded smush-image-8 smush-image-6 smush-image-7 smush-detected-img smush-image-bigger-6\" src=\"https:\/\/d26lpennugtm8s.cloudfront.net\/assets\/common\/img\/logos\/payment\/amex@2x.png\" width=\"43\" height=\"27\" data-src=\"https:\/\/d26lpennugtm8s.cloudfront.net\/assets\/common\/img\/logos\/payment\/amex@2x.png\" \/><img loading=\"lazy\" decoding=\"async\" class=\"lazyloaded smush-image-9 smush-image-7 smush-image-8 smush-detected-img smush-image-bigger-7\" src=\"https:\/\/d26lpennugtm8s.cloudfront.net\/assets\/common\/img\/logos\/payment\/diners@2x.png\" width=\"46\" height=\"29\" data-src=\"https:\/\/d26lpennugtm8s.cloudfront.net\/assets\/common\/img\/logos\/payment\/diners@2x.png\" \/><img loading=\"lazy\" decoding=\"async\" class=\"lazyloaded smush-image-10 smush-image-8 smush-image-9 alignnone smush-detected-img smush-image-bigger-8\" src=\"https:\/\/d26lpennugtm8s.cloudfront.net\/assets\/common\/img\/logos\/payment\/br\/elo@2x.png\" alt=\"portf\u00f3lio unopar anhanguera\" width=\"45\" height=\"28\" data-src=\"https:\/\/d26lpennugtm8s.cloudfront.net\/assets\/common\/img\/logos\/payment\/br\/elo@2x.png\" \/><img loading=\"lazy\" decoding=\"async\" class=\"lazyloaded smush-image-11 smush-image-9 smush-image-10 alignnone smush-detected-img smush-image-bigger-9\" src=\"https:\/\/d26lpennugtm8s.cloudfront.net\/assets\/common\/img\/logos\/payment\/br\/hipercard@2x.png\" alt=\"portf\u00f3lio unopar anhanguera\" width=\"44\" height=\"28\" data-src=\"https:\/\/d26lpennugtm8s.cloudfront.net\/assets\/common\/img\/logos\/payment\/br\/hipercard@2x.png\" \/><img loading=\"lazy\" decoding=\"async\" class=\"lazyloaded smush-image-12 smush-image-10 smush-image-11 alignnone smush-detected-img smush-image-bigger-10\" src=\"https:\/\/d26lpennugtm8s.cloudfront.net\/assets\/common\/img\/logos\/payment\/mercadopago@2x.png\" alt=\"portf\u00f3lio unopar anhanguera\" width=\"45\" height=\"28\" data-src=\"https:\/\/d26lpennugtm8s.cloudfront.net\/assets\/common\/img\/logos\/payment\/mercadopago@2x.png\" \/><img loading=\"lazy\" decoding=\"async\" class=\"alignnone lazyloaded smush-detected-img smush-image-bigger-11\" src=\"https:\/\/futurium.com.br\/wp-content\/uploads\/2021\/06\/logo-pix-icone-512.png\" alt=\"portfolio pronto\" width=\"30\" height=\"30\" data-src=\"https:\/\/futurium.com.br\/wp-content\/uploads\/2021\/06\/logo-pix-icone-512.png\" \/><\/p>\n<\/div>\n<\/div>\n","protected":false},"featured_media":46062,"template":"","meta":{"_seopress_robots_primary_cat":"","_seopress_titles_title":"","_seopress_titles_desc":"","_seopress_robots_index":""},"product_cat":[15],"product_tag":[],"class_list":{"0":"post-45887","1":"product","2":"type-product","3":"status-publish","4":"has-post-thumbnail","6":"product_cat-uncategorized","8":"first","9":"instock","10":"downloadable","11":"virtual","12":"purchasable","13":"product-type-simple","14":"col-xs-6 col-sm-4","15":"col-mf-5","16":"un-5-cols"},"jetpack_sharing_enabled":true,"_links":{"self":[{"href":"https:\/\/portifolioos-prontos.com\/index.php\/wp-json\/wp\/v2\/product\/45887","targetHints":{"allow":["GET"]}}],"collection":[{"href":"https:\/\/portifolioos-prontos.com\/index.php\/wp-json\/wp\/v2\/product"}],"about":[{"href":"https:\/\/portifolioos-prontos.com\/index.php\/wp-json\/wp\/v2\/types\/product"}],"version-history":[{"count":1,"href":"https:\/\/portifolioos-prontos.com\/index.php\/wp-json\/wp\/v2\/product\/45887\/revisions"}],"predecessor-version":[{"id":45889,"href":"https:\/\/portifolioos-prontos.com\/index.php\/wp-json\/wp\/v2\/product\/45887\/revisions\/45889"}],"wp:featuredmedia":[{"embeddable":true,"href":"https:\/\/portifolioos-prontos.com\/index.php\/wp-json\/wp\/v2\/media\/46062"}],"wp:attachment":[{"href":"https:\/\/portifolioos-prontos.com\/index.php\/wp-json\/wp\/v2\/media?parent=45887"}],"wp:term":[{"taxonomy":"product_cat","embeddable":true,"href":"https:\/\/portifolioos-prontos.com\/index.php\/wp-json\/wp\/v2\/product_cat?post=45887"},{"taxonomy":"product_tag","embeddable":true,"href":"https:\/\/portifolioos-prontos.com\/index.php\/wp-json\/wp\/v2\/product_tag?post=45887"}],"curies":[{"name":"wp","href":"https:\/\/api.w.org\/{rel}","templated":true}]}}