{"id":45890,"date":"2025-10-07T18:39:46","date_gmt":"2025-10-07T21:39:46","guid":{"rendered":"https:\/\/portifolioos-prontos.com\/?post_type=product&#038;p=45890"},"modified":"2025-10-10T23:25:57","modified_gmt":"2025-10-11T02:25:57","slug":"aula-pratica-modelagem-digital","status":"publish","type":"product","link":"https:\/\/portifolioos-prontos.com\/index.php\/product\/aula-pratica-modelagem-digital\/","title":{"rendered":"Aula Pr\u00e1tica Modelagem Digital"},"content":{"rendered":"<p><strong>Aula Pr\u00e1tica Modelagem Digital<\/strong><\/p>\n<p>ROTEIRO DE AULA PR\u00c1TICA<br \/>\nNOME DA DISCIPLINA: MODELAGEM DIGITAL<br \/>\nUnidade: U3_FERRAMENTAS_DE_CRIA\u00c7\u00c3O_E_EDI\u00c7\u00c3O_DE_S\u00d3LIDOS_3D<br \/>\nAula: A1_LUMINA\u00c7\u00c3O<br \/>\nOBJETIVOS<br \/>\nDefini\u00e7\u00e3o dos objetivos da aula pr\u00e1tica:<br \/>\nA proposta desta atividade pr\u00e1tica est\u00e1 amparada nos seguintes objetivos:<br \/>\n\u2013 Utilizar a edi\u00e7\u00e3o de sub-objetos: Demonstrar a habilidade de manipular os sub- objetos,<br \/>\ncomo v\u00e9rtices, arestas e pol\u00edgonos;<br \/>\n\u2013 Produ\u00e7\u00e3o de um objeto geom\u00e9trico: Aplicar t\u00e9cnicas de modelagem assistida por<br \/>\nrefer\u00eancias reais, utilizando fotografias ou desenhos do celular Nokia 3310 como guia para criar<br \/>\na forma e propor\u00e7\u00f5es corretas do objeto, buscando uma<br \/>\nreprodu\u00e7\u00e3o fiel.<br \/>\nSOLU\u00c7\u00c3O DIGITAL:<br \/>\nBlender (Software Gratu\u00edto)<br \/>\n3D STUDIO MAX (Software)<br \/>\nO Blender \u00e9 um software de cria\u00e7\u00e3o 3D gratuito e de c\u00f3digo aberto, utilizado para modelagem,<br \/>\nanima\u00e7\u00e3o, renderiza\u00e7\u00e3o, p\u00f3s-produ\u00e7\u00e3o e cria\u00e7\u00e3o de modelos interativos. Ele oferece um<br \/>\nconjunto completo de ferramentas para diversas etapas da produ\u00e7\u00e3o 3D, incluindo modelagem,<br \/>\nrigging, anima\u00e7\u00e3o, simula\u00e7\u00e3o, renderiza\u00e7\u00e3o, composi\u00e7\u00e3o e edi\u00e7\u00e3o de v\u00eddeo.<br \/>\nLink: &lt; https:\/\/www.blender.org\/&gt;.<br \/>\nPROCEDIMENTOS PR\u00c1TICOS E APLICA\u00c7\u00d5ES<br \/>\nProcedimento\/Atividade n\u00ba 1<br \/>\nInserir o nome do experimento: MODELAGEM DO NOKIA 3310<br \/>\nAtividade proposta: Realizar a modelagem de um objeto geom\u00e9trico espec\u00edfico, que \u00e9 o celular<br \/>\nNokia 3310. Dever\u00e3o utilizar uma refer\u00eancia visual, como uma fotografia ou um desenho, para<br \/>\nauxiliar na reprodu\u00e7\u00e3o detalhada do celular em 3D. O objetivo \u00e9 aplicar os conhecimentos e<br \/>\nt\u00e9cnicas de modelagem aprendidos, utilizando a refer\u00eancia como guia para criar um modelo<br \/>\npreciso e realista do celular.<br \/>\nP\u00fablico3<br \/>\nProcedimentos para a realiza\u00e7\u00e3o da atividade:<br \/>\nOrienta\u00e7\u00e3o para realizar a modelagem do Nokia 3310 utilizando formas e ferramentas<br \/>\napropriadas para o Blender:<br \/>\n1. Configura\u00e7\u00e3o Inicial<br \/>\n\u2022 Abra o Blender e exclua o cubo padr\u00e3o (selecione e pressione Delete).<br \/>\n\u2022 Defina as unidades para mil\u00edmetros (Properties &gt; Scene &gt; Units &gt; Millimeters).<br \/>\n2. Criando a Base do Celular<br \/>\n\u2022 Pressione Shift + A &gt; Mesh &gt; Cube para adicionar um cubo.<br \/>\n\u2022 No modo Edit Mode (Tab), ajuste as propor\u00e7\u00f5es usando a ferramenta Scale (S).<br \/>\n\u2022 Redimensione conforme a refer\u00eancia visual (abaixo).<br \/>\n3. Bot\u00f5es Laterais<br \/>\n\u2022 Adicione um cilindro (Shift + A &gt; Mesh &gt; Cylinder).<br \/>\n\u2022 Ajuste o n\u00famero de v\u00e9rtices (no painel de op\u00e7\u00f5es ao criar ou em Object Data<br \/>\nProperties).<br \/>\n\u2022 Use Scale (S) para achatar (eixo Z) e redimensionar (di\u00e2metro).<br \/>\n\u2022 Posicione com Move (G) e Rotate (R) na lateral do celular.<br \/>\n4. Tela do Celular<br \/>\n\u2022 Adicione um plano (Shift + A &gt; Mesh &gt; Plane) para a tela.<br \/>\n\u2022 No modo Edit Mode, extrusione (E) para criar espessura.<br \/>\n\u2022 Ou use um Cube e ajuste a escala para ficar fino.<br \/>\n5. Teclado e Bot\u00f5es<br \/>\n\u2022 Para os bot\u00f5es num\u00e9ricos:<br \/>\no Crie um Cube e reduza a espessura (Scale em Z).<br \/>\no Duplique (Shift + D) e posicione os bot\u00f5es.<br \/>\n\u2022 Use Text (Shift + A &gt; Text) para n\u00fameros\/letras:<br \/>\no Edite o texto no modo Edit Mode, altere a fonte e extrus\u00e3o (Geometry &gt; Extrude).<br \/>\nP\u00fablico4<br \/>\n6. Detalhes Adicionais<br \/>\n\u2022 Entrada de fone: Adicione um Cylinder pequeno e posicione no topo.<br \/>\n\u2022 Antena: Use um Cone ou cilindro estreito.<br \/>\n7. Materiais e Texturas<br \/>\n\u2022 Selecione um objeto, v\u00e1 para Material Properties e clique em New.<br \/>\no Corpo: Pl\u00e1stico (use Roughness alta para acabamento fosco).<br \/>\no Tela: Vidro (ajuste Transmission para 1 e Roughness baixa).<br \/>\no Bot\u00f5es: Cores diferenciadas (ex.: prata para teclas de navega\u00e7\u00e3o).<br \/>\n8. Ilumina\u00e7\u00e3o e C\u00e2mera<br \/>\n\u2022 Adicione luzes (Shift + A &gt; Light):<br \/>\no Point Light ou Sun para ilumina\u00e7\u00e3o principal.<br \/>\no Ajuste intensidade em Light Properties.<br \/>\n\u2022 Posicione a c\u00e2mera (Shift + A &gt; Camera) e ajuste o \u00e2ngulo.<br \/>\n9. Renderiza\u00e7\u00e3o<br \/>\n\u2022 No Render Properties, escolha Eevee (r\u00e1pido) ou Cycles (realista).<br \/>\n\u2022 Ajuste resolu\u00e7\u00e3o e qualidade.<br \/>\n\u2022 Pressione F12 para renderizar.<br \/>\nImagem de refer\u00eancia:<br \/>\nP\u00fablico5<br \/>\nProcedimentos para a realiza\u00e7\u00e3o da atividade:<br \/>\nOrienta\u00e7\u00e3o para realizar a modelagem do Nokia 3310 utilizando formas e ferramentas<br \/>\napropriadas para o 3D Studio MAx:<br \/>\n1. No painel criar, selecione Primitivas Padr\u00e3o.<br \/>\n2. Escolha a primitiva caixa e clique na viewport para criar a base do celular.<br \/>\n3. Utilize a ferramenta escala para ajustar a forma e as propor\u00e7\u00f5es da base, conforme a<br \/>\nrefer\u00eancia visual.<br \/>\n4. Adicione a primitiva cilindro e crie os bot\u00f5es laterais do celular.<br \/>\n5. Utilize a ferramenta escala para ajustar a altura e o di\u00e2metro dos bot\u00f5es, de acordo com<br \/>\na refer\u00eancia visual.<br \/>\n6. No painel criar, selecione geometria e escolha a op\u00e7\u00e3o texto.<br \/>\n7. Crie a tela do celular utilizando a ferramenta de texto. Digite as letras e n\u00fameros<br \/>\ncorrespondentes \u00e0 tela do Nokia 3310.<br \/>\n8. No painel modificar, utilize a ferramenta extrus\u00e3o para criar a espessura da tela do<br \/>\ncelular.<br \/>\n9. Utilize a ferramenta mover, rotacionar e escala para posicionar e ajustar os elementos<br \/>\ndo celular de acordo com a refer\u00eancia visual.<br \/>\nP\u00fablico6<br \/>\n10. Adicione detalhes adicionais, como o teclado f\u00edsico, entradas de fone de ouvido e outros<br \/>\nelementos presentes no Nokia 3310, utilizando as ferramentas de modelagem<br \/>\napropriadas.<br \/>\n11. Aplique texturas e materiais aos elementos do celular, como pl\u00e1stico para o corpo e<br \/>\nbot\u00f5es, vidro para a tela, etc.<br \/>\n12. Configure as luzes e a c\u00e2mera da cena para obter uma boa ilumina\u00e7\u00e3o e \u00e2ngulos de<br \/>\nvisualiza\u00e7\u00e3o adequados.<br \/>\n13. Realize a renderiza\u00e7\u00e3o final do celular Nokia 3310.<br \/>\nAvaliando os resultados:<br \/>\nExplique a import\u00e2ncia de usar imagens de refer\u00eancia ao modelar um objeto real como o<br \/>\nNokia 3310 no Blender. Como isso influencia na fidelidade do modelo?<br \/>\nDurante a cria\u00e7\u00e3o dos bot\u00f5es do celular, por que \u00e9 recomendado usar duplica\u00e7\u00e3o (Shift +<br \/>\nD) ao inv\u00e9s de adicionar novos cubos repetidamente? Quais as vantagens dessa pr\u00e1tica?<br \/>\nChecklist:<br \/>\n\u2713 Configura\u00e7\u00e3o Inicial<br \/>\n\u2713 Criar a base do Celular<br \/>\n\u2713 Bot\u00f5es laterais<br \/>\n\u2713 Tela do Celular<br \/>\n\u2713 Teclado e bot\u00f5es<br \/>\n\u2713 Detalhes adicionais<br \/>\n\u2713 Materiais e Texturas<br \/>\n\u2713 Ilumina\u00e7\u00e3o e c\u00e2mera<br \/>\n\u2713 Renderiza\u00e7\u00e3o<br \/>\nRESULTADOS<br \/>\nResultados do experimento:<br \/>\nAo final dessa aula pr\u00e1tica, voc\u00ea dever\u00e1 enviar um arquivo em word contendo as informa\u00e7\u00f5es<br \/>\nobtidas no experimento, os c\u00e1lculos realizados, em conjunto com um texto conclusivo a respeito<br \/>\ndas informa\u00e7\u00f5es obtidas. O arquivo n\u00e3o pode exceder o tamanho de 2Mb.<br \/>\n\u2022 Refer\u00eancias bibliogr\u00e1ficas ABNT (quando houver).<br \/>\nResultados de Aprendizagem:<br \/>\nP\u00fablico7<br \/>\nEXEMPLO:<br \/>\nComo resultados dessa pr\u00e1tica ser\u00e1 poss\u00edvel utilizar um pipetador de borracha de tr\u00eas vias, saber<br \/>\nutilizar as fun\u00e7\u00f5es principais de uma balan\u00e7a anal\u00edtica, identificar vidrarias utilizadas em<br \/>\nlaborat\u00f3rio e compreender suas utilidades, transferir l\u00edquidos com volumes diferentes, estabelecer<br \/>\nrela\u00e7\u00e3o entre massa e volume de l\u00edquidos. E ainda, conhecer as funcionalidades pr\u00e1ticas das<br \/>\nferramentas do laborat\u00f3rio.<\/p>\n<p>Aula Pr\u00e1tica Modelagem Digital<\/p>\n<div class=\"elementor-toggle-item\">\n<p id=\"elementor-tab-title-1941\" class=\"elementor-tab-title elementor-active\" tabindex=\"0\" role=\"tab\" data-tab=\"1\" aria-controls=\"elementor-tab-content-1941\" aria-expanded=\"true\" aria-selected=\"true\"><strong>Como funciona?<\/strong><\/p>\n<p>Elaboramos os portf\u00f3lios, j\u00e1 deixamos prontos, nas normas da ABNT e conforme os requisitos da universidade. F\u00e1cil assim! O MELHOR \u00c9 QUE VOC\u00ca COMPRA E J\u00c1 BAIXA NA HORA O SEU ARQUIVO EM WORD! Sabemos que conciliar trabalho, fam\u00edlia, vida profissional e estudos \u00e9 dif\u00edcil hoje em dia, por isso, estamos aqui para ajudar voc\u00ea. Conte com nossa qualidade, experi\u00eancia e profissionalismo adquirindo seu portf\u00f3lio conosco. GARANTIMOS SEU CONCEITO!<\/p>\n<p><strong>Como se realizam os envios?<\/strong><\/p>\n<\/div>\n<p id=\"elementor-tab-content-1942\" class=\"elementor-tab-content elementor-clearfix elementor-active\" role=\"tabpanel\" data-tab=\"2\" aria-labelledby=\"elementor-tab-title-1942\">O seu trabalho \u00e9 disponibilizado pronto, respondido e nas normas j\u00e1 na mesma hora aqui em nosso site na sua \u00e1rea de downloads e tamb\u00e9m no seu e-mail.<\/p>\n<p><strong>Em quanto tempo recebo o portf\u00f3lio?<\/strong><\/p>\n<p>Os envios s\u00e3o imediatos. Ap\u00f3s sua compra, o trabalho j\u00e1 \u00e9 disponibilizado instantaneamente aqui em nosso site e no seu e-mail.<\/p>\n<p><strong>E se o portf\u00f3lio que comprei precisar de corre\u00e7\u00e3o?<\/strong><\/p>\n<p>Caso haja alguma solicita\u00e7\u00e3o de corre\u00e7\u00e3o\/altera\u00e7\u00e3o por parte do tutor, basta entrar em contato conosco pelo\u00a0WhatsApp\u00a0que provid\u00eanciaremos sem custo algum.<\/p>\n<p><strong>Qual o formato do arquivo?<\/strong><\/p>\n<p>Os arquivos s\u00e3o enviados em formato Word e s\u00e3o edit\u00e1veis.<\/p>\n<p><strong>Caso eu tiver alguma d\u00favida, terei suporte no p\u00f3s venda?<\/strong><\/p>\n<p>Sim, com certeza. Basta clicar no \u00edcone do WhatsApp no cantinho da tela. Ser\u00e1 um prazer atend\u00ea-lo(a).<\/p>\n<div id=\"elementor-tab-content-1948\" class=\"elementor-tab-content elementor-clearfix elementor-active\" role=\"tabpanel\" data-tab=\"8\" aria-labelledby=\"elementor-tab-title-1948\">\n<p><strong>Quais os seus canais de contato?<\/strong><\/p>\n<\/div>\n<div id=\"elementor-tab-content-1949\" class=\"elementor-tab-content elementor-clearfix elementor-active\" role=\"tabpanel\" data-tab=\"9\" aria-labelledby=\"elementor-tab-title-1949\">\n<p>Whatsapp: 53 984751621 \u2013 Clicar no canto da tela ou ESCANEIE O QRCODE ABAIXO<\/p>\n<h4><img decoding=\"async\" class=\"alignnone wp-image-13699 jetpack-lazy-image jetpack-lazy-image--handled\" src=\"https:\/\/i0.wp.com\/portifolioos-prontos.com\/wp-content\/uploads\/2023\/02\/whatsapp-business-projeto-de-extensao-300x300.jpeg?resize=144%2C144\" sizes=\"(max-width: 144px) 100vw, 144px\" srcset=\"https:\/\/i0.wp.com\/portifolioos-prontos.com\/wp-content\/uploads\/2023\/02\/whatsapp-business-projeto-de-extensao.jpeg?resize=300%2C301&amp;ssl=1 300w, https:\/\/i0.wp.com\/portifolioos-prontos.com\/wp-content\/uploads\/2023\/02\/whatsapp-business-projeto-de-extensao.jpeg?resize=150%2C150&amp;ssl=1 150w, https:\/\/i0.wp.com\/portifolioos-prontos.com\/wp-content\/uploads\/2023\/02\/whatsapp-business-projeto-de-extensao.jpeg?resize=370%2C372&amp;ssl=1 370w, https:\/\/i0.wp.com\/portifolioos-prontos.com\/wp-content\/uploads\/2023\/02\/whatsapp-business-projeto-de-extensao.jpeg?resize=100%2C100&amp;ssl=1 100w, https:\/\/i0.wp.com\/portifolioos-prontos.com\/wp-content\/uploads\/2023\/02\/whatsapp-business-projeto-de-extensao.jpeg?w=470&amp;ssl=1 470w\" alt=\"projeto de extens\u00e3o unopar\" width=\"144\" height=\"144\" data-lazy-loaded=\"1\" \/><\/h4>\n<\/div>\n<div class=\"elementor-toggle-item\">\n<div id=\"elementor-tab-content-1949\" class=\"elementor-tab-content elementor-clearfix elementor-active\" role=\"tabpanel\" data-tab=\"9\" aria-labelledby=\"elementor-tab-title-1949\">\n<p>E-mail:portifoliosp@gmail.com<\/p>\n<div id=\"attachment_143\" class=\"wp-caption alignnone\">\n<div id=\"attachment_143\" class=\"wp-caption alignnone\">\n<p id=\"caption-attachment-143\" class=\"wp-caption-text\"><a href=\"http:\/\/portfolio-pronto.com\/\">Portf\u00f3lio<\/a>\u00a0em Word, respondido, completo e j\u00e1 nas normas<\/p>\n<\/div>\n<\/div>\n<\/div>\n<\/div>\n","protected":false},"excerpt":{"rendered":"<div class=\"product-short-description\">\n<p><strong>Pague pelo PIX ou cart\u00e3o e fa\u00e7a o download agora mesmo.<\/strong><\/p>\n<\/div>\n<div class=\"sticky-add-to-cart-wrapper\">\n<div class=\"sticky-add-to-cart\">\n<p class=\"quantity buttons_added form-flat\"><img decoding=\"async\" class=\"lazyloaded smush-image-5 smush-image-3 smush-image-4 smush-detected-img smush-image-bigger-3\" src=\"https:\/\/d26lpennugtm8s.cloudfront.net\/assets\/common\/img\/logos\/payment\/visa@2x.png\" width=\"46\" height=\"29\" data-src=\"https:\/\/d26lpennugtm8s.cloudfront.net\/assets\/common\/img\/logos\/payment\/visa@2x.png\" \/><img decoding=\"async\" class=\"lazyloaded smush-image-6 smush-image-4 smush-image-5 smush-detected-img smush-image-bigger-4\" src=\"https:\/\/d26lpennugtm8s.cloudfront.net\/assets\/common\/img\/logos\/payment\/boleto@2x.png\" width=\"43\" height=\"27\" data-src=\"https:\/\/d26lpennugtm8s.cloudfront.net\/assets\/common\/img\/logos\/payment\/boleto@2x.png\" \/><img loading=\"lazy\" decoding=\"async\" class=\"lazyloaded smush-image-7 smush-image-5 smush-image-6 smush-detected-img smush-image-bigger-5\" src=\"https:\/\/d26lpennugtm8s.cloudfront.net\/assets\/common\/img\/logos\/payment\/mastercard@2x.png\" width=\"43\" height=\"27\" data-src=\"https:\/\/d26lpennugtm8s.cloudfront.net\/assets\/common\/img\/logos\/payment\/mastercard@2x.png\" \/><img loading=\"lazy\" decoding=\"async\" class=\"lazyloaded smush-image-8 smush-image-6 smush-image-7 smush-detected-img smush-image-bigger-6\" src=\"https:\/\/d26lpennugtm8s.cloudfront.net\/assets\/common\/img\/logos\/payment\/amex@2x.png\" width=\"43\" height=\"27\" data-src=\"https:\/\/d26lpennugtm8s.cloudfront.net\/assets\/common\/img\/logos\/payment\/amex@2x.png\" \/><img loading=\"lazy\" decoding=\"async\" class=\"lazyloaded smush-image-9 smush-image-7 smush-image-8 smush-detected-img smush-image-bigger-7\" src=\"https:\/\/d26lpennugtm8s.cloudfront.net\/assets\/common\/img\/logos\/payment\/diners@2x.png\" width=\"46\" height=\"29\" data-src=\"https:\/\/d26lpennugtm8s.cloudfront.net\/assets\/common\/img\/logos\/payment\/diners@2x.png\" \/><img loading=\"lazy\" decoding=\"async\" class=\"lazyloaded smush-image-10 smush-image-8 smush-image-9 alignnone smush-detected-img smush-image-bigger-8\" src=\"https:\/\/d26lpennugtm8s.cloudfront.net\/assets\/common\/img\/logos\/payment\/br\/elo@2x.png\" alt=\"portf\u00f3lio unopar anhanguera\" width=\"45\" height=\"28\" data-src=\"https:\/\/d26lpennugtm8s.cloudfront.net\/assets\/common\/img\/logos\/payment\/br\/elo@2x.png\" \/><img loading=\"lazy\" decoding=\"async\" class=\"lazyloaded smush-image-11 smush-image-9 smush-image-10 alignnone smush-detected-img smush-image-bigger-9\" src=\"https:\/\/d26lpennugtm8s.cloudfront.net\/assets\/common\/img\/logos\/payment\/br\/hipercard@2x.png\" alt=\"portf\u00f3lio unopar anhanguera\" width=\"44\" height=\"28\" data-src=\"https:\/\/d26lpennugtm8s.cloudfront.net\/assets\/common\/img\/logos\/payment\/br\/hipercard@2x.png\" \/><img loading=\"lazy\" decoding=\"async\" class=\"lazyloaded smush-image-12 smush-image-10 smush-image-11 alignnone smush-detected-img smush-image-bigger-10\" src=\"https:\/\/d26lpennugtm8s.cloudfront.net\/assets\/common\/img\/logos\/payment\/mercadopago@2x.png\" alt=\"portf\u00f3lio unopar anhanguera\" width=\"45\" height=\"28\" data-src=\"https:\/\/d26lpennugtm8s.cloudfront.net\/assets\/common\/img\/logos\/payment\/mercadopago@2x.png\" \/><img loading=\"lazy\" decoding=\"async\" class=\"alignnone lazyloaded smush-detected-img smush-image-bigger-11\" src=\"https:\/\/futurium.com.br\/wp-content\/uploads\/2021\/06\/logo-pix-icone-512.png\" alt=\"portfolio pronto\" width=\"30\" height=\"30\" data-src=\"https:\/\/futurium.com.br\/wp-content\/uploads\/2021\/06\/logo-pix-icone-512.png\" \/><\/p>\n<\/div>\n<\/div>\n","protected":false},"featured_media":46061,"template":"","meta":{"_seopress_robots_primary_cat":"","_seopress_titles_title":"","_seopress_titles_desc":"","_seopress_robots_index":""},"product_cat":[15],"product_tag":[],"class_list":{"0":"post-45890","1":"product","2":"type-product","3":"status-publish","4":"has-post-thumbnail","6":"product_cat-uncategorized","8":"first","9":"instock","10":"shipping-taxable","11":"purchasable","12":"product-type-simple","13":"col-xs-6 col-sm-4","14":"col-mf-5","15":"un-5-cols"},"jetpack_sharing_enabled":true,"_links":{"self":[{"href":"https:\/\/portifolioos-prontos.com\/index.php\/wp-json\/wp\/v2\/product\/45890","targetHints":{"allow":["GET"]}}],"collection":[{"href":"https:\/\/portifolioos-prontos.com\/index.php\/wp-json\/wp\/v2\/product"}],"about":[{"href":"https:\/\/portifolioos-prontos.com\/index.php\/wp-json\/wp\/v2\/types\/product"}],"version-history":[{"count":1,"href":"https:\/\/portifolioos-prontos.com\/index.php\/wp-json\/wp\/v2\/product\/45890\/revisions"}],"predecessor-version":[{"id":45892,"href":"https:\/\/portifolioos-prontos.com\/index.php\/wp-json\/wp\/v2\/product\/45890\/revisions\/45892"}],"wp:featuredmedia":[{"embeddable":true,"href":"https:\/\/portifolioos-prontos.com\/index.php\/wp-json\/wp\/v2\/media\/46061"}],"wp:attachment":[{"href":"https:\/\/portifolioos-prontos.com\/index.php\/wp-json\/wp\/v2\/media?parent=45890"}],"wp:term":[{"taxonomy":"product_cat","embeddable":true,"href":"https:\/\/portifolioos-prontos.com\/index.php\/wp-json\/wp\/v2\/product_cat?post=45890"},{"taxonomy":"product_tag","embeddable":true,"href":"https:\/\/portifolioos-prontos.com\/index.php\/wp-json\/wp\/v2\/product_tag?post=45890"}],"curies":[{"name":"wp","href":"https:\/\/api.w.org\/{rel}","templated":true}]}}