{"id":45893,"date":"2025-10-07T18:43:31","date_gmt":"2025-10-07T21:43:31","guid":{"rendered":"https:\/\/portifolioos-prontos.com\/?post_type=product&#038;p=45893"},"modified":"2025-10-11T13:36:25","modified_gmt":"2025-10-11T16:36:25","slug":"aula-pratica-quimica-e-ciencia-dos-materiais-a1_estruturas-cristalinas-e-sistemas-cristalinos","status":"publish","type":"product","link":"https:\/\/portifolioos-prontos.com\/index.php\/product\/aula-pratica-quimica-e-ciencia-dos-materiais-a1_estruturas-cristalinas-e-sistemas-cristalinos\/","title":{"rendered":"Aula pr\u00e1tica Quimica e ci\u00eancia dos materiais &#8211; A1_Estruturas Cristalinas e sistemas cristalinos"},"content":{"rendered":"<p><strong>Aula pr\u00e1tica Quimica e ci\u00eancia dos materiais<\/strong><\/p>\n<p>\u201cROTEIRO DE AULA PR\u00c1TICA<br \/>\nNOME DA DISCIPLINA: QU\u00cdMICA E CI\u00caNCIA DOS MATERIAIS<br \/>\nUnidade: U3_ESTRUTURAS CRISTALINAS<br \/>\nAula: A1_ESTRUTURAS CRISTALINAS E SISTEMAS CRISTALINOS<br \/>\nOBJETIVOS<br \/>\nDefini\u00e7\u00e3o dos objetivos da aula pr\u00e1tica:<br \/>\nCompreender o ordenamento at\u00f4mico de materiais que apresentam estrutura cristalina do tipo<br \/>\nc\u00fabica simples, c\u00fabica de corpo centrado e c\u00fabica de face centrada.<br \/>\nINFRAESTRUTURA<br \/>\nInstala\u00e7\u00f5es \u2013 Materiais de consumo \u2013 Equipamentos:<br \/>\nLABORAT\u00d3RIO DE INFORM\u00c1TICA<br \/>\nEquipamentos:<br \/>\n\u2022 Computador com acesso \u00e0 internet<br \/>\n~ 1 unid. 1 aluno<br \/>\nSOLU\u00c7\u00c3O DIGITAL<br \/>\nO CrystalWalk \u2013 software livre que pode ser utilizado on-line e em dispositivos como<br \/>\ncomputadores, tablets e smartphones. Por meio dele, \u00e9 poss\u00edvel construir estruturas cristalinas<br \/>\npasso a passo e ver sua estrutura em imagens tridimensionais com comandos que possibilitam<br \/>\nescolher estruturas b\u00e1sicas e os \u00e1tomos que entrar\u00e3o em sua composi\u00e7\u00e3o.<br \/>\nLink: https:\/\/crystalwalk.herokuapp.com\/<br \/>\nEQUIPAMENTO DE PROTE\u00c7\u00c3O INDIVIDUAL (EPI)<br \/>\nPara a utiliza\u00e7\u00e3o do laborat\u00f3rio de inform\u00e1tica n\u00e3o h\u00e1 necessidade de EPI\u2019s.<br \/>\nPROCEDIMENTOS PR\u00c1TICOS<br \/>\nProcedimento\/Atividade n\u00ba 1<br \/>\nCONSTRU\u00c7\u00c3O DE C\u00c9LULA UNIT\u00c1RIA DO TIPO CS, CCC E CFC<br \/>\nAtividade proposta: Construir c\u00e9lulas unit\u00e1rias e compreender como os \u00e1tomos est\u00e3o<br \/>\ndispostos em estruturas cristalinas do tipo CS, CCC e CFC na forma\u00e7\u00e3o de materiais.<br \/>\nP\u00fablico3<br \/>\nProcedimentos para a realiza\u00e7\u00e3o da atividade:<br \/>\nEm seu AVA, voc\u00ea ir\u00e1 encontrar o link do software CrystalWalk. A partir do acesso ao software,<br \/>\nsegue o procedimento a ser realizado para o desenvolvimento da atividade.<br \/>\nAo acessar o link, uma tela inicial do software abrir\u00e1, semelhante \u00e0 tela a seguir.<br \/>\nO software \u00e9 desenvolvido com o idioma principal em ingl\u00eas. Contudo, \u00e9 poss\u00edvel realizar, com o<br \/>\naux\u00edlio do navegador, a tradu\u00e7\u00e3o para o portugu\u00eas, esse processo facilitar\u00e1 a utiliza\u00e7\u00e3o do<br \/>\nsoftware para a constru\u00e7\u00e3o das c\u00e9lulas unit\u00e1rias. E ainda, para se familiarizar com o software,<br \/>\nnavegue por ele, explore a fun\u00e7\u00e3o de cada bot\u00e3o, os recursos dispon\u00edveis e quais possibilidades<br \/>\no software oferece para ser poss\u00edvel uma experi\u00eancia al\u00e9m do proposto na atividade pr\u00e1tica.<br \/>\nEssa atividade pr\u00e1tica prop\u00f5e a constru\u00e7\u00e3o de 3 c\u00e9lulas unit\u00e1rias do tipo c\u00fabica (CS, CCC e CFC),<br \/>\nmas o software pode desenvolver qualquer uma das c\u00e9lulas que constituem as Redes de Bravais.<br \/>\nPara dar in\u00edcio \u00e0 atividade pr\u00e1tica, vamos come\u00e7ar pela estrutura cristalina c\u00fabica simples (CS).<br \/>\n\u2794 Estrutura cristalina c\u00fabica simples (CS).<br \/>\nEssa estrutura \u00e9 composta por um \u00e1tomo em cada v\u00e9rtice da c\u00e9lula unit\u00e1ria do tipo c\u00fabica. Assim,<br \/>\no primeiro passo \u00e9 clicar em \u201cBravais Lattice Editor\u201d no canto superior \u00e0 direita.<br \/>\nP\u00fablico4<br \/>\nAo clicar sobre esse t\u00f3pico, uma coluna a direita aparecer\u00e1 para serem colocadas as informa\u00e7\u00f5es<br \/>\nda c\u00e9lula que ser\u00e1 constru\u00edda.<br \/>\nPara escolher a estrutura CS, clicar em \u201cESCOLHA UMA REDE\u201d, no canto superior \u00e0 direita.<br \/>\nP\u00fablico5<br \/>\nClique sobre a estrutura c\u00fabica simples. Note que um cubo ir\u00e1 aparecer no centro da tela.<br \/>\nAumente a c\u00e9lula com o aux\u00edlio do mouse, deslizando para cima. Se estiver utilizando notebook,<br \/>\no mousepad tamb\u00e9m desempenha a mesma fun\u00e7\u00e3o, com o movimento de amplia\u00e7\u00e3o com os<br \/>\ndedos.<br \/>\nP\u00fablico6<br \/>\nNote que a estrutura cristalina c\u00fabica simples (CS) j\u00e1 est\u00e1 formada, com os elementos em cada<br \/>\num dos v\u00e9rtices.<br \/>\nDentre os metais, o Pol\u00f4nio \u00e9 o \u00fanico que cristaliza nessa estrutura. Ent\u00e3o, para utilizar esse<br \/>\nelemento na CS, clique em \u201cEDITOR DE MOTIVOS\u201d.<br \/>\nFeito isso, clique em \u201cCLIQUE PARA ADICIONAR UM NOVO \u00c1TOMO EM SEU MOTIVO\u201d.<br \/>\nP\u00fablico7<br \/>\nDentre os elementos qu\u00edmicos, escolha o Pol\u00f4nio (Po).<br \/>\nNa parte inferior da tabela, clique na op\u00e7\u00e3o \u201c0\u201d.<br \/>\nA estrutura para esse composto ir\u00e1 aparecer para a c\u00e9lula unit\u00e1ria, para o cristal e em cada um<br \/>\ndos eixos cartesianos (do espa\u00e7o).<br \/>\nP\u00fablico8<br \/>\nTire um print do cristal para apresentar em seu relat\u00f3rio com as informa\u00e7\u00f5es da estrutura.<br \/>\n\u2794 Estrutura cristalina c\u00fabica de corpo centrado (CCC).<br \/>\nEssa estrutura \u00e9 composta por um \u00e1tomo em cada v\u00e9rtice da c\u00e9lula unit\u00e1ria do tipo c\u00fabica mais<br \/>\num \u00e1tomo inteiro no centro da c\u00e9lula (ou seja, em seu interior). Assim, o primeiro passo \u00e9 clicar<br \/>\nem \u201cBravais Lattice Editor\u201d no canto superior \u00e0 direita.<br \/>\nAo clicar sobre esse t\u00f3pico, uma coluna a direita aparecer\u00e1 para serem colocadas as informa\u00e7\u00f5es<br \/>\nda c\u00e9lula que ser\u00e1 constru\u00edda.<br \/>\nP\u00fablico9<br \/>\nPara escolher a estrutura CCC, clicar em \u201cESCOLHA UMA REDE\u201d, no canto superior \u00e0 direita.<br \/>\nClique sobre a estrutura c\u00fabica corpo centrado. Note que um cubo ir\u00e1 aparecer no centro da<br \/>\ntela.<br \/>\nP\u00fablico10<br \/>\nAumente a c\u00e9lula com o aux\u00edlio do mouse, deslizando para cima. Se estiver utilizando notebook,<br \/>\no mousepad tamb\u00e9m desempenha a mesma fun\u00e7\u00e3o, com o movimento de amplia\u00e7\u00e3o com os<br \/>\ndedos.<br \/>\nNote que a estrutura cristalina c\u00fabica de corpo centrado (CCC) j\u00e1 est\u00e1 formada, com os<br \/>\nelementos em cada um dos v\u00e9rtices.<br \/>\nDentre os metais, o L\u00edtio cristaliza nessa estrutura. Ent\u00e3o, para utilizar esse elemento na CCC,<br \/>\nclique em \u201cEDITOR DE MOTIVOS\u201d.<br \/>\nP\u00fablico11<br \/>\nFeito isso, clique em \u201cCLIQUE PARA ADICIONAR UM NOVO \u00c1TOMO EM SEU MOTIVO\u201d.<br \/>\nDentre os elementos qu\u00edmicos, escolha o L\u00edtio (Li).<br \/>\nNa parte inferior da tabela, clique na op\u00e7\u00e3o \u201c0\u201d.<br \/>\nP\u00fablico12<br \/>\nA estrutura para esse composto ir\u00e1 aparecer para a c\u00e9lula unit\u00e1ria, para o cristal e em cada um<br \/>\ndos eixos cartesianos (do espa\u00e7o).<br \/>\nTire um print do cristal para apresentar em seu relat\u00f3rio com as informa\u00e7\u00f5es da estrutura.<br \/>\n\u2794 Estrutura cristalina c\u00fabica de face centrada (CFC).<br \/>\nEssa estrutura \u00e9 composta por um \u00e1tomo em cada v\u00e9rtice da c\u00e9lula unit\u00e1ria do tipo c\u00fabica mais<br \/>\num \u00e1tomo em cada face da c\u00e9lula. Assim, o primeiro passo \u00e9 clicar em \u201cBravais Lattice Editor\u201d no<br \/>\ncanto superior \u00e0 direita.<br \/>\nAo clicar sobre esse t\u00f3pico, uma coluna a direita aparecer\u00e1 para serem colocadas as informa\u00e7\u00f5es<br \/>\nda c\u00e9lula que ser\u00e1 constru\u00edda.<br \/>\nP\u00fablico13<br \/>\nPara escolher a estrutura CFC, clicar em \u201cESCOLHA UMA REDE\u201d, no canto superior \u00e0 direita.<br \/>\nClique sobre a estrutura c\u00fabica de face centrada. Note que um cubo ir\u00e1 aparecer no centro da<br \/>\ntela.<br \/>\nP\u00fablico14<br \/>\nAumente a c\u00e9lula com o aux\u00edlio do mouse, deslizando para cima. Se estiver utilizando notebook,<br \/>\no mousepad tamb\u00e9m desempenha a mesma fun\u00e7\u00e3o, com o movimento de amplia\u00e7\u00e3o com os<br \/>\ndedos.<br \/>\nNote que a estrutura cristalina c\u00fabica de face centrada (CFC) j\u00e1 est\u00e1 formada, com os<br \/>\nelementos em cada um dos v\u00e9rtices.<br \/>\nDentre os metais, o N\u00edquel cristaliza nessa estrutura. Ent\u00e3o, para utilizar esse elemento na<br \/>\nCFC, clique em \u201cEDITOR DE MOTIVOS\u201d.<br \/>\nP\u00fablico15<br \/>\nFeito isso, clique em \u201cCLIQUE PARA ADICIONAR UM NOVO \u00c1TOMO EM SEU MOTIVO\u201d.<br \/>\nDentre os elementos qu\u00edmicos, escolha o N\u00edquel (Ni).<br \/>\nP\u00fablico16<br \/>\nNa parte inferior da tabela, clique na op\u00e7\u00e3o \u201c0\u201d.<br \/>\nA estrutura para esse composto ir\u00e1 aparecer para a c\u00e9lula unit\u00e1ria, para o cristal e em cada um<br \/>\ndos eixos cartesianos (do espa\u00e7o).<br \/>\nTire um print do cristal para apresentar em seu relat\u00f3rio com as informa\u00e7\u00f5es da estrutura.<br \/>\nChecklist:<br \/>\n\u2713 Acessar seu AVA;<br \/>\n\u2713 Clicar no link do software CrystalWalk;<br \/>\n\u2713 Construir a estrutura CS;<br \/>\n\u2713 Construir a estrutura CCC;<br \/>\n\u2713 Construir a estrutura CFC.<br \/>\nRESULTADOS<br \/>\nResultados de Aprendizagem:<br \/>\nComo resultados dessa pr\u00e1tica ser\u00e1 poss\u00edvel compreender visualmente como ocorre o<br \/>\nordenamento at\u00f4mico em estruturas cristalinas do tipo c\u00fabica (CS, CCC e CFC).<br \/>\nESTUDANTE, VOC\u00ca DEVER\u00c1 ENTREGAR<br \/>\nDescri\u00e7\u00e3o orientativa sobre a entregada da comprova\u00e7\u00e3o da aula pr\u00e1tica:<br \/>\nAo final dessa aula pr\u00e1tica, voc\u00ea dever\u00e1 enviar um arquivo em word contendo as informa\u00e7\u00f5es<br \/>\nobtidas no experimento, as c\u00e9lulas cristalinas, em conjunto com um texto conclusivo a respeito<br \/>\ndas informa\u00e7\u00f5es obtidas. O arquivo n\u00e3o pode exceder o tamanho de 2Mb.<br \/>\nP\u00fablico17<br \/>\nREFER\u00caNCIAS BIBLIOGR\u00c1FICAS<br \/>\nDescri\u00e7\u00e3o (em abnt) das refer\u00eancias utilizadas\u201d<\/p>\n<div class=\"elementor-toggle-item\">\n<p id=\"elementor-tab-title-1941\" class=\"elementor-tab-title elementor-active\" tabindex=\"0\" role=\"tab\" data-tab=\"1\" aria-controls=\"elementor-tab-content-1941\" aria-expanded=\"true\" aria-selected=\"true\"><strong>Como funciona?<\/strong><\/p>\n<p>Elaboramos os portf\u00f3lios, j\u00e1 deixamos prontos, nas normas da ABNT e conforme os requisitos da universidade. F\u00e1cil assim! O MELHOR \u00c9 QUE VOC\u00ca COMPRA E J\u00c1 BAIXA NA HORA O SEU ARQUIVO EM WORD! Sabemos que conciliar trabalho, fam\u00edlia, vida profissional e estudos \u00e9 dif\u00edcil hoje em dia, por isso, estamos aqui para ajudar voc\u00ea. Conte com nossa qualidade, experi\u00eancia e profissionalismo adquirindo seu portf\u00f3lio conosco. GARANTIMOS SEU CONCEITO!<\/p>\n<p><strong>Como se realizam os envios?<\/strong><\/p>\n<\/div>\n<p id=\"elementor-tab-content-1942\" class=\"elementor-tab-content elementor-clearfix elementor-active\" role=\"tabpanel\" data-tab=\"2\" aria-labelledby=\"elementor-tab-title-1942\">O seu trabalho \u00e9 disponibilizado pronto, respondido e nas normas j\u00e1 na mesma hora aqui em nosso site na sua \u00e1rea de downloads e tamb\u00e9m no seu e-mail.<\/p>\n<p><strong>Em quanto tempo recebo o portf\u00f3lio?<\/strong><\/p>\n<p>Os envios s\u00e3o imediatos. Ap\u00f3s sua compra, o trabalho j\u00e1 \u00e9 disponibilizado instantaneamente aqui em nosso site e no seu e-mail.<\/p>\n<p><strong>E se o portf\u00f3lio que comprei precisar de corre\u00e7\u00e3o?<\/strong><\/p>\n<p>Caso haja alguma solicita\u00e7\u00e3o de corre\u00e7\u00e3o\/altera\u00e7\u00e3o por parte do tutor, basta entrar em contato conosco pelo\u00a0WhatsApp\u00a0que provid\u00eanciaremos sem custo algum.<\/p>\n<p><strong>Qual o formato do arquivo?<\/strong><\/p>\n<p>Os arquivos s\u00e3o enviados em formato Word e s\u00e3o edit\u00e1veis.<\/p>\n<p><strong>Caso eu tiver alguma d\u00favida, terei suporte no p\u00f3s venda?<\/strong><\/p>\n<p>Sim, com certeza. Basta clicar no \u00edcone do WhatsApp no cantinho da tela. Ser\u00e1 um prazer atend\u00ea-lo(a).<\/p>\n<div id=\"elementor-tab-content-1948\" class=\"elementor-tab-content elementor-clearfix elementor-active\" role=\"tabpanel\" data-tab=\"8\" aria-labelledby=\"elementor-tab-title-1948\">\n<p><strong>Quais os seus canais de contato?<\/strong><\/p>\n<\/div>\n<div id=\"elementor-tab-content-1949\" class=\"elementor-tab-content elementor-clearfix elementor-active\" role=\"tabpanel\" data-tab=\"9\" aria-labelledby=\"elementor-tab-title-1949\">\n<p>Whatsapp: 53 984751621 \u2013 Clicar no canto da tela ou ESCANEIE O QRCODE ABAIXO<\/p>\n<h4><img decoding=\"async\" class=\"alignnone wp-image-13699 jetpack-lazy-image jetpack-lazy-image--handled\" src=\"https:\/\/i0.wp.com\/portifolioos-prontos.com\/wp-content\/uploads\/2023\/02\/whatsapp-business-projeto-de-extensao-300x300.jpeg?resize=144%2C144\" sizes=\"(max-width: 144px) 100vw, 144px\" srcset=\"https:\/\/i0.wp.com\/portifolioos-prontos.com\/wp-content\/uploads\/2023\/02\/whatsapp-business-projeto-de-extensao.jpeg?resize=300%2C301&amp;ssl=1 300w, https:\/\/i0.wp.com\/portifolioos-prontos.com\/wp-content\/uploads\/2023\/02\/whatsapp-business-projeto-de-extensao.jpeg?resize=150%2C150&amp;ssl=1 150w, https:\/\/i0.wp.com\/portifolioos-prontos.com\/wp-content\/uploads\/2023\/02\/whatsapp-business-projeto-de-extensao.jpeg?resize=370%2C372&amp;ssl=1 370w, https:\/\/i0.wp.com\/portifolioos-prontos.com\/wp-content\/uploads\/2023\/02\/whatsapp-business-projeto-de-extensao.jpeg?resize=100%2C100&amp;ssl=1 100w, https:\/\/i0.wp.com\/portifolioos-prontos.com\/wp-content\/uploads\/2023\/02\/whatsapp-business-projeto-de-extensao.jpeg?w=470&amp;ssl=1 470w\" alt=\"projeto de extens\u00e3o unopar\" width=\"144\" height=\"144\" data-lazy-loaded=\"1\" \/><\/h4>\n<\/div>\n<div class=\"elementor-toggle-item\">\n<div id=\"elementor-tab-content-1949\" class=\"elementor-tab-content elementor-clearfix elementor-active\" role=\"tabpanel\" data-tab=\"9\" aria-labelledby=\"elementor-tab-title-1949\">\n<p>E-mail:portifoliosp@gmail.com<\/p>\n<div id=\"attachment_143\" class=\"wp-caption alignnone\">\n<div id=\"attachment_143\" class=\"wp-caption alignnone\">\n<p id=\"caption-attachment-143\" class=\"wp-caption-text\"><a href=\"http:\/\/portfolio-pronto.com\/\">Portf\u00f3lio<\/a>\u00a0em Word, respondido, completo e j\u00e1 nas normas<\/p>\n<\/div>\n<\/div>\n<\/div>\n<\/div>\n","protected":false},"excerpt":{"rendered":"<div class=\"product-short-description\">\n<p><strong>Pague pelo PIX ou cart\u00e3o e fa\u00e7a o download agora mesmo.<\/strong><\/p>\n<\/div>\n<div class=\"sticky-add-to-cart-wrapper\">\n<div class=\"sticky-add-to-cart\">\n<p class=\"quantity buttons_added form-flat\"><img decoding=\"async\" class=\"lazyloaded smush-image-5 smush-image-3 smush-image-4 smush-detected-img smush-image-bigger-3\" src=\"https:\/\/d26lpennugtm8s.cloudfront.net\/assets\/common\/img\/logos\/payment\/visa@2x.png\" width=\"46\" height=\"29\" data-src=\"https:\/\/d26lpennugtm8s.cloudfront.net\/assets\/common\/img\/logos\/payment\/visa@2x.png\" \/><img decoding=\"async\" class=\"lazyloaded smush-image-6 smush-image-4 smush-image-5 smush-detected-img smush-image-bigger-4\" src=\"https:\/\/d26lpennugtm8s.cloudfront.net\/assets\/common\/img\/logos\/payment\/boleto@2x.png\" width=\"43\" height=\"27\" data-src=\"https:\/\/d26lpennugtm8s.cloudfront.net\/assets\/common\/img\/logos\/payment\/boleto@2x.png\" \/><img loading=\"lazy\" decoding=\"async\" class=\"lazyloaded smush-image-7 smush-image-5 smush-image-6 smush-detected-img smush-image-bigger-5\" src=\"https:\/\/d26lpennugtm8s.cloudfront.net\/assets\/common\/img\/logos\/payment\/mastercard@2x.png\" width=\"43\" height=\"27\" data-src=\"https:\/\/d26lpennugtm8s.cloudfront.net\/assets\/common\/img\/logos\/payment\/mastercard@2x.png\" \/><img loading=\"lazy\" decoding=\"async\" class=\"lazyloaded smush-image-8 smush-image-6 smush-image-7 smush-detected-img smush-image-bigger-6\" src=\"https:\/\/d26lpennugtm8s.cloudfront.net\/assets\/common\/img\/logos\/payment\/amex@2x.png\" width=\"43\" height=\"27\" data-src=\"https:\/\/d26lpennugtm8s.cloudfront.net\/assets\/common\/img\/logos\/payment\/amex@2x.png\" \/><img loading=\"lazy\" decoding=\"async\" class=\"lazyloaded smush-image-9 smush-image-7 smush-image-8 smush-detected-img smush-image-bigger-7\" src=\"https:\/\/d26lpennugtm8s.cloudfront.net\/assets\/common\/img\/logos\/payment\/diners@2x.png\" width=\"46\" height=\"29\" data-src=\"https:\/\/d26lpennugtm8s.cloudfront.net\/assets\/common\/img\/logos\/payment\/diners@2x.png\" \/><img loading=\"lazy\" decoding=\"async\" class=\"lazyloaded smush-image-10 smush-image-8 smush-image-9 alignnone smush-detected-img smush-image-bigger-8\" src=\"https:\/\/d26lpennugtm8s.cloudfront.net\/assets\/common\/img\/logos\/payment\/br\/elo@2x.png\" alt=\"portf\u00f3lio unopar anhanguera\" width=\"45\" height=\"28\" data-src=\"https:\/\/d26lpennugtm8s.cloudfront.net\/assets\/common\/img\/logos\/payment\/br\/elo@2x.png\" \/><img loading=\"lazy\" decoding=\"async\" class=\"lazyloaded smush-image-11 smush-image-9 smush-image-10 alignnone smush-detected-img smush-image-bigger-9\" src=\"https:\/\/d26lpennugtm8s.cloudfront.net\/assets\/common\/img\/logos\/payment\/br\/hipercard@2x.png\" alt=\"portf\u00f3lio unopar anhanguera\" width=\"44\" height=\"28\" data-src=\"https:\/\/d26lpennugtm8s.cloudfront.net\/assets\/common\/img\/logos\/payment\/br\/hipercard@2x.png\" \/><img loading=\"lazy\" decoding=\"async\" class=\"lazyloaded smush-image-12 smush-image-10 smush-image-11 alignnone smush-detected-img smush-image-bigger-10\" src=\"https:\/\/d26lpennugtm8s.cloudfront.net\/assets\/common\/img\/logos\/payment\/mercadopago@2x.png\" alt=\"portf\u00f3lio unopar anhanguera\" width=\"45\" height=\"28\" data-src=\"https:\/\/d26lpennugtm8s.cloudfront.net\/assets\/common\/img\/logos\/payment\/mercadopago@2x.png\" \/><img loading=\"lazy\" decoding=\"async\" class=\"alignnone lazyloaded smush-detected-img smush-image-bigger-11\" src=\"https:\/\/futurium.com.br\/wp-content\/uploads\/2021\/06\/logo-pix-icone-512.png\" alt=\"portfolio pronto\" width=\"30\" height=\"30\" data-src=\"https:\/\/futurium.com.br\/wp-content\/uploads\/2021\/06\/logo-pix-icone-512.png\" \/><\/p>\n<\/div>\n<\/div>\n","protected":false},"featured_media":46060,"template":"","meta":{"_seopress_robots_primary_cat":"","_seopress_titles_title":"","_seopress_titles_desc":"","_seopress_robots_index":""},"product_cat":[15],"product_tag":[],"class_list":{"0":"post-45893","1":"product","2":"type-product","3":"status-publish","4":"has-post-thumbnail","6":"product_cat-uncategorized","8":"first","9":"instock","10":"downloadable","11":"virtual","12":"purchasable","13":"product-type-simple","14":"col-xs-6 col-sm-4","15":"col-mf-5","16":"un-5-cols"},"jetpack_sharing_enabled":true,"_links":{"self":[{"href":"https:\/\/portifolioos-prontos.com\/index.php\/wp-json\/wp\/v2\/product\/45893","targetHints":{"allow":["GET"]}}],"collection":[{"href":"https:\/\/portifolioos-prontos.com\/index.php\/wp-json\/wp\/v2\/product"}],"about":[{"href":"https:\/\/portifolioos-prontos.com\/index.php\/wp-json\/wp\/v2\/types\/product"}],"version-history":[{"count":1,"href":"https:\/\/portifolioos-prontos.com\/index.php\/wp-json\/wp\/v2\/product\/45893\/revisions"}],"predecessor-version":[{"id":45895,"href":"https:\/\/portifolioos-prontos.com\/index.php\/wp-json\/wp\/v2\/product\/45893\/revisions\/45895"}],"wp:featuredmedia":[{"embeddable":true,"href":"https:\/\/portifolioos-prontos.com\/index.php\/wp-json\/wp\/v2\/media\/46060"}],"wp:attachment":[{"href":"https:\/\/portifolioos-prontos.com\/index.php\/wp-json\/wp\/v2\/media?parent=45893"}],"wp:term":[{"taxonomy":"product_cat","embeddable":true,"href":"https:\/\/portifolioos-prontos.com\/index.php\/wp-json\/wp\/v2\/product_cat?post=45893"},{"taxonomy":"product_tag","embeddable":true,"href":"https:\/\/portifolioos-prontos.com\/index.php\/wp-json\/wp\/v2\/product_tag?post=45893"}],"curies":[{"name":"wp","href":"https:\/\/api.w.org\/{rel}","templated":true}]}}