{"id":45900,"date":"2025-10-07T18:47:06","date_gmt":"2025-10-07T21:47:06","guid":{"rendered":"https:\/\/portifolioos-prontos.com\/?post_type=product&#038;p=45900"},"modified":"2025-10-11T13:37:50","modified_gmt":"2025-10-11T16:37:50","slug":"aula-pratica-quimica-e-ciencia-dos-materiais-u4_classificacao-e-propriedade-dos-materiais","status":"publish","type":"product","link":"https:\/\/portifolioos-prontos.com\/index.php\/product\/aula-pratica-quimica-e-ciencia-dos-materiais-u4_classificacao-e-propriedade-dos-materiais\/","title":{"rendered":"Aula pr\u00e1tica Quimica e ci\u00eancia dos materiais &#8211; U4_Classifica\u00e7\u00e3o e propriedade dos materiais"},"content":{"rendered":"<p><strong>Aula pr\u00e1tica Quimica e ci\u00eancia dos materiais\u00a0<\/strong><\/p>\n<p>\u201cROTEIRO DE AULA PR\u00c1TICA<br \/>\nNOME DA DISCIPLINA: QU\u00cdMICA E CI\u00caNCIA DOS MATERIAIS<br \/>\nUnidade: U4_CLASSIFICA\u00c7\u00c3O E PROPRIEDADE DOS MATERIAIS<br \/>\nAula: A1_MATERIAIS MET\u00c1LICOS<br \/>\nOBJETIVOS<br \/>\nDefini\u00e7\u00e3o dos objetivos da aula pr\u00e1tica:<br \/>\nAnalisar os dados de um ensaio de tra\u00e7\u00e3o para obter as principais propriedades mec\u00e2nicas desse<br \/>\nmaterial.<br \/>\nINFRAESTRUTURA<br \/>\nInstala\u00e7\u00f5es \u2013 Materiais de consumo \u2013 Equipamentos:<br \/>\nLABORAT\u00d3RIO DE INFORM\u00c1TICA<br \/>\nEquipamentos:<br \/>\n\u2022 Computador com acesso \u00e0 internet<br \/>\n~ 1 unid. 1 aluno<br \/>\nSOLU\u00c7\u00c3O DIGITAL<br \/>\nMDSolids \u2013 software educativo para estudo das propriedades e caracter\u00edsticas de materiais e<br \/>\nestruturas sob carregamento. \u00c9 constitu\u00eddo por um conjunto de m\u00f3dulos que compreendem os<br \/>\nseguintes temas: comportamento de pilares e vigas, flex\u00e3o, tor\u00e7\u00e3o, esfor\u00e7o axial, estruturas<br \/>\nestaticamente indeterminadas, treli\u00e7as, propriedades de sec\u00e7\u00f5es e c\u00edrculo de Mohr.<br \/>\nLink: https:\/\/static-archives.git-pages.mst.edu\/mdsolids\/<br \/>\nEQUIPAMENTO DE PROTE\u00c7\u00c3O INDIVIDUAL (EPI)<br \/>\nPara a utiliza\u00e7\u00e3o do laborat\u00f3rio de inform\u00e1tica n\u00e3o h\u00e1 necessidade de EPI\u2019s.<br \/>\nPROCEDIMENTOS PR\u00c1TICOS<br \/>\nProcedimento\/Atividade n\u00ba 1 (Virtual)<br \/>\nCONSTRU\u00c7\u00c3O DE UM DIAGRAMATENS\u00c3O\/DEFORMA\u00c7\u00c3O PARA AN\u00c1LISE DO MATERIAL<br \/>\nAtividade proposta: Caracteriza\u00e7\u00e3o de um material atrav\u00e9s de suas principais propriedades<br \/>\nmec\u00e2nicas pela an\u00e1lise de um diagrama tens\u00e3o\/deforma\u00e7\u00e3o.<br \/>\nP\u00fablico3<br \/>\nProcedimentos para a realiza\u00e7\u00e3o da atividade:<br \/>\nEm seu AVA, voc\u00ea ir\u00e1 encontrar o link que dar\u00e1 acesso ao software MDSolids. A partir do acesso<br \/>\nao software, segue o procedimento a ser realizado para o desenvolvimento da atividade.<br \/>\nAo acessa o link, uma tela inicial do software abrir\u00e1, semelhante \u00e0 tela a seguir.<br \/>\nO software est\u00e1 em l\u00edngua inglesa, e n\u00e3o h\u00e1 como realizar a tradu\u00e7\u00e3o para o portugu\u00eas.<br \/>\nContudo, por ser bem did\u00e1tico e intuitivo, o fato de estar em outro idioma n\u00e3o dificultar\u00e1 sua<br \/>\nutiliza\u00e7\u00e3o e execu\u00e7\u00e3o da atividade proposta.<br \/>\nE ainda, para se familiarizar com o software, navegue por ele, explore cada m\u00f3dulo, recursos<br \/>\ndispon\u00edveis e como ele poder\u00e1 ser utilizado para aplica\u00e7\u00f5es futuras na \u00e1rea de materiais,<br \/>\nauxiliando na compreens\u00e3o de conte\u00fado.<br \/>\nPara dar in\u00edcio \u00e0 atividade pr\u00e1tica, abra o primeiro m\u00f3dulo (Problem Library), clicando sobre ele.<br \/>\nP\u00fablico4<br \/>\nFeito isso, aparecer\u00e1 uma tela inicial em que algumas informa\u00e7\u00f5es devem ser escolhidas.<br \/>\nPara execu\u00e7\u00e3o da atividade, escolha as seguintes informa\u00e7\u00f5es: \u201cMaterial Properties\u201d e \u201cStressstrain curves\u201d.<br \/>\nP\u00fablico5<br \/>\nAo selecionar essa op\u00e7\u00e3o, aperte o bot\u00e3o \u201cGo\u201d ao final da p\u00e1gina. Feito isso, abrir\u00e1 uma nova<br \/>\ntela, para colocar as informa\u00e7\u00f5es de for\u00e7a e deforma\u00e7\u00e3o (alongamento) obtidas em um ensaio de<br \/>\ntra\u00e7\u00e3o.<br \/>\nAs duas colunas em amarelo (force e deformation) s\u00e3o edit\u00e1veis, para colocar os valores obtidos<br \/>\nem um ensaio destrutivo de tra\u00e7\u00e3o. Para isso, utilize os dados a seguir:<br \/>\nFor\u00e7a (N) Deforma\u00e7\u00e3o\/Alongamento (mm)<br \/>\n0 0,0000<br \/>\n200 0,0125<br \/>\n400 0,0250<br \/>\n600 0,0375<br \/>\n800 0,0503<br \/>\nP\u00fablico6<br \/>\n1000 0,0631<br \/>\n1200 0,0759<br \/>\n1400 0,0887<br \/>\n1600 0,1015<br \/>\n1800 0,1143<br \/>\n2000 0,1271<br \/>\n2200 0,1671<br \/>\n2400 0,2071<br \/>\n2600 0,2571<br \/>\n2600 0,3071<br \/>\n2800 0,4371<br \/>\n3000 0,5171<br \/>\n3500 0,6071<br \/>\n4000 0,7595<br \/>\n4500 0,9571<br \/>\n5000 1,1571<br \/>\n5300 1,4571<br \/>\n5000 1,8571<br \/>\n4800 2,2571<br \/>\n4500 2,6571<br \/>\nModifique as unidades das grandezas for\u00e7a (force) e comprimento (length). Utilize Newton (N) e<br \/>\nmil\u00edmetro (mm), respectivamente. J\u00e1 para press\u00e3o (stress) e deforma\u00e7\u00e3o (strain), utilize mega<br \/>\nPascal (MPa) e mil\u00edmetro por mil\u00edmetro (mm\/mm), respectivamente.<br \/>\nPara an\u00e1lise do material, considere um comprimento efetivo (gage length) do corpo de prova de<br \/>\n0,3m (300mm), com \u00e1rea de 7,07 mm2<br \/>\n. Utilize a unidade de \u00e1rea para mil\u00edmetros quadrados<br \/>\n(mm2<br \/>\n). Coloque esses dados na tela do software.<br \/>\nComo temos 25 dados de for\u00e7a e deforma\u00e7\u00e3o (alongamento), ajuste a tabela para 25 linhas,<br \/>\nutilizando as setas.<br \/>\nP\u00fablico7<br \/>\nAgora, coloque as informa\u00e7\u00f5es na tabela e aperte o bot\u00e3o \u201cPlot\u201d para o programa construir o<br \/>\ngr\u00e1fico. Observe que os dados de tens\u00e3o e deforma\u00e7\u00e3o s\u00e3o calculados pelo pr\u00f3prio programa, e<br \/>\no gr\u00e1fico \u00e9 gerado.<br \/>\nEsse \u00e9 o diagrama tens\u00e3o\/deforma\u00e7\u00e3o para o material que est\u00e1 em an\u00e1lise.<br \/>\n\u2794 Avaliando os resultados:<br \/>\nCom os dados obtidos no experimento, responda:<br \/>\n1. O material que est\u00e1 em an\u00e1lise \u00e9 d\u00factil ou fr\u00e1gil? Por qu\u00ea?<br \/>\n2. Qual os valores para tens\u00e3o m\u00e1xima e tens\u00e3o de ruptura encontrados?<br \/>\n3. Com os dados fornecidos pelo diagrama, \u00e9 poss\u00edvel calcular o m\u00f3dulo de elasticidade? Qual<br \/>\nseu valor?<br \/>\nChecklist:<br \/>\n\u2713 Acessar seu AVA;<br \/>\n\u2713 Clicar no link do software;<br \/>\n\u2713 Utilizar o m\u00f3dulo \u201cProblem Library\u201d;<br \/>\n\u2713 Ir para o t\u00f3pico de propriedade dos materiais;<br \/>\n\u2713 Modificar as unidades de medida das grandezas;<br \/>\n\u2713 Construir a tabela com os dados fornecidos;<br \/>\n\u2713 Plotar o diagrama e analisar os dados;<br \/>\n\u2713 Avaliar os Resultados.<br \/>\nP\u00fablico8<br \/>\nRESULTADOS<br \/>\nResultados de Aprendizagem:<br \/>\nComo resultados dessa pr\u00e1tica ser\u00e1 poss\u00edvel compreender como construir um diagrama<br \/>\ntens\u00e3o\/deforma\u00e7\u00e3o e poder analisar para obter as principais propriedades mec\u00e2nicas do material<br \/>\navaliado.<br \/>\nESTUDANTE, VOC\u00ca DEVER\u00c1 ENTREGAR<br \/>\nDescri\u00e7\u00e3o orientativa sobre a entregada da comprova\u00e7\u00e3o da aula pr\u00e1tica:<br \/>\nAo final dessa aula pr\u00e1tica, voc\u00ea dever\u00e1 enviar um arquivo em word contendo as informa\u00e7\u00f5es<br \/>\nobtidas no experimento, os c\u00e1lculos realizados, em conjunto com um texto conclusivo a respeito<br \/>\ndas informa\u00e7\u00f5es obtidas. O arquivo n\u00e3o pode exceder o tamanho de 2Mb.<br \/>\nREFER\u00caNCIAS BIBLIOGR\u00c1FICAS<br \/>\nDescri\u00e7\u00e3o (em abnt) das refer\u00eancias utilizadas\u201d<\/p>\n<div class=\"elementor-toggle-item\">\n<p id=\"elementor-tab-title-1941\" class=\"elementor-tab-title elementor-active\" tabindex=\"0\" role=\"tab\" data-tab=\"1\" aria-controls=\"elementor-tab-content-1941\" aria-expanded=\"true\" aria-selected=\"true\"><strong>Como funciona?<\/strong><\/p>\n<p>Elaboramos os portf\u00f3lios, j\u00e1 deixamos prontos, nas normas da ABNT e conforme os requisitos da universidade. F\u00e1cil assim! O MELHOR \u00c9 QUE VOC\u00ca COMPRA E J\u00c1 BAIXA NA HORA O SEU ARQUIVO EM WORD! Sabemos que conciliar trabalho, fam\u00edlia, vida profissional e estudos \u00e9 dif\u00edcil hoje em dia, por isso, estamos aqui para ajudar voc\u00ea. Conte com nossa qualidade, experi\u00eancia e profissionalismo adquirindo seu portf\u00f3lio conosco. GARANTIMOS SEU CONCEITO!<\/p>\n<p><strong>Como se realizam os envios?<\/strong><\/p>\n<\/div>\n<p id=\"elementor-tab-content-1942\" class=\"elementor-tab-content elementor-clearfix elementor-active\" role=\"tabpanel\" data-tab=\"2\" aria-labelledby=\"elementor-tab-title-1942\">O seu trabalho \u00e9 disponibilizado pronto, respondido e nas normas j\u00e1 na mesma hora aqui em nosso site na sua \u00e1rea de downloads e tamb\u00e9m no seu e-mail.<\/p>\n<p><strong>Em quanto tempo recebo o portf\u00f3lio?<\/strong><\/p>\n<p>Os envios s\u00e3o imediatos. Ap\u00f3s sua compra, o trabalho j\u00e1 \u00e9 disponibilizado instantaneamente aqui em nosso site e no seu e-mail.<\/p>\n<p><strong>E se o portf\u00f3lio que comprei precisar de corre\u00e7\u00e3o?<\/strong><\/p>\n<p>Caso haja alguma solicita\u00e7\u00e3o de corre\u00e7\u00e3o\/altera\u00e7\u00e3o por parte do tutor, basta entrar em contato conosco pelo\u00a0WhatsApp\u00a0que provid\u00eanciaremos sem custo algum.<\/p>\n<p><strong>Qual o formato do arquivo?<\/strong><\/p>\n<p>Os arquivos s\u00e3o enviados em formato Word e s\u00e3o edit\u00e1veis.<\/p>\n<p><strong>Caso eu tiver alguma d\u00favida, terei suporte no p\u00f3s venda?<\/strong><\/p>\n<p>Sim, com certeza. Basta clicar no \u00edcone do WhatsApp no cantinho da tela. Ser\u00e1 um prazer atend\u00ea-lo(a).<\/p>\n<div id=\"elementor-tab-content-1948\" class=\"elementor-tab-content elementor-clearfix elementor-active\" role=\"tabpanel\" data-tab=\"8\" aria-labelledby=\"elementor-tab-title-1948\">\n<p><strong>Quais os seus canais de contato?<\/strong><\/p>\n<\/div>\n<div id=\"elementor-tab-content-1949\" class=\"elementor-tab-content elementor-clearfix elementor-active\" role=\"tabpanel\" data-tab=\"9\" aria-labelledby=\"elementor-tab-title-1949\">\n<p>Whatsapp: 53 984751621 \u2013 Clicar no canto da tela ou ESCANEIE O QRCODE ABAIXO<\/p>\n<h4><img decoding=\"async\" class=\"alignnone wp-image-13699 jetpack-lazy-image jetpack-lazy-image--handled\" src=\"https:\/\/i0.wp.com\/portifolioos-prontos.com\/wp-content\/uploads\/2023\/02\/whatsapp-business-projeto-de-extensao-300x300.jpeg?resize=144%2C144\" sizes=\"(max-width: 144px) 100vw, 144px\" srcset=\"https:\/\/i0.wp.com\/portifolioos-prontos.com\/wp-content\/uploads\/2023\/02\/whatsapp-business-projeto-de-extensao.jpeg?resize=300%2C301&amp;ssl=1 300w, https:\/\/i0.wp.com\/portifolioos-prontos.com\/wp-content\/uploads\/2023\/02\/whatsapp-business-projeto-de-extensao.jpeg?resize=150%2C150&amp;ssl=1 150w, https:\/\/i0.wp.com\/portifolioos-prontos.com\/wp-content\/uploads\/2023\/02\/whatsapp-business-projeto-de-extensao.jpeg?resize=370%2C372&amp;ssl=1 370w, https:\/\/i0.wp.com\/portifolioos-prontos.com\/wp-content\/uploads\/2023\/02\/whatsapp-business-projeto-de-extensao.jpeg?resize=100%2C100&amp;ssl=1 100w, https:\/\/i0.wp.com\/portifolioos-prontos.com\/wp-content\/uploads\/2023\/02\/whatsapp-business-projeto-de-extensao.jpeg?w=470&amp;ssl=1 470w\" alt=\"projeto de extens\u00e3o unopar\" width=\"144\" height=\"144\" data-lazy-loaded=\"1\" \/><\/h4>\n<\/div>\n<div class=\"elementor-toggle-item\">\n<div id=\"elementor-tab-content-1949\" class=\"elementor-tab-content elementor-clearfix elementor-active\" role=\"tabpanel\" data-tab=\"9\" aria-labelledby=\"elementor-tab-title-1949\">\n<p>E-mail:portifoliosp@gmail.com<\/p>\n<div id=\"attachment_143\" class=\"wp-caption alignnone\">\n<div id=\"attachment_143\" class=\"wp-caption alignnone\">\n<p id=\"caption-attachment-143\" class=\"wp-caption-text\"><a href=\"http:\/\/portfolio-pronto.com\/\">Portf\u00f3lio<\/a>\u00a0em Word, respondido, completo e j\u00e1 nas normas<\/p>\n<\/div>\n<\/div>\n<\/div>\n<\/div>\n","protected":false},"excerpt":{"rendered":"<div class=\"product-short-description\">\n<p><strong>Pague pelo PIX ou cart\u00e3o e fa\u00e7a o download agora mesmo.<\/strong><\/p>\n<\/div>\n<div class=\"sticky-add-to-cart-wrapper\">\n<div class=\"sticky-add-to-cart\">\n<p class=\"quantity buttons_added form-flat\"><img decoding=\"async\" class=\"lazyloaded smush-image-5 smush-image-3 smush-image-4 smush-detected-img smush-image-bigger-3\" src=\"https:\/\/d26lpennugtm8s.cloudfront.net\/assets\/common\/img\/logos\/payment\/visa@2x.png\" width=\"46\" height=\"29\" data-src=\"https:\/\/d26lpennugtm8s.cloudfront.net\/assets\/common\/img\/logos\/payment\/visa@2x.png\" \/><img decoding=\"async\" class=\"lazyloaded smush-image-6 smush-image-4 smush-image-5 smush-detected-img smush-image-bigger-4\" src=\"https:\/\/d26lpennugtm8s.cloudfront.net\/assets\/common\/img\/logos\/payment\/boleto@2x.png\" width=\"43\" height=\"27\" data-src=\"https:\/\/d26lpennugtm8s.cloudfront.net\/assets\/common\/img\/logos\/payment\/boleto@2x.png\" \/><img loading=\"lazy\" decoding=\"async\" class=\"lazyloaded smush-image-7 smush-image-5 smush-image-6 smush-detected-img smush-image-bigger-5\" src=\"https:\/\/d26lpennugtm8s.cloudfront.net\/assets\/common\/img\/logos\/payment\/mastercard@2x.png\" width=\"43\" height=\"27\" data-src=\"https:\/\/d26lpennugtm8s.cloudfront.net\/assets\/common\/img\/logos\/payment\/mastercard@2x.png\" \/><img loading=\"lazy\" decoding=\"async\" class=\"lazyloaded smush-image-8 smush-image-6 smush-image-7 smush-detected-img smush-image-bigger-6\" src=\"https:\/\/d26lpennugtm8s.cloudfront.net\/assets\/common\/img\/logos\/payment\/amex@2x.png\" width=\"43\" height=\"27\" data-src=\"https:\/\/d26lpennugtm8s.cloudfront.net\/assets\/common\/img\/logos\/payment\/amex@2x.png\" \/><img loading=\"lazy\" decoding=\"async\" class=\"lazyloaded smush-image-9 smush-image-7 smush-image-8 smush-detected-img smush-image-bigger-7\" src=\"https:\/\/d26lpennugtm8s.cloudfront.net\/assets\/common\/img\/logos\/payment\/diners@2x.png\" width=\"46\" height=\"29\" data-src=\"https:\/\/d26lpennugtm8s.cloudfront.net\/assets\/common\/img\/logos\/payment\/diners@2x.png\" \/><img loading=\"lazy\" decoding=\"async\" class=\"lazyloaded smush-image-10 smush-image-8 smush-image-9 alignnone smush-detected-img smush-image-bigger-8\" src=\"https:\/\/d26lpennugtm8s.cloudfront.net\/assets\/common\/img\/logos\/payment\/br\/elo@2x.png\" alt=\"portf\u00f3lio unopar anhanguera\" width=\"45\" height=\"28\" data-src=\"https:\/\/d26lpennugtm8s.cloudfront.net\/assets\/common\/img\/logos\/payment\/br\/elo@2x.png\" \/><img loading=\"lazy\" decoding=\"async\" class=\"lazyloaded smush-image-11 smush-image-9 smush-image-10 alignnone smush-detected-img smush-image-bigger-9\" src=\"https:\/\/d26lpennugtm8s.cloudfront.net\/assets\/common\/img\/logos\/payment\/br\/hipercard@2x.png\" alt=\"portf\u00f3lio unopar anhanguera\" width=\"44\" height=\"28\" data-src=\"https:\/\/d26lpennugtm8s.cloudfront.net\/assets\/common\/img\/logos\/payment\/br\/hipercard@2x.png\" \/><img loading=\"lazy\" decoding=\"async\" class=\"lazyloaded smush-image-12 smush-image-10 smush-image-11 alignnone smush-detected-img smush-image-bigger-10\" src=\"https:\/\/d26lpennugtm8s.cloudfront.net\/assets\/common\/img\/logos\/payment\/mercadopago@2x.png\" alt=\"portf\u00f3lio unopar anhanguera\" width=\"45\" height=\"28\" data-src=\"https:\/\/d26lpennugtm8s.cloudfront.net\/assets\/common\/img\/logos\/payment\/mercadopago@2x.png\" \/><img loading=\"lazy\" decoding=\"async\" class=\"alignnone lazyloaded smush-detected-img smush-image-bigger-11\" src=\"https:\/\/futurium.com.br\/wp-content\/uploads\/2021\/06\/logo-pix-icone-512.png\" alt=\"portfolio pronto\" width=\"30\" height=\"30\" data-src=\"https:\/\/futurium.com.br\/wp-content\/uploads\/2021\/06\/logo-pix-icone-512.png\" \/><\/p>\n<\/div>\n<\/div>\n","protected":false},"featured_media":46060,"template":"","meta":{"_seopress_robots_primary_cat":"","_seopress_titles_title":"","_seopress_titles_desc":"","_seopress_robots_index":""},"product_cat":[15],"product_tag":[],"class_list":{"0":"post-45900","1":"product","2":"type-product","3":"status-publish","4":"has-post-thumbnail","6":"product_cat-uncategorized","8":"first","9":"instock","10":"downloadable","11":"virtual","12":"purchasable","13":"product-type-simple","14":"col-xs-6 col-sm-4","15":"col-mf-5","16":"un-5-cols"},"jetpack_sharing_enabled":true,"_links":{"self":[{"href":"https:\/\/portifolioos-prontos.com\/index.php\/wp-json\/wp\/v2\/product\/45900","targetHints":{"allow":["GET"]}}],"collection":[{"href":"https:\/\/portifolioos-prontos.com\/index.php\/wp-json\/wp\/v2\/product"}],"about":[{"href":"https:\/\/portifolioos-prontos.com\/index.php\/wp-json\/wp\/v2\/types\/product"}],"version-history":[{"count":2,"href":"https:\/\/portifolioos-prontos.com\/index.php\/wp-json\/wp\/v2\/product\/45900\/revisions"}],"predecessor-version":[{"id":46083,"href":"https:\/\/portifolioos-prontos.com\/index.php\/wp-json\/wp\/v2\/product\/45900\/revisions\/46083"}],"wp:featuredmedia":[{"embeddable":true,"href":"https:\/\/portifolioos-prontos.com\/index.php\/wp-json\/wp\/v2\/media\/46060"}],"wp:attachment":[{"href":"https:\/\/portifolioos-prontos.com\/index.php\/wp-json\/wp\/v2\/media?parent=45900"}],"wp:term":[{"taxonomy":"product_cat","embeddable":true,"href":"https:\/\/portifolioos-prontos.com\/index.php\/wp-json\/wp\/v2\/product_cat?post=45900"},{"taxonomy":"product_tag","embeddable":true,"href":"https:\/\/portifolioos-prontos.com\/index.php\/wp-json\/wp\/v2\/product_tag?post=45900"}],"curies":[{"name":"wp","href":"https:\/\/api.w.org\/{rel}","templated":true}]}}