{"id":45910,"date":"2025-10-07T19:11:48","date_gmt":"2025-10-07T22:11:48","guid":{"rendered":"https:\/\/portifolioos-prontos.com\/?post_type=product&#038;p=45910"},"modified":"2025-10-10T23:06:24","modified_gmt":"2025-10-11T02:06:24","slug":"aula-pratica-analise-e-modelagem-de-sistemas-business-process-model-and-notation-bpmn","status":"publish","type":"product","link":"https:\/\/portifolioos-prontos.com\/index.php\/product\/aula-pratica-analise-e-modelagem-de-sistemas-business-process-model-and-notation-bpmn\/","title":{"rendered":"Aula Pr\u00e1tica An\u00e1lise e modelagem de sistemas &#8211; Business Process Model and Notation (BPMN)"},"content":{"rendered":"<p><strong>Aula Pr\u00e1tica An\u00e1lise e modelagem de sistemas<\/strong><\/p>\n<p>ROTEIRO DE AULA PR\u00c1TICA<br \/>\nNOME DA DISCIPLINA: AN\u00c1LISE E MODELAGEM DE SISTEMAS<br \/>\nUnidade: 2 \u2013 PROCESSOS DE NEG\u00d3CIO PARA AN\u00c1LISE DE SISTEMAS<br \/>\nAula: 4 \u2013 Business Process Model and Notation (BPMN)<br \/>\nOBJETIVOS<br \/>\n\u00fc Identificar e aplicar corretamente os s\u00edmbolos padr\u00f5es do BPMN em um diagrama.<br \/>\n\u00fc Criar um BPMN para um processo de neg\u00f3cio, demonstrando compreens\u00e3o das intera\u00e7\u00f5es<br \/>\ne fluxos de trabalho.<br \/>\nSOLU\u00c7\u00c3O DIGITAL<br \/>\n\u2022 https:\/\/bpmn.io (Site)<br \/>\nLINK SOLU\u00c7\u00c3O DIGITAL (EXCETO ALGETEC): https:\/\/bpmn.io<br \/>\nA bpmn.io \u00e9 uma ferramenta baseada na web para criar, visualizar e editar diagramas BPMN<br \/>\n(Business Process Model and Notation). Ela oferece diversos kits de ferramentas, como o bpmn-js<br \/>\npara diagramas BPMN 2.0, dmn-js para diagramas DMN (Decision Model and Notation), form-js<br \/>\npara constru\u00e7\u00e3o de formul\u00e1rios e cmmn-js para diagramas CMMN (Case Management Model and<br \/>\nNotation). Essas ferramentas podem ser incorporadas em aplica\u00e7\u00f5es web e personalizadas<br \/>\nconforme as necessidades espec\u00edficas.<br \/>\nPROCEDIMENTO\/ATIVIDADE<br \/>\nATIVIDADE PROPOSTA:<br \/>\nDesenvolva um BPMN para a situa\u00e7\u00e3o a seguir:<br \/>\nPara se obter uma esp\u00e9cie de material ou insumo \u00e9 necess\u00e1rio fazer uma solicita\u00e7\u00e3o interna de<br \/>\ncompra (SIC). O setor de compras deve realizar or\u00e7amentos, com pelo menos tr\u00eas fornecedores.<br \/>\nUma cota\u00e7\u00e3o \u00e9 feita com cada um deles e \u00e9 selecionado aquele que oferecer as melhores condi\u00e7\u00f5es<br \/>\ncomerciais (pre\u00e7o e prazo de entrega). No pr\u00f3ximo passo, o comprador solicita ao setor de compras<br \/>\nque elabore uma ordem de compra (OC), que \u00e9 enviada ao fornecedor selecionado. O setor de<br \/>\nRecep\u00e7\u00e3o \u00e9 respons\u00e1vel pela recep\u00e7\u00e3o da mercadoria e da fatura, sendo necess\u00e1rio realizar a<br \/>\nconfer\u00eancia da mercadoria de acordo com a fatura. Se o material estiver correto, o Setor de<br \/>\nrecep\u00e7\u00e3o encaminha o material para o solicitante e a fatura para o Setor Financeiro. A partir da\u00ed, \u00e9<br \/>\nfeita a programa\u00e7\u00e3o do pagamento ao fornecedor pelo Setor Financeiro. Se houver algum erro na<br \/>\n3<br \/>\nmercadoria ou na fatura, o Setor de Recep\u00e7\u00e3o n\u00e3o aceita a entrega e o Fornecedor deve recolher<br \/>\no material.<br \/>\nPROCEDIMENTOS PARA A REALIZA\u00c7\u00c3O DA ATIVIDADE:<br \/>\n1. Inicie a atividade abrindo o site https:\/\/bpmn.io em seu navegador.<br \/>\n2. Clique em \u201cTry Online\u201d para entrar na ferramenta:<br \/>\n3. Clique na op\u00e7\u00e3o \u201cCreate\u201d como apresentado na figura anterior.<br \/>\n4. Pronto, sua ferramenta j\u00e1 estar\u00e1 pronta para voc\u00ea criar o seu BPMN. No lado esquerdo da<br \/>\nferramenta, est\u00e3o todos os elementos que comp\u00f5em esse diagrama.<br \/>\n4<br \/>\nCHECKLIST:<br \/>\n\u2013 Saber utilizar uma ferramenta para a modelagem do BPMN.<br \/>\n\u2013 Saber os conceitos b\u00e1sicos e a import\u00e2ncia do BPMN na gest\u00e3o de processos<br \/>\nempresariais.<br \/>\n\u2013 Utilizar corretamente os s\u00edmbolos padr\u00f5es do BPMN em um diagrama.<br \/>\n\u2013 Utilizar as raias para a separa\u00e7\u00e3o dos setores descritos no problema.<br \/>\nRESULTADOS<br \/>\nO trabalho dever\u00e1 ser entregue em arquivo pdf atendendo as etapas de produ\u00e7\u00e3o e utilizando os<br \/>\nrecursos solicitados no roteiro.<br \/>\n\u2022 O arquivo dever\u00e1 conter:<br \/>\n\u2022 Capa;<br \/>\n\u2022 Folha de rosto com os dados da disciplina e do aluno;<br \/>\n\u2022 Os resultados das atividades pr\u00e1ticas exigidas pelo roteiro;<\/p>\n<p>Aula Pr\u00e1tica An\u00e1lise e modelagem de sistemas.<\/p>\n<div class=\"elementor-toggle-item\">\n<p id=\"elementor-tab-title-1941\" class=\"elementor-tab-title elementor-active\" tabindex=\"0\" role=\"tab\" data-tab=\"1\" aria-controls=\"elementor-tab-content-1941\" aria-expanded=\"true\" aria-selected=\"true\"><strong>Como funciona?<\/strong><\/p>\n<p>Elaboramos os portf\u00f3lios, j\u00e1 deixamos prontos, nas normas da ABNT e conforme os requisitos da universidade. F\u00e1cil assim! O MELHOR \u00c9 QUE VOC\u00ca COMPRA E J\u00c1 BAIXA NA HORA O SEU ARQUIVO EM WORD! Sabemos que conciliar trabalho, fam\u00edlia, vida profissional e estudos \u00e9 dif\u00edcil hoje em dia, por isso, estamos aqui para ajudar voc\u00ea. Conte com nossa qualidade, experi\u00eancia e profissionalismo adquirindo seu portf\u00f3lio conosco. GARANTIMOS SEU CONCEITO!<\/p>\n<p><strong>Como se realizam os envios?<\/strong><\/p>\n<\/div>\n<p id=\"elementor-tab-content-1942\" class=\"elementor-tab-content elementor-clearfix elementor-active\" role=\"tabpanel\" data-tab=\"2\" aria-labelledby=\"elementor-tab-title-1942\">O seu trabalho \u00e9 disponibilizado pronto, respondido e nas normas j\u00e1 na mesma hora aqui em nosso site na sua \u00e1rea de downloads e tamb\u00e9m no seu e-mail.<\/p>\n<p><strong>Em quanto tempo recebo o portf\u00f3lio?<\/strong><\/p>\n<p>Os envios s\u00e3o imediatos. Ap\u00f3s sua compra, o trabalho j\u00e1 \u00e9 disponibilizado instantaneamente aqui em nosso site e no seu e-mail.<\/p>\n<p><strong>E se o portf\u00f3lio que comprei precisar de corre\u00e7\u00e3o?<\/strong><\/p>\n<p>Caso haja alguma solicita\u00e7\u00e3o de corre\u00e7\u00e3o\/altera\u00e7\u00e3o por parte do tutor, basta entrar em contato conosco pelo\u00a0WhatsApp\u00a0que provid\u00eanciaremos sem custo algum.<\/p>\n<p><strong>Qual o formato do arquivo?<\/strong><\/p>\n<p>Os arquivos s\u00e3o enviados em formato Word e s\u00e3o edit\u00e1veis.<\/p>\n<p><strong>Caso eu tiver alguma d\u00favida, terei suporte no p\u00f3s venda?<\/strong><\/p>\n<p>Sim, com certeza. Basta clicar no \u00edcone do WhatsApp no cantinho da tela. Ser\u00e1 um prazer atend\u00ea-lo(a).<\/p>\n<div id=\"elementor-tab-content-1948\" class=\"elementor-tab-content elementor-clearfix elementor-active\" role=\"tabpanel\" data-tab=\"8\" aria-labelledby=\"elementor-tab-title-1948\">\n<p><strong>Quais os seus canais de contato?<\/strong><\/p>\n<\/div>\n<div id=\"elementor-tab-content-1949\" class=\"elementor-tab-content elementor-clearfix elementor-active\" role=\"tabpanel\" data-tab=\"9\" aria-labelledby=\"elementor-tab-title-1949\">\n<p>Whatsapp: 53 984751621 \u2013 Clicar no canto da tela ou ESCANEIE O QRCODE ABAIXO<\/p>\n<h4><img decoding=\"async\" class=\"alignnone wp-image-13699 jetpack-lazy-image jetpack-lazy-image--handled\" src=\"https:\/\/i0.wp.com\/portifolioos-prontos.com\/wp-content\/uploads\/2023\/02\/whatsapp-business-projeto-de-extensao-300x300.jpeg?resize=144%2C144\" sizes=\"(max-width: 144px) 100vw, 144px\" srcset=\"https:\/\/i0.wp.com\/portifolioos-prontos.com\/wp-content\/uploads\/2023\/02\/whatsapp-business-projeto-de-extensao.jpeg?resize=300%2C301&amp;ssl=1 300w, https:\/\/i0.wp.com\/portifolioos-prontos.com\/wp-content\/uploads\/2023\/02\/whatsapp-business-projeto-de-extensao.jpeg?resize=150%2C150&amp;ssl=1 150w, https:\/\/i0.wp.com\/portifolioos-prontos.com\/wp-content\/uploads\/2023\/02\/whatsapp-business-projeto-de-extensao.jpeg?resize=370%2C372&amp;ssl=1 370w, https:\/\/i0.wp.com\/portifolioos-prontos.com\/wp-content\/uploads\/2023\/02\/whatsapp-business-projeto-de-extensao.jpeg?resize=100%2C100&amp;ssl=1 100w, https:\/\/i0.wp.com\/portifolioos-prontos.com\/wp-content\/uploads\/2023\/02\/whatsapp-business-projeto-de-extensao.jpeg?w=470&amp;ssl=1 470w\" alt=\"projeto de extens\u00e3o unopar\" width=\"144\" height=\"144\" data-lazy-loaded=\"1\" \/><\/h4>\n<\/div>\n<div class=\"elementor-toggle-item\">\n<div id=\"elementor-tab-content-1949\" class=\"elementor-tab-content elementor-clearfix elementor-active\" role=\"tabpanel\" data-tab=\"9\" aria-labelledby=\"elementor-tab-title-1949\">\n<p>E-mail:portifoliosp@gmail.com<\/p>\n<div id=\"attachment_143\" class=\"wp-caption alignnone\">\n<div id=\"attachment_143\" class=\"wp-caption alignnone\">\n<p id=\"caption-attachment-143\" class=\"wp-caption-text\"><a href=\"http:\/\/portfolio-pronto.com\/\">Portf\u00f3lio<\/a>\u00a0em Word, respondido, completo e j\u00e1 nas normas<\/p>\n<\/div>\n<\/div>\n<\/div>\n<\/div>\n","protected":false},"excerpt":{"rendered":"<div class=\"product-short-description\"><strong>Pague pelo PIX ou cart\u00e3o e fa\u00e7a o download agora mesmo.<\/strong><\/div>\n<div class=\"sticky-add-to-cart-wrapper\">\n<div class=\"sticky-add-to-cart\">\n<p class=\"quantity buttons_added form-flat\"><img decoding=\"async\" class=\"lazyloaded smush-image-5 smush-image-3 smush-image-4 smush-detected-img smush-image-bigger-3\" src=\"https:\/\/d26lpennugtm8s.cloudfront.net\/assets\/common\/img\/logos\/payment\/visa@2x.png\" width=\"46\" height=\"29\" data-src=\"https:\/\/d26lpennugtm8s.cloudfront.net\/assets\/common\/img\/logos\/payment\/visa@2x.png\" \/><img decoding=\"async\" class=\"lazyloaded smush-image-6 smush-image-4 smush-image-5 smush-detected-img smush-image-bigger-4\" src=\"https:\/\/d26lpennugtm8s.cloudfront.net\/assets\/common\/img\/logos\/payment\/boleto@2x.png\" width=\"43\" height=\"27\" data-src=\"https:\/\/d26lpennugtm8s.cloudfront.net\/assets\/common\/img\/logos\/payment\/boleto@2x.png\" \/><img loading=\"lazy\" decoding=\"async\" class=\"lazyloaded smush-image-7 smush-image-5 smush-image-6 smush-detected-img smush-image-bigger-5\" src=\"https:\/\/d26lpennugtm8s.cloudfront.net\/assets\/common\/img\/logos\/payment\/mastercard@2x.png\" width=\"43\" height=\"27\" data-src=\"https:\/\/d26lpennugtm8s.cloudfront.net\/assets\/common\/img\/logos\/payment\/mastercard@2x.png\" \/><img loading=\"lazy\" decoding=\"async\" class=\"lazyloaded smush-image-8 smush-image-6 smush-image-7 smush-detected-img smush-image-bigger-6\" src=\"https:\/\/d26lpennugtm8s.cloudfront.net\/assets\/common\/img\/logos\/payment\/amex@2x.png\" width=\"43\" height=\"27\" data-src=\"https:\/\/d26lpennugtm8s.cloudfront.net\/assets\/common\/img\/logos\/payment\/amex@2x.png\" \/><img loading=\"lazy\" decoding=\"async\" class=\"lazyloaded smush-image-9 smush-image-7 smush-image-8 smush-detected-img smush-image-bigger-7\" src=\"https:\/\/d26lpennugtm8s.cloudfront.net\/assets\/common\/img\/logos\/payment\/diners@2x.png\" width=\"46\" height=\"29\" data-src=\"https:\/\/d26lpennugtm8s.cloudfront.net\/assets\/common\/img\/logos\/payment\/diners@2x.png\" \/><img loading=\"lazy\" decoding=\"async\" class=\"lazyloaded smush-image-10 smush-image-8 smush-image-9 alignnone smush-detected-img smush-image-bigger-8\" src=\"https:\/\/d26lpennugtm8s.cloudfront.net\/assets\/common\/img\/logos\/payment\/br\/elo@2x.png\" alt=\"portf\u00f3lio unopar anhanguera\" width=\"45\" height=\"28\" data-src=\"https:\/\/d26lpennugtm8s.cloudfront.net\/assets\/common\/img\/logos\/payment\/br\/elo@2x.png\" \/><img loading=\"lazy\" decoding=\"async\" class=\"lazyloaded smush-image-11 smush-image-9 smush-image-10 alignnone smush-detected-img smush-image-bigger-9\" src=\"https:\/\/d26lpennugtm8s.cloudfront.net\/assets\/common\/img\/logos\/payment\/br\/hipercard@2x.png\" alt=\"portf\u00f3lio unopar anhanguera\" width=\"44\" height=\"28\" data-src=\"https:\/\/d26lpennugtm8s.cloudfront.net\/assets\/common\/img\/logos\/payment\/br\/hipercard@2x.png\" \/><img loading=\"lazy\" decoding=\"async\" class=\"lazyloaded smush-image-12 smush-image-10 smush-image-11 alignnone smush-detected-img smush-image-bigger-10\" src=\"https:\/\/d26lpennugtm8s.cloudfront.net\/assets\/common\/img\/logos\/payment\/mercadopago@2x.png\" alt=\"portf\u00f3lio unopar anhanguera\" width=\"45\" height=\"28\" data-src=\"https:\/\/d26lpennugtm8s.cloudfront.net\/assets\/common\/img\/logos\/payment\/mercadopago@2x.png\" \/><img loading=\"lazy\" decoding=\"async\" class=\"alignnone ls-is-cached lazyloaded smush-detected-img smush-image-bigger-11\" src=\"https:\/\/futurium.com.br\/wp-content\/uploads\/2021\/06\/logo-pix-icone-512.png\" alt=\"portfolio pronto\" width=\"30\" height=\"30\" data-src=\"https:\/\/futurium.com.br\/wp-content\/uploads\/2021\/06\/logo-pix-icone-512.png\" \/><\/p>\n<\/div>\n<\/div>\n","protected":false},"featured_media":46059,"template":"","meta":{"_seopress_robots_primary_cat":"","_seopress_titles_title":"","_seopress_titles_desc":"","_seopress_robots_index":""},"product_cat":[15],"product_tag":[],"class_list":{"0":"post-45910","1":"product","2":"type-product","3":"status-publish","4":"has-post-thumbnail","6":"product_cat-uncategorized","8":"first","9":"instock","10":"shipping-taxable","11":"purchasable","12":"product-type-simple","13":"col-xs-6 col-sm-4","14":"col-mf-5","15":"un-5-cols"},"jetpack_sharing_enabled":true,"_links":{"self":[{"href":"https:\/\/portifolioos-prontos.com\/index.php\/wp-json\/wp\/v2\/product\/45910","targetHints":{"allow":["GET"]}}],"collection":[{"href":"https:\/\/portifolioos-prontos.com\/index.php\/wp-json\/wp\/v2\/product"}],"about":[{"href":"https:\/\/portifolioos-prontos.com\/index.php\/wp-json\/wp\/v2\/types\/product"}],"version-history":[{"count":1,"href":"https:\/\/portifolioos-prontos.com\/index.php\/wp-json\/wp\/v2\/product\/45910\/revisions"}],"predecessor-version":[{"id":45912,"href":"https:\/\/portifolioos-prontos.com\/index.php\/wp-json\/wp\/v2\/product\/45910\/revisions\/45912"}],"wp:featuredmedia":[{"embeddable":true,"href":"https:\/\/portifolioos-prontos.com\/index.php\/wp-json\/wp\/v2\/media\/46059"}],"wp:attachment":[{"href":"https:\/\/portifolioos-prontos.com\/index.php\/wp-json\/wp\/v2\/media?parent=45910"}],"wp:term":[{"taxonomy":"product_cat","embeddable":true,"href":"https:\/\/portifolioos-prontos.com\/index.php\/wp-json\/wp\/v2\/product_cat?post=45910"},{"taxonomy":"product_tag","embeddable":true,"href":"https:\/\/portifolioos-prontos.com\/index.php\/wp-json\/wp\/v2\/product_tag?post=45910"}],"curies":[{"name":"wp","href":"https:\/\/api.w.org\/{rel}","templated":true}]}}