{"id":46314,"date":"2025-10-14T18:53:02","date_gmt":"2025-10-14T21:53:02","guid":{"rendered":"https:\/\/portifolioos-prontos.com\/?post_type=product&#038;p=46314"},"modified":"2026-03-02T21:50:54","modified_gmt":"2026-03-03T00:50:54","slug":"aula-pratica-estatisticas-de-dados-ambientais-aula-3-outro-teste-de-hipotese-para-a-media-de-uma-populacao","status":"publish","type":"product","link":"https:\/\/portifolioos-prontos.com\/index.php\/product\/aula-pratica-estatisticas-de-dados-ambientais-aula-3-outro-teste-de-hipotese-para-a-media-de-uma-populacao\/","title":{"rendered":"Aula Pr\u00e1tica Estat\u00edsticas de Dados Ambientais &#8211; Aula: 3 &#8211; Outro teste de hip\u00f3tese para a m\u00e9dia de uma popula\u00e7\u00e3o"},"content":{"rendered":"<p><strong>Aula Pr\u00e1tica Estat\u00edsticas de Dados Ambientais<\/strong><\/p>\n<hr \/>\n<p><strong>ROTEIRO DE AULA PR\u00c1TICA<\/strong><\/p>\n<hr \/>\n<p><strong>NOME DA DISCIPLINA:<\/strong> ESTAT\u00cdSTICA DE DADOS AMBIENTAIS<\/p>\n<hr \/>\n<p><strong>Unidade:<\/strong> 4 \u2013 Estat\u00edstica Inferencial<\/p>\n<hr \/>\n<p><strong>Aula:<\/strong> 3 &#8211; Outro teste de hip\u00f3tese para a m\u00e9dia de uma popula\u00e7\u00e3o<\/p>\n<hr \/>\n<p><strong>OBJETIVOS<\/strong><\/p>\n<p>\u2713 Analisar os conceitos vistos em aula;<br \/>\n\u2713 Analisar e interpretar o resultado de testes de hip\u00f3teses para m\u00e9dia quando a vari\u00e2ncia populacional \u00e9 desconhecida;<br \/>\n\u2713 Reconhecer as caracter\u00edsticas do teste bem como seja capaz de decidir qual das hip\u00f3teses deve ser aceita a fim de realizar infer\u00eancias sobre a popula\u00e7\u00e3o analisada.<\/p>\n<hr \/>\n<p><strong>SOLU\u00c7\u00c3O DIGITAL<\/strong><\/p>\n<p>\u2022 Software R 4.2.0<\/p>\n<hr \/>\n<p><strong>LINK SOLU\u00c7\u00c3O DIGITAL (EXCETO ALGETEC):<\/strong> <a href=\"https:\/\/www.r-project.org\/\">https:\/\/www.r-project.org\/<\/a><\/p>\n<hr \/>\n<p>O ambiente R \u00e9 um software livre voltado para computa\u00e7\u00e3o estat\u00edstica e constru\u00e7\u00e3o de gr\u00e1ficos. Segundo Andrade e Silva et al. (2021, p. 9) \u201co software R \u00e9 um ambiente computacional integrado e ao mesmo tempo uma linguagem de programa\u00e7\u00e3o orientada, desenvolvido para an\u00e1lise de dados, realiza\u00e7\u00e3o de c\u00e1lculos e modelos estat\u00edsticos\u201d. O fato de que o R \u00e9 um software livre, permite que ele possua uma grande variedade de t\u00e9cnicas, o que o torna atualmente o software estat\u00edstico mais utilizado mundialmente, ganhando cada vez mais espa\u00e7o em todas as \u00e1reas do conhecimento.<\/p>\n<hr \/>\n<p><strong>PROCEDIMENTO\/ATIVIDADE<\/strong><\/p>\n<hr \/>\n<p><strong>ATIVIDADE PROPOSTA:<\/strong><\/p>\n<p>A atividade consistir\u00e1 na realiza\u00e7\u00e3o e interpreta\u00e7\u00e3o de testes de hip\u00f3teses com o aux\u00edlio do software R. Esse software, permite que sejam feitos diferentes testes de hip\u00f3teses, como por exemplo o teste de hip\u00f3tese para m\u00e9dia. O foco da atividade ser\u00e1 a constru\u00e7\u00e3o de testes de hip\u00f3tese para m\u00e9dia quando a vari\u00e2ncia populacional \u00e9 desconhecida. Para isso ser\u00e3o propostos os seguintes problemas:<\/p>\n<hr \/>\n<p>Problema 1: Um estudo foi realizado para verificar o n\u00edvel de colesterol de adultos fumantes. \u00c9 desej\u00e1vel que o n\u00edvel de colesterol esteja abaixo de 200 mg\/dL. Foi coletada uma amostra de 16 indiv\u00edduos adultos fumantes e o n\u00edvel de colesterol foi mensurado. Os valores obtidos, em mg\/dL, foram os seguintes:<\/p>\n<p>215 190 282 186 184 231 240 230<br \/>\n178 219 166 199 221 176 225 213<\/p>\n<p>A um n\u00edvel de signific\u00e2ncia de 5% podemos dizer que o n\u00edvel de colesterol \u00e9 menor que 200 mg\/dL?<\/p>\n<hr \/>\n<p>Problema 2: Admite-se que o tempo m\u00e9dio de rea\u00e7\u00e3o de seres vivos a um certo tipo de est\u00edmulo segue, em geral, o modelo normal com \ud835\udf07 = 6, 0\ud835\udc60 . O pesquisador desconfia, entretanto, que o tempo m\u00e9dio sofre altera\u00e7\u00e3o por influ\u00eancia de uma certa subst\u00e2ncia.<\/p>\n<p>Assim, para verificar se existe efeito dessa subst\u00e2ncia no tempo de rea\u00e7\u00e3o, um experimento foi desenvolvido com cobaias, inoculadas com a subst\u00e2ncia e submetidas a um est\u00edmulo el\u00e9trico, com seus tempos de rea\u00e7\u00e3o (em segundos) anotados. Os seguintes valores foram obtidos:<\/p>\n<p>9 9,2 7,2 7,5 13,2 10,8 7,1 9,9 8,0 8,6<\/p>\n<p>Verifique se a desconfian\u00e7a do pesquisador procede, ao n\u00edvel de 5% de signific\u00e2ncia.<\/p>\n<hr \/>\n<p>Problema 3: Em um seringal no qual se utiliza o processo convencional de sangria, a produ\u00e7\u00e3o m\u00e9dia de borracha seca \u00e9 de 26g \/ \u00e1rvore \/ corte. Tomou-se uma amostra ao acaso, composta de 25 seringueiras, as quais foram sangradas, usando-se um novo processo. Os resultados encontram-se a seguir.<\/p>\n<p>20 22 21 23 19 15 18 27 28 26 25 16 17<br \/>\n30 29,5 29 19,5 20,5 24,5 24 23,5 27,5 21,5 22,5 20,5<\/p>\n<p>Ao n\u00edvel de signific\u00e2ncia de 5% podemos dizer que o novo processo \u00e9 mais eficiente que o convencional?<\/p>\n<hr \/>\n<p><strong>PROCEDIMENTOS PARA A REALIZA\u00c7\u00c3O DA ATIVIDADE:<\/strong><\/p>\n<p>A atividade ser\u00e1 composta por tr\u00eas problemas relacionados aos testes de hip\u00f3teses, sendo que esses problemas dever\u00e3o ser resolvidos com o aux\u00edlio do software R. Os 3 problemas s\u00e3o resolvidos por meio dos testes para a m\u00e9dia quando a vari\u00e2ncia populacional \u00e9 desconhecida. A seguir as instru\u00e7\u00f5es para voc\u00ea realizar os testes no ambiente R. O R j\u00e1 possui um comando para a realiza\u00e7\u00e3o do teste T para uma m\u00e9dia, basta que voc\u00ea siga os seguintes passos.<\/p>\n<hr \/>\n<ol>\n<li>Ap\u00f3s a instala\u00e7\u00e3o do sofware R abra o programa.<\/li>\n<\/ol>\n<hr \/>\n<ol start=\"2\">\n<li>Crie um vetor com os valores das amostras fornecidas no problema. Para criar um objeto \u201cvetor\u201d, utilize a fun\u00e7\u00e3o c() conforme segue:<\/li>\n<\/ol>\n<p>Nome do vetor&lt;-c()<\/p>\n<p>Coloque entre par\u00eanteses os valores fornecidos. Os valores devem ser separados por v\u00edrgula. A imagem a seguir mostra um exemplo de como criar um vetor nomeado por x.<\/p>\n<hr \/>\n<ol start=\"3\">\n<li>Antes de realizar o teste voc\u00ea deve definir as hip\u00f3teses nulas e alternativas, explicitando se o teste \u00e9 unilateral ou bilateral.<\/li>\n<\/ol>\n<hr \/>\n<ol start=\"4\">\n<li>No R utilize o comando:<\/li>\n<\/ol>\n<p>t.test(amostra, mu=, alternative=)<\/p>\n<p>Amostra refere-se aos valores dados no problema, esse valores s\u00e3o os mesmos do vetor criado no passo 2.<\/p>\n<p>Mu \u00e9 o valor da m\u00e9dia populacional.<\/p>\n<p>Alternative refere-se a hip\u00f3tese alternativa. Se o teste \u00e9 bilateral, ap\u00f3s o igual voc\u00ea deve escrever \u201ctwo.sided\u201d. Se o teste \u00e9 unilateral \u00e0 esquerda voc\u00ea deve escrever \u201cless\u201d e se o teste for unilateral \u00e0 direita voc\u00ea deve escrever \u201cgreater\u201d.<\/p>\n<p>A imagem a seguir considera um teste em que a hipotese nula \u00e9 \ud835\udf07 = 35 e a alternativa \u00e9 \ud835\udf07 \u2260 35<\/p>\n<p>A imagem a seguir considera um teste em que a hip\u00f3tese nula \u00e9 \ud835\udf07 = 35 e a alternativa \u00e9 \ud835\udf07 &gt; 35<\/p>\n<p>A imagem a seguir considera um teste em que a hipotese nula \u00e9 \ud835\udf07 = 35 e a alternativa \u00e9 \ud835\udf07 &lt; 35<\/p>\n<hr \/>\n<ol start=\"5\">\n<li>Fa\u00e7a a interpreta\u00e7\u00e3o correta da sa\u00edda do R. Para saber qual hip\u00f3tese foi aceita, basta verificar o valor do p-value e compar\u00e1-lo com o n\u00edvel de signific\u00e2ncia dado.<\/li>\n<\/ol>\n<hr \/>\n<p><strong>CHECKLIST:<\/strong><\/p>\n<p>\u2713 Instalar o software R.<br \/>\n\u2713 Abrir o software R.<br \/>\n\u2713 Analisar o problema dado, destacando qual a amostra.<br \/>\n\u2713 Construir o vetor com os valores da amostra.<br \/>\n\u2713 Retornar ao problema e identificar as hip\u00f3teses nula e alternativa.<br \/>\n\u2713 Utilizar o comando t.test<br \/>\n\u2713 Interpretar o resultado de sa\u00edda do R e responder ao problema.<\/p>\n<hr \/>\n<p><strong>RESULTADOS<\/strong><\/p>\n<p>Ap\u00f3s o desenvolvimento da aula pr\u00e1tica, voc\u00ea dever\u00e1 entregar um relat\u00f3rio contemplando as seguintes informa\u00e7\u00f5es:<\/p>\n<hr \/>\n<p><strong>MODELO DE RELAT\u00d3RIO<\/strong><\/p>\n<hr \/>\n<p>I. Nome da disciplina<\/p>\n<hr \/>\n<p>II. Atividade proposta<\/p>\n<p>Nessa parte voc\u00ea deve descrver os problemas propostos, bem como a solu\u00e7\u00e3o de cada um. \u00c9 nessa parte que voc\u00ea deve inserir um print de tela dos comondos e da resolu\u00e7\u00e3o no R de cada um dos problemas. Identifique quais s\u00e3o as hip\u00f3teses e n\u00e3o se esque\u00e7a que depois do resultado no R \u00e9 necess\u00e1rio que voc\u00ea o interprete a fim de responder as perguntas dos problemas.<\/p>\n<hr \/>\n<p>III. Conclus\u00e3o<\/p>\n<p>Fa\u00e7a um texto de aproximadamente meia p\u00e1gina explicitando a import\u00e2ncia dos testes de hip\u00f3teses, abordados nessa aula pr\u00e1tica, na sua \u00e1rea de atua\u00e7\u00e3o e cite situa\u00e7\u00f5es em que esses testes podem ser utilizados.<\/p>\n<hr \/>\n<p>IV. Refer\u00eancias bibliogr\u00e1ficas<\/p>\n<p>Toda a bibliografia utilizada para elaborar o relat\u00f3rio dever\u00e1 ser citada. Utilize a norma ABNT para a coloca\u00e7\u00e3o das refer\u00eancias<\/p>\n<hr \/>\n<p><strong>RESULTADOS DE APRENDIZAGEM:<\/strong><\/p>\n<p>Aplicar os diferentes tipos de testes de hip\u00f3teses em estudos ambientais.<\/p>\n<div class=\"elementor-toggle-item\">\n<p id=\"elementor-tab-title-1941\" class=\"elementor-tab-title elementor-active\" tabindex=\"0\" role=\"tab\" data-tab=\"1\" aria-controls=\"elementor-tab-content-1941\" aria-expanded=\"true\" aria-selected=\"true\"><strong>Como funciona?<\/strong><\/p>\n<p>Elaboramos os portf\u00f3lios, j\u00e1 deixamos prontos, nas normas da ABNT e conforme os requisitos da universidade. F\u00e1cil assim! O MELHOR \u00c9 QUE VOC\u00ca COMPRA E J\u00c1 BAIXA NA HORA O SEU ARQUIVO EM WORD! Sabemos que conciliar trabalho, fam\u00edlia, vida profissional e estudos \u00e9 dif\u00edcil hoje em dia, por isso, estamos aqui para ajudar voc\u00ea. Conte com nossa qualidade, experi\u00eancia e profissionalismo adquirindo seu portf\u00f3lio conosco. GARANTIMOS SEU CONCEITO!<\/p>\n<p><strong>Como se realizam os envios?<\/strong><\/p>\n<\/div>\n<p id=\"elementor-tab-content-1942\" class=\"elementor-tab-content elementor-clearfix elementor-active\" role=\"tabpanel\" data-tab=\"2\" aria-labelledby=\"elementor-tab-title-1942\">O seu trabalho \u00e9 disponibilizado pronto, respondido e nas normas j\u00e1 na mesma hora aqui em nosso site na sua \u00e1rea de downloads e tamb\u00e9m no seu e-mail.<\/p>\n<p><strong>Em quanto tempo recebo o portf\u00f3lio?<\/strong><\/p>\n<p>Os envios s\u00e3o imediatos. Ap\u00f3s sua compra, o trabalho j\u00e1 \u00e9 disponibilizado instantaneamente aqui em nosso site e no seu e-mail.<\/p>\n<p><strong>E se o portf\u00f3lio que comprei precisar de corre\u00e7\u00e3o?<\/strong><\/p>\n<p>Caso haja alguma solicita\u00e7\u00e3o de corre\u00e7\u00e3o\/altera\u00e7\u00e3o por parte do tutor, basta entrar em contato conosco pelo\u00a0WhatsApp\u00a0que provid\u00eanciaremos sem custo algum.<\/p>\n<p><strong>Qual o formato do arquivo?<\/strong><\/p>\n<p>Os arquivos s\u00e3o enviados em formato Word e s\u00e3o edit\u00e1veis.<\/p>\n<p><strong>Caso eu tiver alguma d\u00favida, terei suporte no p\u00f3s venda?<\/strong><\/p>\n<p>Sim, com certeza. Basta clicar no \u00edcone do WhatsApp no cantinho da tela. Ser\u00e1 um prazer atend\u00ea-lo(a).<\/p>\n<div id=\"elementor-tab-content-1948\" class=\"elementor-tab-content elementor-clearfix elementor-active\" role=\"tabpanel\" data-tab=\"8\" aria-labelledby=\"elementor-tab-title-1948\">\n<p><strong>Quais os seus canais de contato?<\/strong><\/p>\n<\/div>\n<div id=\"elementor-tab-content-1949\" class=\"elementor-tab-content elementor-clearfix elementor-active\" role=\"tabpanel\" data-tab=\"9\" aria-labelledby=\"elementor-tab-title-1949\">\n<p>Whatsapp: 53 984751621 \u2013 Clicar no canto da tela ou ESCANEIE O QRCODE ABAIXO<\/p>\n<h4><img decoding=\"async\" class=\"alignnone wp-image-13699 jetpack-lazy-image jetpack-lazy-image--handled\" src=\"https:\/\/i0.wp.com\/portifolioos-prontos.com\/wp-content\/uploads\/2023\/02\/whatsapp-business-projeto-de-extensao-300x300.jpeg?resize=144%2C144\" sizes=\"(max-width: 144px) 100vw, 144px\" srcset=\"https:\/\/i0.wp.com\/portifolioos-prontos.com\/wp-content\/uploads\/2023\/02\/whatsapp-business-projeto-de-extensao.jpeg?resize=300%2C301&amp;ssl=1 300w, https:\/\/i0.wp.com\/portifolioos-prontos.com\/wp-content\/uploads\/2023\/02\/whatsapp-business-projeto-de-extensao.jpeg?resize=150%2C150&amp;ssl=1 150w, https:\/\/i0.wp.com\/portifolioos-prontos.com\/wp-content\/uploads\/2023\/02\/whatsapp-business-projeto-de-extensao.jpeg?resize=370%2C372&amp;ssl=1 370w, https:\/\/i0.wp.com\/portifolioos-prontos.com\/wp-content\/uploads\/2023\/02\/whatsapp-business-projeto-de-extensao.jpeg?resize=100%2C100&amp;ssl=1 100w, https:\/\/i0.wp.com\/portifolioos-prontos.com\/wp-content\/uploads\/2023\/02\/whatsapp-business-projeto-de-extensao.jpeg?w=470&amp;ssl=1 470w\" alt=\"projeto de extens\u00e3o unopar\" width=\"144\" height=\"144\" data-lazy-loaded=\"1\" \/><\/h4>\n<\/div>\n<div class=\"elementor-toggle-item\">\n<div id=\"elementor-tab-content-1949\" class=\"elementor-tab-content elementor-clearfix elementor-active\" role=\"tabpanel\" data-tab=\"9\" aria-labelledby=\"elementor-tab-title-1949\">\n<p>E-mail:portifoliosp@gmail.com<\/p>\n<div id=\"attachment_143\" class=\"wp-caption alignnone\">\n<div id=\"attachment_143\" class=\"wp-caption alignnone\">\n<p id=\"caption-attachment-143\" class=\"wp-caption-text\"><a href=\"http:\/\/portfolio-pronto.com\/\">Portf\u00f3lio<\/a>\u00a0em Word, respondido, completo e j\u00e1 nas normas<\/p>\n<\/div>\n<\/div>\n<\/div>\n<\/div>\n","protected":false},"excerpt":{"rendered":"<div class=\"product-short-description\"><strong>Pague pelo PIX ou cart\u00e3o e fa\u00e7a o download agora mesmo.<\/strong><\/div>\n<div class=\"sticky-add-to-cart-wrapper\">\n<div class=\"sticky-add-to-cart\">\n<p class=\"quantity buttons_added form-flat\"><img decoding=\"async\" class=\"lazyloaded smush-image-5 smush-image-3 smush-image-4 smush-detected-img smush-image-bigger-3\" src=\"https:\/\/d26lpennugtm8s.cloudfront.net\/assets\/common\/img\/logos\/payment\/visa@2x.png\" width=\"46\" height=\"29\" data-src=\"https:\/\/d26lpennugtm8s.cloudfront.net\/assets\/common\/img\/logos\/payment\/visa@2x.png\" \/><img decoding=\"async\" class=\"lazyloaded smush-image-6 smush-image-4 smush-image-5 smush-detected-img smush-image-bigger-4\" src=\"https:\/\/d26lpennugtm8s.cloudfront.net\/assets\/common\/img\/logos\/payment\/boleto@2x.png\" width=\"43\" height=\"27\" data-src=\"https:\/\/d26lpennugtm8s.cloudfront.net\/assets\/common\/img\/logos\/payment\/boleto@2x.png\" \/><img loading=\"lazy\" decoding=\"async\" class=\"lazyloaded smush-image-7 smush-image-5 smush-image-6 smush-detected-img smush-image-bigger-5\" src=\"https:\/\/d26lpennugtm8s.cloudfront.net\/assets\/common\/img\/logos\/payment\/mastercard@2x.png\" width=\"43\" height=\"27\" data-src=\"https:\/\/d26lpennugtm8s.cloudfront.net\/assets\/common\/img\/logos\/payment\/mastercard@2x.png\" \/><img loading=\"lazy\" decoding=\"async\" class=\"lazyloaded smush-image-8 smush-image-6 smush-image-7 smush-detected-img smush-image-bigger-6\" src=\"https:\/\/d26lpennugtm8s.cloudfront.net\/assets\/common\/img\/logos\/payment\/amex@2x.png\" width=\"43\" height=\"27\" data-src=\"https:\/\/d26lpennugtm8s.cloudfront.net\/assets\/common\/img\/logos\/payment\/amex@2x.png\" \/><img loading=\"lazy\" decoding=\"async\" class=\"lazyloaded smush-image-9 smush-image-7 smush-image-8 smush-detected-img smush-image-bigger-7\" src=\"https:\/\/d26lpennugtm8s.cloudfront.net\/assets\/common\/img\/logos\/payment\/diners@2x.png\" width=\"46\" height=\"29\" data-src=\"https:\/\/d26lpennugtm8s.cloudfront.net\/assets\/common\/img\/logos\/payment\/diners@2x.png\" \/><img loading=\"lazy\" decoding=\"async\" class=\"lazyloaded smush-image-10 smush-image-8 smush-image-9 alignnone smush-detected-img smush-image-bigger-8\" src=\"https:\/\/d26lpennugtm8s.cloudfront.net\/assets\/common\/img\/logos\/payment\/br\/elo@2x.png\" alt=\"portf\u00f3lio unopar anhanguera\" width=\"45\" height=\"28\" data-src=\"https:\/\/d26lpennugtm8s.cloudfront.net\/assets\/common\/img\/logos\/payment\/br\/elo@2x.png\" \/><img loading=\"lazy\" decoding=\"async\" class=\"lazyloaded smush-image-11 smush-image-9 smush-image-10 alignnone smush-detected-img smush-image-bigger-9\" src=\"https:\/\/d26lpennugtm8s.cloudfront.net\/assets\/common\/img\/logos\/payment\/br\/hipercard@2x.png\" alt=\"portf\u00f3lio unopar anhanguera\" width=\"44\" height=\"28\" data-src=\"https:\/\/d26lpennugtm8s.cloudfront.net\/assets\/common\/img\/logos\/payment\/br\/hipercard@2x.png\" \/><img loading=\"lazy\" decoding=\"async\" class=\"lazyloaded smush-image-12 smush-image-10 smush-image-11 alignnone smush-detected-img smush-image-bigger-10\" src=\"https:\/\/d26lpennugtm8s.cloudfront.net\/assets\/common\/img\/logos\/payment\/mercadopago@2x.png\" alt=\"portf\u00f3lio unopar anhanguera\" width=\"45\" height=\"28\" data-src=\"https:\/\/d26lpennugtm8s.cloudfront.net\/assets\/common\/img\/logos\/payment\/mercadopago@2x.png\" \/><img loading=\"lazy\" decoding=\"async\" class=\"alignnone ls-is-cached lazyloaded smush-detected-img smush-image-bigger-11\" src=\"https:\/\/futurium.com.br\/wp-content\/uploads\/2021\/06\/logo-pix-icone-512.png\" alt=\"portfolio pronto\" width=\"30\" height=\"30\" data-src=\"https:\/\/futurium.com.br\/wp-content\/uploads\/2021\/06\/logo-pix-icone-512.png\" \/><\/p>\n<\/div>\n<\/div>\n","protected":false},"featured_media":46315,"template":"","meta":{"_seopress_robots_primary_cat":"none","_seopress_titles_title":"","_seopress_titles_desc":"","_seopress_robots_index":""},"product_cat":[15],"product_tag":[],"class_list":{"0":"post-46314","1":"product","2":"type-product","3":"status-publish","4":"has-post-thumbnail","6":"product_cat-uncategorized","8":"first","9":"instock","10":"downloadable","11":"virtual","12":"purchasable","13":"product-type-simple","14":"col-xs-6 col-sm-4","15":"col-mf-5","16":"un-5-cols"},"jetpack_sharing_enabled":true,"_links":{"self":[{"href":"https:\/\/portifolioos-prontos.com\/index.php\/wp-json\/wp\/v2\/product\/46314","targetHints":{"allow":["GET"]}}],"collection":[{"href":"https:\/\/portifolioos-prontos.com\/index.php\/wp-json\/wp\/v2\/product"}],"about":[{"href":"https:\/\/portifolioos-prontos.com\/index.php\/wp-json\/wp\/v2\/types\/product"}],"version-history":[{"count":2,"href":"https:\/\/portifolioos-prontos.com\/index.php\/wp-json\/wp\/v2\/product\/46314\/revisions"}],"predecessor-version":[{"id":49912,"href":"https:\/\/portifolioos-prontos.com\/index.php\/wp-json\/wp\/v2\/product\/46314\/revisions\/49912"}],"wp:featuredmedia":[{"embeddable":true,"href":"https:\/\/portifolioos-prontos.com\/index.php\/wp-json\/wp\/v2\/media\/46315"}],"wp:attachment":[{"href":"https:\/\/portifolioos-prontos.com\/index.php\/wp-json\/wp\/v2\/media?parent=46314"}],"wp:term":[{"taxonomy":"product_cat","embeddable":true,"href":"https:\/\/portifolioos-prontos.com\/index.php\/wp-json\/wp\/v2\/product_cat?post=46314"},{"taxonomy":"product_tag","embeddable":true,"href":"https:\/\/portifolioos-prontos.com\/index.php\/wp-json\/wp\/v2\/product_tag?post=46314"}],"curies":[{"name":"wp","href":"https:\/\/api.w.org\/{rel}","templated":true}]}}