{"id":4636,"date":"2022-07-05T10:20:16","date_gmt":"2022-07-05T13:20:16","guid":{"rendered":"https:\/\/portifolioos-prontos.com\/?post_type=product&#038;p=4636"},"modified":"2025-11-01T20:11:02","modified_gmt":"2025-11-01T23:11:02","slug":"portfolio-roteiro-de-aula-pratica-metrologia-e-controle-geometrico","status":"publish","type":"product","link":"https:\/\/portifolioos-prontos.com\/index.php\/product\/portfolio-roteiro-de-aula-pratica-metrologia-e-controle-geometrico\/","title":{"rendered":"Portf\u00f3lio Roteiro de Aula Pr\u00e1tica Metrologia e Controle Geom\u00e9trico"},"content":{"rendered":"<h4>Portf\u00f3lio Roteiro de Aula Pr\u00e1tica para de Disciplina Metrologia e Controle Geom\u00e9trico.<\/h4>\n<h3><a href=\"http:\/\/portifolioos-prontos.com\/wp-content\/uploads\/2022\/07\/Metrologia-e-Controle-Geometrico-Roteiro.pdf\">Metrologia e Controle Geom\u00e9trico &#8211; Roteiro CLIQUE AQUI PARA VISUALIZAR O PDF DA FACULDADE PARA ATESTAR SE \u00c9 O QUE VOC\u00ca PRECISA<\/a><\/h3>\n<hr \/>\n<p>ROTEIRO DE AULA PR\u00c1TICA<br \/>\nOBJETIVOS<br \/>\n\u2013 Aprender como utilizar adequadamente a r\u00e9gua graduada e como realizar medidas nas<br \/>\nescalas do sistema m\u00e9trico;<br \/>\n\u2013 Consolidar a utiliza\u00e7\u00e3o adequada do paqu\u00edmetro e do micr\u00f4metro em diferentes escalas;<br \/>\n\u2013 Compreender os passos necess\u00e1rios para a constru\u00e7\u00e3o de um gr\u00e1fico de Pareto<br \/>\nINFRAESTRUTURA<br \/>\nLaborat\u00f3rio de controle de qualidade (pr\u00e1tica simulada)<br \/>\nMATERIAIS<br \/>\nDescri\u00e7\u00e3o Quantidade de materiais por<br \/>\nprocedimento\/atividade.<br \/>\nGrupos de alunos<br \/>\nR\u00e9gua de 30 cm 1 por aluno<br \/>\nCalculadora 1 por aluno<br \/>\nComputador com acesso \u00e0 internet 1 por aluno<br \/>\nSOFTWARE<br \/>\nSim (X) N\u00e3o ()<br \/>\nEm caso afirmativo, qual?<br \/>\nVirtuaLab \u2013 dispon\u00edvel na Biblioteca<br \/>\nVirtual no parceiro ALGETEC<br \/>\nPago (X) N\u00e3o Pago ()<br \/>\nTipo de licen\u00e7a:<br \/>\nLicen\u00e7as j\u00e1 adquiridas pela Kroton<br \/>\nDESCRI\u00c7\u00c3O DO SOFTWARE<br \/>\nO laborat\u00f3rio virtual \u00e9 uma plataforma para simula\u00e7\u00e3o de procedimentos em laborat\u00f3rio.<br \/>\n2<br \/>\nEle deve ser acessado por computador e n\u00e3o deve ser acessado por celular ou tablet. o<br \/>\nrequisito m\u00ednimo para o seu computador \u00e9 uma mem\u00f3ria ram de 4 gb. O primeiro acesso ser\u00e1<br \/>\num pouco mais lento, pois alguns plugins s\u00e3o buscados no navegador. A partir do segundo<br \/>\nacesso, a velocidade de abertura dos experimentos ser\u00e1 mais r\u00e1pida.<br \/>\n1. Caso utilize o Windows 10, d\u00ea prefer\u00eancia ao navegador Google Chrome; 2. Caso utilize o<br \/>\nWindows 7, d\u00ea prefer\u00eancia ao navegador Mozilla Firefox; 3. Feche outros programas que podem<br \/>\nsobrecarregar o computador; 4. Verifique se o navegador est\u00e1 atualizado; 5. Realize teste de<br \/>\nvelocidade da internet.<br \/>\nSUGEST\u00d5ES DE SEGURAN\u00c7A<br \/>\nNSA.<br \/>\nPROCEDIMENTO\/ATIVIDADE<br \/>\nSGA: Laborat\u00f3rio de Metrologia<br \/>\nMedir \u00e9 um procedimento experimental pelo qual o valor moment\u00e2neo de uma grandeza<br \/>\nf\u00edsica \u00e9 determinado como um m\u00faltiplo e\/ou uma fra\u00e7\u00e3o de uma unidade, estabelecida por um<br \/>\npadr\u00e3o e reconhecida internacionalmente. Denomina-se processo de medi\u00e7\u00e3o o conjunto de<br \/>\nm\u00e9todos e meios utilizados para efetuar uma medida (ALBERTAZZI; SOUSA, 2018).<br \/>\nPara exprimir quantitativamente uma grandeza f\u00edsica, \u00e9 necess\u00e1rio compar\u00e1-la a uma<br \/>\nunidade e determinar o n\u00famero de vezes que essa unidade est\u00e1 contida na grandeza avaliada.<br \/>\n\u00c9 fundamental que a unidade utilizada seja muito bem definida e amplamente reconhecida<br \/>\ninternacionalmente a fim de que as medi\u00e7\u00f5es assumam car\u00e1ter universal. Do ponto de vista<br \/>\nt\u00e9cnico, a medi\u00e7\u00e3o pode ser empregada para monitorar, controlar e\/ou investigar processos ou<br \/>\nfen\u00f4menos f\u00edsicos (ALBERTAZZI; SOUSA, 2018).<br \/>\nMonitorar consiste em observar ou registrar passivamente o valor de uma grandeza. A<br \/>\nmonitora\u00e7\u00e3o \u00e9 muito usada no com\u00e9rcio para atribuir valor comercial aos produtos e para<br \/>\ncontrolar estoques. \u00c9 tamb\u00e9m muito utilizada para revelar informa\u00e7\u00f5es \u00fateis sobre atividades<br \/>\ncotidianas, fen\u00f4menos naturais ou artificiais (ALBERTAZZI; SOUSA, 2018).<br \/>\nJ\u00e1 os sistemas de controle t\u00eam o objetivo de manter uma ou mais grandezas ou<br \/>\nprocesso dentro de limites predefinidos. A ess\u00eancia do mecanismo de a\u00e7\u00e3o do controle inicia-se<br \/>\ncom a medi\u00e7\u00e3o de uma ou mais grandezas ligadas ao processo que se pretende controlar. Em<br \/>\nseguida, o valor medido \u00e9 comparado ao valor de refer\u00eancia e, em fun\u00e7\u00e3o do resultado da<br \/>\ncompara\u00e7\u00e3o, o sistema de controle atua sobre a(s) grandeza(s), ou sobre o processo, para<br \/>\nmant\u00ea-lo(s) dentro dos n\u00edveis desejados (ALBERTAZZI; SOUSA, 2018).<br \/>\nPor fim, mas n\u00e3o menos importante temos a investiga\u00e7\u00e3o. Esta requer postura proativa.<br \/>\nExperimentos t\u00eam sido e sempre ser\u00e3o os meios mais valiosos para obter conhecimento em<br \/>\n3<br \/>\ntodas as \u00e1reas da ci\u00eancia e da atividade industrial. S\u00e3o in\u00fameras as descobertas cient\u00edficas que<br \/>\ns\u00f3 se tornaram poss\u00edveis por meio de experimentos bem planejados e bem conduzidos e gra\u00e7as<br \/>\n\u00e0 ast\u00facia de mentes brilhantes que analisaram os resultados (ALBERTAZZI; SOUSA, 2018).<br \/>\nCom base neste contexto, voc\u00ea foi escolhido como o respons\u00e1vel para implementar um<br \/>\nlaborat\u00f3rio de metrologia e controle geom\u00e9trico na futura unidade da empresa que voc\u00ea atua.<br \/>\nPreparado para o desafio?<br \/>\nPara isso voc\u00ea precisar conhecer os equipamentos b\u00e1sicos que far\u00e3o parte deste<br \/>\nlaborat\u00f3rio, assim como, os m\u00e9todos e t\u00e9cnicas para estrutura\u00e7\u00e3o das atividades.<br \/>\nAtividade proposta:<br \/>\nEtapa 1: Aprender como utilizar adequadamente a r\u00e9gua graduada para realiza\u00e7\u00e3o de medidas<br \/>\nno sistema m\u00e9trico, bem como os c\u00e1lculos relacionados a um estudo metrol\u00f3gico;<br \/>\nEtapa 2: Aprender como utilizar adequadamente o paqu\u00edmetro e como realizar medidas nas<br \/>\nescalas do sistema m\u00e9trico e do sistema ingl\u00eas com diferentes gradua\u00e7\u00f5es;<br \/>\nEtapa 3: Compreender os passos necess\u00e1rios para a constru\u00e7\u00e3o de um gr\u00e1fico de Pareto;<br \/>\nEtapa 4: Aprender como utilizar adequadamente o micr\u00f4metro e como realizar medidas na<br \/>\nescala do sistema m\u00e9trico com diferentes gradua\u00e7\u00f5es.<br \/>\nProcedimentos para a realiza\u00e7\u00e3o da atividade:<br \/>\nEtapa 1.1: Procedimento de Medi\u00e7\u00e3o e C\u00e1lculo: para essa etapa ser\u00e1 necess\u00e1rio que o aluno<br \/>\nescolha algum objeto em seu local de estudo para o procedimento. Exemplos: Livro Did\u00e1tico,<br \/>\nCelular, Caderno, etc\u2026;<br \/>\nElaborar o roteiro de medi\u00e7\u00e3o:<br \/>\no Definir os mensurandos, ou seja, as grandezas que ser\u00e3o avaliadas no objeto<br \/>\nselecionado. Exemplos: (comprimento, largura, altura, volume, massa); ideal<br \/>\ntrabalhar com ao menos tr\u00eas grandezas.<br \/>\no Indicar o operador do procedimento e data de realiza\u00e7\u00e3o;<br \/>\no Descrever e avaliar o instrumento de medi\u00e7\u00e3o (r\u00e9gua graduada);<br \/>\no Descrever as condi\u00e7\u00f5es de medi\u00e7\u00e3o. Exemplo: (temperatura, umidade);<br \/>\no Definir n\u00famero de medidas e os c\u00e1lculos que ser\u00e3o realizados.<br \/>\nRealizar as medidas no objeto:<br \/>\no Mensurar ao menos cinco vezes cada mensurando;<br \/>\no Calcular a m\u00e9dia das medidas para cada grandeza;<br \/>\no Calcular o desvio padr\u00e3o para cada grandeza avaliada;<br \/>\no Apresentar o resultado para cada mensurando, indicando o desvio.<br \/>\no Repita esse procedimento tr\u00eas vezes, alternado o operador ou instrumento de<br \/>\nmedi\u00e7\u00e3o.<br \/>\nEtapa 1.2: Indicar Poss\u00edveis Fontes de Incerteza<a href=\"http:\/\/portfoliopronto.com\/\">:<\/a><br \/>\n4<br \/>\nTabele os resultados encontrados na Etapa 1;<br \/>\no Compare os resultados finais de cada grandeza;<br \/>\no Avalie os motivos pelos quais os resultados s\u00e3o ou n\u00e3o iguais;<br \/>\no Descreva as principais fontes de incerteza que podem atuar em um processo de<br \/>\nmedi\u00e7\u00e3o<a href=\"https:\/\/portfoliooead.com.br\/\">.<\/a><\/p>\n<div class=\"elementor-toggle-item\">\n<div class=\"elementor-toggle-item\">\n<div class=\"elementor-toggle-item\">\n<p id=\"elementor-tab-title-1941\" class=\"elementor-tab-title elementor-active\" tabindex=\"0\" role=\"tab\" data-tab=\"1\" aria-controls=\"elementor-tab-content-1941\" aria-expanded=\"true\" aria-selected=\"true\"><strong>Como funciona?<\/strong><\/p>\n<p>Elaboramos os portf\u00f3lios, j\u00e1 deixamos prontos, nas normas da ABNT e conforme os requisitos da universidade. F\u00e1cil assim! O MELHOR \u00c9 QUE VOC\u00ca COMPRA E J\u00c1 BAIXA NA HORA O SEU ARQUIVO EM WORD! Sabemos que conciliar trabalho, fam\u00edlia, vida profissional e estudos \u00e9 dif\u00edcil hoje em dia, por isso, estamos aqui para ajudar voc\u00ea. Conte com nossa qualidade, experi\u00eancia e profissionalismo adquirindo seu portf\u00f3lio conosco. GARANTIMOS SEU CONCEITO!<\/p>\n<p><strong>Como se realizam os envios?<\/strong><\/p>\n<\/div>\n<p id=\"elementor-tab-content-1942\" class=\"elementor-tab-content elementor-clearfix elementor-active\" role=\"tabpanel\" data-tab=\"2\" aria-labelledby=\"elementor-tab-title-1942\">O seu trabalho \u00e9 disponibilizado pronto, respondido e nas normas j\u00e1 na mesma hora aqui em nosso site na sua \u00e1rea de downloads e tamb\u00e9m no seu e-mail.<\/p>\n<p><strong>Em quanto tempo recebo o portf\u00f3lio?<\/strong><\/p>\n<p>Os envios s\u00e3o imediatos. Ap\u00f3s sua compra, o trabalho j\u00e1 \u00e9 disponibilizado instantaneamente aqui em nosso site e no seu e-mail.<\/p>\n<p><strong>E se o portf\u00f3lio que comprei precisar de corre\u00e7\u00e3o?<\/strong><\/p>\n<p>Caso haja alguma solicita\u00e7\u00e3o de corre\u00e7\u00e3o\/altera\u00e7\u00e3o por parte do tutor, basta entrar em contato conosco pelo\u00a0WhatsApp\u00a0que provid\u00eanciaremos sem custo algum.<\/p>\n<p><strong>Qual o formato do arquivo?<\/strong><\/p>\n<p>Os arquivos s\u00e3o enviados em formato Word e s\u00e3o edit\u00e1veis.<\/p>\n<p><strong>Caso eu tiver alguma d\u00favida, terei suporte no p\u00f3s venda?<\/strong><\/p>\n<p>Sim, com certeza. Basta clicar no \u00edcone do WhatsApp no cantinho da tela. Ser\u00e1 um prazer atend\u00ea-lo(a).<\/p>\n<div id=\"elementor-tab-content-1948\" class=\"elementor-tab-content elementor-clearfix elementor-active\" role=\"tabpanel\" data-tab=\"8\" aria-labelledby=\"elementor-tab-title-1948\">\n<p><strong>Quais os seus canais de contato?<\/strong><\/p>\n<\/div>\n<div id=\"elementor-tab-content-1949\" class=\"elementor-tab-content elementor-clearfix elementor-active\" role=\"tabpanel\" data-tab=\"9\" aria-labelledby=\"elementor-tab-title-1949\">\n<p>Whatsapp: 53 984751621 \u2013 Clicar no canto da tela ou ESCANEIE O QRCODE ABAIXO<\/p>\n<h4><img decoding=\"async\" class=\"alignnone wp-image-13699 jetpack-lazy-image jetpack-lazy-image--handled\" src=\"https:\/\/i0.wp.com\/portifolioos-prontos.com\/wp-content\/uploads\/2023\/02\/whatsapp-business-projeto-de-extensao-300x300.jpeg?resize=144%2C144\" sizes=\"(max-width: 144px) 100vw, 144px\" srcset=\"https:\/\/i0.wp.com\/portifolioos-prontos.com\/wp-content\/uploads\/2023\/02\/whatsapp-business-projeto-de-extensao.jpeg?resize=300%2C301&amp;ssl=1 300w, https:\/\/i0.wp.com\/portifolioos-prontos.com\/wp-content\/uploads\/2023\/02\/whatsapp-business-projeto-de-extensao.jpeg?resize=150%2C150&amp;ssl=1 150w, https:\/\/i0.wp.com\/portifolioos-prontos.com\/wp-content\/uploads\/2023\/02\/whatsapp-business-projeto-de-extensao.jpeg?resize=370%2C372&amp;ssl=1 370w, https:\/\/i0.wp.com\/portifolioos-prontos.com\/wp-content\/uploads\/2023\/02\/whatsapp-business-projeto-de-extensao.jpeg?resize=100%2C100&amp;ssl=1 100w, https:\/\/i0.wp.com\/portifolioos-prontos.com\/wp-content\/uploads\/2023\/02\/whatsapp-business-projeto-de-extensao.jpeg?w=470&amp;ssl=1 470w\" alt=\"projeto de extens\u00e3o unopar\" width=\"144\" height=\"144\" data-lazy-loaded=\"1\" \/><\/h4>\n<\/div>\n<div class=\"elementor-toggle-item\">\n<div id=\"elementor-tab-content-1949\" class=\"elementor-tab-content elementor-clearfix elementor-active\" role=\"tabpanel\" data-tab=\"9\" aria-labelledby=\"elementor-tab-title-1949\">\n<p>E-mail:portifoliosp@gmail.com<\/p>\n<div id=\"attachment_143\" class=\"wp-caption alignnone\">\n<div id=\"attachment_143\" class=\"wp-caption alignnone\">\n<p id=\"caption-attachment-143\" class=\"wp-caption-text\"><a href=\"http:\/\/portfolio-pronto.com\/\">Portf\u00f3lio<\/a>\u00a0em Word, respondido, completo e j\u00e1 nas normas<\/p>\n<\/div>\n<\/div>\n<\/div>\n<\/div>\n<\/div>\n<\/div>\n","protected":false},"excerpt":{"rendered":"<div class=\"product-short-description\">\n<p><strong>Pague pelo PIX ou cart\u00e3o e fa\u00e7a o download agora mesmo.<\/strong><\/p>\n<\/div>\n<div class=\"sticky-add-to-cart-wrapper\">\n<div class=\"sticky-add-to-cart\">\n<p class=\"quantity buttons_added form-flat\"><a href=\"https:\/\/portifolioos-prontos.com\/index.php\/product\/projeto-de-extensao-ii-engenharia-de-producao\/\"><img decoding=\"async\" class=\"lazyloaded smush-image-5 smush-image-3 smush-image-4 smush-detected-img smush-image-bigger-3\" src=\"https:\/\/d26lpennugtm8s.cloudfront.net\/assets\/common\/img\/logos\/payment\/visa@2x.png\" width=\"46\" height=\"29\" data-src=\"https:\/\/d26lpennugtm8s.cloudfront.net\/assets\/common\/img\/logos\/payment\/visa@2x.png\" \/><img decoding=\"async\" class=\"lazyloaded smush-image-6 smush-image-4 smush-image-5 smush-detected-img smush-image-bigger-4\" src=\"https:\/\/d26lpennugtm8s.cloudfront.net\/assets\/common\/img\/logos\/payment\/boleto@2x.png\" width=\"43\" height=\"27\" data-src=\"https:\/\/d26lpennugtm8s.cloudfront.net\/assets\/common\/img\/logos\/payment\/boleto@2x.png\" \/><img loading=\"lazy\" decoding=\"async\" class=\"lazyloaded smush-image-7 smush-image-5 smush-image-6 smush-detected-img smush-image-bigger-5\" src=\"https:\/\/d26lpennugtm8s.cloudfront.net\/assets\/common\/img\/logos\/payment\/mastercard@2x.png\" width=\"43\" height=\"27\" data-src=\"https:\/\/d26lpennugtm8s.cloudfront.net\/assets\/common\/img\/logos\/payment\/mastercard@2x.png\" \/><img loading=\"lazy\" decoding=\"async\" class=\"lazyloaded smush-image-8 smush-image-6 smush-image-7 smush-detected-img smush-image-bigger-6\" src=\"https:\/\/d26lpennugtm8s.cloudfront.net\/assets\/common\/img\/logos\/payment\/amex@2x.png\" width=\"43\" height=\"27\" data-src=\"https:\/\/d26lpennugtm8s.cloudfront.net\/assets\/common\/img\/logos\/payment\/amex@2x.png\" \/><img loading=\"lazy\" decoding=\"async\" class=\"lazyloaded smush-image-9 smush-image-7 smush-image-8 smush-detected-img smush-image-bigger-7\" src=\"https:\/\/d26lpennugtm8s.cloudfront.net\/assets\/common\/img\/logos\/payment\/diners@2x.png\" width=\"46\" height=\"29\" data-src=\"https:\/\/d26lpennugtm8s.cloudfront.net\/assets\/common\/img\/logos\/payment\/diners@2x.png\" \/><img loading=\"lazy\" decoding=\"async\" class=\"lazyloaded smush-image-10 smush-image-8 smush-image-9 alignnone smush-detected-img smush-image-bigger-8\" src=\"https:\/\/d26lpennugtm8s.cloudfront.net\/assets\/common\/img\/logos\/payment\/br\/elo@2x.png\" alt=\"portf\u00f3lio unopar anhanguera\" width=\"45\" height=\"28\" data-src=\"https:\/\/d26lpennugtm8s.cloudfront.net\/assets\/common\/img\/logos\/payment\/br\/elo@2x.png\" \/><img loading=\"lazy\" decoding=\"async\" class=\"lazyloaded smush-image-11 smush-image-9 smush-image-10 alignnone smush-detected-img smush-image-bigger-9\" src=\"https:\/\/d26lpennugtm8s.cloudfront.net\/assets\/common\/img\/logos\/payment\/br\/hipercard@2x.png\" alt=\"portf\u00f3lio unopar anhanguera\" width=\"44\" height=\"28\" data-src=\"https:\/\/d26lpennugtm8s.cloudfront.net\/assets\/common\/img\/logos\/payment\/br\/hipercard@2x.png\" \/><img loading=\"lazy\" decoding=\"async\" class=\"lazyloaded smush-image-12 smush-image-10 smush-image-11 alignnone smush-detected-img smush-image-bigger-10\" src=\"https:\/\/d26lpennugtm8s.cloudfront.net\/assets\/common\/img\/logos\/payment\/mercadopago@2x.png\" alt=\"portf\u00f3lio unopar anhanguera\" width=\"45\" height=\"28\" data-src=\"https:\/\/d26lpennugtm8s.cloudfront.net\/assets\/common\/img\/logos\/payment\/mercadopago@2x.png\" \/><img loading=\"lazy\" decoding=\"async\" class=\"alignnone lazyloaded smush-detected-img smush-image-bigger-11\" src=\"https:\/\/futurium.com.br\/wp-content\/uploads\/2021\/06\/logo-pix-icone-512.png\" alt=\"portfolio pronto\" width=\"30\" height=\"30\" data-src=\"https:\/\/futurium.com.br\/wp-content\/uploads\/2021\/06\/logo-pix-icone-512.png\" \/><\/a><\/p>\n<\/div>\n<\/div>\n","protected":false},"featured_media":7555,"template":"","meta":{"_seopress_robots_primary_cat":"none","_seopress_titles_title":"%%title%%","_seopress_titles_desc":"%%post_content%%","_seopress_robots_index":""},"product_cat":[42,73,118,15],"product_tag":[],"class_list":{"0":"post-4636","1":"product","2":"type-product","3":"status-publish","4":"has-post-thumbnail","6":"product_cat-gestao-da-prod-industrial","7":"product_cat-gestao-da-qualidade","8":"product_cat-gestao-de-produto","9":"product_cat-uncategorized","11":"first","12":"instock","13":"downloadable","14":"virtual","15":"purchasable","16":"product-type-simple","17":"col-xs-6 col-sm-4","18":"col-mf-5","19":"un-5-cols"},"jetpack_sharing_enabled":true,"_links":{"self":[{"href":"https:\/\/portifolioos-prontos.com\/index.php\/wp-json\/wp\/v2\/product\/4636","targetHints":{"allow":["GET"]}}],"collection":[{"href":"https:\/\/portifolioos-prontos.com\/index.php\/wp-json\/wp\/v2\/product"}],"about":[{"href":"https:\/\/portifolioos-prontos.com\/index.php\/wp-json\/wp\/v2\/types\/product"}],"version-history":[{"count":2,"href":"https:\/\/portifolioos-prontos.com\/index.php\/wp-json\/wp\/v2\/product\/4636\/revisions"}],"predecessor-version":[{"id":47866,"href":"https:\/\/portifolioos-prontos.com\/index.php\/wp-json\/wp\/v2\/product\/4636\/revisions\/47866"}],"wp:featuredmedia":[{"embeddable":true,"href":"https:\/\/portifolioos-prontos.com\/index.php\/wp-json\/wp\/v2\/media\/7555"}],"wp:attachment":[{"href":"https:\/\/portifolioos-prontos.com\/index.php\/wp-json\/wp\/v2\/media?parent=4636"}],"wp:term":[{"taxonomy":"product_cat","embeddable":true,"href":"https:\/\/portifolioos-prontos.com\/index.php\/wp-json\/wp\/v2\/product_cat?post=4636"},{"taxonomy":"product_tag","embeddable":true,"href":"https:\/\/portifolioos-prontos.com\/index.php\/wp-json\/wp\/v2\/product_tag?post=4636"}],"curies":[{"name":"wp","href":"https:\/\/api.w.org\/{rel}","templated":true}]}}