{"id":46692,"date":"2025-10-22T18:31:10","date_gmt":"2025-10-22T21:31:10","guid":{"rendered":"https:\/\/portifolioos-prontos.com\/?post_type=product&#038;p=46692"},"modified":"2025-10-22T18:31:10","modified_gmt":"2025-10-22T21:31:10","slug":"portifolio-atelier-de-projeto-de-arquitetura-cultural","status":"publish","type":"product","link":"https:\/\/portifolioos-prontos.com\/index.php\/product\/portifolio-atelier-de-projeto-de-arquitetura-cultural\/","title":{"rendered":"Portif\u00f3lio Atelier De Projeto De Arquitetura Cultural"},"content":{"rendered":"<p><strong>Portif\u00f3lio Atelier De Projeto De Arquitetura Cultural<\/strong><\/p>\n<p>PORTF\u00d3LIO<\/p>\n<p>ATELIER DE PROJETO DE ARQUITETURA CULTURAL<\/p>\n<p>OBJETIVOS<\/p>\n<p>A proposta desta atividade pr\u00e1tica est\u00e1 amparada nos seguintes objetivos:<\/p>\n<p>Conhecer os conceitos de arquitetura de edifica\u00e7\u00f5es culturais;<\/p>\n<p>Fazer levantamento hist\u00f3rico e conceitual sobre arquitetura de edifica\u00e7\u00f5es culturais;<\/p>\n<p>Desenvolver um projeto arquitet\u00f4nico de edifica\u00e7\u00f5es culturais.<\/p>\n<p>RECURSOS<\/p>\n<p>Computador com acesso \u00e0 internet<\/p>\n<p>Software AutoCAD<\/p>\n<p>PROCEDIMENTOS PR\u00c1TICOS<\/p>\n<p>Atividade Proposta<\/p>\n<p>A proposta dessa atividade pr\u00e1tica ter\u00e1 como tem\u00e1tica a\u00a0elabora\u00e7\u00e3o de um Projeto Arquitet\u00f4nico (fase de Anteprojeto)\u00a0de uma edifica\u00e7\u00e3o cultural, mais precisamente de um\u00a0Centro Cultural.<\/p>\n<p>Dessa forma, ser\u00e1 poss\u00edvel aplicar os conte\u00fados adquiridos na disciplina de\u00a0Atelier de Projeto de Arquitetura II, compreendendo a jun\u00e7\u00e3o entre teoria e pr\u00e1tica no exerc\u00edcio profissional.<\/p>\n<p>O projeto ser\u00e1 desenvolvido em uma\u00a0cidade hipot\u00e9tica\u00a0e deve atender aos requisitos m\u00ednimos estabelecidos pelos\u00a0\u00f3rg\u00e3os p\u00fablicos respons\u00e1veis.<\/p>\n<p>Procedimentos para a Realiza\u00e7\u00e3o da Atividade<\/p>\n<p>Assistir a todas as aulas pr\u00e1ticas da disciplina;<\/p>\n<p>Desenvolver as atividades realizadas em cada uma delas;<\/p>\n<p>Ao final, produzir um projeto arquitet\u00f4nico com todos os elementos gr\u00e1ficos exigidos.<\/p>\n<p>CHECKLIST \u2013 ELEMENTOS DO PROJETO (ENTREGA FINAL)<\/p>\n<p>O aluno dever\u00e1 entregar\u00a0um \u00fanico arquivo em PDF, com\u00a003 a 05 pranchas no formato A1 ou A2, contendo:<\/p>\n<p>Tabela comparativa\u00a0de an\u00e1lises de obras correlatas;<\/p>\n<p>Tabela do programa de necessidades\u00a0e\u00a0pr\u00e9-dimensionamento;<\/p>\n<p>Desenvolvimento do\u00a0conceito\u00a0e\u00a0partido arquitet\u00f4nico;<\/p>\n<p>Tabela de materiais\u00a0e\u00a0acabamentos;<\/p>\n<p>Prancha de implanta\u00e7\u00e3o\u00a0do Centro Cultural;<\/p>\n<p>Prancha da planta baixa\u00a0do Centro Cultural;<\/p>\n<p>Pe\u00e7as gr\u00e1ficas do projeto, contendo no m\u00ednimo:<\/p>\n<p>02 cortes<\/p>\n<p>01 eleva\u00e7\u00e3o (m\u00ednimo)<\/p>\n<p>\u26a0\ufe0f\u00a0Observa\u00e7\u00e3o Importante:<br \/>\nO arquivo final a ser anexado no AVA\u00a0n\u00e3o poder\u00e1 ultrapassar 10 MB.<\/p>\n<p>RESULTADO ESPERADO<\/p>\n<p>Entrega de um\u00a0arquivo PDF \u00fanico, identificado com o nome do aluno, contendo todas as etapas da atividade pr\u00e1tica conforme o checklist acima.<\/p>\n<p>Apresenta\u00e7\u00e3o de\u00a0m\u00ednimo 3\u00a0e\u00a0m\u00e1ximo 5 pranchas.<\/p>\n<p>CRIT\u00c9RIOS DE AVALIA\u00c7\u00c3O<\/p>\n<table>\n<thead>\n<tr>\n<td width=\"397\">TAREFA<\/td>\n<td width=\"397\">DESCRI\u00c7\u00c3O<\/td>\n<td width=\"397\">PESO<\/td>\n<\/tr>\n<\/thead>\n<tbody>\n<tr>\n<td width=\"397\">1. An\u00e1lise de Obras Correlatas<\/td>\n<td width=\"397\">Pesquisa e organiza\u00e7\u00e3o de obra correlata da tipologia de Centro Cultural<\/td>\n<td width=\"397\">10%<\/td>\n<\/tr>\n<tr>\n<td width=\"397\">2. Terreno<\/td>\n<td width=\"397\">\u2013 Viabilidade t\u00e9cnica do terreno (interpreta\u00e7\u00e3o dos par\u00e2metros urban\u00edsticos da legisla\u00e7\u00e3o municipal)<br \/>\n\u2013 Leitura urbana: mapeamento e an\u00e1lise das ocupa\u00e7\u00f5es, edifica\u00e7\u00f5es e din\u00e2micas urbanas do entorno<br \/>\n\u2013 Condicionantes do terreno: an\u00e1lise dos aspectos do s\u00edtio f\u00edsico<br \/>\n\u2013 Maquete do terreno<\/td>\n<td width=\"397\">20%<\/td>\n<\/tr>\n<tr>\n<td width=\"397\">3. Programa de Necessidades \/ Conceito e Partido \/ Maquete Volum\u00e9trica<\/td>\n<td width=\"397\">\u2013 Desenvolvimento do programa de necessidades setorizado e fluxograma das atividades<br \/>\n\u2013 Pr\u00e9-dimensionamento dos espa\u00e7os conforme NBR 9050 e princ\u00edpios do Desenho Universal<br \/>\n\u2013 Conceito e partido arquitet\u00f4nico<br \/>\n\u2013 Maquete volum\u00e9trica com solu\u00e7\u00e3o formal e est\u00e9tica<\/td>\n<td width=\"397\">20%<\/td>\n<\/tr>\n<tr>\n<td width=\"397\">4. Anteprojeto Arquitet\u00f4nico \/ Maquete Eletr\u00f4nica \/ Memorial Justificativo<\/td>\n<td width=\"397\">\u2013 Planta de cobertura \/ implanta\u00e7\u00e3o<br \/>\n\u2013 Planta baixa (todos os pavimentos)<br \/>\n\u2013 Corte 1 e Corte 2<br \/>\n\u2013 Eleva\u00e7\u00e3o 1 e Eleva\u00e7\u00e3o 2<\/td>\n<td width=\"397\">40%<\/td>\n<\/tr>\n<tr>\n<td width=\"397\">5. Diagrama\u00e7\u00e3o \/ Apresenta\u00e7\u00e3o das Pranchas<\/td>\n<td width=\"397\">\u2013 Comunica\u00e7\u00e3o visual: legibilidade das fontes, harmonia da paleta de cores, hierarquia visual<br \/>\n\u2013 Apresenta\u00e7\u00e3o de 3 a 5 pranchas no formato A1 ou A2, com conte\u00fado conforme o solicitado<\/td>\n<td width=\"397\">10%<\/td>\n<\/tr>\n<\/tbody>\n<\/table>\n<p>&nbsp;<\/p>\n<p>\u00d3timo Trabalho!<\/p>\n<div class=\"elementor-toggle-item\">\n<p id=\"elementor-tab-title-1941\" class=\"elementor-tab-title elementor-active\" tabindex=\"0\" role=\"tab\" data-tab=\"1\" aria-controls=\"elementor-tab-content-1941\" aria-expanded=\"true\" aria-selected=\"true\"><strong>Como funciona?<\/strong><\/p>\n<p>Elaboramos os portf\u00f3lios, j\u00e1 deixamos prontos, nas normas da ABNT e conforme os requisitos da universidade. F\u00e1cil assim! O MELHOR \u00c9 QUE VOC\u00ca COMPRA E J\u00c1 BAIXA NA HORA O SEU ARQUIVO EM WORD! Sabemos que conciliar trabalho, fam\u00edlia, vida profissional e estudos \u00e9 dif\u00edcil hoje em dia, por isso, estamos aqui para ajudar voc\u00ea. Conte com nossa qualidade, experi\u00eancia e profissionalismo adquirindo seu portf\u00f3lio conosco. GARANTIMOS SEU CONCEITO!<\/p>\n<p><strong>Como se realizam os envios?<\/strong><\/p>\n<\/div>\n<p id=\"elementor-tab-content-1942\" class=\"elementor-tab-content elementor-clearfix elementor-active\" role=\"tabpanel\" data-tab=\"2\" aria-labelledby=\"elementor-tab-title-1942\">O seu trabalho \u00e9 disponibilizado pronto, respondido e nas normas j\u00e1 na mesma hora aqui em nosso site na sua \u00e1rea de downloads e tamb\u00e9m no seu e-mail.<\/p>\n<p><strong>Em quanto tempo recebo o portf\u00f3lio?<\/strong><\/p>\n<p>Os envios s\u00e3o imediatos. Ap\u00f3s sua compra, o trabalho j\u00e1 \u00e9 disponibilizado instantaneamente aqui em nosso site e no seu e-mail.<\/p>\n<p><strong>E se o portf\u00f3lio que comprei precisar de corre\u00e7\u00e3o?<\/strong><\/p>\n<p>Caso haja alguma solicita\u00e7\u00e3o de corre\u00e7\u00e3o\/altera\u00e7\u00e3o por parte do tutor, basta entrar em contato conosco pelo\u00a0WhatsApp\u00a0que provid\u00eanciaremos sem custo algum.<\/p>\n<p><strong>Qual o formato do arquivo?<\/strong><\/p>\n<p>Os arquivos s\u00e3o enviados em formato Word e s\u00e3o edit\u00e1veis.<\/p>\n<p><strong>Caso eu tiver alguma d\u00favida, terei suporte no p\u00f3s venda?<\/strong><\/p>\n<p>Sim, com certeza. Basta clicar no \u00edcone do WhatsApp no cantinho da tela. Ser\u00e1 um prazer atend\u00ea-lo(a).<\/p>\n<div id=\"elementor-tab-content-1948\" class=\"elementor-tab-content elementor-clearfix elementor-active\" role=\"tabpanel\" data-tab=\"8\" aria-labelledby=\"elementor-tab-title-1948\">\n<p><strong>Quais os seus canais de contato?<\/strong><\/p>\n<\/div>\n<div id=\"elementor-tab-content-1949\" class=\"elementor-tab-content elementor-clearfix elementor-active\" role=\"tabpanel\" data-tab=\"9\" aria-labelledby=\"elementor-tab-title-1949\">\n<p>Whatsapp: 53 984751621 \u2013 Clicar no canto da tela ou ESCANEIE O QRCODE ABAIXO<\/p>\n<h4><img decoding=\"async\" class=\"alignnone wp-image-13699 jetpack-lazy-image jetpack-lazy-image--handled\" src=\"https:\/\/i0.wp.com\/portifolioos-prontos.com\/wp-content\/uploads\/2023\/02\/whatsapp-business-projeto-de-extensao-300x300.jpeg?resize=144%2C144\" sizes=\"(max-width: 144px) 100vw, 144px\" srcset=\"https:\/\/i0.wp.com\/portifolioos-prontos.com\/wp-content\/uploads\/2023\/02\/whatsapp-business-projeto-de-extensao.jpeg?resize=300%2C301&amp;ssl=1 300w, https:\/\/i0.wp.com\/portifolioos-prontos.com\/wp-content\/uploads\/2023\/02\/whatsapp-business-projeto-de-extensao.jpeg?resize=150%2C150&amp;ssl=1 150w, https:\/\/i0.wp.com\/portifolioos-prontos.com\/wp-content\/uploads\/2023\/02\/whatsapp-business-projeto-de-extensao.jpeg?resize=370%2C372&amp;ssl=1 370w, https:\/\/i0.wp.com\/portifolioos-prontos.com\/wp-content\/uploads\/2023\/02\/whatsapp-business-projeto-de-extensao.jpeg?resize=100%2C100&amp;ssl=1 100w, https:\/\/i0.wp.com\/portifolioos-prontos.com\/wp-content\/uploads\/2023\/02\/whatsapp-business-projeto-de-extensao.jpeg?w=470&amp;ssl=1 470w\" alt=\"projeto de extens\u00e3o unopar\" width=\"144\" height=\"144\" data-lazy-loaded=\"1\" \/><\/h4>\n<\/div>\n<div class=\"elementor-toggle-item\">\n<div id=\"elementor-tab-content-1949\" class=\"elementor-tab-content elementor-clearfix elementor-active\" role=\"tabpanel\" data-tab=\"9\" aria-labelledby=\"elementor-tab-title-1949\">\n<p>E-mail:portifoliosp@gmail.com<\/p>\n<div id=\"attachment_143\" class=\"wp-caption alignnone\">\n<div id=\"attachment_143\" class=\"wp-caption alignnone\">\n<p id=\"caption-attachment-143\" class=\"wp-caption-text\"><a href=\"http:\/\/portfolio-pronto.com\/\">Portf\u00f3lio<\/a>\u00a0em Word, respondido, completo e j\u00e1 nas normas<\/p>\n<\/div>\n<\/div>\n<\/div>\n<\/div>\n","protected":false},"excerpt":{"rendered":"<div class=\"product-short-description\">\n<p><strong>Pague pelo PIX ou cart\u00e3o e fa\u00e7a o download agora mesmo.<\/strong><\/p>\n<\/div>\n<div class=\"sticky-add-to-cart-wrapper\">\n<div class=\"sticky-add-to-cart\">\n<p class=\"quantity buttons_added form-flat\"><img decoding=\"async\" class=\"lazyloaded smush-image-5 smush-image-3 smush-image-4 smush-detected-img smush-image-bigger-3\" src=\"https:\/\/d26lpennugtm8s.cloudfront.net\/assets\/common\/img\/logos\/payment\/visa@2x.png\" width=\"46\" height=\"29\" data-src=\"https:\/\/d26lpennugtm8s.cloudfront.net\/assets\/common\/img\/logos\/payment\/visa@2x.png\" \/><img decoding=\"async\" class=\"lazyloaded smush-image-6 smush-image-4 smush-image-5 smush-detected-img smush-image-bigger-4\" src=\"https:\/\/d26lpennugtm8s.cloudfront.net\/assets\/common\/img\/logos\/payment\/boleto@2x.png\" width=\"43\" height=\"27\" data-src=\"https:\/\/d26lpennugtm8s.cloudfront.net\/assets\/common\/img\/logos\/payment\/boleto@2x.png\" \/><img loading=\"lazy\" decoding=\"async\" class=\"lazyloaded smush-image-7 smush-image-5 smush-image-6 smush-detected-img smush-image-bigger-5\" src=\"https:\/\/d26lpennugtm8s.cloudfront.net\/assets\/common\/img\/logos\/payment\/mastercard@2x.png\" width=\"43\" height=\"27\" data-src=\"https:\/\/d26lpennugtm8s.cloudfront.net\/assets\/common\/img\/logos\/payment\/mastercard@2x.png\" \/><img loading=\"lazy\" decoding=\"async\" class=\"lazyloaded smush-image-8 smush-image-6 smush-image-7 smush-detected-img smush-image-bigger-6\" src=\"https:\/\/d26lpennugtm8s.cloudfront.net\/assets\/common\/img\/logos\/payment\/amex@2x.png\" width=\"43\" height=\"27\" data-src=\"https:\/\/d26lpennugtm8s.cloudfront.net\/assets\/common\/img\/logos\/payment\/amex@2x.png\" \/><img loading=\"lazy\" decoding=\"async\" class=\"lazyloaded smush-image-9 smush-image-7 smush-image-8 smush-detected-img smush-image-bigger-7\" src=\"https:\/\/d26lpennugtm8s.cloudfront.net\/assets\/common\/img\/logos\/payment\/diners@2x.png\" width=\"46\" height=\"29\" data-src=\"https:\/\/d26lpennugtm8s.cloudfront.net\/assets\/common\/img\/logos\/payment\/diners@2x.png\" \/><img loading=\"lazy\" decoding=\"async\" class=\"lazyloaded smush-image-10 smush-image-8 smush-image-9 alignnone smush-detected-img smush-image-bigger-8\" src=\"https:\/\/d26lpennugtm8s.cloudfront.net\/assets\/common\/img\/logos\/payment\/br\/elo@2x.png\" alt=\"portf\u00f3lio unopar anhanguera\" width=\"45\" height=\"28\" data-src=\"https:\/\/d26lpennugtm8s.cloudfront.net\/assets\/common\/img\/logos\/payment\/br\/elo@2x.png\" \/><img loading=\"lazy\" decoding=\"async\" class=\"lazyloaded smush-image-11 smush-image-9 smush-image-10 alignnone smush-detected-img smush-image-bigger-9\" src=\"https:\/\/d26lpennugtm8s.cloudfront.net\/assets\/common\/img\/logos\/payment\/br\/hipercard@2x.png\" alt=\"portf\u00f3lio unopar anhanguera\" width=\"44\" height=\"28\" data-src=\"https:\/\/d26lpennugtm8s.cloudfront.net\/assets\/common\/img\/logos\/payment\/br\/hipercard@2x.png\" \/><img loading=\"lazy\" decoding=\"async\" class=\"lazyloaded smush-image-12 smush-image-10 smush-image-11 alignnone smush-detected-img smush-image-bigger-10\" src=\"https:\/\/d26lpennugtm8s.cloudfront.net\/assets\/common\/img\/logos\/payment\/mercadopago@2x.png\" alt=\"portf\u00f3lio unopar anhanguera\" width=\"45\" height=\"28\" data-src=\"https:\/\/d26lpennugtm8s.cloudfront.net\/assets\/common\/img\/logos\/payment\/mercadopago@2x.png\" \/><img loading=\"lazy\" decoding=\"async\" class=\"alignnone lazyloaded smush-detected-img smush-image-bigger-11\" src=\"https:\/\/futurium.com.br\/wp-content\/uploads\/2021\/06\/logo-pix-icone-512.png\" alt=\"portfolio pronto\" width=\"30\" height=\"30\" data-src=\"https:\/\/futurium.com.br\/wp-content\/uploads\/2021\/06\/logo-pix-icone-512.png\" \/><\/p>\n<\/div>\n<\/div>\n","protected":false},"featured_media":46694,"template":"","meta":{"_seopress_robots_primary_cat":"","_seopress_titles_title":"","_seopress_titles_desc":"","_seopress_robots_index":""},"product_cat":[15],"product_tag":[],"class_list":{"0":"post-46692","1":"product","2":"type-product","3":"status-publish","4":"has-post-thumbnail","6":"product_cat-uncategorized","8":"first","9":"instock","10":"shipping-taxable","11":"product-type-simple","12":"col-xs-6 col-sm-4","13":"col-mf-5","14":"un-5-cols"},"jetpack_sharing_enabled":true,"_links":{"self":[{"href":"https:\/\/portifolioos-prontos.com\/index.php\/wp-json\/wp\/v2\/product\/46692","targetHints":{"allow":["GET"]}}],"collection":[{"href":"https:\/\/portifolioos-prontos.com\/index.php\/wp-json\/wp\/v2\/product"}],"about":[{"href":"https:\/\/portifolioos-prontos.com\/index.php\/wp-json\/wp\/v2\/types\/product"}],"version-history":[{"count":1,"href":"https:\/\/portifolioos-prontos.com\/index.php\/wp-json\/wp\/v2\/product\/46692\/revisions"}],"predecessor-version":[{"id":46695,"href":"https:\/\/portifolioos-prontos.com\/index.php\/wp-json\/wp\/v2\/product\/46692\/revisions\/46695"}],"wp:featuredmedia":[{"embeddable":true,"href":"https:\/\/portifolioos-prontos.com\/index.php\/wp-json\/wp\/v2\/media\/46694"}],"wp:attachment":[{"href":"https:\/\/portifolioos-prontos.com\/index.php\/wp-json\/wp\/v2\/media?parent=46692"}],"wp:term":[{"taxonomy":"product_cat","embeddable":true,"href":"https:\/\/portifolioos-prontos.com\/index.php\/wp-json\/wp\/v2\/product_cat?post=46692"},{"taxonomy":"product_tag","embeddable":true,"href":"https:\/\/portifolioos-prontos.com\/index.php\/wp-json\/wp\/v2\/product_tag?post=46692"}],"curies":[{"name":"wp","href":"https:\/\/api.w.org\/{rel}","templated":true}]}}