{"id":46696,"date":"2025-10-22T18:34:52","date_gmt":"2025-10-22T21:34:52","guid":{"rendered":"https:\/\/portifolioos-prontos.com\/?post_type=product&#038;p=46696"},"modified":"2025-10-27T17:33:05","modified_gmt":"2025-10-27T20:33:05","slug":"atividade-pratica-modelagem-e-tecnologia","status":"publish","type":"product","link":"https:\/\/portifolioos-prontos.com\/index.php\/product\/atividade-pratica-modelagem-e-tecnologia\/","title":{"rendered":"Atividade Pr\u00e1tica \u2013 Modelagem E Tecnologia"},"content":{"rendered":"<p><strong>ATIVIDADE PR\u00c1TICA<\/strong><\/p>\n<p><strong>MODELAGEM E TECNOLOGIA<\/strong><\/p>\n<p><strong>P\u00fablico<\/strong><\/p>\n<p><strong>OBJETIVOS<\/strong><\/p>\n<ul>\n<li>Construir uma base de saia reta utilizando t\u00e9cnicas de modelagem plana.<\/li>\n<li>Adaptar um molde de saia reta para uma saia god\u00ea utilizando t\u00e9cnicas de modelagem plana.<\/li>\n<\/ul>\n<p><strong>RECURSOS<\/strong><\/p>\n<ul>\n<li><strong>Materiais de Modelagem b\u00e1sicos<\/strong>:<br \/>\nL\u00e1pis grafite ou lapiseira, caneta esferogr\u00e1fica, giz de costura ou l\u00e1pis de cor claro, r\u00e9gua comum, r\u00e9gua de alfaiate, curva francesa, transferidor e fita m\u00e9trica.<\/li>\n<li><strong>Papel para modelagem<\/strong>:<br \/>\nPode ser Kraft, jornal ou qualquer folha grande que caiba o molde por inteiro, sem emendas. Prefira pap\u00e9is finos e leves.<\/li>\n<li><strong>C\u00e2mera fotogr\u00e1fica<\/strong>:<br \/>\nPode ser a do celular. Ser\u00e1 necess\u00e1rio fotografar os moldes e o processo de constru\u00e7\u00e3o.<\/li>\n<li><strong>Software de edi\u00e7\u00e3o de texto (ex: Microsoft Word)<\/strong>:<br \/>\nPara montagem e envio do arquivo final.<\/li>\n<li><strong>Papel carbono para copiar o molde<\/strong>.<br \/>\nCaso n\u00e3o tenha, pode pintar o verso do diagrama com grafite para copiar o molde em nova folha.<\/li>\n<\/ul>\n<p><strong>PROCEDIMENTOS PR\u00c1TICOS<\/strong><\/p>\n<p><strong>Atividade proposta:<\/strong><\/p>\n<p>Constru\u00e7\u00e3o de moldes de Saia Reta e Saia Evas\u00ea a partir da modelagem plana.<\/p>\n<p><strong>PROCEDIMENTOS PARA A REALIZA\u00c7\u00c3O DA ATIVIDADE<\/strong><\/p>\n<ol>\n<li><strong> Orienta\u00e7\u00f5es Iniciais<\/strong><\/li>\n<\/ol>\n<ul>\n<li>Re\u00fana todos os materiais e verifique seu estado de uso.<\/li>\n<li>Ser\u00e3o constru\u00eddos dois conjuntos de moldes:\n<ul>\n<li><strong>Saia Reta<\/strong>\u00a0(Frente, Costas, Revel Frente, Revel Costas)<\/li>\n<li><strong>Saia Evas\u00ea<\/strong>\u00a0(Frente, Costas, Revel Frente, Revel Costas)<\/li>\n<\/ul>\n<\/li>\n<li>Utilize suas pr\u00f3prias medidas ou de algu\u00e9m conhecido.<br \/>\n<strong>Medidas necess\u00e1rias<\/strong>: Cintura, Quadril e Comprimento da Saia.<br \/>\nEssas medidas dever\u00e3o ser registradas no arquivo a ser entregue.<\/li>\n<\/ul>\n<ol start=\"2\">\n<li><strong> Constru\u00e7\u00e3o da Saia Reta<\/strong><\/li>\n<\/ol>\n<ul>\n<li>Comece com o\u00a0<strong>diagrama de base da saia<\/strong>. Fotografe o diagrama para registro.<\/li>\n<li>Com base nesse diagrama, construa o\u00a0<strong>molde da saia reta com pences e revel<\/strong>.<\/li>\n<li>O molde da frente deve ser\u00a0<strong>inteiro (desdobrado)<\/strong>.<\/li>\n<li>Os moldes das costas podem ser\u00a0<strong>dobrados<\/strong>, simulando um recorte.<\/li>\n<li><strong>N\u00e3o utilize o papel do diagrama como molde<\/strong>. Use papel carbono ou grafite para copi\u00e1-lo.<\/li>\n<\/ul>\n<p><strong>Total de moldes: 4<\/strong><\/p>\n<ul>\n<li>Frente<\/li>\n<li>Costas<\/li>\n<li>Revel Frente<\/li>\n<li>Revel Costas<\/li>\n<\/ul>\n<p>Cada molde deve conter:<\/p>\n<ul>\n<li>Nome<\/li>\n<li>Quantidade de vezes a ser cortado no tecido<\/li>\n<li>Sentido do fio<\/li>\n<li>Margens de costura marcadas<\/li>\n<\/ul>\n<ol start=\"3\">\n<li><strong> Constru\u00e7\u00e3o da Saia Evas\u00ea<\/strong><\/li>\n<\/ol>\n<ul>\n<li>A partir do\u00a0<strong>diagrama base<\/strong>, fa\u00e7a os ajustes para transformar em\u00a0<strong>saia evas\u00ea com revel<\/strong>.<\/li>\n<li><strong>Aten\u00e7\u00e3o<\/strong>: A saia evas\u00ea\u00a0<strong>n\u00e3o possui pences<\/strong>.<\/li>\n<li>Fa\u00e7a o ajuste das pences e amplia\u00e7\u00e3o do volume conforme aprendido.<\/li>\n<li>N\u00e3o utilize o papel do diagrama para tirar o molde \u2014 registre as altera\u00e7\u00f5es com fotos.<\/li>\n<li>O molde da frente deve ser\u00a0<strong>inteiro (desdobrado)<\/strong>, e o das costas pode ser\u00a0<strong>dobrado<\/strong>.<\/li>\n<\/ul>\n<p><strong>Total de moldes: 4<\/strong><\/p>\n<ul>\n<li>Frente<\/li>\n<li>Costas<\/li>\n<li>Revel Frente<\/li>\n<li>Revel Costas<\/li>\n<\/ul>\n<p>Cada molde deve conter:<\/p>\n<ul>\n<li>Nome<\/li>\n<li>Quantidade de vezes a ser cortado no tecido<\/li>\n<li>Sentido do fio<\/li>\n<li>Margens de costura marcadas<\/li>\n<\/ul>\n<ol start=\"4\">\n<li><strong> Arquivo para Entrega<\/strong><\/li>\n<\/ol>\n<ul>\n<li><strong>Primeira p\u00e1gina<\/strong>: tabela com as medidas em cm:\n<ul>\n<li>Cintura<\/li>\n<li>Quadril<\/li>\n<li>Comprimento da Saia<\/li>\n<\/ul>\n<\/li>\n<li><strong>Fotos do processo<\/strong>:<br \/>\nInclua pelo menos\u00a0<strong>4 fotos variadas<\/strong>, registrando:<\/p>\n<ul>\n<li>Materiais<\/li>\n<li>Manuseio do papel<\/li>\n<li>Uso das r\u00e9guas<\/li>\n<li>Execu\u00e7\u00e3o dos moldes<br \/>\n<em>(Podem estar todas na mesma p\u00e1gina)<\/em><\/li>\n<\/ul>\n<\/li>\n<li><strong>Fotos dos moldes prontos (12 fotos, 1 por p\u00e1gina):<\/strong><\/li>\n<\/ul>\n<p><strong>Saia Reta<\/strong><\/p>\n<ul>\n<li style=\"list-style-type: none;\">\n<ul>\n<li>Diagrama base da saia<\/li>\n<li>Molde Frente<\/li>\n<li>Molde Revel Frente<\/li>\n<li>Molde Costas<\/li>\n<li>Molde Revel Costas<\/li>\n<li>Todos os 4 moldes juntos e organizados<\/li>\n<\/ul>\n<\/li>\n<\/ul>\n<p><strong>Saia Evas\u00ea<\/strong><\/p>\n<ul>\n<li style=\"list-style-type: none;\">\n<ul>\n<li>Diagrama com ajustes para evas\u00ea<\/li>\n<li>Molde Frente<\/li>\n<li>Molde Revel Frente<\/li>\n<li>Molde Costas<\/li>\n<li>Molde Revel Costas<\/li>\n<li>Todos os 4 moldes juntos e organizados<\/li>\n<\/ul>\n<\/li>\n<\/ul>\n<p><strong>Checklist<\/strong><\/p>\n<ul>\n<li>\u00a0Leu todas as orienta\u00e7\u00f5es?<\/li>\n<li>\u00a0Os moldes est\u00e3o com todas as informa\u00e7\u00f5es de identifica\u00e7\u00e3o?<\/li>\n<li>\u00a0Tabela de medidas inclu\u00edda?<\/li>\n<li>\u00a0Fotos do processo inclu\u00eddas?<\/li>\n<li>\u00a0Todas as 12 fotos dos moldes est\u00e3o no arquivo?<\/li>\n<\/ul>\n<p><strong>RESULTADO FINAL<\/strong><\/p>\n<p>O trabalho dever\u00e1 ser entregue em\u00a0<strong>arquivo Word<\/strong>, contendo:<\/p>\n<ul>\n<li>Capa<\/li>\n<li>Folha de rosto (com dados da disciplina e do aluno)<\/li>\n<li>Tabela de medidas<\/li>\n<li>Fotos do processo (1 ou 2 p\u00e1ginas)<\/li>\n<li>Fotos dos moldes constru\u00eddos (12 fotos \u2013 1 por p\u00e1gina)<\/li>\n<\/ul>\n<div class=\"elementor-toggle-item\">\n<p id=\"elementor-tab-title-1941\" class=\"elementor-tab-title elementor-active\" tabindex=\"0\" role=\"tab\" data-tab=\"1\" aria-controls=\"elementor-tab-content-1941\" aria-expanded=\"true\" aria-selected=\"true\"><strong>Como funciona?<\/strong><\/p>\n<p>Elaboramos os portf\u00f3lios, j\u00e1 deixamos prontos, nas normas da ABNT e conforme os requisitos da universidade. F\u00e1cil assim! O MELHOR \u00c9 QUE VOC\u00ca COMPRA E J\u00c1 BAIXA NA HORA O SEU ARQUIVO EM WORD! Sabemos que conciliar trabalho, fam\u00edlia, vida profissional e estudos \u00e9 dif\u00edcil hoje em dia, por isso, estamos aqui para ajudar voc\u00ea. Conte com nossa qualidade, experi\u00eancia e profissionalismo adquirindo seu portf\u00f3lio conosco. GARANTIMOS SEU CONCEITO!<\/p>\n<p><strong>Como se realizam os envios?<\/strong><\/p>\n<\/div>\n<p id=\"elementor-tab-content-1942\" class=\"elementor-tab-content elementor-clearfix elementor-active\" role=\"tabpanel\" data-tab=\"2\" aria-labelledby=\"elementor-tab-title-1942\">O seu trabalho \u00e9 disponibilizado pronto, respondido e nas normas j\u00e1 na mesma hora aqui em nosso site na sua \u00e1rea de downloads e tamb\u00e9m no seu e-mail.<\/p>\n<p><strong>Em quanto tempo recebo o portf\u00f3lio?<\/strong><\/p>\n<p>Os envios s\u00e3o imediatos. Ap\u00f3s sua compra, o trabalho j\u00e1 \u00e9 disponibilizado instantaneamente aqui em nosso site e no seu e-mail.<\/p>\n<p><strong>E se o portf\u00f3lio que comprei precisar de corre\u00e7\u00e3o?<\/strong><\/p>\n<p>Caso haja alguma solicita\u00e7\u00e3o de corre\u00e7\u00e3o\/altera\u00e7\u00e3o por parte do tutor, basta entrar em contato conosco pelo\u00a0WhatsApp\u00a0que provid\u00eanciaremos sem custo algum.<\/p>\n<p><strong>Qual o formato do arquivo?<\/strong><\/p>\n<p>Os arquivos s\u00e3o enviados em formato Word e s\u00e3o edit\u00e1veis.<\/p>\n<p><strong>Caso eu tiver alguma d\u00favida, terei suporte no p\u00f3s venda?<\/strong><\/p>\n<p>Sim, com certeza. Basta clicar no \u00edcone do WhatsApp no cantinho da tela. Ser\u00e1 um prazer atend\u00ea-lo(a).<\/p>\n<div id=\"elementor-tab-content-1948\" class=\"elementor-tab-content elementor-clearfix elementor-active\" role=\"tabpanel\" data-tab=\"8\" aria-labelledby=\"elementor-tab-title-1948\">\n<p><strong>Quais os seus canais de contato?<\/strong><\/p>\n<\/div>\n<div id=\"elementor-tab-content-1949\" class=\"elementor-tab-content elementor-clearfix elementor-active\" role=\"tabpanel\" data-tab=\"9\" aria-labelledby=\"elementor-tab-title-1949\">\n<p>Whatsapp: 53 984751621 \u2013 Clicar no canto da tela ou ESCANEIE O QRCODE ABAIXO<\/p>\n<h4><img decoding=\"async\" class=\"alignnone wp-image-13699 jetpack-lazy-image jetpack-lazy-image--handled\" src=\"https:\/\/i0.wp.com\/portifolioos-prontos.com\/wp-content\/uploads\/2023\/02\/whatsapp-business-projeto-de-extensao-300x300.jpeg?resize=144%2C144\" sizes=\"(max-width: 144px) 100vw, 144px\" srcset=\"https:\/\/i0.wp.com\/portifolioos-prontos.com\/wp-content\/uploads\/2023\/02\/whatsapp-business-projeto-de-extensao.jpeg?resize=300%2C301&amp;ssl=1 300w, https:\/\/i0.wp.com\/portifolioos-prontos.com\/wp-content\/uploads\/2023\/02\/whatsapp-business-projeto-de-extensao.jpeg?resize=150%2C150&amp;ssl=1 150w, https:\/\/i0.wp.com\/portifolioos-prontos.com\/wp-content\/uploads\/2023\/02\/whatsapp-business-projeto-de-extensao.jpeg?resize=370%2C372&amp;ssl=1 370w, https:\/\/i0.wp.com\/portifolioos-prontos.com\/wp-content\/uploads\/2023\/02\/whatsapp-business-projeto-de-extensao.jpeg?resize=100%2C100&amp;ssl=1 100w, https:\/\/i0.wp.com\/portifolioos-prontos.com\/wp-content\/uploads\/2023\/02\/whatsapp-business-projeto-de-extensao.jpeg?w=470&amp;ssl=1 470w\" alt=\"projeto de extens\u00e3o unopar\" width=\"144\" height=\"144\" data-lazy-loaded=\"1\" \/><\/h4>\n<\/div>\n<div class=\"elementor-toggle-item\">\n<div id=\"elementor-tab-content-1949\" class=\"elementor-tab-content elementor-clearfix elementor-active\" role=\"tabpanel\" data-tab=\"9\" aria-labelledby=\"elementor-tab-title-1949\">\n<p>E-mail:portifoliosp@gmail.com<\/p>\n<div id=\"attachment_143\" class=\"wp-caption alignnone\">\n<div id=\"attachment_143\" class=\"wp-caption alignnone\">\n<p id=\"caption-attachment-143\" class=\"wp-caption-text\"><a href=\"http:\/\/portfolio-pronto.com\/\">Portf\u00f3lio<\/a>\u00a0em Word, respondido, completo e j\u00e1 nas normas<\/p>\n<\/div>\n<\/div>\n<\/div>\n<\/div>\n","protected":false},"excerpt":{"rendered":"<div class=\"product-short-description\">\n<p><strong>Pague pelo PIX ou cart\u00e3o e fa\u00e7a o download agora mesmo.<\/strong><\/p>\n<\/div>\n<div class=\"sticky-add-to-cart-wrapper\">\n<div class=\"sticky-add-to-cart\">\n<p class=\"quantity buttons_added form-flat\"><img decoding=\"async\" class=\"lazyloaded smush-image-5 smush-image-3 smush-image-4 smush-detected-img smush-image-bigger-3\" src=\"https:\/\/d26lpennugtm8s.cloudfront.net\/assets\/common\/img\/logos\/payment\/visa@2x.png\" width=\"46\" height=\"29\" data-src=\"https:\/\/d26lpennugtm8s.cloudfront.net\/assets\/common\/img\/logos\/payment\/visa@2x.png\" \/><img decoding=\"async\" class=\"lazyloaded smush-image-6 smush-image-4 smush-image-5 smush-detected-img smush-image-bigger-4\" src=\"https:\/\/d26lpennugtm8s.cloudfront.net\/assets\/common\/img\/logos\/payment\/boleto@2x.png\" width=\"43\" height=\"27\" data-src=\"https:\/\/d26lpennugtm8s.cloudfront.net\/assets\/common\/img\/logos\/payment\/boleto@2x.png\" \/><img loading=\"lazy\" decoding=\"async\" class=\"lazyloaded smush-image-7 smush-image-5 smush-image-6 smush-detected-img smush-image-bigger-5\" src=\"https:\/\/d26lpennugtm8s.cloudfront.net\/assets\/common\/img\/logos\/payment\/mastercard@2x.png\" width=\"43\" height=\"27\" data-src=\"https:\/\/d26lpennugtm8s.cloudfront.net\/assets\/common\/img\/logos\/payment\/mastercard@2x.png\" \/><img loading=\"lazy\" decoding=\"async\" class=\"lazyloaded smush-image-8 smush-image-6 smush-image-7 smush-detected-img smush-image-bigger-6\" src=\"https:\/\/d26lpennugtm8s.cloudfront.net\/assets\/common\/img\/logos\/payment\/amex@2x.png\" width=\"43\" height=\"27\" data-src=\"https:\/\/d26lpennugtm8s.cloudfront.net\/assets\/common\/img\/logos\/payment\/amex@2x.png\" \/><img loading=\"lazy\" decoding=\"async\" class=\"lazyloaded smush-image-9 smush-image-7 smush-image-8 smush-detected-img smush-image-bigger-7\" src=\"https:\/\/d26lpennugtm8s.cloudfront.net\/assets\/common\/img\/logos\/payment\/diners@2x.png\" width=\"46\" height=\"29\" data-src=\"https:\/\/d26lpennugtm8s.cloudfront.net\/assets\/common\/img\/logos\/payment\/diners@2x.png\" \/><img loading=\"lazy\" decoding=\"async\" class=\"lazyloaded smush-image-10 smush-image-8 smush-image-9 alignnone smush-detected-img smush-image-bigger-8\" src=\"https:\/\/d26lpennugtm8s.cloudfront.net\/assets\/common\/img\/logos\/payment\/br\/elo@2x.png\" alt=\"portf\u00f3lio unopar anhanguera\" width=\"45\" height=\"28\" data-src=\"https:\/\/d26lpennugtm8s.cloudfront.net\/assets\/common\/img\/logos\/payment\/br\/elo@2x.png\" \/><img loading=\"lazy\" decoding=\"async\" class=\"lazyloaded smush-image-11 smush-image-9 smush-image-10 alignnone smush-detected-img smush-image-bigger-9\" src=\"https:\/\/d26lpennugtm8s.cloudfront.net\/assets\/common\/img\/logos\/payment\/br\/hipercard@2x.png\" alt=\"portf\u00f3lio unopar anhanguera\" width=\"44\" height=\"28\" data-src=\"https:\/\/d26lpennugtm8s.cloudfront.net\/assets\/common\/img\/logos\/payment\/br\/hipercard@2x.png\" \/><img loading=\"lazy\" decoding=\"async\" class=\"lazyloaded smush-image-12 smush-image-10 smush-image-11 alignnone smush-detected-img smush-image-bigger-10\" src=\"https:\/\/d26lpennugtm8s.cloudfront.net\/assets\/common\/img\/logos\/payment\/mercadopago@2x.png\" alt=\"portf\u00f3lio unopar anhanguera\" width=\"45\" height=\"28\" data-src=\"https:\/\/d26lpennugtm8s.cloudfront.net\/assets\/common\/img\/logos\/payment\/mercadopago@2x.png\" \/><img loading=\"lazy\" decoding=\"async\" class=\"alignnone lazyloaded smush-detected-img smush-image-bigger-11\" src=\"https:\/\/futurium.com.br\/wp-content\/uploads\/2021\/06\/logo-pix-icone-512.png\" alt=\"portfolio pronto\" width=\"30\" height=\"30\" data-src=\"https:\/\/futurium.com.br\/wp-content\/uploads\/2021\/06\/logo-pix-icone-512.png\" \/><\/p>\n<\/div>\n<\/div>\n","protected":false},"featured_media":46697,"template":"","meta":{"_seopress_robots_primary_cat":"","_seopress_titles_title":"","_seopress_titles_desc":"","_seopress_robots_index":""},"product_cat":[15],"product_tag":[],"class_list":{"0":"post-46696","1":"product","2":"type-product","3":"status-publish","4":"has-post-thumbnail","6":"product_cat-uncategorized","8":"first","9":"instock","10":"downloadable","11":"virtual","12":"purchasable","13":"product-type-simple","14":"col-xs-6 col-sm-4","15":"col-mf-5","16":"un-5-cols"},"jetpack_sharing_enabled":true,"_links":{"self":[{"href":"https:\/\/portifolioos-prontos.com\/index.php\/wp-json\/wp\/v2\/product\/46696","targetHints":{"allow":["GET"]}}],"collection":[{"href":"https:\/\/portifolioos-prontos.com\/index.php\/wp-json\/wp\/v2\/product"}],"about":[{"href":"https:\/\/portifolioos-prontos.com\/index.php\/wp-json\/wp\/v2\/types\/product"}],"version-history":[{"count":1,"href":"https:\/\/portifolioos-prontos.com\/index.php\/wp-json\/wp\/v2\/product\/46696\/revisions"}],"predecessor-version":[{"id":46698,"href":"https:\/\/portifolioos-prontos.com\/index.php\/wp-json\/wp\/v2\/product\/46696\/revisions\/46698"}],"wp:featuredmedia":[{"embeddable":true,"href":"https:\/\/portifolioos-prontos.com\/index.php\/wp-json\/wp\/v2\/media\/46697"}],"wp:attachment":[{"href":"https:\/\/portifolioos-prontos.com\/index.php\/wp-json\/wp\/v2\/media?parent=46696"}],"wp:term":[{"taxonomy":"product_cat","embeddable":true,"href":"https:\/\/portifolioos-prontos.com\/index.php\/wp-json\/wp\/v2\/product_cat?post=46696"},{"taxonomy":"product_tag","embeddable":true,"href":"https:\/\/portifolioos-prontos.com\/index.php\/wp-json\/wp\/v2\/product_tag?post=46696"}],"curies":[{"name":"wp","href":"https:\/\/api.w.org\/{rel}","templated":true}]}}