{"id":46699,"date":"2025-10-22T18:40:24","date_gmt":"2025-10-22T21:40:24","guid":{"rendered":"https:\/\/portifolioos-prontos.com\/?post_type=product&#038;p=46699"},"modified":"2025-10-22T18:40:24","modified_gmt":"2025-10-22T21:40:24","slug":"aula-pratica-multimidia","status":"publish","type":"product","link":"https:\/\/portifolioos-prontos.com\/index.php\/product\/aula-pratica-multimidia\/","title":{"rendered":"Aula Pr\u00e1tica Multim\u00eddia"},"content":{"rendered":"<p>Aula Pr\u00e1tica Multim\u00eddia<\/p>\n<p>ROTEIRO DE AULA PR\u00c1TICA<br \/>\nNOME DA DISCIPLINA: Multim\u00eddia<br \/>\nUnidade: U2_M\u00cdDIAS_DIGITAIS<br \/>\nAula: A3_PLATAFORMAS_DIGITAIS<br \/>\nOBJETIVOS<br \/>\nDefini\u00e7\u00e3o dos objetivos da aula pr\u00e1tica:<br \/>\nA proposta desta atividade pr\u00e1tica est\u00e1 amparada nos seguintes objetivos:<br \/>\n\u2013 Explorar recursos de edi\u00e7\u00e3o e diagrama\u00e7\u00e3o de imagens;<br \/>\n\u2013 Criar uma colagem digital articulando diferentes elementos imag\u00e9ticos.<br \/>\nSOLU\u00c7\u00c3O DIGITAL:<br \/>\nPhotopea \u00e9 um editor de fotos e gr\u00e1ficos baseado na web. \u00c9 usado para edi\u00e7\u00e3o de imagens, fazer<br \/>\nilustra\u00e7\u00f5es, web design ou converter entre diferentes formatos de imagem. Photopea \u00e9 um<br \/>\nsoftware suportado por publicidade. \u00c9 compat\u00edvel com todos os navegadores modernos, incluindo<br \/>\nOpera, Edge, Chrome e Firefox.<br \/>\n\u2022 Photopea:\u00a0. Acesso: 14 de Julho de 2025<br \/>\nPROCEDIMENTOS PR\u00c1TICOS E APLICA\u00c7\u00d5ES<br \/>\nProcedimento\/Atividade n\u00ba 1<br \/>\nEDI\u00c7\u00c3O DIGITAL DE FOTOGRAFIAS<br \/>\nAtividade proposta: Utilizar e editar imagens por meio do software Photopea<br \/>\nProcedimentos para a realiza\u00e7\u00e3o da atividade:<br \/>\nPara utilizar o Photopea, n\u00e3o \u00e9 preciso se cadastrar na plataforma ou fazer qualquer download<br \/>\nem seu computador. Os usu\u00e1rios podem editar uma variedade de arquivos com diferentes<br \/>\nextens\u00f5es, inclusive trabalhar com imagens RAW de c\u00e2meras profissionais e semiprofissionais.<br \/>\nVeja abaixo como utilizar o Photopea online para editar fotos.<br \/>\nComo usar o Photopea online:<br \/>\nP\u00fablico3<br \/>\nPasso 1. Acesse o site oficial do Photopea (https:\/\/www.photopea.com\/) e clique em \u201cAbrir do<br \/>\nComputador\u201d para selecionar uma imagem em seu dispositivo;<br \/>\nPasso 2. Escolha a imagem desejada e clique em \u201cAbrir\u201d;<br \/>\nPasso 3. No menu superior, clique em \u201cImagem\u201d para acessar as op\u00e7\u00f5es de edi\u00e7\u00e3o. Aqui, voc\u00ea<br \/>\npode ajustar os par\u00e2metros da foto em \u201cAjustes\u201d e usar ajustes autom\u00e1ticos de tonalidade,<br \/>\ncontraste e cores. A se\u00e7\u00e3o tamb\u00e9m oferece a op\u00e7\u00e3o \u201cTamanho da Imagem\u201d para redimensionar<br \/>\na foto;<br \/>\nP\u00fablico4<br \/>\nPasso 4. Em \u201cFiltro\u201d, explore os diferentes efeitos dispon\u00edveis para aplicar em sua foto. A galeria<br \/>\ninclui filtros art\u00edsticos, recursos de desfoque e outras ferramentas como o Pixelate, que aumenta<br \/>\na amplitude dos pixels na imagem.<br \/>\nComo usar as ferramentas de edi\u00e7\u00e3o do Photopea:<br \/>\nPasso 1. Na barra de op\u00e7\u00f5es \u00e0 esquerda da tela, passe o cursor sobre as op\u00e7\u00f5es para ver os<br \/>\nnomes das ferramentas adicionais. A primeira op\u00e7\u00e3o \u00e9 o ponteiro padr\u00e3o. Em seguida, h\u00e1 o \u00edcone<br \/>\nde sele\u00e7\u00e3o retangular ou el\u00edptica;<br \/>\nP\u00fablico5<br \/>\nPasso 2. Voc\u00ea pode usar a ferramenta \u201cLa\u00e7o\u201d para criar sele\u00e7\u00f5es \u00e0 m\u00e3o livre, poligonais ou<br \/>\nmagn\u00e9ticas;<br \/>\nPasso 3. Selecione a ferramenta de corte e ajuste as extremidades na imagem para escolher a<br \/>\n\u00e1rea desejada. Confirme o corte pressionando \u201cEnter\u201d;<br \/>\nP\u00fablico6<br \/>\nPasso 4. Utilize a ferramenta \u201cConta-gotas\u201d para clonar cores de \u00e1reas espec\u00edficas da imagem.<br \/>\nO recurso \u201cR\u00e9gua\u201d insere r\u00e9guas na tela para facilitar o posicionamento de elementos;<br \/>\nPasso 5. A ferramenta \u201cPincel de Corre\u00e7\u00e3o\u201d \u00e9 \u00fatil para remover manchas da pele ou restaurar<br \/>\npartes antigas de uma imagem;<br \/>\nP\u00fablico7<br \/>\nPasso 6. Com a ferramenta de pincel, \u00e9 poss\u00edvel desenhar sobre a imagem, seja com um tra\u00e7o<br \/>\nsimilar ao de um l\u00e1pis (op\u00e7\u00e3o \u201cL\u00e1pis\u201d) ou com desenhos mais complexos (op\u00e7\u00e3o \u201cCaneta\u201d);<br \/>\nPasso7. O servi\u00e7o tamb\u00e9m permite adicionar texto, mover camadas, inserir elementos<br \/>\ngeom\u00e9tricos, usar o zoom e alterar a cor dos pinc\u00e9is.<br \/>\nP\u00fablico8<br \/>\nComo salvar imagens editadas no Photopea:<br \/>\nPasso 1. Para salvar a imagem editada no computador, clique em \u201cArquivo\u201d no menu<br \/>\nsuperior e selecione \u201cExportar Como\u201d. Escolha o formato de arquivo desejado;<br \/>\nP\u00fablico9<br \/>\nPasso 2. Se necess\u00e1rio, ajuste a altura, largura e qualidade da imagem. Clique em<br \/>\n\u201cSalvar\u201d para baixar a imagem.<br \/>\nCriar uma colagem digital por meio do Photopea<br \/>\nAgora que voc\u00ea compreendeu o uso da ferramenta, vamos criar uma colagem digital. Para tanto,<br \/>\nser\u00e1 necess\u00e1rio abrir um arquivo novo no Photopea.<br \/>\nPasso 1. Pense em uma tem\u00e1tiva pessoal e como voc\u00ea poderia articular imagens, produzindo<br \/>\numa rela\u00e7\u00e3o entre elas. Procure fugir do \u00f3bvio;<br \/>\nP\u00fablico10<br \/>\nPasso 2. Escolha entre 5 e 8 imagens em sites de uso livre (tal como Pixabay, Pexels, Unplash<br \/>\netc). E as articule, editando no Photopea para que elas tenham um tratamento visual semelhante<br \/>\n(criando unidade visual), ou acentuando diferen\u00e7as (baseado no prin\u00edcpio visual de transforma\u00e7\u00e3o<br \/>\ne diverg\u00eancia).<br \/>\nPasso 3. Module a superf\u00edcie digital e, se necess\u00e1rio, inclua elementos gr\u00e1ficos que colaborem<br \/>\ncom a tem\u00e1tica escolhida. Salve seu arquivo e baixe para postar como resultado de sua atividade.<br \/>\nAvaliando os resultados:<br \/>\nAp\u00f3s concluir sua colagem digital no Photopea, responda brevemente \u00e0s perguntas<br \/>\nabaixo:<br \/>\n1. Qual foi a tem\u00e1tica escolhida e como ela se manifesta na composi\u00e7\u00e3o visual?<br \/>\n2. Que ferramentas do Photopea voc\u00ea utilizou para criar unidade ou contraste entre as<br \/>\nimagens?<br \/>\n3. Como voc\u00ea organizou os elementos na superf\u00edcie digital para alcan\u00e7ar equil\u00edbrio visual?<br \/>\n4. Quais aspectos do seu trabalho voc\u00ea considera mais bem resolvidos? O que poderia<br \/>\nmelhorar?<br \/>\n5. O que esta atividade contribuiu para seu aprendizado em edi\u00e7\u00e3o e composi\u00e7\u00e3o digital?<br \/>\nChecklist:<br \/>\n\u2013 Aprender a utilizar o Photopea online;<br \/>\n\u2013 Aprender a utilizar as ferramentas do Photopea;<br \/>\n\u2013 Editar e salvar imagens editadas no Photopea;<br \/>\n\u2013 Criar uma colagem digital utilizando diferentes imagens, editando no Photopea.<br \/>\nRESULTADOS<br \/>\nResultados do experimento:<br \/>\nO trabalho dever\u00e1 ser entregue em arquivo Word atendendo as etapas de produ\u00e7\u00e3o e utilizando<br \/>\nos recursos solicitados no roteiro.<br \/>\n\u2022 O arquivo dever\u00e1 conter:<br \/>\n\u2022 Capa;<br \/>\n\u2022 Folha de rosto com os dados da disciplina e do aluno;<br \/>\n\u2022 Os resultados das atividades pr\u00e1ticas exigidas pelo roteiro;<br \/>\n\u2013 O arquivo n\u00e3o pode exceder o tamanho de 2Mb.<br \/>\n\u2022 Refer\u00eancias bibliogr\u00e1ficas ABNT (quando houver).<br \/>\nResultados de Aprendizagem:<br \/>\nP\u00fablico11<br \/>\n\u2022 Demonstrar dom\u00ednio das ferramentas b\u00e1sicas do editor Photopea, aplicando recursos<br \/>\ncomo recorte, ajustes de imagem, filtros, inser\u00e7\u00e3o de texto e organiza\u00e7\u00e3o de camadas, de<br \/>\nforma funcional e criativa na produ\u00e7\u00e3o de uma colagem digital.<br \/>\n\u2022 Selecionar e articular imagens a partir de uma tem\u00e1tica definida, utilizando crit\u00e9rios<br \/>\nest\u00e9ticos e conceituais para construir uma narrativa visual coerente, explorando<br \/>\nintencionalmente os princ\u00edpios de unidade ou contraste.<br \/>\n\u2022 Compor visualmente uma colagem digital equilibrada, organizando elementos gr\u00e1ficos<br \/>\ncom aten\u00e7\u00e3o \u00e0 disposi\u00e7\u00e3o espacial, hierarquia visual, integra\u00e7\u00e3o de cores e uso<br \/>\nconsciente do espa\u00e7o da superf\u00edcie digital.<br \/>\n\u2022 Analisar criticamente o processo de cria\u00e7\u00e3o e o resultado final, identificando os acertos e<br \/>\nos pontos de melhoria da produ\u00e7\u00e3o, relacionando as decis\u00f5es t\u00e9cnicas e criativas ao<br \/>\nobjetivo tem\u00e1tico proposto.<\/p>\n<p>Aula Pr\u00e1tica Multim\u00eddia<\/p>\n<div class=\"elementor-toggle-item\">\n<p id=\"elementor-tab-title-1941\" class=\"elementor-tab-title elementor-active\" tabindex=\"0\" role=\"tab\" data-tab=\"1\" aria-controls=\"elementor-tab-content-1941\" aria-expanded=\"true\" aria-selected=\"true\"><strong>Como funciona?<\/strong><\/p>\n<p>Elaboramos os portf\u00f3lios, j\u00e1 deixamos prontos, nas normas da ABNT e conforme os requisitos da universidade. F\u00e1cil assim! O MELHOR \u00c9 QUE VOC\u00ca COMPRA E J\u00c1 BAIXA NA HORA O SEU ARQUIVO EM WORD! Sabemos que conciliar trabalho, fam\u00edlia, vida profissional e estudos \u00e9 dif\u00edcil hoje em dia, por isso, estamos aqui para ajudar voc\u00ea. Conte com nossa qualidade, experi\u00eancia e profissionalismo adquirindo seu portf\u00f3lio conosco. GARANTIMOS SEU CONCEITO!<\/p>\n<p><strong>Como se realizam os envios?<\/strong><\/p>\n<\/div>\n<p id=\"elementor-tab-content-1942\" class=\"elementor-tab-content elementor-clearfix elementor-active\" role=\"tabpanel\" data-tab=\"2\" aria-labelledby=\"elementor-tab-title-1942\">O seu trabalho \u00e9 disponibilizado pronto, respondido e nas normas j\u00e1 na mesma hora aqui em nosso site na sua \u00e1rea de downloads e tamb\u00e9m no seu e-mail.<\/p>\n<p><strong>Em quanto tempo recebo o portf\u00f3lio?<\/strong><\/p>\n<p>Os envios s\u00e3o imediatos. Ap\u00f3s sua compra, o trabalho j\u00e1 \u00e9 disponibilizado instantaneamente aqui em nosso site e no seu e-mail.<\/p>\n<p><strong>E se o portf\u00f3lio que comprei precisar de corre\u00e7\u00e3o?<\/strong><\/p>\n<p>Caso haja alguma solicita\u00e7\u00e3o de corre\u00e7\u00e3o\/altera\u00e7\u00e3o por parte do tutor, basta entrar em contato conosco pelo\u00a0WhatsApp\u00a0que provid\u00eanciaremos sem custo algum.<\/p>\n<p><strong>Qual o formato do arquivo?<\/strong><\/p>\n<p>Os arquivos s\u00e3o enviados em formato Word e s\u00e3o edit\u00e1veis.<\/p>\n<p><strong>Caso eu tiver alguma d\u00favida, terei suporte no p\u00f3s venda?<\/strong><\/p>\n<p>Sim, com certeza. Basta clicar no \u00edcone do WhatsApp no cantinho da tela. Ser\u00e1 um prazer atend\u00ea-lo(a).<\/p>\n<div id=\"elementor-tab-content-1948\" class=\"elementor-tab-content elementor-clearfix elementor-active\" role=\"tabpanel\" data-tab=\"8\" aria-labelledby=\"elementor-tab-title-1948\">\n<p><strong>Quais os seus canais de contato?<\/strong><\/p>\n<\/div>\n<div id=\"elementor-tab-content-1949\" class=\"elementor-tab-content elementor-clearfix elementor-active\" role=\"tabpanel\" data-tab=\"9\" aria-labelledby=\"elementor-tab-title-1949\">\n<p>Whatsapp: 53 984751621 \u2013 Clicar no canto da tela ou ESCANEIE O QRCODE ABAIXO<\/p>\n<h4><img decoding=\"async\" class=\"alignnone wp-image-13699 jetpack-lazy-image jetpack-lazy-image--handled\" src=\"https:\/\/i0.wp.com\/portifolioos-prontos.com\/wp-content\/uploads\/2023\/02\/whatsapp-business-projeto-de-extensao-300x300.jpeg?resize=144%2C144\" sizes=\"(max-width: 144px) 100vw, 144px\" srcset=\"https:\/\/i0.wp.com\/portifolioos-prontos.com\/wp-content\/uploads\/2023\/02\/whatsapp-business-projeto-de-extensao.jpeg?resize=300%2C301&amp;ssl=1 300w, https:\/\/i0.wp.com\/portifolioos-prontos.com\/wp-content\/uploads\/2023\/02\/whatsapp-business-projeto-de-extensao.jpeg?resize=150%2C150&amp;ssl=1 150w, https:\/\/i0.wp.com\/portifolioos-prontos.com\/wp-content\/uploads\/2023\/02\/whatsapp-business-projeto-de-extensao.jpeg?resize=370%2C372&amp;ssl=1 370w, https:\/\/i0.wp.com\/portifolioos-prontos.com\/wp-content\/uploads\/2023\/02\/whatsapp-business-projeto-de-extensao.jpeg?resize=100%2C100&amp;ssl=1 100w, https:\/\/i0.wp.com\/portifolioos-prontos.com\/wp-content\/uploads\/2023\/02\/whatsapp-business-projeto-de-extensao.jpeg?w=470&amp;ssl=1 470w\" alt=\"projeto de extens\u00e3o unopar\" width=\"144\" height=\"144\" data-lazy-loaded=\"1\" \/><\/h4>\n<\/div>\n<div class=\"elementor-toggle-item\">\n<div id=\"elementor-tab-content-1949\" class=\"elementor-tab-content elementor-clearfix elementor-active\" role=\"tabpanel\" data-tab=\"9\" aria-labelledby=\"elementor-tab-title-1949\">\n<p>E-mail:portifoliosp@gmail.com<\/p>\n<div id=\"attachment_143\" class=\"wp-caption alignnone\">\n<div id=\"attachment_143\" class=\"wp-caption alignnone\">\n<p id=\"caption-attachment-143\" class=\"wp-caption-text\"><a href=\"http:\/\/portfolio-pronto.com\/\">Portf\u00f3lio<\/a>\u00a0em Word, respondido, completo e j\u00e1 nas normas<\/p>\n<\/div>\n<\/div>\n<\/div>\n<\/div>\n","protected":false},"excerpt":{"rendered":"<div class=\"product-short-description\">\n<p><strong>Pague pelo PIX ou cart\u00e3o e fa\u00e7a o download agora mesmo.<\/strong><\/p>\n<\/div>\n<div class=\"sticky-add-to-cart-wrapper\">\n<div class=\"sticky-add-to-cart\">\n<p class=\"quantity buttons_added form-flat\"><img decoding=\"async\" class=\"lazyloaded smush-image-5 smush-image-3 smush-image-4 smush-detected-img smush-image-bigger-3\" src=\"https:\/\/d26lpennugtm8s.cloudfront.net\/assets\/common\/img\/logos\/payment\/visa@2x.png\" width=\"46\" height=\"29\" data-src=\"https:\/\/d26lpennugtm8s.cloudfront.net\/assets\/common\/img\/logos\/payment\/visa@2x.png\" \/><img decoding=\"async\" class=\"lazyloaded smush-image-6 smush-image-4 smush-image-5 smush-detected-img smush-image-bigger-4\" src=\"https:\/\/d26lpennugtm8s.cloudfront.net\/assets\/common\/img\/logos\/payment\/boleto@2x.png\" width=\"43\" height=\"27\" data-src=\"https:\/\/d26lpennugtm8s.cloudfront.net\/assets\/common\/img\/logos\/payment\/boleto@2x.png\" \/><img loading=\"lazy\" decoding=\"async\" class=\"lazyloaded smush-image-7 smush-image-5 smush-image-6 smush-detected-img smush-image-bigger-5\" src=\"https:\/\/d26lpennugtm8s.cloudfront.net\/assets\/common\/img\/logos\/payment\/mastercard@2x.png\" width=\"43\" height=\"27\" data-src=\"https:\/\/d26lpennugtm8s.cloudfront.net\/assets\/common\/img\/logos\/payment\/mastercard@2x.png\" \/><img loading=\"lazy\" decoding=\"async\" class=\"lazyloaded smush-image-8 smush-image-6 smush-image-7 smush-detected-img smush-image-bigger-6\" src=\"https:\/\/d26lpennugtm8s.cloudfront.net\/assets\/common\/img\/logos\/payment\/amex@2x.png\" width=\"43\" height=\"27\" data-src=\"https:\/\/d26lpennugtm8s.cloudfront.net\/assets\/common\/img\/logos\/payment\/amex@2x.png\" \/><img loading=\"lazy\" decoding=\"async\" class=\"lazyloaded smush-image-9 smush-image-7 smush-image-8 smush-detected-img smush-image-bigger-7\" src=\"https:\/\/d26lpennugtm8s.cloudfront.net\/assets\/common\/img\/logos\/payment\/diners@2x.png\" width=\"46\" height=\"29\" data-src=\"https:\/\/d26lpennugtm8s.cloudfront.net\/assets\/common\/img\/logos\/payment\/diners@2x.png\" \/><img loading=\"lazy\" decoding=\"async\" class=\"lazyloaded smush-image-10 smush-image-8 smush-image-9 alignnone smush-detected-img smush-image-bigger-8\" src=\"https:\/\/d26lpennugtm8s.cloudfront.net\/assets\/common\/img\/logos\/payment\/br\/elo@2x.png\" alt=\"portf\u00f3lio unopar anhanguera\" width=\"45\" height=\"28\" data-src=\"https:\/\/d26lpennugtm8s.cloudfront.net\/assets\/common\/img\/logos\/payment\/br\/elo@2x.png\" \/><img loading=\"lazy\" decoding=\"async\" class=\"lazyloaded smush-image-11 smush-image-9 smush-image-10 alignnone smush-detected-img smush-image-bigger-9\" src=\"https:\/\/d26lpennugtm8s.cloudfront.net\/assets\/common\/img\/logos\/payment\/br\/hipercard@2x.png\" alt=\"portf\u00f3lio unopar anhanguera\" width=\"44\" height=\"28\" data-src=\"https:\/\/d26lpennugtm8s.cloudfront.net\/assets\/common\/img\/logos\/payment\/br\/hipercard@2x.png\" \/><img loading=\"lazy\" decoding=\"async\" class=\"lazyloaded smush-image-12 smush-image-10 smush-image-11 alignnone smush-detected-img smush-image-bigger-10\" src=\"https:\/\/d26lpennugtm8s.cloudfront.net\/assets\/common\/img\/logos\/payment\/mercadopago@2x.png\" alt=\"portf\u00f3lio unopar anhanguera\" width=\"45\" height=\"28\" data-src=\"https:\/\/d26lpennugtm8s.cloudfront.net\/assets\/common\/img\/logos\/payment\/mercadopago@2x.png\" \/><img loading=\"lazy\" decoding=\"async\" class=\"alignnone lazyloaded smush-detected-img smush-image-bigger-11\" src=\"https:\/\/futurium.com.br\/wp-content\/uploads\/2021\/06\/logo-pix-icone-512.png\" alt=\"portfolio pronto\" width=\"30\" height=\"30\" data-src=\"https:\/\/futurium.com.br\/wp-content\/uploads\/2021\/06\/logo-pix-icone-512.png\" \/><\/p>\n<\/div>\n<\/div>\n","protected":false},"featured_media":46701,"template":"","meta":{"_seopress_robots_primary_cat":"","_seopress_titles_title":"","_seopress_titles_desc":"","_seopress_robots_index":""},"product_cat":[15],"product_tag":[],"class_list":{"0":"post-46699","1":"product","2":"type-product","3":"status-publish","4":"has-post-thumbnail","6":"product_cat-uncategorized","8":"first","9":"instock","10":"shipping-taxable","11":"purchasable","12":"product-type-simple","13":"col-xs-6 col-sm-4","14":"col-mf-5","15":"un-5-cols"},"jetpack_sharing_enabled":true,"_links":{"self":[{"href":"https:\/\/portifolioos-prontos.com\/index.php\/wp-json\/wp\/v2\/product\/46699","targetHints":{"allow":["GET"]}}],"collection":[{"href":"https:\/\/portifolioos-prontos.com\/index.php\/wp-json\/wp\/v2\/product"}],"about":[{"href":"https:\/\/portifolioos-prontos.com\/index.php\/wp-json\/wp\/v2\/types\/product"}],"version-history":[{"count":1,"href":"https:\/\/portifolioos-prontos.com\/index.php\/wp-json\/wp\/v2\/product\/46699\/revisions"}],"predecessor-version":[{"id":46702,"href":"https:\/\/portifolioos-prontos.com\/index.php\/wp-json\/wp\/v2\/product\/46699\/revisions\/46702"}],"wp:featuredmedia":[{"embeddable":true,"href":"https:\/\/portifolioos-prontos.com\/index.php\/wp-json\/wp\/v2\/media\/46701"}],"wp:attachment":[{"href":"https:\/\/portifolioos-prontos.com\/index.php\/wp-json\/wp\/v2\/media?parent=46699"}],"wp:term":[{"taxonomy":"product_cat","embeddable":true,"href":"https:\/\/portifolioos-prontos.com\/index.php\/wp-json\/wp\/v2\/product_cat?post=46699"},{"taxonomy":"product_tag","embeddable":true,"href":"https:\/\/portifolioos-prontos.com\/index.php\/wp-json\/wp\/v2\/product_tag?post=46699"}],"curies":[{"name":"wp","href":"https:\/\/api.w.org\/{rel}","templated":true}]}}