{"id":46712,"date":"2025-10-22T19:02:02","date_gmt":"2025-10-22T22:02:02","guid":{"rendered":"https:\/\/portifolioos-prontos.com\/?post_type=product&#038;p=46712"},"modified":"2025-10-22T19:02:02","modified_gmt":"2025-10-22T22:02:02","slug":"aula-pratica-semiotica","status":"publish","type":"product","link":"https:\/\/portifolioos-prontos.com\/index.php\/product\/aula-pratica-semiotica\/","title":{"rendered":"Aula pr\u00e1tica Semi\u00f3tica"},"content":{"rendered":"<p><strong>Aula pr\u00e1tica Semi\u00f3tica<\/strong><\/p>\n<p>ROTEIRO DE AULA PR\u00c1TICA<br \/>\nNOME DA DISCIPLINA: Semi\u00f3tica<br \/>\nUnidade: U3_SEMI\u00d3TICA_VISUAL<br \/>\nAula: A3_PRINC\u00cdPIOS_DE_SEMI\u00d3TICA_PL\u00c1STICA<br \/>\nOBJETIVOS<br \/>\nDefini\u00e7\u00e3o dos objetivos da aula pr\u00e1tica:<br \/>\n\u2013 refletir sobre o conceito de \u201cvisualidade\u201d;<br \/>\n\u2013 explorar as estrat\u00e9gias de leitura semi\u00f3tica de textos visuais; e<br \/>\n\u2013 identificar os sentidos dos componentes pl\u00e1sticos dos textos.<br \/>\nSOLU\u00c7\u00c3O DIGITAL:<br \/>\nComputador com acesso \u00e0 internet e ao ambiente virtual.<br \/>\nPROCEDIMENTOS PR\u00c1TICOS E APLICA\u00c7\u00d5ES<br \/>\nProcedimento\/Atividade n\u00ba 1<br \/>\nInserir o nome do experimento: AN\u00c1LISE SEMI\u00d3TICA DE IMAGENS<br \/>\nAtividade proposta: An\u00e1lise semi\u00f3tica de fotografias e pinturas, com \u00eanfase nas categorias<br \/>\npl\u00e1sticas (crom\u00e1ticas, eid\u00e9ticas e topol\u00f3gicas).<br \/>\nProcedimentos para a realiza\u00e7\u00e3o da atividade:<br \/>\n1) Reflita sobre o conceito de \u201cvisualidade\u201d e sobre como ela pode ser percebida nos textos<br \/>\nimag\u00e9ticos. O conceito assimilado poder\u00e1 ser confrontado com outros decorrentes de pesquisas<br \/>\nna internet.<br \/>\n2) Em seguida, selecione um texto visual, como uma pintura ou uma fotografia, por meio de<br \/>\nbuscas em sites da internet. O ideal \u00e9 que a imagem selecionada contenha um t\u00edtulo facilmente<br \/>\nidentific\u00e1vel.<br \/>\n3) Com sua pintura ou sua fotografia selecionada, observe o texto, registrando anota\u00e7\u00f5es<br \/>\ndecorrentes de suas impress\u00f5es. \u00c9 importante que se tente, na medida do poss\u00edvel, estabelecer<br \/>\nP\u00fablico3<br \/>\nrela\u00e7\u00f5es entre o plano de express\u00e3o (a imagem em si) e o plano de conte\u00fado da pintura ou da<br \/>\nfotografia (o que pode ser evocado pelo t\u00edtulo).<br \/>\n4) Ap\u00f3s essa an\u00e1lise introdut\u00f3ria, construa um quadro, em que sejam relacionados aspectos<br \/>\nrelativos aos sentidos decorrentes das cores, das formas e do arranjo espacial da pintura ou da<br \/>\nfotografia, ou seja, uma an\u00e1lise das categorias pl\u00e1sticas (crom\u00e1ticas, eid\u00e9ticas e topol\u00f3gicas).<br \/>\n5) Ap\u00f3s a conclus\u00e3o, o material dever\u00e1 ser postado no AVA, para a avalia\u00e7\u00e3o do resultado,<br \/>\ncontendo:<br \/>\na) o texto visual selecionado (pintura ou fotografia, com seu respectivo t\u00edtulo);<br \/>\nb) o quadro decorrente da an\u00e1lise da pintura ou da fotografia selecionada, contemplando<br \/>\naspectos visuais referentes \u00e0s categorias pl\u00e1sticas (crom\u00e1ticas, eid\u00e9ticas e topol\u00f3gicas).<br \/>\nAvaliando os resultados:<br \/>\nConsiderando a atividade realizada e seus conhecimentos, responda:<br \/>\n1) O que \u00e9 visualidade para a Semi\u00f3tica?<br \/>\n2) A imagem selecionada possui elementos como cores, formas e posi\u00e7\u00f5es diferentes? D\u00ea mais<br \/>\ndetalhes.<br \/>\n3) Como o plano de express\u00e3o e o plano de conte\u00fado se materializam na imagem escolhida?<br \/>\n4) Como a an\u00e1lise das categorias pl\u00e1sticas se manifestam na imagem?<br \/>\nCategoria An\u00e1lise<br \/>\nCrom\u00e1tica<br \/>\nEid\u00e9tica<br \/>\nTopol\u00f3gica<br \/>\nChecklist:<br \/>\n\u2022 Reflex\u00e3o sobre o conceito de \u201cvisualidade\u201d.<br \/>\n\u2022 Sele\u00e7\u00e3o de texto visual (pintura ou fotografia, com seu respectivo t\u00edtulo).<br \/>\n\u2022 An\u00e1lise do texto selecionado, com base nas categorias pl\u00e1sticas.<br \/>\n\u2022 Registro da s\u00edntese anal\u00edtica, com a inser\u00e7\u00e3o das informa\u00e7\u00f5es em um quadro.<br \/>\nRESULTADOS<br \/>\nResultado da atividade:<br \/>\nEnvio de um arquivo word, contendo:<br \/>\nP\u00fablico4<br \/>\na) o texto visual selecionado (pintura ou fotografia, com seu respectivo t\u00edtulo).<br \/>\nb) O quadro decorrente da an\u00e1lise da pintura ou da fotografia selecionada, contemplando<br \/>\naspectos visuais referentes \u00e0s categorias pl\u00e1sticas (crom\u00e1ticas, eid\u00e9ticas e topol\u00f3gicas).<br \/>\nResultados de Aprendizagem:<br \/>\nComo resultados dessa pr\u00e1tica ser\u00e1 poss\u00edvel desenvolver compet\u00eancias semi\u00f3ticas de an\u00e1lise de<br \/>\nimagens, considerando os aspectos que fazem com que o sentido dela seja materializado. Essas<br \/>\nestrat\u00e9gias s\u00e3o essenciais para o fotogr\u00e1fo e para sua percep\u00e7\u00e3o sobre efeitos de sentido que<br \/>\npoder\u00e1 propiciar por meio de suas escolhas e t\u00e9cnicas.<\/p>\n<p>Aula pr\u00e1tica Semi\u00f3tica<\/p>\n<div class=\"elementor-toggle-item\">\n<p id=\"elementor-tab-title-1941\" class=\"elementor-tab-title elementor-active\" tabindex=\"0\" role=\"tab\" data-tab=\"1\" aria-controls=\"elementor-tab-content-1941\" aria-expanded=\"true\" aria-selected=\"true\"><strong>Como funciona?<\/strong><\/p>\n<p>Elaboramos os portf\u00f3lios, j\u00e1 deixamos prontos, nas normas da ABNT e conforme os requisitos da universidade. F\u00e1cil assim! O MELHOR \u00c9 QUE VOC\u00ca COMPRA E J\u00c1 BAIXA NA HORA O SEU ARQUIVO EM WORD! Sabemos que conciliar trabalho, fam\u00edlia, vida profissional e estudos \u00e9 dif\u00edcil hoje em dia, por isso, estamos aqui para ajudar voc\u00ea. Conte com nossa qualidade, experi\u00eancia e profissionalismo adquirindo seu portf\u00f3lio conosco. GARANTIMOS SEU CONCEITO!<\/p>\n<p><strong>Como se realizam os envios?<\/strong><\/p>\n<\/div>\n<p id=\"elementor-tab-content-1942\" class=\"elementor-tab-content elementor-clearfix elementor-active\" role=\"tabpanel\" data-tab=\"2\" aria-labelledby=\"elementor-tab-title-1942\">O seu trabalho \u00e9 disponibilizado pronto, respondido e nas normas j\u00e1 na mesma hora aqui em nosso site na sua \u00e1rea de downloads e tamb\u00e9m no seu e-mail.<\/p>\n<p><strong>Em quanto tempo recebo o portf\u00f3lio?<\/strong><\/p>\n<p>Os envios s\u00e3o imediatos. Ap\u00f3s sua compra, o trabalho j\u00e1 \u00e9 disponibilizado instantaneamente aqui em nosso site e no seu e-mail.<\/p>\n<p><strong>E se o portf\u00f3lio que comprei precisar de corre\u00e7\u00e3o?<\/strong><\/p>\n<p>Caso haja alguma solicita\u00e7\u00e3o de corre\u00e7\u00e3o\/altera\u00e7\u00e3o por parte do tutor, basta entrar em contato conosco pelo\u00a0WhatsApp\u00a0que provid\u00eanciaremos sem custo algum.<\/p>\n<p><strong>Qual o formato do arquivo?<\/strong><\/p>\n<p>Os arquivos s\u00e3o enviados em formato Word e s\u00e3o edit\u00e1veis.<\/p>\n<p><strong>Caso eu tiver alguma d\u00favida, terei suporte no p\u00f3s venda?<\/strong><\/p>\n<p>Sim, com certeza. Basta clicar no \u00edcone do WhatsApp no cantinho da tela. Ser\u00e1 um prazer atend\u00ea-lo(a).<\/p>\n<div id=\"elementor-tab-content-1948\" class=\"elementor-tab-content elementor-clearfix elementor-active\" role=\"tabpanel\" data-tab=\"8\" aria-labelledby=\"elementor-tab-title-1948\">\n<p><strong>Quais os seus canais de contato?<\/strong><\/p>\n<\/div>\n<div id=\"elementor-tab-content-1949\" class=\"elementor-tab-content elementor-clearfix elementor-active\" role=\"tabpanel\" data-tab=\"9\" aria-labelledby=\"elementor-tab-title-1949\">\n<p>Whatsapp: 53 984751621 \u2013 Clicar no canto da tela ou ESCANEIE O QRCODE ABAIXO<\/p>\n<h4><img decoding=\"async\" class=\"alignnone wp-image-13699 jetpack-lazy-image jetpack-lazy-image--handled\" src=\"https:\/\/i0.wp.com\/portifolioos-prontos.com\/wp-content\/uploads\/2023\/02\/whatsapp-business-projeto-de-extensao-300x300.jpeg?resize=144%2C144\" sizes=\"(max-width: 144px) 100vw, 144px\" srcset=\"https:\/\/i0.wp.com\/portifolioos-prontos.com\/wp-content\/uploads\/2023\/02\/whatsapp-business-projeto-de-extensao.jpeg?resize=300%2C301&amp;ssl=1 300w, https:\/\/i0.wp.com\/portifolioos-prontos.com\/wp-content\/uploads\/2023\/02\/whatsapp-business-projeto-de-extensao.jpeg?resize=150%2C150&amp;ssl=1 150w, https:\/\/i0.wp.com\/portifolioos-prontos.com\/wp-content\/uploads\/2023\/02\/whatsapp-business-projeto-de-extensao.jpeg?resize=370%2C372&amp;ssl=1 370w, https:\/\/i0.wp.com\/portifolioos-prontos.com\/wp-content\/uploads\/2023\/02\/whatsapp-business-projeto-de-extensao.jpeg?resize=100%2C100&amp;ssl=1 100w, https:\/\/i0.wp.com\/portifolioos-prontos.com\/wp-content\/uploads\/2023\/02\/whatsapp-business-projeto-de-extensao.jpeg?w=470&amp;ssl=1 470w\" alt=\"projeto de extens\u00e3o unopar\" width=\"144\" height=\"144\" data-lazy-loaded=\"1\" \/><\/h4>\n<\/div>\n<div class=\"elementor-toggle-item\">\n<div id=\"elementor-tab-content-1949\" class=\"elementor-tab-content elementor-clearfix elementor-active\" role=\"tabpanel\" data-tab=\"9\" aria-labelledby=\"elementor-tab-title-1949\">\n<p>E-mail:portifoliosp@gmail.com<\/p>\n<div id=\"attachment_143\" class=\"wp-caption alignnone\">\n<div id=\"attachment_143\" class=\"wp-caption alignnone\">\n<p id=\"caption-attachment-143\" class=\"wp-caption-text\"><a href=\"http:\/\/portfolio-pronto.com\/\">Portf\u00f3lio<\/a>\u00a0em Word, respondido, completo e j\u00e1 nas normas<\/p>\n<\/div>\n<\/div>\n<\/div>\n<\/div>\n","protected":false},"excerpt":{"rendered":"<div class=\"product-short-description\">\n<p><strong>Pague pelo PIX ou cart\u00e3o e fa\u00e7a o download agora mesmo.<\/strong><\/p>\n<\/div>\n<div class=\"sticky-add-to-cart-wrapper\">\n<div class=\"sticky-add-to-cart\">\n<p class=\"quantity buttons_added form-flat\"><img decoding=\"async\" class=\"lazyloaded smush-image-5 smush-image-3 smush-image-4 smush-detected-img smush-image-bigger-3\" src=\"https:\/\/d26lpennugtm8s.cloudfront.net\/assets\/common\/img\/logos\/payment\/visa@2x.png\" width=\"46\" height=\"29\" data-src=\"https:\/\/d26lpennugtm8s.cloudfront.net\/assets\/common\/img\/logos\/payment\/visa@2x.png\" \/><img decoding=\"async\" class=\"lazyloaded smush-image-6 smush-image-4 smush-image-5 smush-detected-img smush-image-bigger-4\" src=\"https:\/\/d26lpennugtm8s.cloudfront.net\/assets\/common\/img\/logos\/payment\/boleto@2x.png\" width=\"43\" height=\"27\" data-src=\"https:\/\/d26lpennugtm8s.cloudfront.net\/assets\/common\/img\/logos\/payment\/boleto@2x.png\" \/><img loading=\"lazy\" decoding=\"async\" class=\"lazyloaded smush-image-7 smush-image-5 smush-image-6 smush-detected-img smush-image-bigger-5\" src=\"https:\/\/d26lpennugtm8s.cloudfront.net\/assets\/common\/img\/logos\/payment\/mastercard@2x.png\" width=\"43\" height=\"27\" data-src=\"https:\/\/d26lpennugtm8s.cloudfront.net\/assets\/common\/img\/logos\/payment\/mastercard@2x.png\" \/><img loading=\"lazy\" decoding=\"async\" class=\"lazyloaded smush-image-8 smush-image-6 smush-image-7 smush-detected-img smush-image-bigger-6\" src=\"https:\/\/d26lpennugtm8s.cloudfront.net\/assets\/common\/img\/logos\/payment\/amex@2x.png\" width=\"43\" height=\"27\" data-src=\"https:\/\/d26lpennugtm8s.cloudfront.net\/assets\/common\/img\/logos\/payment\/amex@2x.png\" \/><img loading=\"lazy\" decoding=\"async\" class=\"lazyloaded smush-image-9 smush-image-7 smush-image-8 smush-detected-img smush-image-bigger-7\" src=\"https:\/\/d26lpennugtm8s.cloudfront.net\/assets\/common\/img\/logos\/payment\/diners@2x.png\" width=\"46\" height=\"29\" data-src=\"https:\/\/d26lpennugtm8s.cloudfront.net\/assets\/common\/img\/logos\/payment\/diners@2x.png\" \/><img loading=\"lazy\" decoding=\"async\" class=\"lazyloaded smush-image-10 smush-image-8 smush-image-9 alignnone smush-detected-img smush-image-bigger-8\" src=\"https:\/\/d26lpennugtm8s.cloudfront.net\/assets\/common\/img\/logos\/payment\/br\/elo@2x.png\" alt=\"portf\u00f3lio unopar anhanguera\" width=\"45\" height=\"28\" data-src=\"https:\/\/d26lpennugtm8s.cloudfront.net\/assets\/common\/img\/logos\/payment\/br\/elo@2x.png\" \/><img loading=\"lazy\" decoding=\"async\" class=\"lazyloaded smush-image-11 smush-image-9 smush-image-10 alignnone smush-detected-img smush-image-bigger-9\" src=\"https:\/\/d26lpennugtm8s.cloudfront.net\/assets\/common\/img\/logos\/payment\/br\/hipercard@2x.png\" alt=\"portf\u00f3lio unopar anhanguera\" width=\"44\" height=\"28\" data-src=\"https:\/\/d26lpennugtm8s.cloudfront.net\/assets\/common\/img\/logos\/payment\/br\/hipercard@2x.png\" \/><img loading=\"lazy\" decoding=\"async\" class=\"lazyloaded smush-image-12 smush-image-10 smush-image-11 alignnone smush-detected-img smush-image-bigger-10\" src=\"https:\/\/d26lpennugtm8s.cloudfront.net\/assets\/common\/img\/logos\/payment\/mercadopago@2x.png\" alt=\"portf\u00f3lio unopar anhanguera\" width=\"45\" height=\"28\" data-src=\"https:\/\/d26lpennugtm8s.cloudfront.net\/assets\/common\/img\/logos\/payment\/mercadopago@2x.png\" \/><img loading=\"lazy\" decoding=\"async\" class=\"alignnone lazyloaded smush-detected-img smush-image-bigger-11\" src=\"https:\/\/futurium.com.br\/wp-content\/uploads\/2021\/06\/logo-pix-icone-512.png\" alt=\"portfolio pronto\" width=\"30\" height=\"30\" data-src=\"https:\/\/futurium.com.br\/wp-content\/uploads\/2021\/06\/logo-pix-icone-512.png\" \/><\/p>\n<\/div>\n<\/div>\n","protected":false},"featured_media":46713,"template":"","meta":{"_seopress_robots_primary_cat":"","_seopress_titles_title":"","_seopress_titles_desc":"","_seopress_robots_index":""},"product_cat":[15],"product_tag":[],"class_list":{"0":"post-46712","1":"product","2":"type-product","3":"status-publish","4":"has-post-thumbnail","6":"product_cat-uncategorized","8":"first","9":"instock","10":"shipping-taxable","11":"purchasable","12":"product-type-simple","13":"col-xs-6 col-sm-4","14":"col-mf-5","15":"un-5-cols"},"jetpack_sharing_enabled":true,"_links":{"self":[{"href":"https:\/\/portifolioos-prontos.com\/index.php\/wp-json\/wp\/v2\/product\/46712","targetHints":{"allow":["GET"]}}],"collection":[{"href":"https:\/\/portifolioos-prontos.com\/index.php\/wp-json\/wp\/v2\/product"}],"about":[{"href":"https:\/\/portifolioos-prontos.com\/index.php\/wp-json\/wp\/v2\/types\/product"}],"version-history":[{"count":1,"href":"https:\/\/portifolioos-prontos.com\/index.php\/wp-json\/wp\/v2\/product\/46712\/revisions"}],"predecessor-version":[{"id":46714,"href":"https:\/\/portifolioos-prontos.com\/index.php\/wp-json\/wp\/v2\/product\/46712\/revisions\/46714"}],"wp:featuredmedia":[{"embeddable":true,"href":"https:\/\/portifolioos-prontos.com\/index.php\/wp-json\/wp\/v2\/media\/46713"}],"wp:attachment":[{"href":"https:\/\/portifolioos-prontos.com\/index.php\/wp-json\/wp\/v2\/media?parent=46712"}],"wp:term":[{"taxonomy":"product_cat","embeddable":true,"href":"https:\/\/portifolioos-prontos.com\/index.php\/wp-json\/wp\/v2\/product_cat?post=46712"},{"taxonomy":"product_tag","embeddable":true,"href":"https:\/\/portifolioos-prontos.com\/index.php\/wp-json\/wp\/v2\/product_tag?post=46712"}],"curies":[{"name":"wp","href":"https:\/\/api.w.org\/{rel}","templated":true}]}}