{"id":46718,"date":"2025-10-22T19:20:27","date_gmt":"2025-10-22T22:20:27","guid":{"rendered":"https:\/\/portifolioos-prontos.com\/?post_type=product&#038;p=46718"},"modified":"2025-10-22T19:20:27","modified_gmt":"2025-10-22T22:20:27","slug":"aula-pratica-arquitetura-de-dados-3-atividades-techwave-solutions","status":"publish","type":"product","link":"https:\/\/portifolioos-prontos.com\/index.php\/product\/aula-pratica-arquitetura-de-dados-3-atividades-techwave-solutions\/","title":{"rendered":"Aula Pr\u00e1tica Arquitetura de Dados &#8211; 3 atividades &#8211; &#8220;TechWave Solutions&#8221;"},"content":{"rendered":"<p>ARQUITETURA DE DADOS<br \/>\nRoteiro<br \/>\nAula Pr\u00e1tica<br \/>\nP\u00fablico2<br \/>\nROTEIRO DE AULA PR\u00c1TICA<br \/>\nNOME DA DISCIPLINA: ARQUITETURA DE DADOS<br \/>\nUnidade: 2 \u2013 Modelos de Padr\u00f5es de Arquitetura de Dados<br \/>\nAula: 2 \u2013 Modelagem de Dados<br \/>\nOBJETIVOS<br \/>\nAplicar conceitos de modelagem de dados para criar modelos l\u00f3gicos corporativos, de \u00e1reas de<br \/>\ninteresse e de reposit\u00f3rios.<br \/>\nSOLU\u00c7\u00c3O DIGITAL<br \/>\nNSA.<br \/>\nPROCEDIMENTO\/ATIVIDADE<br \/>\nAplicar conceitos de modelagem de dados para criar modelos l\u00f3gicos corporativos, de \u00e1reas de<br \/>\ninteresse e de reposit\u00f3rios. Utilizando dados fict\u00edcios, os alunos desenvolver\u00e3o diagramas ER<br \/>\n(Entidade-Relacionamento).<br \/>\nPROCEDIMENTOS PARA A REALIZA\u00c7\u00c3O DA ATIVIDADE:<br \/>\nVoc\u00ea foi contratado como consultor de dados para uma empresa de tecnologia fict\u00edcia chamada<br \/>\n&#8220;TechWave Solutions&#8221;. A empresa est\u00e1 expandindo suas opera\u00e7\u00f5es e precisa de um sistema de<br \/>\ninforma\u00e7\u00e3o robusto para gerenciar seus dados. Sua tarefa \u00e9 ajudar a modelar os dados da empresa,<br \/>\nlevando em considera\u00e7\u00e3o os conceitos de modelos l\u00f3gicos corporativos, modelos de \u00e1rea de<br \/>\ninteresse, e modelos l\u00f3gicos dos reposit\u00f3rios.<br \/>\nAtividade 1: Modelos L\u00f3gicos Corporativos<br \/>\n1) Identifique as principais entidades que devem fazer parte do modelo l\u00f3gico corporativo da<br \/>\nTechWave Solutions. Considere os departamentos e fun\u00e7\u00f5es essenciais da empresa, como<br \/>\nVendas, Suporte ao Cliente, Marketing, e Desenvolvimento de Produtos.<br \/>\n2) Defina os atributos para cada uma dessas entidades.<br \/>\n3) Identifique os relacionamentos entre essas entidades. Por exemplo, como o departamento<br \/>\nde Suporte ao Cliente se relaciona com os dados de Vendas?<br \/>\n4) Crie um Modelo Entidade-Relacionamento (MER) que represente a estrutura de dados da<br \/>\nTechWave Solutions. Certifique-se de que o MER inclua entidades, atributos, e<br \/>\nrelacionamentos identificados.<br \/>\n5) Explique como o modelo garante a coer\u00eancia e a integridade dos dados corporativos.<br \/>\nP\u00fablico3<br \/>\nAtividade 2: Modelos da \u00c1rea de Interesse<br \/>\n1) Com base no MER desenvolvido, identifique e mapeie as \u00e1reas de interesse principais da<br \/>\nempresa, como Vendas, Marketing, Desenvolvimento e Finan\u00e7as.<br \/>\n2) Crie um diagrama de \u00e1reas de interesse, mostrando como essas \u00e1reas interagem entre si.<br \/>\nDestaque as depend\u00eancias e trocas de informa\u00e7\u00f5es entre as \u00e1reas.<br \/>\n3) Analise como mudan\u00e7as em uma \u00e1rea de interesse, como uma atualiza\u00e7\u00e3o no sistema de<br \/>\nMarketing, pode impactar outras \u00e1reas como Vendas e Suporte ao Cliente.<br \/>\n4) Discuta a import\u00e2ncia da coordena\u00e7\u00e3o entre as \u00e1reas de interesse para manter a efici\u00eancia<br \/>\ne a efic\u00e1cia da empresa.<br \/>\nAtividade 3: Modelos L\u00f3gicos dos Reposit\u00f3rios<br \/>\n1) Com base nas necessidades da empresa, escolha o(s) tipo(s) de reposit\u00f3rio(s) de dados<br \/>\nque a TechWave Solutions deve usar (ex: Data Warehouse, Data Mart, Datalake, etc.).<br \/>\n2) Justifique sua escolha considerando o tipo de dados que a empresa gerencia e como eles<br \/>\nser\u00e3o usados.<br \/>\n3) Desenvolva um modelo l\u00f3gico para o reposit\u00f3rio de dados escolhido. Mapeie as entidades<br \/>\ne relacionamentos do MER para tabelas e colunas.<br \/>\n4) Inclua regras de integridade e relacionamentos chave-estrangeira para garantir que os<br \/>\ndados sejam armazenados de forma organizada e acess\u00edvel.<br \/>\nCHECKLIST:<br \/>\n1) Verifique as entidades e relacionamento.<br \/>\n2) Confirme se os diagramas est\u00e3o de acordo com os relacionamentos.<br \/>\n3) Justifique cada parte para \u201cdefender\u201d suas escolhas de modelo de reposit\u00f3rio.<br \/>\nRESULTADOS<br \/>\nEntregar um relat\u00f3rio descrevendo o passo a passo e as justificativas de cada etapa.<br \/>\nRESULTADOS DE APRENDIZAGEM:<br \/>\nSer capaz de desenvolver e aplicar modelos l\u00f3gicos corporativos, de \u00e1rea de interesse e de<br \/>\nreposit\u00f3rios de dados, utilizando conceitos de modelagem de dados para criar estruturas que<br \/>\nsuportem a gest\u00e3o eficiente e integrada das informa\u00e7\u00f5es organizacionais.<\/p>\n<div class=\"elementor-toggle-item\">\n<p id=\"elementor-tab-title-1941\" class=\"elementor-tab-title elementor-active\" tabindex=\"0\" role=\"tab\" data-tab=\"1\" aria-controls=\"elementor-tab-content-1941\" aria-expanded=\"true\" aria-selected=\"true\"><strong>Como funciona?<\/strong><\/p>\n<p>Elaboramos os portf\u00f3lios, j\u00e1 deixamos prontos, nas normas da ABNT e conforme os requisitos da universidade. F\u00e1cil assim! O MELHOR \u00c9 QUE VOC\u00ca COMPRA E J\u00c1 BAIXA NA HORA O SEU ARQUIVO EM WORD! Sabemos que conciliar trabalho, fam\u00edlia, vida profissional e estudos \u00e9 dif\u00edcil hoje em dia, por isso, estamos aqui para ajudar voc\u00ea. Conte com nossa qualidade, experi\u00eancia e profissionalismo adquirindo seu portf\u00f3lio conosco. GARANTIMOS SEU CONCEITO!<\/p>\n<p><strong>Como se realizam os envios?<\/strong><\/p>\n<\/div>\n<p id=\"elementor-tab-content-1942\" class=\"elementor-tab-content elementor-clearfix elementor-active\" role=\"tabpanel\" data-tab=\"2\" aria-labelledby=\"elementor-tab-title-1942\">O seu trabalho \u00e9 disponibilizado pronto, respondido e nas normas j\u00e1 na mesma hora aqui em nosso site na sua \u00e1rea de downloads e tamb\u00e9m no seu e-mail.<\/p>\n<p><strong>Em quanto tempo recebo o portf\u00f3lio?<\/strong><\/p>\n<p>Os envios s\u00e3o imediatos. Ap\u00f3s sua compra, o trabalho j\u00e1 \u00e9 disponibilizado instantaneamente aqui em nosso site e no seu e-mail.<\/p>\n<p><strong>E se o portf\u00f3lio que comprei precisar de corre\u00e7\u00e3o?<\/strong><\/p>\n<p>Caso haja alguma solicita\u00e7\u00e3o de corre\u00e7\u00e3o\/altera\u00e7\u00e3o por parte do tutor, basta entrar em contato conosco pelo\u00a0WhatsApp\u00a0que provid\u00eanciaremos sem custo algum.<\/p>\n<p><strong>Qual o formato do arquivo?<\/strong><\/p>\n<p>Os arquivos s\u00e3o enviados em formato Word e s\u00e3o edit\u00e1veis.<\/p>\n<p><strong>Caso eu tiver alguma d\u00favida, terei suporte no p\u00f3s venda?<\/strong><\/p>\n<p>Sim, com certeza. Basta clicar no \u00edcone do WhatsApp no cantinho da tela. Ser\u00e1 um prazer atend\u00ea-lo(a).<\/p>\n<div id=\"elementor-tab-content-1948\" class=\"elementor-tab-content elementor-clearfix elementor-active\" role=\"tabpanel\" data-tab=\"8\" aria-labelledby=\"elementor-tab-title-1948\">\n<p><strong>Quais os seus canais de contato?<\/strong><\/p>\n<\/div>\n<div id=\"elementor-tab-content-1949\" class=\"elementor-tab-content elementor-clearfix elementor-active\" role=\"tabpanel\" data-tab=\"9\" aria-labelledby=\"elementor-tab-title-1949\">\n<p>Whatsapp: 53 984751621 \u2013 Clicar no canto da tela ou ESCANEIE O QRCODE ABAIXO<\/p>\n<h4><img decoding=\"async\" class=\"alignnone wp-image-13699 jetpack-lazy-image jetpack-lazy-image--handled\" src=\"https:\/\/i0.wp.com\/portifolioos-prontos.com\/wp-content\/uploads\/2023\/02\/whatsapp-business-projeto-de-extensao-300x300.jpeg?resize=144%2C144\" sizes=\"(max-width: 144px) 100vw, 144px\" srcset=\"https:\/\/i0.wp.com\/portifolioos-prontos.com\/wp-content\/uploads\/2023\/02\/whatsapp-business-projeto-de-extensao.jpeg?resize=300%2C301&amp;ssl=1 300w, https:\/\/i0.wp.com\/portifolioos-prontos.com\/wp-content\/uploads\/2023\/02\/whatsapp-business-projeto-de-extensao.jpeg?resize=150%2C150&amp;ssl=1 150w, https:\/\/i0.wp.com\/portifolioos-prontos.com\/wp-content\/uploads\/2023\/02\/whatsapp-business-projeto-de-extensao.jpeg?resize=370%2C372&amp;ssl=1 370w, https:\/\/i0.wp.com\/portifolioos-prontos.com\/wp-content\/uploads\/2023\/02\/whatsapp-business-projeto-de-extensao.jpeg?resize=100%2C100&amp;ssl=1 100w, https:\/\/i0.wp.com\/portifolioos-prontos.com\/wp-content\/uploads\/2023\/02\/whatsapp-business-projeto-de-extensao.jpeg?w=470&amp;ssl=1 470w\" alt=\"projeto de extens\u00e3o unopar\" width=\"144\" height=\"144\" data-lazy-loaded=\"1\" \/><\/h4>\n<\/div>\n<div class=\"elementor-toggle-item\">\n<div id=\"elementor-tab-content-1949\" class=\"elementor-tab-content elementor-clearfix elementor-active\" role=\"tabpanel\" data-tab=\"9\" aria-labelledby=\"elementor-tab-title-1949\">\n<p>E-mail:portifoliosp@gmail.com<\/p>\n<div id=\"attachment_143\" class=\"wp-caption alignnone\">\n<div id=\"attachment_143\" class=\"wp-caption alignnone\">\n<p id=\"caption-attachment-143\" class=\"wp-caption-text\"><a href=\"http:\/\/portfolio-pronto.com\/\">Portf\u00f3lio<\/a>\u00a0em Word, respondido, completo e j\u00e1 nas normas<\/p>\n<\/div>\n<\/div>\n<\/div>\n<\/div>\n","protected":false},"excerpt":{"rendered":"<div class=\"product-short-description\">\n<p><strong>Pague pelo PIX ou cart\u00e3o e fa\u00e7a o download agora mesmo.<\/strong><\/p>\n<\/div>\n<div class=\"sticky-add-to-cart-wrapper\">\n<div class=\"sticky-add-to-cart\">\n<p class=\"quantity buttons_added form-flat\"><img decoding=\"async\" class=\"lazyloaded smush-image-5 smush-image-3 smush-image-4 smush-detected-img smush-image-bigger-3\" src=\"https:\/\/d26lpennugtm8s.cloudfront.net\/assets\/common\/img\/logos\/payment\/visa@2x.png\" width=\"46\" height=\"29\" data-src=\"https:\/\/d26lpennugtm8s.cloudfront.net\/assets\/common\/img\/logos\/payment\/visa@2x.png\" \/><img decoding=\"async\" class=\"lazyloaded smush-image-6 smush-image-4 smush-image-5 smush-detected-img smush-image-bigger-4\" src=\"https:\/\/d26lpennugtm8s.cloudfront.net\/assets\/common\/img\/logos\/payment\/boleto@2x.png\" width=\"43\" height=\"27\" data-src=\"https:\/\/d26lpennugtm8s.cloudfront.net\/assets\/common\/img\/logos\/payment\/boleto@2x.png\" \/><img loading=\"lazy\" decoding=\"async\" class=\"lazyloaded smush-image-7 smush-image-5 smush-image-6 smush-detected-img smush-image-bigger-5\" src=\"https:\/\/d26lpennugtm8s.cloudfront.net\/assets\/common\/img\/logos\/payment\/mastercard@2x.png\" width=\"43\" height=\"27\" data-src=\"https:\/\/d26lpennugtm8s.cloudfront.net\/assets\/common\/img\/logos\/payment\/mastercard@2x.png\" \/><img loading=\"lazy\" decoding=\"async\" class=\"lazyloaded smush-image-8 smush-image-6 smush-image-7 smush-detected-img smush-image-bigger-6\" src=\"https:\/\/d26lpennugtm8s.cloudfront.net\/assets\/common\/img\/logos\/payment\/amex@2x.png\" width=\"43\" height=\"27\" data-src=\"https:\/\/d26lpennugtm8s.cloudfront.net\/assets\/common\/img\/logos\/payment\/amex@2x.png\" \/><img loading=\"lazy\" decoding=\"async\" class=\"lazyloaded smush-image-9 smush-image-7 smush-image-8 smush-detected-img smush-image-bigger-7\" src=\"https:\/\/d26lpennugtm8s.cloudfront.net\/assets\/common\/img\/logos\/payment\/diners@2x.png\" width=\"46\" height=\"29\" data-src=\"https:\/\/d26lpennugtm8s.cloudfront.net\/assets\/common\/img\/logos\/payment\/diners@2x.png\" \/><img loading=\"lazy\" decoding=\"async\" class=\"lazyloaded smush-image-10 smush-image-8 smush-image-9 alignnone smush-detected-img smush-image-bigger-8\" src=\"https:\/\/d26lpennugtm8s.cloudfront.net\/assets\/common\/img\/logos\/payment\/br\/elo@2x.png\" alt=\"portf\u00f3lio unopar anhanguera\" width=\"45\" height=\"28\" data-src=\"https:\/\/d26lpennugtm8s.cloudfront.net\/assets\/common\/img\/logos\/payment\/br\/elo@2x.png\" \/><img loading=\"lazy\" decoding=\"async\" class=\"lazyloaded smush-image-11 smush-image-9 smush-image-10 alignnone smush-detected-img smush-image-bigger-9\" src=\"https:\/\/d26lpennugtm8s.cloudfront.net\/assets\/common\/img\/logos\/payment\/br\/hipercard@2x.png\" alt=\"portf\u00f3lio unopar anhanguera\" width=\"44\" height=\"28\" data-src=\"https:\/\/d26lpennugtm8s.cloudfront.net\/assets\/common\/img\/logos\/payment\/br\/hipercard@2x.png\" \/><img loading=\"lazy\" decoding=\"async\" class=\"lazyloaded smush-image-12 smush-image-10 smush-image-11 alignnone smush-detected-img smush-image-bigger-10\" src=\"https:\/\/d26lpennugtm8s.cloudfront.net\/assets\/common\/img\/logos\/payment\/mercadopago@2x.png\" alt=\"portf\u00f3lio unopar anhanguera\" width=\"45\" height=\"28\" data-src=\"https:\/\/d26lpennugtm8s.cloudfront.net\/assets\/common\/img\/logos\/payment\/mercadopago@2x.png\" \/><img loading=\"lazy\" decoding=\"async\" class=\"alignnone lazyloaded smush-detected-img smush-image-bigger-11\" src=\"https:\/\/futurium.com.br\/wp-content\/uploads\/2021\/06\/logo-pix-icone-512.png\" alt=\"portfolio pronto\" width=\"30\" height=\"30\" data-src=\"https:\/\/futurium.com.br\/wp-content\/uploads\/2021\/06\/logo-pix-icone-512.png\" \/><\/p>\n<\/div>\n<\/div>\n","protected":false},"featured_media":46719,"template":"","meta":{"_seopress_robots_primary_cat":"","_seopress_titles_title":"","_seopress_titles_desc":"","_seopress_robots_index":""},"product_cat":[15],"product_tag":[],"class_list":{"0":"post-46718","1":"product","2":"type-product","3":"status-publish","4":"has-post-thumbnail","6":"product_cat-uncategorized","8":"first","9":"instock","10":"shipping-taxable","11":"purchasable","12":"product-type-simple","13":"col-xs-6 col-sm-4","14":"col-mf-5","15":"un-5-cols"},"jetpack_sharing_enabled":true,"_links":{"self":[{"href":"https:\/\/portifolioos-prontos.com\/index.php\/wp-json\/wp\/v2\/product\/46718","targetHints":{"allow":["GET"]}}],"collection":[{"href":"https:\/\/portifolioos-prontos.com\/index.php\/wp-json\/wp\/v2\/product"}],"about":[{"href":"https:\/\/portifolioos-prontos.com\/index.php\/wp-json\/wp\/v2\/types\/product"}],"version-history":[{"count":1,"href":"https:\/\/portifolioos-prontos.com\/index.php\/wp-json\/wp\/v2\/product\/46718\/revisions"}],"predecessor-version":[{"id":46720,"href":"https:\/\/portifolioos-prontos.com\/index.php\/wp-json\/wp\/v2\/product\/46718\/revisions\/46720"}],"wp:featuredmedia":[{"embeddable":true,"href":"https:\/\/portifolioos-prontos.com\/index.php\/wp-json\/wp\/v2\/media\/46719"}],"wp:attachment":[{"href":"https:\/\/portifolioos-prontos.com\/index.php\/wp-json\/wp\/v2\/media?parent=46718"}],"wp:term":[{"taxonomy":"product_cat","embeddable":true,"href":"https:\/\/portifolioos-prontos.com\/index.php\/wp-json\/wp\/v2\/product_cat?post=46718"},{"taxonomy":"product_tag","embeddable":true,"href":"https:\/\/portifolioos-prontos.com\/index.php\/wp-json\/wp\/v2\/product_tag?post=46718"}],"curies":[{"name":"wp","href":"https:\/\/api.w.org\/{rel}","templated":true}]}}