{"id":46721,"date":"2025-10-22T19:24:22","date_gmt":"2025-10-22T22:24:22","guid":{"rendered":"https:\/\/portifolioos-prontos.com\/?post_type=product&#038;p=46721"},"modified":"2025-10-30T23:18:51","modified_gmt":"2025-10-31T02:18:51","slug":"aula-pratica-moulage","status":"publish","type":"product","link":"https:\/\/portifolioos-prontos.com\/index.php\/product\/aula-pratica-moulage\/","title":{"rendered":"Aula Pr\u00e1tica Moulage"},"content":{"rendered":"<p><strong>Aula Pr\u00e1tica Moulage<\/strong><\/p>\n<p>ROTEIRO DE AULA PR\u00c1TICA<br \/>\nNOME DA DISCIPLINA: MOULAGE<br \/>\nOBJETIVOS<br \/>\nDefini\u00e7\u00e3o dos objetivos da aula pr\u00e1tica:<br \/>\n\u2022 Compreender a import\u00e2ncia das linhas base na elabora\u00e7\u00e3o de moldes de cal\u00e7a na<br \/>\nmoulage.<br \/>\n\u2022 Observar produtos de moda e identificar a rela\u00e7\u00e3o entre as propor\u00e7\u00f5es da pe\u00e7a ao vestir<br \/>\no corpo humano.<br \/>\n\u2022 Analisar de que maneiras as linhas b\u00e1sicas do corpo e as medidas utilizadas para a<br \/>\nconstru\u00e7\u00e3o de moldes s\u00e3o extra\u00eddas das formas do corpo humano.<br \/>\n\u2022 Identificar as linhas b\u00e1sicas do corpo humano em uma cal\u00e7a social para avaliar a<br \/>\ndistribui\u00e7\u00e3o dos volumes no produto de moda.<br \/>\nSOLU\u00c7\u00c3O DIGITAL: Microsoft Word ou Software de texto similar<br \/>\nPara esta atividade, ser\u00e1 necess\u00e1rio um software de edi\u00e7\u00e3o de texto para que seja feito o registro<br \/>\nda atividade e a montagem do documento para entrega da atividade pr\u00e1tica. Recomendamos o<br \/>\nuso do Microsoft Word, mas voc\u00ea poder\u00e1 utilizar outros softwares similares.<br \/>\nMATERIAIS<br \/>\n\u2022 1 CAL\u00c7A SOCIAL, de prefer\u00eancia lisa e sem estampas, feminina ou masculina, reta e<br \/>\nsem muitos detalhes.<br \/>\n\u2022 Fita m\u00e9trica.<br \/>\n\u2022 Fita de cetim estreita.<br \/>\n\u2022 Alfinetes.<br \/>\n\u2022 Tesoura de costura.<br \/>\n\u2022 C\u00e2mera fotogr\u00e1fica ou celular com c\u00e2mera digital.<br \/>\nPROCEDIMENTOS PR\u00c1TICOS E APLICA\u00c7\u00d5ES<br \/>\nProcedimento\/Atividade n\u00ba 1<br \/>\nMARCA\u00c7\u00c3O DE LINHAS B\u00c1SICAS EM CAMISETA<br \/>\nP\u00fablico3<br \/>\nAtividade proposta: Marcar com fita de cetim as linhas b\u00e1sicas do corpo humano em uma<br \/>\nCAL\u00c7A SOCIAL.<br \/>\nProcedimentos Pr\u00e1ticos:<br \/>\n1. Preparo da Pe\u00e7a:<br \/>\n\u2022 Para essa atividade voc\u00ea vai precisar de uma CAL\u00c7A SOCIAL, que pode ser feminina ou<br \/>\nmasculina. O importante \u00e9 que a cal\u00e7a seja comprida e em estilo social, confeccionada<br \/>\nem tecido plano e, de prefer\u00eancia, em cor lisa.<br \/>\n\u2022 Antes de come\u00e7ar a atividade, certifique-se de que a pe\u00e7a est\u00e1 bem passada sem dobras<br \/>\nou vincos que podem atrapalhar na execu\u00e7\u00e3o do exerc\u00edcio.<br \/>\n\u2022 Caso seja necess\u00e1rio, molhe o produto, deixe secar naturalmente e passe, com o ferro<br \/>\ntradicional ou ferro a vapor, para tirar quaisquer imperfei\u00e7\u00f5es da camiseta.<br \/>\n\u2022 Procure uma superf\u00edcie lisa e plana para apoiar a cal\u00e7a enquanto voc\u00ea faz o exerc\u00edcio.<br \/>\n2. Identifica\u00e7\u00e3o das linhas b\u00e1sicas do corpo humano:<br \/>\n\u2022 Nesta atividade voc\u00ea dever\u00e1 marcar as linhas b\u00e1sicas do corpo humano na cal\u00e7a social<br \/>\nutilizando fita de cetim e alfinetes.<br \/>\n\u2022 Voc\u00ea ir\u00e1 marcar as seguintes linhas na pe\u00e7a: linhas princesa, linha do quadril e altura do<br \/>\njoelho, sendo que as marca\u00e7\u00f5es poder\u00e3o ser feitas em apenas uma das pernas da cal\u00e7a.<br \/>\nPara encontrar as dist\u00e2ncias, utilize a fita m\u00e9trica para verificar as posi\u00e7\u00f5es das linhas na<br \/>\ncal\u00e7a e as medidas necess\u00e1rias.<br \/>\n\u2022 Essas linhas dever\u00e3o ser marcadas tanto na frente quanto nas costas da cal\u00e7a.<br \/>\n\u2022 Ao finalizar a atividade, fotografe frente e costas do produto, com as linhas marcadas.<br \/>\n3. Marca\u00e7\u00e3o das linhas:<br \/>\n\u2022 Linha princes: A marca\u00e7\u00e3o da linha princesa pode ser feita apenas uma vez na frente e<br \/>\numa vez nas costas da cal\u00e7a. Para definir o caminho que a linha princesa vai seguir na<br \/>\npe\u00e7a, comece marcando o meio do c\u00f3s da cal\u00e7a e divida esse valor por 2. Para encontrar<br \/>\na marca\u00e7\u00e3o da linha princesa, me\u00e7a essa dist\u00e2ncia de \u00bc do c\u00f3s frente partindo da costura<br \/>\nlateral da pe\u00e7a. Repita o processo nas costas da cal\u00e7a. Em seguida, voc\u00ea ir\u00e1 realizar um<br \/>\nprocesso semelhante com a barra da cal\u00e7a: divida a largura da barra na frente por 2 e<br \/>\nfa\u00e7a a marca\u00e7\u00e3o. A linha princesa ir\u00e1 se estender reta desde a marca\u00e7\u00e3o no c\u00f3s at\u00e9 a<br \/>\nmarca\u00e7\u00e3o na barra. Novamente, repita esse processo nas costas da pe\u00e7a.<br \/>\n\u2022 Linha do quadril: a linha do quadril corresponde \u00e0 maior largura do corpo humano. Para<br \/>\nencontrar essa medida, voc\u00ea pode dobrar a cal\u00e7a ao meio, deixando as duas pernas<br \/>\nsobrepostas. A linha do quadril come\u00e7a na maior largura da parte superior da cal\u00e7a, por\u00e9m<br \/>\nela deve seguir perpendicular \u00e0 linha princesa, formando um \u00e2ngulo de 90\u00b0. Isso significa<br \/>\nque a linha do quadril n\u00e3o vai ficar reta na cal\u00e7a, uma vez que, devido aos volumes do<br \/>\ncorpo e ao desenho do gancho, essa linha \u201cmuda de lugar\u201d quando a pe\u00e7a \u00e9 vestida,<br \/>\najustando-se ao corpo.<br \/>\nP\u00fablico4<br \/>\n\u2022 Altura do Joelho: a altura do joelho normalmente indica a metade do comprimento da<br \/>\ncal\u00e7a. Uma maneira simples de encontrar essa altura \u00e9 dobrar a perna da cal\u00e7a ao meio<br \/>\nhorizontalmente, colocando a barra da cal\u00e7a no c\u00f3s e utilizando a linha princesa de guia.<br \/>\nAo fazer essa dobra, a linha princesa da metade inferior deve coincidir com a linha da<br \/>\nmetade superior. A linha da altura do joelho tamb\u00e9m deve ser marcada perpendicular \u00e0<br \/>\nlinha princesa.<br \/>\n\u2022 O resultado das marca\u00e7\u00f5es deve ser semelhante \u00e0 imagem a seguir (as fitas n\u00e3o<br \/>\nprecisam ser de cores diferentes):<br \/>\n4. Fotografia da Cal\u00e7a:<br \/>\n\u2022 Com as fitas de cetim devidamente alfinetadas, tire uma foto da frente e das costas da<br \/>\ncal\u00e7a, com a pe\u00e7a apoiada em uma superf\u00edcie plana, para garantir uma boa visualiza\u00e7\u00e3o<br \/>\ndas marca\u00e7\u00f5es.<br \/>\n\u2022 Insira as fotos com os resultados da atividade no arquivo para entrega.<br \/>\nProcedimentos para a realiza\u00e7\u00e3o da atividade:<br \/>\n\u2022 Escolha com calma um produto para servir de refer\u00eancia nesta atividade. Lembre-se que<br \/>\na pe\u00e7a deve ser LISA, de prefer\u00eancia sem detalhes ou estampas.<br \/>\n\u2022 Procure uma fita de cetim estreita, com largura de 3mm ou 7mm, em uma cor que se<br \/>\ndestaque em meio a camiseta, facilitando a visualiza\u00e7\u00e3o e avalia\u00e7\u00e3o do seu trabalho.<br \/>\n\u2022 Fa\u00e7a o registro da pe\u00e7a com as marca\u00e7\u00f5es, verificando se a sua c\u00e2mera est\u00e1 em boas<br \/>\ncondi\u00e7\u00f5es e se as imagens ter\u00e3o uma boa resolu\u00e7\u00e3o para apresentar os detalhes do seu<br \/>\ntrabalho.<br \/>\nAvaliando os resultados:<br \/>\nP\u00fablico5<br \/>\n\u2022 Verifique se as fitas de cetim est\u00e3o retas, bem presas e com dist\u00e2ncias equivalentes.<br \/>\n\u2022 Avalie a posi\u00e7\u00e3o das marca\u00e7\u00f5es e como os volumes da cal\u00e7a se comportam no corpo<br \/>\nhumano.<br \/>\nChecklist:<br \/>\n\u2022 Sele\u00e7\u00e3o e Preparo da Cal\u00e7a.<br \/>\n\u2022 Marca\u00e7\u00e3o da linha princesa (frente e costas).<br \/>\n\u2022 Marca\u00e7\u00e3o da linha do quadril (frente e costas).<br \/>\n\u2022 Marca\u00e7\u00e3o da altura do joelho (frente e costas).<br \/>\n\u2022 Fotografia da cal\u00e7a com as marca\u00e7\u00f5es (frente e costas).<br \/>\nRESULTADOS<br \/>\nResultados de Aprendizagem:<br \/>\nAo final da atividade, os alunos ser\u00e3o capazes de:<br \/>\n\u2022 Definir as linhas b\u00e1sicas do corpo humano a partir das medidas de uma pe\u00e7a de roupa.<br \/>\n\u2022 Compreender as necessidades de ajuste ao corpo pertinentes \u00e0s cal\u00e7as.<br \/>\n\u2022 Observar como o produto de moda pode se articular para vestir melhor um corpo.<br \/>\n\u2022 Analisar como as linhas do corpo humano s\u00e3o utilizadas na elabora\u00e7\u00e3o de moldes<br \/>\ntridimensionais.<br \/>\nESTUDANTE, VOC\u00ca DEVER\u00c1 ENTREGAR<br \/>\nDescri\u00e7\u00e3o orientativa sobre a entregada da comprova\u00e7\u00e3o da aula pr\u00e1tica:<br \/>\nAo final dessa aula pr\u00e1tica, voc\u00ea dever\u00e1 enviar um arquivo em word contendo as<br \/>\ninforma\u00e7\u00f5es obtidas no experimento, os c\u00e1lculos realizados, em conjunto com um texto<br \/>\nconclusivo a respeito das informa\u00e7\u00f5es obtidas. O arquivo n\u00e3o pode exceder o tamanho de 2Mb.<br \/>\nO arquivo dever\u00e1 conter:<br \/>\n\u2022 Capa;<br \/>\n\u2022 Folha de rosto com os dados da disciplina e do aluno;<br \/>\n\u2022 Os resultados das atividades pr\u00e1ticas exigidas pelo roteiro<\/p>\n<p>Aula Pr\u00e1tica Moulage<\/p>\n<div class=\"elementor-toggle-item\">\n<p id=\"elementor-tab-title-1941\" class=\"elementor-tab-title elementor-active\" tabindex=\"0\" role=\"tab\" data-tab=\"1\" aria-controls=\"elementor-tab-content-1941\" aria-expanded=\"true\" aria-selected=\"true\"><strong>Como funciona?<\/strong><\/p>\n<p>Elaboramos os portf\u00f3lios, j\u00e1 deixamos prontos, nas normas da ABNT e conforme os requisitos da universidade. F\u00e1cil assim! O MELHOR \u00c9 QUE VOC\u00ca COMPRA E J\u00c1 BAIXA NA HORA O SEU ARQUIVO EM WORD! Sabemos que conciliar trabalho, fam\u00edlia, vida profissional e estudos \u00e9 dif\u00edcil hoje em dia, por isso, estamos aqui para ajudar voc\u00ea. Conte com nossa qualidade, experi\u00eancia e profissionalismo adquirindo seu portf\u00f3lio conosco. GARANTIMOS SEU CONCEITO!<\/p>\n<p><strong>Como se realizam os envios?<\/strong><\/p>\n<\/div>\n<p id=\"elementor-tab-content-1942\" class=\"elementor-tab-content elementor-clearfix elementor-active\" role=\"tabpanel\" data-tab=\"2\" aria-labelledby=\"elementor-tab-title-1942\">O seu trabalho \u00e9 disponibilizado pronto, respondido e nas normas j\u00e1 na mesma hora aqui em nosso site na sua \u00e1rea de downloads e tamb\u00e9m no seu e-mail.<\/p>\n<p><strong>Em quanto tempo recebo o portf\u00f3lio?<\/strong><\/p>\n<p>Os envios s\u00e3o imediatos. Ap\u00f3s sua compra, o trabalho j\u00e1 \u00e9 disponibilizado instantaneamente aqui em nosso site e no seu e-mail.<\/p>\n<p><strong>E se o portf\u00f3lio que comprei precisar de corre\u00e7\u00e3o?<\/strong><\/p>\n<p>Caso haja alguma solicita\u00e7\u00e3o de corre\u00e7\u00e3o\/altera\u00e7\u00e3o por parte do tutor, basta entrar em contato conosco pelo\u00a0WhatsApp\u00a0que provid\u00eanciaremos sem custo algum.<\/p>\n<p><strong>Qual o formato do arquivo?<\/strong><\/p>\n<p>Os arquivos s\u00e3o enviados em formato Word e s\u00e3o edit\u00e1veis.<\/p>\n<p><strong>Caso eu tiver alguma d\u00favida, terei suporte no p\u00f3s venda?<\/strong><\/p>\n<p>Sim, com certeza. Basta clicar no \u00edcone do WhatsApp no cantinho da tela. Ser\u00e1 um prazer atend\u00ea-lo(a).<\/p>\n<div id=\"elementor-tab-content-1948\" class=\"elementor-tab-content elementor-clearfix elementor-active\" role=\"tabpanel\" data-tab=\"8\" aria-labelledby=\"elementor-tab-title-1948\">\n<p><strong>Quais os seus canais de contato?<\/strong><\/p>\n<\/div>\n<div id=\"elementor-tab-content-1949\" class=\"elementor-tab-content elementor-clearfix elementor-active\" role=\"tabpanel\" data-tab=\"9\" aria-labelledby=\"elementor-tab-title-1949\">\n<p>Whatsapp: 53 984751621 \u2013 Clicar no canto da tela ou ESCANEIE O QRCODE ABAIXO<\/p>\n<h4><img decoding=\"async\" class=\"alignnone wp-image-13699 jetpack-lazy-image jetpack-lazy-image--handled\" src=\"https:\/\/i0.wp.com\/portifolioos-prontos.com\/wp-content\/uploads\/2023\/02\/whatsapp-business-projeto-de-extensao-300x300.jpeg?resize=144%2C144\" sizes=\"(max-width: 144px) 100vw, 144px\" srcset=\"https:\/\/i0.wp.com\/portifolioos-prontos.com\/wp-content\/uploads\/2023\/02\/whatsapp-business-projeto-de-extensao.jpeg?resize=300%2C301&amp;ssl=1 300w, https:\/\/i0.wp.com\/portifolioos-prontos.com\/wp-content\/uploads\/2023\/02\/whatsapp-business-projeto-de-extensao.jpeg?resize=150%2C150&amp;ssl=1 150w, https:\/\/i0.wp.com\/portifolioos-prontos.com\/wp-content\/uploads\/2023\/02\/whatsapp-business-projeto-de-extensao.jpeg?resize=370%2C372&amp;ssl=1 370w, https:\/\/i0.wp.com\/portifolioos-prontos.com\/wp-content\/uploads\/2023\/02\/whatsapp-business-projeto-de-extensao.jpeg?resize=100%2C100&amp;ssl=1 100w, https:\/\/i0.wp.com\/portifolioos-prontos.com\/wp-content\/uploads\/2023\/02\/whatsapp-business-projeto-de-extensao.jpeg?w=470&amp;ssl=1 470w\" alt=\"projeto de extens\u00e3o unopar\" width=\"144\" height=\"144\" data-lazy-loaded=\"1\" \/><\/h4>\n<\/div>\n<div class=\"elementor-toggle-item\">\n<div id=\"elementor-tab-content-1949\" class=\"elementor-tab-content elementor-clearfix elementor-active\" role=\"tabpanel\" data-tab=\"9\" aria-labelledby=\"elementor-tab-title-1949\">\n<p>E-mail:portifoliosp@gmail.com<\/p>\n<div id=\"attachment_143\" class=\"wp-caption alignnone\">\n<div id=\"attachment_143\" class=\"wp-caption alignnone\">\n<p id=\"caption-attachment-143\" class=\"wp-caption-text\"><a href=\"http:\/\/portfolio-pronto.com\/\">Portf\u00f3lio<\/a>\u00a0em Word, respondido, completo e j\u00e1 nas normas<\/p>\n<\/div>\n<\/div>\n<\/div>\n<\/div>\n","protected":false},"excerpt":{"rendered":"<div class=\"product-short-description\">\n<p><strong>Pague pelo PIX ou cart\u00e3o e fa\u00e7a o download agora mesmo.<\/strong><\/p>\n<\/div>\n<div class=\"sticky-add-to-cart-wrapper\">\n<div class=\"sticky-add-to-cart\">\n<p class=\"quantity buttons_added form-flat\"><img decoding=\"async\" class=\"lazyloaded smush-image-5 smush-image-3 smush-image-4 smush-detected-img smush-image-bigger-3\" src=\"https:\/\/d26lpennugtm8s.cloudfront.net\/assets\/common\/img\/logos\/payment\/visa@2x.png\" width=\"46\" height=\"29\" data-src=\"https:\/\/d26lpennugtm8s.cloudfront.net\/assets\/common\/img\/logos\/payment\/visa@2x.png\" \/><img decoding=\"async\" class=\"lazyloaded smush-image-6 smush-image-4 smush-image-5 smush-detected-img smush-image-bigger-4\" src=\"https:\/\/d26lpennugtm8s.cloudfront.net\/assets\/common\/img\/logos\/payment\/boleto@2x.png\" width=\"43\" height=\"27\" data-src=\"https:\/\/d26lpennugtm8s.cloudfront.net\/assets\/common\/img\/logos\/payment\/boleto@2x.png\" \/><img loading=\"lazy\" decoding=\"async\" class=\"lazyloaded smush-image-7 smush-image-5 smush-image-6 smush-detected-img smush-image-bigger-5\" src=\"https:\/\/d26lpennugtm8s.cloudfront.net\/assets\/common\/img\/logos\/payment\/mastercard@2x.png\" width=\"43\" height=\"27\" data-src=\"https:\/\/d26lpennugtm8s.cloudfront.net\/assets\/common\/img\/logos\/payment\/mastercard@2x.png\" \/><img loading=\"lazy\" decoding=\"async\" class=\"lazyloaded smush-image-8 smush-image-6 smush-image-7 smush-detected-img smush-image-bigger-6\" src=\"https:\/\/d26lpennugtm8s.cloudfront.net\/assets\/common\/img\/logos\/payment\/amex@2x.png\" width=\"43\" height=\"27\" data-src=\"https:\/\/d26lpennugtm8s.cloudfront.net\/assets\/common\/img\/logos\/payment\/amex@2x.png\" \/><img loading=\"lazy\" decoding=\"async\" class=\"lazyloaded smush-image-9 smush-image-7 smush-image-8 smush-detected-img smush-image-bigger-7\" src=\"https:\/\/d26lpennugtm8s.cloudfront.net\/assets\/common\/img\/logos\/payment\/diners@2x.png\" width=\"46\" height=\"29\" data-src=\"https:\/\/d26lpennugtm8s.cloudfront.net\/assets\/common\/img\/logos\/payment\/diners@2x.png\" \/><img loading=\"lazy\" decoding=\"async\" class=\"lazyloaded smush-image-10 smush-image-8 smush-image-9 alignnone smush-detected-img smush-image-bigger-8\" src=\"https:\/\/d26lpennugtm8s.cloudfront.net\/assets\/common\/img\/logos\/payment\/br\/elo@2x.png\" alt=\"portf\u00f3lio unopar anhanguera\" width=\"45\" height=\"28\" data-src=\"https:\/\/d26lpennugtm8s.cloudfront.net\/assets\/common\/img\/logos\/payment\/br\/elo@2x.png\" \/><img loading=\"lazy\" decoding=\"async\" class=\"lazyloaded smush-image-11 smush-image-9 smush-image-10 alignnone smush-detected-img smush-image-bigger-9\" src=\"https:\/\/d26lpennugtm8s.cloudfront.net\/assets\/common\/img\/logos\/payment\/br\/hipercard@2x.png\" alt=\"portf\u00f3lio unopar anhanguera\" width=\"44\" height=\"28\" data-src=\"https:\/\/d26lpennugtm8s.cloudfront.net\/assets\/common\/img\/logos\/payment\/br\/hipercard@2x.png\" \/><img loading=\"lazy\" decoding=\"async\" class=\"lazyloaded smush-image-12 smush-image-10 smush-image-11 alignnone smush-detected-img smush-image-bigger-10\" src=\"https:\/\/d26lpennugtm8s.cloudfront.net\/assets\/common\/img\/logos\/payment\/mercadopago@2x.png\" alt=\"portf\u00f3lio unopar anhanguera\" width=\"45\" height=\"28\" data-src=\"https:\/\/d26lpennugtm8s.cloudfront.net\/assets\/common\/img\/logos\/payment\/mercadopago@2x.png\" \/><img loading=\"lazy\" decoding=\"async\" class=\"alignnone lazyloaded smush-detected-img smush-image-bigger-11\" src=\"https:\/\/futurium.com.br\/wp-content\/uploads\/2021\/06\/logo-pix-icone-512.png\" alt=\"portfolio pronto\" width=\"30\" height=\"30\" data-src=\"https:\/\/futurium.com.br\/wp-content\/uploads\/2021\/06\/logo-pix-icone-512.png\" \/><\/p>\n<\/div>\n<\/div>\n","protected":false},"featured_media":46722,"template":"","meta":{"_seopress_robots_primary_cat":"","_seopress_titles_title":"","_seopress_titles_desc":"","_seopress_robots_index":""},"product_cat":[15],"product_tag":[],"class_list":{"0":"post-46721","1":"product","2":"type-product","3":"status-publish","4":"has-post-thumbnail","6":"product_cat-uncategorized","8":"first","9":"instock","10":"downloadable","11":"virtual","12":"purchasable","13":"product-type-simple","14":"col-xs-6 col-sm-4","15":"col-mf-5","16":"un-5-cols"},"jetpack_sharing_enabled":true,"_links":{"self":[{"href":"https:\/\/portifolioos-prontos.com\/index.php\/wp-json\/wp\/v2\/product\/46721","targetHints":{"allow":["GET"]}}],"collection":[{"href":"https:\/\/portifolioos-prontos.com\/index.php\/wp-json\/wp\/v2\/product"}],"about":[{"href":"https:\/\/portifolioos-prontos.com\/index.php\/wp-json\/wp\/v2\/types\/product"}],"version-history":[{"count":2,"href":"https:\/\/portifolioos-prontos.com\/index.php\/wp-json\/wp\/v2\/product\/46721\/revisions"}],"predecessor-version":[{"id":47560,"href":"https:\/\/portifolioos-prontos.com\/index.php\/wp-json\/wp\/v2\/product\/46721\/revisions\/47560"}],"wp:featuredmedia":[{"embeddable":true,"href":"https:\/\/portifolioos-prontos.com\/index.php\/wp-json\/wp\/v2\/media\/46722"}],"wp:attachment":[{"href":"https:\/\/portifolioos-prontos.com\/index.php\/wp-json\/wp\/v2\/media?parent=46721"}],"wp:term":[{"taxonomy":"product_cat","embeddable":true,"href":"https:\/\/portifolioos-prontos.com\/index.php\/wp-json\/wp\/v2\/product_cat?post=46721"},{"taxonomy":"product_tag","embeddable":true,"href":"https:\/\/portifolioos-prontos.com\/index.php\/wp-json\/wp\/v2\/product_tag?post=46721"}],"curies":[{"name":"wp","href":"https:\/\/api.w.org\/{rel}","templated":true}]}}