{"id":46727,"date":"2025-10-22T19:36:53","date_gmt":"2025-10-22T22:36:53","guid":{"rendered":"https:\/\/portifolioos-prontos.com\/?post_type=product&#038;p=46727"},"modified":"2025-10-22T19:36:54","modified_gmt":"2025-10-22T22:36:54","slug":"atividade-pratica-pratica-em-negociacao-mediacao-e-abritragem","status":"publish","type":"product","link":"https:\/\/portifolioos-prontos.com\/index.php\/product\/atividade-pratica-pratica-em-negociacao-mediacao-e-abritragem\/","title":{"rendered":"Atividade Pr\u00e1tica &#8211; Pr\u00e1tica Em negocia\u00e7\u00e3o, Media\u00e7\u00e3o e Abritragem"},"content":{"rendered":"<p><strong>Atividade Pr\u00e1tica &#8211; Media\u00e7\u00e3o<\/strong><\/p>\n<p><strong>Atividade Pr\u00e1tica &#8211; Pr\u00e1tica Em negocia\u00e7\u00e3o, Media\u00e7\u00e3o e Abritragem<\/strong><\/p>\n<p>ATIVIDADE PR\u00c1TICA<br \/>\nMEDIA\u00c7\u00c3O<br \/>\nOBJETIVOS<br \/>\nA proposta desta atividade pr\u00e1tica est\u00e1 amparada nos seguintes objetivos:<br \/>\n&#8211; Conhecer e praticar t\u00e9cnicas relacionadas \u00e0s pr\u00e1ticas de media\u00e7\u00e3o.<br \/>\n&#8211; Associar a teoria e pr\u00e1tica, a fim de proporcionar embasamento para atua\u00e7\u00e3o em<br \/>\natividades extracurriculares..<br \/>\n&#8211; Promover a aplica\u00e7\u00e3o da teoria e conceitos para a solu\u00e7\u00e3o de problemas pr\u00e1ticos<br \/>\nrelativos \u00e0 profiss\u00e3o.<br \/>\nRECURSOS<br \/>\nComputador com acesso \u00e0 internet e para redigir o texto de resposta.<br \/>\nDemais recursos necess\u00e1rios para a realiza\u00e7\u00e3o da simula\u00e7\u00e3o pr\u00e1tica.<br \/>\nPROCEDIMENTOS PR\u00c1TICOS<br \/>\nAtividade proposta 01<br \/>\nAprofundamento do estudo sobre a Media\u00e7\u00e3o e apresenta\u00e7\u00e3o do caso pr\u00e1tico<br \/>\nProcedimentos para a realiza\u00e7\u00e3o da atividade<br \/>\nA media\u00e7\u00e3o consiste no meio consensual de abordagem de controv\u00e9rsias em que<br \/>\nalgu\u00e9m imparcial atua para facilitar a comunica\u00e7\u00e3o entre os envolvidos e propiciar<br \/>\nque eles possam, a partir da percep\u00e7\u00e3o ampliada dos meandros da situa\u00e7\u00e3o<br \/>\ncontrovertida, protagonizar sa\u00eddas produtivas para os impasses que os envolvem.<br \/>\nA media\u00e7\u00e3o permite que os envolvidos na controv\u00e9rsia atuem cooperativamente<br \/>\nem prol de interesses comuns ligados \u00e0 supera\u00e7\u00e3o de dilemas e impasses; afinal,<br \/>\nquem poderia divisar melhor a exist\u00eancia de sa\u00eddas produtivas do que os<br \/>\nprotagonistas da hist\u00f3ria?<br \/>\nNo sentir de Adolfo Braga Neto, a media\u00e7\u00e3o \u00e9 uma t\u00e9cnica n\u00e3o adversarial de<br \/>\nresolu\u00e7\u00e3o de conflitos pela qual duas ou mais pessoas recorrem a um especialista<br \/>\nneutro e capacitado \u201cque realiza reuni\u00f5es conjuntas e\/ou separadas, com o intuito<br \/>\nde estimul\u00e1-las a obter uma solu\u00e7\u00e3o consensual e satisfat\u00f3ria, salvaguardando o<br \/>\nbom relacionamento entre elas\u201d<br \/>\nNesse sentido, o Mediador precisa ter a percep\u00e7\u00e3o do conflito para propiciar meios<br \/>\ndos envolvidos agirem com maior grau de autodetermina\u00e7\u00e3o e responsividade, por<br \/>\nmeio de uma abordagem construtiva, enquanto debatem e exploram t\u00f3picos e<br \/>\npossibilidades de resolu\u00e7\u00e3o. Momento 1) Pesquise e relate quais os benef\u00edcios que<br \/>\na media\u00e7\u00e3o traz para a resolu\u00e7\u00e3o pac\u00edfica de conflitos. Lembre-se de citar as fontes<br \/>\nconsultadas.<br \/>\nAgora j\u00e1 sabemos os benef\u00edcios da Media\u00e7\u00e3o na resolu\u00e7\u00e3o de conflito, e chegou a<br \/>\nhora de colocar em pr\u00e1tica esse conhecimento. Vamos ao caso pr\u00e1tico! Use a sua<br \/>\ncriatividade para o desenvolvimento das etapas, se coloque no lugar das partes,<br \/>\nimagine os sentimentos, os medos, os conflitos existentes entre eles, para simular<br \/>\numa pr\u00e1tica de media\u00e7\u00e3o em um caso familiar.<br \/>\nVoc\u00ea \u00e9 um (a) Mediador (a), vinculado (a) a uma C\u00e2mara Privada de Media\u00e7\u00e3o e<br \/>\nfoi destinado ao seguinte caso: um conflito familiar sobre o valor da pens\u00e3o<br \/>\naliment\u00edcia em que h\u00e1 posi\u00e7\u00f5es de resist\u00eancia (do alimentante) e insist\u00eancia (da<br \/>\nrespons\u00e1vel legal do alimentando) quanto a um certo montante a ser pago, bem<br \/>\ncomo a briga pela guarda da crian\u00e7a, sendo que as partes est\u00e3o brigadas e n\u00e3o<br \/>\nest\u00e3o conversando. Voc\u00ea tem os seguintes objetivos:<br \/>\n1. Reestabelecer a comunica\u00e7\u00e3o entre as partes.<br \/>\n2. Fazer com que as partes encontrem uma solu\u00e7\u00e3o que atende o melhor interesse<br \/>\nda crian\u00e7a em termos de cuidado e prote\u00e7\u00e3o.<br \/>\nVoc\u00ea desenvolveu um planejamento para alcan\u00e7ar os objetivos propostos, cada<br \/>\nobjetivo foi dividido em etapas, o seu trabalho ser\u00e1 desenvolvido primeiramente<br \/>\ncom a (1) declara\u00e7\u00e3o de abertura da media\u00e7\u00e3o; (2) a exposi\u00e7\u00e3o de raz\u00f5es pelas<br \/>\npartes; (3) a identifica\u00e7\u00e3o de quest\u00f5es, interesses e sentimentos. Posteriormente<br \/>\nvoc\u00ea vai (4) esclarecer acerca de quest\u00f5es, interesses e sentimentos das partes<br \/>\npara que elas possam encontrar uma resposta para a (5) resolu\u00e7\u00e3o de quest\u00f5es.<br \/>\nLembre-se, na media\u00e7\u00e3o podemos usar quantas sess\u00f5es forem necess\u00e1rias.<br \/>\nSendo assim, n\u00f3s vamos para o segundo momento desta atividade. Destaca-se,<br \/>\nmais uma vez, que voc\u00ea pode usar a criatividade como quiser para elucidar os<br \/>\npersonagens, usar imagens, gravar v\u00eddeos simulando a sua abordagem, utilizar<br \/>\nargumentos ou as suas t\u00e9cnicas de negocia\u00e7\u00e3o, desde que cumpra com as etapas<br \/>\nsolicitadas.<br \/>\nMomento 2) Realiza\u00e7\u00e3o da Etapa 1 e 2 do planejamento (voc\u00ea poder\u00e1 gravar em<br \/>\nv\u00eddeo a sua abordagem inicial da etapa 1 para as partes e\/ou escrever \u00e0 m\u00e3o e\/ou<br \/>\nno computador os detalhes de ambas as etapas).<br \/>\n(1) Abertura: Sa\u00fada as partes, promova as apresenta\u00e7\u00f5es, esclare\u00e7a o que \u00e9 a<br \/>\nmedia\u00e7\u00e3o, qual \u00e9 o seu papel e aponte os poss\u00edveis resultados que podem advir<br \/>\nda conversa\u00e7\u00e3o.<br \/>\n2) a exposi\u00e7\u00e3o de raz\u00f5es pelas partes: solicite para que as partes exponham o<br \/>\nque ocorreu para que chegassem at\u00e9 ali. Voc\u00ea pode propor que a pessoa diga<br \/>\no que ela sentiu, de que modo ela perceba as experi\u00eancias, pe\u00e7a que o foco<br \/>\nn\u00e3o seja o outro, mas ela mesma. Ela poder\u00e1 expor sua vis\u00e3o com express\u00f5es<br \/>\ncomo \u201ceu fiz\u201d, \u201ceu n\u00e3o consegui\u201d e \u201ceu me senti\u201d. Voc\u00ea pode escutar com<br \/>\naten\u00e7\u00e3o e, se preciso, formular quest\u00f5es para ajudar a clarificar o cen\u00e1rio em<br \/>\nque se situam as partes e\/ou suas percep\u00e7\u00f5es. Por se tratar de uma simula\u00e7\u00e3o,<br \/>\nanalise bem o caso apresentado, e busque se colocar no lugar das partes, a<br \/>\nfim de descrever os sentimentos de cada um em rela\u00e7\u00e3o aos conflitos. Tamb\u00e9m<br \/>\ncumpre ressaltar que \u00e9 importante que voc\u00ea pense nos valores de pens\u00e3o (o<br \/>\nvalor ofertado pelo Genitor e o valor desejado pelo alimentando e genitora, bem<br \/>\ncomo as modalidades de guarda aceitas no Brasil pela doutrina e jurisprud\u00eancia<br \/>\ndos Tribunais, relatando tamb\u00e9m o ponto controvertido sobre a quest\u00e3o da<br \/>\nguarda (qual modalidade deseja a genitora e o genitor, e as raz\u00f5es para esses<br \/>\ndesejos que acabam por gerar o conflito).<br \/>\nAtividade proposta 02<br \/>\nEtapas 3 e 4 da Media\u00e7\u00e3o<br \/>\nProcedimentos para a realiza\u00e7\u00e3o da atividade<br \/>\n(3) a identifica\u00e7\u00e3o de quest\u00f5es, interesses e sentimentos: d\u00ea \u00e0s partes um certo<br \/>\ntempo para refletirem acerca das informa\u00e7\u00f5es prestadas e obtidas antes de<br \/>\nestarem emocionalmente preparadas para iniciar a fase de resolu\u00e7\u00e3o de<br \/>\nquest\u00f5es. Verifique, de acordo com a etapa anterior, os pontos controvertidos e<br \/>\npac\u00edficos entre as partes.<br \/>\n(4) esclarecer acerca de quest\u00f5es, interesses e sentimentos das partes:<br \/>\nobjetivar os pontos que ser\u00e3o trabalhados; verificar se h\u00e1 outros pontos a serem<br \/>\ntrabalhados. Fa\u00e7a uma lista dos itens a serem abordados a partir da<br \/>\nidentifica\u00e7\u00e3o dos interesses envolvidos na controv\u00e9rsia. Provocar por<br \/>\nquestionamentos, reflex\u00f5es sobre as possibilidades de cada um.<br \/>\nAtividade proposta 03<br \/>\nEncerramento da media\u00e7\u00e3o<br \/>\nProcedimentos para a realiza\u00e7\u00e3o da atividade<br \/>\nMais uma vez use a criatividade e an\u00e1lise cr\u00edtica do desenvolvido nas etapas<br \/>\nanteriores para encontrar a melhor resolu\u00e7\u00e3o para o caso simulado. Nesse sentido,<br \/>\na etapa 5 resultar\u00e1 no agendamento de uma nova reuni\u00e3o, na assun\u00e7\u00e3o de algum<br \/>\ncompromisso (ainda que represente uma solu\u00e7\u00e3o parcial e provis\u00f3ria), na<br \/>\ncelebra\u00e7\u00e3o de um acordo, na suspens\u00e3o moment\u00e2nea das reuni\u00f5es ou no decreto<br \/>\ndo fim da tentativa consensual.<br \/>\nImportante!<br \/>\nAo final da realiza\u00e7\u00e3o das atividades, voc\u00ea dever\u00e1 realizar um relat\u00f3rio contendo a<br \/>\npr\u00e1tica em cada etapa, com todas as atividades realizadas e contendo eventuais<br \/>\nimagens\/v\u00eddeos para o envio. Lembre-se de todas as etapas a serem realizadas!<br \/>\nChecklist<br \/>\nPrincipais etapas para a completude da atividade pr\u00e1tica:<br \/>\n&#8211; Leitura de todo o material dispon\u00edvel em cada atividade proposta<br \/>\n&#8211; Realiza\u00e7\u00e3o das atividades propostas<br \/>\n&#8211; Envio do relat\u00f3rio completo (com atividades e imagens\/v\u00eddeos quando solicitadas)<br \/>\nRESULTADO<br \/>\nEntrega do relat\u00f3rio contemplando todas as etapas da atividade pr\u00e1tica realizada,<br \/>\nassociando os conhecimentos te\u00f3ricos \u00e0 aplica\u00e7\u00e3o pr\u00e1tica.<\/p>\n<div class=\"elementor-toggle-item\">\n<p id=\"elementor-tab-title-1941\" class=\"elementor-tab-title elementor-active\" tabindex=\"0\" role=\"tab\" data-tab=\"1\" aria-controls=\"elementor-tab-content-1941\" aria-expanded=\"true\" aria-selected=\"true\"><strong>Como funciona?<\/strong><\/p>\n<p>Elaboramos os portf\u00f3lios, j\u00e1 deixamos prontos, nas normas da ABNT e conforme os requisitos da universidade. F\u00e1cil assim! O MELHOR \u00c9 QUE VOC\u00ca COMPRA E J\u00c1 BAIXA NA HORA O SEU ARQUIVO EM WORD! Sabemos que conciliar trabalho, fam\u00edlia, vida profissional e estudos \u00e9 dif\u00edcil hoje em dia, por isso, estamos aqui para ajudar voc\u00ea. Conte com nossa qualidade, experi\u00eancia e profissionalismo adquirindo seu portf\u00f3lio conosco. GARANTIMOS SEU CONCEITO!<\/p>\n<p><strong>Como se realizam os envios?<\/strong><\/p>\n<\/div>\n<p id=\"elementor-tab-content-1942\" class=\"elementor-tab-content elementor-clearfix elementor-active\" role=\"tabpanel\" data-tab=\"2\" aria-labelledby=\"elementor-tab-title-1942\">O seu trabalho \u00e9 disponibilizado pronto, respondido e nas normas j\u00e1 na mesma hora aqui em nosso site na sua \u00e1rea de downloads e tamb\u00e9m no seu e-mail.<\/p>\n<p><strong>Em quanto tempo recebo o portf\u00f3lio?<\/strong><\/p>\n<p>Os envios s\u00e3o imediatos. Ap\u00f3s sua compra, o trabalho j\u00e1 \u00e9 disponibilizado instantaneamente aqui em nosso site e no seu e-mail.<\/p>\n<p><strong>E se o portf\u00f3lio que comprei precisar de corre\u00e7\u00e3o?<\/strong><\/p>\n<p>Caso haja alguma solicita\u00e7\u00e3o de corre\u00e7\u00e3o\/altera\u00e7\u00e3o por parte do tutor, basta entrar em contato conosco pelo\u00a0WhatsApp\u00a0que provid\u00eanciaremos sem custo algum.<\/p>\n<p><strong>Qual o formato do arquivo?<\/strong><\/p>\n<p>Os arquivos s\u00e3o enviados em formato Word e s\u00e3o edit\u00e1veis.<\/p>\n<p><strong>Caso eu tiver alguma d\u00favida, terei suporte no p\u00f3s venda?<\/strong><\/p>\n<p>Sim, com certeza. Basta clicar no \u00edcone do WhatsApp no cantinho da tela. Ser\u00e1 um prazer atend\u00ea-lo(a).<\/p>\n<div id=\"elementor-tab-content-1948\" class=\"elementor-tab-content elementor-clearfix elementor-active\" role=\"tabpanel\" data-tab=\"8\" aria-labelledby=\"elementor-tab-title-1948\">\n<p><strong>Quais os seus canais de contato?<\/strong><\/p>\n<\/div>\n<div id=\"elementor-tab-content-1949\" class=\"elementor-tab-content elementor-clearfix elementor-active\" role=\"tabpanel\" data-tab=\"9\" aria-labelledby=\"elementor-tab-title-1949\">\n<p>Whatsapp: 53 984751621 \u2013 Clicar no canto da tela ou ESCANEIE O QRCODE ABAIXO<\/p>\n<h4><img decoding=\"async\" class=\"alignnone wp-image-13699 jetpack-lazy-image jetpack-lazy-image--handled\" src=\"https:\/\/i0.wp.com\/portifolioos-prontos.com\/wp-content\/uploads\/2023\/02\/whatsapp-business-projeto-de-extensao-300x300.jpeg?resize=144%2C144\" sizes=\"(max-width: 144px) 100vw, 144px\" srcset=\"https:\/\/i0.wp.com\/portifolioos-prontos.com\/wp-content\/uploads\/2023\/02\/whatsapp-business-projeto-de-extensao.jpeg?resize=300%2C301&amp;ssl=1 300w, https:\/\/i0.wp.com\/portifolioos-prontos.com\/wp-content\/uploads\/2023\/02\/whatsapp-business-projeto-de-extensao.jpeg?resize=150%2C150&amp;ssl=1 150w, https:\/\/i0.wp.com\/portifolioos-prontos.com\/wp-content\/uploads\/2023\/02\/whatsapp-business-projeto-de-extensao.jpeg?resize=370%2C372&amp;ssl=1 370w, https:\/\/i0.wp.com\/portifolioos-prontos.com\/wp-content\/uploads\/2023\/02\/whatsapp-business-projeto-de-extensao.jpeg?resize=100%2C100&amp;ssl=1 100w, https:\/\/i0.wp.com\/portifolioos-prontos.com\/wp-content\/uploads\/2023\/02\/whatsapp-business-projeto-de-extensao.jpeg?w=470&amp;ssl=1 470w\" alt=\"projeto de extens\u00e3o unopar\" width=\"144\" height=\"144\" data-lazy-loaded=\"1\" \/><\/h4>\n<\/div>\n<div class=\"elementor-toggle-item\">\n<div id=\"elementor-tab-content-1949\" class=\"elementor-tab-content elementor-clearfix elementor-active\" role=\"tabpanel\" data-tab=\"9\" aria-labelledby=\"elementor-tab-title-1949\">\n<p>E-mail:portifoliosp@gmail.com<\/p>\n<div id=\"attachment_143\" class=\"wp-caption alignnone\">\n<div id=\"attachment_143\" class=\"wp-caption alignnone\">\n<p id=\"caption-attachment-143\" class=\"wp-caption-text\"><a href=\"http:\/\/portfolio-pronto.com\/\">Portf\u00f3lio<\/a>\u00a0em Word, respondido, completo e j\u00e1 nas normas<\/p>\n<\/div>\n<\/div>\n<\/div>\n<\/div>\n","protected":false},"excerpt":{"rendered":"<div class=\"product-short-description\"><strong>Pague pelo PIX ou cart\u00e3o e fa\u00e7a o download agora mesmo.<\/strong><\/div>\n<div class=\"sticky-add-to-cart-wrapper\">\n<div class=\"sticky-add-to-cart\">\n<p class=\"quantity buttons_added form-flat\"><img decoding=\"async\" class=\"lazyloaded smush-image-5 smush-image-3 smush-image-4 smush-detected-img smush-image-bigger-3\" src=\"https:\/\/d26lpennugtm8s.cloudfront.net\/assets\/common\/img\/logos\/payment\/visa@2x.png\" width=\"46\" height=\"29\" data-src=\"https:\/\/d26lpennugtm8s.cloudfront.net\/assets\/common\/img\/logos\/payment\/visa@2x.png\" \/><img decoding=\"async\" class=\"lazyloaded smush-image-6 smush-image-4 smush-image-5 smush-detected-img smush-image-bigger-4\" src=\"https:\/\/d26lpennugtm8s.cloudfront.net\/assets\/common\/img\/logos\/payment\/boleto@2x.png\" width=\"43\" height=\"27\" data-src=\"https:\/\/d26lpennugtm8s.cloudfront.net\/assets\/common\/img\/logos\/payment\/boleto@2x.png\" \/><img loading=\"lazy\" decoding=\"async\" class=\"lazyloaded smush-image-7 smush-image-5 smush-image-6 smush-detected-img smush-image-bigger-5\" src=\"https:\/\/d26lpennugtm8s.cloudfront.net\/assets\/common\/img\/logos\/payment\/mastercard@2x.png\" width=\"43\" height=\"27\" data-src=\"https:\/\/d26lpennugtm8s.cloudfront.net\/assets\/common\/img\/logos\/payment\/mastercard@2x.png\" \/><img loading=\"lazy\" decoding=\"async\" class=\"lazyloaded smush-image-8 smush-image-6 smush-image-7 smush-detected-img smush-image-bigger-6\" src=\"https:\/\/d26lpennugtm8s.cloudfront.net\/assets\/common\/img\/logos\/payment\/amex@2x.png\" width=\"43\" height=\"27\" data-src=\"https:\/\/d26lpennugtm8s.cloudfront.net\/assets\/common\/img\/logos\/payment\/amex@2x.png\" \/><img loading=\"lazy\" decoding=\"async\" class=\"lazyloaded smush-image-9 smush-image-7 smush-image-8 smush-detected-img smush-image-bigger-7\" src=\"https:\/\/d26lpennugtm8s.cloudfront.net\/assets\/common\/img\/logos\/payment\/diners@2x.png\" width=\"46\" height=\"29\" data-src=\"https:\/\/d26lpennugtm8s.cloudfront.net\/assets\/common\/img\/logos\/payment\/diners@2x.png\" \/><img loading=\"lazy\" decoding=\"async\" class=\"lazyloaded smush-image-10 smush-image-8 smush-image-9 alignnone smush-detected-img smush-image-bigger-8\" src=\"https:\/\/d26lpennugtm8s.cloudfront.net\/assets\/common\/img\/logos\/payment\/br\/elo@2x.png\" alt=\"portf\u00f3lio unopar anhanguera\" width=\"45\" height=\"28\" data-src=\"https:\/\/d26lpennugtm8s.cloudfront.net\/assets\/common\/img\/logos\/payment\/br\/elo@2x.png\" \/><img loading=\"lazy\" decoding=\"async\" class=\"lazyloaded smush-image-11 smush-image-9 smush-image-10 alignnone smush-detected-img smush-image-bigger-9\" src=\"https:\/\/d26lpennugtm8s.cloudfront.net\/assets\/common\/img\/logos\/payment\/br\/hipercard@2x.png\" alt=\"portf\u00f3lio unopar anhanguera\" width=\"44\" height=\"28\" data-src=\"https:\/\/d26lpennugtm8s.cloudfront.net\/assets\/common\/img\/logos\/payment\/br\/hipercard@2x.png\" \/><img loading=\"lazy\" decoding=\"async\" class=\"lazyloaded smush-image-12 smush-image-10 smush-image-11 alignnone smush-detected-img smush-image-bigger-10\" src=\"https:\/\/d26lpennugtm8s.cloudfront.net\/assets\/common\/img\/logos\/payment\/mercadopago@2x.png\" alt=\"portf\u00f3lio unopar anhanguera\" width=\"45\" height=\"28\" data-src=\"https:\/\/d26lpennugtm8s.cloudfront.net\/assets\/common\/img\/logos\/payment\/mercadopago@2x.png\" \/><img loading=\"lazy\" decoding=\"async\" class=\"alignnone ls-is-cached lazyloaded smush-detected-img smush-image-bigger-11\" src=\"https:\/\/futurium.com.br\/wp-content\/uploads\/2021\/06\/logo-pix-icone-512.png\" alt=\"portfolio pronto\" width=\"30\" height=\"30\" data-src=\"https:\/\/futurium.com.br\/wp-content\/uploads\/2021\/06\/logo-pix-icone-512.png\" \/><\/p>\n<\/div>\n<\/div>\n","protected":false},"featured_media":46729,"template":"","meta":{"_seopress_robots_primary_cat":"","_seopress_titles_title":"","_seopress_titles_desc":"","_seopress_robots_index":""},"product_cat":[129],"product_tag":[],"class_list":{"0":"post-46727","1":"product","2":"type-product","3":"status-publish","4":"has-post-thumbnail","6":"product_cat-mediacao","8":"first","9":"instock","10":"shipping-taxable","11":"purchasable","12":"product-type-simple","13":"col-xs-6 col-sm-4","14":"col-mf-5","15":"un-5-cols"},"jetpack_sharing_enabled":true,"_links":{"self":[{"href":"https:\/\/portifolioos-prontos.com\/index.php\/wp-json\/wp\/v2\/product\/46727","targetHints":{"allow":["GET"]}}],"collection":[{"href":"https:\/\/portifolioos-prontos.com\/index.php\/wp-json\/wp\/v2\/product"}],"about":[{"href":"https:\/\/portifolioos-prontos.com\/index.php\/wp-json\/wp\/v2\/types\/product"}],"version-history":[{"count":1,"href":"https:\/\/portifolioos-prontos.com\/index.php\/wp-json\/wp\/v2\/product\/46727\/revisions"}],"predecessor-version":[{"id":46730,"href":"https:\/\/portifolioos-prontos.com\/index.php\/wp-json\/wp\/v2\/product\/46727\/revisions\/46730"}],"wp:featuredmedia":[{"embeddable":true,"href":"https:\/\/portifolioos-prontos.com\/index.php\/wp-json\/wp\/v2\/media\/46729"}],"wp:attachment":[{"href":"https:\/\/portifolioos-prontos.com\/index.php\/wp-json\/wp\/v2\/media?parent=46727"}],"wp:term":[{"taxonomy":"product_cat","embeddable":true,"href":"https:\/\/portifolioos-prontos.com\/index.php\/wp-json\/wp\/v2\/product_cat?post=46727"},{"taxonomy":"product_tag","embeddable":true,"href":"https:\/\/portifolioos-prontos.com\/index.php\/wp-json\/wp\/v2\/product_tag?post=46727"}],"curies":[{"name":"wp","href":"https:\/\/api.w.org\/{rel}","templated":true}]}}