{"id":46734,"date":"2025-10-22T19:44:18","date_gmt":"2025-10-22T22:44:18","guid":{"rendered":"https:\/\/portifolioos-prontos.com\/?post_type=product&#038;p=46734"},"modified":"2025-10-22T19:44:18","modified_gmt":"2025-10-22T22:44:18","slug":"tcc-ii-jornalismo","status":"publish","type":"product","link":"https:\/\/portifolioos-prontos.com\/index.php\/product\/tcc-ii-jornalismo\/","title":{"rendered":"TCC II &#8211; Jornalismo"},"content":{"rendered":"<p><strong>TCC II &#8211; Jornalismo<\/strong><\/p>\n<p>P\u00fablico<br \/>\nMANUAL PARA ELABORA\u00c7\u00c3O DO TCC II \u2013<br \/>\nMONOGRAFIA &#8211; JORNALISMO<br \/>\nP\u00fablico<br \/>\nCaro estudante<br \/>\nSeja bem-vindo \u00e0 elabora\u00e7\u00e3o do seu Trabalho de Conclus\u00e3o de Curso II \u2013 Monografia. \u00c9 com grande<br \/>\nsatisfa\u00e7\u00e3o que apresentamos o Manual para realiza\u00e7\u00e3o desta atividade.<br \/>\nCom a oferta do TCC II \u2013 Monografia, temos por objetivo apresentar uma metodologia de ensino<br \/>\ninovadora, favorecendo o desenvolvimento da aprendizagem aut\u00f4noma, por meio do uso de tecnologias da<br \/>\ninforma\u00e7\u00e3o e da comunica\u00e7\u00e3o no ensino e programas educacionais de qualidade. A proposta est\u00e1 pautada nos<br \/>\nconceitos de \u00e9tica, inova\u00e7\u00e3o e responsabilidade social, visando a promo\u00e7\u00e3o do desenvolvimento e a forma\u00e7\u00e3o de<br \/>\nprofissionais aptos \u00e0s necessidades do mercado de trabalho.<br \/>\nAl\u00e9m disso, queremos atender ao seu desejo por uma forma\u00e7\u00e3o de qualidade, por isso desenvolvemos uma<br \/>\nproposta de ensino e aprendizagem composta por diferentes estrat\u00e9gias de ensino para valorizar seu processo<br \/>\neducativo.<br \/>\nApresentamos, neste manual, as informa\u00e7\u00f5es sobre o TCC II \u2013 Monografia, como ser\u00e1 realizado, a<br \/>\nestrutura, as orienta\u00e7\u00f5es para o desenvolvimento, quais atividades ser\u00e3o desenvolvidas, os crit\u00e9rios e sistema de<br \/>\navalia\u00e7\u00e3o.<br \/>\nDesejamos que voc\u00ea conhe\u00e7a tamb\u00e9m o papel dos profissionais envolvidos no processo de ensino e<br \/>\naprendizagem, assim como os meios de comunica\u00e7\u00e3o utilizados para favorecer a interatividade, a reflex\u00e3o e a<br \/>\nconstru\u00e7\u00e3o do conhecimento de forma colaborativa.<br \/>\nCom a leitura atenta e necess\u00e1ria deste Manual, esperaos que voc\u00ea obtenha informa\u00e7\u00f5es importantes para<br \/>\num processo acad\u00eamico de qualidade. Estamos muito felizes com seu ingresso no Trabalho de Conclus\u00e3o de Curso<br \/>\nem formato de Monografia, sabemos a import\u00e2ncia dessa etapa para sua forma\u00e7\u00e3o e estamos \u00e0 disposi\u00e7\u00e3o para<br \/>\nsanar suas d\u00favidas.<br \/>\nBoa leitura! Coordena\u00e7\u00e3o de Curso.<br \/>\nP\u00fablico<br \/>\n1. INTRODU\u00c7\u00c3O<br \/>\nO TCC II \u2013 Monografia \u00e9 uma atividade realizada pelos alunos matriculados nos cursos que o exigem como<br \/>\natividade acad\u00eamica avaliativa obrigat\u00f3ria integrante dos seus curr\u00edculos. O discente deve apresentar o TCC II \u2013<br \/>\nMonografia destinado a cumprir uma exig\u00eancia acad\u00eamica e de inicia\u00e7\u00e3o cient\u00edfica.<br \/>\nA pesquisa acad\u00eamica ocupa um lugar de destaque no processo de ensino e aprendizagem, permitindo o<br \/>\naprofundamento do saber elaborado em sala de aula, estimulando a produ\u00e7\u00e3o cient\u00edfica, por meio de revis\u00e3o<br \/>\nbibliogr\u00e1fica de forma sistematizada em livros, revistas e plataformas cientificas, que disponibilizam o acesso \u00e0s<br \/>\nmais recentes publica\u00e7\u00f5es cientificas, a partir das quais voc\u00ea poder\u00e1 analisar e discutir trabalhos cient\u00edficos<br \/>\naderentes ao seu tema que ir\u00e3o referenciar o seu trabalho. Al\u00e9m disto, o TCC II \u2013 Monografia contribuir\u00e1 para o<br \/>\naprimoramento do processo educacional.<br \/>\nO desenvolvimento desta atividade \u00e9 realizado por meio do Ambiente Virtual de Aprendizagem (AVA).<br \/>\nDurante esse processo voc\u00ea ter\u00e1 a orienta\u00e7\u00e3o metodol\u00f3gica e suporte de um tutor a dist\u00e2ncia especializado na<br \/>\n\u00e1rea, que mediar\u00e1 junto ao professor da disciplina o aprofundamento did\u00e1tico conceitual. Embora voc\u00ea possa<br \/>\ndefinir o hor\u00e1rio que dedicar\u00e1 \u00e0s suas atividades, dever\u00e1 cumpri-las dentro dos prazos determinados no<br \/>\ncronograma da disiciplina, podendo ser consultados no seu AVA. O tutor, com apoio do professor da disciplina,<br \/>\npoder\u00e1 auxiliar voc\u00ea na elabora\u00e7\u00e3o desse planejamento.<br \/>\nA elabora\u00e7\u00e3o do trabalho deve observar as exig\u00eancias metodol\u00f3gicas espec\u00edficas e seguir os crit\u00e9rios<br \/>\nt\u00e9cnicos estabelecidos nas normas da ABNT e estar aderente a \u00e1rea de forma\u00e7\u00e3o do seu curso.<br \/>\n2. ESTRUTURA DO TCC II \u2013 MONOGRAFIA<br \/>\nA estrutura apresenta t\u00f3picos que s\u00e3o obrigat\u00f3rios e outros que ser\u00e3o adequados de acordo com a<br \/>\ncaracter\u00edstica do seu trabalho. Veja, a seguir, os itens obrigat\u00f3rios e opcionais presentes na estrutura do TCC II \u2013<br \/>\nMonografia:<br \/>\nElementos pr\u00e9-textuais: apresentam dados que devem ser inclu\u00eddos conforme a natureza, extens\u00e3o ou<br \/>\ncomplexidade do trabalho para facilitar o entendimento do texto pelo leitor. S\u00e3o elementos pr\u00e9-textuais:<br \/>\n\u2022 T\u00edtulo;<br \/>\n\u2022 Autoria;<br \/>\n\u2022 Resumo;<br \/>\n\u2022 Palavras-chave.<br \/>\nElementos textuais: s\u00e3o aqueles que constituem o n\u00facleo do trabalho. \u00c9 a parte onde ser\u00e1 expresso o<br \/>\nconte\u00fado de todo o trabalho, sendo composto por: introdu\u00e7\u00e3o, desenvolvimento e conclus\u00e3o. Nos elementos<br \/>\ntextuais, todas as se\u00e7\u00f5es s\u00e3o numeradas. S\u00e3o elementos textuais:<br \/>\n\u2022 Introdu\u00e7\u00e3o;<br \/>\n\u2022 Desenvolvimento;<br \/>\n\u2022 Conclus\u00e3o.<br \/>\nElementos p\u00f3s-textuais: s\u00e3o elementos complementares ao trabalho, que devem estar ap\u00f3s o texto.<br \/>\n\u2022 Refer\u00eancias.<br \/>\nIMPORTANTE:<br \/>\nNo AVA est\u00e1 dispon\u00edvel o modelo para elabora\u00e7\u00e3o do TCC II \u2013 Monografia, no qual est\u00e3o descritos todos os<br \/>\nelementos que ser\u00e3o desenvolvidos durante a realiza\u00e7\u00e3o do trabalho, este modelo deve ser utilizado para<br \/>\nrealiza\u00e7\u00e3o das atividades.<br \/>\nP\u00fablico<br \/>\n3. ORIENTA\u00c7\u00c3O PARA O DESENVOLVIMENTO DO TCC II \u2013 MONOGRAFIA<br \/>\nO desenvolvimento das atividades no TCC II \u2013 Monografia \u00e9 realizado a partir das instru\u00e7\u00f5es dispon\u00edveis<br \/>\nno AVA.<br \/>\nDurante a elabora\u00e7\u00e3o de seu TCC II \u2013 Monografia, voc\u00ea contar\u00e1 com a media\u00e7\u00e3o de um tutor com forma\u00e7\u00e3o e<br \/>\nexperi\u00eancia na \u00e1rea. Al\u00e9m deste manual, No AVA, voc\u00ea encontra:<br \/>\n\u2022 Modelo do TCC II \u2013 Monografia;<br \/>\n\u2022 Espa\u00e7o de envio de atividades e acesso ao feedback do tutor;<br \/>\n\u2022 V\u00eddeo Aula;<br \/>\n\u2022 Plano de ensino da disciplina;<br \/>\n\u2022 Textos complementares.<br \/>\nO acesso aos materiais e orienta\u00e7\u00f5es \u00e9 imprescind\u00edvel para que seu trabalho seja realizado com qualidade,<br \/>\natendendo aos crit\u00e9rios necess\u00e1rios para a elabora\u00e7\u00e3o da Monografia.<br \/>\nO trabalho ser\u00e1 realizado dentro de padr\u00f5es cient\u00edfico-metodol\u00f3gicos, seguindo as orienta\u00e7\u00f5es do tutor e<br \/>\nde acordo com o tema escolhido.<br \/>\nAlguns pontos importantes para o desenvolvimento de seu TCC II \u2013 Monografia:<br \/>\n\u2022 Profundidade da pesquisa e das abordagens;<br \/>\n\u2022 Qualidade da reda\u00e7\u00e3o e do ordenamento l\u00f3gico das ideias e argumentos;<br \/>\n\u2022 Originalidade nas abordagens e nos argumentos;<br \/>\n\u2022 Atendimento \u00e0s sugest\u00f5es e \u00e0s orienta\u00e7\u00f5es dadas pelo tutor e professor;<br \/>\n\u2022 Abordagem metodol\u00f3gica direcionada para a revis\u00e3o de literatura;<br \/>\n\u2022 Tema aderente a \u00e1rea de forma\u00e7\u00e3o.<br \/>\nIMPORTANTE:<br \/>\nVoc\u00ea dever\u00e1 estruturar o seu trabalho de acordo com o modelo dispon\u00edvel no AVA, seguindo as normas da ABNT<br \/>\npara elabora\u00e7\u00e3o de trabalhos acad\u00eamicos. A Monografia dever\u00e1 ser enviada para corre\u00e7\u00e3o por meio do AVA dever\u00e1<br \/>\nser de natureza te\u00f3rica e original. As Monografias ser\u00e3o submetidas a ferramentas de pl\u00e1gio, considerando a Lei.<br \/>\nNo 9.619 a identifica\u00e7\u00e3o de similaridade invalidar\u00e1 a Monografia entregue.<br \/>\n4. TEMAS DO TCC II \u2013 MONOGRAFIA<br \/>\nNa elabora\u00e7\u00e3o de seu TCC II \u2013 Monografia, voc\u00ea dever\u00e1 dar continuidade ao seu Projeto elaborado no TCC<br \/>\nI \u2013 Projeto, sendo assim, o tema escolhido dever\u00e1 ser aprofundado durante a pesquisa e realiza\u00e7\u00e3o do seu TCC II<br \/>\n\u2013 Monografia.<br \/>\nNada impede que mais de um(a) aluno(a) escreva sobre o mesmo tema. Por\u00e9m, cada aluno tem uma<br \/>\nforma de produzir um texto, de selecionar as refer\u00eancias a serem utilizadas e as escolhas lingu\u00edsticas. Portanto, \u00e9<br \/>\nIMPOSS\u00cdVEL que se tenha dois alunos com propostas id\u00eanticas, perseguindo os mesmos objetivos, embasandose nos mesmos autores em seus aspectos mais significativos sobre este tema.<br \/>\n5. ATIVIDADES<br \/>\nO TCC II \u2013 Monografia ser\u00e1 desenvolvido em 2 atividades, estabelecidas de acordo com o cronograma<br \/>\ndisponibilizado no AVA. A seguir, voc\u00ea encontra os itens que comp\u00f5em as atividades que desenvolver\u00e1:<br \/>\nP\u00fablico<br \/>\n5.1 \u2013 Elabora\u00e7\u00e3o da Atividade<br \/>\nA Monografia \u00e9 uma constru\u00e7\u00e3o textual com os principais resultados de uma pesquisa acad\u00eamica.<br \/>\nObrigatoriamente dever\u00e1 apresentar o t\u00edtulo, a autoria, e a introdu\u00e7\u00e3o, explicitando com clareza qual ser\u00e1 o tema<br \/>\ndiscutido, al\u00e9m disto, deve trazer e a contextualiza\u00e7\u00e3o do tema, justificativa, problema de pesquisa, os objetivos<br \/>\ngeral e espec\u00edficos.<br \/>\nA metodologia utilizada para realiza\u00e7\u00e3o do trabalho e os resultados e discuss\u00e3o, dever\u00e3o ser apresentados<br \/>\ncom robustez na Monografia tendo com base na fundamenta\u00e7\u00e3o te\u00f3rica realizada, e ainda, dever\u00e1 apresentar as<br \/>\nrefer\u00eancias utilizadas nesta etapa.<br \/>\nO seu TCC II \u2013 Monografia dever\u00e1 ser elaborado no modelo dispon\u00edvel na sala da disciplina no AVA<br \/>\n5.2 \u2013 Apresenta\u00e7\u00e3o<br \/>\nA orat\u00f3ria \u00e9 um recurso muito utilizado pelo profissional ao longo de sua trajet\u00f3ria profissional. Com o<br \/>\nobjetivo de proporcionar aos alunos (as) uma oportunidade de exercitar essa ferramenta primordial ao exerc\u00edcio<br \/>\nprofissional, \u00e9 necess\u00e1rio que o (a) estudante realize a apresenta\u00e7\u00e3o da Monografia ao t\u00e9rmino do semestre.<br \/>\nA apresenta\u00e7\u00e3o da Monografia dever\u00e1 ser realizada em dia e hor\u00e1rio definido. O polo presencial \u00e9 o<br \/>\nrespons\u00e1vel por organizar os momentos e o tempo de cada aluno para a apresenta\u00e7\u00e3o, que dever\u00e1 ser sucinta e<br \/>\npoder\u00e1 ou n\u00e3o utilizar de recursos audiovisuais.<br \/>\nEssa apresenta\u00e7\u00e3o complementa a pontua\u00e7\u00e3o da monografia, e deve ser realizada em sala de aula,<br \/>\nmediante a presen\u00e7a dos colegas de turma e do tutor presencial, que ser\u00e1 o respons\u00e1vel em lan\u00e7ar no sistema a<br \/>\npontua\u00e7\u00e3o devida. Para realizar a apresenta\u00e7\u00e3o do projeto, \u00e9 obrigat\u00f3ria a postagem do trabalho no ambiente<br \/>\nvirtual.<br \/>\n6. AVALIA\u00c7\u00c3O DO TCC II \u2013 MONOGRAFIA<br \/>\nO processo de ensino e aprendizagem no Trabalho de Conclus\u00e3o de Curso II \u2013 Monografia (regular,<br \/>\ndepend\u00eancia, adapta\u00e7\u00e3o) \u00e9 conduzido pelo orientador &#8211; coordenador do curso -, e por meio das media\u00e7\u00f5es<br \/>\npedag\u00f3gicas dos tutores a dist\u00e2ncia e presencial.<br \/>\nPara o desenvolvimento da monografia, o (a) estudante dever\u00e1 fazer o download do modelo dispon\u00edvel na<br \/>\nsala da disciplina no AVA, proceder com a realiza\u00e7\u00e3o da atividade e realizar a postagem no AVA dentro dos prazos<br \/>\ninformados no calend\u00e1rio acad\u00eamico.<br \/>\nO Trabalho de Conclus\u00e3o de Curso II \u2013 Monografia \u00e9 INDIVIDUAL e essencial para que o (a) estudante se<br \/>\ngradue, conforme consta no Guia de Percurso.<br \/>\nO sistema de avalia\u00e7\u00e3o adotado no TCC II \u2013 Monografia \u00e9 composto pela elabora\u00e7\u00e3o da monografia \u2013<br \/>\nprodu\u00e7\u00e3o textual desenvolvida ao longo do semestre, mais a apresenta\u00e7\u00e3o oral que ser\u00e1 realizada no seu Polo. O<br \/>\nestudante reprovado dever\u00e1 realizar o TCC II \u2013 Monografia matriculando-se na depend\u00eancia e arcar com o \u00f4nus<br \/>\ndos custos decorrentes da nova orienta\u00e7\u00e3o.<br \/>\nA sua Monografia postada no AVA ser\u00e1 avaliado de acordo com os crit\u00e9rios abaixo:<br \/>\nP\u00fablico<br \/>\n7. ORIENTA\u00c7\u00d5ES SOBRE PL\u00c1GIO<br \/>\nO pl\u00e1gio acad\u00eamico configura-se quando um aluno utiliza, seja de internet, revista ou livros, ideias, frases ou<br \/>\nconceitos do autor que as formulou e as publicou sem cit\u00e1-lo como fonte de pesquisa, omitindo o devido cr\u00e9dito<br \/>\nao outro autor. Para evitar o pl\u00e1gio, procure:<br \/>\n\u2022 Dar cr\u00e9dito ao utilizar ideias de outras pessoas, opini\u00e3o ou teoria;<br \/>\n\u2022 Informar a refer\u00eancia ao mencionar estat\u00edsticas, gr\u00e1ficos, desenhos, trechos de qualquer informa\u00e7\u00e3o, entre<br \/>\noutros que n\u00e3o s\u00e3o de conhecimento comum;<br \/>\n\u2022 Utilizar aspas (\u201c) em palavras escritas ou faladas por outros autores;<br \/>\n\u2022 Obedecer \u00e0s normas bibliogr\u00e1ficas da ABNT para o uso de cita\u00e7\u00f5es no trabalho.<br \/>\n\u2022 Utilizar textos de pr\u00f3pria autoria estabelecendo di\u00e1logo entre os autores citados, contextualiza\u00e7\u00f5es e<br \/>\nsequ\u00eancia l\u00f3gica entre as diferentes ideias citadas.<br \/>\nA qualquer momento o seu trabalho poder\u00e1 ser submetido \u00e0s ferramentas de varredura para a detec\u00e7\u00e3o<br \/>\nde similaridade. Assim caso seja detectado similaridades, seu trabalho poder\u00e1 ser invalidado em qualquer uma<br \/>\ndas atividades. \u00c9 importante sempre realizar o envio da atividade para corre\u00e7\u00e3o no AVA com anteced\u00eancia para<br \/>\nevitar transtornos.<br \/>\nEm caso de d\u00favidas, contate o seu tutor.<br \/>\n8. PRAZOS<br \/>\nCada uma das atividades previstas obedece ao cronograma dispon\u00edvel no AVA. Desse modo, procure<br \/>\nrealizar o envio de sua atividade atrav\u00e9s do AVA para corre\u00e7\u00e3o sempre com anteced\u00eancia, para que tenha a<br \/>\noportunidade de corrigir eventuais problemas nas atividades do seu TCC II &#8211; Artigo. Quanto mais cedo voc\u00ea realizar<br \/>\no envio atrav\u00e9s do AVA, mais tempo ter\u00e1 para corrigir os apontamentos do tutor. Aproveite essa chance e n\u00e3o<br \/>\ndeixe para o final do prazo.<br \/>\nAp\u00f3s o t\u00e9rmino do prazo, o ambiente n\u00e3o aceitar\u00e1 novos envios atrav\u00e9s do AVA e n\u00e3o ser\u00e3o aceitos arquivos<br \/>\nenviados por e-mail, mensagem, coment\u00e1rio ou qualquer outra forma que n\u00e3o seja atrav\u00e9s do campo de envio<br \/>\nespec\u00edfico no AVA. Voc\u00ea deve utilizar o sistema de mensagens do AVA para se comunicar com o tutor. Por meio<br \/>\ndesse canal de comunica\u00e7\u00e3o, voc\u00ea poder\u00e1 sanar suas d\u00favidas.<br \/>\nO encerramento das atividades ocorrer\u00e1 sempre \u00e0s 23h55min considerando o hor\u00e1rio de Bras\u00edlia.<br \/>\nCRIT\u00c9RIO PONTOS<br \/>\nApresenta\u00e7\u00e3o do t\u00edtulo, a autoria, o tema devidamente contextualizado, a justificativa, o<br \/>\nproblema de pesquisa e os objetivos geral e espec\u00edfico.<br \/>\n0 \u2013 500<br \/>\nApresenta\u00e7\u00e3o da metodologia (Revis\u00e3o de Literatura) aplicada de acordo com os objetivos<br \/>\npropostos, definindo de forma detalhada o desenvolvimento da pesquisa, tais como:<br \/>\ntemporalidade, crit\u00e9rios de inclus\u00e3o e exclus\u00e3o, bases utilizadas e referencial te\u00f3rico.<br \/>\n0 \u2013 1.500<br \/>\nApresenta\u00e7\u00e3o dos resultados e discuss\u00e3o baseada na fundamenta\u00e7\u00e3o te\u00f3rica, com uma breve<br \/>\nrevis\u00e3o de literatura, das principais obras e autores que tratam do tema escolhido.<br \/>\n0 \u2013 2.500<br \/>\nApresenta\u00e7\u00e3o da conclus\u00e3o, realizando o fechamento do trabalho de forma clara, de acordo<br \/>\ncom os objetivos propostos.<br \/>\n0 \u2013 1.500<br \/>\nApresenta\u00e7\u00e3o da vers\u00e3o final do Artigo, atividade elaborada no modelo dispon\u00edvel no AVA,<br \/>\napresentando as cita\u00e7\u00f5es, refer\u00eancias e formata\u00e7\u00e3o correta, de acordo com as normas da<br \/>\nABNT. Apresenta\u00e7\u00e3o dos itens pr\u00e9 e p\u00f3s textuais. O texto foi escrito de forma coerente, sem<br \/>\nerros ortogramaticais.<br \/>\n0 \u2013 1.500<br \/>\nRefer\u00eancias contemplam todas as obras e autores que foram citados no trabalho, atendendo<br \/>\n\u00e0 formata\u00e7\u00e3o da ABNT.<br \/>\n0 \u2013 500<\/p>\n<div class=\"elementor-toggle-item\">\n<p id=\"elementor-tab-title-1941\" class=\"elementor-tab-title elementor-active\" tabindex=\"0\" role=\"tab\" data-tab=\"1\" aria-controls=\"elementor-tab-content-1941\" aria-expanded=\"true\" aria-selected=\"true\"><strong>Como funciona?<\/strong><\/p>\n<p>Elaboramos os portf\u00f3lios, j\u00e1 deixamos prontos, nas normas da ABNT e conforme os requisitos da universidade. F\u00e1cil assim! O MELHOR \u00c9 QUE VOC\u00ca COMPRA E J\u00c1 BAIXA NA HORA O SEU ARQUIVO EM WORD! Sabemos que conciliar trabalho, fam\u00edlia, vida profissional e estudos \u00e9 dif\u00edcil hoje em dia, por isso, estamos aqui para ajudar voc\u00ea. Conte com nossa qualidade, experi\u00eancia e profissionalismo adquirindo seu portf\u00f3lio conosco. GARANTIMOS SEU CONCEITO!<\/p>\n<p><strong>Como se realizam os envios?<\/strong><\/p>\n<\/div>\n<p id=\"elementor-tab-content-1942\" class=\"elementor-tab-content elementor-clearfix elementor-active\" role=\"tabpanel\" data-tab=\"2\" aria-labelledby=\"elementor-tab-title-1942\">O seu trabalho \u00e9 disponibilizado pronto, respondido e nas normas j\u00e1 na mesma hora aqui em nosso site na sua \u00e1rea de downloads e tamb\u00e9m no seu e-mail.<\/p>\n<p><strong>Em quanto tempo recebo o portf\u00f3lio?<\/strong><\/p>\n<p>Os envios s\u00e3o imediatos. Ap\u00f3s sua compra, o trabalho j\u00e1 \u00e9 disponibilizado instantaneamente aqui em nosso site e no seu e-mail.<\/p>\n<p><strong>E se o portf\u00f3lio que comprei precisar de corre\u00e7\u00e3o?<\/strong><\/p>\n<p>Caso haja alguma solicita\u00e7\u00e3o de corre\u00e7\u00e3o\/altera\u00e7\u00e3o por parte do tutor, basta entrar em contato conosco pelo\u00a0WhatsApp\u00a0que provid\u00eanciaremos sem custo algum.<\/p>\n<p><strong>Qual o formato do arquivo?<\/strong><\/p>\n<p>Os arquivos s\u00e3o enviados em formato Word e s\u00e3o edit\u00e1veis.<\/p>\n<p><strong>Caso eu tiver alguma d\u00favida, terei suporte no p\u00f3s venda?<\/strong><\/p>\n<p>Sim, com certeza. Basta clicar no \u00edcone do WhatsApp no cantinho da tela. Ser\u00e1 um prazer atend\u00ea-lo(a).<\/p>\n<div id=\"elementor-tab-content-1948\" class=\"elementor-tab-content elementor-clearfix elementor-active\" role=\"tabpanel\" data-tab=\"8\" aria-labelledby=\"elementor-tab-title-1948\">\n<p><strong>Quais os seus canais de contato?<\/strong><\/p>\n<\/div>\n<div id=\"elementor-tab-content-1949\" class=\"elementor-tab-content elementor-clearfix elementor-active\" role=\"tabpanel\" data-tab=\"9\" aria-labelledby=\"elementor-tab-title-1949\">\n<p>Whatsapp: 53 984751621 \u2013 Clicar no canto da tela ou ESCANEIE O QRCODE ABAIXO<\/p>\n<h4><img decoding=\"async\" class=\"alignnone wp-image-13699 jetpack-lazy-image jetpack-lazy-image--handled\" src=\"https:\/\/i0.wp.com\/portifolioos-prontos.com\/wp-content\/uploads\/2023\/02\/whatsapp-business-projeto-de-extensao-300x300.jpeg?resize=144%2C144\" sizes=\"(max-width: 144px) 100vw, 144px\" srcset=\"https:\/\/i0.wp.com\/portifolioos-prontos.com\/wp-content\/uploads\/2023\/02\/whatsapp-business-projeto-de-extensao.jpeg?resize=300%2C301&amp;ssl=1 300w, https:\/\/i0.wp.com\/portifolioos-prontos.com\/wp-content\/uploads\/2023\/02\/whatsapp-business-projeto-de-extensao.jpeg?resize=150%2C150&amp;ssl=1 150w, https:\/\/i0.wp.com\/portifolioos-prontos.com\/wp-content\/uploads\/2023\/02\/whatsapp-business-projeto-de-extensao.jpeg?resize=370%2C372&amp;ssl=1 370w, https:\/\/i0.wp.com\/portifolioos-prontos.com\/wp-content\/uploads\/2023\/02\/whatsapp-business-projeto-de-extensao.jpeg?resize=100%2C100&amp;ssl=1 100w, https:\/\/i0.wp.com\/portifolioos-prontos.com\/wp-content\/uploads\/2023\/02\/whatsapp-business-projeto-de-extensao.jpeg?w=470&amp;ssl=1 470w\" alt=\"projeto de extens\u00e3o unopar\" width=\"144\" height=\"144\" data-lazy-loaded=\"1\" \/><\/h4>\n<\/div>\n<div class=\"elementor-toggle-item\">\n<div id=\"elementor-tab-content-1949\" class=\"elementor-tab-content elementor-clearfix elementor-active\" role=\"tabpanel\" data-tab=\"9\" aria-labelledby=\"elementor-tab-title-1949\">\n<p>E-mail:portifoliosp@gmail.com<\/p>\n<div id=\"attachment_143\" class=\"wp-caption alignnone\">\n<div id=\"attachment_143\" class=\"wp-caption alignnone\">\n<p id=\"caption-attachment-143\" class=\"wp-caption-text\"><a href=\"http:\/\/portfolio-pronto.com\/\">Portf\u00f3lio<\/a>\u00a0em Word, respondido, completo e j\u00e1 nas normas<\/p>\n<\/div>\n<\/div>\n<\/div>\n<\/div>\n","protected":false},"excerpt":{"rendered":"<div class=\"product-short-description\"><strong>Pague pelo PIX ou cart\u00e3o e fa\u00e7a o download agora mesmo.<\/strong><\/div>\n<div class=\"sticky-add-to-cart-wrapper\">\n<div class=\"sticky-add-to-cart\">\n<p class=\"quantity buttons_added form-flat\"><img decoding=\"async\" class=\"lazyloaded smush-image-5 smush-image-3 smush-image-4 smush-detected-img smush-image-bigger-3\" src=\"https:\/\/d26lpennugtm8s.cloudfront.net\/assets\/common\/img\/logos\/payment\/visa@2x.png\" width=\"46\" height=\"29\" data-src=\"https:\/\/d26lpennugtm8s.cloudfront.net\/assets\/common\/img\/logos\/payment\/visa@2x.png\" \/><img decoding=\"async\" class=\"lazyloaded smush-image-6 smush-image-4 smush-image-5 smush-detected-img smush-image-bigger-4\" src=\"https:\/\/d26lpennugtm8s.cloudfront.net\/assets\/common\/img\/logos\/payment\/boleto@2x.png\" width=\"43\" height=\"27\" data-src=\"https:\/\/d26lpennugtm8s.cloudfront.net\/assets\/common\/img\/logos\/payment\/boleto@2x.png\" \/><img loading=\"lazy\" decoding=\"async\" class=\"lazyloaded smush-image-7 smush-image-5 smush-image-6 smush-detected-img smush-image-bigger-5\" src=\"https:\/\/d26lpennugtm8s.cloudfront.net\/assets\/common\/img\/logos\/payment\/mastercard@2x.png\" width=\"43\" height=\"27\" data-src=\"https:\/\/d26lpennugtm8s.cloudfront.net\/assets\/common\/img\/logos\/payment\/mastercard@2x.png\" \/><img loading=\"lazy\" decoding=\"async\" class=\"lazyloaded smush-image-8 smush-image-6 smush-image-7 smush-detected-img smush-image-bigger-6\" src=\"https:\/\/d26lpennugtm8s.cloudfront.net\/assets\/common\/img\/logos\/payment\/amex@2x.png\" width=\"43\" height=\"27\" data-src=\"https:\/\/d26lpennugtm8s.cloudfront.net\/assets\/common\/img\/logos\/payment\/amex@2x.png\" \/><img loading=\"lazy\" decoding=\"async\" class=\"lazyloaded smush-image-9 smush-image-7 smush-image-8 smush-detected-img smush-image-bigger-7\" src=\"https:\/\/d26lpennugtm8s.cloudfront.net\/assets\/common\/img\/logos\/payment\/diners@2x.png\" width=\"46\" height=\"29\" data-src=\"https:\/\/d26lpennugtm8s.cloudfront.net\/assets\/common\/img\/logos\/payment\/diners@2x.png\" \/><img loading=\"lazy\" decoding=\"async\" class=\"lazyloaded smush-image-10 smush-image-8 smush-image-9 alignnone smush-detected-img smush-image-bigger-8\" src=\"https:\/\/d26lpennugtm8s.cloudfront.net\/assets\/common\/img\/logos\/payment\/br\/elo@2x.png\" alt=\"portf\u00f3lio unopar anhanguera\" width=\"45\" height=\"28\" data-src=\"https:\/\/d26lpennugtm8s.cloudfront.net\/assets\/common\/img\/logos\/payment\/br\/elo@2x.png\" \/><img loading=\"lazy\" decoding=\"async\" class=\"lazyloaded smush-image-11 smush-image-9 smush-image-10 alignnone smush-detected-img smush-image-bigger-9\" src=\"https:\/\/d26lpennugtm8s.cloudfront.net\/assets\/common\/img\/logos\/payment\/br\/hipercard@2x.png\" alt=\"portf\u00f3lio unopar anhanguera\" width=\"44\" height=\"28\" data-src=\"https:\/\/d26lpennugtm8s.cloudfront.net\/assets\/common\/img\/logos\/payment\/br\/hipercard@2x.png\" \/><img loading=\"lazy\" decoding=\"async\" class=\"lazyloaded smush-image-12 smush-image-10 smush-image-11 alignnone smush-detected-img smush-image-bigger-10\" src=\"https:\/\/d26lpennugtm8s.cloudfront.net\/assets\/common\/img\/logos\/payment\/mercadopago@2x.png\" alt=\"portf\u00f3lio unopar anhanguera\" width=\"45\" height=\"28\" data-src=\"https:\/\/d26lpennugtm8s.cloudfront.net\/assets\/common\/img\/logos\/payment\/mercadopago@2x.png\" \/><img loading=\"lazy\" decoding=\"async\" class=\"alignnone ls-is-cached lazyloaded smush-detected-img smush-image-bigger-11\" src=\"https:\/\/futurium.com.br\/wp-content\/uploads\/2021\/06\/logo-pix-icone-512.png\" alt=\"portfolio pronto\" width=\"30\" height=\"30\" data-src=\"https:\/\/futurium.com.br\/wp-content\/uploads\/2021\/06\/logo-pix-icone-512.png\" \/><\/p>\n<\/div>\n<\/div>\n","protected":false},"featured_media":46735,"template":"","meta":{"_seopress_robots_primary_cat":"","_seopress_titles_title":"","_seopress_titles_desc":"","_seopress_robots_index":""},"product_cat":[286],"product_tag":[],"class_list":{"0":"post-46734","1":"product","2":"type-product","3":"status-publish","4":"has-post-thumbnail","6":"product_cat-jornalismo","8":"first","9":"instock","10":"shipping-taxable","11":"purchasable","12":"product-type-simple","13":"col-xs-6 col-sm-4","14":"col-mf-5","15":"un-5-cols"},"jetpack_sharing_enabled":true,"_links":{"self":[{"href":"https:\/\/portifolioos-prontos.com\/index.php\/wp-json\/wp\/v2\/product\/46734","targetHints":{"allow":["GET"]}}],"collection":[{"href":"https:\/\/portifolioos-prontos.com\/index.php\/wp-json\/wp\/v2\/product"}],"about":[{"href":"https:\/\/portifolioos-prontos.com\/index.php\/wp-json\/wp\/v2\/types\/product"}],"version-history":[{"count":1,"href":"https:\/\/portifolioos-prontos.com\/index.php\/wp-json\/wp\/v2\/product\/46734\/revisions"}],"predecessor-version":[{"id":46736,"href":"https:\/\/portifolioos-prontos.com\/index.php\/wp-json\/wp\/v2\/product\/46734\/revisions\/46736"}],"wp:featuredmedia":[{"embeddable":true,"href":"https:\/\/portifolioos-prontos.com\/index.php\/wp-json\/wp\/v2\/media\/46735"}],"wp:attachment":[{"href":"https:\/\/portifolioos-prontos.com\/index.php\/wp-json\/wp\/v2\/media?parent=46734"}],"wp:term":[{"taxonomy":"product_cat","embeddable":true,"href":"https:\/\/portifolioos-prontos.com\/index.php\/wp-json\/wp\/v2\/product_cat?post=46734"},{"taxonomy":"product_tag","embeddable":true,"href":"https:\/\/portifolioos-prontos.com\/index.php\/wp-json\/wp\/v2\/product_tag?post=46734"}],"curies":[{"name":"wp","href":"https:\/\/api.w.org\/{rel}","templated":true}]}}