{"id":46740,"date":"2025-10-22T19:57:23","date_gmt":"2025-10-22T22:57:23","guid":{"rendered":"https:\/\/portifolioos-prontos.com\/?post_type=product&#038;p=46740"},"modified":"2025-10-24T14:58:26","modified_gmt":"2025-10-24T17:58:26","slug":"aula-pratica-metrologia-e-controle-geometrico-u1_fundamentos_da_metrologia-aula-a4_parametros-caracteristicos","status":"publish","type":"product","link":"https:\/\/portifolioos-prontos.com\/index.php\/product\/aula-pratica-metrologia-e-controle-geometrico-u1_fundamentos_da_metrologia-aula-a4_parametros-caracteristicos\/","title":{"rendered":"Aula Pr\u00e1tica Metrologia e Controle Geom\u00e9trico U1 Aula: A4_Par\u00e2metros Caracter\u00edsticos"},"content":{"rendered":"<p><strong>Aula Pr\u00e1tica<\/strong><br \/>\n<strong>ROTEIRO DE AULA PR\u00c1TICA<\/strong><br \/>\n<strong>NOME DA DISCIPLINA: METROLOGIA E CONTROLE GEOM\u00c9TRICO<\/strong><br \/>\n<strong>Unidade: U1_FUNDAMENTOS_DA_METROLOGIA<\/strong><br \/>\n<strong>Aula: A4_PAR\u00c2METROS CARACTER\u00cdSTICOS<\/strong><br \/>\nOBJETIVOS<br \/>\nDefini\u00e7\u00e3o dos objetivos da aula pr\u00e1tica:<br \/>\nAprender como utilizar adequadamente a r\u00e9gua graduada e como realizar medidas nas<br \/>\nescalas do sistema m\u00e9trico;<br \/>\nSOLU\u00c7\u00c3O DIGITAL: N\u00c2O<br \/>\nPROCEDIMENTOS PR\u00c1TICOS E APLICA\u00c7\u00d5ES<br \/>\nProcedimento\/Atividade n\u00ba 1<br \/>\nAprender como utilizar adequadamente a r\u00e9gua graduada para realiza\u00e7\u00e3o de medidas no<br \/>\nsistema m\u00e9trico, bem como os c\u00e1lculos relacionados a um estudo metrol\u00f3gico;<br \/>\nAtividade proposta:<br \/>\nEscolher um objeto presente em seu local de estudo, como um livro did\u00e1tico, celular ou<br \/>\ncaderno. Em seguida, dever\u00e1 realizar medi\u00e7\u00f5es dimensionais do objeto, identificando<br \/>\nposs\u00edveis fontes de incerteza e avaliando os par\u00e2metros caracter\u00edsticos do instrumento<br \/>\nutilizado para a medi\u00e7\u00e3o.<br \/>\nProcedimentos para a realiza\u00e7\u00e3o da atividade:<br \/>\nEtapa 1.1: Procedimento de Medi\u00e7\u00e3o e C\u00e1lculo:<br \/>\nElaborar o roteiro de medi\u00e7\u00e3o:<br \/>\no Definir os mensurandos, ou seja, as grandezas que ser\u00e3o avaliadas no objeto<br \/>\nselecionado. Exemplos: (comprimento, largura, altura, volume, massa); ideal trabalhar<br \/>\ncom ao menos tr\u00eas grandezas.<br \/>\no Indicar o operador do procedimento e data de realiza\u00e7\u00e3o;<br \/>\no Descrever e avaliar o instrumento de medi\u00e7\u00e3o (r\u00e9gua graduada);<br \/>\no Descrever as condi\u00e7\u00f5es de medi\u00e7\u00e3o. Exemplo: (temperatura, umidade);<br \/>\no Definir n\u00famero de medidas e os c\u00e1lculos que ser\u00e3o realizados.<br \/>\nP\u00fablico3<br \/>\nRealizar as medidas no objeto:<br \/>\no Mensurar ao menos cinco vezes cada mensurando;<br \/>\no Calcular a m\u00e9dia das medidas para cada grandeza;<br \/>\no Calcular o desvio padr\u00e3o para cada grandeza avaliada;<br \/>\no Apresentar o resultado para cada mensurando, indicando o desvio.<br \/>\nEtapa 1.2: Indicar Poss\u00edveis Fontes de Incerteza:<br \/>\nTabele os resultados encontrados na Etapa 1;<br \/>\no Compare os resultados de cada grandeza;<br \/>\no Avalie os motivos pelos quais os resultados s\u00e3o ou n\u00e3o iguais;<br \/>\no Descreva as principais fontes de incerteza que podem atuar em um processo de<br \/>\nmedi\u00e7\u00e3o e associe com os par\u00e2metros caracter\u00edsticos do equipamento de medi\u00e7\u00e3o.<br \/>\nAvaliando os resultados:<br \/>\n1. Quais equipamentos\/ferramentas podem ser utilizados para efetuar inspe\u00e7\u00f5es visando<br \/>\nobter medidas de precis\u00e3o? Descreva cada ferramenta e as formas pelas quais pode(m)<br \/>\nser empregada(s).<br \/>\nChecklist:<br \/>\no Selecionar o objeto para o estudo;<br \/>\no Elaborar o roteiro de medi\u00e7\u00e3o;<br \/>\no Realizar as medidas e os c\u00e1lculos necess\u00e1rios;<br \/>\no Registrar os resultados para cada mensurando;<br \/>\no Apresentar e avaliar os resultados encontrados nos procedimentos;<br \/>\no Descrever poss\u00edveis fontes de incerteza que podem atuar em um processo de<br \/>\nmedi\u00e7\u00e3o;<br \/>\no Elaborar relat\u00f3rio da pr\u00e1tica.<br \/>\nRESULTADOS<br \/>\nResultados do experimento:<br \/>\nAo final dessa aula pr\u00e1tica, voc\u00ea dever\u00e1 enviar um arquivo em word contendo as informa\u00e7\u00f5es<br \/>\nobtidas no experimento, em conjunto com um texto conclusivo a respeito das informa\u00e7\u00f5es obtidas.<br \/>\nO arquivo n\u00e3o pode exceder o tamanho de 2Mb.<br \/>\n\uf0b7 N\u00e3o se esque\u00e7a de responder a(s) quest\u00e3o(es) levantada(s) no \u201cAvaliando o<br \/>\nresultado\u201d e documentar processo da execu\u00e7\u00e3o da pr\u00e1tica.<br \/>\n\uf0b7 Refer\u00eancias bibliogr\u00e1ficas ABNT (quando houver).<br \/>\nP\u00fablico4<br \/>\nResultados de Aprendizagem:<br \/>\nComo resultados dessa pr\u00e1tica, espera-se que os alunos saibam como utilizar adequadamente a<br \/>\nr\u00e9gua graduada para realiza\u00e7\u00e3o de medidas no sistema m\u00e9trico, bem como os c\u00e1lculos<br \/>\nrelacionados a um estudo metrol\u00f3gico;<\/p>\n<div class=\"elementor-toggle-item\">\n<p id=\"elementor-tab-title-1941\" class=\"elementor-tab-title elementor-active\" tabindex=\"0\" role=\"tab\" data-tab=\"1\" aria-controls=\"elementor-tab-content-1941\" aria-expanded=\"true\" aria-selected=\"true\"><strong>Como funciona?<\/strong><\/p>\n<p>Elaboramos os portf\u00f3lios, j\u00e1 deixamos prontos, nas normas da ABNT e conforme os requisitos da universidade. F\u00e1cil assim! O MELHOR \u00c9 QUE VOC\u00ca COMPRA E J\u00c1 BAIXA NA HORA O SEU ARQUIVO EM WORD! Sabemos que conciliar trabalho, fam\u00edlia, vida profissional e estudos \u00e9 dif\u00edcil hoje em dia, por isso, estamos aqui para ajudar voc\u00ea. Conte com nossa qualidade, experi\u00eancia e profissionalismo adquirindo seu portf\u00f3lio conosco. GARANTIMOS SEU CONCEITO!<\/p>\n<p><strong>Como se realizam os envios?<\/strong><\/p>\n<\/div>\n<p id=\"elementor-tab-content-1942\" class=\"elementor-tab-content elementor-clearfix elementor-active\" role=\"tabpanel\" data-tab=\"2\" aria-labelledby=\"elementor-tab-title-1942\">O seu trabalho \u00e9 disponibilizado pronto, respondido e nas normas j\u00e1 na mesma hora aqui em nosso site na sua \u00e1rea de downloads e tamb\u00e9m no seu e-mail.<\/p>\n<p><strong>Em quanto tempo recebo o portf\u00f3lio?<\/strong><\/p>\n<p>Os envios s\u00e3o imediatos. Ap\u00f3s sua compra, o trabalho j\u00e1 \u00e9 disponibilizado instantaneamente aqui em nosso site e no seu e-mail.<\/p>\n<p><strong>E se o portf\u00f3lio que comprei precisar de corre\u00e7\u00e3o?<\/strong><\/p>\n<p>Caso haja alguma solicita\u00e7\u00e3o de corre\u00e7\u00e3o\/altera\u00e7\u00e3o por parte do tutor, basta entrar em contato conosco pelo\u00a0WhatsApp\u00a0que provid\u00eanciaremos sem custo algum.<\/p>\n<p><strong>Qual o formato do arquivo?<\/strong><\/p>\n<p>Os arquivos s\u00e3o enviados em formato Word e s\u00e3o edit\u00e1veis.<\/p>\n<p><strong>Caso eu tiver alguma d\u00favida, terei suporte no p\u00f3s venda?<\/strong><\/p>\n<p>Sim, com certeza. Basta clicar no \u00edcone do WhatsApp no cantinho da tela. Ser\u00e1 um prazer atend\u00ea-lo(a).<\/p>\n<div id=\"elementor-tab-content-1948\" class=\"elementor-tab-content elementor-clearfix elementor-active\" role=\"tabpanel\" data-tab=\"8\" aria-labelledby=\"elementor-tab-title-1948\">\n<p><strong>Quais os seus canais de contato?<\/strong><\/p>\n<\/div>\n<div id=\"elementor-tab-content-1949\" class=\"elementor-tab-content elementor-clearfix elementor-active\" role=\"tabpanel\" data-tab=\"9\" aria-labelledby=\"elementor-tab-title-1949\">\n<p>Whatsapp: 53 984751621 \u2013 Clicar no canto da tela ou ESCANEIE O QRCODE ABAIXO<\/p>\n<h4><img decoding=\"async\" class=\"alignnone wp-image-13699 jetpack-lazy-image jetpack-lazy-image--handled\" src=\"https:\/\/i0.wp.com\/portifolioos-prontos.com\/wp-content\/uploads\/2023\/02\/whatsapp-business-projeto-de-extensao-300x300.jpeg?resize=144%2C144\" sizes=\"(max-width: 144px) 100vw, 144px\" srcset=\"https:\/\/i0.wp.com\/portifolioos-prontos.com\/wp-content\/uploads\/2023\/02\/whatsapp-business-projeto-de-extensao.jpeg?resize=300%2C301&amp;ssl=1 300w, https:\/\/i0.wp.com\/portifolioos-prontos.com\/wp-content\/uploads\/2023\/02\/whatsapp-business-projeto-de-extensao.jpeg?resize=150%2C150&amp;ssl=1 150w, https:\/\/i0.wp.com\/portifolioos-prontos.com\/wp-content\/uploads\/2023\/02\/whatsapp-business-projeto-de-extensao.jpeg?resize=370%2C372&amp;ssl=1 370w, https:\/\/i0.wp.com\/portifolioos-prontos.com\/wp-content\/uploads\/2023\/02\/whatsapp-business-projeto-de-extensao.jpeg?resize=100%2C100&amp;ssl=1 100w, https:\/\/i0.wp.com\/portifolioos-prontos.com\/wp-content\/uploads\/2023\/02\/whatsapp-business-projeto-de-extensao.jpeg?w=470&amp;ssl=1 470w\" alt=\"projeto de extens\u00e3o unopar\" width=\"144\" height=\"144\" data-lazy-loaded=\"1\" \/><\/h4>\n<\/div>\n<div class=\"elementor-toggle-item\">\n<div id=\"elementor-tab-content-1949\" class=\"elementor-tab-content elementor-clearfix elementor-active\" role=\"tabpanel\" data-tab=\"9\" aria-labelledby=\"elementor-tab-title-1949\">\n<p>E-mail:portifoliosp@gmail.com<\/p>\n<div id=\"attachment_143\" class=\"wp-caption alignnone\">\n<div id=\"attachment_143\" class=\"wp-caption alignnone\">\n<p id=\"caption-attachment-143\" class=\"wp-caption-text\"><a href=\"http:\/\/portfolio-pronto.com\/\">Portf\u00f3lio<\/a>\u00a0em Word, respondido, completo e j\u00e1 nas normas<\/p>\n<\/div>\n<\/div>\n<\/div>\n<\/div>\n","protected":false},"excerpt":{"rendered":"<div class=\"product-short-description\"><strong>Pague pelo PIX ou cart\u00e3o e fa\u00e7a o download agora mesmo.<\/strong><\/div>\n<div class=\"sticky-add-to-cart-wrapper\">\n<div class=\"sticky-add-to-cart\">\n<p class=\"quantity buttons_added form-flat\"><img decoding=\"async\" class=\"lazyloaded smush-image-5 smush-image-3 smush-image-4 smush-detected-img smush-image-bigger-3\" src=\"https:\/\/d26lpennugtm8s.cloudfront.net\/assets\/common\/img\/logos\/payment\/visa@2x.png\" width=\"46\" height=\"29\" data-src=\"https:\/\/d26lpennugtm8s.cloudfront.net\/assets\/common\/img\/logos\/payment\/visa@2x.png\" \/><img decoding=\"async\" class=\"lazyloaded smush-image-6 smush-image-4 smush-image-5 smush-detected-img smush-image-bigger-4\" src=\"https:\/\/d26lpennugtm8s.cloudfront.net\/assets\/common\/img\/logos\/payment\/boleto@2x.png\" width=\"43\" height=\"27\" data-src=\"https:\/\/d26lpennugtm8s.cloudfront.net\/assets\/common\/img\/logos\/payment\/boleto@2x.png\" \/><img loading=\"lazy\" decoding=\"async\" class=\"lazyloaded smush-image-7 smush-image-5 smush-image-6 smush-detected-img smush-image-bigger-5\" src=\"https:\/\/d26lpennugtm8s.cloudfront.net\/assets\/common\/img\/logos\/payment\/mastercard@2x.png\" width=\"43\" height=\"27\" data-src=\"https:\/\/d26lpennugtm8s.cloudfront.net\/assets\/common\/img\/logos\/payment\/mastercard@2x.png\" \/><img loading=\"lazy\" decoding=\"async\" class=\"lazyloaded smush-image-8 smush-image-6 smush-image-7 smush-detected-img smush-image-bigger-6\" src=\"https:\/\/d26lpennugtm8s.cloudfront.net\/assets\/common\/img\/logos\/payment\/amex@2x.png\" width=\"43\" height=\"27\" data-src=\"https:\/\/d26lpennugtm8s.cloudfront.net\/assets\/common\/img\/logos\/payment\/amex@2x.png\" \/><img loading=\"lazy\" decoding=\"async\" class=\"lazyloaded smush-image-9 smush-image-7 smush-image-8 smush-detected-img smush-image-bigger-7\" src=\"https:\/\/d26lpennugtm8s.cloudfront.net\/assets\/common\/img\/logos\/payment\/diners@2x.png\" width=\"46\" height=\"29\" data-src=\"https:\/\/d26lpennugtm8s.cloudfront.net\/assets\/common\/img\/logos\/payment\/diners@2x.png\" \/><img loading=\"lazy\" decoding=\"async\" class=\"lazyloaded smush-image-10 smush-image-8 smush-image-9 alignnone smush-detected-img smush-image-bigger-8\" src=\"https:\/\/d26lpennugtm8s.cloudfront.net\/assets\/common\/img\/logos\/payment\/br\/elo@2x.png\" alt=\"portf\u00f3lio unopar anhanguera\" width=\"45\" height=\"28\" data-src=\"https:\/\/d26lpennugtm8s.cloudfront.net\/assets\/common\/img\/logos\/payment\/br\/elo@2x.png\" \/><img loading=\"lazy\" decoding=\"async\" class=\"lazyloaded smush-image-11 smush-image-9 smush-image-10 alignnone smush-detected-img smush-image-bigger-9\" src=\"https:\/\/d26lpennugtm8s.cloudfront.net\/assets\/common\/img\/logos\/payment\/br\/hipercard@2x.png\" alt=\"portf\u00f3lio unopar anhanguera\" width=\"44\" height=\"28\" data-src=\"https:\/\/d26lpennugtm8s.cloudfront.net\/assets\/common\/img\/logos\/payment\/br\/hipercard@2x.png\" \/><img loading=\"lazy\" decoding=\"async\" class=\"lazyloaded smush-image-12 smush-image-10 smush-image-11 alignnone smush-detected-img smush-image-bigger-10\" src=\"https:\/\/d26lpennugtm8s.cloudfront.net\/assets\/common\/img\/logos\/payment\/mercadopago@2x.png\" alt=\"portf\u00f3lio unopar anhanguera\" width=\"45\" height=\"28\" data-src=\"https:\/\/d26lpennugtm8s.cloudfront.net\/assets\/common\/img\/logos\/payment\/mercadopago@2x.png\" \/><img loading=\"lazy\" decoding=\"async\" class=\"alignnone ls-is-cached lazyloaded smush-detected-img smush-image-bigger-11\" src=\"https:\/\/futurium.com.br\/wp-content\/uploads\/2021\/06\/logo-pix-icone-512.png\" alt=\"portfolio pronto\" width=\"30\" height=\"30\" data-src=\"https:\/\/futurium.com.br\/wp-content\/uploads\/2021\/06\/logo-pix-icone-512.png\" \/><\/p>\n<\/div>\n<\/div>\n","protected":false},"featured_media":46741,"template":"","meta":{"_seopress_robots_primary_cat":"","_seopress_titles_title":"","_seopress_titles_desc":"","_seopress_robots_index":""},"product_cat":[15],"product_tag":[],"class_list":{"0":"post-46740","1":"product","2":"type-product","3":"status-publish","4":"has-post-thumbnail","6":"product_cat-uncategorized","8":"first","9":"instock","10":"shipping-taxable","11":"purchasable","12":"product-type-simple","13":"col-xs-6 col-sm-4","14":"col-mf-5","15":"un-5-cols"},"jetpack_sharing_enabled":true,"_links":{"self":[{"href":"https:\/\/portifolioos-prontos.com\/index.php\/wp-json\/wp\/v2\/product\/46740","targetHints":{"allow":["GET"]}}],"collection":[{"href":"https:\/\/portifolioos-prontos.com\/index.php\/wp-json\/wp\/v2\/product"}],"about":[{"href":"https:\/\/portifolioos-prontos.com\/index.php\/wp-json\/wp\/v2\/types\/product"}],"version-history":[{"count":2,"href":"https:\/\/portifolioos-prontos.com\/index.php\/wp-json\/wp\/v2\/product\/46740\/revisions"}],"predecessor-version":[{"id":46869,"href":"https:\/\/portifolioos-prontos.com\/index.php\/wp-json\/wp\/v2\/product\/46740\/revisions\/46869"}],"wp:featuredmedia":[{"embeddable":true,"href":"https:\/\/portifolioos-prontos.com\/index.php\/wp-json\/wp\/v2\/media\/46741"}],"wp:attachment":[{"href":"https:\/\/portifolioos-prontos.com\/index.php\/wp-json\/wp\/v2\/media?parent=46740"}],"wp:term":[{"taxonomy":"product_cat","embeddable":true,"href":"https:\/\/portifolioos-prontos.com\/index.php\/wp-json\/wp\/v2\/product_cat?post=46740"},{"taxonomy":"product_tag","embeddable":true,"href":"https:\/\/portifolioos-prontos.com\/index.php\/wp-json\/wp\/v2\/product_tag?post=46740"}],"curies":[{"name":"wp","href":"https:\/\/api.w.org\/{rel}","templated":true}]}}