{"id":46747,"date":"2025-10-22T20:05:49","date_gmt":"2025-10-22T23:05:49","guid":{"rendered":"https:\/\/portifolioos-prontos.com\/?post_type=product&#038;p=46747"},"modified":"2026-03-02T20:11:55","modified_gmt":"2026-03-02T23:11:55","slug":"aula-pratica-metrologia-e-controle-geometrico-u4_-instrumentos_de_medicao_e_tecnologias_avancadas-aula-a3_controle-estatistico-de-processos-cep","status":"publish","type":"product","link":"https:\/\/portifolioos-prontos.com\/index.php\/product\/aula-pratica-metrologia-e-controle-geometrico-u4_-instrumentos_de_medicao_e_tecnologias_avancadas-aula-a3_controle-estatistico-de-processos-cep\/","title":{"rendered":"Aula Pr\u00e1tica Metrologia e Controle Geom\u00e9trico &#8211; U4 Aula: A3_Controle Estat\u00edstico De Processos (Cep)"},"content":{"rendered":"<p><strong>ROTEIRO DE AULA PR\u00c1TICA<\/strong><\/p>\n<hr \/>\n<p><strong>NOME DA DISCIPLINA:<\/strong> METROLOGIA E CONTROLE METROL\u00d3GICO<\/p>\n<hr \/>\n<p><strong>Unidade:<\/strong> U4_ INSTRUMENTOS_DE_MEDI\u00c7\u00c3O_E_TECNOLOGIAS_AVAN\u00c7ADAS<\/p>\n<hr \/>\n<p><strong>Aula:<\/strong> A3_CONTROLE ESTAT\u00cdSTICO DE PROCESSOS (CEP).<\/p>\n<hr \/>\n<p><strong>OBJETIVOS<\/strong><\/p>\n<p>Defini\u00e7\u00e3o dos objetivos da aula pr\u00e1tica:<\/p>\n<p>Compreender os passos necess\u00e1rios para a constru\u00e7\u00e3o de um gr\u00e1fico de Pareto.<\/p>\n<hr \/>\n<p><strong>SOLU\u00c7\u00c3O DIGITAL:<\/strong><\/p>\n<p>ALGETEC \u2013 acesso via disciplina dispon\u00edvel no ambiente virtual do aluno<\/p>\n<p>O laborat\u00f3rio virtual \u00e9 uma plataforma para simula\u00e7\u00e3o de procedimentos em laborat\u00f3rio. Ele deve ser acessado por computador e n\u00e3o deve ser acessado por celular ou tablet. O requisito m\u00ednimo para o seu computador \u00e9 uma mem\u00f3ria ram de 4 gb. O primeiro acesso ser\u00e1 um pouco mais lento, pois alguns plugins s\u00e3o buscados no navegador. A partir do segundo acesso, a velocidade de abertura dos experimentos ser\u00e1 mais r\u00e1pida.<\/p>\n<ol>\n<li>Caso utilize o Windows 10, d\u00ea prefer\u00eancia ao navegador Google Chrome;<\/li>\n<li>Caso utilize o Windows 7, d\u00ea prefer\u00eancia ao navegador Mozilla Firefox;<\/li>\n<li>Feche outros programas que podem sobrecarregar o computador;<\/li>\n<li>Verifique se o navegador est\u00e1 atualizado;<\/li>\n<li>Realize teste de velocidade da internet.<\/li>\n<\/ol>\n<hr \/>\n<p><strong>PROCEDIMENTOS PR\u00c1TICOS E APLICA\u00c7\u00d5ES<\/strong><\/p>\n<hr \/>\n<p><strong>Procedimento\/Atividade n\u00ba 1<\/strong><\/p>\n<p>Compreender os passos necess\u00e1rios para a constru\u00e7\u00e3o de um gr\u00e1fico de Pareto.<\/p>\n<hr \/>\n<p><strong>Atividade proposta:<\/strong><\/p>\n<p>Por se tratar de uma pr\u00e1tica simulada, o aluno precisar\u00e1 acessar a pr\u00e1tica (GEST\u00c3O DA QUALIDADE DE PRODUTOS E PROCESSOS GR\u00c1FICO DE PARETO) na plataforma Algetec.<\/p>\n<p>A partir do acesso, dispon\u00edvel no ambiente virtual do aluno, segue procedimento a ser realizado no laborat\u00f3rio virtual.<\/p>\n<hr \/>\n<p><strong>Procedimentos para a realiza\u00e7\u00e3o da atividade:<\/strong><\/p>\n<hr \/>\n<p><strong>Etapa 1.1: Situa\u00e7\u00e3o Problema:<\/strong><\/p>\n<p>o Visualize o computador clicando com o bot\u00e3o esquerdo do mouse na c\u00e2mera com o nome \u201cComputador\u201d localizada dentro do painel de visualiza\u00e7\u00e3o no canto superior esquerdo da tela. Se preferir, tamb\u00e9m pode ser utilizado o atalho do teclado \u201cAlt+2\u201d;<\/p>\n<p>o Leia atentamente o enunciado da quest\u00e3o exibida na tela;<\/p>\n<p>o Selecione os EPIs necess\u00e1rios para a realiza\u00e7\u00e3o do ensaio clicando com o bot\u00e3o esquerdo do mouse sobre eles. Neste experimento \u00e9 obrigat\u00f3rio o uso de luvas;<\/p>\n<hr \/>\n<p><strong>Preenchendo os Dados:<\/strong><\/p>\n<p>o Visualize os passos para a elabora\u00e7\u00e3o do gr\u00e1fico clicando na barra lateral e arrastando-a para baixo com o bot\u00e3o esquerdo do mouse\u201d;<\/p>\n<p>o Organize os dados em ordem decrescente clicando nas setas indicadas com o bot\u00e3o direito do mouse;<\/p>\n<p>o Ap\u00f3s realizar a organiza\u00e7\u00e3o dos dados, passe para a pr\u00f3xima etapa clicando com o bot\u00e3o esquerdo do mouse no bot\u00e3o indicado;<\/p>\n<p>o Preencha o valor do somat\u00f3rio no campo indicado utilizando as teclas do teclado. Em seguida, verifique se a resposta est\u00e1 correta clicando no bot\u00e3o \u201cVerificar resposta\u201d com o bot\u00e3o esquerdo do mouse;<\/p>\n<p>o Avance para a pr\u00f3xima etapa clicando no bot\u00e3o \u201cPr\u00f3ximo passo\u201d com o bot\u00e3o esquerdo do mouse. Calcule a porcentagem para cada item clicando no espa\u00e7o correspondente e preenchendo os dados com o teclado do seu computador.\u201d;<\/p>\n<p>o Ap\u00f3s preencher todos os dados avance para o pr\u00f3ximo passo. Realize o somat\u00f3rio dos percentuais dos itens clicando no espa\u00e7o correspondente e preenchendo os dados com o teclado do seu computador. Ap\u00f3s preencher todos os dados avance para o pr\u00f3ximo passo.;<\/p>\n<hr \/>\n<p><strong>Etapa 1.2: Analisando o Gr\u00e1fico de Pareto:<\/strong><\/p>\n<p>o Analise o gr\u00e1fico resultante e escolha qual problema deve ser atacado primeiro clicando na barra do gr\u00e1fico com o bot\u00e3o esquerdo do mouse\u201d;<\/p>\n<hr \/>\n<p><strong>Avaliando os resultados:<\/strong><\/p>\n<ol>\n<li>Quais s\u00e3o as vari\u00e1veis constituintes do processo de medi\u00e7\u00e3o e as poss\u00edveis fontes de erro?<\/li>\n<\/ol>\n<hr \/>\n<p><strong>Checklist:<\/strong><\/p>\n<p>o Entender a Situa\u00e7\u00e3o Problema;<br \/>\no Preencher os Dados Fornecidos;<br \/>\no Analisar o Gr\u00e1fico de Pareto Gerado;<br \/>\no Avaliar os Resultados;<br \/>\no Elaborar Relat\u00f3rio da Pr\u00e1tica.<\/p>\n<hr \/>\n<p><strong>RESULTADOS<\/strong><\/p>\n<hr \/>\n<p><strong>Resultados do experimento:<\/strong><\/p>\n<p>Ao final dessa aula pr\u00e1tica, voc\u00ea dever\u00e1 enviar um arquivo em word contendo as informa\u00e7\u00f5es obtidas no experimento, em conjunto com um texto conclusivo a respeito das informa\u00e7\u00f5es obtidas. O arquivo n\u00e3o pode exceder o tamanho de 2Mb.<\/p>\n<p>\uf0b7 N\u00e3o se esque\u00e7a de responder a(s) quest\u00e3o(es) levantada(s) no \u201cAvaliando o resultado\u201d e documentar processo da execu\u00e7\u00e3o da pr\u00e1tica.<\/p>\n<p>\uf0b7 Refer\u00eancias bibliogr\u00e1ficas ABNT (quando houver).<\/p>\n<hr \/>\n<p><strong>Resultados de Aprendizagem:<\/strong><\/p>\n<p>Como resultado desta pr\u00e1tica, espera-se que os alunos aprendam a tratar corretamente os dados obtidos para realizar an\u00e1lises estat\u00edsticas. No contexto da atividade, foi utilizado, por exemplo, o Diagrama de Pareto como ferramenta de apoio \u00e0 interpreta\u00e7\u00e3o dos dados.<\/p>\n<div class=\"elementor-toggle-item\">\n<p id=\"elementor-tab-title-1941\" class=\"elementor-tab-title elementor-active\" tabindex=\"0\" role=\"tab\" data-tab=\"1\" aria-controls=\"elementor-tab-content-1941\" aria-expanded=\"true\" aria-selected=\"true\"><strong>Como funciona?<\/strong><\/p>\n<p>Elaboramos os portf\u00f3lios, j\u00e1 deixamos prontos, nas normas da ABNT e conforme os requisitos da universidade. F\u00e1cil assim! O MELHOR \u00c9 QUE VOC\u00ca COMPRA E J\u00c1 BAIXA NA HORA O SEU ARQUIVO EM WORD! Sabemos que conciliar trabalho, fam\u00edlia, vida profissional e estudos \u00e9 dif\u00edcil hoje em dia, por isso, estamos aqui para ajudar voc\u00ea. Conte com nossa qualidade, experi\u00eancia e profissionalismo adquirindo seu portf\u00f3lio conosco. GARANTIMOS SEU CONCEITO!<\/p>\n<p><strong>Como se realizam os envios?<\/strong><\/p>\n<\/div>\n<p id=\"elementor-tab-content-1942\" class=\"elementor-tab-content elementor-clearfix elementor-active\" role=\"tabpanel\" data-tab=\"2\" aria-labelledby=\"elementor-tab-title-1942\">O seu trabalho \u00e9 disponibilizado pronto, respondido e nas normas j\u00e1 na mesma hora aqui em nosso site na sua \u00e1rea de downloads e tamb\u00e9m no seu e-mail.<\/p>\n<p><strong>Em quanto tempo recebo o portf\u00f3lio?<\/strong><\/p>\n<p>Os envios s\u00e3o imediatos. Ap\u00f3s sua compra, o trabalho j\u00e1 \u00e9 disponibilizado instantaneamente aqui em nosso site e no seu e-mail.<\/p>\n<p><strong>E se o portf\u00f3lio que comprei precisar de corre\u00e7\u00e3o?<\/strong><\/p>\n<p>Caso haja alguma solicita\u00e7\u00e3o de corre\u00e7\u00e3o\/altera\u00e7\u00e3o por parte do tutor, basta entrar em contato conosco pelo\u00a0WhatsApp\u00a0que provid\u00eanciaremos sem custo algum.<\/p>\n<p><strong>Qual o formato do arquivo?<\/strong><\/p>\n<p>Os arquivos s\u00e3o enviados em formato Word e s\u00e3o edit\u00e1veis.<\/p>\n<p><strong>Caso eu tiver alguma d\u00favida, terei suporte no p\u00f3s venda?<\/strong><\/p>\n<p>Sim, com certeza. Basta clicar no \u00edcone do WhatsApp no cantinho da tela. Ser\u00e1 um prazer atend\u00ea-lo(a).<\/p>\n<div id=\"elementor-tab-content-1948\" class=\"elementor-tab-content elementor-clearfix elementor-active\" role=\"tabpanel\" data-tab=\"8\" aria-labelledby=\"elementor-tab-title-1948\">\n<p><strong>Quais os seus canais de contato?<\/strong><\/p>\n<\/div>\n<div id=\"elementor-tab-content-1949\" class=\"elementor-tab-content elementor-clearfix elementor-active\" role=\"tabpanel\" data-tab=\"9\" aria-labelledby=\"elementor-tab-title-1949\">\n<p>Whatsapp: 53 984751621 \u2013 Clicar no canto da tela ou ESCANEIE O QRCODE ABAIXO<\/p>\n<h4><img decoding=\"async\" class=\"alignnone wp-image-13699 jetpack-lazy-image jetpack-lazy-image--handled\" src=\"https:\/\/i0.wp.com\/portifolioos-prontos.com\/wp-content\/uploads\/2023\/02\/whatsapp-business-projeto-de-extensao-300x300.jpeg?resize=144%2C144\" sizes=\"(max-width: 144px) 100vw, 144px\" srcset=\"https:\/\/i0.wp.com\/portifolioos-prontos.com\/wp-content\/uploads\/2023\/02\/whatsapp-business-projeto-de-extensao.jpeg?resize=300%2C301&amp;ssl=1 300w, https:\/\/i0.wp.com\/portifolioos-prontos.com\/wp-content\/uploads\/2023\/02\/whatsapp-business-projeto-de-extensao.jpeg?resize=150%2C150&amp;ssl=1 150w, https:\/\/i0.wp.com\/portifolioos-prontos.com\/wp-content\/uploads\/2023\/02\/whatsapp-business-projeto-de-extensao.jpeg?resize=370%2C372&amp;ssl=1 370w, https:\/\/i0.wp.com\/portifolioos-prontos.com\/wp-content\/uploads\/2023\/02\/whatsapp-business-projeto-de-extensao.jpeg?resize=100%2C100&amp;ssl=1 100w, https:\/\/i0.wp.com\/portifolioos-prontos.com\/wp-content\/uploads\/2023\/02\/whatsapp-business-projeto-de-extensao.jpeg?w=470&amp;ssl=1 470w\" alt=\"projeto de extens\u00e3o unopar\" width=\"144\" height=\"144\" data-lazy-loaded=\"1\" \/><\/h4>\n<\/div>\n<div class=\"elementor-toggle-item\">\n<div id=\"elementor-tab-content-1949\" class=\"elementor-tab-content elementor-clearfix elementor-active\" role=\"tabpanel\" data-tab=\"9\" aria-labelledby=\"elementor-tab-title-1949\">\n<p>E-mail:portifoliosp@gmail.com<\/p>\n<div id=\"attachment_143\" class=\"wp-caption alignnone\">\n<div id=\"attachment_143\" class=\"wp-caption alignnone\">\n<p id=\"caption-attachment-143\" class=\"wp-caption-text\"><a href=\"http:\/\/portfolio-pronto.com\/\">Portf\u00f3lio<\/a>\u00a0em Word, respondido, completo e j\u00e1 nas normas<\/p>\n<\/div>\n<\/div>\n<\/div>\n<\/div>\n","protected":false},"excerpt":{"rendered":"<div class=\"product-short-description\"><strong>Pague pelo PIX ou cart\u00e3o e fa\u00e7a o download agora mesmo.<\/strong><\/div>\n<div class=\"sticky-add-to-cart-wrapper\">\n<div class=\"sticky-add-to-cart\">\n<p class=\"quantity buttons_added form-flat\"><img decoding=\"async\" class=\"lazyloaded smush-image-5 smush-image-3 smush-image-4 smush-detected-img smush-image-bigger-3\" src=\"https:\/\/d26lpennugtm8s.cloudfront.net\/assets\/common\/img\/logos\/payment\/visa@2x.png\" width=\"46\" height=\"29\" data-src=\"https:\/\/d26lpennugtm8s.cloudfront.net\/assets\/common\/img\/logos\/payment\/visa@2x.png\" \/><img decoding=\"async\" class=\"lazyloaded smush-image-6 smush-image-4 smush-image-5 smush-detected-img smush-image-bigger-4\" src=\"https:\/\/d26lpennugtm8s.cloudfront.net\/assets\/common\/img\/logos\/payment\/boleto@2x.png\" width=\"43\" height=\"27\" data-src=\"https:\/\/d26lpennugtm8s.cloudfront.net\/assets\/common\/img\/logos\/payment\/boleto@2x.png\" \/><img loading=\"lazy\" decoding=\"async\" class=\"lazyloaded smush-image-7 smush-image-5 smush-image-6 smush-detected-img smush-image-bigger-5\" src=\"https:\/\/d26lpennugtm8s.cloudfront.net\/assets\/common\/img\/logos\/payment\/mastercard@2x.png\" width=\"43\" height=\"27\" data-src=\"https:\/\/d26lpennugtm8s.cloudfront.net\/assets\/common\/img\/logos\/payment\/mastercard@2x.png\" \/><img loading=\"lazy\" decoding=\"async\" class=\"lazyloaded smush-image-8 smush-image-6 smush-image-7 smush-detected-img smush-image-bigger-6\" src=\"https:\/\/d26lpennugtm8s.cloudfront.net\/assets\/common\/img\/logos\/payment\/amex@2x.png\" width=\"43\" height=\"27\" data-src=\"https:\/\/d26lpennugtm8s.cloudfront.net\/assets\/common\/img\/logos\/payment\/amex@2x.png\" \/><img loading=\"lazy\" decoding=\"async\" class=\"lazyloaded smush-image-9 smush-image-7 smush-image-8 smush-detected-img smush-image-bigger-7\" src=\"https:\/\/d26lpennugtm8s.cloudfront.net\/assets\/common\/img\/logos\/payment\/diners@2x.png\" width=\"46\" height=\"29\" data-src=\"https:\/\/d26lpennugtm8s.cloudfront.net\/assets\/common\/img\/logos\/payment\/diners@2x.png\" \/><img loading=\"lazy\" decoding=\"async\" class=\"lazyloaded smush-image-10 smush-image-8 smush-image-9 alignnone smush-detected-img smush-image-bigger-8\" src=\"https:\/\/d26lpennugtm8s.cloudfront.net\/assets\/common\/img\/logos\/payment\/br\/elo@2x.png\" alt=\"portf\u00f3lio unopar anhanguera\" width=\"45\" height=\"28\" data-src=\"https:\/\/d26lpennugtm8s.cloudfront.net\/assets\/common\/img\/logos\/payment\/br\/elo@2x.png\" \/><img loading=\"lazy\" decoding=\"async\" class=\"lazyloaded smush-image-11 smush-image-9 smush-image-10 alignnone smush-detected-img smush-image-bigger-9\" src=\"https:\/\/d26lpennugtm8s.cloudfront.net\/assets\/common\/img\/logos\/payment\/br\/hipercard@2x.png\" alt=\"portf\u00f3lio unopar anhanguera\" width=\"44\" height=\"28\" data-src=\"https:\/\/d26lpennugtm8s.cloudfront.net\/assets\/common\/img\/logos\/payment\/br\/hipercard@2x.png\" \/><img loading=\"lazy\" decoding=\"async\" class=\"lazyloaded smush-image-12 smush-image-10 smush-image-11 alignnone smush-detected-img smush-image-bigger-10\" src=\"https:\/\/d26lpennugtm8s.cloudfront.net\/assets\/common\/img\/logos\/payment\/mercadopago@2x.png\" alt=\"portf\u00f3lio unopar anhanguera\" width=\"45\" height=\"28\" data-src=\"https:\/\/d26lpennugtm8s.cloudfront.net\/assets\/common\/img\/logos\/payment\/mercadopago@2x.png\" \/><img loading=\"lazy\" decoding=\"async\" class=\"alignnone ls-is-cached lazyloaded smush-detected-img smush-image-bigger-11\" src=\"https:\/\/futurium.com.br\/wp-content\/uploads\/2021\/06\/logo-pix-icone-512.png\" alt=\"portfolio pronto\" width=\"30\" height=\"30\" data-src=\"https:\/\/futurium.com.br\/wp-content\/uploads\/2021\/06\/logo-pix-icone-512.png\" \/><\/p>\n<\/div>\n<\/div>\n","protected":false},"featured_media":46741,"template":"","meta":{"_seopress_robots_primary_cat":"none","_seopress_titles_title":"","_seopress_titles_desc":"","_seopress_robots_index":""},"product_cat":[15],"product_tag":[],"class_list":{"0":"post-46747","1":"product","2":"type-product","3":"status-publish","4":"has-post-thumbnail","6":"product_cat-uncategorized","8":"first","9":"instock","10":"shipping-taxable","11":"purchasable","12":"product-type-simple","13":"col-xs-6 col-sm-4","14":"col-mf-5","15":"un-5-cols"},"jetpack_sharing_enabled":true,"_links":{"self":[{"href":"https:\/\/portifolioos-prontos.com\/index.php\/wp-json\/wp\/v2\/product\/46747","targetHints":{"allow":["GET"]}}],"collection":[{"href":"https:\/\/portifolioos-prontos.com\/index.php\/wp-json\/wp\/v2\/product"}],"about":[{"href":"https:\/\/portifolioos-prontos.com\/index.php\/wp-json\/wp\/v2\/types\/product"}],"version-history":[{"count":4,"href":"https:\/\/portifolioos-prontos.com\/index.php\/wp-json\/wp\/v2\/product\/46747\/revisions"}],"predecessor-version":[{"id":49891,"href":"https:\/\/portifolioos-prontos.com\/index.php\/wp-json\/wp\/v2\/product\/46747\/revisions\/49891"}],"wp:featuredmedia":[{"embeddable":true,"href":"https:\/\/portifolioos-prontos.com\/index.php\/wp-json\/wp\/v2\/media\/46741"}],"wp:attachment":[{"href":"https:\/\/portifolioos-prontos.com\/index.php\/wp-json\/wp\/v2\/media?parent=46747"}],"wp:term":[{"taxonomy":"product_cat","embeddable":true,"href":"https:\/\/portifolioos-prontos.com\/index.php\/wp-json\/wp\/v2\/product_cat?post=46747"},{"taxonomy":"product_tag","embeddable":true,"href":"https:\/\/portifolioos-prontos.com\/index.php\/wp-json\/wp\/v2\/product_tag?post=46747"}],"curies":[{"name":"wp","href":"https:\/\/api.w.org\/{rel}","templated":true}]}}