{"id":46921,"date":"2025-10-25T11:10:29","date_gmt":"2025-10-25T14:10:29","guid":{"rendered":"https:\/\/portifolioos-prontos.com\/?post_type=product&#038;p=46921"},"modified":"2026-03-02T20:09:15","modified_gmt":"2026-03-02T23:09:15","slug":"aula-pratica-computacao-em-nuvem-infinity-free","status":"publish","type":"product","link":"https:\/\/portifolioos-prontos.com\/index.php\/product\/aula-pratica-computacao-em-nuvem-infinity-free\/","title":{"rendered":"Aula Pr\u00e1tica Computa\u00e7\u00e3o em Nuvem &#8211;  Infinity Free"},"content":{"rendered":"<p><strong>Aula Pr\u00e1tica Computa\u00e7\u00e3o em Nuvem &#8211; Infinity Free<\/strong><\/p>\n<hr \/>\n<p><strong>ROTEIRO DE AULA PR\u00c1TICA<\/strong><br \/>\n<strong>NOME DA DISCIPLINA: COMPUTA\u00c7\u00c3O EM NUVEM<\/strong><br \/>\n<strong>Unidade: 2 &#8211; OFERTAS DE SERVI\u00c7O EM COMPUTA\u00c7\u00c3O EM NUVEM<\/strong><br \/>\n<strong>Aula: 4 &#8211; GERENCIAMENTO DE DADOS EM NUVEM<\/strong><\/p>\n<hr \/>\n<p><strong>OBJETIVOS<\/strong><br \/>\n\u2713 Analisar os conceitos vistos em aula;<br \/>\n\u2713 Avaliar as teorias pro tr\u00e1s da pr\u00e1tica;<br \/>\n\u2713 Criar um banco de dados para o servidor WEB.<br \/>\n<strong>SOLU\u00c7\u00c3O DIGITAL<\/strong><br \/>\n\u2022 Infinityfree (Site)<br \/>\nLINK SOLU\u00c7\u00c3O DIGITAL (EXCETO ALGETEC): https:\/\/www.infinityfree.net\/<br \/>\nInfinityFree \u00e9 uma plataforma de hospedagem de sites gratuita. Ela oferece servi\u00e7os de hospedagem web<br \/>\npara usu\u00e1rios que desejam criar e manter um site sem pagar por isso.<br \/>\n<strong>PROCEDIMENTO\/ATIVIDADE<\/strong><br \/>\n<strong>ATIVIDADE PROPOSTA:<\/strong><br \/>\nCom o avan\u00e7o da tecnologia e facilidade de acesso \u00e0 internet, para obter informa\u00e7\u00f5es, muitas empresas<br \/>\noptaram por deixar seus softwares cada vez mais preparados para o dia a dia.<br \/>\nAs empresas est\u00e3o cada vez mais buscando sistemas robustos e complexos para sua evolu\u00e7\u00e3o e isto faz com<br \/>\nque elas repensem suas formas de produ\u00e7\u00e3o, considerando o forte impacto dos sistemas de informa\u00e7\u00e3o<br \/>\ncomo um dos principais fatores de estrat\u00e9gia competitiva.<br \/>\nA nuvem permite total visibilidade e controle sobre seus dados. Voc\u00ea pode decidir facilmente quais usu\u00e1rios<br \/>\nt\u00eam qual n\u00edvel de acesso a quais dados. Isso lhe d\u00e1 controle, mas tamb\u00e9m simplifica o trabalho, pois a equipe<br \/>\nsaber\u00e1 facilmente quais documentos s\u00e3o atribu\u00eddos a eles. Tamb\u00e9m aumentar\u00e1 e facilitar\u00e1 a colabora\u00e7\u00e3o.<br \/>\nOs bancos de dados em nuvem oferecem muitos dos mesmos benef\u00edcios, incluindo: Maior agilidade e<br \/>\ninova\u00e7\u00e3o. Os bancos de dados em nuvem podem ser configurados e desativados muito rapidamente, fazendo<br \/>\ntestes, validando e operacionalizando novas ideias de neg\u00f3cios de maneira f\u00e1cil e r\u00e1pida.<br \/>\nP\u00fablico3<br \/>\nA empresa Super Techyny utiliza o Infinity Free para hospedar seu banco de dados (MySQL).<br \/>\nO objetivo \u00e9 criar um banco de dados para o servidor WEB e executar um script SQL.<br \/>\nVoc\u00ea dever\u00e1:<br \/>\nUtilizar o Infinity Free para criar um banco de dados (MySQL) nas nuvens.<br \/>\nO MySQL \u00e9 um sistema de gerenciamento de banco de dados. \u00c9 atualmente um dos sistemas de<br \/>\ngerenciamento de bancos de dados mais populares do mundo.<br \/>\nVamos utilizar o Infinity Free com o objetivo de simular o banco de dados nas nuvens.<br \/>\nEle pode ser acessado pelo link: https:\/\/www.infinityfree.net\/<br \/>\nExemplo de Script:<br \/>\n&#8212; Estrutura da tabela `categoria`<br \/>\n&#8212;<br \/>\nCREATE TABLE IF NOT EXISTS `categoria` (<br \/>\n`IDCATEGORIA` int(11) NOT NULL,<br \/>\n`DESCRICAO` varchar(255) NOT NULL<br \/>\n) ENGINE=InnoDB AUTO_INCREMENT=2 DEFAULT CHARSET=latin1;<br \/>\n&#8212;<br \/>\n&#8212; Extraindo dados da tabela `categoria`<br \/>\n&#8212;<br \/>\nINSERT INTO `categoria` (`IDCATEGORIA`, `DESCRICAO`) VALUES<br \/>\n(1, &#8216;Achocolatado&#8217;);<br \/>\n&#8212; &#8212;&#8212;&#8212;&#8212;&#8212;&#8212;&#8212;&#8212;&#8212;-<a href=\"http:\/\/portifolioos-prontos.com\">&#8211;<\/a>&#8212;&#8212;&#8212;&#8212;&#8212;&#8212;&#8212;&#8212;&#8212;<br \/>\n&#8212;<br \/>\n&#8212; Estrutura da tabela `cliente`<br \/>\n&#8212;<br \/>\nCREATE TABLE IF NOT EXISTS `cliente` (<br \/>\n`IDCLI` int(10) NOT NULL,<br \/>\n`NOME` varchar(255) NOT NULL,<br \/>\n`LOGIN` varchar(255) NOT NULL,<br \/>\n`SENHA` varchar(255) NOT NULL,<br \/>\n`DTNASC` date NOT NULL,<br \/>\n`ENDERECO` varchar(255) NOT NULL,<br \/>\n`SEXO` int(1) NOT NULL,<br \/>\n`CPF` varchar(20) NOT NULL,<br \/>\n`RG` varchar(20) NOT NULL,<br \/>\n`TELEFONE` varchar(20) NOT NULL,<br \/>\n`CELULAR` varchar(20) NOT NULL<br \/>\nP\u00fablico4<br \/>\n) ENGINE=InnoDB AUTO_INCREMENT=2 DEFAULT CHARSET=latin1;<br \/>\n&#8212;<br \/>\n&#8212; Extraindo dados da tabela `cliente`<br \/>\n&#8212;<br \/>\nINSERT INTO `cliente` (`IDCLI`, `NOME`, `LOGIN`, `SENHA`, `DTNASC`, `ENDERECO`, `SEXO`, `CPF`, `RG`,<br \/>\n`TELEFONE`, `CELULAR`) VALUES<br \/>\n(1, &#8216;Aluno2314, &#8216;aluno&#8217;, &#8216;123456&#8217;, &#8216;1983-07-02&#8217;, &#8216;Rua Tiradentes&#8217;, 1, &#8216;225.962.590-87&#8217;, &#8216;40.252.991-1&#8217;,<br \/>\n&#8216;(43)3333-3333&#8217;, &#8216;(43)3344-3344&#8217;);<br \/>\n&#8212; &#8212;&#8212;&#8212;&#8212;&#8212;&#8212;&#8212;&#8212;&#8212;&#8212;&#8212;&#8212;&#8212;&#8212;&#8212;&#8212;&#8212;&#8212;&#8211;<br \/>\n&#8212;<br \/>\n&#8212; Estrutura da tabela `fornecedor`<br \/>\n&#8212;<br \/>\nCREATE TABLE IF NOT EXISTS `fornecedor` (<br \/>\n`IDFOR` int(10) NOT NULL,<br \/>\n`NOME` varchar(255) NOT NULL,<br \/>\n`TELEFONE` varchar(255) NOT NULL<br \/>\n) ENGINE=InnoDB AUTO_INCREMENT=2 DEFAULT CHARSET=latin1;<br \/>\n&#8212;<br \/>\n&#8212; Extraindo dados da tabela `forn<a href=\"http:\/\/portfolio-pronto.com\">e<\/a>cedor`<br \/>\n&#8212;<br \/>\nINSERT INTO `fornecedor` (`IDFOR`, `NOME`, `TELEFONE`) VALUES<br \/>\n(1, &#8216;Unopar&#8217;, &#8216;(43)3333-3333&#8217;);<br \/>\n&#8212; &#8212;&#8212;&#8212;&#8212;&#8212;&#8212;&#8212;&#8212;&#8212;&#8212;&#8212;&#8212;&#8212;&#8212;&#8212;&#8212;&#8212;&#8212;&#8211;<br \/>\n&#8212;<br \/>\n&#8212; Estrutura da tabela `itempedido`<br \/>\n&#8211;<a href=\"http:\/\/atividadesextensionistas.com\">&#8211;<\/a><br \/>\nCREATE TABLE IF NOT EXISTS `itempedido` (<br \/>\n`IDITEM` int(11) NOT NULL,<br \/>\n`IDPED` int(11) NOT NULL,<br \/>\n`IDPROD` int(11) NOT NULL,<br \/>\n`SEQ` int(11) NOT NULL,<br \/>\n`QTDE` int(11) NOT NULL<br \/>\n) ENGINE=InnoDB AUTO_INCREMENT=42 DEFAULT CHARSET=latin1;<br \/>\n&#8212;<br \/>\n&#8212; Extraindo dados da tabela `itempedido`<br \/>\n&#8212;<br \/>\nP\u00fablico5<br \/>\nINSERT INTO `itempedido` (`IDITEM`, `IDPED`, `IDPROD`, `SEQ`, `QTDE`) VALUES<br \/>\n(37, 50, 1, 1, 2),<br \/>\n(38, 50, 2, 2, 1),<br \/>\n(39, 51, 1, 1, 3),<br \/>\n(40, 51, 2, 2, 3),<br \/>\n(41, 52, 1, 1, 2);<br \/>\n&#8212; &#8212;&#8212;&#8212;&#8212;&#8212;&#8212;&#8212;&#8212;&#8212;&#8212;&#8212;&#8212;&#8212;&#8212;&#8212;&#8212;&#8212;&#8212;&#8211;<br \/>\n&#8212;<br \/>\n&#8212; Estrutura da tabela `marca`<br \/>\n&#8212;<br \/>\nCREATE TABLE IF NOT EXISTS `marca` (<br \/>\n`IDMARCA` int(11) NOT NULL,<br \/>\n`DESCRICAO` varchar(255) NOT NULL<br \/>\n) ENGINE=InnoDB AUTO_INCREMENT=3 DEFAULT CHARSET=latin1;<br \/>\n&#8212;<br \/>\n&#8212; Extraindo dados da tabela `marca`<br \/>\n&#8212;<br \/>\nINSERT INTO `marca` (`IDMARCA`, `DESCRICAO`) VALUES<br \/>\n(1, &#8216;Native&#8217;),<br \/>\n(2, &#8216;Nestle&#8217;);<br \/>\n&#8212; &#8212;&#8212;&#8212;&#8212;&#8212;&#8212;&#8212;&#8212;&#8212;&#8212;&#8212;&#8212;&#8212;&#8212;&#8212;&#8212;&#8212;&#8212;&#8211;<br \/>\n&#8212;<br \/>\n&#8212; Estrutura da tabela `pedido`<br \/>\n&#8212;<br \/>\nCREATE TABLE IF NOT EXISTS `pedido` (<br \/>\n`IDPED` int(11) NOT NULL,<br \/>\n`IDCLI` int(11) NOT NULL,<br \/>\n`IDFOR` int(11) NOT NULL,<br \/>\n`DATA` datetime NOT NULL DEFAULT CURRENT_TIMESTAMP,<br \/>\n`STATUS` char(1) NOT NULL<br \/>\n) ENGINE=InnoDB AUTO_INCREMENT=53 DEFAULT CHARSET=latin1;<br \/>\n&#8212;<br \/>\n&#8212; Extraindo dados da tabela `pedido`<br \/>\n&#8212;<br \/>\nINSERT INTO `pedido` (`IDPED`, `IDCLI`, `IDFOR`, `DATA`, `STATUS`) VALUES<br \/>\n(50, 1, 1, &#8216;2021-09-29 08:34:20&#8217;, &#8216;E&#8217;),<br \/>\nP\u00fablico6<br \/>\n(51, 1, 1, &#8216;2021-09-30 12:05:28&#8217;, &#8216;E&#8217;),<br \/>\n(52, 1, 1, &#8216;2021-09-30 12:06:47&#8217;, &#8216;E&#8217;);<br \/>\n&#8212; &#8212;&#8212;&#8212;&#8212;&#8212;&#8212;&#8212;&#8212;&#8212;&#8212;&#8212;&#8212;&#8212;&#8212;&#8212;&#8212;&#8212;&#8212;&#8211;<br \/>\n&#8212;<br \/>\n&#8212; Estrutura da tabela `produtos`<br \/>\n&#8212;<br \/>\nCREATE TABLE IF NOT EXISTS `produtos` (<br \/>\n`IDPROD` int(10) NOT NULL,<br \/>\n`IDCATEGORIA` int(10) NOT NULL,<br \/>\n`IDMARCA` int(10) NOT NULL,<br \/>\n`NOME` varchar(255) NOT NULL,<br \/>\n`DESCRICAO` varchar(255) NOT NULL,<br \/>\n`ESTOQUE` int(10) NOT NULL,<br \/>\n`PRECO` double NOT NULL<br \/>\n) ENGINE=InnoDB AUTO_INCREMENT=3 DEFAULT CHARSET=latin1;<br \/>\n&#8212;<br \/>\n&#8212; Extraindo dados da tabela `produtos`<br \/>\n&#8212;<br \/>\nINSERT INTO `produtos` (`IDPROD`, `IDCATEGORIA`, `IDMARCA`, `NOME`, `DESCRICAO`, `ESTOQUE`, `PRECO`)<br \/>\nVALUES<br \/>\n(1, 1, 2, &#8216;Nescau&#8217;, &#8216;Achocolatado em p\u00f3&#8217;, 2, 20.3),<br \/>\n(2, 1, 1, &#8216;Cereal&#8217;, &#8216;Cereal nutritivo&#8217;, 17, 10.35),<br \/>\n(3, 1, 1, &#8216;Biscoito&#8217;, &#8216;Biscoito Bono&#8217;, 50, 2.00);<br \/>\n&#8212;<br \/>\n&#8212; Indexes for dumped tables<br \/>\n&#8212;<br \/>\n&#8212;<br \/>\n&#8212; Indexes for table `categoria`<br \/>\n&#8212;<br \/>\nALTER TABLE `categoria`<br \/>\nADD PRIMARY KEY (`IDCATEGORIA`);<br \/>\n&#8212;<br \/>\n&#8212; Indexes for table `cliente`<br \/>\n&#8212;<br \/>\nALTER TABLE `cliente`<br \/>\nP\u00fablico7<br \/>\nADD PRIMARY KEY (`IDCLI`);<br \/>\n&#8212;<br \/>\n&#8212; Indexes for table `fornecedor`<br \/>\n&#8212;<br \/>\nALTER TABLE `fornecedor`<br \/>\nADD PRIMARY KEY (`IDFOR`);<br \/>\n&#8212;<br \/>\n&#8212; Indexes for table `itempedido`<br \/>\n&#8212;<br \/>\nALTER TABLE `itempedido`<br \/>\nADD PRIMARY KEY (`IDITEM`,`IDPED`),<br \/>\nADD KEY `IDPED` (`IDPED`),<br \/>\nADD KEY `IDPROD` (`IDPROD`);<br \/>\n&#8212;<br \/>\n&#8212; Indexes for table `marca`<br \/>\n&#8212;<br \/>\nALTER TABLE `marca`<br \/>\nADD PRIMARY KEY (`IDMARCA`);<br \/>\n&#8212;<br \/>\n&#8212; Indexes for table `pedido`<br \/>\n&#8212;<br \/>\nALTER TABLE `pedido`<br \/>\nADD PRIMARY KEY (`IDPED`),<br \/>\nADD KEY `IDCLI` (`IDCLI`),<br \/>\nADD KEY `IDFOR` (`IDFOR`);<br \/>\n&#8212;<br \/>\n&#8212; Indexes for table `produtos`<br \/>\n&#8212;<br \/>\nALTER TABLE `produtos`<br \/>\nADD PRIMARY KEY (`IDPROD`,`IDCATEGORIA`,`IDMARCA`),<br \/>\nADD KEY `IDCATEGORIA` (`IDCATEGORIA`),<br \/>\nADD KEY `IDMARCA` (`IDMARCA`);<br \/>\n&#8212;<br \/>\n&#8212; AUTO_INCREMENT for dumped tables<br \/>\n&#8212;<br \/>\n&#8212;<br \/>\nP\u00fablico8<br \/>\n&#8212; AUTO_INCREMENT for table `categoria`<br \/>\n&#8212;<br \/>\nALTER TABLE `categoria`<br \/>\nMODIFY `IDCATEGORIA` int(11) NOT NULL AUTO_INCREMENT,AUTO_INCREMENT=2;<br \/>\n&#8212;<br \/>\n&#8212; AUTO_INCREMENT for table `cliente`<br \/>\n&#8212;<br \/>\nALTER TABLE `cliente`<br \/>\nMODIFY `IDCLI` int(10) NOT NULL AUTO_INCREMENT,AUTO_INCREMENT=2;<br \/>\n&#8212;<br \/>\n&#8212; AUTO_INCREMENT for table `fornecedor`<br \/>\n&#8212;<br \/>\nALTER TABLE `fornecedor`<br \/>\nMODIFY `IDFOR` int(10) NOT NULL AUTO_INCREMENT,AUTO_INCREMENT=2;<br \/>\n&#8212;<br \/>\n&#8212; AUTO_INCREMENT for table `itempedido`<br \/>\n&#8212;<br \/>\nALTER TABLE `itempedido`<br \/>\nMODIFY `IDITEM` int(11) NOT NULL AUTO_INCREMENT,AUTO_INCREMENT=42;<br \/>\n&#8212;<br \/>\n&#8212; AUTO_INCREMENT for table `marca`<br \/>\n&#8212;<br \/>\nALTER TABLE `marca`<br \/>\nMODIFY `IDMARCA` int(11) NOT NULL AUTO_INCREMENT,AUTO_INCREMENT=3;<br \/>\n&#8212;<br \/>\n&#8212; AUTO_INCREMENT for table `pedido`<br \/>\n&#8212;<br \/>\nALTER TABLE `pedido`<br \/>\nMODIFY `IDPED` int(11) NOT NULL AUTO_INCREMENT,AUTO_INCREMENT=53;<br \/>\n&#8212;<br \/>\n&#8212; AUTO_INCREMENT for table `produtos`<br \/>\n&#8212;<br \/>\nALTER TABLE `produtos`<br \/>\nMODIFY `IDPROD` int(10) NOT NULL AUTO_INCREMENT,AUTO_INCREMENT=3;<br \/>\n&#8212;<br \/>\n&#8212; Constraints for dumped tables<br \/>\nP\u00fablico9<br \/>\n&#8212;<br \/>\n&#8212;<br \/>\n&#8212; Limitadores para a tabela `itempedido`<br \/>\n&#8212;<br \/>\nALTER TABLE `itempedido`<br \/>\nADD CONSTRAINT `itempedido_ibfk_1` FOREIGN KEY (`IDPED`) REFERENCES `pedido` (`IDPED`),<br \/>\nADD CONSTRAINT `itempedido_ibfk_2` FOREIGN KEY (`IDPROD`) REFERENCES `produtos` (`IDPROD`);<br \/>\n&#8212;<br \/>\n&#8212; Limitadores para a tabela `pedido`<br \/>\n&#8212;<br \/>\nALTER TABLE `pedido`<br \/>\nADD CONSTRAINT `pedido_ibfk_1` FOREIGN KEY (`IDCLI`) REFERENCES `cliente` (`IDCLI`),<br \/>\nADD CONSTRAINT `pedido_ibfk_2` FOREIGN KEY (`IDFOR`) REFERENCES `fornecedor` (`IDFOR`);<br \/>\n&#8212;<br \/>\n&#8212; Limitadores para a tabela `produtos`<br \/>\n&#8212;<br \/>\nALTER TABLE `produtos`<br \/>\nADD CONSTRAINT `produtos_ibfk_1` FOREIGN KEY (`IDCATEGORIA`) REFERENCES `categoria`<br \/>\n(`IDCATEGORIA`),<br \/>\nADD CONSTRAINT `produtos_ibfk_2` FOREIGN KEY (`IDMARCA`) REFERENCES `marca` (`IDMARCA`);<br \/>\nNeste exemplo ser\u00e1 criado a tabela: categoria, cliente, fornecedor, item pedido, marca, pedido e produtos.<br \/>\nPROCEDIMENTOS PARA A REALIZA\u00c7\u00c3O DA ATIVIDADE:<br \/>\n\u2022 Criar um banco de dados SQL, utilizando a hospedagem gratuita Infinity Free<br \/>\n\u2022 Executar um script (exemplo acima ou criado por voc\u00ea).<\/p>\n<hr \/>\n<p><strong>CHECKLIST:<\/strong><br \/>\n&#8211; Criar uma conta no site: https:\/\/www.infinityfree.net\/;<br \/>\n&#8211; Criar um subdom\u00ednio;<br \/>\n&#8211; Abrir o Painel de Controle e aprovar;<br \/>\n&#8211; Criar o banco de dados MySQL em Banco de Dados MySQL;<br \/>\n&#8211; Executar o script (rodar script em consulta SQL no banco de dados), podendo usar o<br \/>\nexemplo indicado ou criar seu pr\u00f3prio script e depois executar;<br \/>\n&#8211; Validar a estrutura criada (as tabelas).<br \/>\nP\u00fablico10<\/p>\n<hr \/>\n<p><strong>RESULTADOS<\/strong><br \/>\nO trabalho dever\u00e1 ser entregue em arquivo Word atendendo as etapas de produ\u00e7\u00e3o e utilizando os<br \/>\nrecursos solicitados no roteiro.<br \/>\n\u2022 O arquivo dever\u00e1 conter:<br \/>\n\u2022 Capa;<br \/>\n\u2022 Folha de rosto com os dados da disciplina e do aluno;<br \/>\n\u2022 Os resultados das atividades pr\u00e1ticas exigidas pelo roteiro;<br \/>\n\u2022 Refer\u00eancias bibliogr\u00e1ficas (quando houver).<\/p>\n<hr \/>\n<p><strong>RESULTADOS DE APRENDIZAGEM:<\/strong><br \/>\nAplicar os conceitos e o aluno seja capaz de criar um banco de dados SQL, utilizando a hospedagem<br \/>\ngratuita Infinity Free e executar um script (exemplo no texto ou criado pelo aluno).<\/p>\n<div class=\"elementor-toggle-item\">\n<p id=\"elementor-tab-title-1941\" class=\"elementor-tab-title elementor-active\" tabindex=\"0\" role=\"tab\" data-tab=\"1\" aria-controls=\"elementor-tab-content-1941\" aria-expanded=\"true\" aria-selected=\"true\"><strong>Como funciona?<\/strong><\/p>\n<p>Elaboramos os portf\u00f3lios, j\u00e1 deixamos prontos, nas normas da ABNT e conforme os requisitos da universidade. F\u00e1cil assim! O MELHOR \u00c9 QUE VOC\u00ca COMPRA E J\u00c1 BAIXA NA HORA O SEU ARQUIVO EM WORD! Sabemos que conciliar trabalho, fam\u00edlia, vida profissional e estudos \u00e9 dif\u00edcil hoje em dia, por isso, estamos aqui para ajudar voc\u00ea. Conte com nossa qualidade, experi\u00eancia e profissionalismo adquirindo seu portf\u00f3lio conosco. GARANTIMOS SEU CONCEITO!<\/p>\n<p><strong>Como se realizam os envios?<\/strong><\/p>\n<\/div>\n<p id=\"elementor-tab-content-1942\" class=\"elementor-tab-content elementor-clearfix elementor-active\" role=\"tabpanel\" data-tab=\"2\" aria-labelledby=\"elementor-tab-title-1942\">O seu trabalho \u00e9 disponibilizado pronto, respondido e nas normas j\u00e1 na mesma hora aqui em nosso site na sua \u00e1rea de downloads e tamb\u00e9m no seu e-mail.<\/p>\n<p><strong>Em quanto tempo recebo o portf\u00f3lio?<\/strong><\/p>\n<p>Os envios s\u00e3o imediatos. Ap\u00f3s sua compra, o trabalho j\u00e1 \u00e9 disponibilizado instantaneamente aqui em nosso site e no seu e-mail.<\/p>\n<p><strong>E se o portf\u00f3lio que comprei precisar de corre\u00e7\u00e3o?<\/strong><\/p>\n<p>Caso haja alguma solicita\u00e7\u00e3o de corre\u00e7\u00e3o\/altera\u00e7\u00e3o por parte do tutor, basta entrar em contato conosco pelo\u00a0WhatsApp\u00a0que provid\u00eanciaremos sem custo algum.<\/p>\n<p><strong>Qual o formato do arquivo?<\/strong><\/p>\n<p>Os arquivos s\u00e3o enviados em formato Word e s\u00e3o edit\u00e1veis.<\/p>\n<p><strong>Caso eu tiver alguma d\u00favida, terei suporte no p\u00f3s venda?<\/strong><\/p>\n<p>Sim, com certeza. Basta clicar no \u00edcone do WhatsApp no cantinho da tela. Ser\u00e1 um prazer atend\u00ea-lo(a).<\/p>\n<div id=\"elementor-tab-content-1948\" class=\"elementor-tab-content elementor-clearfix elementor-active\" role=\"tabpanel\" data-tab=\"8\" aria-labelledby=\"elementor-tab-title-1948\">\n<p><strong>Quais os seus canais de contato?<\/strong><\/p>\n<\/div>\n<div id=\"elementor-tab-content-1949\" class=\"elementor-tab-content elementor-clearfix elementor-active\" role=\"tabpanel\" data-tab=\"9\" aria-labelledby=\"elementor-tab-title-1949\">\n<p>Whatsapp: 53 984751621 \u2013 Clicar no canto da tela ou ESCANEIE O QRCODE ABAIXO<\/p>\n<h4><img decoding=\"async\" class=\"alignnone wp-image-13699 jetpack-lazy-image jetpack-lazy-image--handled\" src=\"https:\/\/i0.wp.com\/portifolioos-prontos.com\/wp-content\/uploads\/2023\/02\/whatsapp-business-projeto-de-extensao-300x300.jpeg?resize=144%2C144\" sizes=\"(max-width: 144px) 100vw, 144px\" srcset=\"https:\/\/i0.wp.com\/portifolioos-prontos.com\/wp-content\/uploads\/2023\/02\/whatsapp-business-projeto-de-extensao.jpeg?resize=300%2C301&amp;ssl=1 300w, https:\/\/i0.wp.com\/portifolioos-prontos.com\/wp-content\/uploads\/2023\/02\/whatsapp-business-projeto-de-extensao.jpeg?resize=150%2C150&amp;ssl=1 150w, https:\/\/i0.wp.com\/portifolioos-prontos.com\/wp-content\/uploads\/2023\/02\/whatsapp-business-projeto-de-extensao.jpeg?resize=370%2C372&amp;ssl=1 370w, https:\/\/i0.wp.com\/portifolioos-prontos.com\/wp-content\/uploads\/2023\/02\/whatsapp-business-projeto-de-extensao.jpeg?resize=100%2C100&amp;ssl=1 100w, https:\/\/i0.wp.com\/portifolioos-prontos.com\/wp-content\/uploads\/2023\/02\/whatsapp-business-projeto-de-extensao.jpeg?w=470&amp;ssl=1 470w\" alt=\"projeto de extens\u00e3o unopar\" width=\"144\" height=\"144\" data-lazy-loaded=\"1\" \/><\/h4>\n<\/div>\n<div class=\"elementor-toggle-item\">\n<div id=\"elementor-tab-content-1949\" class=\"elementor-tab-content elementor-clearfix elementor-active\" role=\"tabpanel\" data-tab=\"9\" aria-labelledby=\"elementor-tab-title-1949\">\n<p>E-mail:portifoliosp@gmail.com<\/p>\n<div id=\"attachment_143\" class=\"wp-caption alignnone\">\n<div id=\"attachment_143\" class=\"wp-caption alignnone\">\n<p id=\"caption-attachment-143\" class=\"wp-caption-text\"><a href=\"http:\/\/portfolio-pronto.com\/\">Portf\u00f3lio<\/a>\u00a0em Word, respondido, completo e j\u00e1 nas normas<\/p>\n<\/div>\n<\/div>\n<\/div>\n<\/div>\n","protected":false},"excerpt":{"rendered":"<div class=\"product-short-description\"><strong>Pague pelo PIX ou cart\u00e3o e fa\u00e7a o download agora mesmo.<\/strong><\/div>\n<div class=\"sticky-add-to-cart-wrapper\">\n<div class=\"sticky-add-to-cart\">\n<p class=\"quantity buttons_added form-flat\"><img decoding=\"async\" class=\"lazyloaded smush-image-5 smush-image-3 smush-image-4 smush-detected-img smush-image-bigger-3\" src=\"https:\/\/d26lpennugtm8s.cloudfront.net\/assets\/common\/img\/logos\/payment\/visa@2x.png\" width=\"46\" height=\"29\" data-src=\"https:\/\/d26lpennugtm8s.cloudfront.net\/assets\/common\/img\/logos\/payment\/visa@2x.png\" \/><img decoding=\"async\" class=\"lazyloaded smush-image-6 smush-image-4 smush-image-5 smush-detected-img smush-image-bigger-4\" src=\"https:\/\/d26lpennugtm8s.cloudfront.net\/assets\/common\/img\/logos\/payment\/boleto@2x.png\" width=\"43\" height=\"27\" data-src=\"https:\/\/d26lpennugtm8s.cloudfront.net\/assets\/common\/img\/logos\/payment\/boleto@2x.png\" \/><img loading=\"lazy\" decoding=\"async\" class=\"lazyloaded smush-image-7 smush-image-5 smush-image-6 smush-detected-img smush-image-bigger-5\" src=\"https:\/\/d26lpennugtm8s.cloudfront.net\/assets\/common\/img\/logos\/payment\/mastercard@2x.png\" width=\"43\" height=\"27\" data-src=\"https:\/\/d26lpennugtm8s.cloudfront.net\/assets\/common\/img\/logos\/payment\/mastercard@2x.png\" \/><img loading=\"lazy\" decoding=\"async\" class=\"lazyloaded smush-image-8 smush-image-6 smush-image-7 smush-detected-img smush-image-bigger-6\" src=\"https:\/\/d26lpennugtm8s.cloudfront.net\/assets\/common\/img\/logos\/payment\/amex@2x.png\" width=\"43\" height=\"27\" data-src=\"https:\/\/d26lpennugtm8s.cloudfront.net\/assets\/common\/img\/logos\/payment\/amex@2x.png\" \/><img loading=\"lazy\" decoding=\"async\" class=\"lazyloaded smush-image-9 smush-image-7 smush-image-8 smush-detected-img smush-image-bigger-7\" src=\"https:\/\/d26lpennugtm8s.cloudfront.net\/assets\/common\/img\/logos\/payment\/diners@2x.png\" width=\"46\" height=\"29\" data-src=\"https:\/\/d26lpennugtm8s.cloudfront.net\/assets\/common\/img\/logos\/payment\/diners@2x.png\" \/><img loading=\"lazy\" decoding=\"async\" class=\"lazyloaded smush-image-10 smush-image-8 smush-image-9 alignnone smush-detected-img smush-image-bigger-8\" src=\"https:\/\/d26lpennugtm8s.cloudfront.net\/assets\/common\/img\/logos\/payment\/br\/elo@2x.png\" alt=\"portf\u00f3lio unopar anhanguera\" width=\"45\" height=\"28\" data-src=\"https:\/\/d26lpennugtm8s.cloudfront.net\/assets\/common\/img\/logos\/payment\/br\/elo@2x.png\" \/><img loading=\"lazy\" decoding=\"async\" class=\"lazyloaded smush-image-11 smush-image-9 smush-image-10 alignnone smush-detected-img smush-image-bigger-9\" src=\"https:\/\/d26lpennugtm8s.cloudfront.net\/assets\/common\/img\/logos\/payment\/br\/hipercard@2x.png\" alt=\"portf\u00f3lio unopar anhanguera\" width=\"44\" height=\"28\" data-src=\"https:\/\/d26lpennugtm8s.cloudfront.net\/assets\/common\/img\/logos\/payment\/br\/hipercard@2x.png\" \/><img loading=\"lazy\" decoding=\"async\" class=\"lazyloaded smush-image-12 smush-image-10 smush-image-11 alignnone smush-detected-img smush-image-bigger-10\" src=\"https:\/\/d26lpennugtm8s.cloudfront.net\/assets\/common\/img\/logos\/payment\/mercadopago@2x.png\" alt=\"portf\u00f3lio unopar anhanguera\" width=\"45\" height=\"28\" data-src=\"https:\/\/d26lpennugtm8s.cloudfront.net\/assets\/common\/img\/logos\/payment\/mercadopago@2x.png\" \/><img loading=\"lazy\" decoding=\"async\" class=\"alignnone ls-is-cached lazyloaded smush-detected-img smush-image-bigger-11\" src=\"https:\/\/futurium.com.br\/wp-content\/uploads\/2021\/06\/logo-pix-icone-512.png\" alt=\"portfolio pronto\" width=\"30\" height=\"30\" data-src=\"https:\/\/futurium.com.br\/wp-content\/uploads\/2021\/06\/logo-pix-icone-512.png\" \/><\/p>\n<\/div>\n<\/div>\n","protected":false},"featured_media":46922,"template":"","meta":{"_seopress_robots_primary_cat":"none","_seopress_titles_title":"","_seopress_titles_desc":"","_seopress_robots_index":""},"product_cat":[15],"product_tag":[],"class_list":{"0":"post-46921","1":"product","2":"type-product","3":"status-publish","4":"has-post-thumbnail","6":"product_cat-uncategorized","8":"first","9":"instock","10":"downloadable","11":"virtual","12":"purchasable","13":"product-type-simple","14":"col-xs-6 col-sm-4","15":"col-mf-5","16":"un-5-cols"},"jetpack_sharing_enabled":true,"_links":{"self":[{"href":"https:\/\/portifolioos-prontos.com\/index.php\/wp-json\/wp\/v2\/product\/46921","targetHints":{"allow":["GET"]}}],"collection":[{"href":"https:\/\/portifolioos-prontos.com\/index.php\/wp-json\/wp\/v2\/product"}],"about":[{"href":"https:\/\/portifolioos-prontos.com\/index.php\/wp-json\/wp\/v2\/types\/product"}],"version-history":[{"count":3,"href":"https:\/\/portifolioos-prontos.com\/index.php\/wp-json\/wp\/v2\/product\/46921\/revisions"}],"predecessor-version":[{"id":49888,"href":"https:\/\/portifolioos-prontos.com\/index.php\/wp-json\/wp\/v2\/product\/46921\/revisions\/49888"}],"wp:featuredmedia":[{"embeddable":true,"href":"https:\/\/portifolioos-prontos.com\/index.php\/wp-json\/wp\/v2\/media\/46922"}],"wp:attachment":[{"href":"https:\/\/portifolioos-prontos.com\/index.php\/wp-json\/wp\/v2\/media?parent=46921"}],"wp:term":[{"taxonomy":"product_cat","embeddable":true,"href":"https:\/\/portifolioos-prontos.com\/index.php\/wp-json\/wp\/v2\/product_cat?post=46921"},{"taxonomy":"product_tag","embeddable":true,"href":"https:\/\/portifolioos-prontos.com\/index.php\/wp-json\/wp\/v2\/product_tag?post=46921"}],"curies":[{"name":"wp","href":"https:\/\/api.w.org\/{rel}","templated":true}]}}