{"id":47091,"date":"2025-10-27T15:28:28","date_gmt":"2025-10-27T18:28:28","guid":{"rendered":"https:\/\/portifolioos-prontos.com\/?post_type=product&#038;p=47091"},"modified":"2026-03-02T17:18:39","modified_gmt":"2026-03-02T20:18:39","slug":"aula-pratica-geometria-espacial","status":"publish","type":"product","link":"https:\/\/portifolioos-prontos.com\/index.php\/product\/aula-pratica-geometria-espacial\/","title":{"rendered":"Aula Pr\u00e1tica Geometria espacial"},"content":{"rendered":"<p><strong>Aula Pr\u00e1tica Geometria espacial<\/strong><\/p>\n<hr \/>\n<div class=\"elementor-toggle-item\">\n<p><strong>ROTEIRO DE AULA PR\u00c1TICA<\/strong><\/p>\n<hr \/>\n<p><strong>NOME DA DISCIPLINA: GEOMETRIA ESPACIAL<\/strong><\/p>\n<hr \/>\n<h5><strong>OBJETIVOS<\/strong><\/h5>\n<p>Defini\u00e7\u00e3o dos objetivos da aula pr\u00e1tica:<\/p>\n<p>Essa atividade visa a constru\u00e7\u00e3o de um objeto de aprendizagem que permita comparar os volumes de prismas e pir\u00e2mides, bem como reflex\u00f5es sobre as potencialidades desse objeto para o ensino e aprendizagem de Matem\u00e1tica na Educa\u00e7\u00e3o B\u00e1sica.<\/p>\n<hr \/>\n<h5><strong>SOLU\u00c7\u00c3O DIGITAL: GEOGEBRA<\/strong><\/h5>\n<p>Site Oficial do GeoGebra 3D: <a href=\"https:\/\/www.geogebra.org\/3d\">https:\/\/www.geogebra.org\/3d<\/a> (acesso 03 jul. 2025).<\/p>\n<p>GeoGebra \u00e9 um software de matem\u00e1tica que permite o trabalho com temas relacionados ao c\u00e1lculo, \u00e1lgebra e geometria. Ele foi desenvolvido pelo professor Markus Hohenwarter, da Universidade de Salzburgo, na \u00c1ustria.<\/p>\n<p>Por permitir o trabalho com constru\u00e7\u00f5es geom\u00e9tricas e a manipula\u00e7\u00e3o das figuras em tempo real, ele \u00e9 considerado um software de geometria din\u00e2mica, o qual favorece o ensino e a aprendizagem de conceitos matem\u00e1ticos.<\/p>\n<p>Esse software pode ser acessado de tr\u00eas formas: por meio da vers\u00e3o online, do aplicativo para celulares ou do software instalado em computadores ou notebooks.<\/p>\n<p>Para acesso ao software instalado em computador ou notebook:<\/p>\n<p>\u2022 Processador Intel\u00ae Core i3, com suporte a 64 bits<br \/>\n\u2022 Sistema Operacional Windows 7 ou superior<br \/>\n\u2022 Mem\u00f3ria RAM: 8 GB<br \/>\n\u2022 Espa\u00e7o em disco r\u00edgido: 200 MB dispon\u00edveis para a instala\u00e7\u00e3o<\/p>\n<p>Para acesso \u00e0 vers\u00e3o online:<\/p>\n<p>\u2022 \u00c9 necess\u00e1rio conex\u00e3o com a Internet<\/p>\n<p>Para acesso ao aplicativo para celulares e tablets:<\/p>\n<p>Ap\u00f3s instalado o aplicativo, o acesso ao GeoGebra n\u00e3o exige conex\u00e3o com a Internet.<\/p>\n<p>Considerando esse software propomos a constru\u00e7\u00e3o de um objeto de aprendizagem relacionado a volume de prismas e pir\u00e2mides.<\/p>\n<hr \/>\n<h5><strong>PROCEDIMENTOS PR\u00c1TICOS E APLICA\u00c7\u00d5ES<\/strong><\/h5>\n<hr \/>\n<h5><strong>Procedimento\/Atividade: Constru\u00e7\u00e3o de um Objeto de Aprendizagem com GeoGebra<\/strong><\/h5>\n<hr \/>\n<h5><strong>Atividade proposta<\/strong><\/h5>\n<p>No estudo dos poliedros, duas categorias de s\u00f3lidos podem ser destacadas: os prismas e as pir\u00e2mides. Apesar das suas especificidades, podemos relacionar as estrat\u00e9gias de c\u00e1lculo do volume desses s\u00f3lidos entre si, desde que eles apresentem algumas caracter\u00edsticas em comum.<\/p>\n<p>Nesse sentido, para essa atividade, sua tarefa \u00e9 a de construir um objeto de aprendizagem que permita efetuar compara\u00e7\u00f5es entre os volumes desses s\u00f3lidos. Mais especificamente, a proposta \u00e9 utilizar o GeoGebra para construir um prisma reto de base quadrada e uma pir\u00e2mide reta de base quadrada, ambos com mesma medida de \u00e1rea da base e mesma medida de altura, acrescentando ferramentas que permitam a manipula\u00e7\u00e3o dessas constru\u00e7\u00f5es em tempo real e a compara\u00e7\u00e3o entre os volumes desses poliedros.<\/p>\n<p>Para iniciar essa atividade, acesse o GeoGebra utilizando uma das vers\u00f5es dispon\u00edveis.<\/p>\n<p>Observa\u00e7\u00e3o: Nesse roteiro ser\u00e3o apresentadas as imagens considerando a vers\u00e3o online, acessada por meio de um computador. No entanto, os procedimentos podem ser seguidos da mesma forma em qualquer uma das tr\u00eas vers\u00f5es do GeoGebra. Al\u00e9m disso, as express\u00f5es sublinhadas correspondem aos comandos que podem ser digitados diretamente no campo Entrada, no GeoGebra.<\/p>\n<p>Acessar o GeoGebra 3D pelo link: <a href=\"https:\/\/www.geogebra.org\/3d\">https:\/\/www.geogebra.org\/3d<\/a> (acesso 03 jul. 2025).<\/p>\n<hr \/>\n<h5><strong>Etapa 1: Construindo as bases dos poliedros<\/strong><\/h5>\n<p>Inicie com a constru\u00e7\u00e3o de um controle deslizante, no formato num\u00e9rico, cuja varia\u00e7\u00e3o ser\u00e1 de 0 a 5. Para isso, por meio do campo Entrada, digite o comando ControleDeslizante(0,5). Esse controle ser\u00e1 representado pela letra \u201ca\u201d.<\/p>\n<p>Em seguida, construa um segundo controle deslizante, tamb\u00e9m no formato num\u00e9rico, com varia\u00e7\u00e3o de 0 a 6. Utilize o comando ControleDeslizante(0,6). Esse controle ser\u00e1 representado pela letra \u201cb\u201d.<\/p>\n<p>Configure os controles deslizantes \u201ca\u201d e \u201cb\u201d para que assumam o valor 2.<\/p>\n<p>Construa tr\u00eas pontos no campo Entrada:<\/p>\n<p>A=(0,0,0)<br \/>\nB=(a,0,0)<br \/>\nC=(-a,0,0)<\/p>\n<p>Com a ferramenta Pol\u00edgono regular, selecione os pontos A e B e insira 4 v\u00e9rtices para gerar o quadrado ABDE.<\/p>\n<p>Repita o procedimento com os pontos A e C para gerar o quadrado ACFG.<\/p>\n<hr \/>\n<h5><strong>Etapa 2: Construindo um prisma e uma pir\u00e2mide<\/strong><\/h5>\n<p>Utilizando a ferramenta Extrus\u00e3o para prisma, selecione o quadrado ABDE e, no campo Altura, digite \u201cb\u201d.<\/p>\n<p>Com a ferramenta Fazer extrus\u00e3o para pir\u00e2mide, selecione o quadrado ACFG e, no campo Altura, digite \u201cb\u201d.<\/p>\n<p>Utilizando os controles deslizantes, modifique os valores de \u201ca\u201d e \u201cb\u201d e observe as altera\u00e7\u00f5es nos s\u00f3lidos. Em seguida, retorne os valores para 2.<\/p>\n<hr \/>\n<h5><strong>Etapa 3: Incrementando o objeto de aprendizagem<\/strong><\/h5>\n<p>Construa um terceiro controle deslizante com o comando ControleDeslizante(0,b), denominado \u201cc\u201d. Ajuste para o valor 1.<\/p>\n<p>No campo Entrada, construa um plano digitando: z=c.<\/p>\n<p>Determine a interse\u00e7\u00e3o do plano com cada aresta lateral da pir\u00e2mide utilizando a ferramenta Interse\u00e7\u00e3o de Dois Objetos.<\/p>\n<p>Oculte o plano, mantendo vis\u00edveis os demais elementos.<\/p>\n<p>Com a ferramenta Pol\u00edgono, crie os pol\u00edgonos laterais formando trap\u00e9zios em cada face lateral.<\/p>\n<p>Oculte os pontos H, J, K e P.<\/p>\n<p>Altere a visualiza\u00e7\u00e3o para observar a base do prisma pela parte inferior.<\/p>\n<p>Utilize novamente a ferramenta Extrus\u00e3o para prisma e, no campo Altura, digite \u201c(b-c)\/3\u201d.<\/p>\n<p>Retorne a visualiza\u00e7\u00e3o original.<\/p>\n<p>Altere o valor do controle \u201cb\u201d para 3 e movimente o controle \u201cc\u201d, observando as altera\u00e7\u00f5es.<\/p>\n<hr \/>\n<h5><strong>Inser\u00e7\u00e3o de informa\u00e7\u00f5es de volume<\/strong><\/h5>\n<p>Selecione a ferramenta Volume e clique no prisma e na pir\u00e2mide.<\/p>\n<p>Utilize a ferramenta Texto para inserir:<\/p>\n<p>Volume do cilindro:<br \/>\nVolume do cone:<\/p>\n<p>Inserindo os respectivos objetos de volume na caixa de texto.<\/p>\n<p>Finalize ocultando pontos, textos, eixos e plano.<\/p>\n<hr \/>\n<h5><strong>Avaliando os resultados<\/strong><\/h5>\n<p>\u2022 Quais s\u00e3o as caracter\u00edsticas principais do objeto de aprendizagem elaborado e de que forma elas se relacionam com os conte\u00fados matem\u00e1ticos que se pretende explorar?<\/p>\n<p>\u2022 Quais s\u00e3o as potencialidades e as limita\u00e7\u00f5es desse objeto de aprendizagem para o ensino de Matem\u00e1tica?<\/p>\n<p>\u2022 Que outro software, al\u00e9m do GeoGebra, voc\u00ea sugeriria para a elabora\u00e7\u00e3o de um objeto de aprendizagem voltado ao ensino de Geometria Espacial? Justifique sua escolha e indique qual conte\u00fado espec\u00edfico poderia ser explorado com esse recurso.<\/p>\n<hr \/>\n<h5><strong>Checklist<\/strong><\/h5>\n<p>\u2713 Configura\u00e7\u00e3o inicial do software<br \/>\n\u2713 Acesso ao GeoGebra 3D<br \/>\n\u2713 Cria\u00e7\u00e3o dos controles deslizantes \u201ca\u201d, \u201cb\u201d e \u201cc\u201d<br \/>\n\u2713 Constru\u00e7\u00e3o das bases<br \/>\n\u2713 Constru\u00e7\u00e3o dos s\u00f3lidos<br \/>\n\u2713 Inser\u00e7\u00e3o do plano e interse\u00e7\u00f5es<br \/>\n\u2713 Cria\u00e7\u00e3o de pol\u00edgonos laterais<br \/>\n\u2713 Inser\u00e7\u00e3o de f\u00f3rmulas para volumes<br \/>\n\u2713 Aplica\u00e7\u00e3o de textos explicativos<br \/>\n\u2713 Ajustes finais de visualiza\u00e7\u00e3o<\/p>\n<hr \/>\n<h5><strong>RESULTADOS<\/strong><\/h5>\n<p>Voc\u00ea dever\u00e1 entregar um relat\u00f3rio em formato Word contemplando:<\/p>\n<p>I. Nome da disciplina<br \/>\nII. T\u00edtulo da atividade<br \/>\nIII. Apresenta\u00e7\u00e3o do objeto de aprendizagem<\/p>\n<p>Descri\u00e7\u00e3o do objeto, principais caracter\u00edsticas e conte\u00fados abordados.<\/p>\n<p>Inser\u00e7\u00e3o de ao menos tr\u00eas imagens variando os valores dos controles deslizantes, explicando como esses par\u00e2metros influenciam na estrutura dos s\u00f3lidos e como o aluno pode manipular o objeto.<\/p>\n<p>IV. Refer\u00eancias<\/p>\n<p>Utilizar normas da ABNT.<\/p>\n<hr \/>\n<h5><strong>Resultados de Aprendizagem<\/strong><\/h5>\n<p>Acrescente ao relat\u00f3rio um texto de 2 a 3 p\u00e1ginas discutindo as potencialidades do objeto para o ensino e aprendizagem de Matem\u00e1tica.<\/p>\n<p>Destaque pontos positivos e negativos, formas de inser\u00e7\u00e3o em sala de aula, etapa da Educa\u00e7\u00e3o B\u00e1sica mais indicada e exemplos de atividades poss\u00edveis.<\/p>\n<p>Apresente tamb\u00e9m outro software, al\u00e9m do GeoGebra, que voc\u00ea sugeriria para elabora\u00e7\u00e3o de objeto de aprendizagem em Geometria Espacial.<\/p>\n<p id=\"elementor-tab-title-1941\" class=\"elementor-tab-title elementor-active\" tabindex=\"0\" role=\"tab\" data-tab=\"1\" aria-controls=\"elementor-tab-content-1941\" aria-expanded=\"true\" aria-selected=\"true\"><strong>Como funciona?<\/strong><\/p>\n<p>Elaboramos os portf\u00f3lios, j\u00e1 deixamos prontos, nas normas da ABNT e conforme os requisitos da universidade. F\u00e1cil assim! O MELHOR \u00c9 QUE VOC\u00ca COMPRA E J\u00c1 BAIXA NA HORA O SEU ARQUIVO EM WORD! Sabemos que conciliar trabalho, fam\u00edlia, vida profissional e estudos \u00e9 dif\u00edcil hoje em dia, por isso, estamos aqui para ajudar voc\u00ea. Conte com nossa qualidade, experi\u00eancia e profissionalismo adquirindo seu portf\u00f3lio conosco. GARANTIMOS SEU CONCEITO!<\/p>\n<p><strong>Como se realizam os envios?<\/strong><\/p>\n<\/div>\n<p id=\"elementor-tab-content-1942\" class=\"elementor-tab-content elementor-clearfix elementor-active\" role=\"tabpanel\" data-tab=\"2\" aria-labelledby=\"elementor-tab-title-1942\">O seu trabalho \u00e9 disponibilizado pronto, respondido e nas normas j\u00e1 na mesma hora aqui em nosso site na sua \u00e1rea de downloads e tamb\u00e9m no seu e-mail.<\/p>\n<p><strong>Em quanto tempo recebo o portf\u00f3lio?<\/strong><\/p>\n<p>Os envios s\u00e3o imediatos. Ap\u00f3s sua compra, o trabalho j\u00e1 \u00e9 disponibilizado instantaneamente aqui em nosso site e no seu e-mail.<\/p>\n<p><strong>E se o portf\u00f3lio que comprei precisar de corre\u00e7\u00e3o?<\/strong><\/p>\n<p>Caso haja alguma solicita\u00e7\u00e3o de corre\u00e7\u00e3o\/altera\u00e7\u00e3o por parte do tutor, basta entrar em contato conosco pelo\u00a0WhatsApp\u00a0que provid\u00eanciaremos sem custo algum.<\/p>\n<p><strong>Qual o formato do arquivo?<\/strong><\/p>\n<p>Os arquivos s\u00e3o enviados em formato Word e s\u00e3o edit\u00e1veis.<\/p>\n<p><strong>Caso eu tiver alguma d\u00favida, terei suporte no p\u00f3s venda?<\/strong><\/p>\n<p>Sim, com certeza. Basta clicar no \u00edcone do WhatsApp no cantinho da tela. Ser\u00e1 um prazer atend\u00ea-lo(a).<\/p>\n<div id=\"elementor-tab-content-1948\" class=\"elementor-tab-content elementor-clearfix elementor-active\" role=\"tabpanel\" data-tab=\"8\" aria-labelledby=\"elementor-tab-title-1948\">\n<p><strong>Quais os seus canais de contato?<\/strong><\/p>\n<\/div>\n<div id=\"elementor-tab-content-1949\" class=\"elementor-tab-content elementor-clearfix elementor-active\" role=\"tabpanel\" data-tab=\"9\" aria-labelledby=\"elementor-tab-title-1949\">\n<p>Whatsapp: 53 984751621 \u2013 Clicar no canto da tela ou ESCANEIE O QRCODE ABAIXO<\/p>\n<h4><img decoding=\"async\" class=\"alignnone wp-image-13699 jetpack-lazy-image jetpack-lazy-image--handled\" src=\"https:\/\/i0.wp.com\/portifolioos-prontos.com\/wp-content\/uploads\/2023\/02\/whatsapp-business-projeto-de-extensao-300x300.jpeg?resize=144%2C144\" sizes=\"(max-width: 144px) 100vw, 144px\" srcset=\"https:\/\/i0.wp.com\/portifolioos-prontos.com\/wp-content\/uploads\/2023\/02\/whatsapp-business-projeto-de-extensao.jpeg?resize=300%2C301&amp;ssl=1 300w, https:\/\/i0.wp.com\/portifolioos-prontos.com\/wp-content\/uploads\/2023\/02\/whatsapp-business-projeto-de-extensao.jpeg?resize=150%2C150&amp;ssl=1 150w, https:\/\/i0.wp.com\/portifolioos-prontos.com\/wp-content\/uploads\/2023\/02\/whatsapp-business-projeto-de-extensao.jpeg?resize=370%2C372&amp;ssl=1 370w, https:\/\/i0.wp.com\/portifolioos-prontos.com\/wp-content\/uploads\/2023\/02\/whatsapp-business-projeto-de-extensao.jpeg?resize=100%2C100&amp;ssl=1 100w, https:\/\/i0.wp.com\/portifolioos-prontos.com\/wp-content\/uploads\/2023\/02\/whatsapp-business-projeto-de-extensao.jpeg?w=470&amp;ssl=1 470w\" alt=\"projeto de extens\u00e3o unopar\" width=\"144\" height=\"144\" data-lazy-loaded=\"1\" \/><\/h4>\n<\/div>\n<div class=\"elementor-toggle-item\">\n<div id=\"elementor-tab-content-1949\" class=\"elementor-tab-content elementor-clearfix elementor-active\" role=\"tabpanel\" data-tab=\"9\" aria-labelledby=\"elementor-tab-title-1949\">\n<p>E-mail:portifoliosp@gmail.com<\/p>\n<div id=\"attachment_143\" class=\"wp-caption alignnone\">\n<div id=\"attachment_143\" class=\"wp-caption alignnone\">\n<p id=\"caption-attachment-143\" class=\"wp-caption-text\"><a href=\"http:\/\/portfolio-pronto.com\/\">Portf\u00f3lio<\/a>\u00a0em Word, respondido, completo e j\u00e1 nas normas<\/p>\n<\/div>\n<\/div>\n<\/div>\n<\/div>\n","protected":false},"excerpt":{"rendered":"<div class=\"product-short-description\"><strong>Pague pelo PIX ou cart\u00e3o e fa\u00e7a o download agora mesmo.<\/strong><\/div>\n<div class=\"sticky-add-to-cart-wrapper\">\n<div class=\"sticky-add-to-cart\">\n<p class=\"quantity buttons_added form-flat\"><img decoding=\"async\" class=\"lazyloaded smush-image-5 smush-image-3 smush-image-4 smush-detected-img smush-image-bigger-3\" src=\"https:\/\/d26lpennugtm8s.cloudfront.net\/assets\/common\/img\/logos\/payment\/visa@2x.png\" width=\"46\" height=\"29\" data-src=\"https:\/\/d26lpennugtm8s.cloudfront.net\/assets\/common\/img\/logos\/payment\/visa@2x.png\" \/><img decoding=\"async\" class=\"lazyloaded smush-image-6 smush-image-4 smush-image-5 smush-detected-img smush-image-bigger-4\" src=\"https:\/\/d26lpennugtm8s.cloudfront.net\/assets\/common\/img\/logos\/payment\/boleto@2x.png\" width=\"43\" height=\"27\" data-src=\"https:\/\/d26lpennugtm8s.cloudfront.net\/assets\/common\/img\/logos\/payment\/boleto@2x.png\" \/><img loading=\"lazy\" decoding=\"async\" class=\"lazyloaded smush-image-7 smush-image-5 smush-image-6 smush-detected-img smush-image-bigger-5\" src=\"https:\/\/d26lpennugtm8s.cloudfront.net\/assets\/common\/img\/logos\/payment\/mastercard@2x.png\" width=\"43\" height=\"27\" data-src=\"https:\/\/d26lpennugtm8s.cloudfront.net\/assets\/common\/img\/logos\/payment\/mastercard@2x.png\" \/><img loading=\"lazy\" decoding=\"async\" class=\"lazyloaded smush-image-8 smush-image-6 smush-image-7 smush-detected-img smush-image-bigger-6\" src=\"https:\/\/d26lpennugtm8s.cloudfront.net\/assets\/common\/img\/logos\/payment\/amex@2x.png\" width=\"43\" height=\"27\" data-src=\"https:\/\/d26lpennugtm8s.cloudfront.net\/assets\/common\/img\/logos\/payment\/amex@2x.png\" \/><img loading=\"lazy\" decoding=\"async\" class=\"lazyloaded smush-image-9 smush-image-7 smush-image-8 smush-detected-img smush-image-bigger-7\" src=\"https:\/\/d26lpennugtm8s.cloudfront.net\/assets\/common\/img\/logos\/payment\/diners@2x.png\" width=\"46\" height=\"29\" data-src=\"https:\/\/d26lpennugtm8s.cloudfront.net\/assets\/common\/img\/logos\/payment\/diners@2x.png\" \/><img loading=\"lazy\" decoding=\"async\" class=\"lazyloaded smush-image-10 smush-image-8 smush-image-9 alignnone smush-detected-img smush-image-bigger-8\" src=\"https:\/\/d26lpennugtm8s.cloudfront.net\/assets\/common\/img\/logos\/payment\/br\/elo@2x.png\" alt=\"portf\u00f3lio unopar anhanguera\" width=\"45\" height=\"28\" data-src=\"https:\/\/d26lpennugtm8s.cloudfront.net\/assets\/common\/img\/logos\/payment\/br\/elo@2x.png\" \/><img loading=\"lazy\" decoding=\"async\" class=\"lazyloaded smush-image-11 smush-image-9 smush-image-10 alignnone smush-detected-img smush-image-bigger-9\" src=\"https:\/\/d26lpennugtm8s.cloudfront.net\/assets\/common\/img\/logos\/payment\/br\/hipercard@2x.png\" alt=\"portf\u00f3lio unopar anhanguera\" width=\"44\" height=\"28\" data-src=\"https:\/\/d26lpennugtm8s.cloudfront.net\/assets\/common\/img\/logos\/payment\/br\/hipercard@2x.png\" \/><img loading=\"lazy\" decoding=\"async\" class=\"lazyloaded smush-image-12 smush-image-10 smush-image-11 alignnone smush-detected-img smush-image-bigger-10\" src=\"https:\/\/d26lpennugtm8s.cloudfront.net\/assets\/common\/img\/logos\/payment\/mercadopago@2x.png\" alt=\"portf\u00f3lio unopar anhanguera\" width=\"45\" height=\"28\" data-src=\"https:\/\/d26lpennugtm8s.cloudfront.net\/assets\/common\/img\/logos\/payment\/mercadopago@2x.png\" \/><img loading=\"lazy\" decoding=\"async\" class=\"alignnone ls-is-cached lazyloaded smush-detected-img smush-image-bigger-11\" src=\"https:\/\/futurium.com.br\/wp-content\/uploads\/2021\/06\/logo-pix-icone-512.png\" alt=\"portfolio pronto\" width=\"30\" height=\"30\" data-src=\"https:\/\/futurium.com.br\/wp-content\/uploads\/2021\/06\/logo-pix-icone-512.png\" \/><\/p>\n<\/div>\n<\/div>\n","protected":false},"featured_media":47092,"template":"","meta":{"_seopress_robots_primary_cat":"none","_seopress_titles_title":"","_seopress_titles_desc":"","_seopress_robots_index":""},"product_cat":[15],"product_tag":[],"class_list":{"0":"post-47091","1":"product","2":"type-product","3":"status-publish","4":"has-post-thumbnail","6":"product_cat-uncategorized","8":"first","9":"instock","10":"shipping-taxable","11":"product-type-simple","12":"col-xs-6 col-sm-4","13":"col-mf-5","14":"un-5-cols"},"jetpack_sharing_enabled":true,"_links":{"self":[{"href":"https:\/\/portifolioos-prontos.com\/index.php\/wp-json\/wp\/v2\/product\/47091","targetHints":{"allow":["GET"]}}],"collection":[{"href":"https:\/\/portifolioos-prontos.com\/index.php\/wp-json\/wp\/v2\/product"}],"about":[{"href":"https:\/\/portifolioos-prontos.com\/index.php\/wp-json\/wp\/v2\/types\/product"}],"version-history":[{"count":3,"href":"https:\/\/portifolioos-prontos.com\/index.php\/wp-json\/wp\/v2\/product\/47091\/revisions"}],"predecessor-version":[{"id":49825,"href":"https:\/\/portifolioos-prontos.com\/index.php\/wp-json\/wp\/v2\/product\/47091\/revisions\/49825"}],"wp:featuredmedia":[{"embeddable":true,"href":"https:\/\/portifolioos-prontos.com\/index.php\/wp-json\/wp\/v2\/media\/47092"}],"wp:attachment":[{"href":"https:\/\/portifolioos-prontos.com\/index.php\/wp-json\/wp\/v2\/media?parent=47091"}],"wp:term":[{"taxonomy":"product_cat","embeddable":true,"href":"https:\/\/portifolioos-prontos.com\/index.php\/wp-json\/wp\/v2\/product_cat?post=47091"},{"taxonomy":"product_tag","embeddable":true,"href":"https:\/\/portifolioos-prontos.com\/index.php\/wp-json\/wp\/v2\/product_tag?post=47091"}],"curies":[{"name":"wp","href":"https:\/\/api.w.org\/{rel}","templated":true}]}}