{"id":47094,"date":"2025-10-27T15:32:00","date_gmt":"2025-10-27T18:32:00","guid":{"rendered":"https:\/\/portifolioos-prontos.com\/?post_type=product&#038;p=47094"},"modified":"2025-10-27T15:32:00","modified_gmt":"2025-10-27T18:32:00","slug":"atividade-pratica-design-grafico","status":"publish","type":"product","link":"https:\/\/portifolioos-prontos.com\/index.php\/product\/atividade-pratica-design-grafico\/","title":{"rendered":"Atividade Pr\u00e1tica Design Gr\u00e1fico"},"content":{"rendered":"<p><strong>Atividade Pr\u00e1tica Design Gr\u00e1fico<\/strong><\/p>\n<p>ATIVIDADE PR\u00c1TICA<br \/>\nDESIGN GR\u00c1FICO<br \/>\nOBJETIVOS<br \/>\nA proposta desta atividade pr\u00e1tica est\u00e1 amparada nos seguintes objetivos:<br \/>\n\u2022 Conhecer a ferramenta de cria\u00e7\u00e3o publicit\u00e1ria Canva.<br \/>\n\u2022 Compreender as especificidades da cria\u00e7\u00e3o de um outdoor no Canva.<br \/>\n\u2022 Construir a arte para um outdoor no Canva..<br \/>\nRECURSOS<br \/>\n&#8211; Computador com acesso \u00e0 internet;<br \/>\nPROCEDIMENTOS PR\u00c1TICOS<br \/>\nAtividade proposta<br \/>\nCria\u00e7\u00e3o de outdoor no website Canva.<br \/>\nProcedimentos para a realiza\u00e7\u00e3o da atividade<br \/>\nNeste procedimento voc\u00ea acessar\u00e1 o endere\u00e7o eletr\u00f4nico: www.canva.com.<br \/>\nAtrav\u00e9s desse site, voc\u00ea realizar\u00e1 a cria\u00e7\u00e3o da arte para um outdoor.<br \/>\nPASSO 1 &#8211; Criando sua conta e conhecendo o Canva:<br \/>\n\u2022 Abra o navegador da internet e acesse o site do Canva (www.canva.com);<br \/>\n\u2022 Crie sua conta gratuitamente utilizando um endere\u00e7o de e-mail ou sua conta do<br \/>\nGoogle\/Facebook;<br \/>\n\u2022 Explore brevemente a interface do site, familiarizando-se com os menus, a barra lateral<br \/>\ne a biblioteca de templates;<br \/>\nPASSO 2 &#8211; Criando um design:<br \/>\n\u2022 No canto superior direito da sua tela, clique no bot\u00e3o \u201cCriar um design\u201d;<br \/>\n\u2022 No menu suspenso que se abrir\u00e1, clique na op\u00e7\u00e3o \u201cTamanho Personalizado\u201d;<br \/>\n\u2022 Na janela que se abriu, selecione a op\u00e7\u00e3o \u201ccent\u00edmetros\u201d (cm) como unidade de medida;<br \/>\n\u2022 Devido \u00e0 restri\u00e7\u00e3o de tamanho das artes no Canva, usaremos uma propor\u00e7\u00e3o de 4.5x<br \/>\n(9mx3m = 200cmx66,66cm). Em \u201cLargura\u201d digite \u201c200\u201d (sem aspas) e em \u201cAltura\u201d digite<br \/>\n\u201c66.66\u201d (sem aspas);<br \/>\n\u2022 Clique em \u201cCriar novo design\u201d;<br \/>\nPASSO 3 &#8211; Editando o outdoor:<br \/>\n\u2022 Pense em algo para anunciar: um produto, um servi\u00e7o, uma empresa, uma institui\u00e7\u00e3o<br \/>\netc.;<br \/>\n\u2022 Elabore uma frase curta, chamativa e persuasiva para ser o destaque do seu outdoor.<br \/>\n\u2022 Voc\u00ea pode editar as fontes utilizadas em forma, cor, tamanho e posi\u00e7\u00e3o;<br \/>\n\u2022 Edite o outdoor de acordo com sua proposta de an\u00fancio, buscando inserir imagens e<br \/>\ncores adequadas;<br \/>\n\u2022 Certifique-se de que o outdoor possui todas as principais informa\u00e7\u00f5es necess\u00e1rias como<br \/>\nlogo, uma call to action e informa\u00e7\u00f5es de contato;<br \/>\n\u2022 Teste tamb\u00e9m diferentes tamanhos, posi\u00e7\u00f5es e cortes para o texto e a imagem principal;<br \/>\nPASSO 4 &#8211; Adicionando outros elementos:<br \/>\n\u2022 Navegue pelos diferentes elementos gr\u00e1ficos dispon\u00edveis na biblioteca do Canva (menu<br \/>\n\u201cElementos\u201d na lateral esquerda, logo abaixo do menu \u201cDesign\u201d;<br \/>\n\u2022 Escolha alguns elementos e aplique-os ao seu outdoor de modo a ampliar seu apelo<br \/>\nvisual ou destacar informa\u00e7\u00f5es importantes;<br \/>\n\u2022 Observe o outdoor e assegure que ele comunica de forma r\u00e1pida, direta e eficaz as<br \/>\ninforma\u00e7\u00f5es ao seu p\u00fablico-alvo. Fa\u00e7a os ajustes necess\u00e1rios;<br \/>\nPASSO 5 &#8211; Finalizando e Revisando:<br \/>\n\u2022 Revise seu outdoor meticulosamente, corrigindo eventuais erros gramaticais ou<br \/>\nelementos que n\u00e3o estejam bem inseridos na pe\u00e7a;<br \/>\n\u2022 Mostre seu outdoor aos colegas e\/ou professor e solicite feedback;<br \/>\n\u2022 Fa\u00e7a eventuais ajustes com base nos feedbacks recebidos para melhorar o equil\u00edbrio e a<br \/>\nefic\u00e1cia do outdoor;<br \/>\nPASSO 6 &#8211; Exportando e Salvando:<br \/>\n\u2022 No centro superior da tela, digite um nome para o seu projeto;<br \/>\n\u2022 Em seguida, no canto superior direito da tela, clique no bot\u00e3o \u201cCompartilhar\u201d;<br \/>\n\u2022 No menu que se abre, clique em \u201cBaixar\u201d;<br \/>\n\u2022 Na janela que se abre, em \u201cFormato de arquivo\u201d, selecione \u201cPDF para impress\u00e3o&#8221;, clique<br \/>\nem \u201cBaixar\u201d e salve o arquivo em seu computador;<br \/>\n\u2022 Transfira o arquivo para um Pen Drive ou o envie para o seu e-mail;<br \/>\n\u2022 Envie seu arquivo por meio do Aexo I &#8211; Formul\u00e1rio de entrega.<br \/>\nPrincipais etapas para a completude da atividade pr\u00e1tica:<br \/>\nEtapa 1 \u2013 Verificar o acesso ao endere\u00e7o eletr\u00f4nico.<br \/>\nEtapa 2 &#8211; Esclarecer as poss\u00edveis d\u00favidas sobre as ferramentas do Canva.<br \/>\nEtapa 3 \u2013 Conferir o arquivo final salvo em PDF.<br \/>\nEtapa 4 \u2013 Enviar o arquivo por meio do formul\u00e1rio do Anexo I.<br \/>\nAnexo I \u2013 Formul\u00e1rio de Entrega<br \/>\nClique no bot\u00e3o para inserir o seu arquivo.<\/p>\n<div class=\"elementor-toggle-item\">\n<p id=\"elementor-tab-title-1941\" class=\"elementor-tab-title elementor-active\" tabindex=\"0\" role=\"tab\" data-tab=\"1\" aria-controls=\"elementor-tab-content-1941\" aria-expanded=\"true\" aria-selected=\"true\"><strong>Como funciona?<\/strong><\/p>\n<p>Elaboramos os portf\u00f3lios, j\u00e1 deixamos prontos, nas normas da ABNT e conforme os requisitos da universidade. F\u00e1cil assim! O MELHOR \u00c9 QUE VOC\u00ca COMPRA E J\u00c1 BAIXA NA HORA O SEU ARQUIVO EM WORD! Sabemos que conciliar trabalho, fam\u00edlia, vida profissional e estudos \u00e9 dif\u00edcil hoje em dia, por isso, estamos aqui para ajudar voc\u00ea. Conte com nossa qualidade, experi\u00eancia e profissionalismo adquirindo seu portf\u00f3lio conosco. GARANTIMOS SEU CONCEITO!<\/p>\n<p><strong>Como se realizam os envios?<\/strong><\/p>\n<\/div>\n<p id=\"elementor-tab-content-1942\" class=\"elementor-tab-content elementor-clearfix elementor-active\" role=\"tabpanel\" data-tab=\"2\" aria-labelledby=\"elementor-tab-title-1942\">O seu trabalho \u00e9 disponibilizado pronto, respondido e nas normas j\u00e1 na mesma hora aqui em nosso site na sua \u00e1rea de downloads e tamb\u00e9m no seu e-mail.<\/p>\n<p><strong>Em quanto tempo recebo o portf\u00f3lio?<\/strong><\/p>\n<p>Os envios s\u00e3o imediatos. Ap\u00f3s sua compra, o trabalho j\u00e1 \u00e9 disponibilizado instantaneamente aqui em nosso site e no seu e-mail.<\/p>\n<p><strong>E se o portf\u00f3lio que comprei precisar de corre\u00e7\u00e3o?<\/strong><\/p>\n<p>Caso haja alguma solicita\u00e7\u00e3o de corre\u00e7\u00e3o\/altera\u00e7\u00e3o por parte do tutor, basta entrar em contato conosco pelo\u00a0WhatsApp\u00a0que provid\u00eanciaremos sem custo algum.<\/p>\n<p><strong>Qual o formato do arquivo?<\/strong><\/p>\n<p>Os arquivos s\u00e3o enviados em formato Word e s\u00e3o edit\u00e1veis.<\/p>\n<p><strong>Caso eu tiver alguma d\u00favida, terei suporte no p\u00f3s venda?<\/strong><\/p>\n<p>Sim, com certeza. Basta clicar no \u00edcone do WhatsApp no cantinho da tela. Ser\u00e1 um prazer atend\u00ea-lo(a).<\/p>\n<div id=\"elementor-tab-content-1948\" class=\"elementor-tab-content elementor-clearfix elementor-active\" role=\"tabpanel\" data-tab=\"8\" aria-labelledby=\"elementor-tab-title-1948\">\n<p><strong>Quais os seus canais de contato?<\/strong><\/p>\n<\/div>\n<div id=\"elementor-tab-content-1949\" class=\"elementor-tab-content elementor-clearfix elementor-active\" role=\"tabpanel\" data-tab=\"9\" aria-labelledby=\"elementor-tab-title-1949\">\n<p>Whatsapp: 53 984751621 \u2013 Clicar no canto da tela ou ESCANEIE O QRCODE ABAIXO<\/p>\n<h4><img decoding=\"async\" class=\"alignnone wp-image-13699 jetpack-lazy-image jetpack-lazy-image--handled\" src=\"https:\/\/i0.wp.com\/portifolioos-prontos.com\/wp-content\/uploads\/2023\/02\/whatsapp-business-projeto-de-extensao-300x300.jpeg?resize=144%2C144\" sizes=\"(max-width: 144px) 100vw, 144px\" srcset=\"https:\/\/i0.wp.com\/portifolioos-prontos.com\/wp-content\/uploads\/2023\/02\/whatsapp-business-projeto-de-extensao.jpeg?resize=300%2C301&amp;ssl=1 300w, https:\/\/i0.wp.com\/portifolioos-prontos.com\/wp-content\/uploads\/2023\/02\/whatsapp-business-projeto-de-extensao.jpeg?resize=150%2C150&amp;ssl=1 150w, https:\/\/i0.wp.com\/portifolioos-prontos.com\/wp-content\/uploads\/2023\/02\/whatsapp-business-projeto-de-extensao.jpeg?resize=370%2C372&amp;ssl=1 370w, https:\/\/i0.wp.com\/portifolioos-prontos.com\/wp-content\/uploads\/2023\/02\/whatsapp-business-projeto-de-extensao.jpeg?resize=100%2C100&amp;ssl=1 100w, https:\/\/i0.wp.com\/portifolioos-prontos.com\/wp-content\/uploads\/2023\/02\/whatsapp-business-projeto-de-extensao.jpeg?w=470&amp;ssl=1 470w\" alt=\"projeto de extens\u00e3o unopar\" width=\"144\" height=\"144\" data-lazy-loaded=\"1\" \/><\/h4>\n<\/div>\n<div class=\"elementor-toggle-item\">\n<div id=\"elementor-tab-content-1949\" class=\"elementor-tab-content elementor-clearfix elementor-active\" role=\"tabpanel\" data-tab=\"9\" aria-labelledby=\"elementor-tab-title-1949\">\n<p>E-mail:portifoliosp@gmail.com<\/p>\n<div id=\"attachment_143\" class=\"wp-caption alignnone\">\n<div id=\"attachment_143\" class=\"wp-caption alignnone\">\n<p id=\"caption-attachment-143\" class=\"wp-caption-text\"><a href=\"http:\/\/portfolio-pronto.com\/\">Portf\u00f3lio<\/a>\u00a0em Word, respondido, completo e j\u00e1 nas normas<\/p>\n<\/div>\n<\/div>\n<\/div>\n<\/div>\n","protected":false},"excerpt":{"rendered":"<div class=\"product-short-description\"><strong>Pague pelo PIX ou cart\u00e3o e fa\u00e7a o download agora mesmo.<\/strong><\/div>\n<div class=\"sticky-add-to-cart-wrapper\">\n<div class=\"sticky-add-to-cart\">\n<p class=\"quantity buttons_added form-flat\"><img decoding=\"async\" class=\"lazyloaded smush-image-5 smush-image-3 smush-image-4 smush-detected-img smush-image-bigger-3\" src=\"https:\/\/d26lpennugtm8s.cloudfront.net\/assets\/common\/img\/logos\/payment\/visa@2x.png\" width=\"46\" height=\"29\" data-src=\"https:\/\/d26lpennugtm8s.cloudfront.net\/assets\/common\/img\/logos\/payment\/visa@2x.png\" \/><img decoding=\"async\" class=\"lazyloaded smush-image-6 smush-image-4 smush-image-5 smush-detected-img smush-image-bigger-4\" src=\"https:\/\/d26lpennugtm8s.cloudfront.net\/assets\/common\/img\/logos\/payment\/boleto@2x.png\" width=\"43\" height=\"27\" data-src=\"https:\/\/d26lpennugtm8s.cloudfront.net\/assets\/common\/img\/logos\/payment\/boleto@2x.png\" \/><img loading=\"lazy\" decoding=\"async\" class=\"lazyloaded smush-image-7 smush-image-5 smush-image-6 smush-detected-img smush-image-bigger-5\" src=\"https:\/\/d26lpennugtm8s.cloudfront.net\/assets\/common\/img\/logos\/payment\/mastercard@2x.png\" width=\"43\" height=\"27\" data-src=\"https:\/\/d26lpennugtm8s.cloudfront.net\/assets\/common\/img\/logos\/payment\/mastercard@2x.png\" \/><img loading=\"lazy\" decoding=\"async\" class=\"lazyloaded smush-image-8 smush-image-6 smush-image-7 smush-detected-img smush-image-bigger-6\" src=\"https:\/\/d26lpennugtm8s.cloudfront.net\/assets\/common\/img\/logos\/payment\/amex@2x.png\" width=\"43\" height=\"27\" data-src=\"https:\/\/d26lpennugtm8s.cloudfront.net\/assets\/common\/img\/logos\/payment\/amex@2x.png\" \/><img loading=\"lazy\" decoding=\"async\" class=\"lazyloaded smush-image-9 smush-image-7 smush-image-8 smush-detected-img smush-image-bigger-7\" src=\"https:\/\/d26lpennugtm8s.cloudfront.net\/assets\/common\/img\/logos\/payment\/diners@2x.png\" width=\"46\" height=\"29\" data-src=\"https:\/\/d26lpennugtm8s.cloudfront.net\/assets\/common\/img\/logos\/payment\/diners@2x.png\" \/><img loading=\"lazy\" decoding=\"async\" class=\"lazyloaded smush-image-10 smush-image-8 smush-image-9 alignnone smush-detected-img smush-image-bigger-8\" src=\"https:\/\/d26lpennugtm8s.cloudfront.net\/assets\/common\/img\/logos\/payment\/br\/elo@2x.png\" alt=\"portf\u00f3lio unopar anhanguera\" width=\"45\" height=\"28\" data-src=\"https:\/\/d26lpennugtm8s.cloudfront.net\/assets\/common\/img\/logos\/payment\/br\/elo@2x.png\" \/><img loading=\"lazy\" decoding=\"async\" class=\"lazyloaded smush-image-11 smush-image-9 smush-image-10 alignnone smush-detected-img smush-image-bigger-9\" src=\"https:\/\/d26lpennugtm8s.cloudfront.net\/assets\/common\/img\/logos\/payment\/br\/hipercard@2x.png\" alt=\"portf\u00f3lio unopar anhanguera\" width=\"44\" height=\"28\" data-src=\"https:\/\/d26lpennugtm8s.cloudfront.net\/assets\/common\/img\/logos\/payment\/br\/hipercard@2x.png\" \/><img loading=\"lazy\" decoding=\"async\" class=\"lazyloaded smush-image-12 smush-image-10 smush-image-11 alignnone smush-detected-img smush-image-bigger-10\" src=\"https:\/\/d26lpennugtm8s.cloudfront.net\/assets\/common\/img\/logos\/payment\/mercadopago@2x.png\" alt=\"portf\u00f3lio unopar anhanguera\" width=\"45\" height=\"28\" data-src=\"https:\/\/d26lpennugtm8s.cloudfront.net\/assets\/common\/img\/logos\/payment\/mercadopago@2x.png\" \/><img loading=\"lazy\" decoding=\"async\" class=\"alignnone ls-is-cached lazyloaded smush-detected-img smush-image-bigger-11\" src=\"https:\/\/futurium.com.br\/wp-content\/uploads\/2021\/06\/logo-pix-icone-512.png\" alt=\"portfolio pronto\" width=\"30\" height=\"30\" data-src=\"https:\/\/futurium.com.br\/wp-content\/uploads\/2021\/06\/logo-pix-icone-512.png\" \/><\/p>\n<\/div>\n<\/div>\n","protected":false},"featured_media":47096,"template":"","meta":{"_seopress_robots_primary_cat":"","_seopress_titles_title":"","_seopress_titles_desc":"","_seopress_robots_index":""},"product_cat":[15],"product_tag":[],"class_list":{"0":"post-47094","1":"product","2":"type-product","3":"status-publish","4":"has-post-thumbnail","6":"product_cat-uncategorized","8":"first","9":"instock","10":"shipping-taxable","11":"purchasable","12":"product-type-simple","13":"col-xs-6 col-sm-4","14":"col-mf-5","15":"un-5-cols"},"jetpack_sharing_enabled":true,"_links":{"self":[{"href":"https:\/\/portifolioos-prontos.com\/index.php\/wp-json\/wp\/v2\/product\/47094","targetHints":{"allow":["GET"]}}],"collection":[{"href":"https:\/\/portifolioos-prontos.com\/index.php\/wp-json\/wp\/v2\/product"}],"about":[{"href":"https:\/\/portifolioos-prontos.com\/index.php\/wp-json\/wp\/v2\/types\/product"}],"version-history":[{"count":1,"href":"https:\/\/portifolioos-prontos.com\/index.php\/wp-json\/wp\/v2\/product\/47094\/revisions"}],"predecessor-version":[{"id":47097,"href":"https:\/\/portifolioos-prontos.com\/index.php\/wp-json\/wp\/v2\/product\/47094\/revisions\/47097"}],"wp:featuredmedia":[{"embeddable":true,"href":"https:\/\/portifolioos-prontos.com\/index.php\/wp-json\/wp\/v2\/media\/47096"}],"wp:attachment":[{"href":"https:\/\/portifolioos-prontos.com\/index.php\/wp-json\/wp\/v2\/media?parent=47094"}],"wp:term":[{"taxonomy":"product_cat","embeddable":true,"href":"https:\/\/portifolioos-prontos.com\/index.php\/wp-json\/wp\/v2\/product_cat?post=47094"},{"taxonomy":"product_tag","embeddable":true,"href":"https:\/\/portifolioos-prontos.com\/index.php\/wp-json\/wp\/v2\/product_tag?post=47094"}],"curies":[{"name":"wp","href":"https:\/\/api.w.org\/{rel}","templated":true}]}}