{"id":47098,"date":"2025-10-27T15:46:35","date_gmt":"2025-10-27T18:46:35","guid":{"rendered":"https:\/\/portifolioos-prontos.com\/?post_type=product&#038;p=47098"},"modified":"2025-10-27T15:47:01","modified_gmt":"2025-10-27T18:47:01","slug":"atividade-pratica-fotografia-basica","status":"publish","type":"product","link":"https:\/\/portifolioos-prontos.com\/index.php\/product\/atividade-pratica-fotografia-basica\/","title":{"rendered":"Atividade Pr\u00e1tica Fotografia B\u00e1sica"},"content":{"rendered":"<p><strong>Atividade Pr\u00e1tica Fotografia B\u00e1sica<\/strong><\/p>\n<p>OBJETIVOS<br \/>\nA proposta desta atividade pr\u00e1tica est\u00e1 amparada nos seguintes objetivos:<br \/>\n&#8211; Montar um portf\u00f3lio b\u00e1sico de fotografia;<br \/>\n&#8211; Exercitar o ato de fotografar;<br \/>\n&#8211; Aplicar t\u00e9cnicas de composi\u00e7\u00e3o e ilumina\u00e7\u00e3o.<br \/>\nRECURSOS<br \/>\n&#8211; Computador com acesso \u00e0 internet e ao ambiente virtual.<br \/>\n&#8211; Qualquer dispositivo com c\u00e2mera fotogr\u00e1fica (DSLR, smartphone, c\u00e2mera compacta<br \/>\netc.);<br \/>\nPROCEDIMENTOS PR\u00c1TICOS<br \/>\nAtividade proposta<br \/>\nDesde o s\u00e9culo XIX, a fotografia vem reinventando formas de imaginarmos o<br \/>\nmundo. Seja na Arte, na Hist\u00f3ria, no Jornalismo, na Arquitetura, no Cinema, na<br \/>\nPublicidade e Propaganda, no Design. A fotografia \u00e9 ferramenta recorrente, e \u00e9 quase<br \/>\nimposs\u00edvel pensarmos nossa cultura sem sua presen\u00e7a.<br \/>\nAinda que suas fun\u00e7\u00f5es e significados sejam complexos e necessitem ser<br \/>\nanalisados por um prisma multidisciplinar, a fotografia, enquanto t\u00e9cnica, \u00e9 simples e<br \/>\ndemocr\u00e1tica. Atualmente, todos podem fotografar com seus smartphones, quantas<br \/>\nvezes desejarem.<br \/>\nEnt\u00e3o, o que separa o fot\u00f3grafo profissional do fot\u00f3grafo amador? A qualidade da<br \/>\nc\u00e2mera? Nem pensar. O que torna um fot\u00f3grafo bom n\u00e3o \u00e9 seu equipamento, mas a<br \/>\nexcel\u00eancia na composi\u00e7\u00e3o e no trabalho com a luz. \u00c9 por isso que a disciplina de<br \/>\nFotografia B\u00e1sica traz um panorama geral da hist\u00f3ria e da t\u00e9cnica da fotografia. O<br \/>\nobjetivo principal \u00e9 convidar todos a acionar sua c\u00e2mera (seja ela qual for) de maneira<br \/>\nconsciente, manejando formas e cores.<br \/>\nComo toda t\u00e9cnica, a fotografia exige pr\u00e1tica. Dessa maneira, a proposta desta<br \/>\natividade \u00e9 a montagem de um pequeno portf\u00f3lio fotogr\u00e1fico, contemplando diferentes<br \/>\nelementos formais e suas combina\u00e7\u00f5es.<br \/>\nOrienta\u00e7\u00f5es para a realiza\u00e7\u00e3o da atividade<br \/>\nPara a realiza\u00e7\u00e3o da atividade, voc\u00ea precisar\u00e1 de uma c\u00e2mera fotogr\u00e1fica com<br \/>\nqualquer configura\u00e7\u00e3o (inclusive de smartphone). Voc\u00ea pode fazer quantos cliques<br \/>\nquiser, mas selecione apenas uma fotografia por regra\/elemento. Ao todo, seu portf\u00f3lio<br \/>\nter\u00e1 sete imagens.<br \/>\nAs cenas a serem fotografadas s\u00e3o livres. Retratos, paisagens, arquitetura,<br \/>\nobjetos, comidas, animais \u2013 a avalia\u00e7\u00e3o n\u00e3o ser\u00e1 feita pelo tema escolhido, mas pela<br \/>\nt\u00e9cnica utilizada. As fotografias podem ser tanto horizontais quanto verticais.<br \/>\nPara a sele\u00e7\u00e3o das imagens e a montagem do portf\u00f3lio, utilize a lista a seguir. Na<br \/>\nhora de organizar o arquivo para a entrega, especifique qual elemento\/regra a fotografia<br \/>\nrepresenta.<br \/>\nPEQUENO PORTF\u00d3LIO FOTOGR\u00c1FICO<br \/>\nFotografia 1 \u2013 Linhas<br \/>\nTema livre explorando o elemento formal linha.<br \/>\nFotografia 2 \u2013 Textura<br \/>\nTema livre explorando o elemento formal textura.<br \/>\nFotografia 3 \u2013 Cor<br \/>\nTema livre explorando o elemento formal cor.<br \/>\nFotografia 4 \u2013 Luz x Sombra<br \/>\nTema livre explorando a rela\u00e7\u00e3o luz x sombra.<br \/>\nFotografia 5 \u2013 Equil\u00edbrio<br \/>\nTema livre contemplando a regra de composi\u00e7\u00e3o de equil\u00edbrio.<br \/>\nFotografia 6 \u2013 Propor\u00e7\u00e3o<br \/>\nTema livre contemplando a regra de composi\u00e7\u00e3o de propor\u00e7\u00e3o.<br \/>\nFotografia 7 \u2013 Regra dos Ter\u00e7os<br \/>\nTema livre contemplando a regra de composi\u00e7\u00e3o dos ter\u00e7os.<br \/>\nChecklist<br \/>\n&#8211; Ler a descri\u00e7\u00e3o da atividade com aten\u00e7\u00e3o, compondo uma imagem para cada<br \/>\nelemento\/regra requisitada;<br \/>\n&#8211; Fotografar com uma c\u00e2mera de qualquer configura\u00e7\u00e3o (inclusive smartphone)<br \/>\nem formato horizontal ou vertical.<br \/>\n&#8211; Organizar o arquivo final para entrega especificando qual elemento\/regra cada<br \/>\nfotografia selecionada representa.<br \/>\nRESULTADO<br \/>\nO trabalho dever\u00e1 ser entregue em arquivo Word atendendo as etapas de<br \/>\nprodu\u00e7\u00e3o e utilizando os recursos solicitados no roteiro.<br \/>\nO arquivo dever\u00e1 conter:<br \/>\n\u2022 Capa;<br \/>\n\u2022 Folha de rosto com os dados da disciplina e do aluno;<br \/>\n\u2022 Os resultados das atividades pr\u00e1ticas exigidas pelo roteiro;<br \/>\n\u2022 Refer\u00eancias bibliogr\u00e1ficas (quando houver).<\/p>\n<div class=\"elementor-toggle-item\">\n<p id=\"elementor-tab-title-1941\" class=\"elementor-tab-title elementor-active\" tabindex=\"0\" role=\"tab\" data-tab=\"1\" aria-controls=\"elementor-tab-content-1941\" aria-expanded=\"true\" aria-selected=\"true\"><strong>Como funciona?<\/strong><\/p>\n<p>Elaboramos os portf\u00f3lios, j\u00e1 deixamos prontos, nas normas da ABNT e conforme os requisitos da universidade. F\u00e1cil assim! O MELHOR \u00c9 QUE VOC\u00ca COMPRA E J\u00c1 BAIXA NA HORA O SEU ARQUIVO EM WORD! Sabemos que conciliar trabalho, fam\u00edlia, vida profissional e estudos \u00e9 dif\u00edcil hoje em dia, por isso, estamos aqui para ajudar voc\u00ea. Conte com nossa qualidade, experi\u00eancia e profissionalismo adquirindo seu portf\u00f3lio conosco. GARANTIMOS SEU CONCEITO!<\/p>\n<p><strong>Como se realizam os envios?<\/strong><\/p>\n<\/div>\n<p id=\"elementor-tab-content-1942\" class=\"elementor-tab-content elementor-clearfix elementor-active\" role=\"tabpanel\" data-tab=\"2\" aria-labelledby=\"elementor-tab-title-1942\">O seu trabalho \u00e9 disponibilizado pronto, respondido e nas normas j\u00e1 na mesma hora aqui em nosso site na sua \u00e1rea de downloads e tamb\u00e9m no seu e-mail.<\/p>\n<p><strong>Em quanto tempo recebo o portf\u00f3lio?<\/strong><\/p>\n<p>Os envios s\u00e3o imediatos. Ap\u00f3s sua compra, o trabalho j\u00e1 \u00e9 disponibilizado instantaneamente aqui em nosso site e no seu e-mail.<\/p>\n<p><strong>E se o portf\u00f3lio que comprei precisar de corre\u00e7\u00e3o?<\/strong><\/p>\n<p>Caso haja alguma solicita\u00e7\u00e3o de corre\u00e7\u00e3o\/altera\u00e7\u00e3o por parte do tutor, basta entrar em contato conosco pelo\u00a0WhatsApp\u00a0que provid\u00eanciaremos sem custo algum.<\/p>\n<p><strong>Qual o formato do arquivo?<\/strong><\/p>\n<p>Os arquivos s\u00e3o enviados em formato Word e s\u00e3o edit\u00e1veis.<\/p>\n<p><strong>Caso eu tiver alguma d\u00favida, terei suporte no p\u00f3s venda?<\/strong><\/p>\n<p>Sim, com certeza. Basta clicar no \u00edcone do WhatsApp no cantinho da tela. Ser\u00e1 um prazer atend\u00ea-lo(a).<\/p>\n<div id=\"elementor-tab-content-1948\" class=\"elementor-tab-content elementor-clearfix elementor-active\" role=\"tabpanel\" data-tab=\"8\" aria-labelledby=\"elementor-tab-title-1948\">\n<p><strong>Quais os seus canais de contato?<\/strong><\/p>\n<\/div>\n<div id=\"elementor-tab-content-1949\" class=\"elementor-tab-content elementor-clearfix elementor-active\" role=\"tabpanel\" data-tab=\"9\" aria-labelledby=\"elementor-tab-title-1949\">\n<p>Whatsapp: 53 984751621 \u2013 Clicar no canto da tela ou ESCANEIE O QRCODE ABAIXO<\/p>\n<h4><img decoding=\"async\" class=\"alignnone wp-image-13699 jetpack-lazy-image jetpack-lazy-image--handled\" src=\"https:\/\/i0.wp.com\/portifolioos-prontos.com\/wp-content\/uploads\/2023\/02\/whatsapp-business-projeto-de-extensao-300x300.jpeg?resize=144%2C144\" sizes=\"(max-width: 144px) 100vw, 144px\" srcset=\"https:\/\/i0.wp.com\/portifolioos-prontos.com\/wp-content\/uploads\/2023\/02\/whatsapp-business-projeto-de-extensao.jpeg?resize=300%2C301&amp;ssl=1 300w, https:\/\/i0.wp.com\/portifolioos-prontos.com\/wp-content\/uploads\/2023\/02\/whatsapp-business-projeto-de-extensao.jpeg?resize=150%2C150&amp;ssl=1 150w, https:\/\/i0.wp.com\/portifolioos-prontos.com\/wp-content\/uploads\/2023\/02\/whatsapp-business-projeto-de-extensao.jpeg?resize=370%2C372&amp;ssl=1 370w, https:\/\/i0.wp.com\/portifolioos-prontos.com\/wp-content\/uploads\/2023\/02\/whatsapp-business-projeto-de-extensao.jpeg?resize=100%2C100&amp;ssl=1 100w, https:\/\/i0.wp.com\/portifolioos-prontos.com\/wp-content\/uploads\/2023\/02\/whatsapp-business-projeto-de-extensao.jpeg?w=470&amp;ssl=1 470w\" alt=\"projeto de extens\u00e3o unopar\" width=\"144\" height=\"144\" data-lazy-loaded=\"1\" \/><\/h4>\n<\/div>\n<div class=\"elementor-toggle-item\">\n<div id=\"elementor-tab-content-1949\" class=\"elementor-tab-content elementor-clearfix elementor-active\" role=\"tabpanel\" data-tab=\"9\" aria-labelledby=\"elementor-tab-title-1949\">\n<p>E-mail:portifoliosp@gmail.com<\/p>\n<div id=\"attachment_143\" class=\"wp-caption alignnone\">\n<div id=\"attachment_143\" class=\"wp-caption alignnone\">\n<p id=\"caption-attachment-143\" class=\"wp-caption-text\"><a href=\"http:\/\/portfolio-pronto.com\/\">Portf\u00f3lio<\/a>\u00a0em Word, respondido, completo e j\u00e1 nas normas<\/p>\n<\/div>\n<\/div>\n<\/div>\n<\/div>\n","protected":false},"excerpt":{"rendered":"<div class=\"product-short-description\"><strong>Pague pelo PIX ou cart\u00e3o e fa\u00e7a o download agora mesmo.<\/strong><\/div>\n<div class=\"sticky-add-to-cart-wrapper\">\n<div class=\"sticky-add-to-cart\">\n<p class=\"quantity buttons_added form-flat\"><img decoding=\"async\" class=\"lazyloaded smush-image-5 smush-image-3 smush-image-4 smush-detected-img smush-image-bigger-3\" src=\"https:\/\/d26lpennugtm8s.cloudfront.net\/assets\/common\/img\/logos\/payment\/visa@2x.png\" width=\"46\" height=\"29\" data-src=\"https:\/\/d26lpennugtm8s.cloudfront.net\/assets\/common\/img\/logos\/payment\/visa@2x.png\" \/><img decoding=\"async\" class=\"lazyloaded smush-image-6 smush-image-4 smush-image-5 smush-detected-img smush-image-bigger-4\" src=\"https:\/\/d26lpennugtm8s.cloudfront.net\/assets\/common\/img\/logos\/payment\/boleto@2x.png\" width=\"43\" height=\"27\" data-src=\"https:\/\/d26lpennugtm8s.cloudfront.net\/assets\/common\/img\/logos\/payment\/boleto@2x.png\" \/><img loading=\"lazy\" decoding=\"async\" class=\"lazyloaded smush-image-7 smush-image-5 smush-image-6 smush-detected-img smush-image-bigger-5\" src=\"https:\/\/d26lpennugtm8s.cloudfront.net\/assets\/common\/img\/logos\/payment\/mastercard@2x.png\" width=\"43\" height=\"27\" data-src=\"https:\/\/d26lpennugtm8s.cloudfront.net\/assets\/common\/img\/logos\/payment\/mastercard@2x.png\" \/><img loading=\"lazy\" decoding=\"async\" class=\"lazyloaded smush-image-8 smush-image-6 smush-image-7 smush-detected-img smush-image-bigger-6\" src=\"https:\/\/d26lpennugtm8s.cloudfront.net\/assets\/common\/img\/logos\/payment\/amex@2x.png\" width=\"43\" height=\"27\" data-src=\"https:\/\/d26lpennugtm8s.cloudfront.net\/assets\/common\/img\/logos\/payment\/amex@2x.png\" \/><img loading=\"lazy\" decoding=\"async\" class=\"lazyloaded smush-image-9 smush-image-7 smush-image-8 smush-detected-img smush-image-bigger-7\" src=\"https:\/\/d26lpennugtm8s.cloudfront.net\/assets\/common\/img\/logos\/payment\/diners@2x.png\" width=\"46\" height=\"29\" data-src=\"https:\/\/d26lpennugtm8s.cloudfront.net\/assets\/common\/img\/logos\/payment\/diners@2x.png\" \/><img loading=\"lazy\" decoding=\"async\" class=\"lazyloaded smush-image-10 smush-image-8 smush-image-9 alignnone smush-detected-img smush-image-bigger-8\" src=\"https:\/\/d26lpennugtm8s.cloudfront.net\/assets\/common\/img\/logos\/payment\/br\/elo@2x.png\" alt=\"portf\u00f3lio unopar anhanguera\" width=\"45\" height=\"28\" data-src=\"https:\/\/d26lpennugtm8s.cloudfront.net\/assets\/common\/img\/logos\/payment\/br\/elo@2x.png\" \/><img loading=\"lazy\" decoding=\"async\" class=\"lazyloaded smush-image-11 smush-image-9 smush-image-10 alignnone smush-detected-img smush-image-bigger-9\" src=\"https:\/\/d26lpennugtm8s.cloudfront.net\/assets\/common\/img\/logos\/payment\/br\/hipercard@2x.png\" alt=\"portf\u00f3lio unopar anhanguera\" width=\"44\" height=\"28\" data-src=\"https:\/\/d26lpennugtm8s.cloudfront.net\/assets\/common\/img\/logos\/payment\/br\/hipercard@2x.png\" \/><img loading=\"lazy\" decoding=\"async\" class=\"lazyloaded smush-image-12 smush-image-10 smush-image-11 alignnone smush-detected-img smush-image-bigger-10\" src=\"https:\/\/d26lpennugtm8s.cloudfront.net\/assets\/common\/img\/logos\/payment\/mercadopago@2x.png\" alt=\"portf\u00f3lio unopar anhanguera\" width=\"45\" height=\"28\" data-src=\"https:\/\/d26lpennugtm8s.cloudfront.net\/assets\/common\/img\/logos\/payment\/mercadopago@2x.png\" \/><img loading=\"lazy\" decoding=\"async\" class=\"alignnone ls-is-cached lazyloaded smush-detected-img smush-image-bigger-11\" src=\"https:\/\/futurium.com.br\/wp-content\/uploads\/2021\/06\/logo-pix-icone-512.png\" alt=\"portfolio pronto\" width=\"30\" height=\"30\" data-src=\"https:\/\/futurium.com.br\/wp-content\/uploads\/2021\/06\/logo-pix-icone-512.png\" \/><\/p>\n<\/div>\n<\/div>\n","protected":false},"featured_media":47099,"template":"","meta":{"_seopress_robots_primary_cat":"","_seopress_titles_title":"","_seopress_titles_desc":"","_seopress_robots_index":""},"product_cat":[15],"product_tag":[],"class_list":{"0":"post-47098","1":"product","2":"type-product","3":"status-publish","4":"has-post-thumbnail","6":"product_cat-uncategorized","8":"first","9":"instock","10":"shipping-taxable","11":"purchasable","12":"product-type-simple","13":"col-xs-6 col-sm-4","14":"col-mf-5","15":"un-5-cols"},"jetpack_sharing_enabled":true,"_links":{"self":[{"href":"https:\/\/portifolioos-prontos.com\/index.php\/wp-json\/wp\/v2\/product\/47098","targetHints":{"allow":["GET"]}}],"collection":[{"href":"https:\/\/portifolioos-prontos.com\/index.php\/wp-json\/wp\/v2\/product"}],"about":[{"href":"https:\/\/portifolioos-prontos.com\/index.php\/wp-json\/wp\/v2\/types\/product"}],"version-history":[{"count":2,"href":"https:\/\/portifolioos-prontos.com\/index.php\/wp-json\/wp\/v2\/product\/47098\/revisions"}],"predecessor-version":[{"id":47101,"href":"https:\/\/portifolioos-prontos.com\/index.php\/wp-json\/wp\/v2\/product\/47098\/revisions\/47101"}],"wp:featuredmedia":[{"embeddable":true,"href":"https:\/\/portifolioos-prontos.com\/index.php\/wp-json\/wp\/v2\/media\/47099"}],"wp:attachment":[{"href":"https:\/\/portifolioos-prontos.com\/index.php\/wp-json\/wp\/v2\/media?parent=47098"}],"wp:term":[{"taxonomy":"product_cat","embeddable":true,"href":"https:\/\/portifolioos-prontos.com\/index.php\/wp-json\/wp\/v2\/product_cat?post=47098"},{"taxonomy":"product_tag","embeddable":true,"href":"https:\/\/portifolioos-prontos.com\/index.php\/wp-json\/wp\/v2\/product_tag?post=47098"}],"curies":[{"name":"wp","href":"https:\/\/api.w.org\/{rel}","templated":true}]}}