{"id":47105,"date":"2025-10-27T15:57:37","date_gmt":"2025-10-27T18:57:37","guid":{"rendered":"https:\/\/portifolioos-prontos.com\/?post_type=product&#038;p=47105"},"modified":"2025-10-27T15:57:37","modified_gmt":"2025-10-27T18:57:37","slug":"praticas-pedagogicas-em-portugues-anos-finais-do-ensino-fundamental","status":"publish","type":"product","link":"https:\/\/portifolioos-prontos.com\/index.php\/product\/praticas-pedagogicas-em-portugues-anos-finais-do-ensino-fundamental\/","title":{"rendered":"Pr\u00e1ticas Pedag\u00f3gicas em Portugu\u00eas Anos Finais do Ensino Fundamental"},"content":{"rendered":"<p><strong>Pr\u00e1ticas Pedag\u00f3gicas em Portugu\u00eas Anos Finais do Ensino Fundamental<\/strong><br \/>\nPR\u00c1TICAS PEDAG\u00d3GICAS EM PORTUGU\u00caS: ANOS FINAIS DO ENSINO FUNDAMENTAL<br \/>\nOl\u00e1, estudante!<br \/>\nNeste momento, voc\u00ea realizar\u00e1 uma atividade pr\u00e1tica relacionada a uma situa\u00e7\u00e3o t\u00edpica da atua\u00e7\u00e3o<br \/>\ndo professor.<br \/>\nObjetivos<br \/>\n\u2022 Promover o conhecimento sobre a import\u00e2ncia do trabalho interdisciplinar para a efetiva\u00e7\u00e3o<br \/>\ndas pr\u00e1ticas educativas;<br \/>\n\u2022 Estimular a criatividade do estudante;<br \/>\n\u2022 Valorizar os diferentes g\u00eaneros textuais, bem como as diferentes formas de an\u00e1lise<br \/>\nsemi\u00f3tica\/lingu\u00edstica.<br \/>\nSitua\u00e7\u00e3o-problema<br \/>\nCaro estudante, neste projeto, propomos a voc\u00ea um exerc\u00edcio pr\u00e1tico, no qual voc\u00ea ser\u00e1 o<br \/>\nprofessor de L\u00edngua Portuguesa de uma turma do 9\u00ba ano do Ensino Fundamental. Voc\u00ea ir\u00e1 sugerir<br \/>\numa atividade interdisciplinar, mostrando como \u00e9 poss\u00edvel fazer a an\u00e1lise semi\u00f3tica de um filme e<br \/>\nseu correspondente liter\u00e1rio.<br \/>\nPara isso, voc\u00ea explorar\u00e1 o filme &#8220;O Auto da Compadecida&#8221;, dirigido por Guel Arraes, e a obra<br \/>\nliter\u00e1ria hom\u00f4nima de Ariano Suassuna. A atividade deve envolver a compara\u00e7\u00e3o entre os dois<br \/>\nobjetos art\u00edsticos, destacando as semelhan\u00e7as e as diferen\u00e7as na narrativa, nos personagens e<br \/>\nnos elementos culturais.<br \/>\nDiante dessa proposta, voc\u00ea, como professor do 9\u00ba ano, pensar\u00e1 em estrat\u00e9gias poss\u00edveis para a<br \/>\nproposi\u00e7\u00e3o de uma aula que aplique a interdisciplinaridade e, ainda, envolva os alunos em uma<br \/>\natividade em grupo. Para tanto, voc\u00ea, futuro professor de L\u00edngua Portuguesa, precisar\u00e1 focar em<br \/>\nalgumas das habilidades da BNCC, tais como:<br \/>\n(EF69LP30) Comparar, com a ajuda do professor, conte\u00fados, dados e informa\u00e7\u00f5es de diferentes<br \/>\nfontes, levando em conta seus contextos de produ\u00e7\u00e3o e refer\u00eancias, identificando coincid\u00eancias,<br \/>\ncomplementaridades e contradi\u00e7\u00f5es, de forma a poder identificar erros\/imprecis\u00f5es conceituais,<br \/>\ncompreender e posicionar-se criticamente sobre os conte\u00fados e informa\u00e7\u00f5es em quest\u00e3o.<br \/>\n(EF69AR05) Experimentar e analisar diferentes formas de express\u00e3o art\u00edstica (desenho, pintura,<br \/>\ncolagem, quadrinhos, dobradura, escultura, modelagem, instala\u00e7\u00e3o, v\u00eddeo, fotografia, performance<br \/>\netc.).<br \/>\n(EF69AR31) Relacionar as pr\u00e1ticas art\u00edsticas \u00e0s diferentes dimens\u00f5es da vida social, cultural,<br \/>\nATIVIDADE PR\u00c1TICA<br \/>\nP\u00fablico<br \/>\npol\u00edtica, hist\u00f3rica, econ\u00f4mica, est\u00e9tica e \u00e9tica.<br \/>\n(EF69AR32) Analisar e explorar, em projetos tem\u00e1ticos, as rela\u00e7\u00f5es processuais entre diversas<br \/>\nlinguagens art\u00edsticas.<br \/>\nAl\u00e9m disso, voc\u00ea, como professor mediador da turma, dever\u00e1 auxiliar os alunos na resolu\u00e7\u00e3o de<br \/>\nd\u00favidas e nas dificuldades por eles enfrentadas. Como alguns alunos afirmam n\u00e3o compreender<br \/>\nessa poss\u00edvel rela\u00e7\u00e3o entre literatura e cinema, voc\u00ea dever\u00e1 mostrar, com exemplos, essas<br \/>\naproxima\u00e7\u00f5es, relacionando as pr\u00e1ticas art\u00edsticas com a produ\u00e7\u00e3o das m\u00faltiplas linguagens e seus<br \/>\nefeitos de sentido.<br \/>\nPasso 1<br \/>\nPara realizar a atividade, voc\u00ea precisar\u00e1:<br \/>\n\u2022 elaborar um plano de aula destinado a estudantes do 9\u00ba ano do Ensino Fundamental,<br \/>\nseguindo a proposta apresentada na situa\u00e7\u00e3o-problema.<br \/>\n\u2022 seguir as instru\u00e7\u00f5es e preencher o quadro a seguir, que consiste em um modelo de plano<br \/>\nde aula. Nenhum dos itens deve ser exclu\u00eddo ou ficar sem preenchimento.<br \/>\nPLANO DE<br \/>\nAULA<br \/>\nComponente<br \/>\ncurricular:<br \/>\nInsira aqui o nome da disciplina.<br \/>\nUnidade<br \/>\ntem\u00e1tica:<br \/>\nInsira aqui a unidade tem\u00e1tica conforme a BNCC.<br \/>\nObjeto do<br \/>\nconhecimento:<br \/>\nInsira aqui o objeto do conhecimento conforme a BNCC.<br \/>\nHabilidade(s): Insira aqui a(s) habilidade(s) conforme a BNCC, reproduzindo a numera\u00e7\u00e3o e a<br \/>\ndescri\u00e7\u00e3o.<br \/>\nTema da aula: Insira aqui o t\u00edtulo da aula.<br \/>\nTurma: Insira aqui o ano e o n\u00edvel de ensino.<br \/>\nDura\u00e7\u00e3o: Insira aqui o n\u00famero de aulas e o tempo de cada uma delas.<br \/>\nObjetivo(s): Insira aqui o(s) objetivo(s) que voc\u00ea deseja que os estudantes alcancem.<br \/>\nCompet\u00eancias<br \/>\n:<br \/>\nInsira aqui as compet\u00eancias conforme a BNCC.<br \/>\nConte\u00fado<br \/>\nprogram\u00e1tico:<br \/>\nInsira aqui os conte\u00fados a serem abordados.<br \/>\nMetodologia: Insira aqui as estrat\u00e9gias que orientam a condu\u00e7\u00e3o da aula (ex: cria\u00e7\u00e3o de mapa<br \/>\nconceitual, sala de aula invertida, etc.).<br \/>\nRecursos<br \/>\ndid\u00e1ticos:<br \/>\nInsira aqui os materiais a serem utilizados (ex: lousa, games, m\u00fasica, etc.).<br \/>\nResultados de<br \/>\naprendizagem<br \/>\nInsira aqui os resultados de aprendizagem esperados para essa aula.<br \/>\nATIVIDADE PR\u00c1TICA<br \/>\nP\u00fablico<br \/>\nCrit\u00e9rios de<br \/>\navalia\u00e7\u00e3o:<br \/>\nInsira aqui os m\u00e9todos avaliativos.<br \/>\nRefer\u00eancias: Insira aqui a bibliografia b\u00e1sica e a complementar.<br \/>\nPasso 2:<br \/>\nElabora\u00e7\u00e3o do trabalho para postagem no AVA, contendo:<br \/>\n1) Capa da Institui\u00e7\u00e3o, conforme orienta\u00e7\u00e3o dispon\u00edvel na biblioteca virtual.<br \/>\n2) Introdu\u00e7\u00e3o: texto dissertativo, fundamentando a proposta do plano de aula, os objetivos e<br \/>\nos resultados de apendizagem esperados.<br \/>\n3) Plano de aula elaborado, conforme modelo estabelecido no passo 1.<br \/>\nNORMAS PARA ENTREGA DA ATIVIDADE PR\u00c1TICA<br \/>\n\u2022 Voc\u00ea dever\u00e1 postar seu trabalho final no AVA, na pasta espec\u00edfica relacionada \u00e0 atividade<br \/>\npr\u00e1tica, obedecendo o prazo limite de postagem, conforme disposto no AVA.<br \/>\n\u2022 O trabalho deve ser enviado em formato Word ou PDF, em um ARQUIVO \u00daNICO de at\u00e9 10<br \/>\nMB.<br \/>\n\u2022 O sistema permite anexar apenas um arquivo. Caso haja mais de uma postagem, ser\u00e1<br \/>\nconsiderada a \u00faltima vers\u00e3o.<br \/>\nIMPORTANTE:<br \/>\n\u2022 A entrega da atividade, de acordo com a proposta solicitada, \u00e9 um crit\u00e9rio de aprova\u00e7\u00e3o na<br \/>\ndisciplina.<br \/>\n\u2022 N\u00e3o h\u00e1 prorroga\u00e7\u00e3o para a postagem da atividade.<\/p>\n<p>Aproveite essa oportunidade para aprofundar ainda mais seus conhecimentos.<br \/>\nBons estudos!<br \/>\nATIVIDADE PR\u00c1TICA<br \/>\nP\u00fablico<br \/>\nRefer\u00eancias<br \/>\nARRAES, Guel (Diretor). O Auto da Compadecida. Brasil: Globo Filmes, 2000.<br \/>\nBRASIL. Base Nacional Comum Curricular (BNCC). Minist\u00e9rio da Educa\u00e7\u00e3o, 2018. Dispon\u00edvel<br \/>\nem: http:\/\/basenacionalcomum.mec.gov.br\/images\/BNCC_EI_EF_110518_versaofinal_site.pdf<br \/>\nAcesso em: 18 jun. 2025.<br \/>\nBRASIL. Base Nacional Comum Curricular. Caderno de pr\u00e1ticas do ensino fundamental \u2013 Anos<br \/>\nfinais. Minist\u00e9rio da Educa\u00e7\u00e3o. Dispon\u00edvel em:<br \/>\nhttp:\/\/basenacionalcomum.mec.gov.br\/implementacao\/praticas\/caderno-de-praticas\/ensinofundamental-anos-finais\/ Acesso em: 18 jun. 2025.<br \/>\nDALCIM, M. G. F. Interdisciplinaridade e integra\u00e7\u00e3o curricular: um estudo no contexto dos Institutos<br \/>\nFederais. In.: FRANCISCO, E. C.; LEMOS, A. F. (Orgs.). Interdisciplinaridade: pesquisa e ensino.<br \/>\nS\u00e3o Carlos: Pedro &amp; Jo\u00e3o Editores, 2019, p. 89-114. Dispon\u00edvel em:<br \/>\nhttps:\/\/pedroejoaoeditores.com.br\/2022\/wp-content\/uploads\/2022\/01\/ebookinterdisciplinaridade1.pdf . Acesso em: 18 jun. 2025.<br \/>\nSUASSUNA, Ariano. O Auto da Compadecida. 16. ed. Rio de Janeiro: Agir, 2007.<\/p>\n<div class=\"elementor-toggle-item\">\n<p><strong>Como se realizam os envios?<\/strong><\/p>\n<\/div>\n<p id=\"elementor-tab-content-1942\" class=\"elementor-tab-content elementor-clearfix elementor-active\" role=\"tabpanel\" data-tab=\"2\" aria-labelledby=\"elementor-tab-title-1942\">O seu trabalho \u00e9 disponibilizado pronto, respondido e nas normas j\u00e1 na mesma hora aqui em nosso site na sua \u00e1rea de downloads e tamb\u00e9m no seu e-mail.<\/p>\n<p><strong>Em quanto tempo recebo o portf\u00f3lio?<\/strong><\/p>\n<p>Os envios s\u00e3o imediatos. Ap\u00f3s sua compra, o trabalho j\u00e1 \u00e9 disponibilizado instantaneamente aqui em nosso site e no seu e-mail.<\/p>\n<p><strong>E se o portf\u00f3lio que comprei precisar de corre\u00e7\u00e3o?<\/strong><\/p>\n<p>Caso haja alguma solicita\u00e7\u00e3o de corre\u00e7\u00e3o\/altera\u00e7\u00e3o por parte do tutor, basta entrar em contato conosco pelo\u00a0WhatsApp\u00a0que provid\u00eanciaremos sem custo algum.<\/p>\n<p><strong>Qual o formato do arquivo?<\/strong><\/p>\n<p>Os arquivos s\u00e3o enviados em formato Word e s\u00e3o edit\u00e1veis.<\/p>\n<p><strong>Caso eu tiver alguma d\u00favida, terei suporte no p\u00f3s venda?<\/strong><\/p>\n<p>Sim, com certeza. Basta clicar no \u00edcone do WhatsApp no cantinho da tela. Ser\u00e1 um prazer atend\u00ea-lo(a).<\/p>\n<div id=\"elementor-tab-content-1948\" class=\"elementor-tab-content elementor-clearfix elementor-active\" role=\"tabpanel\" data-tab=\"8\" aria-labelledby=\"elementor-tab-title-1948\">\n<p><strong>Quais os seus canais de contato?<\/strong><\/p>\n<\/div>\n<div id=\"elementor-tab-content-1949\" class=\"elementor-tab-content elementor-clearfix elementor-active\" role=\"tabpanel\" data-tab=\"9\" aria-labelledby=\"elementor-tab-title-1949\">\n<p>Whatsapp: 53 984751621 \u2013 Clicar no canto da tela ou ESCANEIE O QRCODE ABAIXO<\/p>\n<h4><img decoding=\"async\" class=\"alignnone wp-image-13699 jetpack-lazy-image jetpack-lazy-image--handled\" src=\"https:\/\/i0.wp.com\/portifolioos-prontos.com\/wp-content\/uploads\/2023\/02\/whatsapp-business-projeto-de-extensao-300x300.jpeg?resize=144%2C144\" sizes=\"(max-width: 144px) 100vw, 144px\" srcset=\"https:\/\/i0.wp.com\/portifolioos-prontos.com\/wp-content\/uploads\/2023\/02\/whatsapp-business-projeto-de-extensao.jpeg?resize=300%2C301&amp;ssl=1 300w, https:\/\/i0.wp.com\/portifolioos-prontos.com\/wp-content\/uploads\/2023\/02\/whatsapp-business-projeto-de-extensao.jpeg?resize=150%2C150&amp;ssl=1 150w, https:\/\/i0.wp.com\/portifolioos-prontos.com\/wp-content\/uploads\/2023\/02\/whatsapp-business-projeto-de-extensao.jpeg?resize=370%2C372&amp;ssl=1 370w, https:\/\/i0.wp.com\/portifolioos-prontos.com\/wp-content\/uploads\/2023\/02\/whatsapp-business-projeto-de-extensao.jpeg?resize=100%2C100&amp;ssl=1 100w, https:\/\/i0.wp.com\/portifolioos-prontos.com\/wp-content\/uploads\/2023\/02\/whatsapp-business-projeto-de-extensao.jpeg?w=470&amp;ssl=1 470w\" alt=\"projeto de extens\u00e3o unopar\" width=\"144\" height=\"144\" data-lazy-loaded=\"1\" \/><\/h4>\n<\/div>\n<div class=\"elementor-toggle-item\">\n<div id=\"elementor-tab-content-1949\" class=\"elementor-tab-content elementor-clearfix elementor-active\" role=\"tabpanel\" data-tab=\"9\" aria-labelledby=\"elementor-tab-title-1949\">\n<p>E-mail:portifoliosp@gmail.com<\/p>\n<div id=\"attachment_143\" class=\"wp-caption alignnone\">\n<div id=\"attachment_143\" class=\"wp-caption alignnone\">\n<p id=\"caption-attachment-143\" class=\"wp-caption-text\"><a href=\"http:\/\/portfolio-pronto.com\/\">Portf\u00f3lio<\/a>\u00a0em Word, respondido, completo e j\u00e1 nas normas<\/p>\n<\/div>\n<\/div>\n<\/div>\n<\/div>\n","protected":false},"excerpt":{"rendered":"<div class=\"product-short-description\"><strong>Pague pelo PIX ou cart\u00e3o e fa\u00e7a o download agora mesmo.<\/strong><\/div>\n<div class=\"sticky-add-to-cart-wrapper\">\n<div class=\"sticky-add-to-cart\">\n<p class=\"quantity buttons_added form-flat\"><img decoding=\"async\" class=\"lazyloaded smush-image-5 smush-image-3 smush-image-4 smush-detected-img smush-image-bigger-3\" src=\"https:\/\/d26lpennugtm8s.cloudfront.net\/assets\/common\/img\/logos\/payment\/visa@2x.png\" width=\"46\" height=\"29\" data-src=\"https:\/\/d26lpennugtm8s.cloudfront.net\/assets\/common\/img\/logos\/payment\/visa@2x.png\" \/><img decoding=\"async\" class=\"lazyloaded smush-image-6 smush-image-4 smush-image-5 smush-detected-img smush-image-bigger-4\" src=\"https:\/\/d26lpennugtm8s.cloudfront.net\/assets\/common\/img\/logos\/payment\/boleto@2x.png\" width=\"43\" height=\"27\" data-src=\"https:\/\/d26lpennugtm8s.cloudfront.net\/assets\/common\/img\/logos\/payment\/boleto@2x.png\" \/><img loading=\"lazy\" decoding=\"async\" class=\"lazyloaded smush-image-7 smush-image-5 smush-image-6 smush-detected-img smush-image-bigger-5\" src=\"https:\/\/d26lpennugtm8s.cloudfront.net\/assets\/common\/img\/logos\/payment\/mastercard@2x.png\" width=\"43\" height=\"27\" data-src=\"https:\/\/d26lpennugtm8s.cloudfront.net\/assets\/common\/img\/logos\/payment\/mastercard@2x.png\" \/><img loading=\"lazy\" decoding=\"async\" class=\"lazyloaded smush-image-8 smush-image-6 smush-image-7 smush-detected-img smush-image-bigger-6\" src=\"https:\/\/d26lpennugtm8s.cloudfront.net\/assets\/common\/img\/logos\/payment\/amex@2x.png\" width=\"43\" height=\"27\" data-src=\"https:\/\/d26lpennugtm8s.cloudfront.net\/assets\/common\/img\/logos\/payment\/amex@2x.png\" \/><img loading=\"lazy\" decoding=\"async\" class=\"lazyloaded smush-image-9 smush-image-7 smush-image-8 smush-detected-img smush-image-bigger-7\" src=\"https:\/\/d26lpennugtm8s.cloudfront.net\/assets\/common\/img\/logos\/payment\/diners@2x.png\" width=\"46\" height=\"29\" data-src=\"https:\/\/d26lpennugtm8s.cloudfront.net\/assets\/common\/img\/logos\/payment\/diners@2x.png\" \/><img loading=\"lazy\" decoding=\"async\" class=\"lazyloaded smush-image-10 smush-image-8 smush-image-9 alignnone smush-detected-img smush-image-bigger-8\" src=\"https:\/\/d26lpennugtm8s.cloudfront.net\/assets\/common\/img\/logos\/payment\/br\/elo@2x.png\" alt=\"portf\u00f3lio unopar anhanguera\" width=\"45\" height=\"28\" data-src=\"https:\/\/d26lpennugtm8s.cloudfront.net\/assets\/common\/img\/logos\/payment\/br\/elo@2x.png\" \/><img loading=\"lazy\" decoding=\"async\" class=\"lazyloaded smush-image-11 smush-image-9 smush-image-10 alignnone smush-detected-img smush-image-bigger-9\" src=\"https:\/\/d26lpennugtm8s.cloudfront.net\/assets\/common\/img\/logos\/payment\/br\/hipercard@2x.png\" alt=\"portf\u00f3lio unopar anhanguera\" width=\"44\" height=\"28\" data-src=\"https:\/\/d26lpennugtm8s.cloudfront.net\/assets\/common\/img\/logos\/payment\/br\/hipercard@2x.png\" \/><img loading=\"lazy\" decoding=\"async\" class=\"lazyloaded smush-image-12 smush-image-10 smush-image-11 alignnone smush-detected-img smush-image-bigger-10\" src=\"https:\/\/d26lpennugtm8s.cloudfront.net\/assets\/common\/img\/logos\/payment\/mercadopago@2x.png\" alt=\"portf\u00f3lio unopar anhanguera\" width=\"45\" height=\"28\" data-src=\"https:\/\/d26lpennugtm8s.cloudfront.net\/assets\/common\/img\/logos\/payment\/mercadopago@2x.png\" \/><img loading=\"lazy\" decoding=\"async\" class=\"alignnone ls-is-cached lazyloaded smush-detected-img smush-image-bigger-11\" src=\"https:\/\/futurium.com.br\/wp-content\/uploads\/2021\/06\/logo-pix-icone-512.png\" alt=\"portfolio pronto\" width=\"30\" height=\"30\" data-src=\"https:\/\/futurium.com.br\/wp-content\/uploads\/2021\/06\/logo-pix-icone-512.png\" \/><\/p>\n<\/div>\n<\/div>\n","protected":false},"featured_media":47106,"template":"","meta":{"_seopress_robots_primary_cat":"","_seopress_titles_title":"","_seopress_titles_desc":"","_seopress_robots_index":""},"product_cat":[114,47],"product_tag":[],"class_list":{"0":"post-47105","1":"product","2":"type-product","3":"status-publish","4":"has-post-thumbnail","6":"product_cat-letras","7":"product_cat-licenciaturas","9":"first","10":"instock","11":"shipping-taxable","12":"purchasable","13":"product-type-simple","14":"col-xs-6 col-sm-4","15":"col-mf-5","16":"un-5-cols"},"jetpack_sharing_enabled":true,"_links":{"self":[{"href":"https:\/\/portifolioos-prontos.com\/index.php\/wp-json\/wp\/v2\/product\/47105","targetHints":{"allow":["GET"]}}],"collection":[{"href":"https:\/\/portifolioos-prontos.com\/index.php\/wp-json\/wp\/v2\/product"}],"about":[{"href":"https:\/\/portifolioos-prontos.com\/index.php\/wp-json\/wp\/v2\/types\/product"}],"version-history":[{"count":1,"href":"https:\/\/portifolioos-prontos.com\/index.php\/wp-json\/wp\/v2\/product\/47105\/revisions"}],"predecessor-version":[{"id":47107,"href":"https:\/\/portifolioos-prontos.com\/index.php\/wp-json\/wp\/v2\/product\/47105\/revisions\/47107"}],"wp:featuredmedia":[{"embeddable":true,"href":"https:\/\/portifolioos-prontos.com\/index.php\/wp-json\/wp\/v2\/media\/47106"}],"wp:attachment":[{"href":"https:\/\/portifolioos-prontos.com\/index.php\/wp-json\/wp\/v2\/media?parent=47105"}],"wp:term":[{"taxonomy":"product_cat","embeddable":true,"href":"https:\/\/portifolioos-prontos.com\/index.php\/wp-json\/wp\/v2\/product_cat?post=47105"},{"taxonomy":"product_tag","embeddable":true,"href":"https:\/\/portifolioos-prontos.com\/index.php\/wp-json\/wp\/v2\/product_tag?post=47105"}],"curies":[{"name":"wp","href":"https:\/\/api.w.org\/{rel}","templated":true}]}}